{"id":23125,"date":"2025-01-13T15:37:09","date_gmt":"2025-01-13T14:37:09","guid":{"rendered":"https:\/\/forlagetpress.no\/produkt\/alle-syndere-blor-3\/"},"modified":"2026-03-03T18:48:08","modified_gmt":"2026-03-03T17:48:08","slug":"alle-syndere-blor-3","status":"publish","type":"product","link":"https:\/\/staging.forenteforlag.no\/forlaget\/produkt\/alle-syndere-blor-3\/","title":{"rendered":"Alle syndere bl\u00f8r"},"content":{"rendered":"<p>Titus Crown er den f\u00f8rste svarte sheriffen i Charon County i Virginia. En s\u00f8vnig sm\u00e5by i s\u00f8rstatene uten mye kriminalitet. Men etter mange \u00e5r i FBI, vet Titus godt at selv om hjembyen hans virker idyllisk, s\u00e5 lurer det mange hemmeligheter under de kaprifoldekkede engene. Et \u00e5r etter at Titus tiltr\u00e5dte blir en l\u00e6rer drept p\u00e5 skolen av en tidligere elev. Eleven blir selv skutt ute p\u00e5 skoletrappen av betjentene til Titus. Eleven er svart, betjenten er hvit. Dette gj\u00f8r ikke hverdagen enklere for Titus, spesielt n\u00e5r en radikal gruppe vil paradere for \u00e5 feire byens s\u00f8rstatshistorie. Under etterforskningen av skoleskytingen avdekkes det forbindelser til forferdelige forbrytelser. En rekke forsvinninger ser ogs\u00e5 ut til \u00e5 ha tilknytning til en sak som har dype, historiske spor i sm\u00e5byens egne m\u00f8rke fortid. Charon County er Titus sitt hjem og ligger hans hjerte n\u00e6r n\u00e5r religion, tro og vold m\u00f8tes, s\u00e5 er han n\u00f8dt til \u00e5 ta et voldsomt oppgj\u00f8r. \u00abEn av de mest muskul\u00f8se, s\u00e6rpregede og fengslende stemmene i amerikansk krimlitteratur &#8230; Dypt r\u00f8rende og minneverdig.\u00bb Washington Post \u00abDet som skiller denne ut, som gir den b\u00e5de pondus og tekstur, er den feilfrie skildringen av sm\u00e5bylivet og de ubehagelige (og noen ganger voldelige) sammenkomstene mellom Charons svarte og hvite innbyggere &#8230; For meg l\u00f8ftet stedets virkelighet og menneskene som bor der, historien opp og fikk den til \u00e5 synge.\u00bb Stephen King, New York Times \u00abCosbys litter\u00e6re ferdigheter er eksepsjonelle. Karakterene hans f\u00f8les s\u00e5 ekte, dialogen er perfekt, og historien &#8230; er s\u00e5 moralsk kompleks at den krever leserens fulle oppmerksomhet. Dette er en kriminalroman \u00e5 nyte og gruble over.\u00bb Booklist, stjerneanmeldelse<\/p>\n","protected":false},"excerpt":{"rendered":"<p>Titus Crown er den f\u00f8rste svarte sheriffen i Charon County i Virginia. En s\u00f8vnig sm\u00e5by i s\u00f8rstatene uten mye kriminalitet. Men etter mange \u00e5r i FBI, vet Titus godt at selv om hjembyen hans virker idyllisk, s\u00e5 lurer det mange hemmeligheter under de kaprifoldekkede engene. Et \u00e5r etter at Titus tiltr\u00e5dte blir en l\u00e6rer drept [&hellip;]<\/p>\n","protected":false},"featured_media":26594,"template":"","meta":{"_acf_changed":false,"inline_featured_image":false},"product_brand":[],"product_cat":[1780],"product_tag":[370],"class_list":{"0":"post-23125","1":"product","2":"type-product","3":"status-publish","4":"has-post-thumbnail","6":"product_cat-fastpris","7":"product_tag-skjonnlitteratur","9":"first","10":"instock","11":"shipping-taxable","12":"purchasable","13":"product-type-simple"},"acf":{"anmeldelse":[{"tekst_anmeldelser":"Alle syndere bl\u00f8r er en medrivende, spennende og p\u00e5 grotesk vis underholdende krimhistorie.","av_anmeldelser":"Sindre Hovdenakk","terningkast":"<i class=\"fa-solid fa-dice-five\"><\/i>","kilde":"VG"},{"tekst_anmeldelser":"Dette er ondskap du som leser f\u00f8ler p\u00e5 kroppen, en spenningsbok som stiller all annen aktuell krim i skyggen... \u00c5rets beste krim.","av_anmeldelser":"Ole Jacob Hoel","terningkast":"<i class=\"fa-solid fa-dice-six\"><\/i>","kilde":"Adresseavisen"},{"tekst_anmeldelser":"En sjelden gang dukker det opp en krimroman som er st\u00f8rre enn seg selv. Som ikke bare er opptatt av g\u00e5ten og l\u00f8sningen, som ikke tyr til de forterpede klisjeene, som ikke serverer oss etterforskere og milj\u00f8er vi kjenner allerede f\u00f8r f\u00f8rste m\u00f8te. En sjelden gang dukker det opp en krimroman som skaper ny nysgjerrighet, nye sp\u00f8rsm\u00e5l, kanskje til og med ny innsikt. En sjelden gang dukker det opp en krimroman som \u00abAlle syndere bl\u00f8r\u00bb","av_anmeldelser":"Tarald Aano","terningkast":"<i class=\"fa-solid fa-dice-five\"><\/i>","kilde":"Stavanger Aftenblad"},{"tekst_anmeldelser":"Dette er en av de beste krimromanene jeg har lest og samtidig blir jeg servert en historieleksjon jeg neppe kommer til \u00e5 glemme p\u00e5 ei stund.","av_anmeldelser":"Tor Hammer\u00f8","terningkast":"<i class=\"fa-solid fa-dice-six\"><\/i>","kilde":"Nettavisen"},{"tekst_anmeldelser":"\u00abAlle syndere bl\u00f8r\u00bb leverer varene med bravur, b\u00e5de som krim og som utforskning av amerikanske smertepunkter f\u00f8r og n\u00e5.","av_anmeldelser":"Leif Bull","terningkast":false,"kilde":"Dagens N\u00e6ringsliv"}]},"yoast_head":"<!-- This site is optimized with the Yoast SEO plugin v26.6 - https:\/\/yoast.com\/wordpress\/plugins\/seo\/ -->\n<title>Alle syndere bl\u00f8r - Forlaget Press<\/title>\n<meta name=\"robots\" content=\"noindex, follow, max-snippet:-1, max-image-preview:large, max-video-preview:-1\" \/>\n<meta property=\"og:locale\" content=\"nb_NO\" \/>\n<meta property=\"og:type\" content=\"article\" \/>\n<meta property=\"og:title\" content=\"Alle syndere bl\u00f8r - Forlaget Press\" \/>\n<meta property=\"og:description\" content=\"Titus Crown er den f\u00f8rste svarte sheriffen i Charon County i Virginia. En s\u00f8vnig sm\u00e5by i s\u00f8rstatene uten mye kriminalitet. Men etter mange \u00e5r i FBI, vet Titus godt at selv om hjembyen hans virker idyllisk, s\u00e5 lurer det mange hemmeligheter under de kaprifoldekkede engene. Et \u00e5r etter at Titus tiltr\u00e5dte blir en l\u00e6rer drept [&hellip;]\" \/>\n<meta property=\"og:url\" content=\"https:\/\/staging.forenteforlag.no\/forlaget\/produkt\/alle-syndere-blor-3\/\" \/>\n<meta property=\"og:site_name\" content=\"Forlaget Press\" \/>\n<meta property=\"article:publisher\" content=\"https:\/\/www.facebook.com\/Forlagetpress\" \/>\n<meta property=\"article:modified_time\" content=\"2026-03-03T17:48:08+00:00\" \/>\n<meta property=\"og:image\" content=\"https:\/\/staging.forenteforlag.no\/forlaget\/wp-content\/uploads\/sites\/3\/2026\/02\/9788232806980.jpg\" \/>\n\t<meta property=\"og:image:width\" content=\"720\" \/>\n\t<meta property=\"og:image:height\" content=\"1071\" \/>\n\t<meta property=\"og:image:type\" content=\"image\/jpeg\" \/>\n<meta name=\"twitter:card\" content=\"summary_large_image\" \/>\n<meta name=\"twitter:label1\" content=\"Ansl. lesetid\" \/>\n\t<meta name=\"twitter:data1\" content=\"2 minutter\" \/>\n<script type=\"application\/ld+json\" class=\"yoast-schema-graph\">{\"@context\":\"https:\/\/schema.org\",\"@graph\":[{\"@type\":\"WebPage\",\"@id\":\"https:\/\/staging.forenteforlag.no\/forlaget\/produkt\/alle-syndere-blor-3\/\",\"url\":\"https:\/\/staging.forenteforlag.no\/forlaget\/produkt\/alle-syndere-blor-3\/\",\"name\":\"Alle syndere bl\u00f8r - Forlaget Press\",\"isPartOf\":{\"@id\":\"https:\/\/staging.forenteforlag.no\/forlaget\/#website\"},\"primaryImageOfPage\":{\"@id\":\"https:\/\/staging.forenteforlag.no\/forlaget\/produkt\/alle-syndere-blor-3\/#primaryimage\"},\"image\":{\"@id\":\"https:\/\/staging.forenteforlag.no\/forlaget\/produkt\/alle-syndere-blor-3\/#primaryimage\"},\"thumbnailUrl\":\"https:\/\/staging.forenteforlag.no\/forlaget\/wp-content\/uploads\/sites\/3\/2026\/02\/9788232806980.jpg\",\"datePublished\":\"2025-01-13T14:37:09+00:00\",\"dateModified\":\"2026-03-03T17:48:08+00:00\",\"breadcrumb\":{\"@id\":\"https:\/\/staging.forenteforlag.no\/forlaget\/produkt\/alle-syndere-blor-3\/#breadcrumb\"},\"inLanguage\":\"nb-NO\",\"potentialAction\":[{\"@type\":\"ReadAction\",\"target\":[\"https:\/\/staging.forenteforlag.no\/forlaget\/produkt\/alle-syndere-blor-3\/\"]}]},{\"@type\":\"ImageObject\",\"inLanguage\":\"nb-NO\",\"@id\":\"https:\/\/staging.forenteforlag.no\/forlaget\/produkt\/alle-syndere-blor-3\/#primaryimage\",\"url\":\"https:\/\/staging.forenteforlag.no\/forlaget\/wp-content\/uploads\/sites\/3\/2026\/02\/9788232806980.jpg\",\"contentUrl\":\"https:\/\/staging.forenteforlag.no\/forlaget\/wp-content\/uploads\/sites\/3\/2026\/02\/9788232806980.jpg\",\"width\":720,\"height\":1071},{\"@type\":\"BreadcrumbList\",\"@id\":\"https:\/\/staging.forenteforlag.no\/forlaget\/produkt\/alle-syndere-blor-3\/#breadcrumb\",\"itemListElement\":[{\"@type\":\"ListItem\",\"position\":1,\"name\":\"Hjem\",\"item\":\"https:\/\/staging.forenteforlag.no\/forlaget\/\"},{\"@type\":\"ListItem\",\"position\":2,\"name\":\"Alle b\u00f8ker\",\"item\":\"https:\/\/staging.forenteforlag.no\/forlaget\/butikk\/\"},{\"@type\":\"ListItem\",\"position\":3,\"name\":\"Alle syndere bl\u00f8r\"}]},{\"@type\":\"WebSite\",\"@id\":\"https:\/\/staging.forenteforlag.no\/forlaget\/#website\",\"url\":\"https:\/\/staging.forenteforlag.no\/forlaget\/\",\"name\":\"Forlaget Press\",\"description\":\"\",\"publisher\":{\"@id\":\"https:\/\/staging.forenteforlag.no\/forlaget\/#organization\"},\"potentialAction\":[{\"@type\":\"SearchAction\",\"target\":{\"@type\":\"EntryPoint\",\"urlTemplate\":\"https:\/\/staging.forenteforlag.no\/forlaget\/?s={search_term_string}\"},\"query-input\":{\"@type\":\"PropertyValueSpecification\",\"valueRequired\":true,\"valueName\":\"search_term_string\"}}],\"inLanguage\":\"nb-NO\"},{\"@type\":\"Organization\",\"@id\":\"https:\/\/staging.forenteforlag.no\/forlaget\/#organization\",\"name\":\"Forlaget Press\",\"url\":\"https:\/\/staging.forenteforlag.no\/forlaget\/\",\"logo\":{\"@type\":\"ImageObject\",\"inLanguage\":\"nb-NO\",\"@id\":\"https:\/\/staging.forenteforlag.no\/forlaget\/#\/schema\/logo\/image\/\",\"url\":\"https:\/\/staging.forenteforlag.no\/forlaget\/wp-content\/uploads\/sites\/3\/2024\/09\/Press_logo.svg\",\"contentUrl\":\"https:\/\/staging.forenteforlag.no\/forlaget\/wp-content\/uploads\/sites\/3\/2024\/09\/Press_logo.svg\",\"width\":100,\"height\":100,\"caption\":\"Forlaget Press\"},\"image\":{\"@id\":\"https:\/\/staging.forenteforlag.no\/forlaget\/#\/schema\/logo\/image\/\"},\"sameAs\":[\"https:\/\/www.facebook.com\/Forlagetpress\"]}]}<\/script>\n<!-- \/ Yoast SEO plugin. -->","yoast_head_json":{"title":"Alle syndere bl\u00f8r - Forlaget Press","robots":{"index":"noindex","follow":"follow","max-snippet":"max-snippet:-1","max-image-preview":"max-image-preview:large","max-video-preview":"max-video-preview:-1"},"og_locale":"nb_NO","og_type":"article","og_title":"Alle syndere bl\u00f8r - Forlaget Press","og_description":"Titus Crown er den f\u00f8rste svarte sheriffen i Charon County i Virginia. En s\u00f8vnig sm\u00e5by i s\u00f8rstatene uten mye kriminalitet. Men etter mange \u00e5r i FBI, vet Titus godt at selv om hjembyen hans virker idyllisk, s\u00e5 lurer det mange hemmeligheter under de kaprifoldekkede engene. Et \u00e5r etter at Titus tiltr\u00e5dte blir en l\u00e6rer drept [&hellip;]","og_url":"https:\/\/staging.forenteforlag.no\/forlaget\/produkt\/alle-syndere-blor-3\/","og_site_name":"Forlaget Press","article_publisher":"https:\/\/www.facebook.com\/Forlagetpress","article_modified_time":"2026-03-03T17:48:08+00:00","og_image":[{"width":720,"height":1071,"url":"https:\/\/staging.forenteforlag.no\/forlaget\/wp-content\/uploads\/sites\/3\/2026\/02\/9788232806980.jpg","type":"image\/jpeg"}],"twitter_card":"summary_large_image","twitter_misc":{"Ansl. lesetid":"2 minutter"},"schema":{"@context":"https:\/\/schema.org","@graph":[{"@type":"WebPage","@id":"https:\/\/staging.forenteforlag.no\/forlaget\/produkt\/alle-syndere-blor-3\/","url":"https:\/\/staging.forenteforlag.no\/forlaget\/produkt\/alle-syndere-blor-3\/","name":"Alle syndere bl\u00f8r - Forlaget Press","isPartOf":{"@id":"https:\/\/staging.forenteforlag.no\/forlaget\/#website"},"primaryImageOfPage":{"@id":"https:\/\/staging.forenteforlag.no\/forlaget\/produkt\/alle-syndere-blor-3\/#primaryimage"},"image":{"@id":"https:\/\/staging.forenteforlag.no\/forlaget\/produkt\/alle-syndere-blor-3\/#primaryimage"},"thumbnailUrl":"https:\/\/staging.forenteforlag.no\/forlaget\/wp-content\/uploads\/sites\/3\/2026\/02\/9788232806980.jpg","datePublished":"2025-01-13T14:37:09+00:00","dateModified":"2026-03-03T17:48:08+00:00","breadcrumb":{"@id":"https:\/\/staging.forenteforlag.no\/forlaget\/produkt\/alle-syndere-blor-3\/#breadcrumb"},"inLanguage":"nb-NO","potentialAction":[{"@type":"ReadAction","target":["https:\/\/staging.forenteforlag.no\/forlaget\/produkt\/alle-syndere-blor-3\/"]}]},{"@type":"ImageObject","inLanguage":"nb-NO","@id":"https:\/\/staging.forenteforlag.no\/forlaget\/produkt\/alle-syndere-blor-3\/#primaryimage","url":"https:\/\/staging.forenteforlag.no\/forlaget\/wp-content\/uploads\/sites\/3\/2026\/02\/9788232806980.jpg","contentUrl":"https:\/\/staging.forenteforlag.no\/forlaget\/wp-content\/uploads\/sites\/3\/2026\/02\/9788232806980.jpg","width":720,"height":1071},{"@type":"BreadcrumbList","@id":"https:\/\/staging.forenteforlag.no\/forlaget\/produkt\/alle-syndere-blor-3\/#breadcrumb","itemListElement":[{"@type":"ListItem","position":1,"name":"Hjem","item":"https:\/\/staging.forenteforlag.no\/forlaget\/"},{"@type":"ListItem","position":2,"name":"Alle b\u00f8ker","item":"https:\/\/staging.forenteforlag.no\/forlaget\/butikk\/"},{"@type":"ListItem","position":3,"name":"Alle syndere bl\u00f8r"}]},{"@type":"WebSite","@id":"https:\/\/staging.forenteforlag.no\/forlaget\/#website","url":"https:\/\/staging.forenteforlag.no\/forlaget\/","name":"Forlaget Press","description":"","publisher":{"@id":"https:\/\/staging.forenteforlag.no\/forlaget\/#organization"},"potentialAction":[{"@type":"SearchAction","target":{"@type":"EntryPoint","urlTemplate":"https:\/\/staging.forenteforlag.no\/forlaget\/?s={search_term_string}"},"query-input":{"@type":"PropertyValueSpecification","valueRequired":true,"valueName":"search_term_string"}}],"inLanguage":"nb-NO"},{"@type":"Organization","@id":"https:\/\/staging.forenteforlag.no\/forlaget\/#organization","name":"Forlaget Press","url":"https:\/\/staging.forenteforlag.no\/forlaget\/","logo":{"@type":"ImageObject","inLanguage":"nb-NO","@id":"https:\/\/staging.forenteforlag.no\/forlaget\/#\/schema\/logo\/image\/","url":"https:\/\/staging.forenteforlag.no\/forlaget\/wp-content\/uploads\/sites\/3\/2024\/09\/Press_logo.svg","contentUrl":"https:\/\/staging.forenteforlag.no\/forlaget\/wp-content\/uploads\/sites\/3\/2024\/09\/Press_logo.svg","width":100,"height":100,"caption":"Forlaget Press"},"image":{"@id":"https:\/\/staging.forenteforlag.no\/forlaget\/#\/schema\/logo\/image\/"},"sameAs":["https:\/\/www.facebook.com\/Forlagetpress"]}]}},"_links":{"self":[{"href":"https:\/\/staging.forenteforlag.no\/forlaget\/wp-json\/wp\/v2\/product\/23125","targetHints":{"allow":["GET"]}}],"collection":[{"href":"https:\/\/staging.forenteforlag.no\/forlaget\/wp-json\/wp\/v2\/product"}],"about":[{"href":"https:\/\/staging.forenteforlag.no\/forlaget\/wp-json\/wp\/v2\/types\/product"}],"wp:featuredmedia":[{"embeddable":true,"href":"https:\/\/staging.forenteforlag.no\/forlaget\/wp-json\/wp\/v2\/media\/26594"}],"wp:attachment":[{"href":"https:\/\/staging.forenteforlag.no\/forlaget\/wp-json\/wp\/v2\/media?parent=23125"}],"wp:term":[{"taxonomy":"product_brand","embeddable":true,"href":"https:\/\/staging.forenteforlag.no\/forlaget\/wp-json\/wp\/v2\/product_brand?post=23125"},{"taxonomy":"product_cat","embeddable":true,"href":"https:\/\/staging.forenteforlag.no\/forlaget\/wp-json\/wp\/v2\/product_cat?post=23125"},{"taxonomy":"product_tag","embeddable":true,"href":"https:\/\/staging.forenteforlag.no\/forlaget\/wp-json\/wp\/v2\/product_tag?post=23125"}],"curies":[{"name":"wp","href":"https:\/\/api.w.org\/{rel}","templated":true}]}}