{"id":22885,"date":"2025-03-13T16:37:04","date_gmt":"2025-03-13T15:37:04","guid":{"rendered":"https:\/\/forlagetpress.no\/produkt\/familien-netanyahu-3\/"},"modified":"2026-03-03T18:48:25","modified_gmt":"2026-03-03T17:48:25","slug":"familien-netanyahu-3","status":"publish","type":"product","link":"https:\/\/staging.forenteforlag.no\/forlaget\/produkt\/familien-netanyahu-3\/","title":{"rendered":"Familien Netanyahu"},"content":{"rendered":"<p>&lt;em&gt;Familien Netanyahu &lt;\/em&gt;kan beskrives som en blanding av en college roman for voksne og en historisk fantasy, med like deler komikk, satire og underliggende alvor, skrevet med et sjeldent litter\u00e6rt overskudd. Fortellingen utspiller seg mot slutten av 1950-tallet, der Ruben Blum, en enslig j\u00f8disk akademiker ved Corbin college, rett utenfor New York, f\u00e5r i oppgave \u00e5 vurdere og tilrettelegge ankomsten til en polskf\u00f8dt, Israel-basert akademiker ved navn Benzion Netanyahu. Han ankommer med kone og tre barn, hvorav den ene s\u00f8nnen heter Benjamin.&lt;br&gt;&lt;br&gt;Blum er en sekul\u00e6r j\u00f8de og vestlig orientert historiker og akademiker, med amerikansk historie som spesialfelt. I spennet mellom ham og Netanyahus teologiske og skjebneorienterte historieskriving, utfolder Cohen en b\u00e5de opplysende og humoristisk beskrivelse i kollisjonen mellom to verdensanskuelser, der komikk, satire, humor og tragedie er vevet s\u00f8ml\u00f8st sammen i et litter\u00e6rt overfl\u00f8dighetshorn av en roman.&lt;br&gt;&lt;br&gt;Cohen beveger seg fritt mellom fiksjon og fakta i denne romanen. Boken baserer seg p\u00e5 en anekdote fra Harold Bloom (Ruben Blum), som Cohen intervjuet i 2018, der han fortalte om den gang (1959) han var ledsager for en j\u00f8disk akademiker ved navn Benzion Netanyahu, som kom p\u00e5 bes\u00f8k til Cornell University, New York. Med dette som utgangspunkt har Cohen skapt en historisk fiksjon, som blant mye annet ogs\u00e5 har en kritisk brodd mot samtidens religi\u00f8se og politiske landskap.&lt;br&gt;<\/p>\n","protected":false},"excerpt":{"rendered":"<p>&lt;em&gt;Familien Netanyahu &lt;\/em&gt;kan beskrives som en blanding av en college roman for voksne og en historisk fantasy, med like deler komikk, satire og underliggende alvor, skrevet med et sjeldent litter\u00e6rt overskudd. Fortellingen utspiller seg mot slutten av 1950-tallet, der Ruben Blum, en enslig j\u00f8disk akademiker ved Corbin college, rett utenfor New York, f\u00e5r i oppgave [&hellip;]<\/p>\n","protected":false},"featured_media":26600,"template":"","meta":{"_acf_changed":false,"inline_featured_image":false},"product_brand":[],"product_cat":[1781],"product_tag":[370],"class_list":{"0":"post-22885","1":"product","2":"type-product","3":"status-publish","4":"has-post-thumbnail","6":"product_cat-rabattkodekampanje","7":"product_tag-skjonnlitteratur","9":"first","10":"instock","11":"shipping-taxable","12":"purchasable","13":"product-type-simple"},"acf":{"anmeldelse":[{"tekst_anmeldelser":"\u00abViktig og ellevilt. Det litter\u00e6re vidunderbarnet Joshua Cohen etterlater leseren m\u00e5ll\u00f8s og vantro i denne bisarre sagaen.\u00bb","av_anmeldelser":"Jon Rognlien","terningkast":"<i class=\"fa-solid fa-dice-five\"><\/i>","kilde":"Dagbladet"},{"tekst_anmeldelser":"\u00abSamtidslitteraturens kanskje skarpeste Israel-analyse. [En] komisk roman som er skrevet med s\u00e5 mye s\u00e5rhet og varme at den historiske tragedien aldri mistes av syne.\u00bb","av_anmeldelser":"Bernhard Ellefsen","terningkast":false,"kilde":"Morgenbladet"},{"tekst_anmeldelser":"\u00abI romanen Familien Netanyahu kolliderer diaspora og sionisme, amerikansk og israelsk j\u00f8dedom, religi\u00f8s konservatisme og sekularisme i en hysterisk morsom fortelling.\u00bb","av_anmeldelser":"Ragnar Misje Bergem","terningkast":false,"kilde":"V\u00e5rt Land"},{"tekst_anmeldelser":"\u00abMed denne sylskarpe fortellingen f\u00f8yer Cohen seg inn i en lang rekke av betydningsfulle j\u00f8disk-amerikanske forfattere.\u00bb","av_anmeldelser":"Gabriel Moro","terningkast":"<i class=\"fa-solid fa-dice-six\"><\/i>","kilde":"VG"}]},"yoast_head":"<!-- This site is optimized with the Yoast SEO plugin v26.6 - https:\/\/yoast.com\/wordpress\/plugins\/seo\/ -->\n<title>Familien Netanyahu - Forlaget Press<\/title>\n<meta name=\"robots\" content=\"noindex, follow, max-snippet:-1, max-image-preview:large, max-video-preview:-1\" \/>\n<meta property=\"og:locale\" content=\"nb_NO\" \/>\n<meta property=\"og:type\" content=\"article\" \/>\n<meta property=\"og:title\" content=\"Familien Netanyahu - Forlaget Press\" \/>\n<meta property=\"og:description\" content=\"&lt;em&gt;Familien Netanyahu &lt;\/em&gt;kan beskrives som en blanding av en college roman for voksne og en historisk fantasy, med like deler komikk, satire og underliggende alvor, skrevet med et sjeldent litter\u00e6rt overskudd. Fortellingen utspiller seg mot slutten av 1950-tallet, der Ruben Blum, en enslig j\u00f8disk akademiker ved Corbin college, rett utenfor New York, f\u00e5r i oppgave [&hellip;]\" \/>\n<meta property=\"og:url\" content=\"https:\/\/staging.forenteforlag.no\/forlaget\/produkt\/familien-netanyahu-3\/\" \/>\n<meta property=\"og:site_name\" content=\"Forlaget Press\" \/>\n<meta property=\"article:publisher\" content=\"https:\/\/www.facebook.com\/Forlagetpress\" \/>\n<meta property=\"article:modified_time\" content=\"2026-03-03T17:48:25+00:00\" \/>\n<meta property=\"og:image\" content=\"https:\/\/staging.forenteforlag.no\/forlaget\/wp-content\/uploads\/sites\/3\/2026\/02\/9788232807048.jpg\" \/>\n\t<meta property=\"og:image:width\" content=\"720\" \/>\n\t<meta property=\"og:image:height\" content=\"1067\" \/>\n\t<meta property=\"og:image:type\" content=\"image\/jpeg\" \/>\n<meta name=\"twitter:card\" content=\"summary_large_image\" \/>\n<meta name=\"twitter:label1\" content=\"Ansl. lesetid\" \/>\n\t<meta name=\"twitter:data1\" content=\"1 minutt\" \/>\n<script type=\"application\/ld+json\" class=\"yoast-schema-graph\">{\"@context\":\"https:\/\/schema.org\",\"@graph\":[{\"@type\":\"WebPage\",\"@id\":\"https:\/\/staging.forenteforlag.no\/forlaget\/produkt\/familien-netanyahu-3\/\",\"url\":\"https:\/\/staging.forenteforlag.no\/forlaget\/produkt\/familien-netanyahu-3\/\",\"name\":\"Familien Netanyahu - Forlaget Press\",\"isPartOf\":{\"@id\":\"https:\/\/staging.forenteforlag.no\/forlaget\/#website\"},\"primaryImageOfPage\":{\"@id\":\"https:\/\/staging.forenteforlag.no\/forlaget\/produkt\/familien-netanyahu-3\/#primaryimage\"},\"image\":{\"@id\":\"https:\/\/staging.forenteforlag.no\/forlaget\/produkt\/familien-netanyahu-3\/#primaryimage\"},\"thumbnailUrl\":\"https:\/\/staging.forenteforlag.no\/forlaget\/wp-content\/uploads\/sites\/3\/2026\/02\/9788232807048.jpg\",\"datePublished\":\"2025-03-13T15:37:04+00:00\",\"dateModified\":\"2026-03-03T17:48:25+00:00\",\"breadcrumb\":{\"@id\":\"https:\/\/staging.forenteforlag.no\/forlaget\/produkt\/familien-netanyahu-3\/#breadcrumb\"},\"inLanguage\":\"nb-NO\",\"potentialAction\":[{\"@type\":\"ReadAction\",\"target\":[\"https:\/\/staging.forenteforlag.no\/forlaget\/produkt\/familien-netanyahu-3\/\"]}]},{\"@type\":\"ImageObject\",\"inLanguage\":\"nb-NO\",\"@id\":\"https:\/\/staging.forenteforlag.no\/forlaget\/produkt\/familien-netanyahu-3\/#primaryimage\",\"url\":\"https:\/\/staging.forenteforlag.no\/forlaget\/wp-content\/uploads\/sites\/3\/2026\/02\/9788232807048.jpg\",\"contentUrl\":\"https:\/\/staging.forenteforlag.no\/forlaget\/wp-content\/uploads\/sites\/3\/2026\/02\/9788232807048.jpg\",\"width\":720,\"height\":1067},{\"@type\":\"BreadcrumbList\",\"@id\":\"https:\/\/staging.forenteforlag.no\/forlaget\/produkt\/familien-netanyahu-3\/#breadcrumb\",\"itemListElement\":[{\"@type\":\"ListItem\",\"position\":1,\"name\":\"Hjem\",\"item\":\"https:\/\/staging.forenteforlag.no\/forlaget\/\"},{\"@type\":\"ListItem\",\"position\":2,\"name\":\"Alle b\u00f8ker\",\"item\":\"https:\/\/staging.forenteforlag.no\/forlaget\/butikk\/\"},{\"@type\":\"ListItem\",\"position\":3,\"name\":\"Familien Netanyahu\"}]},{\"@type\":\"WebSite\",\"@id\":\"https:\/\/staging.forenteforlag.no\/forlaget\/#website\",\"url\":\"https:\/\/staging.forenteforlag.no\/forlaget\/\",\"name\":\"Forlaget Press\",\"description\":\"\",\"publisher\":{\"@id\":\"https:\/\/staging.forenteforlag.no\/forlaget\/#organization\"},\"potentialAction\":[{\"@type\":\"SearchAction\",\"target\":{\"@type\":\"EntryPoint\",\"urlTemplate\":\"https:\/\/staging.forenteforlag.no\/forlaget\/?s={search_term_string}\"},\"query-input\":{\"@type\":\"PropertyValueSpecification\",\"valueRequired\":true,\"valueName\":\"search_term_string\"}}],\"inLanguage\":\"nb-NO\"},{\"@type\":\"Organization\",\"@id\":\"https:\/\/staging.forenteforlag.no\/forlaget\/#organization\",\"name\":\"Forlaget Press\",\"url\":\"https:\/\/staging.forenteforlag.no\/forlaget\/\",\"logo\":{\"@type\":\"ImageObject\",\"inLanguage\":\"nb-NO\",\"@id\":\"https:\/\/staging.forenteforlag.no\/forlaget\/#\/schema\/logo\/image\/\",\"url\":\"https:\/\/staging.forenteforlag.no\/forlaget\/wp-content\/uploads\/sites\/3\/2024\/09\/Press_logo.svg\",\"contentUrl\":\"https:\/\/staging.forenteforlag.no\/forlaget\/wp-content\/uploads\/sites\/3\/2024\/09\/Press_logo.svg\",\"width\":100,\"height\":100,\"caption\":\"Forlaget Press\"},\"image\":{\"@id\":\"https:\/\/staging.forenteforlag.no\/forlaget\/#\/schema\/logo\/image\/\"},\"sameAs\":[\"https:\/\/www.facebook.com\/Forlagetpress\"]}]}<\/script>\n<!-- \/ Yoast SEO plugin. -->","yoast_head_json":{"title":"Familien Netanyahu - Forlaget Press","robots":{"index":"noindex","follow":"follow","max-snippet":"max-snippet:-1","max-image-preview":"max-image-preview:large","max-video-preview":"max-video-preview:-1"},"og_locale":"nb_NO","og_type":"article","og_title":"Familien Netanyahu - Forlaget Press","og_description":"&lt;em&gt;Familien Netanyahu &lt;\/em&gt;kan beskrives som en blanding av en college roman for voksne og en historisk fantasy, med like deler komikk, satire og underliggende alvor, skrevet med et sjeldent litter\u00e6rt overskudd. Fortellingen utspiller seg mot slutten av 1950-tallet, der Ruben Blum, en enslig j\u00f8disk akademiker ved Corbin college, rett utenfor New York, f\u00e5r i oppgave [&hellip;]","og_url":"https:\/\/staging.forenteforlag.no\/forlaget\/produkt\/familien-netanyahu-3\/","og_site_name":"Forlaget Press","article_publisher":"https:\/\/www.facebook.com\/Forlagetpress","article_modified_time":"2026-03-03T17:48:25+00:00","og_image":[{"width":720,"height":1067,"url":"https:\/\/staging.forenteforlag.no\/forlaget\/wp-content\/uploads\/sites\/3\/2026\/02\/9788232807048.jpg","type":"image\/jpeg"}],"twitter_card":"summary_large_image","twitter_misc":{"Ansl. lesetid":"1 minutt"},"schema":{"@context":"https:\/\/schema.org","@graph":[{"@type":"WebPage","@id":"https:\/\/staging.forenteforlag.no\/forlaget\/produkt\/familien-netanyahu-3\/","url":"https:\/\/staging.forenteforlag.no\/forlaget\/produkt\/familien-netanyahu-3\/","name":"Familien Netanyahu - Forlaget Press","isPartOf":{"@id":"https:\/\/staging.forenteforlag.no\/forlaget\/#website"},"primaryImageOfPage":{"@id":"https:\/\/staging.forenteforlag.no\/forlaget\/produkt\/familien-netanyahu-3\/#primaryimage"},"image":{"@id":"https:\/\/staging.forenteforlag.no\/forlaget\/produkt\/familien-netanyahu-3\/#primaryimage"},"thumbnailUrl":"https:\/\/staging.forenteforlag.no\/forlaget\/wp-content\/uploads\/sites\/3\/2026\/02\/9788232807048.jpg","datePublished":"2025-03-13T15:37:04+00:00","dateModified":"2026-03-03T17:48:25+00:00","breadcrumb":{"@id":"https:\/\/staging.forenteforlag.no\/forlaget\/produkt\/familien-netanyahu-3\/#breadcrumb"},"inLanguage":"nb-NO","potentialAction":[{"@type":"ReadAction","target":["https:\/\/staging.forenteforlag.no\/forlaget\/produkt\/familien-netanyahu-3\/"]}]},{"@type":"ImageObject","inLanguage":"nb-NO","@id":"https:\/\/staging.forenteforlag.no\/forlaget\/produkt\/familien-netanyahu-3\/#primaryimage","url":"https:\/\/staging.forenteforlag.no\/forlaget\/wp-content\/uploads\/sites\/3\/2026\/02\/9788232807048.jpg","contentUrl":"https:\/\/staging.forenteforlag.no\/forlaget\/wp-content\/uploads\/sites\/3\/2026\/02\/9788232807048.jpg","width":720,"height":1067},{"@type":"BreadcrumbList","@id":"https:\/\/staging.forenteforlag.no\/forlaget\/produkt\/familien-netanyahu-3\/#breadcrumb","itemListElement":[{"@type":"ListItem","position":1,"name":"Hjem","item":"https:\/\/staging.forenteforlag.no\/forlaget\/"},{"@type":"ListItem","position":2,"name":"Alle b\u00f8ker","item":"https:\/\/staging.forenteforlag.no\/forlaget\/butikk\/"},{"@type":"ListItem","position":3,"name":"Familien Netanyahu"}]},{"@type":"WebSite","@id":"https:\/\/staging.forenteforlag.no\/forlaget\/#website","url":"https:\/\/staging.forenteforlag.no\/forlaget\/","name":"Forlaget Press","description":"","publisher":{"@id":"https:\/\/staging.forenteforlag.no\/forlaget\/#organization"},"potentialAction":[{"@type":"SearchAction","target":{"@type":"EntryPoint","urlTemplate":"https:\/\/staging.forenteforlag.no\/forlaget\/?s={search_term_string}"},"query-input":{"@type":"PropertyValueSpecification","valueRequired":true,"valueName":"search_term_string"}}],"inLanguage":"nb-NO"},{"@type":"Organization","@id":"https:\/\/staging.forenteforlag.no\/forlaget\/#organization","name":"Forlaget Press","url":"https:\/\/staging.forenteforlag.no\/forlaget\/","logo":{"@type":"ImageObject","inLanguage":"nb-NO","@id":"https:\/\/staging.forenteforlag.no\/forlaget\/#\/schema\/logo\/image\/","url":"https:\/\/staging.forenteforlag.no\/forlaget\/wp-content\/uploads\/sites\/3\/2024\/09\/Press_logo.svg","contentUrl":"https:\/\/staging.forenteforlag.no\/forlaget\/wp-content\/uploads\/sites\/3\/2024\/09\/Press_logo.svg","width":100,"height":100,"caption":"Forlaget Press"},"image":{"@id":"https:\/\/staging.forenteforlag.no\/forlaget\/#\/schema\/logo\/image\/"},"sameAs":["https:\/\/www.facebook.com\/Forlagetpress"]}]}},"_links":{"self":[{"href":"https:\/\/staging.forenteforlag.no\/forlaget\/wp-json\/wp\/v2\/product\/22885","targetHints":{"allow":["GET"]}}],"collection":[{"href":"https:\/\/staging.forenteforlag.no\/forlaget\/wp-json\/wp\/v2\/product"}],"about":[{"href":"https:\/\/staging.forenteforlag.no\/forlaget\/wp-json\/wp\/v2\/types\/product"}],"wp:featuredmedia":[{"embeddable":true,"href":"https:\/\/staging.forenteforlag.no\/forlaget\/wp-json\/wp\/v2\/media\/26600"}],"wp:attachment":[{"href":"https:\/\/staging.forenteforlag.no\/forlaget\/wp-json\/wp\/v2\/media?parent=22885"}],"wp:term":[{"taxonomy":"product_brand","embeddable":true,"href":"https:\/\/staging.forenteforlag.no\/forlaget\/wp-json\/wp\/v2\/product_brand?post=22885"},{"taxonomy":"product_cat","embeddable":true,"href":"https:\/\/staging.forenteforlag.no\/forlaget\/wp-json\/wp\/v2\/product_cat?post=22885"},{"taxonomy":"product_tag","embeddable":true,"href":"https:\/\/staging.forenteforlag.no\/forlaget\/wp-json\/wp\/v2\/product_tag?post=22885"}],"curies":[{"name":"wp","href":"https:\/\/api.w.org\/{rel}","templated":true}]}}