{"id":22867,"date":"2025-03-13T15:36:59","date_gmt":"2025-03-13T14:36:59","guid":{"rendered":"https:\/\/forlagetpress.no\/produkt\/kintu-3\/"},"modified":"2026-03-03T18:48:28","modified_gmt":"2026-03-03T17:48:28","slug":"kintu-3","status":"publish","type":"product","link":"https:\/\/staging.forenteforlag.no\/forlaget\/produkt\/kintu-3\/","title":{"rendered":"Kintu"},"content":{"rendered":"<p>En moderne klassiker som levendegj\u00f8r Ugandas urolige historie gjennom Kintu-klanens forbannede blodlinje.BUGANDA 1750. Kintu Kidda reiser til hovedstaden for \u00e5 sverge trofasthet til den nye lederen i Bugandakonged\u00f8mmet. Underveis utl\u00f8ser han en forbannelse som vil hjems\u00f8ke hans familie gjennom generasjoner.UGANDA 2004. En mann blir drept av en folkemengde etter \u00e5 ha blitt feilaktig beskyldt for \u00e5 v\u00e6re en tyv. N\u00e5r tre selgere p\u00e5 markedet diskuterer hans uheldige skjebne, nevner en av dem \u00abforbannelsen\u00bb.Inspirert av muntlig fortellertradisjon, myter, folkesagn og historie vever Makumbi sammen fortellingene om Kintus etterf\u00f8lgere som pr\u00f8ver \u00e5 unnslippe byrden av sin felles fortid. Resultatet er en episk, mangfoldig og majestetiskberetning om klan og nasjon.<\/p>\n","protected":false},"excerpt":{"rendered":"<p>En moderne klassiker som levendegj\u00f8r Ugandas urolige historie gjennom Kintu-klanens forbannede blodlinje.BUGANDA 1750. Kintu Kidda reiser til hovedstaden for \u00e5 sverge trofasthet til den nye lederen i Bugandakonged\u00f8mmet. Underveis utl\u00f8ser han en forbannelse som vil hjems\u00f8ke hans familie gjennom generasjoner.UGANDA 2004. En mann blir drept av en folkemengde etter \u00e5 ha blitt feilaktig beskyldt for [&hellip;]<\/p>\n","protected":false},"featured_media":26601,"template":"","meta":{"_acf_changed":false,"inline_featured_image":false},"product_brand":[],"product_cat":[1781],"product_tag":[370],"class_list":{"0":"post-22867","1":"product","2":"type-product","3":"status-publish","4":"has-post-thumbnail","6":"product_cat-rabattkodekampanje","7":"product_tag-skjonnlitteratur","9":"first","10":"instock","11":"shipping-taxable","12":"purchasable","13":"product-type-simple"},"acf":{"anmeldelse":[{"tekst_anmeldelser":"Ugandiske Jennifer Makumbi utfordrer den vestlige leseren \u2013 men bel\u00f8nningen er en storsl\u00e5tt, episk familiesaga. [...] Johanne Fronth-Nygren har gjort en god jobb med \u00e5 formidle en atmosf\u00e6re som er fremmed for mange.","av_anmeldelser":"Tore Linn\u00e9 Eriksen","terningkast":false,"kilde":"Klassekampen"},{"tekst_anmeldelser":"Mektig fra Uganda. I stedet for \u00e5 klage over koloni\u00adtiden og Idi Amin, boltrer Jennifer Makumbi seg i dr\u00f8mmer og myter n\u00e5r hun skriver frem Ugandas blod\u00adstenkte historie.","av_anmeldelser":"Anne Cathrine Straume ","terningkast":"<i class=\"fa-solid fa-dice-five\"><\/i>","kilde":"NRK"},{"tekst_anmeldelser":"Episk og magisk slektsroman der historie, politikk, kultur og kj\u00f8nn utforskes gjennom en seiglivet familieforbannelse. [...] Tankene g\u00e5r til Orhan Pamuks romaner, med Istanbul som skj\u00e6ringspunkt mellom \u00f8st og vest, eller \u00abDen sultne veien\u00bb av nigerianske Ben Okri, hvor det eventyrlige og det brutalt virkelighetsn\u00e6re g\u00e5r opp i en h\u00f8yere enhet. Et viktig tilskudd til den norske bokh\u00f8sten, forbilledlig oversatt av Johanne Fronth-Nygren.\r\n\r\n","av_anmeldelser":"Leif Bull","terningkast":false,"kilde":"DN"},{"tekst_anmeldelser":"Skildringene, menneskene og innsiktene er mange og rike i denne store ugandiske romanen. [...] Jeg l\u00e6rer mye om Ugandas fortid og n\u00e5tid av \u00e5 lese Jennifer Nansubuga Makumbis Kintu. Men det er ikke derfor jeg lar meg rive med. F\u00f8rst og fremst tilbyr Makumbis rike persongalleri et underlig fellesskap jeg blir i lenge etter at siste side er vendt. ","av_anmeldelser":"Ida V\u00e5gsether","terningkast":false,"kilde":"Morgenbladet"}]},"yoast_head":"<!-- This site is optimized with the Yoast SEO plugin v26.6 - https:\/\/yoast.com\/wordpress\/plugins\/seo\/ -->\n<title>Kintu - Forlaget Press<\/title>\n<meta name=\"robots\" content=\"noindex, follow, max-snippet:-1, max-image-preview:large, max-video-preview:-1\" \/>\n<meta property=\"og:locale\" content=\"nb_NO\" \/>\n<meta property=\"og:type\" content=\"article\" \/>\n<meta property=\"og:title\" content=\"Kintu - Forlaget Press\" \/>\n<meta property=\"og:description\" content=\"En moderne klassiker som levendegj\u00f8r Ugandas urolige historie gjennom Kintu-klanens forbannede blodlinje.BUGANDA 1750. Kintu Kidda reiser til hovedstaden for \u00e5 sverge trofasthet til den nye lederen i Bugandakonged\u00f8mmet. Underveis utl\u00f8ser han en forbannelse som vil hjems\u00f8ke hans familie gjennom generasjoner.UGANDA 2004. En mann blir drept av en folkemengde etter \u00e5 ha blitt feilaktig beskyldt for [&hellip;]\" \/>\n<meta property=\"og:url\" content=\"https:\/\/staging.forenteforlag.no\/forlaget\/produkt\/kintu-3\/\" \/>\n<meta property=\"og:site_name\" content=\"Forlaget Press\" \/>\n<meta property=\"article:publisher\" content=\"https:\/\/www.facebook.com\/Forlagetpress\" \/>\n<meta property=\"article:modified_time\" content=\"2026-03-03T17:48:28+00:00\" \/>\n<meta property=\"og:image\" content=\"https:\/\/staging.forenteforlag.no\/forlaget\/wp-content\/uploads\/sites\/3\/2026\/02\/9788232807147.jpg\" \/>\n\t<meta property=\"og:image:width\" content=\"720\" \/>\n\t<meta property=\"og:image:height\" content=\"1056\" \/>\n\t<meta property=\"og:image:type\" content=\"image\/jpeg\" \/>\n<meta name=\"twitter:card\" content=\"summary_large_image\" \/>\n<meta name=\"twitter:label1\" content=\"Ansl. lesetid\" \/>\n\t<meta name=\"twitter:data1\" content=\"1 minutt\" \/>\n<script type=\"application\/ld+json\" class=\"yoast-schema-graph\">{\"@context\":\"https:\/\/schema.org\",\"@graph\":[{\"@type\":\"WebPage\",\"@id\":\"https:\/\/staging.forenteforlag.no\/forlaget\/produkt\/kintu-3\/\",\"url\":\"https:\/\/staging.forenteforlag.no\/forlaget\/produkt\/kintu-3\/\",\"name\":\"Kintu - Forlaget Press\",\"isPartOf\":{\"@id\":\"https:\/\/staging.forenteforlag.no\/forlaget\/#website\"},\"primaryImageOfPage\":{\"@id\":\"https:\/\/staging.forenteforlag.no\/forlaget\/produkt\/kintu-3\/#primaryimage\"},\"image\":{\"@id\":\"https:\/\/staging.forenteforlag.no\/forlaget\/produkt\/kintu-3\/#primaryimage\"},\"thumbnailUrl\":\"https:\/\/staging.forenteforlag.no\/forlaget\/wp-content\/uploads\/sites\/3\/2026\/02\/9788232807147.jpg\",\"datePublished\":\"2025-03-13T14:36:59+00:00\",\"dateModified\":\"2026-03-03T17:48:28+00:00\",\"breadcrumb\":{\"@id\":\"https:\/\/staging.forenteforlag.no\/forlaget\/produkt\/kintu-3\/#breadcrumb\"},\"inLanguage\":\"nb-NO\",\"potentialAction\":[{\"@type\":\"ReadAction\",\"target\":[\"https:\/\/staging.forenteforlag.no\/forlaget\/produkt\/kintu-3\/\"]}]},{\"@type\":\"ImageObject\",\"inLanguage\":\"nb-NO\",\"@id\":\"https:\/\/staging.forenteforlag.no\/forlaget\/produkt\/kintu-3\/#primaryimage\",\"url\":\"https:\/\/staging.forenteforlag.no\/forlaget\/wp-content\/uploads\/sites\/3\/2026\/02\/9788232807147.jpg\",\"contentUrl\":\"https:\/\/staging.forenteforlag.no\/forlaget\/wp-content\/uploads\/sites\/3\/2026\/02\/9788232807147.jpg\",\"width\":720,\"height\":1056},{\"@type\":\"BreadcrumbList\",\"@id\":\"https:\/\/staging.forenteforlag.no\/forlaget\/produkt\/kintu-3\/#breadcrumb\",\"itemListElement\":[{\"@type\":\"ListItem\",\"position\":1,\"name\":\"Hjem\",\"item\":\"https:\/\/staging.forenteforlag.no\/forlaget\/\"},{\"@type\":\"ListItem\",\"position\":2,\"name\":\"Alle b\u00f8ker\",\"item\":\"https:\/\/staging.forenteforlag.no\/forlaget\/butikk\/\"},{\"@type\":\"ListItem\",\"position\":3,\"name\":\"Kintu\"}]},{\"@type\":\"WebSite\",\"@id\":\"https:\/\/staging.forenteforlag.no\/forlaget\/#website\",\"url\":\"https:\/\/staging.forenteforlag.no\/forlaget\/\",\"name\":\"Forlaget Press\",\"description\":\"\",\"publisher\":{\"@id\":\"https:\/\/staging.forenteforlag.no\/forlaget\/#organization\"},\"potentialAction\":[{\"@type\":\"SearchAction\",\"target\":{\"@type\":\"EntryPoint\",\"urlTemplate\":\"https:\/\/staging.forenteforlag.no\/forlaget\/?s={search_term_string}\"},\"query-input\":{\"@type\":\"PropertyValueSpecification\",\"valueRequired\":true,\"valueName\":\"search_term_string\"}}],\"inLanguage\":\"nb-NO\"},{\"@type\":\"Organization\",\"@id\":\"https:\/\/staging.forenteforlag.no\/forlaget\/#organization\",\"name\":\"Forlaget Press\",\"url\":\"https:\/\/staging.forenteforlag.no\/forlaget\/\",\"logo\":{\"@type\":\"ImageObject\",\"inLanguage\":\"nb-NO\",\"@id\":\"https:\/\/staging.forenteforlag.no\/forlaget\/#\/schema\/logo\/image\/\",\"url\":\"https:\/\/staging.forenteforlag.no\/forlaget\/wp-content\/uploads\/sites\/3\/2024\/09\/Press_logo.svg\",\"contentUrl\":\"https:\/\/staging.forenteforlag.no\/forlaget\/wp-content\/uploads\/sites\/3\/2024\/09\/Press_logo.svg\",\"width\":100,\"height\":100,\"caption\":\"Forlaget Press\"},\"image\":{\"@id\":\"https:\/\/staging.forenteforlag.no\/forlaget\/#\/schema\/logo\/image\/\"},\"sameAs\":[\"https:\/\/www.facebook.com\/Forlagetpress\"]}]}<\/script>\n<!-- \/ Yoast SEO plugin. -->","yoast_head_json":{"title":"Kintu - Forlaget Press","robots":{"index":"noindex","follow":"follow","max-snippet":"max-snippet:-1","max-image-preview":"max-image-preview:large","max-video-preview":"max-video-preview:-1"},"og_locale":"nb_NO","og_type":"article","og_title":"Kintu - Forlaget Press","og_description":"En moderne klassiker som levendegj\u00f8r Ugandas urolige historie gjennom Kintu-klanens forbannede blodlinje.BUGANDA 1750. Kintu Kidda reiser til hovedstaden for \u00e5 sverge trofasthet til den nye lederen i Bugandakonged\u00f8mmet. Underveis utl\u00f8ser han en forbannelse som vil hjems\u00f8ke hans familie gjennom generasjoner.UGANDA 2004. En mann blir drept av en folkemengde etter \u00e5 ha blitt feilaktig beskyldt for [&hellip;]","og_url":"https:\/\/staging.forenteforlag.no\/forlaget\/produkt\/kintu-3\/","og_site_name":"Forlaget Press","article_publisher":"https:\/\/www.facebook.com\/Forlagetpress","article_modified_time":"2026-03-03T17:48:28+00:00","og_image":[{"width":720,"height":1056,"url":"https:\/\/staging.forenteforlag.no\/forlaget\/wp-content\/uploads\/sites\/3\/2026\/02\/9788232807147.jpg","type":"image\/jpeg"}],"twitter_card":"summary_large_image","twitter_misc":{"Ansl. lesetid":"1 minutt"},"schema":{"@context":"https:\/\/schema.org","@graph":[{"@type":"WebPage","@id":"https:\/\/staging.forenteforlag.no\/forlaget\/produkt\/kintu-3\/","url":"https:\/\/staging.forenteforlag.no\/forlaget\/produkt\/kintu-3\/","name":"Kintu - Forlaget Press","isPartOf":{"@id":"https:\/\/staging.forenteforlag.no\/forlaget\/#website"},"primaryImageOfPage":{"@id":"https:\/\/staging.forenteforlag.no\/forlaget\/produkt\/kintu-3\/#primaryimage"},"image":{"@id":"https:\/\/staging.forenteforlag.no\/forlaget\/produkt\/kintu-3\/#primaryimage"},"thumbnailUrl":"https:\/\/staging.forenteforlag.no\/forlaget\/wp-content\/uploads\/sites\/3\/2026\/02\/9788232807147.jpg","datePublished":"2025-03-13T14:36:59+00:00","dateModified":"2026-03-03T17:48:28+00:00","breadcrumb":{"@id":"https:\/\/staging.forenteforlag.no\/forlaget\/produkt\/kintu-3\/#breadcrumb"},"inLanguage":"nb-NO","potentialAction":[{"@type":"ReadAction","target":["https:\/\/staging.forenteforlag.no\/forlaget\/produkt\/kintu-3\/"]}]},{"@type":"ImageObject","inLanguage":"nb-NO","@id":"https:\/\/staging.forenteforlag.no\/forlaget\/produkt\/kintu-3\/#primaryimage","url":"https:\/\/staging.forenteforlag.no\/forlaget\/wp-content\/uploads\/sites\/3\/2026\/02\/9788232807147.jpg","contentUrl":"https:\/\/staging.forenteforlag.no\/forlaget\/wp-content\/uploads\/sites\/3\/2026\/02\/9788232807147.jpg","width":720,"height":1056},{"@type":"BreadcrumbList","@id":"https:\/\/staging.forenteforlag.no\/forlaget\/produkt\/kintu-3\/#breadcrumb","itemListElement":[{"@type":"ListItem","position":1,"name":"Hjem","item":"https:\/\/staging.forenteforlag.no\/forlaget\/"},{"@type":"ListItem","position":2,"name":"Alle b\u00f8ker","item":"https:\/\/staging.forenteforlag.no\/forlaget\/butikk\/"},{"@type":"ListItem","position":3,"name":"Kintu"}]},{"@type":"WebSite","@id":"https:\/\/staging.forenteforlag.no\/forlaget\/#website","url":"https:\/\/staging.forenteforlag.no\/forlaget\/","name":"Forlaget Press","description":"","publisher":{"@id":"https:\/\/staging.forenteforlag.no\/forlaget\/#organization"},"potentialAction":[{"@type":"SearchAction","target":{"@type":"EntryPoint","urlTemplate":"https:\/\/staging.forenteforlag.no\/forlaget\/?s={search_term_string}"},"query-input":{"@type":"PropertyValueSpecification","valueRequired":true,"valueName":"search_term_string"}}],"inLanguage":"nb-NO"},{"@type":"Organization","@id":"https:\/\/staging.forenteforlag.no\/forlaget\/#organization","name":"Forlaget Press","url":"https:\/\/staging.forenteforlag.no\/forlaget\/","logo":{"@type":"ImageObject","inLanguage":"nb-NO","@id":"https:\/\/staging.forenteforlag.no\/forlaget\/#\/schema\/logo\/image\/","url":"https:\/\/staging.forenteforlag.no\/forlaget\/wp-content\/uploads\/sites\/3\/2024\/09\/Press_logo.svg","contentUrl":"https:\/\/staging.forenteforlag.no\/forlaget\/wp-content\/uploads\/sites\/3\/2024\/09\/Press_logo.svg","width":100,"height":100,"caption":"Forlaget Press"},"image":{"@id":"https:\/\/staging.forenteforlag.no\/forlaget\/#\/schema\/logo\/image\/"},"sameAs":["https:\/\/www.facebook.com\/Forlagetpress"]}]}},"_links":{"self":[{"href":"https:\/\/staging.forenteforlag.no\/forlaget\/wp-json\/wp\/v2\/product\/22867","targetHints":{"allow":["GET"]}}],"collection":[{"href":"https:\/\/staging.forenteforlag.no\/forlaget\/wp-json\/wp\/v2\/product"}],"about":[{"href":"https:\/\/staging.forenteforlag.no\/forlaget\/wp-json\/wp\/v2\/types\/product"}],"wp:featuredmedia":[{"embeddable":true,"href":"https:\/\/staging.forenteforlag.no\/forlaget\/wp-json\/wp\/v2\/media\/26601"}],"wp:attachment":[{"href":"https:\/\/staging.forenteforlag.no\/forlaget\/wp-json\/wp\/v2\/media?parent=22867"}],"wp:term":[{"taxonomy":"product_brand","embeddable":true,"href":"https:\/\/staging.forenteforlag.no\/forlaget\/wp-json\/wp\/v2\/product_brand?post=22867"},{"taxonomy":"product_cat","embeddable":true,"href":"https:\/\/staging.forenteforlag.no\/forlaget\/wp-json\/wp\/v2\/product_cat?post=22867"},{"taxonomy":"product_tag","embeddable":true,"href":"https:\/\/staging.forenteforlag.no\/forlaget\/wp-json\/wp\/v2\/product_tag?post=22867"}],"curies":[{"name":"wp","href":"https:\/\/api.w.org\/{rel}","templated":true}]}}