{"id":22476,"date":"2024-07-25T02:00:00","date_gmt":"2024-07-25T00:00:00","guid":{"rendered":"https:\/\/forlagetpress.forenteforlag.no\/produkt\/om-utregning-av-romfang-11\/"},"modified":"2026-03-02T17:06:32","modified_gmt":"2026-03-02T16:06:32","slug":"om-utregning-av-romfang-11","status":"publish","type":"product","link":"https:\/\/staging.forenteforlag.no\/forlaget\/produkt\/om-utregning-av-romfang-11\/","title":{"rendered":"Om utregning av romfang"},"content":{"rendered":"<p>Tara Selter er fortsatt fanget i 18. november. Men det betyr ikke at \u00e5rene ikke g\u00e5r. Over tolv \u00e5r er g\u00e5tt og Tara er ikke lenger den hun var. Hun ser rynker n\u00e5r hun ser seg selv i speilet og hun velter vannglass fordi synet er blitt d\u00e5rligere. &lt;br&gt;&lt;br&gt;I huset i Bremen hvor stadig flere tidsfanger har dukket opp, begynner det \u00e5 bli knapt med b\u00e5de plass og ressurser. De setter derfor kursen mot Val Beno\u00eet \u2013 et forlatt universitetsomr\u00e5de i utkanten av Li\u00e8ge. &lt;br&gt;&lt;br&gt;&lt;em&gt;Om utregning av romfang &lt;\/em&gt;er et helt s\u00e6regent litter\u00e6rt prosjekt som p\u00e5 kort tid har oppn\u00e5dd internasjonal suksess. De tre f\u00f8rste b\u00f8kene av det som til slutt skal bli til sju bind fikk i 2022 Nordisk r\u00e5ds litteraturpris. Verket er n\u00e5 klar for utgivelse i over tjue land. &lt;br&gt;&lt;br&gt;&lt;br&gt;<\/p>\n","protected":false},"excerpt":{"rendered":"<p>Tara Selter er fortsatt fanget i 18. november. Men det betyr ikke at \u00e5rene ikke g\u00e5r. Over tolv \u00e5r er g\u00e5tt og Tara er ikke lenger den hun var. Hun ser rynker n\u00e5r hun ser seg selv i speilet og hun velter vannglass fordi synet er blitt d\u00e5rligere. &lt;br&gt;&lt;br&gt;I huset i Bremen hvor stadig flere [&hellip;]<\/p>\n","protected":false},"featured_media":26572,"template":"","meta":{"_acf_changed":false,"inline_featured_image":false},"product_brand":[],"product_cat":[1781],"product_tag":[370],"class_list":{"0":"post-22476","1":"product","2":"type-product","3":"status-publish","4":"has-post-thumbnail","6":"product_cat-rabattkodekampanje","7":"product_tag-skjonnlitteratur","9":"first","10":"instock","11":"shipping-taxable","12":"purchasable","13":"product-type-simple"},"acf":{"anmeldelse":[{"tekst_anmeldelser":"Det er eit storverk der intensiteten i livskjensla og energien i tankespranga n\u00e6rast kappast om \u00e5 overg\u00e5 kvarandre.","av_anmeldelser":"Eivind Myklebust","terningkast":false,"kilde":"Klassekampen"},{"tekst_anmeldelser":"Solvej Balle har oss p\u00e5 gaffelen. Det er nesten uutholdelig, men vi venter t\u00e5lmodig p\u00e5 fortsettelsen.","av_anmeldelser":"Sigmund Jensen","terningkast":"<i class=\"fa-solid fa-dice-five\"><\/i>","kilde":"Stavanger Aftenblad"}]},"yoast_head":"<!-- This site is optimized with the Yoast SEO plugin v26.6 - https:\/\/yoast.com\/wordpress\/plugins\/seo\/ -->\n<title>Om utregning av romfang - Forlaget Press<\/title>\n<meta name=\"robots\" content=\"noindex, follow, max-snippet:-1, max-image-preview:large, max-video-preview:-1\" \/>\n<meta property=\"og:locale\" content=\"nb_NO\" \/>\n<meta property=\"og:type\" content=\"article\" \/>\n<meta property=\"og:title\" content=\"Om utregning av romfang - Forlaget Press\" \/>\n<meta property=\"og:description\" content=\"Tara Selter er fortsatt fanget i 18. november. Men det betyr ikke at \u00e5rene ikke g\u00e5r. Over tolv \u00e5r er g\u00e5tt og Tara er ikke lenger den hun var. Hun ser rynker n\u00e5r hun ser seg selv i speilet og hun velter vannglass fordi synet er blitt d\u00e5rligere. &lt;br&gt;&lt;br&gt;I huset i Bremen hvor stadig flere [&hellip;]\" \/>\n<meta property=\"og:url\" content=\"https:\/\/staging.forenteforlag.no\/forlaget\/produkt\/om-utregning-av-romfang-11\/\" \/>\n<meta property=\"og:site_name\" content=\"Forlaget Press\" \/>\n<meta property=\"article:publisher\" content=\"https:\/\/www.facebook.com\/Forlagetpress\" \/>\n<meta property=\"article:modified_time\" content=\"2026-03-02T16:06:32+00:00\" \/>\n<meta property=\"og:image\" content=\"https:\/\/staging.forenteforlag.no\/forlaget\/wp-content\/uploads\/sites\/3\/2026\/02\/9788232806485.jpg\" \/>\n\t<meta property=\"og:image:width\" content=\"720\" \/>\n\t<meta property=\"og:image:height\" content=\"1110\" \/>\n\t<meta property=\"og:image:type\" content=\"image\/jpeg\" \/>\n<meta name=\"twitter:card\" content=\"summary_large_image\" \/>\n<meta name=\"twitter:label1\" content=\"Ansl. lesetid\" \/>\n\t<meta name=\"twitter:data1\" content=\"1 minutt\" \/>\n<script type=\"application\/ld+json\" class=\"yoast-schema-graph\">{\"@context\":\"https:\/\/schema.org\",\"@graph\":[{\"@type\":\"WebPage\",\"@id\":\"https:\/\/staging.forenteforlag.no\/forlaget\/produkt\/om-utregning-av-romfang-11\/\",\"url\":\"https:\/\/staging.forenteforlag.no\/forlaget\/produkt\/om-utregning-av-romfang-11\/\",\"name\":\"Om utregning av romfang - Forlaget Press\",\"isPartOf\":{\"@id\":\"https:\/\/staging.forenteforlag.no\/forlaget\/#website\"},\"primaryImageOfPage\":{\"@id\":\"https:\/\/staging.forenteforlag.no\/forlaget\/produkt\/om-utregning-av-romfang-11\/#primaryimage\"},\"image\":{\"@id\":\"https:\/\/staging.forenteforlag.no\/forlaget\/produkt\/om-utregning-av-romfang-11\/#primaryimage\"},\"thumbnailUrl\":\"https:\/\/staging.forenteforlag.no\/forlaget\/wp-content\/uploads\/sites\/3\/2026\/02\/9788232806485.jpg\",\"datePublished\":\"2024-07-25T00:00:00+00:00\",\"dateModified\":\"2026-03-02T16:06:32+00:00\",\"breadcrumb\":{\"@id\":\"https:\/\/staging.forenteforlag.no\/forlaget\/produkt\/om-utregning-av-romfang-11\/#breadcrumb\"},\"inLanguage\":\"nb-NO\",\"potentialAction\":[{\"@type\":\"ReadAction\",\"target\":[\"https:\/\/staging.forenteforlag.no\/forlaget\/produkt\/om-utregning-av-romfang-11\/\"]}]},{\"@type\":\"ImageObject\",\"inLanguage\":\"nb-NO\",\"@id\":\"https:\/\/staging.forenteforlag.no\/forlaget\/produkt\/om-utregning-av-romfang-11\/#primaryimage\",\"url\":\"https:\/\/staging.forenteforlag.no\/forlaget\/wp-content\/uploads\/sites\/3\/2026\/02\/9788232806485.jpg\",\"contentUrl\":\"https:\/\/staging.forenteforlag.no\/forlaget\/wp-content\/uploads\/sites\/3\/2026\/02\/9788232806485.jpg\",\"width\":720,\"height\":1110},{\"@type\":\"BreadcrumbList\",\"@id\":\"https:\/\/staging.forenteforlag.no\/forlaget\/produkt\/om-utregning-av-romfang-11\/#breadcrumb\",\"itemListElement\":[{\"@type\":\"ListItem\",\"position\":1,\"name\":\"Hjem\",\"item\":\"https:\/\/staging.forenteforlag.no\/forlaget\/\"},{\"@type\":\"ListItem\",\"position\":2,\"name\":\"Alle b\u00f8ker\",\"item\":\"https:\/\/staging.forenteforlag.no\/forlaget\/butikk\/\"},{\"@type\":\"ListItem\",\"position\":3,\"name\":\"Om utregning av romfang\"}]},{\"@type\":\"WebSite\",\"@id\":\"https:\/\/staging.forenteforlag.no\/forlaget\/#website\",\"url\":\"https:\/\/staging.forenteforlag.no\/forlaget\/\",\"name\":\"Forlaget Press\",\"description\":\"\",\"publisher\":{\"@id\":\"https:\/\/staging.forenteforlag.no\/forlaget\/#organization\"},\"potentialAction\":[{\"@type\":\"SearchAction\",\"target\":{\"@type\":\"EntryPoint\",\"urlTemplate\":\"https:\/\/staging.forenteforlag.no\/forlaget\/?s={search_term_string}\"},\"query-input\":{\"@type\":\"PropertyValueSpecification\",\"valueRequired\":true,\"valueName\":\"search_term_string\"}}],\"inLanguage\":\"nb-NO\"},{\"@type\":\"Organization\",\"@id\":\"https:\/\/staging.forenteforlag.no\/forlaget\/#organization\",\"name\":\"Forlaget Press\",\"url\":\"https:\/\/staging.forenteforlag.no\/forlaget\/\",\"logo\":{\"@type\":\"ImageObject\",\"inLanguage\":\"nb-NO\",\"@id\":\"https:\/\/staging.forenteforlag.no\/forlaget\/#\/schema\/logo\/image\/\",\"url\":\"https:\/\/staging.forenteforlag.no\/forlaget\/wp-content\/uploads\/sites\/3\/2024\/09\/Press_logo.svg\",\"contentUrl\":\"https:\/\/staging.forenteforlag.no\/forlaget\/wp-content\/uploads\/sites\/3\/2024\/09\/Press_logo.svg\",\"width\":100,\"height\":100,\"caption\":\"Forlaget Press\"},\"image\":{\"@id\":\"https:\/\/staging.forenteforlag.no\/forlaget\/#\/schema\/logo\/image\/\"},\"sameAs\":[\"https:\/\/www.facebook.com\/Forlagetpress\"]}]}<\/script>\n<!-- \/ Yoast SEO plugin. -->","yoast_head_json":{"title":"Om utregning av romfang - Forlaget Press","robots":{"index":"noindex","follow":"follow","max-snippet":"max-snippet:-1","max-image-preview":"max-image-preview:large","max-video-preview":"max-video-preview:-1"},"og_locale":"nb_NO","og_type":"article","og_title":"Om utregning av romfang - Forlaget Press","og_description":"Tara Selter er fortsatt fanget i 18. november. Men det betyr ikke at \u00e5rene ikke g\u00e5r. Over tolv \u00e5r er g\u00e5tt og Tara er ikke lenger den hun var. Hun ser rynker n\u00e5r hun ser seg selv i speilet og hun velter vannglass fordi synet er blitt d\u00e5rligere. &lt;br&gt;&lt;br&gt;I huset i Bremen hvor stadig flere [&hellip;]","og_url":"https:\/\/staging.forenteforlag.no\/forlaget\/produkt\/om-utregning-av-romfang-11\/","og_site_name":"Forlaget Press","article_publisher":"https:\/\/www.facebook.com\/Forlagetpress","article_modified_time":"2026-03-02T16:06:32+00:00","og_image":[{"width":720,"height":1110,"url":"https:\/\/staging.forenteforlag.no\/forlaget\/wp-content\/uploads\/sites\/3\/2026\/02\/9788232806485.jpg","type":"image\/jpeg"}],"twitter_card":"summary_large_image","twitter_misc":{"Ansl. lesetid":"1 minutt"},"schema":{"@context":"https:\/\/schema.org","@graph":[{"@type":"WebPage","@id":"https:\/\/staging.forenteforlag.no\/forlaget\/produkt\/om-utregning-av-romfang-11\/","url":"https:\/\/staging.forenteforlag.no\/forlaget\/produkt\/om-utregning-av-romfang-11\/","name":"Om utregning av romfang - Forlaget Press","isPartOf":{"@id":"https:\/\/staging.forenteforlag.no\/forlaget\/#website"},"primaryImageOfPage":{"@id":"https:\/\/staging.forenteforlag.no\/forlaget\/produkt\/om-utregning-av-romfang-11\/#primaryimage"},"image":{"@id":"https:\/\/staging.forenteforlag.no\/forlaget\/produkt\/om-utregning-av-romfang-11\/#primaryimage"},"thumbnailUrl":"https:\/\/staging.forenteforlag.no\/forlaget\/wp-content\/uploads\/sites\/3\/2026\/02\/9788232806485.jpg","datePublished":"2024-07-25T00:00:00+00:00","dateModified":"2026-03-02T16:06:32+00:00","breadcrumb":{"@id":"https:\/\/staging.forenteforlag.no\/forlaget\/produkt\/om-utregning-av-romfang-11\/#breadcrumb"},"inLanguage":"nb-NO","potentialAction":[{"@type":"ReadAction","target":["https:\/\/staging.forenteforlag.no\/forlaget\/produkt\/om-utregning-av-romfang-11\/"]}]},{"@type":"ImageObject","inLanguage":"nb-NO","@id":"https:\/\/staging.forenteforlag.no\/forlaget\/produkt\/om-utregning-av-romfang-11\/#primaryimage","url":"https:\/\/staging.forenteforlag.no\/forlaget\/wp-content\/uploads\/sites\/3\/2026\/02\/9788232806485.jpg","contentUrl":"https:\/\/staging.forenteforlag.no\/forlaget\/wp-content\/uploads\/sites\/3\/2026\/02\/9788232806485.jpg","width":720,"height":1110},{"@type":"BreadcrumbList","@id":"https:\/\/staging.forenteforlag.no\/forlaget\/produkt\/om-utregning-av-romfang-11\/#breadcrumb","itemListElement":[{"@type":"ListItem","position":1,"name":"Hjem","item":"https:\/\/staging.forenteforlag.no\/forlaget\/"},{"@type":"ListItem","position":2,"name":"Alle b\u00f8ker","item":"https:\/\/staging.forenteforlag.no\/forlaget\/butikk\/"},{"@type":"ListItem","position":3,"name":"Om utregning av romfang"}]},{"@type":"WebSite","@id":"https:\/\/staging.forenteforlag.no\/forlaget\/#website","url":"https:\/\/staging.forenteforlag.no\/forlaget\/","name":"Forlaget Press","description":"","publisher":{"@id":"https:\/\/staging.forenteforlag.no\/forlaget\/#organization"},"potentialAction":[{"@type":"SearchAction","target":{"@type":"EntryPoint","urlTemplate":"https:\/\/staging.forenteforlag.no\/forlaget\/?s={search_term_string}"},"query-input":{"@type":"PropertyValueSpecification","valueRequired":true,"valueName":"search_term_string"}}],"inLanguage":"nb-NO"},{"@type":"Organization","@id":"https:\/\/staging.forenteforlag.no\/forlaget\/#organization","name":"Forlaget Press","url":"https:\/\/staging.forenteforlag.no\/forlaget\/","logo":{"@type":"ImageObject","inLanguage":"nb-NO","@id":"https:\/\/staging.forenteforlag.no\/forlaget\/#\/schema\/logo\/image\/","url":"https:\/\/staging.forenteforlag.no\/forlaget\/wp-content\/uploads\/sites\/3\/2024\/09\/Press_logo.svg","contentUrl":"https:\/\/staging.forenteforlag.no\/forlaget\/wp-content\/uploads\/sites\/3\/2024\/09\/Press_logo.svg","width":100,"height":100,"caption":"Forlaget Press"},"image":{"@id":"https:\/\/staging.forenteforlag.no\/forlaget\/#\/schema\/logo\/image\/"},"sameAs":["https:\/\/www.facebook.com\/Forlagetpress"]}]}},"_links":{"self":[{"href":"https:\/\/staging.forenteforlag.no\/forlaget\/wp-json\/wp\/v2\/product\/22476","targetHints":{"allow":["GET"]}}],"collection":[{"href":"https:\/\/staging.forenteforlag.no\/forlaget\/wp-json\/wp\/v2\/product"}],"about":[{"href":"https:\/\/staging.forenteforlag.no\/forlaget\/wp-json\/wp\/v2\/types\/product"}],"wp:featuredmedia":[{"embeddable":true,"href":"https:\/\/staging.forenteforlag.no\/forlaget\/wp-json\/wp\/v2\/media\/26572"}],"wp:attachment":[{"href":"https:\/\/staging.forenteforlag.no\/forlaget\/wp-json\/wp\/v2\/media?parent=22476"}],"wp:term":[{"taxonomy":"product_brand","embeddable":true,"href":"https:\/\/staging.forenteforlag.no\/forlaget\/wp-json\/wp\/v2\/product_brand?post=22476"},{"taxonomy":"product_cat","embeddable":true,"href":"https:\/\/staging.forenteforlag.no\/forlaget\/wp-json\/wp\/v2\/product_cat?post=22476"},{"taxonomy":"product_tag","embeddable":true,"href":"https:\/\/staging.forenteforlag.no\/forlaget\/wp-json\/wp\/v2\/product_tag?post=22476"}],"curies":[{"name":"wp","href":"https:\/\/api.w.org\/{rel}","templated":true}]}}