{"id":22450,"date":"2022-02-11T01:00:00","date_gmt":"2022-02-11T00:00:00","guid":{"rendered":"https:\/\/forlagetpress.forenteforlag.no\/produkt\/the-hollywood-brats-2\/"},"modified":"2026-03-04T13:57:33","modified_gmt":"2026-03-04T12:57:33","slug":"the-hollywood-brats-2","status":"publish","type":"product","link":"https:\/\/staging.forenteforlag.no\/forlaget\/produkt\/the-hollywood-brats-2\/","title":{"rendered":"The Hollywood Brats"},"content":{"rendered":"<p>Den katastrofale historien om det st\u00f8rste bandet du aldri har h\u00f8rt om. <\/p>\n<p>I f\u00f8rste halvdel av 1970-\u00e5rene var The Hollywood Brats pionerer p\u00e5 den britiske glam- og punkrockscenen, og frontfigur Andrew Matheson forteller i denne boka levende om hvordan dette rockeeventyret utspilte seg &#8211; om slagsm\u00e5l med Freddie Mercury p\u00e5 Marquee Club, hjemme alene-fest hos Cliff Richard og mye, mye mer &#8211; og om hvordan suksessen ble revet fra dem gjennom en serie uheldige omstendigheter, noe som blant mye annet involverte den engelske mafiaen.  <\/p>\n<p>Denne historien handler ogs\u00e5 om en norsk ten\u00e5ring, som tidlig p\u00e5 1970-tallet reiste til London for \u00e5 s\u00f8ke lykken som musiker. Casino Steel var en h\u00e5rsbredd fra \u00e5 bli den britiske punkrockens faneb\u00e6rer som Mathesons blodsbror i The Hollywood Brats. Denne boka er med andre ord ogs\u00e5 et stykke norsk rockehistorie.  <\/p>\n<p>Boka om The Hollywood Brats har blitt hyllet som en av tidenes beste rockememoarer, og den er utropt til \u00ab\u00c5rets bok\u00bb av britiske musikkmagasiner som Mojo og Uncut. Den har ogs\u00e5 blitt sammenlignet med kultfilmer som Withnail and I og Spinal Tap.<\/p>\n","protected":false},"excerpt":{"rendered":"<p>Den katastrofale historien om det st\u00f8rste bandet du aldri har h\u00f8rt om. I f\u00f8rste halvdel av 1970-\u00e5rene var The Hollywood Brats pionerer p\u00e5 den britiske glam- og punkrockscenen, og frontfigur Andrew Matheson forteller i denne boka levende om hvordan dette rockeeventyret utspilte seg &#8211; om slagsm\u00e5l med Freddie Mercury p\u00e5 Marquee Club, hjemme alene-fest hos [&hellip;]<\/p>\n","protected":false},"featured_media":26468,"template":"","meta":{"_acf_changed":false,"inline_featured_image":false},"product_brand":[],"product_cat":[1781],"product_tag":[473,362,472,474,417,428],"class_list":{"0":"post-22450","1":"product","2":"type-product","3":"status-publish","4":"has-post-thumbnail","6":"product_cat-rabattkodekampanje","7":"product_tag-1970-1979","8":"product_tag-faglitteratur","9":"product_tag-musikkgrupper","10":"product_tag-pop-og-rock","11":"product_tag-selvbiografier","12":"product_tag-storbritannia","14":"first","15":"instock","16":"shipping-taxable","17":"purchasable","18":"product-type-simple"},"acf":{"anmeldelse":[{"tekst_anmeldelser":"\u00abDu kommer til \u00e5 f\u00f8le behov for en dusj etter lesing, men du verden s\u00e5 underholdende. Akkurat som rocken selv!\u00bb","av_anmeldelser":"Audun Vinger","terningkast":false,"kilde":"Dagens N\u00e6ringsliv"},{"tekst_anmeldelser":"\u00abMesterverk av en memoarbok.  Herved anbefalt, for alle som liker en god historie om d\u00e5rlige valg i livet.\u00bb","av_anmeldelser":"Arvid Skancke-Knutsen","terningkast":false,"kilde":"Klassekampen"},{"tekst_anmeldelser":"\u00abSannsynligvis den beste rockebiografien som noen gang er skrevet.  (...) det er en hel dr\u00f8ss med fantastisk morsomme episoder, i all elendigheten, skrevet i et voldsomt tr\u00f8kk, i et elektrisk overskudd som viser at Andrew Matheson er en stilist helt p\u00e5 h\u00f8yde med Raymond Chandlers litter\u00e6re slagkraft.\u00bb","av_anmeldelser":"","terningkast":"<i class=\"fa-solid fa-dice-six\"><\/i>","kilde":"Adresseavisen"},{"tekst_anmeldelser":"\u00abRock'n'roll p\u00e5 sitt katastrofalt beste ... helt briljant. Matheson er en f\u00f8rsteklasses forteller, og han gjenskaper rockescenen fra den gang p\u00e5 n\u00e6rmest urovekkende vis.\u00bb","av_anmeldelser":"","terningkast":false,"kilde":"Classic Rock"},{"tekst_anmeldelser":"\u00abJeg ler s\u00e5 jeg griner. Dette er rock'n'roll-historie som gj\u00f8r \u00abSpinal Tap\u00bb til et barnslig vorspiel. Kan det v\u00e6re sant? tenker du kanskje underveis. Jeg velger \u00e5 tro hvert ord.\u00bb","av_anmeldelser":"Arild R\u00f8nsen","terningkast":false,"kilde":"Puls"},{"tekst_anmeldelser":"\u00abEn glitrende fiasko.\u00bb","av_anmeldelser":"Geir Rakvaag","terningkast":false,"kilde":"Dagsavisen"},{"tekst_anmeldelser":"\u00abEn vill og hysterisk historie ... dette er trolig den mest underholdende musikkmemoar som noen gang er skrevet.\u00bb","av_anmeldelser":"","terningkast":false,"kilde":"The Independent"}]},"yoast_head":"<!-- This site is optimized with the Yoast SEO plugin v26.6 - https:\/\/yoast.com\/wordpress\/plugins\/seo\/ -->\n<title>The Hollywood Brats - Forlaget Press<\/title>\n<meta name=\"robots\" content=\"noindex, follow, max-snippet:-1, max-image-preview:large, max-video-preview:-1\" \/>\n<meta property=\"og:locale\" content=\"nb_NO\" \/>\n<meta property=\"og:type\" content=\"article\" \/>\n<meta property=\"og:title\" content=\"The Hollywood Brats - Forlaget Press\" \/>\n<meta property=\"og:description\" content=\"Den katastrofale historien om det st\u00f8rste bandet du aldri har h\u00f8rt om. I f\u00f8rste halvdel av 1970-\u00e5rene var The Hollywood Brats pionerer p\u00e5 den britiske glam- og punkrockscenen, og frontfigur Andrew Matheson forteller i denne boka levende om hvordan dette rockeeventyret utspilte seg &#8211; om slagsm\u00e5l med Freddie Mercury p\u00e5 Marquee Club, hjemme alene-fest hos [&hellip;]\" \/>\n<meta property=\"og:url\" content=\"https:\/\/staging.forenteforlag.no\/forlaget\/produkt\/the-hollywood-brats-2\/\" \/>\n<meta property=\"og:site_name\" content=\"Forlaget Press\" \/>\n<meta property=\"article:publisher\" content=\"https:\/\/www.facebook.com\/Forlagetpress\" \/>\n<meta property=\"article:modified_time\" content=\"2026-03-04T12:57:33+00:00\" \/>\n<meta property=\"og:image\" content=\"https:\/\/staging.forenteforlag.no\/forlaget\/wp-content\/uploads\/sites\/3\/2026\/02\/9788232804672.jpg\" \/>\n\t<meta property=\"og:image:width\" content=\"720\" \/>\n\t<meta property=\"og:image:height\" content=\"1106\" \/>\n\t<meta property=\"og:image:type\" content=\"image\/jpeg\" \/>\n<meta name=\"twitter:card\" content=\"summary_large_image\" \/>\n<meta name=\"twitter:label1\" content=\"Ansl. lesetid\" \/>\n\t<meta name=\"twitter:data1\" content=\"1 minutt\" \/>\n<script type=\"application\/ld+json\" class=\"yoast-schema-graph\">{\"@context\":\"https:\/\/schema.org\",\"@graph\":[{\"@type\":\"WebPage\",\"@id\":\"https:\/\/staging.forenteforlag.no\/forlaget\/produkt\/the-hollywood-brats-2\/\",\"url\":\"https:\/\/staging.forenteforlag.no\/forlaget\/produkt\/the-hollywood-brats-2\/\",\"name\":\"The Hollywood Brats - Forlaget Press\",\"isPartOf\":{\"@id\":\"https:\/\/staging.forenteforlag.no\/forlaget\/#website\"},\"primaryImageOfPage\":{\"@id\":\"https:\/\/staging.forenteforlag.no\/forlaget\/produkt\/the-hollywood-brats-2\/#primaryimage\"},\"image\":{\"@id\":\"https:\/\/staging.forenteforlag.no\/forlaget\/produkt\/the-hollywood-brats-2\/#primaryimage\"},\"thumbnailUrl\":\"https:\/\/staging.forenteforlag.no\/forlaget\/wp-content\/uploads\/sites\/3\/2026\/02\/9788232804672.jpg\",\"datePublished\":\"2022-02-11T00:00:00+00:00\",\"dateModified\":\"2026-03-04T12:57:33+00:00\",\"breadcrumb\":{\"@id\":\"https:\/\/staging.forenteforlag.no\/forlaget\/produkt\/the-hollywood-brats-2\/#breadcrumb\"},\"inLanguage\":\"nb-NO\",\"potentialAction\":[{\"@type\":\"ReadAction\",\"target\":[\"https:\/\/staging.forenteforlag.no\/forlaget\/produkt\/the-hollywood-brats-2\/\"]}]},{\"@type\":\"ImageObject\",\"inLanguage\":\"nb-NO\",\"@id\":\"https:\/\/staging.forenteforlag.no\/forlaget\/produkt\/the-hollywood-brats-2\/#primaryimage\",\"url\":\"https:\/\/staging.forenteforlag.no\/forlaget\/wp-content\/uploads\/sites\/3\/2026\/02\/9788232804672.jpg\",\"contentUrl\":\"https:\/\/staging.forenteforlag.no\/forlaget\/wp-content\/uploads\/sites\/3\/2026\/02\/9788232804672.jpg\",\"width\":720,\"height\":1106},{\"@type\":\"BreadcrumbList\",\"@id\":\"https:\/\/staging.forenteforlag.no\/forlaget\/produkt\/the-hollywood-brats-2\/#breadcrumb\",\"itemListElement\":[{\"@type\":\"ListItem\",\"position\":1,\"name\":\"Hjem\",\"item\":\"https:\/\/staging.forenteforlag.no\/forlaget\/\"},{\"@type\":\"ListItem\",\"position\":2,\"name\":\"Alle b\u00f8ker\",\"item\":\"https:\/\/staging.forenteforlag.no\/forlaget\/butikk\/\"},{\"@type\":\"ListItem\",\"position\":3,\"name\":\"The Hollywood Brats\"}]},{\"@type\":\"WebSite\",\"@id\":\"https:\/\/staging.forenteforlag.no\/forlaget\/#website\",\"url\":\"https:\/\/staging.forenteforlag.no\/forlaget\/\",\"name\":\"Forlaget Press\",\"description\":\"\",\"publisher\":{\"@id\":\"https:\/\/staging.forenteforlag.no\/forlaget\/#organization\"},\"potentialAction\":[{\"@type\":\"SearchAction\",\"target\":{\"@type\":\"EntryPoint\",\"urlTemplate\":\"https:\/\/staging.forenteforlag.no\/forlaget\/?s={search_term_string}\"},\"query-input\":{\"@type\":\"PropertyValueSpecification\",\"valueRequired\":true,\"valueName\":\"search_term_string\"}}],\"inLanguage\":\"nb-NO\"},{\"@type\":\"Organization\",\"@id\":\"https:\/\/staging.forenteforlag.no\/forlaget\/#organization\",\"name\":\"Forlaget Press\",\"url\":\"https:\/\/staging.forenteforlag.no\/forlaget\/\",\"logo\":{\"@type\":\"ImageObject\",\"inLanguage\":\"nb-NO\",\"@id\":\"https:\/\/staging.forenteforlag.no\/forlaget\/#\/schema\/logo\/image\/\",\"url\":\"https:\/\/staging.forenteforlag.no\/forlaget\/wp-content\/uploads\/sites\/3\/2024\/09\/Press_logo.svg\",\"contentUrl\":\"https:\/\/staging.forenteforlag.no\/forlaget\/wp-content\/uploads\/sites\/3\/2024\/09\/Press_logo.svg\",\"width\":100,\"height\":100,\"caption\":\"Forlaget Press\"},\"image\":{\"@id\":\"https:\/\/staging.forenteforlag.no\/forlaget\/#\/schema\/logo\/image\/\"},\"sameAs\":[\"https:\/\/www.facebook.com\/Forlagetpress\"]}]}<\/script>\n<!-- \/ Yoast SEO plugin. -->","yoast_head_json":{"title":"The Hollywood Brats - Forlaget Press","robots":{"index":"noindex","follow":"follow","max-snippet":"max-snippet:-1","max-image-preview":"max-image-preview:large","max-video-preview":"max-video-preview:-1"},"og_locale":"nb_NO","og_type":"article","og_title":"The Hollywood Brats - Forlaget Press","og_description":"Den katastrofale historien om det st\u00f8rste bandet du aldri har h\u00f8rt om. I f\u00f8rste halvdel av 1970-\u00e5rene var The Hollywood Brats pionerer p\u00e5 den britiske glam- og punkrockscenen, og frontfigur Andrew Matheson forteller i denne boka levende om hvordan dette rockeeventyret utspilte seg &#8211; om slagsm\u00e5l med Freddie Mercury p\u00e5 Marquee Club, hjemme alene-fest hos [&hellip;]","og_url":"https:\/\/staging.forenteforlag.no\/forlaget\/produkt\/the-hollywood-brats-2\/","og_site_name":"Forlaget Press","article_publisher":"https:\/\/www.facebook.com\/Forlagetpress","article_modified_time":"2026-03-04T12:57:33+00:00","og_image":[{"width":720,"height":1106,"url":"https:\/\/staging.forenteforlag.no\/forlaget\/wp-content\/uploads\/sites\/3\/2026\/02\/9788232804672.jpg","type":"image\/jpeg"}],"twitter_card":"summary_large_image","twitter_misc":{"Ansl. lesetid":"1 minutt"},"schema":{"@context":"https:\/\/schema.org","@graph":[{"@type":"WebPage","@id":"https:\/\/staging.forenteforlag.no\/forlaget\/produkt\/the-hollywood-brats-2\/","url":"https:\/\/staging.forenteforlag.no\/forlaget\/produkt\/the-hollywood-brats-2\/","name":"The Hollywood Brats - Forlaget Press","isPartOf":{"@id":"https:\/\/staging.forenteforlag.no\/forlaget\/#website"},"primaryImageOfPage":{"@id":"https:\/\/staging.forenteforlag.no\/forlaget\/produkt\/the-hollywood-brats-2\/#primaryimage"},"image":{"@id":"https:\/\/staging.forenteforlag.no\/forlaget\/produkt\/the-hollywood-brats-2\/#primaryimage"},"thumbnailUrl":"https:\/\/staging.forenteforlag.no\/forlaget\/wp-content\/uploads\/sites\/3\/2026\/02\/9788232804672.jpg","datePublished":"2022-02-11T00:00:00+00:00","dateModified":"2026-03-04T12:57:33+00:00","breadcrumb":{"@id":"https:\/\/staging.forenteforlag.no\/forlaget\/produkt\/the-hollywood-brats-2\/#breadcrumb"},"inLanguage":"nb-NO","potentialAction":[{"@type":"ReadAction","target":["https:\/\/staging.forenteforlag.no\/forlaget\/produkt\/the-hollywood-brats-2\/"]}]},{"@type":"ImageObject","inLanguage":"nb-NO","@id":"https:\/\/staging.forenteforlag.no\/forlaget\/produkt\/the-hollywood-brats-2\/#primaryimage","url":"https:\/\/staging.forenteforlag.no\/forlaget\/wp-content\/uploads\/sites\/3\/2026\/02\/9788232804672.jpg","contentUrl":"https:\/\/staging.forenteforlag.no\/forlaget\/wp-content\/uploads\/sites\/3\/2026\/02\/9788232804672.jpg","width":720,"height":1106},{"@type":"BreadcrumbList","@id":"https:\/\/staging.forenteforlag.no\/forlaget\/produkt\/the-hollywood-brats-2\/#breadcrumb","itemListElement":[{"@type":"ListItem","position":1,"name":"Hjem","item":"https:\/\/staging.forenteforlag.no\/forlaget\/"},{"@type":"ListItem","position":2,"name":"Alle b\u00f8ker","item":"https:\/\/staging.forenteforlag.no\/forlaget\/butikk\/"},{"@type":"ListItem","position":3,"name":"The Hollywood Brats"}]},{"@type":"WebSite","@id":"https:\/\/staging.forenteforlag.no\/forlaget\/#website","url":"https:\/\/staging.forenteforlag.no\/forlaget\/","name":"Forlaget Press","description":"","publisher":{"@id":"https:\/\/staging.forenteforlag.no\/forlaget\/#organization"},"potentialAction":[{"@type":"SearchAction","target":{"@type":"EntryPoint","urlTemplate":"https:\/\/staging.forenteforlag.no\/forlaget\/?s={search_term_string}"},"query-input":{"@type":"PropertyValueSpecification","valueRequired":true,"valueName":"search_term_string"}}],"inLanguage":"nb-NO"},{"@type":"Organization","@id":"https:\/\/staging.forenteforlag.no\/forlaget\/#organization","name":"Forlaget Press","url":"https:\/\/staging.forenteforlag.no\/forlaget\/","logo":{"@type":"ImageObject","inLanguage":"nb-NO","@id":"https:\/\/staging.forenteforlag.no\/forlaget\/#\/schema\/logo\/image\/","url":"https:\/\/staging.forenteforlag.no\/forlaget\/wp-content\/uploads\/sites\/3\/2024\/09\/Press_logo.svg","contentUrl":"https:\/\/staging.forenteforlag.no\/forlaget\/wp-content\/uploads\/sites\/3\/2024\/09\/Press_logo.svg","width":100,"height":100,"caption":"Forlaget Press"},"image":{"@id":"https:\/\/staging.forenteforlag.no\/forlaget\/#\/schema\/logo\/image\/"},"sameAs":["https:\/\/www.facebook.com\/Forlagetpress"]}]}},"_links":{"self":[{"href":"https:\/\/staging.forenteforlag.no\/forlaget\/wp-json\/wp\/v2\/product\/22450","targetHints":{"allow":["GET"]}}],"collection":[{"href":"https:\/\/staging.forenteforlag.no\/forlaget\/wp-json\/wp\/v2\/product"}],"about":[{"href":"https:\/\/staging.forenteforlag.no\/forlaget\/wp-json\/wp\/v2\/types\/product"}],"wp:featuredmedia":[{"embeddable":true,"href":"https:\/\/staging.forenteforlag.no\/forlaget\/wp-json\/wp\/v2\/media\/26468"}],"wp:attachment":[{"href":"https:\/\/staging.forenteforlag.no\/forlaget\/wp-json\/wp\/v2\/media?parent=22450"}],"wp:term":[{"taxonomy":"product_brand","embeddable":true,"href":"https:\/\/staging.forenteforlag.no\/forlaget\/wp-json\/wp\/v2\/product_brand?post=22450"},{"taxonomy":"product_cat","embeddable":true,"href":"https:\/\/staging.forenteforlag.no\/forlaget\/wp-json\/wp\/v2\/product_cat?post=22450"},{"taxonomy":"product_tag","embeddable":true,"href":"https:\/\/staging.forenteforlag.no\/forlaget\/wp-json\/wp\/v2\/product_tag?post=22450"}],"curies":[{"name":"wp","href":"https:\/\/api.w.org\/{rel}","templated":true}]}}