{"id":22447,"date":"2009-05-11T02:00:00","date_gmt":"2009-05-11T00:00:00","guid":{"rendered":"https:\/\/forlagetpress.forenteforlag.no\/produkt\/opplosning-4\/"},"modified":"2026-03-03T23:27:55","modified_gmt":"2026-03-03T22:27:55","slug":"opplosning-4","status":"publish","type":"product","link":"https:\/\/staging.forenteforlag.no\/forlaget\/produkt\/opplosning-4\/","title":{"rendered":"Oppl\u00f8sning"},"content":{"rendered":"<p>C.J. Sansom har h\u00f8stet stor anerkjennelse for sine historiske kriminalromaner. Han stod bak suksessen Vinter i Madrid som hentet sin handling fra den spanske borgerkrigen.   I oppl\u00f8sning m\u00f8ter vi den pukkelryggede advokaten Matthew Shardlake, som l\u00f8ser mordg\u00e5ter i Henrik 8.s England. Reformasjonen p\u00e5g\u00e5r, og Shardlake sendes til et kloster p\u00e5 s\u00f8rkysten av England p\u00e5 oppdrag fra Thomas Cromwell, kongens viseregent og en av reformasjonens frontfigurer. Cromwell leder oppl\u00f8sningen av det engelske klostervesenet, og Shardlake f\u00e5r i oppgave \u00e5 etterforske mordet p\u00e5 kongens utsending til munkeklosteret i Scarnsea. Det viser seg imidlertid snart at kongens utsending ikke er den eneste som har blitt drept. Munkene skjuler sine ulike hemmeligheter, og Shardlake gj\u00f8r oppdagelser som b\u00e5de rokker ved hans egne holdninger og setter livet hans i fare.<\/p>\n","protected":false},"excerpt":{"rendered":"<p>C.J. Sansom har h\u00f8stet stor anerkjennelse for sine historiske kriminalromaner. Han stod bak suksessen Vinter i Madrid som hentet sin handling fra den spanske borgerkrigen. I oppl\u00f8sning m\u00f8ter vi den pukkelryggede advokaten Matthew Shardlake, som l\u00f8ser mordg\u00e5ter i Henrik 8.s England. Reformasjonen p\u00e5g\u00e5r, og Shardlake sendes til et kloster p\u00e5 s\u00f8rkysten av England p\u00e5 oppdrag [&hellip;]<\/p>\n","protected":false},"featured_media":25305,"template":"","meta":{"_acf_changed":false,"inline_featured_image":false},"product_brand":[],"product_cat":[1781],"product_tag":[370],"class_list":{"0":"post-22447","1":"product","2":"type-product","3":"status-publish","4":"has-post-thumbnail","6":"product_cat-rabattkodekampanje","7":"product_tag-skjonnlitteratur","9":"first","10":"instock","11":"shipping-taxable","12":"purchasable","13":"product-type-simple"},"acf":{"anmeldelse":[{"tekst_anmeldelser":"\u00abForfattar C. J. Sansom har skrive fire krimromanar fr\u00e5 1500-talet. \u2013 Etter \u00e5 ha lese den f\u00f8rste gler eg meg til \u00e5 m\u00f8te igjen helten Matthew Shardlake i neste roman.\u00bb","av_anmeldelser":"Martha Norheim","terningkast":false,"kilde":"NRK"},{"tekst_anmeldelser":"\u00abKombinerer kunnskap og spenning.\u00bb","av_anmeldelser":"Kjetil Wold","terningkast":false,"kilde":"Stavanger Aftenblad"},{"tekst_anmeldelser":"\u00abEn klok krim, full av fakta om reformasjonen, og med akkurat den rette lille d\u00e6sjen med desillusjon.\u00bb","av_anmeldelser":"Ola A. Hegdal","terningkast":false,"kilde":"Ola A. Hegdal"},{"tekst_anmeldelser":"\u00abStilsikker historisk spenningsroman med en perlerad av overraskelser.\u00bb","av_anmeldelser":"Terje Stemland","terningkast":false,"kilde":"Aftenposten"}]},"yoast_head":"<!-- This site is optimized with the Yoast SEO plugin v26.6 - https:\/\/yoast.com\/wordpress\/plugins\/seo\/ -->\n<title>Oppl\u00f8sning - Forlaget Press<\/title>\n<meta name=\"robots\" content=\"noindex, follow, max-snippet:-1, max-image-preview:large, max-video-preview:-1\" \/>\n<meta property=\"og:locale\" content=\"nb_NO\" \/>\n<meta property=\"og:type\" content=\"article\" \/>\n<meta property=\"og:title\" content=\"Oppl\u00f8sning - Forlaget Press\" \/>\n<meta property=\"og:description\" content=\"C.J. Sansom har h\u00f8stet stor anerkjennelse for sine historiske kriminalromaner. Han stod bak suksessen Vinter i Madrid som hentet sin handling fra den spanske borgerkrigen. I oppl\u00f8sning m\u00f8ter vi den pukkelryggede advokaten Matthew Shardlake, som l\u00f8ser mordg\u00e5ter i Henrik 8.s England. Reformasjonen p\u00e5g\u00e5r, og Shardlake sendes til et kloster p\u00e5 s\u00f8rkysten av England p\u00e5 oppdrag [&hellip;]\" \/>\n<meta property=\"og:url\" content=\"https:\/\/staging.forenteforlag.no\/forlaget\/produkt\/opplosning-4\/\" \/>\n<meta property=\"og:site_name\" content=\"Forlaget Press\" \/>\n<meta property=\"article:publisher\" content=\"https:\/\/www.facebook.com\/Forlagetpress\" \/>\n<meta property=\"article:modified_time\" content=\"2026-03-03T22:27:55+00:00\" \/>\n<meta property=\"og:image\" content=\"https:\/\/staging.forenteforlag.no\/forlaget\/wp-content\/uploads\/sites\/3\/2025\/08\/jpg-8438.jpg\" \/>\n\t<meta property=\"og:image:width\" content=\"305\" \/>\n\t<meta property=\"og:image:height\" content=\"450\" \/>\n\t<meta property=\"og:image:type\" content=\"image\/jpeg\" \/>\n<meta name=\"twitter:card\" content=\"summary_large_image\" \/>\n<meta name=\"twitter:label1\" content=\"Ansl. lesetid\" \/>\n\t<meta name=\"twitter:data1\" content=\"1 minutt\" \/>\n<script type=\"application\/ld+json\" class=\"yoast-schema-graph\">{\"@context\":\"https:\/\/schema.org\",\"@graph\":[{\"@type\":\"WebPage\",\"@id\":\"https:\/\/staging.forenteforlag.no\/forlaget\/produkt\/opplosning-4\/\",\"url\":\"https:\/\/staging.forenteforlag.no\/forlaget\/produkt\/opplosning-4\/\",\"name\":\"Oppl\u00f8sning - Forlaget Press\",\"isPartOf\":{\"@id\":\"https:\/\/staging.forenteforlag.no\/forlaget\/#website\"},\"primaryImageOfPage\":{\"@id\":\"https:\/\/staging.forenteforlag.no\/forlaget\/produkt\/opplosning-4\/#primaryimage\"},\"image\":{\"@id\":\"https:\/\/staging.forenteforlag.no\/forlaget\/produkt\/opplosning-4\/#primaryimage\"},\"thumbnailUrl\":\"https:\/\/staging.forenteforlag.no\/forlaget\/wp-content\/uploads\/sites\/3\/2025\/08\/jpg-8438.jpg\",\"datePublished\":\"2009-05-11T00:00:00+00:00\",\"dateModified\":\"2026-03-03T22:27:55+00:00\",\"breadcrumb\":{\"@id\":\"https:\/\/staging.forenteforlag.no\/forlaget\/produkt\/opplosning-4\/#breadcrumb\"},\"inLanguage\":\"nb-NO\",\"potentialAction\":[{\"@type\":\"ReadAction\",\"target\":[\"https:\/\/staging.forenteforlag.no\/forlaget\/produkt\/opplosning-4\/\"]}]},{\"@type\":\"ImageObject\",\"inLanguage\":\"nb-NO\",\"@id\":\"https:\/\/staging.forenteforlag.no\/forlaget\/produkt\/opplosning-4\/#primaryimage\",\"url\":\"https:\/\/staging.forenteforlag.no\/forlaget\/wp-content\/uploads\/sites\/3\/2025\/08\/jpg-8438.jpg\",\"contentUrl\":\"https:\/\/staging.forenteforlag.no\/forlaget\/wp-content\/uploads\/sites\/3\/2025\/08\/jpg-8438.jpg\",\"width\":305,\"height\":450},{\"@type\":\"BreadcrumbList\",\"@id\":\"https:\/\/staging.forenteforlag.no\/forlaget\/produkt\/opplosning-4\/#breadcrumb\",\"itemListElement\":[{\"@type\":\"ListItem\",\"position\":1,\"name\":\"Hjem\",\"item\":\"https:\/\/staging.forenteforlag.no\/forlaget\/\"},{\"@type\":\"ListItem\",\"position\":2,\"name\":\"Alle b\u00f8ker\",\"item\":\"https:\/\/staging.forenteforlag.no\/forlaget\/butikk\/\"},{\"@type\":\"ListItem\",\"position\":3,\"name\":\"Oppl\u00f8sning\"}]},{\"@type\":\"WebSite\",\"@id\":\"https:\/\/staging.forenteforlag.no\/forlaget\/#website\",\"url\":\"https:\/\/staging.forenteforlag.no\/forlaget\/\",\"name\":\"Forlaget Press\",\"description\":\"\",\"publisher\":{\"@id\":\"https:\/\/staging.forenteforlag.no\/forlaget\/#organization\"},\"potentialAction\":[{\"@type\":\"SearchAction\",\"target\":{\"@type\":\"EntryPoint\",\"urlTemplate\":\"https:\/\/staging.forenteforlag.no\/forlaget\/?s={search_term_string}\"},\"query-input\":{\"@type\":\"PropertyValueSpecification\",\"valueRequired\":true,\"valueName\":\"search_term_string\"}}],\"inLanguage\":\"nb-NO\"},{\"@type\":\"Organization\",\"@id\":\"https:\/\/staging.forenteforlag.no\/forlaget\/#organization\",\"name\":\"Forlaget Press\",\"url\":\"https:\/\/staging.forenteforlag.no\/forlaget\/\",\"logo\":{\"@type\":\"ImageObject\",\"inLanguage\":\"nb-NO\",\"@id\":\"https:\/\/staging.forenteforlag.no\/forlaget\/#\/schema\/logo\/image\/\",\"url\":\"https:\/\/staging.forenteforlag.no\/forlaget\/wp-content\/uploads\/sites\/3\/2024\/09\/Press_logo.svg\",\"contentUrl\":\"https:\/\/staging.forenteforlag.no\/forlaget\/wp-content\/uploads\/sites\/3\/2024\/09\/Press_logo.svg\",\"width\":100,\"height\":100,\"caption\":\"Forlaget Press\"},\"image\":{\"@id\":\"https:\/\/staging.forenteforlag.no\/forlaget\/#\/schema\/logo\/image\/\"},\"sameAs\":[\"https:\/\/www.facebook.com\/Forlagetpress\"]}]}<\/script>\n<!-- \/ Yoast SEO plugin. -->","yoast_head_json":{"title":"Oppl\u00f8sning - Forlaget Press","robots":{"index":"noindex","follow":"follow","max-snippet":"max-snippet:-1","max-image-preview":"max-image-preview:large","max-video-preview":"max-video-preview:-1"},"og_locale":"nb_NO","og_type":"article","og_title":"Oppl\u00f8sning - Forlaget Press","og_description":"C.J. Sansom har h\u00f8stet stor anerkjennelse for sine historiske kriminalromaner. Han stod bak suksessen Vinter i Madrid som hentet sin handling fra den spanske borgerkrigen. I oppl\u00f8sning m\u00f8ter vi den pukkelryggede advokaten Matthew Shardlake, som l\u00f8ser mordg\u00e5ter i Henrik 8.s England. Reformasjonen p\u00e5g\u00e5r, og Shardlake sendes til et kloster p\u00e5 s\u00f8rkysten av England p\u00e5 oppdrag [&hellip;]","og_url":"https:\/\/staging.forenteforlag.no\/forlaget\/produkt\/opplosning-4\/","og_site_name":"Forlaget Press","article_publisher":"https:\/\/www.facebook.com\/Forlagetpress","article_modified_time":"2026-03-03T22:27:55+00:00","og_image":[{"width":305,"height":450,"url":"https:\/\/staging.forenteforlag.no\/forlaget\/wp-content\/uploads\/sites\/3\/2025\/08\/jpg-8438.jpg","type":"image\/jpeg"}],"twitter_card":"summary_large_image","twitter_misc":{"Ansl. lesetid":"1 minutt"},"schema":{"@context":"https:\/\/schema.org","@graph":[{"@type":"WebPage","@id":"https:\/\/staging.forenteforlag.no\/forlaget\/produkt\/opplosning-4\/","url":"https:\/\/staging.forenteforlag.no\/forlaget\/produkt\/opplosning-4\/","name":"Oppl\u00f8sning - Forlaget Press","isPartOf":{"@id":"https:\/\/staging.forenteforlag.no\/forlaget\/#website"},"primaryImageOfPage":{"@id":"https:\/\/staging.forenteforlag.no\/forlaget\/produkt\/opplosning-4\/#primaryimage"},"image":{"@id":"https:\/\/staging.forenteforlag.no\/forlaget\/produkt\/opplosning-4\/#primaryimage"},"thumbnailUrl":"https:\/\/staging.forenteforlag.no\/forlaget\/wp-content\/uploads\/sites\/3\/2025\/08\/jpg-8438.jpg","datePublished":"2009-05-11T00:00:00+00:00","dateModified":"2026-03-03T22:27:55+00:00","breadcrumb":{"@id":"https:\/\/staging.forenteforlag.no\/forlaget\/produkt\/opplosning-4\/#breadcrumb"},"inLanguage":"nb-NO","potentialAction":[{"@type":"ReadAction","target":["https:\/\/staging.forenteforlag.no\/forlaget\/produkt\/opplosning-4\/"]}]},{"@type":"ImageObject","inLanguage":"nb-NO","@id":"https:\/\/staging.forenteforlag.no\/forlaget\/produkt\/opplosning-4\/#primaryimage","url":"https:\/\/staging.forenteforlag.no\/forlaget\/wp-content\/uploads\/sites\/3\/2025\/08\/jpg-8438.jpg","contentUrl":"https:\/\/staging.forenteforlag.no\/forlaget\/wp-content\/uploads\/sites\/3\/2025\/08\/jpg-8438.jpg","width":305,"height":450},{"@type":"BreadcrumbList","@id":"https:\/\/staging.forenteforlag.no\/forlaget\/produkt\/opplosning-4\/#breadcrumb","itemListElement":[{"@type":"ListItem","position":1,"name":"Hjem","item":"https:\/\/staging.forenteforlag.no\/forlaget\/"},{"@type":"ListItem","position":2,"name":"Alle b\u00f8ker","item":"https:\/\/staging.forenteforlag.no\/forlaget\/butikk\/"},{"@type":"ListItem","position":3,"name":"Oppl\u00f8sning"}]},{"@type":"WebSite","@id":"https:\/\/staging.forenteforlag.no\/forlaget\/#website","url":"https:\/\/staging.forenteforlag.no\/forlaget\/","name":"Forlaget Press","description":"","publisher":{"@id":"https:\/\/staging.forenteforlag.no\/forlaget\/#organization"},"potentialAction":[{"@type":"SearchAction","target":{"@type":"EntryPoint","urlTemplate":"https:\/\/staging.forenteforlag.no\/forlaget\/?s={search_term_string}"},"query-input":{"@type":"PropertyValueSpecification","valueRequired":true,"valueName":"search_term_string"}}],"inLanguage":"nb-NO"},{"@type":"Organization","@id":"https:\/\/staging.forenteforlag.no\/forlaget\/#organization","name":"Forlaget Press","url":"https:\/\/staging.forenteforlag.no\/forlaget\/","logo":{"@type":"ImageObject","inLanguage":"nb-NO","@id":"https:\/\/staging.forenteforlag.no\/forlaget\/#\/schema\/logo\/image\/","url":"https:\/\/staging.forenteforlag.no\/forlaget\/wp-content\/uploads\/sites\/3\/2024\/09\/Press_logo.svg","contentUrl":"https:\/\/staging.forenteforlag.no\/forlaget\/wp-content\/uploads\/sites\/3\/2024\/09\/Press_logo.svg","width":100,"height":100,"caption":"Forlaget Press"},"image":{"@id":"https:\/\/staging.forenteforlag.no\/forlaget\/#\/schema\/logo\/image\/"},"sameAs":["https:\/\/www.facebook.com\/Forlagetpress"]}]}},"_links":{"self":[{"href":"https:\/\/staging.forenteforlag.no\/forlaget\/wp-json\/wp\/v2\/product\/22447","targetHints":{"allow":["GET"]}}],"collection":[{"href":"https:\/\/staging.forenteforlag.no\/forlaget\/wp-json\/wp\/v2\/product"}],"about":[{"href":"https:\/\/staging.forenteforlag.no\/forlaget\/wp-json\/wp\/v2\/types\/product"}],"wp:featuredmedia":[{"embeddable":true,"href":"https:\/\/staging.forenteforlag.no\/forlaget\/wp-json\/wp\/v2\/media\/25305"}],"wp:attachment":[{"href":"https:\/\/staging.forenteforlag.no\/forlaget\/wp-json\/wp\/v2\/media?parent=22447"}],"wp:term":[{"taxonomy":"product_brand","embeddable":true,"href":"https:\/\/staging.forenteforlag.no\/forlaget\/wp-json\/wp\/v2\/product_brand?post=22447"},{"taxonomy":"product_cat","embeddable":true,"href":"https:\/\/staging.forenteforlag.no\/forlaget\/wp-json\/wp\/v2\/product_cat?post=22447"},{"taxonomy":"product_tag","embeddable":true,"href":"https:\/\/staging.forenteforlag.no\/forlaget\/wp-json\/wp\/v2\/product_tag?post=22447"}],"curies":[{"name":"wp","href":"https:\/\/api.w.org\/{rel}","templated":true}]}}