{"id":22428,"date":"2012-06-04T02:00:00","date_gmt":"2012-06-04T00:00:00","guid":{"rendered":"https:\/\/forlagetpress.forenteforlag.no\/produkt\/hildegard-3\/"},"modified":"2026-03-03T23:30:53","modified_gmt":"2026-03-03T22:30:53","slug":"hildegard-3","status":"publish","type":"product","link":"https:\/\/staging.forenteforlag.no\/forlaget\/produkt\/hildegard-3\/","title":{"rendered":"Hildegard"},"content":{"rendered":"<p>Hva om Gud bestemte seg for \u00e5 bruke deg? Hva ville du gj\u00f8re hvis du helt fra du var liten ble fylt av et stort lys, av syner som du ikke forsto? Det er utgangspunktet for Anne Lise Marstrand-J\u00f8rgensens unike roman om en av historiens mest fascinerende kvinneskikkelser: den tyske nonnen og mystikeren Hildegard av Bingen (1098-1179). Tre \u00e5r gammel f\u00e5r hun sine f\u00f8rste visjoner. \u00c5tte \u00e5r gammel sendes Hildegard i kloster. Derfra m\u00e5 jenta sakte sprenge sin egen vei ut av ensomheten, forvalte de underlige ordene som er gitt henne. Hildegard er et litter\u00e6rt portrett av et annerledes menneske, og en intenst vakker og sanselig skildring av en fremmed tid. Men ogs\u00e5 en moderne roman om tro og tvil, angst og livsglede, kj\u00e6rlighet og offer.  &laquo;En virkelig nyskapende historisk roman. Den gj\u00f8r noe helt nytt med sitt stoff.&raquo; Fra Juryens pristale, Weekendavisens litteraturpris 2009<\/p>\n","protected":false},"excerpt":{"rendered":"<p>Hva om Gud bestemte seg for \u00e5 bruke deg? Hva ville du gj\u00f8re hvis du helt fra du var liten ble fylt av et stort lys, av syner som du ikke forsto? Det er utgangspunktet for Anne Lise Marstrand-J\u00f8rgensens unike roman om en av historiens mest fascinerende kvinneskikkelser: den tyske nonnen og mystikeren Hildegard av [&hellip;]<\/p>\n","protected":false},"featured_media":24720,"template":"","meta":{"_acf_changed":false,"inline_featured_image":false},"product_brand":[],"product_cat":[1781],"product_tag":[370],"class_list":{"0":"post-22428","1":"product","2":"type-product","3":"status-publish","4":"has-post-thumbnail","6":"product_cat-rabattkodekampanje","7":"product_tag-skjonnlitteratur","9":"first","10":"instock","11":"shipping-taxable","12":"purchasable","13":"product-type-simple"},"acf":{"anmeldelse":[{"tekst_anmeldelser":"\u00abSjeldent fargesterkt om middelalderen. En nydelig roman, ved siden av \u00e5 v\u00e6re mentalitetshistorie p\u00e5 sitt aller beste.\u00bb","av_anmeldelser":"Cathrine Kr\u00f8ger","terningkast":false,"kilde":"Dagbladet"},{"tekst_anmeldelser":"\u00abDe voldsomme vanskelighetene med \u00e5 turnere middelaldermenneskenes annerledes virkelighet er overbevisende l\u00f8st.\u00bb","av_anmeldelser":"Espen Gr\u00f8nlie","terningkast":false,"kilde":"Morgenbladet"},{"tekst_anmeldelser":"\u00abBoken er kort og godt en leseopplevelse av de sjeldne. Spr\u00e5ket har en innlevelse og et n\u00e6rv\u00e6r som gir historien liv og troverdighet. Verbale roser b\u00f8r ogs\u00e5 g\u00e5 til oversetter Erik Ringen.\u00bb","av_anmeldelser":"Trond Blik\u00f8","terningkast":false,"kilde":"Tr\u00f8nder-Avisa"},{"tekst_anmeldelser":"\u00abRespektfullt og innlevende om \u00abde ukjente \u00e5rene\u00bb til en av Europas store kvinnelige mystikere. [...] Danske Anne Lise Marstrand-J\u00f8rgensen har truffet godt med denne romanen om Hildegard.\u00bb","av_anmeldelser":"Arne Hugo St\u00f8lan","terningkast":false,"kilde":"VG"},{"tekst_anmeldelser":"\u00abEt vibrerende f\u00f8lsomt portrett \u2013 gripende og tidl\u00f8st.\u00bb","av_anmeldelser":"Maria \u00c5olilja R\u00f8","terningkast":false,"kilde":"Adresseavisen"},{"tekst_anmeldelser":"\u00abEn forrykende roman. Vi drives fra side til side og lurer p\u00e5 hvor tiden ble av.\u00bb","av_anmeldelser":"Olav Egil Aune","terningkast":false,"kilde":"V\u00e5rt Land"}]},"yoast_head":"<!-- This site is optimized with the Yoast SEO plugin v26.6 - https:\/\/yoast.com\/wordpress\/plugins\/seo\/ -->\n<title>Hildegard - Forlaget Press<\/title>\n<meta name=\"robots\" content=\"noindex, follow, max-snippet:-1, max-image-preview:large, max-video-preview:-1\" \/>\n<meta property=\"og:locale\" content=\"nb_NO\" \/>\n<meta property=\"og:type\" content=\"article\" \/>\n<meta property=\"og:title\" content=\"Hildegard - Forlaget Press\" \/>\n<meta property=\"og:description\" content=\"Hva om Gud bestemte seg for \u00e5 bruke deg? Hva ville du gj\u00f8re hvis du helt fra du var liten ble fylt av et stort lys, av syner som du ikke forsto? Det er utgangspunktet for Anne Lise Marstrand-J\u00f8rgensens unike roman om en av historiens mest fascinerende kvinneskikkelser: den tyske nonnen og mystikeren Hildegard av [&hellip;]\" \/>\n<meta property=\"og:url\" content=\"https:\/\/staging.forenteforlag.no\/forlaget\/produkt\/hildegard-3\/\" \/>\n<meta property=\"og:site_name\" content=\"Forlaget Press\" \/>\n<meta property=\"article:publisher\" content=\"https:\/\/www.facebook.com\/Forlagetpress\" \/>\n<meta property=\"article:modified_time\" content=\"2026-03-03T22:30:53+00:00\" \/>\n<meta property=\"og:image\" content=\"https:\/\/staging.forenteforlag.no\/forlaget\/wp-content\/uploads\/sites\/3\/2025\/08\/jpg-5696.jpg\" \/>\n\t<meta property=\"og:image:width\" content=\"307\" \/>\n\t<meta property=\"og:image:height\" content=\"449\" \/>\n\t<meta property=\"og:image:type\" content=\"image\/jpeg\" \/>\n<meta name=\"twitter:card\" content=\"summary_large_image\" \/>\n<meta name=\"twitter:label1\" content=\"Ansl. lesetid\" \/>\n\t<meta name=\"twitter:data1\" content=\"1 minutt\" \/>\n<script type=\"application\/ld+json\" class=\"yoast-schema-graph\">{\"@context\":\"https:\/\/schema.org\",\"@graph\":[{\"@type\":\"WebPage\",\"@id\":\"https:\/\/staging.forenteforlag.no\/forlaget\/produkt\/hildegard-3\/\",\"url\":\"https:\/\/staging.forenteforlag.no\/forlaget\/produkt\/hildegard-3\/\",\"name\":\"Hildegard - Forlaget Press\",\"isPartOf\":{\"@id\":\"https:\/\/staging.forenteforlag.no\/forlaget\/#website\"},\"primaryImageOfPage\":{\"@id\":\"https:\/\/staging.forenteforlag.no\/forlaget\/produkt\/hildegard-3\/#primaryimage\"},\"image\":{\"@id\":\"https:\/\/staging.forenteforlag.no\/forlaget\/produkt\/hildegard-3\/#primaryimage\"},\"thumbnailUrl\":\"https:\/\/staging.forenteforlag.no\/forlaget\/wp-content\/uploads\/sites\/3\/2025\/08\/jpg-5696.jpg\",\"datePublished\":\"2012-06-04T00:00:00+00:00\",\"dateModified\":\"2026-03-03T22:30:53+00:00\",\"breadcrumb\":{\"@id\":\"https:\/\/staging.forenteforlag.no\/forlaget\/produkt\/hildegard-3\/#breadcrumb\"},\"inLanguage\":\"nb-NO\",\"potentialAction\":[{\"@type\":\"ReadAction\",\"target\":[\"https:\/\/staging.forenteforlag.no\/forlaget\/produkt\/hildegard-3\/\"]}]},{\"@type\":\"ImageObject\",\"inLanguage\":\"nb-NO\",\"@id\":\"https:\/\/staging.forenteforlag.no\/forlaget\/produkt\/hildegard-3\/#primaryimage\",\"url\":\"https:\/\/staging.forenteforlag.no\/forlaget\/wp-content\/uploads\/sites\/3\/2025\/08\/jpg-5696.jpg\",\"contentUrl\":\"https:\/\/staging.forenteforlag.no\/forlaget\/wp-content\/uploads\/sites\/3\/2025\/08\/jpg-5696.jpg\",\"width\":307,\"height\":449},{\"@type\":\"BreadcrumbList\",\"@id\":\"https:\/\/staging.forenteforlag.no\/forlaget\/produkt\/hildegard-3\/#breadcrumb\",\"itemListElement\":[{\"@type\":\"ListItem\",\"position\":1,\"name\":\"Hjem\",\"item\":\"https:\/\/staging.forenteforlag.no\/forlaget\/\"},{\"@type\":\"ListItem\",\"position\":2,\"name\":\"Alle b\u00f8ker\",\"item\":\"https:\/\/staging.forenteforlag.no\/forlaget\/butikk\/\"},{\"@type\":\"ListItem\",\"position\":3,\"name\":\"Hildegard\"}]},{\"@type\":\"WebSite\",\"@id\":\"https:\/\/staging.forenteforlag.no\/forlaget\/#website\",\"url\":\"https:\/\/staging.forenteforlag.no\/forlaget\/\",\"name\":\"Forlaget Press\",\"description\":\"\",\"publisher\":{\"@id\":\"https:\/\/staging.forenteforlag.no\/forlaget\/#organization\"},\"potentialAction\":[{\"@type\":\"SearchAction\",\"target\":{\"@type\":\"EntryPoint\",\"urlTemplate\":\"https:\/\/staging.forenteforlag.no\/forlaget\/?s={search_term_string}\"},\"query-input\":{\"@type\":\"PropertyValueSpecification\",\"valueRequired\":true,\"valueName\":\"search_term_string\"}}],\"inLanguage\":\"nb-NO\"},{\"@type\":\"Organization\",\"@id\":\"https:\/\/staging.forenteforlag.no\/forlaget\/#organization\",\"name\":\"Forlaget Press\",\"url\":\"https:\/\/staging.forenteforlag.no\/forlaget\/\",\"logo\":{\"@type\":\"ImageObject\",\"inLanguage\":\"nb-NO\",\"@id\":\"https:\/\/staging.forenteforlag.no\/forlaget\/#\/schema\/logo\/image\/\",\"url\":\"https:\/\/staging.forenteforlag.no\/forlaget\/wp-content\/uploads\/sites\/3\/2024\/09\/Press_logo.svg\",\"contentUrl\":\"https:\/\/staging.forenteforlag.no\/forlaget\/wp-content\/uploads\/sites\/3\/2024\/09\/Press_logo.svg\",\"width\":100,\"height\":100,\"caption\":\"Forlaget Press\"},\"image\":{\"@id\":\"https:\/\/staging.forenteforlag.no\/forlaget\/#\/schema\/logo\/image\/\"},\"sameAs\":[\"https:\/\/www.facebook.com\/Forlagetpress\"]}]}<\/script>\n<!-- \/ Yoast SEO plugin. -->","yoast_head_json":{"title":"Hildegard - Forlaget Press","robots":{"index":"noindex","follow":"follow","max-snippet":"max-snippet:-1","max-image-preview":"max-image-preview:large","max-video-preview":"max-video-preview:-1"},"og_locale":"nb_NO","og_type":"article","og_title":"Hildegard - Forlaget Press","og_description":"Hva om Gud bestemte seg for \u00e5 bruke deg? Hva ville du gj\u00f8re hvis du helt fra du var liten ble fylt av et stort lys, av syner som du ikke forsto? Det er utgangspunktet for Anne Lise Marstrand-J\u00f8rgensens unike roman om en av historiens mest fascinerende kvinneskikkelser: den tyske nonnen og mystikeren Hildegard av [&hellip;]","og_url":"https:\/\/staging.forenteforlag.no\/forlaget\/produkt\/hildegard-3\/","og_site_name":"Forlaget Press","article_publisher":"https:\/\/www.facebook.com\/Forlagetpress","article_modified_time":"2026-03-03T22:30:53+00:00","og_image":[{"width":307,"height":449,"url":"https:\/\/staging.forenteforlag.no\/forlaget\/wp-content\/uploads\/sites\/3\/2025\/08\/jpg-5696.jpg","type":"image\/jpeg"}],"twitter_card":"summary_large_image","twitter_misc":{"Ansl. lesetid":"1 minutt"},"schema":{"@context":"https:\/\/schema.org","@graph":[{"@type":"WebPage","@id":"https:\/\/staging.forenteforlag.no\/forlaget\/produkt\/hildegard-3\/","url":"https:\/\/staging.forenteforlag.no\/forlaget\/produkt\/hildegard-3\/","name":"Hildegard - Forlaget Press","isPartOf":{"@id":"https:\/\/staging.forenteforlag.no\/forlaget\/#website"},"primaryImageOfPage":{"@id":"https:\/\/staging.forenteforlag.no\/forlaget\/produkt\/hildegard-3\/#primaryimage"},"image":{"@id":"https:\/\/staging.forenteforlag.no\/forlaget\/produkt\/hildegard-3\/#primaryimage"},"thumbnailUrl":"https:\/\/staging.forenteforlag.no\/forlaget\/wp-content\/uploads\/sites\/3\/2025\/08\/jpg-5696.jpg","datePublished":"2012-06-04T00:00:00+00:00","dateModified":"2026-03-03T22:30:53+00:00","breadcrumb":{"@id":"https:\/\/staging.forenteforlag.no\/forlaget\/produkt\/hildegard-3\/#breadcrumb"},"inLanguage":"nb-NO","potentialAction":[{"@type":"ReadAction","target":["https:\/\/staging.forenteforlag.no\/forlaget\/produkt\/hildegard-3\/"]}]},{"@type":"ImageObject","inLanguage":"nb-NO","@id":"https:\/\/staging.forenteforlag.no\/forlaget\/produkt\/hildegard-3\/#primaryimage","url":"https:\/\/staging.forenteforlag.no\/forlaget\/wp-content\/uploads\/sites\/3\/2025\/08\/jpg-5696.jpg","contentUrl":"https:\/\/staging.forenteforlag.no\/forlaget\/wp-content\/uploads\/sites\/3\/2025\/08\/jpg-5696.jpg","width":307,"height":449},{"@type":"BreadcrumbList","@id":"https:\/\/staging.forenteforlag.no\/forlaget\/produkt\/hildegard-3\/#breadcrumb","itemListElement":[{"@type":"ListItem","position":1,"name":"Hjem","item":"https:\/\/staging.forenteforlag.no\/forlaget\/"},{"@type":"ListItem","position":2,"name":"Alle b\u00f8ker","item":"https:\/\/staging.forenteforlag.no\/forlaget\/butikk\/"},{"@type":"ListItem","position":3,"name":"Hildegard"}]},{"@type":"WebSite","@id":"https:\/\/staging.forenteforlag.no\/forlaget\/#website","url":"https:\/\/staging.forenteforlag.no\/forlaget\/","name":"Forlaget Press","description":"","publisher":{"@id":"https:\/\/staging.forenteforlag.no\/forlaget\/#organization"},"potentialAction":[{"@type":"SearchAction","target":{"@type":"EntryPoint","urlTemplate":"https:\/\/staging.forenteforlag.no\/forlaget\/?s={search_term_string}"},"query-input":{"@type":"PropertyValueSpecification","valueRequired":true,"valueName":"search_term_string"}}],"inLanguage":"nb-NO"},{"@type":"Organization","@id":"https:\/\/staging.forenteforlag.no\/forlaget\/#organization","name":"Forlaget Press","url":"https:\/\/staging.forenteforlag.no\/forlaget\/","logo":{"@type":"ImageObject","inLanguage":"nb-NO","@id":"https:\/\/staging.forenteforlag.no\/forlaget\/#\/schema\/logo\/image\/","url":"https:\/\/staging.forenteforlag.no\/forlaget\/wp-content\/uploads\/sites\/3\/2024\/09\/Press_logo.svg","contentUrl":"https:\/\/staging.forenteforlag.no\/forlaget\/wp-content\/uploads\/sites\/3\/2024\/09\/Press_logo.svg","width":100,"height":100,"caption":"Forlaget Press"},"image":{"@id":"https:\/\/staging.forenteforlag.no\/forlaget\/#\/schema\/logo\/image\/"},"sameAs":["https:\/\/www.facebook.com\/Forlagetpress"]}]}},"_links":{"self":[{"href":"https:\/\/staging.forenteforlag.no\/forlaget\/wp-json\/wp\/v2\/product\/22428","targetHints":{"allow":["GET"]}}],"collection":[{"href":"https:\/\/staging.forenteforlag.no\/forlaget\/wp-json\/wp\/v2\/product"}],"about":[{"href":"https:\/\/staging.forenteforlag.no\/forlaget\/wp-json\/wp\/v2\/types\/product"}],"wp:featuredmedia":[{"embeddable":true,"href":"https:\/\/staging.forenteforlag.no\/forlaget\/wp-json\/wp\/v2\/media\/24720"}],"wp:attachment":[{"href":"https:\/\/staging.forenteforlag.no\/forlaget\/wp-json\/wp\/v2\/media?parent=22428"}],"wp:term":[{"taxonomy":"product_brand","embeddable":true,"href":"https:\/\/staging.forenteforlag.no\/forlaget\/wp-json\/wp\/v2\/product_brand?post=22428"},{"taxonomy":"product_cat","embeddable":true,"href":"https:\/\/staging.forenteforlag.no\/forlaget\/wp-json\/wp\/v2\/product_cat?post=22428"},{"taxonomy":"product_tag","embeddable":true,"href":"https:\/\/staging.forenteforlag.no\/forlaget\/wp-json\/wp\/v2\/product_tag?post=22428"}],"curies":[{"name":"wp","href":"https:\/\/api.w.org\/{rel}","templated":true}]}}