{"id":22424,"date":"2012-05-29T02:00:00","date_gmt":"2012-05-29T00:00:00","guid":{"rendered":"https:\/\/forlagetpress.forenteforlag.no\/produkt\/englenes-sorg-3\/"},"modified":"2026-03-03T23:30:41","modified_gmt":"2026-03-03T22:30:41","slug":"englenes-sorg-3","status":"publish","type":"product","link":"https:\/\/staging.forenteforlag.no\/forlaget\/produkt\/englenes-sorg-3\/","title":{"rendered":"Englenes sorg"},"content":{"rendered":"<p>Noen ganger er tiden en forbannet plage. Den gir oss alt &#8211; bare for \u00e5 ta alt tilbake fra oss med det samme. Englenes sorg er en frittst\u00e5ende fortsettelse av Stef\u00e1nssons mesterverk Himmelrike og helvete, men kan like gjerne leses p\u00e5 egen h\u00e5nd. Det er tre uker siden n\u00e5 at Gutten kom til byen med en bok i ryggsekken, og for hver dag som g\u00e5r \u00f8ker avstanden til den han var f\u00f8r. Sammen med Jens postmann m\u00e5 han g\u00e5 over til Vinterstranden. Det er slutten av april, og sn\u00f8en faller overalt, bygger bro mellom jord og himmel, sletter ut landskap og retninger. Hvis Djevelen selv har skapt noe i verden m\u00e5 det v\u00e6re sn\u00f8stormer i fjellene, i vinden. &laquo;Islandske J\u00f3n KalmanStef\u00e1nsson burde forlengst ha f\u00e5tt Nordisk r\u00e5ds litteraturpris. Nobelprisen, for den del. (&#8230;) Stef\u00e1nsson er en helt unik forfatter.&raquo; Cathrine Kr\u00f8ger, Dagbladet<\/p>\n","protected":false},"excerpt":{"rendered":"<p>Noen ganger er tiden en forbannet plage. Den gir oss alt &#8211; bare for \u00e5 ta alt tilbake fra oss med det samme. Englenes sorg er en frittst\u00e5ende fortsettelse av Stef\u00e1nssons mesterverk Himmelrike og helvete, men kan like gjerne leses p\u00e5 egen h\u00e5nd. Det er tre uker siden n\u00e5 at Gutten kom til byen med [&hellip;]<\/p>\n","protected":false},"featured_media":24645,"template":"","meta":{"_acf_changed":false,"inline_featured_image":false},"product_brand":[],"product_cat":[1781],"product_tag":[370],"class_list":{"0":"post-22424","1":"product","2":"type-product","3":"status-publish","4":"has-post-thumbnail","6":"product_cat-rabattkodekampanje","7":"product_tag-skjonnlitteratur","9":"first","10":"instock","11":"shipping-taxable","12":"purchasable","13":"product-type-simple"},"acf":{"anmeldelse":[{"tekst_anmeldelser":"\u00abIslandske J\u00f3n Kalman Stef\u00e1nsson burde forlengst ha f\u00e5tt Nordisk r\u00e5ds litteraturpris. Nobelprisen, for den del. [...] Stef\u00e1nsson er en helt unik forfatter.\u00bb","av_anmeldelser":"Cathrine Kr\u00f8ger","terningkast":false,"kilde":"Dagbladet"},{"tekst_anmeldelser":"\u00abHimmelsk bra. [...] Dette er litteratur av aller ypperste klasse. Sterkt billedskapende spr\u00e5k i kombinasjon med evig aktuell tematikk er en usl\u00e5elig kombinasjon.\u00bb","av_anmeldelser":"Sindre Hovdenakk","terningkast":"<i class=\"fa-solid fa-dice-six\"><\/i>","kilde":"VG"},{"tekst_anmeldelser":"\u00abSkremmende vakkert uv\u00e6r. [...] Om ikke J\u00f3n Kalman Stef\u00e1nsson mottar Nordisk R\u00e5ds Litteraturpris for Englenes sorg, s\u00e5 gj\u00f8r han det n\u00e5r tredje bind i trilogien foreligger. Sann mine ord. Enkelte snakker allerede om Nobelprisen.\u00bb","av_anmeldelser":"Fartein Horgar","terningkast":false,"kilde":"Adresseavisen"},{"tekst_anmeldelser":"\u00abEt storverk. En nydelig skrevet og medrivende fortelling om menneskene som vandret i v\u00e5re gater den gang for lenge siden.\u00bb","av_anmeldelser":"P\u00e1ll Baldvin Baldvinsson","terningkast":false,"kilde":"Fr\u00e9ttabla\u00f0i\u00f0"},{"tekst_anmeldelser":"\u00abDenne boken markerer et vendepunkt i Stef\u00e1nssons karriere. Som alle store kunstverk er Englenes sorg n\u00f8ye komponert, og J\u00f3n Kalmans evner som forteller n\u00e5r et forel\u00f8pig h\u00f8ydepunkt: Historien lokker leseren til seg og drar ham av g\u00e5rde.\u00bb","av_anmeldelser":"Gauti Kristmannson","terningkast":false,"kilde":"V\u00ed\u00f0sj\u00e1, Islandsk radio"},{"tekst_anmeldelser":"\u00abHan [Stef\u00e1nsson] er aldri betre enn n\u00e5r han skildrar den bitande kulda, stormen og sn\u00f8en og menneska som kjempar seg fram i desse. [...] Det er uansett ein stor roman vi her har med \u00e5 gj\u00f8ra, som omsetjar Tone Myklebost p\u00e5 ein god m\u00e5te har gjort tilgjengeleg for norske lesarar.\u00bb","av_anmeldelser":"Steinar Lillehaug","terningkast":false,"kilde":"Klassekampen"}]},"yoast_head":"<!-- This site is optimized with the Yoast SEO plugin v26.6 - https:\/\/yoast.com\/wordpress\/plugins\/seo\/ -->\n<title>Englenes sorg - Forlaget Press<\/title>\n<meta name=\"robots\" content=\"noindex, follow, max-snippet:-1, max-image-preview:large, max-video-preview:-1\" \/>\n<meta property=\"og:locale\" content=\"nb_NO\" \/>\n<meta property=\"og:type\" content=\"article\" \/>\n<meta property=\"og:title\" content=\"Englenes sorg - Forlaget Press\" \/>\n<meta property=\"og:description\" content=\"Noen ganger er tiden en forbannet plage. Den gir oss alt &#8211; bare for \u00e5 ta alt tilbake fra oss med det samme. Englenes sorg er en frittst\u00e5ende fortsettelse av Stef\u00e1nssons mesterverk Himmelrike og helvete, men kan like gjerne leses p\u00e5 egen h\u00e5nd. Det er tre uker siden n\u00e5 at Gutten kom til byen med [&hellip;]\" \/>\n<meta property=\"og:url\" content=\"https:\/\/staging.forenteforlag.no\/forlaget\/produkt\/englenes-sorg-3\/\" \/>\n<meta property=\"og:site_name\" content=\"Forlaget Press\" \/>\n<meta property=\"article:publisher\" content=\"https:\/\/www.facebook.com\/Forlagetpress\" \/>\n<meta property=\"article:modified_time\" content=\"2026-03-03T22:30:41+00:00\" \/>\n<meta property=\"og:image\" content=\"https:\/\/staging.forenteforlag.no\/forlaget\/wp-content\/uploads\/sites\/3\/2025\/08\/jpg-5162.jpg\" \/>\n\t<meta property=\"og:image:width\" content=\"305\" \/>\n\t<meta property=\"og:image:height\" content=\"450\" \/>\n\t<meta property=\"og:image:type\" content=\"image\/jpeg\" \/>\n<meta name=\"twitter:card\" content=\"summary_large_image\" \/>\n<meta name=\"twitter:label1\" content=\"Ansl. lesetid\" \/>\n\t<meta name=\"twitter:data1\" content=\"1 minutt\" \/>\n<script type=\"application\/ld+json\" class=\"yoast-schema-graph\">{\"@context\":\"https:\/\/schema.org\",\"@graph\":[{\"@type\":\"WebPage\",\"@id\":\"https:\/\/staging.forenteforlag.no\/forlaget\/produkt\/englenes-sorg-3\/\",\"url\":\"https:\/\/staging.forenteforlag.no\/forlaget\/produkt\/englenes-sorg-3\/\",\"name\":\"Englenes sorg - Forlaget Press\",\"isPartOf\":{\"@id\":\"https:\/\/staging.forenteforlag.no\/forlaget\/#website\"},\"primaryImageOfPage\":{\"@id\":\"https:\/\/staging.forenteforlag.no\/forlaget\/produkt\/englenes-sorg-3\/#primaryimage\"},\"image\":{\"@id\":\"https:\/\/staging.forenteforlag.no\/forlaget\/produkt\/englenes-sorg-3\/#primaryimage\"},\"thumbnailUrl\":\"https:\/\/staging.forenteforlag.no\/forlaget\/wp-content\/uploads\/sites\/3\/2025\/08\/jpg-5162.jpg\",\"datePublished\":\"2012-05-29T00:00:00+00:00\",\"dateModified\":\"2026-03-03T22:30:41+00:00\",\"breadcrumb\":{\"@id\":\"https:\/\/staging.forenteforlag.no\/forlaget\/produkt\/englenes-sorg-3\/#breadcrumb\"},\"inLanguage\":\"nb-NO\",\"potentialAction\":[{\"@type\":\"ReadAction\",\"target\":[\"https:\/\/staging.forenteforlag.no\/forlaget\/produkt\/englenes-sorg-3\/\"]}]},{\"@type\":\"ImageObject\",\"inLanguage\":\"nb-NO\",\"@id\":\"https:\/\/staging.forenteforlag.no\/forlaget\/produkt\/englenes-sorg-3\/#primaryimage\",\"url\":\"https:\/\/staging.forenteforlag.no\/forlaget\/wp-content\/uploads\/sites\/3\/2025\/08\/jpg-5162.jpg\",\"contentUrl\":\"https:\/\/staging.forenteforlag.no\/forlaget\/wp-content\/uploads\/sites\/3\/2025\/08\/jpg-5162.jpg\",\"width\":305,\"height\":450},{\"@type\":\"BreadcrumbList\",\"@id\":\"https:\/\/staging.forenteforlag.no\/forlaget\/produkt\/englenes-sorg-3\/#breadcrumb\",\"itemListElement\":[{\"@type\":\"ListItem\",\"position\":1,\"name\":\"Hjem\",\"item\":\"https:\/\/staging.forenteforlag.no\/forlaget\/\"},{\"@type\":\"ListItem\",\"position\":2,\"name\":\"Alle b\u00f8ker\",\"item\":\"https:\/\/staging.forenteforlag.no\/forlaget\/butikk\/\"},{\"@type\":\"ListItem\",\"position\":3,\"name\":\"Englenes sorg\"}]},{\"@type\":\"WebSite\",\"@id\":\"https:\/\/staging.forenteforlag.no\/forlaget\/#website\",\"url\":\"https:\/\/staging.forenteforlag.no\/forlaget\/\",\"name\":\"Forlaget Press\",\"description\":\"\",\"publisher\":{\"@id\":\"https:\/\/staging.forenteforlag.no\/forlaget\/#organization\"},\"potentialAction\":[{\"@type\":\"SearchAction\",\"target\":{\"@type\":\"EntryPoint\",\"urlTemplate\":\"https:\/\/staging.forenteforlag.no\/forlaget\/?s={search_term_string}\"},\"query-input\":{\"@type\":\"PropertyValueSpecification\",\"valueRequired\":true,\"valueName\":\"search_term_string\"}}],\"inLanguage\":\"nb-NO\"},{\"@type\":\"Organization\",\"@id\":\"https:\/\/staging.forenteforlag.no\/forlaget\/#organization\",\"name\":\"Forlaget Press\",\"url\":\"https:\/\/staging.forenteforlag.no\/forlaget\/\",\"logo\":{\"@type\":\"ImageObject\",\"inLanguage\":\"nb-NO\",\"@id\":\"https:\/\/staging.forenteforlag.no\/forlaget\/#\/schema\/logo\/image\/\",\"url\":\"https:\/\/staging.forenteforlag.no\/forlaget\/wp-content\/uploads\/sites\/3\/2024\/09\/Press_logo.svg\",\"contentUrl\":\"https:\/\/staging.forenteforlag.no\/forlaget\/wp-content\/uploads\/sites\/3\/2024\/09\/Press_logo.svg\",\"width\":100,\"height\":100,\"caption\":\"Forlaget Press\"},\"image\":{\"@id\":\"https:\/\/staging.forenteforlag.no\/forlaget\/#\/schema\/logo\/image\/\"},\"sameAs\":[\"https:\/\/www.facebook.com\/Forlagetpress\"]}]}<\/script>\n<!-- \/ Yoast SEO plugin. -->","yoast_head_json":{"title":"Englenes sorg - Forlaget Press","robots":{"index":"noindex","follow":"follow","max-snippet":"max-snippet:-1","max-image-preview":"max-image-preview:large","max-video-preview":"max-video-preview:-1"},"og_locale":"nb_NO","og_type":"article","og_title":"Englenes sorg - Forlaget Press","og_description":"Noen ganger er tiden en forbannet plage. Den gir oss alt &#8211; bare for \u00e5 ta alt tilbake fra oss med det samme. Englenes sorg er en frittst\u00e5ende fortsettelse av Stef\u00e1nssons mesterverk Himmelrike og helvete, men kan like gjerne leses p\u00e5 egen h\u00e5nd. Det er tre uker siden n\u00e5 at Gutten kom til byen med [&hellip;]","og_url":"https:\/\/staging.forenteforlag.no\/forlaget\/produkt\/englenes-sorg-3\/","og_site_name":"Forlaget Press","article_publisher":"https:\/\/www.facebook.com\/Forlagetpress","article_modified_time":"2026-03-03T22:30:41+00:00","og_image":[{"width":305,"height":450,"url":"https:\/\/staging.forenteforlag.no\/forlaget\/wp-content\/uploads\/sites\/3\/2025\/08\/jpg-5162.jpg","type":"image\/jpeg"}],"twitter_card":"summary_large_image","twitter_misc":{"Ansl. lesetid":"1 minutt"},"schema":{"@context":"https:\/\/schema.org","@graph":[{"@type":"WebPage","@id":"https:\/\/staging.forenteforlag.no\/forlaget\/produkt\/englenes-sorg-3\/","url":"https:\/\/staging.forenteforlag.no\/forlaget\/produkt\/englenes-sorg-3\/","name":"Englenes sorg - Forlaget Press","isPartOf":{"@id":"https:\/\/staging.forenteforlag.no\/forlaget\/#website"},"primaryImageOfPage":{"@id":"https:\/\/staging.forenteforlag.no\/forlaget\/produkt\/englenes-sorg-3\/#primaryimage"},"image":{"@id":"https:\/\/staging.forenteforlag.no\/forlaget\/produkt\/englenes-sorg-3\/#primaryimage"},"thumbnailUrl":"https:\/\/staging.forenteforlag.no\/forlaget\/wp-content\/uploads\/sites\/3\/2025\/08\/jpg-5162.jpg","datePublished":"2012-05-29T00:00:00+00:00","dateModified":"2026-03-03T22:30:41+00:00","breadcrumb":{"@id":"https:\/\/staging.forenteforlag.no\/forlaget\/produkt\/englenes-sorg-3\/#breadcrumb"},"inLanguage":"nb-NO","potentialAction":[{"@type":"ReadAction","target":["https:\/\/staging.forenteforlag.no\/forlaget\/produkt\/englenes-sorg-3\/"]}]},{"@type":"ImageObject","inLanguage":"nb-NO","@id":"https:\/\/staging.forenteforlag.no\/forlaget\/produkt\/englenes-sorg-3\/#primaryimage","url":"https:\/\/staging.forenteforlag.no\/forlaget\/wp-content\/uploads\/sites\/3\/2025\/08\/jpg-5162.jpg","contentUrl":"https:\/\/staging.forenteforlag.no\/forlaget\/wp-content\/uploads\/sites\/3\/2025\/08\/jpg-5162.jpg","width":305,"height":450},{"@type":"BreadcrumbList","@id":"https:\/\/staging.forenteforlag.no\/forlaget\/produkt\/englenes-sorg-3\/#breadcrumb","itemListElement":[{"@type":"ListItem","position":1,"name":"Hjem","item":"https:\/\/staging.forenteforlag.no\/forlaget\/"},{"@type":"ListItem","position":2,"name":"Alle b\u00f8ker","item":"https:\/\/staging.forenteforlag.no\/forlaget\/butikk\/"},{"@type":"ListItem","position":3,"name":"Englenes sorg"}]},{"@type":"WebSite","@id":"https:\/\/staging.forenteforlag.no\/forlaget\/#website","url":"https:\/\/staging.forenteforlag.no\/forlaget\/","name":"Forlaget Press","description":"","publisher":{"@id":"https:\/\/staging.forenteforlag.no\/forlaget\/#organization"},"potentialAction":[{"@type":"SearchAction","target":{"@type":"EntryPoint","urlTemplate":"https:\/\/staging.forenteforlag.no\/forlaget\/?s={search_term_string}"},"query-input":{"@type":"PropertyValueSpecification","valueRequired":true,"valueName":"search_term_string"}}],"inLanguage":"nb-NO"},{"@type":"Organization","@id":"https:\/\/staging.forenteforlag.no\/forlaget\/#organization","name":"Forlaget Press","url":"https:\/\/staging.forenteforlag.no\/forlaget\/","logo":{"@type":"ImageObject","inLanguage":"nb-NO","@id":"https:\/\/staging.forenteforlag.no\/forlaget\/#\/schema\/logo\/image\/","url":"https:\/\/staging.forenteforlag.no\/forlaget\/wp-content\/uploads\/sites\/3\/2024\/09\/Press_logo.svg","contentUrl":"https:\/\/staging.forenteforlag.no\/forlaget\/wp-content\/uploads\/sites\/3\/2024\/09\/Press_logo.svg","width":100,"height":100,"caption":"Forlaget Press"},"image":{"@id":"https:\/\/staging.forenteforlag.no\/forlaget\/#\/schema\/logo\/image\/"},"sameAs":["https:\/\/www.facebook.com\/Forlagetpress"]}]}},"_links":{"self":[{"href":"https:\/\/staging.forenteforlag.no\/forlaget\/wp-json\/wp\/v2\/product\/22424","targetHints":{"allow":["GET"]}}],"collection":[{"href":"https:\/\/staging.forenteforlag.no\/forlaget\/wp-json\/wp\/v2\/product"}],"about":[{"href":"https:\/\/staging.forenteforlag.no\/forlaget\/wp-json\/wp\/v2\/types\/product"}],"wp:featuredmedia":[{"embeddable":true,"href":"https:\/\/staging.forenteforlag.no\/forlaget\/wp-json\/wp\/v2\/media\/24645"}],"wp:attachment":[{"href":"https:\/\/staging.forenteforlag.no\/forlaget\/wp-json\/wp\/v2\/media?parent=22424"}],"wp:term":[{"taxonomy":"product_brand","embeddable":true,"href":"https:\/\/staging.forenteforlag.no\/forlaget\/wp-json\/wp\/v2\/product_brand?post=22424"},{"taxonomy":"product_cat","embeddable":true,"href":"https:\/\/staging.forenteforlag.no\/forlaget\/wp-json\/wp\/v2\/product_cat?post=22424"},{"taxonomy":"product_tag","embeddable":true,"href":"https:\/\/staging.forenteforlag.no\/forlaget\/wp-json\/wp\/v2\/product_tag?post=22424"}],"curies":[{"name":"wp","href":"https:\/\/api.w.org\/{rel}","templated":true}]}}