{"id":22416,"date":"2013-01-25T01:00:00","date_gmt":"2013-01-25T00:00:00","guid":{"rendered":"https:\/\/forlagetpress.forenteforlag.no\/produkt\/ned-til-elva-3\/"},"modified":"2026-03-03T23:31:39","modified_gmt":"2026-03-03T22:31:39","slug":"ned-til-elva-3","status":"publish","type":"product","link":"https:\/\/staging.forenteforlag.no\/forlaget\/produkt\/ned-til-elva-3\/","title":{"rendered":"Ned til elva"},"content":{"rendered":"<p>Ned til elva er b\u00e5de en episk reise, en tragedie og en kj\u00e6rlighetshistorie. Det er en s\u00f8rgmodig, vakker og sitrende intens kombinasjon av John Irving, Mark Twain, Walt Whitman, cowboyb\u00f8kerog bibelhistorie. Forfatteren lar oss m\u00f8te elleve \u00e5r gamle Reuben Land, en gang p\u00e5 1960-tallet, en forteller som ikke n\u00f8ler med \u00e5 tro p\u00e5 mirakler. Han har vokst opp sammen med en far som kanskje var liten i verdens \u00f8yne, men som likevel forvaltet store krefter. N\u00e5 er Reuben p\u00e5 vei gjennom Midtvesten sammen med s\u00f8steren og faren, p\u00e5 leting etter sin eldre bror: en rastl\u00f8s ung mann som har v\u00e6rt p\u00e5 kant med loven, og n\u00e5 st\u00e5r overfor en omstridt drapstiltale. Reisen blir b\u00e5de en odyss\u00e9 og en \u00e5penbaring &#8211; et intenst m\u00f8te med det amerikanske landskapet, med menneskene, og med den kj\u00e6rligheten som gj\u00f8r det mulig \u00e5 trosse selv de frykteligste fiender.<\/p>\n","protected":false},"excerpt":{"rendered":"<p>Ned til elva er b\u00e5de en episk reise, en tragedie og en kj\u00e6rlighetshistorie. Det er en s\u00f8rgmodig, vakker og sitrende intens kombinasjon av John Irving, Mark Twain, Walt Whitman, cowboyb\u00f8kerog bibelhistorie. Forfatteren lar oss m\u00f8te elleve \u00e5r gamle Reuben Land, en gang p\u00e5 1960-tallet, en forteller som ikke n\u00f8ler med \u00e5 tro p\u00e5 mirakler. Han [&hellip;]<\/p>\n","protected":false},"featured_media":25335,"template":"","meta":{"_acf_changed":false,"inline_featured_image":false},"product_brand":[],"product_cat":[1781],"product_tag":[519,568,541,1095,510,483,370,879],"class_list":{"0":"post-22416","1":"product","2":"type-product","3":"status-publish","4":"has-post-thumbnail","6":"product_cat-rabattkodekampanje","7":"product_tag-1960-1969","8":"product_tag-bonusfamilie","9":"product_tag-flukt","10":"product_tag-grafiske-romaner","11":"product_tag-kjaerlighet","12":"product_tag-minnesota","13":"product_tag-skjonnlitteratur","14":"product_tag-veststatene","16":"first","17":"instock","18":"shipping-taxable","19":"purchasable","20":"product-type-simple"},"acf":{"anmeldelse":[{"tekst_anmeldelser":"\u00abDrabelig: Ei frisk fortelling som bygger p\u00e5 den samla katalogen over cowboylitteratur.\u00bb","av_anmeldelser":"Steinar Lillehaug","terningkast":false,"kilde":"Klassekampen"},{"tekst_anmeldelser":"\u00abEt helt enest\u00e5ende verk, en litter\u00e6r Johnny Cash-ballade. Les den, min venn.\u00bb","av_anmeldelser":"Knut Holt","terningkast":"<i class=\"fa-solid fa-dice-six\"><\/i>","kilde":"F\u00e6drelandsvennen"},{"tekst_anmeldelser":"\u00abVakkert og underfundig om sterke hendelser.\u00bb","av_anmeldelser":"Leif Ekle","terningkast":false,"kilde":"Kulturnytt, NRK P2"},{"tekst_anmeldelser":"\u00abB\u00f8r bli en favoritt for alle John Irving-fans. ... frydefull lesing\u00bb","av_anmeldelser":"Vidar Kvalshaug","terningkast":false,"kilde":"Aftenposten"},{"tekst_anmeldelser":"\u00abNed til elva er en type roman som du \u00f8nsker \u00e5 lese sakte, slik at du kan nyte hver setning.\u00bb","av_anmeldelser":"Brynjulf Jung Tj\u00f8nn","terningkast":"<i class=\"fa-solid fa-dice-six\"><\/i>","kilde":"VG"},{"tekst_anmeldelser":"\u00abVakkert, poetisk og humoristisk om tro, mirakler og lovl\u00f8se. Read it!\u00bb","av_anmeldelser":"Cathrine Kr\u00f8ger","terningkast":false,"kilde":"Dagbladet"},{"tekst_anmeldelser":"\u00abEt mirakel av en debutroman. Ned til elva er en bok man ikke \u00f8nsker skal ta slutt. Dette er virkelig blant \u00e5rets aller beste leseropplevelser!\u00bb","av_anmeldelser":"Eva Nyhaug","terningkast":false,"kilde":"Moss Avis"},{"tekst_anmeldelser":"\u00abV\u00e5rens mest poetiske r\u00f8verhistorie er verdt \u00e5 dvele ved.\u00bb","av_anmeldelser":"Susanne Hedemann Hiorth","terningkast":false,"kilde":"DN Magasinet"},{"tekst_anmeldelser":"","av_anmeldelser":"","terningkast":false,"kilde":""},{"tekst_anmeldelser":"","av_anmeldelser":"","terningkast":false,"kilde":""}]},"yoast_head":"<!-- This site is optimized with the Yoast SEO plugin v26.6 - https:\/\/yoast.com\/wordpress\/plugins\/seo\/ -->\n<title>Ned til elva - Forlaget Press<\/title>\n<meta name=\"robots\" content=\"noindex, follow, max-snippet:-1, max-image-preview:large, max-video-preview:-1\" \/>\n<meta property=\"og:locale\" content=\"nb_NO\" \/>\n<meta property=\"og:type\" content=\"article\" \/>\n<meta property=\"og:title\" content=\"Ned til elva - Forlaget Press\" \/>\n<meta property=\"og:description\" content=\"Ned til elva er b\u00e5de en episk reise, en tragedie og en kj\u00e6rlighetshistorie. Det er en s\u00f8rgmodig, vakker og sitrende intens kombinasjon av John Irving, Mark Twain, Walt Whitman, cowboyb\u00f8kerog bibelhistorie. Forfatteren lar oss m\u00f8te elleve \u00e5r gamle Reuben Land, en gang p\u00e5 1960-tallet, en forteller som ikke n\u00f8ler med \u00e5 tro p\u00e5 mirakler. Han [&hellip;]\" \/>\n<meta property=\"og:url\" content=\"https:\/\/staging.forenteforlag.no\/forlaget\/produkt\/ned-til-elva-3\/\" \/>\n<meta property=\"og:site_name\" content=\"Forlaget Press\" \/>\n<meta property=\"article:publisher\" content=\"https:\/\/www.facebook.com\/Forlagetpress\" \/>\n<meta property=\"article:modified_time\" content=\"2026-03-03T22:31:39+00:00\" \/>\n<meta property=\"og:image\" content=\"https:\/\/staging.forenteforlag.no\/forlaget\/wp-content\/uploads\/sites\/3\/2025\/08\/jpg-8571.jpg\" \/>\n\t<meta property=\"og:image:width\" content=\"305\" \/>\n\t<meta property=\"og:image:height\" content=\"450\" \/>\n\t<meta property=\"og:image:type\" content=\"image\/jpeg\" \/>\n<meta name=\"twitter:card\" content=\"summary_large_image\" \/>\n<meta name=\"twitter:label1\" content=\"Ansl. lesetid\" \/>\n\t<meta name=\"twitter:data1\" content=\"1 minutt\" \/>\n<script type=\"application\/ld+json\" class=\"yoast-schema-graph\">{\"@context\":\"https:\/\/schema.org\",\"@graph\":[{\"@type\":\"WebPage\",\"@id\":\"https:\/\/staging.forenteforlag.no\/forlaget\/produkt\/ned-til-elva-3\/\",\"url\":\"https:\/\/staging.forenteforlag.no\/forlaget\/produkt\/ned-til-elva-3\/\",\"name\":\"Ned til elva - Forlaget Press\",\"isPartOf\":{\"@id\":\"https:\/\/staging.forenteforlag.no\/forlaget\/#website\"},\"primaryImageOfPage\":{\"@id\":\"https:\/\/staging.forenteforlag.no\/forlaget\/produkt\/ned-til-elva-3\/#primaryimage\"},\"image\":{\"@id\":\"https:\/\/staging.forenteforlag.no\/forlaget\/produkt\/ned-til-elva-3\/#primaryimage\"},\"thumbnailUrl\":\"https:\/\/staging.forenteforlag.no\/forlaget\/wp-content\/uploads\/sites\/3\/2025\/08\/jpg-8571.jpg\",\"datePublished\":\"2013-01-25T00:00:00+00:00\",\"dateModified\":\"2026-03-03T22:31:39+00:00\",\"breadcrumb\":{\"@id\":\"https:\/\/staging.forenteforlag.no\/forlaget\/produkt\/ned-til-elva-3\/#breadcrumb\"},\"inLanguage\":\"nb-NO\",\"potentialAction\":[{\"@type\":\"ReadAction\",\"target\":[\"https:\/\/staging.forenteforlag.no\/forlaget\/produkt\/ned-til-elva-3\/\"]}]},{\"@type\":\"ImageObject\",\"inLanguage\":\"nb-NO\",\"@id\":\"https:\/\/staging.forenteforlag.no\/forlaget\/produkt\/ned-til-elva-3\/#primaryimage\",\"url\":\"https:\/\/staging.forenteforlag.no\/forlaget\/wp-content\/uploads\/sites\/3\/2025\/08\/jpg-8571.jpg\",\"contentUrl\":\"https:\/\/staging.forenteforlag.no\/forlaget\/wp-content\/uploads\/sites\/3\/2025\/08\/jpg-8571.jpg\",\"width\":305,\"height\":450},{\"@type\":\"BreadcrumbList\",\"@id\":\"https:\/\/staging.forenteforlag.no\/forlaget\/produkt\/ned-til-elva-3\/#breadcrumb\",\"itemListElement\":[{\"@type\":\"ListItem\",\"position\":1,\"name\":\"Hjem\",\"item\":\"https:\/\/staging.forenteforlag.no\/forlaget\/\"},{\"@type\":\"ListItem\",\"position\":2,\"name\":\"Alle b\u00f8ker\",\"item\":\"https:\/\/staging.forenteforlag.no\/forlaget\/butikk\/\"},{\"@type\":\"ListItem\",\"position\":3,\"name\":\"Ned til elva\"}]},{\"@type\":\"WebSite\",\"@id\":\"https:\/\/staging.forenteforlag.no\/forlaget\/#website\",\"url\":\"https:\/\/staging.forenteforlag.no\/forlaget\/\",\"name\":\"Forlaget Press\",\"description\":\"\",\"publisher\":{\"@id\":\"https:\/\/staging.forenteforlag.no\/forlaget\/#organization\"},\"potentialAction\":[{\"@type\":\"SearchAction\",\"target\":{\"@type\":\"EntryPoint\",\"urlTemplate\":\"https:\/\/staging.forenteforlag.no\/forlaget\/?s={search_term_string}\"},\"query-input\":{\"@type\":\"PropertyValueSpecification\",\"valueRequired\":true,\"valueName\":\"search_term_string\"}}],\"inLanguage\":\"nb-NO\"},{\"@type\":\"Organization\",\"@id\":\"https:\/\/staging.forenteforlag.no\/forlaget\/#organization\",\"name\":\"Forlaget Press\",\"url\":\"https:\/\/staging.forenteforlag.no\/forlaget\/\",\"logo\":{\"@type\":\"ImageObject\",\"inLanguage\":\"nb-NO\",\"@id\":\"https:\/\/staging.forenteforlag.no\/forlaget\/#\/schema\/logo\/image\/\",\"url\":\"https:\/\/staging.forenteforlag.no\/forlaget\/wp-content\/uploads\/sites\/3\/2024\/09\/Press_logo.svg\",\"contentUrl\":\"https:\/\/staging.forenteforlag.no\/forlaget\/wp-content\/uploads\/sites\/3\/2024\/09\/Press_logo.svg\",\"width\":100,\"height\":100,\"caption\":\"Forlaget Press\"},\"image\":{\"@id\":\"https:\/\/staging.forenteforlag.no\/forlaget\/#\/schema\/logo\/image\/\"},\"sameAs\":[\"https:\/\/www.facebook.com\/Forlagetpress\"]}]}<\/script>\n<!-- \/ Yoast SEO plugin. -->","yoast_head_json":{"title":"Ned til elva - Forlaget Press","robots":{"index":"noindex","follow":"follow","max-snippet":"max-snippet:-1","max-image-preview":"max-image-preview:large","max-video-preview":"max-video-preview:-1"},"og_locale":"nb_NO","og_type":"article","og_title":"Ned til elva - Forlaget Press","og_description":"Ned til elva er b\u00e5de en episk reise, en tragedie og en kj\u00e6rlighetshistorie. Det er en s\u00f8rgmodig, vakker og sitrende intens kombinasjon av John Irving, Mark Twain, Walt Whitman, cowboyb\u00f8kerog bibelhistorie. Forfatteren lar oss m\u00f8te elleve \u00e5r gamle Reuben Land, en gang p\u00e5 1960-tallet, en forteller som ikke n\u00f8ler med \u00e5 tro p\u00e5 mirakler. Han [&hellip;]","og_url":"https:\/\/staging.forenteforlag.no\/forlaget\/produkt\/ned-til-elva-3\/","og_site_name":"Forlaget Press","article_publisher":"https:\/\/www.facebook.com\/Forlagetpress","article_modified_time":"2026-03-03T22:31:39+00:00","og_image":[{"width":305,"height":450,"url":"https:\/\/staging.forenteforlag.no\/forlaget\/wp-content\/uploads\/sites\/3\/2025\/08\/jpg-8571.jpg","type":"image\/jpeg"}],"twitter_card":"summary_large_image","twitter_misc":{"Ansl. lesetid":"1 minutt"},"schema":{"@context":"https:\/\/schema.org","@graph":[{"@type":"WebPage","@id":"https:\/\/staging.forenteforlag.no\/forlaget\/produkt\/ned-til-elva-3\/","url":"https:\/\/staging.forenteforlag.no\/forlaget\/produkt\/ned-til-elva-3\/","name":"Ned til elva - Forlaget Press","isPartOf":{"@id":"https:\/\/staging.forenteforlag.no\/forlaget\/#website"},"primaryImageOfPage":{"@id":"https:\/\/staging.forenteforlag.no\/forlaget\/produkt\/ned-til-elva-3\/#primaryimage"},"image":{"@id":"https:\/\/staging.forenteforlag.no\/forlaget\/produkt\/ned-til-elva-3\/#primaryimage"},"thumbnailUrl":"https:\/\/staging.forenteforlag.no\/forlaget\/wp-content\/uploads\/sites\/3\/2025\/08\/jpg-8571.jpg","datePublished":"2013-01-25T00:00:00+00:00","dateModified":"2026-03-03T22:31:39+00:00","breadcrumb":{"@id":"https:\/\/staging.forenteforlag.no\/forlaget\/produkt\/ned-til-elva-3\/#breadcrumb"},"inLanguage":"nb-NO","potentialAction":[{"@type":"ReadAction","target":["https:\/\/staging.forenteforlag.no\/forlaget\/produkt\/ned-til-elva-3\/"]}]},{"@type":"ImageObject","inLanguage":"nb-NO","@id":"https:\/\/staging.forenteforlag.no\/forlaget\/produkt\/ned-til-elva-3\/#primaryimage","url":"https:\/\/staging.forenteforlag.no\/forlaget\/wp-content\/uploads\/sites\/3\/2025\/08\/jpg-8571.jpg","contentUrl":"https:\/\/staging.forenteforlag.no\/forlaget\/wp-content\/uploads\/sites\/3\/2025\/08\/jpg-8571.jpg","width":305,"height":450},{"@type":"BreadcrumbList","@id":"https:\/\/staging.forenteforlag.no\/forlaget\/produkt\/ned-til-elva-3\/#breadcrumb","itemListElement":[{"@type":"ListItem","position":1,"name":"Hjem","item":"https:\/\/staging.forenteforlag.no\/forlaget\/"},{"@type":"ListItem","position":2,"name":"Alle b\u00f8ker","item":"https:\/\/staging.forenteforlag.no\/forlaget\/butikk\/"},{"@type":"ListItem","position":3,"name":"Ned til elva"}]},{"@type":"WebSite","@id":"https:\/\/staging.forenteforlag.no\/forlaget\/#website","url":"https:\/\/staging.forenteforlag.no\/forlaget\/","name":"Forlaget Press","description":"","publisher":{"@id":"https:\/\/staging.forenteforlag.no\/forlaget\/#organization"},"potentialAction":[{"@type":"SearchAction","target":{"@type":"EntryPoint","urlTemplate":"https:\/\/staging.forenteforlag.no\/forlaget\/?s={search_term_string}"},"query-input":{"@type":"PropertyValueSpecification","valueRequired":true,"valueName":"search_term_string"}}],"inLanguage":"nb-NO"},{"@type":"Organization","@id":"https:\/\/staging.forenteforlag.no\/forlaget\/#organization","name":"Forlaget Press","url":"https:\/\/staging.forenteforlag.no\/forlaget\/","logo":{"@type":"ImageObject","inLanguage":"nb-NO","@id":"https:\/\/staging.forenteforlag.no\/forlaget\/#\/schema\/logo\/image\/","url":"https:\/\/staging.forenteforlag.no\/forlaget\/wp-content\/uploads\/sites\/3\/2024\/09\/Press_logo.svg","contentUrl":"https:\/\/staging.forenteforlag.no\/forlaget\/wp-content\/uploads\/sites\/3\/2024\/09\/Press_logo.svg","width":100,"height":100,"caption":"Forlaget Press"},"image":{"@id":"https:\/\/staging.forenteforlag.no\/forlaget\/#\/schema\/logo\/image\/"},"sameAs":["https:\/\/www.facebook.com\/Forlagetpress"]}]}},"_links":{"self":[{"href":"https:\/\/staging.forenteforlag.no\/forlaget\/wp-json\/wp\/v2\/product\/22416","targetHints":{"allow":["GET"]}}],"collection":[{"href":"https:\/\/staging.forenteforlag.no\/forlaget\/wp-json\/wp\/v2\/product"}],"about":[{"href":"https:\/\/staging.forenteforlag.no\/forlaget\/wp-json\/wp\/v2\/types\/product"}],"wp:featuredmedia":[{"embeddable":true,"href":"https:\/\/staging.forenteforlag.no\/forlaget\/wp-json\/wp\/v2\/media\/25335"}],"wp:attachment":[{"href":"https:\/\/staging.forenteforlag.no\/forlaget\/wp-json\/wp\/v2\/media?parent=22416"}],"wp:term":[{"taxonomy":"product_brand","embeddable":true,"href":"https:\/\/staging.forenteforlag.no\/forlaget\/wp-json\/wp\/v2\/product_brand?post=22416"},{"taxonomy":"product_cat","embeddable":true,"href":"https:\/\/staging.forenteforlag.no\/forlaget\/wp-json\/wp\/v2\/product_cat?post=22416"},{"taxonomy":"product_tag","embeddable":true,"href":"https:\/\/staging.forenteforlag.no\/forlaget\/wp-json\/wp\/v2\/product_tag?post=22416"}],"curies":[{"name":"wp","href":"https:\/\/api.w.org\/{rel}","templated":true}]}}