{"id":22403,"date":"2015-03-03T01:00:00","date_gmt":"2015-03-03T00:00:00","guid":{"rendered":"https:\/\/forlagetpress.forenteforlag.no\/produkt\/den-dode-i-barentsburg-5\/"},"modified":"2026-03-03T23:34:06","modified_gmt":"2026-03-03T22:34:06","slug":"den-dode-i-barentsburg-5","status":"publish","type":"product","link":"https:\/\/staging.forenteforlag.no\/forlaget\/produkt\/den-dode-i-barentsburg-5\/","title":{"rendered":"Den d\u00f8de i Barentsburg"},"content":{"rendered":"<p>For Knut Fjeld er Barentsburg en g\u00e5te. Han vet ikke hvorfor han er her, i den underlige russiske gruvebyen p\u00e5 Svalbard, en gjenglemt levning etter den kalde krigen. Han vet ikke hvorfor russerne plutselig vil ha en norsk sysselmannsbetjent til \u00e5 unders\u00f8ke en helt vanlig  ulykke. Han forst\u00e5r ikke menneskene her, Sovjetstatens bygninger forlatt under nordlyset, det mystiske spr\u00e5ket. Og han vet ikke om det er meningen at han skal forst\u00e5. Eller om de skjebnesvangre detaljene han begynner \u00e5 avdekke rundt ulykken bare er del av et st\u00f8rre spill, som noen der ute i skyggene har lagt opp for ham. <\/p>\n<p>Interessen for Monica Kristensens krimserie om sysselmannsbetjenten Knut Fjeld p\u00e5 Svalbard er sterkt \u00f8kende. Etter str\u00e5lende norske kritikker for de tre f\u00f8rste b\u00f8kene er bokserien n\u00e5 under utgivelse i Tyskland, Frankrike, Australia, Italia, New Zealand Tsjekkia, Nederland og Danmark, og det er sterk interesse fra flere andre land.<\/p>\n","protected":false},"excerpt":{"rendered":"<p>For Knut Fjeld er Barentsburg en g\u00e5te. Han vet ikke hvorfor han er her, i den underlige russiske gruvebyen p\u00e5 Svalbard, en gjenglemt levning etter den kalde krigen. Han vet ikke hvorfor russerne plutselig vil ha en norsk sysselmannsbetjent til \u00e5 unders\u00f8ke en helt vanlig ulykke. Han forst\u00e5r ikke menneskene her, Sovjetstatens bygninger forlatt under [&hellip;]<\/p>\n","protected":false},"featured_media":25226,"template":"","meta":{"_acf_changed":false,"inline_featured_image":false},"product_brand":[],"product_cat":[1781],"product_tag":[391,1095,824,370,788],"class_list":{"0":"post-22403","1":"product","2":"type-product","3":"status-publish","4":"has-post-thumbnail","6":"product_cat-rabattkodekampanje","7":"product_tag-diskriminering","8":"product_tag-grafiske-romaner","9":"product_tag-politi-og-detektiver","10":"product_tag-skjonnlitteratur","11":"product_tag-svalbard","13":"first","14":"instock","15":"shipping-taxable","16":"purchasable","17":"product-type-simple"},"acf":{"anmeldelse":[{"tekst_anmeldelser":"\u00abGodt turnert krimplott plassert i fascinerende omgivelser. Monica Kristensen er en krimforfatter som ogs\u00e5 fors\u00f8ker \u00e5 oppn\u00e5 noe med selve spr\u00e5ket. Og som lykkes med det.\u00bb","av_anmeldelser":"Torbj\u00f8rn Lysebo Ekelund","terningkast":false,"kilde":"Dagbladet"},{"tekst_anmeldelser":"\u00abKristensen skriver glitrende. Du kjenner kulden knitre, stemningen i boken tar deg med b\u00e5de ut og inn i landskapet, og ned i gruven, og inn i b\u00e5de private husv\u00e6re og offentlige. Kristensen klarer \u00e5 gj\u00f8re lesingen nervepirrende. Du legger ikke fra deg hennes b\u00f8ker f\u00f8r du har lest dem ferdig. I ett jafs.\u00bb","av_anmeldelser":"Mette Bleken","terningkast":false,"kilde":"Hardanger Folkeblad"},{"tekst_anmeldelser":"\u00abFascinerende kulturstudie ikledd kriminell drakt.\u00bb","av_anmeldelser":"P\u00e5l Gerhard Olsen","terningkast":false,"kilde":"Aftenposten"},{"tekst_anmeldelser":"\u00abHun behersker sjangeren til fulle, og hun har en annerledeshet som skiller henne fra den jevne krimmasse. Kunnskapsrik, artig og interessant krim.\u00bb","av_anmeldelser":"Lars Helge Nilsen","terningkast":false,"kilde":"Bergens Tidende"},{"tekst_anmeldelser":"\u00abEn effektiv og smidig utf\u00f8rt roman. Det kriminalistiske plot\u2019et, er solid utp\u00f8nsket og effektivt og uj\u00e5lete fortalt.\u00bb","av_anmeldelser":"Knut Holt","terningkast":"<i class=\"fa-solid fa-dice-five\"><\/i>","kilde":"F\u00e6drelandsvennen"},{"tekst_anmeldelser":"\u00abIskaldt spennende.\u00bb","av_anmeldelser":"Per-Magne Midjo","terningkast":"<i class=\"fa-solid fa-dice-five\"><\/i>","kilde":"Tr\u00f8nder-avisa"},{"tekst_anmeldelser":"\u00abMonica Kristensen er et friskt, iskoldt pust i en genre med rigeligt tempereret klima.\u00bb","av_anmeldelser":"Lars Ole Sauerberg","terningkast":false,"kilde":"Jyllands-Posten"},{"tekst_anmeldelser":"\u00abKriminalromanens sn\u00f8dronning. Kristensen er en unik kriminalforfatter, og som hun kan beskrive kulde! Brrrr!\u00bb","av_anmeldelser":"Berit Kobro","terningkast":"<i class=\"fa-solid fa-dice-six\"><\/i>","kilde":"VG"},{"tekst_anmeldelser":"","av_anmeldelser":"","terningkast":false,"kilde":""}]},"yoast_head":"<!-- This site is optimized with the Yoast SEO plugin v26.6 - https:\/\/yoast.com\/wordpress\/plugins\/seo\/ -->\n<title>Den d\u00f8de i Barentsburg - Forlaget Press<\/title>\n<meta name=\"robots\" content=\"noindex, follow, max-snippet:-1, max-image-preview:large, max-video-preview:-1\" \/>\n<meta property=\"og:locale\" content=\"nb_NO\" \/>\n<meta property=\"og:type\" content=\"article\" \/>\n<meta property=\"og:title\" content=\"Den d\u00f8de i Barentsburg - Forlaget Press\" \/>\n<meta property=\"og:description\" content=\"For Knut Fjeld er Barentsburg en g\u00e5te. Han vet ikke hvorfor han er her, i den underlige russiske gruvebyen p\u00e5 Svalbard, en gjenglemt levning etter den kalde krigen. Han vet ikke hvorfor russerne plutselig vil ha en norsk sysselmannsbetjent til \u00e5 unders\u00f8ke en helt vanlig ulykke. Han forst\u00e5r ikke menneskene her, Sovjetstatens bygninger forlatt under [&hellip;]\" \/>\n<meta property=\"og:url\" content=\"https:\/\/staging.forenteforlag.no\/forlaget\/produkt\/den-dode-i-barentsburg-5\/\" \/>\n<meta property=\"og:site_name\" content=\"Forlaget Press\" \/>\n<meta property=\"article:publisher\" content=\"https:\/\/www.facebook.com\/Forlagetpress\" \/>\n<meta property=\"article:modified_time\" content=\"2026-03-03T22:34:06+00:00\" \/>\n<meta property=\"og:image\" content=\"https:\/\/staging.forenteforlag.no\/forlaget\/wp-content\/uploads\/sites\/3\/2025\/08\/jpg-7991.jpg\" \/>\n\t<meta property=\"og:image:width\" content=\"797\" \/>\n\t<meta property=\"og:image:height\" content=\"1181\" \/>\n\t<meta property=\"og:image:type\" content=\"image\/jpeg\" \/>\n<meta name=\"twitter:card\" content=\"summary_large_image\" \/>\n<meta name=\"twitter:label1\" content=\"Ansl. lesetid\" \/>\n\t<meta name=\"twitter:data1\" content=\"1 minutt\" \/>\n<script type=\"application\/ld+json\" class=\"yoast-schema-graph\">{\"@context\":\"https:\/\/schema.org\",\"@graph\":[{\"@type\":\"WebPage\",\"@id\":\"https:\/\/staging.forenteforlag.no\/forlaget\/produkt\/den-dode-i-barentsburg-5\/\",\"url\":\"https:\/\/staging.forenteforlag.no\/forlaget\/produkt\/den-dode-i-barentsburg-5\/\",\"name\":\"Den d\u00f8de i Barentsburg - Forlaget Press\",\"isPartOf\":{\"@id\":\"https:\/\/staging.forenteforlag.no\/forlaget\/#website\"},\"primaryImageOfPage\":{\"@id\":\"https:\/\/staging.forenteforlag.no\/forlaget\/produkt\/den-dode-i-barentsburg-5\/#primaryimage\"},\"image\":{\"@id\":\"https:\/\/staging.forenteforlag.no\/forlaget\/produkt\/den-dode-i-barentsburg-5\/#primaryimage\"},\"thumbnailUrl\":\"https:\/\/staging.forenteforlag.no\/forlaget\/wp-content\/uploads\/sites\/3\/2025\/08\/jpg-7991.jpg\",\"datePublished\":\"2015-03-03T00:00:00+00:00\",\"dateModified\":\"2026-03-03T22:34:06+00:00\",\"breadcrumb\":{\"@id\":\"https:\/\/staging.forenteforlag.no\/forlaget\/produkt\/den-dode-i-barentsburg-5\/#breadcrumb\"},\"inLanguage\":\"nb-NO\",\"potentialAction\":[{\"@type\":\"ReadAction\",\"target\":[\"https:\/\/staging.forenteforlag.no\/forlaget\/produkt\/den-dode-i-barentsburg-5\/\"]}]},{\"@type\":\"ImageObject\",\"inLanguage\":\"nb-NO\",\"@id\":\"https:\/\/staging.forenteforlag.no\/forlaget\/produkt\/den-dode-i-barentsburg-5\/#primaryimage\",\"url\":\"https:\/\/staging.forenteforlag.no\/forlaget\/wp-content\/uploads\/sites\/3\/2025\/08\/jpg-7991.jpg\",\"contentUrl\":\"https:\/\/staging.forenteforlag.no\/forlaget\/wp-content\/uploads\/sites\/3\/2025\/08\/jpg-7991.jpg\",\"width\":797,\"height\":1181},{\"@type\":\"BreadcrumbList\",\"@id\":\"https:\/\/staging.forenteforlag.no\/forlaget\/produkt\/den-dode-i-barentsburg-5\/#breadcrumb\",\"itemListElement\":[{\"@type\":\"ListItem\",\"position\":1,\"name\":\"Hjem\",\"item\":\"https:\/\/staging.forenteforlag.no\/forlaget\/\"},{\"@type\":\"ListItem\",\"position\":2,\"name\":\"Alle b\u00f8ker\",\"item\":\"https:\/\/staging.forenteforlag.no\/forlaget\/butikk\/\"},{\"@type\":\"ListItem\",\"position\":3,\"name\":\"Den d\u00f8de i Barentsburg\"}]},{\"@type\":\"WebSite\",\"@id\":\"https:\/\/staging.forenteforlag.no\/forlaget\/#website\",\"url\":\"https:\/\/staging.forenteforlag.no\/forlaget\/\",\"name\":\"Forlaget Press\",\"description\":\"\",\"publisher\":{\"@id\":\"https:\/\/staging.forenteforlag.no\/forlaget\/#organization\"},\"potentialAction\":[{\"@type\":\"SearchAction\",\"target\":{\"@type\":\"EntryPoint\",\"urlTemplate\":\"https:\/\/staging.forenteforlag.no\/forlaget\/?s={search_term_string}\"},\"query-input\":{\"@type\":\"PropertyValueSpecification\",\"valueRequired\":true,\"valueName\":\"search_term_string\"}}],\"inLanguage\":\"nb-NO\"},{\"@type\":\"Organization\",\"@id\":\"https:\/\/staging.forenteforlag.no\/forlaget\/#organization\",\"name\":\"Forlaget Press\",\"url\":\"https:\/\/staging.forenteforlag.no\/forlaget\/\",\"logo\":{\"@type\":\"ImageObject\",\"inLanguage\":\"nb-NO\",\"@id\":\"https:\/\/staging.forenteforlag.no\/forlaget\/#\/schema\/logo\/image\/\",\"url\":\"https:\/\/staging.forenteforlag.no\/forlaget\/wp-content\/uploads\/sites\/3\/2024\/09\/Press_logo.svg\",\"contentUrl\":\"https:\/\/staging.forenteforlag.no\/forlaget\/wp-content\/uploads\/sites\/3\/2024\/09\/Press_logo.svg\",\"width\":100,\"height\":100,\"caption\":\"Forlaget Press\"},\"image\":{\"@id\":\"https:\/\/staging.forenteforlag.no\/forlaget\/#\/schema\/logo\/image\/\"},\"sameAs\":[\"https:\/\/www.facebook.com\/Forlagetpress\"]}]}<\/script>\n<!-- \/ Yoast SEO plugin. -->","yoast_head_json":{"title":"Den d\u00f8de i Barentsburg - Forlaget Press","robots":{"index":"noindex","follow":"follow","max-snippet":"max-snippet:-1","max-image-preview":"max-image-preview:large","max-video-preview":"max-video-preview:-1"},"og_locale":"nb_NO","og_type":"article","og_title":"Den d\u00f8de i Barentsburg - Forlaget Press","og_description":"For Knut Fjeld er Barentsburg en g\u00e5te. Han vet ikke hvorfor han er her, i den underlige russiske gruvebyen p\u00e5 Svalbard, en gjenglemt levning etter den kalde krigen. Han vet ikke hvorfor russerne plutselig vil ha en norsk sysselmannsbetjent til \u00e5 unders\u00f8ke en helt vanlig ulykke. Han forst\u00e5r ikke menneskene her, Sovjetstatens bygninger forlatt under [&hellip;]","og_url":"https:\/\/staging.forenteforlag.no\/forlaget\/produkt\/den-dode-i-barentsburg-5\/","og_site_name":"Forlaget Press","article_publisher":"https:\/\/www.facebook.com\/Forlagetpress","article_modified_time":"2026-03-03T22:34:06+00:00","og_image":[{"width":797,"height":1181,"url":"https:\/\/staging.forenteforlag.no\/forlaget\/wp-content\/uploads\/sites\/3\/2025\/08\/jpg-7991.jpg","type":"image\/jpeg"}],"twitter_card":"summary_large_image","twitter_misc":{"Ansl. lesetid":"1 minutt"},"schema":{"@context":"https:\/\/schema.org","@graph":[{"@type":"WebPage","@id":"https:\/\/staging.forenteforlag.no\/forlaget\/produkt\/den-dode-i-barentsburg-5\/","url":"https:\/\/staging.forenteforlag.no\/forlaget\/produkt\/den-dode-i-barentsburg-5\/","name":"Den d\u00f8de i Barentsburg - Forlaget Press","isPartOf":{"@id":"https:\/\/staging.forenteforlag.no\/forlaget\/#website"},"primaryImageOfPage":{"@id":"https:\/\/staging.forenteforlag.no\/forlaget\/produkt\/den-dode-i-barentsburg-5\/#primaryimage"},"image":{"@id":"https:\/\/staging.forenteforlag.no\/forlaget\/produkt\/den-dode-i-barentsburg-5\/#primaryimage"},"thumbnailUrl":"https:\/\/staging.forenteforlag.no\/forlaget\/wp-content\/uploads\/sites\/3\/2025\/08\/jpg-7991.jpg","datePublished":"2015-03-03T00:00:00+00:00","dateModified":"2026-03-03T22:34:06+00:00","breadcrumb":{"@id":"https:\/\/staging.forenteforlag.no\/forlaget\/produkt\/den-dode-i-barentsburg-5\/#breadcrumb"},"inLanguage":"nb-NO","potentialAction":[{"@type":"ReadAction","target":["https:\/\/staging.forenteforlag.no\/forlaget\/produkt\/den-dode-i-barentsburg-5\/"]}]},{"@type":"ImageObject","inLanguage":"nb-NO","@id":"https:\/\/staging.forenteforlag.no\/forlaget\/produkt\/den-dode-i-barentsburg-5\/#primaryimage","url":"https:\/\/staging.forenteforlag.no\/forlaget\/wp-content\/uploads\/sites\/3\/2025\/08\/jpg-7991.jpg","contentUrl":"https:\/\/staging.forenteforlag.no\/forlaget\/wp-content\/uploads\/sites\/3\/2025\/08\/jpg-7991.jpg","width":797,"height":1181},{"@type":"BreadcrumbList","@id":"https:\/\/staging.forenteforlag.no\/forlaget\/produkt\/den-dode-i-barentsburg-5\/#breadcrumb","itemListElement":[{"@type":"ListItem","position":1,"name":"Hjem","item":"https:\/\/staging.forenteforlag.no\/forlaget\/"},{"@type":"ListItem","position":2,"name":"Alle b\u00f8ker","item":"https:\/\/staging.forenteforlag.no\/forlaget\/butikk\/"},{"@type":"ListItem","position":3,"name":"Den d\u00f8de i Barentsburg"}]},{"@type":"WebSite","@id":"https:\/\/staging.forenteforlag.no\/forlaget\/#website","url":"https:\/\/staging.forenteforlag.no\/forlaget\/","name":"Forlaget Press","description":"","publisher":{"@id":"https:\/\/staging.forenteforlag.no\/forlaget\/#organization"},"potentialAction":[{"@type":"SearchAction","target":{"@type":"EntryPoint","urlTemplate":"https:\/\/staging.forenteforlag.no\/forlaget\/?s={search_term_string}"},"query-input":{"@type":"PropertyValueSpecification","valueRequired":true,"valueName":"search_term_string"}}],"inLanguage":"nb-NO"},{"@type":"Organization","@id":"https:\/\/staging.forenteforlag.no\/forlaget\/#organization","name":"Forlaget Press","url":"https:\/\/staging.forenteforlag.no\/forlaget\/","logo":{"@type":"ImageObject","inLanguage":"nb-NO","@id":"https:\/\/staging.forenteforlag.no\/forlaget\/#\/schema\/logo\/image\/","url":"https:\/\/staging.forenteforlag.no\/forlaget\/wp-content\/uploads\/sites\/3\/2024\/09\/Press_logo.svg","contentUrl":"https:\/\/staging.forenteforlag.no\/forlaget\/wp-content\/uploads\/sites\/3\/2024\/09\/Press_logo.svg","width":100,"height":100,"caption":"Forlaget Press"},"image":{"@id":"https:\/\/staging.forenteforlag.no\/forlaget\/#\/schema\/logo\/image\/"},"sameAs":["https:\/\/www.facebook.com\/Forlagetpress"]}]}},"_links":{"self":[{"href":"https:\/\/staging.forenteforlag.no\/forlaget\/wp-json\/wp\/v2\/product\/22403","targetHints":{"allow":["GET"]}}],"collection":[{"href":"https:\/\/staging.forenteforlag.no\/forlaget\/wp-json\/wp\/v2\/product"}],"about":[{"href":"https:\/\/staging.forenteforlag.no\/forlaget\/wp-json\/wp\/v2\/types\/product"}],"wp:featuredmedia":[{"embeddable":true,"href":"https:\/\/staging.forenteforlag.no\/forlaget\/wp-json\/wp\/v2\/media\/25226"}],"wp:attachment":[{"href":"https:\/\/staging.forenteforlag.no\/forlaget\/wp-json\/wp\/v2\/media?parent=22403"}],"wp:term":[{"taxonomy":"product_brand","embeddable":true,"href":"https:\/\/staging.forenteforlag.no\/forlaget\/wp-json\/wp\/v2\/product_brand?post=22403"},{"taxonomy":"product_cat","embeddable":true,"href":"https:\/\/staging.forenteforlag.no\/forlaget\/wp-json\/wp\/v2\/product_cat?post=22403"},{"taxonomy":"product_tag","embeddable":true,"href":"https:\/\/staging.forenteforlag.no\/forlaget\/wp-json\/wp\/v2\/product_tag?post=22403"}],"curies":[{"name":"wp","href":"https:\/\/api.w.org\/{rel}","templated":true}]}}