{"id":22390,"date":"2015-09-14T02:00:00","date_gmt":"2015-09-14T00:00:00","guid":{"rendered":"https:\/\/forlagetpress.forenteforlag.no\/produkt\/rod-eller-dod-3\/"},"modified":"2026-03-04T12:28:32","modified_gmt":"2026-03-04T11:28:32","slug":"rod-eller-dod-3","status":"publish","type":"product","link":"https:\/\/staging.forenteforlag.no\/forlaget\/produkt\/rod-eller-dod-3\/","title":{"rendered":"R\u00f8d eller d\u00f8d"},"content":{"rendered":"<p>I 1959 var Liverpool FC i andredivisjon. Liverpool hadde aldri vunnet FA-cupen. Femten \u00e5r senere hadde de vunnet tre ligatitler, to FA-cuper og UEFA-cupen. Liverpool hadde blitt den mest suksessfulle engelske klubben, og de hadde de mest dedikerte supporterne. Manageren var Bill Shankly. Han var allerede en legende og s\u00e5 ut til \u00e5 v\u00e6re sikret evig liv. Han inspirerte folk, r\u00f8rte ved hjertene deres, forandret folks liv. Og hans eget liv var fotball. Shankly var sosialist. Men p\u00e5 Anfield var han Gud. I 1974 var alle klare for fortsettelsen. I England og i Europa. I stedet sa Shankly opp jobben for \u00e5 bli pensjonist. <\/p>\n<p>R\u00f8d eller d\u00f8d er fortellingen om Liverpool FC og Bill Shanklys vekst. Det er en fortelling om \u00e5 trekke seg tilbake, om \u00e9n mann og hans livsverk, og om denne mannens liv etter jobben. En delt mann, mellom hjemme og borte, r\u00f8d eller d\u00f8d.<\/p>\n","protected":false},"excerpt":{"rendered":"<p>I 1959 var Liverpool FC i andredivisjon. Liverpool hadde aldri vunnet FA-cupen. Femten \u00e5r senere hadde de vunnet tre ligatitler, to FA-cuper og UEFA-cupen. Liverpool hadde blitt den mest suksessfulle engelske klubben, og de hadde de mest dedikerte supporterne. Manageren var Bill Shankly. Han var allerede en legende og s\u00e5 ut til \u00e5 v\u00e6re sikret [&hellip;]<\/p>\n","protected":false},"featured_media":26226,"template":"","meta":{"_acf_changed":false,"inline_featured_image":false},"product_brand":[],"product_cat":[1781],"product_tag":[519,473,414,775,1095,370],"class_list":{"0":"post-22390","1":"product","2":"type-product","3":"status-publish","4":"has-post-thumbnail","6":"product_cat-rabattkodekampanje","7":"product_tag-1960-1969","8":"product_tag-1970-1979","9":"product_tag-england","10":"product_tag-fotball","11":"product_tag-grafiske-romaner","12":"product_tag-skjonnlitteratur","14":"first","15":"instock","16":"shipping-taxable","17":"purchasable","18":"product-type-simple"},"acf":{"anmeldelse":[{"tekst_anmeldelser":"\u00abEt mesterverk [...] R\u00f8d eller d\u00f8d har samme tykkelse som en murstein i en stadionvegg. Endevendt og avsluttet \u00f8nsker jeg meg 600 sider til.\u00bb","av_anmeldelser":"Robert Vei\u00e5ker Johansen","terningkast":false,"kilde":"Aftenposten"},{"tekst_anmeldelser":"\u00ab[...] ogs\u00e5 lesere med moderat interesse for fotball, kan ha glede av denne bemerkelsesverdige teksten. [...] som fotballbok, er dette ogs\u00e5 noe av det beste jeg har lest. Faktisk. Og: Det er en glede \u00e5 sl\u00e5 fast at Knut Ofstads oversettelse er fullt p\u00e5 h\u00f8yde med originalen \u2013 jeg har lest dem begge.\u00bb","av_anmeldelser":"Leif Ekle","terningkast":false,"kilde":"NRK"},{"tekst_anmeldelser":"\u00abDen mest fascinerende romanen som noensinne er skrevet om fotball.\u00bb","av_anmeldelser":"Ole Asbj\u00f8rn Ness","terningkast":false,"kilde":"Finansavisen"},{"tekst_anmeldelser":"\u00abDavid Peace har skapt et portrett som er s\u00e5 intenst at boken n\u00e6rmest vibrerer.\u00bb","av_anmeldelser":"Sten-Inge J\u00f8rgensen","terningkast":"<i class=\"fa-solid fa-dice-six\"><\/i>","kilde":"VG"},{"tekst_anmeldelser":"\u00abUnder lesningen av romanen f\u00f8lte jeg meg litt som en tilskuer til en fotballkamp. Hele f\u00f8lelsesspekteret ble tatt i bruk, forventning, skuffelse, irritasjon, glede, ut\u00e5lmodighet og utmattelse.\u00bb","av_anmeldelser":"Endre Ruset","terningkast":false,"kilde":"Dagbladet"},{"tekst_anmeldelser":"\u00abStorartet portrett av en Liverpool-legende; om en tid, en by, et fotballag og tilhengere.\u00bb","av_anmeldelser":"Sigmund Jensen","terningkast":false,"kilde":"Stavanger Aftenblad"}]},"yoast_head":"<!-- This site is optimized with the Yoast SEO plugin v26.6 - https:\/\/yoast.com\/wordpress\/plugins\/seo\/ -->\n<title>R\u00f8d eller d\u00f8d - Forlaget Press<\/title>\n<meta name=\"robots\" content=\"noindex, follow, max-snippet:-1, max-image-preview:large, max-video-preview:-1\" \/>\n<meta property=\"og:locale\" content=\"nb_NO\" \/>\n<meta property=\"og:type\" content=\"article\" \/>\n<meta property=\"og:title\" content=\"R\u00f8d eller d\u00f8d - Forlaget Press\" \/>\n<meta property=\"og:description\" content=\"I 1959 var Liverpool FC i andredivisjon. Liverpool hadde aldri vunnet FA-cupen. Femten \u00e5r senere hadde de vunnet tre ligatitler, to FA-cuper og UEFA-cupen. Liverpool hadde blitt den mest suksessfulle engelske klubben, og de hadde de mest dedikerte supporterne. Manageren var Bill Shankly. Han var allerede en legende og s\u00e5 ut til \u00e5 v\u00e6re sikret [&hellip;]\" \/>\n<meta property=\"og:url\" content=\"https:\/\/staging.forenteforlag.no\/forlaget\/produkt\/rod-eller-dod-3\/\" \/>\n<meta property=\"og:site_name\" content=\"Forlaget Press\" \/>\n<meta property=\"article:publisher\" content=\"https:\/\/www.facebook.com\/Forlagetpress\" \/>\n<meta property=\"article:modified_time\" content=\"2026-03-04T11:28:32+00:00\" \/>\n<meta property=\"og:image\" content=\"https:\/\/staging.forenteforlag.no\/forlaget\/wp-content\/uploads\/sites\/3\/2026\/02\/9788232800544.jpg\" \/>\n\t<meta property=\"og:image:width\" content=\"720\" \/>\n\t<meta property=\"og:image:height\" content=\"1057\" \/>\n\t<meta property=\"og:image:type\" content=\"image\/jpeg\" \/>\n<meta name=\"twitter:card\" content=\"summary_large_image\" \/>\n<meta name=\"twitter:label1\" content=\"Ansl. lesetid\" \/>\n\t<meta name=\"twitter:data1\" content=\"1 minutt\" \/>\n<script type=\"application\/ld+json\" class=\"yoast-schema-graph\">{\"@context\":\"https:\/\/schema.org\",\"@graph\":[{\"@type\":\"WebPage\",\"@id\":\"https:\/\/staging.forenteforlag.no\/forlaget\/produkt\/rod-eller-dod-3\/\",\"url\":\"https:\/\/staging.forenteforlag.no\/forlaget\/produkt\/rod-eller-dod-3\/\",\"name\":\"R\u00f8d eller d\u00f8d - Forlaget Press\",\"isPartOf\":{\"@id\":\"https:\/\/staging.forenteforlag.no\/forlaget\/#website\"},\"primaryImageOfPage\":{\"@id\":\"https:\/\/staging.forenteforlag.no\/forlaget\/produkt\/rod-eller-dod-3\/#primaryimage\"},\"image\":{\"@id\":\"https:\/\/staging.forenteforlag.no\/forlaget\/produkt\/rod-eller-dod-3\/#primaryimage\"},\"thumbnailUrl\":\"https:\/\/staging.forenteforlag.no\/forlaget\/wp-content\/uploads\/sites\/3\/2026\/02\/9788232800544.jpg\",\"datePublished\":\"2015-09-14T00:00:00+00:00\",\"dateModified\":\"2026-03-04T11:28:32+00:00\",\"breadcrumb\":{\"@id\":\"https:\/\/staging.forenteforlag.no\/forlaget\/produkt\/rod-eller-dod-3\/#breadcrumb\"},\"inLanguage\":\"nb-NO\",\"potentialAction\":[{\"@type\":\"ReadAction\",\"target\":[\"https:\/\/staging.forenteforlag.no\/forlaget\/produkt\/rod-eller-dod-3\/\"]}]},{\"@type\":\"ImageObject\",\"inLanguage\":\"nb-NO\",\"@id\":\"https:\/\/staging.forenteforlag.no\/forlaget\/produkt\/rod-eller-dod-3\/#primaryimage\",\"url\":\"https:\/\/staging.forenteforlag.no\/forlaget\/wp-content\/uploads\/sites\/3\/2026\/02\/9788232800544.jpg\",\"contentUrl\":\"https:\/\/staging.forenteforlag.no\/forlaget\/wp-content\/uploads\/sites\/3\/2026\/02\/9788232800544.jpg\",\"width\":720,\"height\":1057},{\"@type\":\"BreadcrumbList\",\"@id\":\"https:\/\/staging.forenteforlag.no\/forlaget\/produkt\/rod-eller-dod-3\/#breadcrumb\",\"itemListElement\":[{\"@type\":\"ListItem\",\"position\":1,\"name\":\"Hjem\",\"item\":\"https:\/\/staging.forenteforlag.no\/forlaget\/\"},{\"@type\":\"ListItem\",\"position\":2,\"name\":\"Alle b\u00f8ker\",\"item\":\"https:\/\/staging.forenteforlag.no\/forlaget\/butikk\/\"},{\"@type\":\"ListItem\",\"position\":3,\"name\":\"R\u00f8d eller d\u00f8d\"}]},{\"@type\":\"WebSite\",\"@id\":\"https:\/\/staging.forenteforlag.no\/forlaget\/#website\",\"url\":\"https:\/\/staging.forenteforlag.no\/forlaget\/\",\"name\":\"Forlaget Press\",\"description\":\"\",\"publisher\":{\"@id\":\"https:\/\/staging.forenteforlag.no\/forlaget\/#organization\"},\"potentialAction\":[{\"@type\":\"SearchAction\",\"target\":{\"@type\":\"EntryPoint\",\"urlTemplate\":\"https:\/\/staging.forenteforlag.no\/forlaget\/?s={search_term_string}\"},\"query-input\":{\"@type\":\"PropertyValueSpecification\",\"valueRequired\":true,\"valueName\":\"search_term_string\"}}],\"inLanguage\":\"nb-NO\"},{\"@type\":\"Organization\",\"@id\":\"https:\/\/staging.forenteforlag.no\/forlaget\/#organization\",\"name\":\"Forlaget Press\",\"url\":\"https:\/\/staging.forenteforlag.no\/forlaget\/\",\"logo\":{\"@type\":\"ImageObject\",\"inLanguage\":\"nb-NO\",\"@id\":\"https:\/\/staging.forenteforlag.no\/forlaget\/#\/schema\/logo\/image\/\",\"url\":\"https:\/\/staging.forenteforlag.no\/forlaget\/wp-content\/uploads\/sites\/3\/2024\/09\/Press_logo.svg\",\"contentUrl\":\"https:\/\/staging.forenteforlag.no\/forlaget\/wp-content\/uploads\/sites\/3\/2024\/09\/Press_logo.svg\",\"width\":100,\"height\":100,\"caption\":\"Forlaget Press\"},\"image\":{\"@id\":\"https:\/\/staging.forenteforlag.no\/forlaget\/#\/schema\/logo\/image\/\"},\"sameAs\":[\"https:\/\/www.facebook.com\/Forlagetpress\"]}]}<\/script>\n<!-- \/ Yoast SEO plugin. -->","yoast_head_json":{"title":"R\u00f8d eller d\u00f8d - Forlaget Press","robots":{"index":"noindex","follow":"follow","max-snippet":"max-snippet:-1","max-image-preview":"max-image-preview:large","max-video-preview":"max-video-preview:-1"},"og_locale":"nb_NO","og_type":"article","og_title":"R\u00f8d eller d\u00f8d - Forlaget Press","og_description":"I 1959 var Liverpool FC i andredivisjon. Liverpool hadde aldri vunnet FA-cupen. Femten \u00e5r senere hadde de vunnet tre ligatitler, to FA-cuper og UEFA-cupen. Liverpool hadde blitt den mest suksessfulle engelske klubben, og de hadde de mest dedikerte supporterne. Manageren var Bill Shankly. Han var allerede en legende og s\u00e5 ut til \u00e5 v\u00e6re sikret [&hellip;]","og_url":"https:\/\/staging.forenteforlag.no\/forlaget\/produkt\/rod-eller-dod-3\/","og_site_name":"Forlaget Press","article_publisher":"https:\/\/www.facebook.com\/Forlagetpress","article_modified_time":"2026-03-04T11:28:32+00:00","og_image":[{"width":720,"height":1057,"url":"https:\/\/staging.forenteforlag.no\/forlaget\/wp-content\/uploads\/sites\/3\/2026\/02\/9788232800544.jpg","type":"image\/jpeg"}],"twitter_card":"summary_large_image","twitter_misc":{"Ansl. lesetid":"1 minutt"},"schema":{"@context":"https:\/\/schema.org","@graph":[{"@type":"WebPage","@id":"https:\/\/staging.forenteforlag.no\/forlaget\/produkt\/rod-eller-dod-3\/","url":"https:\/\/staging.forenteforlag.no\/forlaget\/produkt\/rod-eller-dod-3\/","name":"R\u00f8d eller d\u00f8d - Forlaget Press","isPartOf":{"@id":"https:\/\/staging.forenteforlag.no\/forlaget\/#website"},"primaryImageOfPage":{"@id":"https:\/\/staging.forenteforlag.no\/forlaget\/produkt\/rod-eller-dod-3\/#primaryimage"},"image":{"@id":"https:\/\/staging.forenteforlag.no\/forlaget\/produkt\/rod-eller-dod-3\/#primaryimage"},"thumbnailUrl":"https:\/\/staging.forenteforlag.no\/forlaget\/wp-content\/uploads\/sites\/3\/2026\/02\/9788232800544.jpg","datePublished":"2015-09-14T00:00:00+00:00","dateModified":"2026-03-04T11:28:32+00:00","breadcrumb":{"@id":"https:\/\/staging.forenteforlag.no\/forlaget\/produkt\/rod-eller-dod-3\/#breadcrumb"},"inLanguage":"nb-NO","potentialAction":[{"@type":"ReadAction","target":["https:\/\/staging.forenteforlag.no\/forlaget\/produkt\/rod-eller-dod-3\/"]}]},{"@type":"ImageObject","inLanguage":"nb-NO","@id":"https:\/\/staging.forenteforlag.no\/forlaget\/produkt\/rod-eller-dod-3\/#primaryimage","url":"https:\/\/staging.forenteforlag.no\/forlaget\/wp-content\/uploads\/sites\/3\/2026\/02\/9788232800544.jpg","contentUrl":"https:\/\/staging.forenteforlag.no\/forlaget\/wp-content\/uploads\/sites\/3\/2026\/02\/9788232800544.jpg","width":720,"height":1057},{"@type":"BreadcrumbList","@id":"https:\/\/staging.forenteforlag.no\/forlaget\/produkt\/rod-eller-dod-3\/#breadcrumb","itemListElement":[{"@type":"ListItem","position":1,"name":"Hjem","item":"https:\/\/staging.forenteforlag.no\/forlaget\/"},{"@type":"ListItem","position":2,"name":"Alle b\u00f8ker","item":"https:\/\/staging.forenteforlag.no\/forlaget\/butikk\/"},{"@type":"ListItem","position":3,"name":"R\u00f8d eller d\u00f8d"}]},{"@type":"WebSite","@id":"https:\/\/staging.forenteforlag.no\/forlaget\/#website","url":"https:\/\/staging.forenteforlag.no\/forlaget\/","name":"Forlaget Press","description":"","publisher":{"@id":"https:\/\/staging.forenteforlag.no\/forlaget\/#organization"},"potentialAction":[{"@type":"SearchAction","target":{"@type":"EntryPoint","urlTemplate":"https:\/\/staging.forenteforlag.no\/forlaget\/?s={search_term_string}"},"query-input":{"@type":"PropertyValueSpecification","valueRequired":true,"valueName":"search_term_string"}}],"inLanguage":"nb-NO"},{"@type":"Organization","@id":"https:\/\/staging.forenteforlag.no\/forlaget\/#organization","name":"Forlaget Press","url":"https:\/\/staging.forenteforlag.no\/forlaget\/","logo":{"@type":"ImageObject","inLanguage":"nb-NO","@id":"https:\/\/staging.forenteforlag.no\/forlaget\/#\/schema\/logo\/image\/","url":"https:\/\/staging.forenteforlag.no\/forlaget\/wp-content\/uploads\/sites\/3\/2024\/09\/Press_logo.svg","contentUrl":"https:\/\/staging.forenteforlag.no\/forlaget\/wp-content\/uploads\/sites\/3\/2024\/09\/Press_logo.svg","width":100,"height":100,"caption":"Forlaget Press"},"image":{"@id":"https:\/\/staging.forenteforlag.no\/forlaget\/#\/schema\/logo\/image\/"},"sameAs":["https:\/\/www.facebook.com\/Forlagetpress"]}]}},"_links":{"self":[{"href":"https:\/\/staging.forenteforlag.no\/forlaget\/wp-json\/wp\/v2\/product\/22390","targetHints":{"allow":["GET"]}}],"collection":[{"href":"https:\/\/staging.forenteforlag.no\/forlaget\/wp-json\/wp\/v2\/product"}],"about":[{"href":"https:\/\/staging.forenteforlag.no\/forlaget\/wp-json\/wp\/v2\/types\/product"}],"wp:featuredmedia":[{"embeddable":true,"href":"https:\/\/staging.forenteforlag.no\/forlaget\/wp-json\/wp\/v2\/media\/26226"}],"wp:attachment":[{"href":"https:\/\/staging.forenteforlag.no\/forlaget\/wp-json\/wp\/v2\/media?parent=22390"}],"wp:term":[{"taxonomy":"product_brand","embeddable":true,"href":"https:\/\/staging.forenteforlag.no\/forlaget\/wp-json\/wp\/v2\/product_brand?post=22390"},{"taxonomy":"product_cat","embeddable":true,"href":"https:\/\/staging.forenteforlag.no\/forlaget\/wp-json\/wp\/v2\/product_cat?post=22390"},{"taxonomy":"product_tag","embeddable":true,"href":"https:\/\/staging.forenteforlag.no\/forlaget\/wp-json\/wp\/v2\/product_tag?post=22390"}],"curies":[{"name":"wp","href":"https:\/\/api.w.org\/{rel}","templated":true}]}}