{"id":22386,"date":"2016-09-06T02:00:00","date_gmt":"2016-09-06T00:00:00","guid":{"rendered":"https:\/\/forlagetpress.forenteforlag.no\/produkt\/fiskene-har-ingen-fotter-2\/"},"modified":"2026-03-04T09:36:16","modified_gmt":"2026-03-04T08:36:16","slug":"fiskene-har-ingen-fotter-2","status":"publish","type":"product","link":"https:\/\/staging.forenteforlag.no\/forlaget\/produkt\/fiskene-har-ingen-fotter-2\/","title":{"rendered":"Fiskene har ingen f\u00f8tter"},"content":{"rendered":"<p>De pleide \u00e5 kalle stedet for Helvete. De amerikanske soldatene hatet Keflavik og flybasen der, det var noe med de svarte lavaslettene overalt &#8211; det var som om Keflavik ikke egentlig eksisterte. Men likevel var det i Keflavik Ari vokste opp, ble voksen, og til slutt br\u00f8t opp fra alt og forsvant. N\u00e5 som faren er d\u00f8ende, m\u00e5 han vende tilbake hit igjen, for \u00e5 konfrontere b\u00e5de sin egen og forfedrenes brustne historie. <\/p>\n<p>J\u00f3n Kalman Stef\u00e1nsson har vunnet mange beundrere b\u00e5de blant kritikere og lesere her til lands med den fantastiske trilogien om Gutten best\u00e5ende av Himmelrike og helvete, Englenes sorg og Menneskets hjerte. N\u00e5 f\u00f8lger han opp med en slektsroman som binder sammen fortid og n\u00e5tid p\u00e5 et vis som har f\u00e5tt anmelderne til \u00e5 sammenlikne den med Roy Jacobsens Seierherrene og De usynlige. <\/p>\n<p>Vi befinner oss i et moderne Keflavik som er like tomt og forvirret som den hjemvendte Ari. Men gradvis n\u00f8stes tr\u00e5dene i familiehistorien bakover. Fiskene har ikke f\u00f8tter er en vakker og vond og storslagen historie om en familie over tre generasjoner. Det er en fortelling om mennesker som elskes og plages, som flykter og vender hjem. Det er en historie om smerte og savn, om fiskekvoter og fangstkrise, om amerikanernes krigsskip, om Beatles, Pink Floyd og Wham. Det er en historie om lyse og m\u00f8rke dager i Nordfj\u00f6rdur &#8211; og om en kvinne som forvandles til en levende mumie. <\/p>\n<p>Fiskene har ingen f\u00f8tter er nominert til Nordisk r\u00e5ds litteraturpris i 2015.<\/p>\n","protected":false},"excerpt":{"rendered":"<p>De pleide \u00e5 kalle stedet for Helvete. De amerikanske soldatene hatet Keflavik og flybasen der, det var noe med de svarte lavaslettene overalt &#8211; det var som om Keflavik ikke egentlig eksisterte. Men likevel var det i Keflavik Ari vokste opp, ble voksen, og til slutt br\u00f8t opp fra alt og forsvant. N\u00e5 som faren [&hellip;]<\/p>\n","protected":false},"featured_media":26257,"template":"","meta":{"_acf_changed":false,"inline_featured_image":false},"product_brand":[],"product_cat":[1781],"product_tag":[370],"class_list":{"0":"post-22386","1":"product","2":"type-product","3":"status-publish","4":"has-post-thumbnail","6":"product_cat-rabattkodekampanje","7":"product_tag-skjonnlitteratur","9":"first","10":"instock","11":"shipping-taxable","12":"purchasable","13":"product-type-simple"},"acf":{"anmeldelse":[{"tekst_anmeldelser":"\u00abJeg kjenner ingen n\u00e5levende forfatter som skriver s\u00e5 uts\u00f8kt poetisk prosa om v\u00e5re skrale eksistensvilk\u00e5r som islendingen J\u00f3n Kalman Stef\u00e1nsson.\u00bb","av_anmeldelser":"Cathrine Kr\u00f8ger","terningkast":"<i class=\"fa-solid fa-dice-six\"><\/i>","kilde":"Dagbladet"},{"tekst_anmeldelser":"\u00abEi innsiktsfull og klokt poetisk historie om det kl\u00f8yvde mennesket og om kva som f\u00e5r oss til \u00e5 huske og kor viktig nettopp det er.\u00bb","av_anmeldelser":"Margunn Vikingstad","terningkast":false,"kilde":"Morgenbladet"},{"tekst_anmeldelser":"\u00abFiskene har ingen f\u00f8tter\u00bb er ei gripande soge om kvardagsmenneske som elskar og hatar, som f\u00f8ler for \u00e5 flykte, og for \u00e5 vende attende [...] J\u00f3n Kalman Stef\u00e1nsson er ein av dei verkeleg store forfattarane, ikkje berre i islandsk og nordisk samanheng.\u00bb","av_anmeldelser":"Bjarne Tveiten","terningkast":"<i class=\"fa-solid fa-dice-six\"><\/i>","kilde":"F\u00e6drelandsvennen"}]},"yoast_head":"<!-- This site is optimized with the Yoast SEO plugin v26.6 - https:\/\/yoast.com\/wordpress\/plugins\/seo\/ -->\n<title>Fiskene har ingen f\u00f8tter - Forlaget Press<\/title>\n<meta name=\"robots\" content=\"noindex, follow, max-snippet:-1, max-image-preview:large, max-video-preview:-1\" \/>\n<meta property=\"og:locale\" content=\"nb_NO\" \/>\n<meta property=\"og:type\" content=\"article\" \/>\n<meta property=\"og:title\" content=\"Fiskene har ingen f\u00f8tter - Forlaget Press\" \/>\n<meta property=\"og:description\" content=\"De pleide \u00e5 kalle stedet for Helvete. De amerikanske soldatene hatet Keflavik og flybasen der, det var noe med de svarte lavaslettene overalt &#8211; det var som om Keflavik ikke egentlig eksisterte. Men likevel var det i Keflavik Ari vokste opp, ble voksen, og til slutt br\u00f8t opp fra alt og forsvant. N\u00e5 som faren [&hellip;]\" \/>\n<meta property=\"og:url\" content=\"https:\/\/staging.forenteforlag.no\/forlaget\/produkt\/fiskene-har-ingen-fotter-2\/\" \/>\n<meta property=\"og:site_name\" content=\"Forlaget Press\" \/>\n<meta property=\"article:publisher\" content=\"https:\/\/www.facebook.com\/Forlagetpress\" \/>\n<meta property=\"article:modified_time\" content=\"2026-03-04T08:36:16+00:00\" \/>\n<meta property=\"og:image\" content=\"https:\/\/staging.forenteforlag.no\/forlaget\/wp-content\/uploads\/sites\/3\/2026\/02\/9788232801039.jpg\" \/>\n\t<meta property=\"og:image:width\" content=\"720\" \/>\n\t<meta property=\"og:image:height\" content=\"1054\" \/>\n\t<meta property=\"og:image:type\" content=\"image\/jpeg\" \/>\n<meta name=\"twitter:card\" content=\"summary_large_image\" \/>\n<meta name=\"twitter:label1\" content=\"Ansl. lesetid\" \/>\n\t<meta name=\"twitter:data1\" content=\"1 minutt\" \/>\n<script type=\"application\/ld+json\" class=\"yoast-schema-graph\">{\"@context\":\"https:\/\/schema.org\",\"@graph\":[{\"@type\":\"WebPage\",\"@id\":\"https:\/\/staging.forenteforlag.no\/forlaget\/produkt\/fiskene-har-ingen-fotter-2\/\",\"url\":\"https:\/\/staging.forenteforlag.no\/forlaget\/produkt\/fiskene-har-ingen-fotter-2\/\",\"name\":\"Fiskene har ingen f\u00f8tter - Forlaget Press\",\"isPartOf\":{\"@id\":\"https:\/\/staging.forenteforlag.no\/forlaget\/#website\"},\"primaryImageOfPage\":{\"@id\":\"https:\/\/staging.forenteforlag.no\/forlaget\/produkt\/fiskene-har-ingen-fotter-2\/#primaryimage\"},\"image\":{\"@id\":\"https:\/\/staging.forenteforlag.no\/forlaget\/produkt\/fiskene-har-ingen-fotter-2\/#primaryimage\"},\"thumbnailUrl\":\"https:\/\/staging.forenteforlag.no\/forlaget\/wp-content\/uploads\/sites\/3\/2026\/02\/9788232801039.jpg\",\"datePublished\":\"2016-09-06T00:00:00+00:00\",\"dateModified\":\"2026-03-04T08:36:16+00:00\",\"breadcrumb\":{\"@id\":\"https:\/\/staging.forenteforlag.no\/forlaget\/produkt\/fiskene-har-ingen-fotter-2\/#breadcrumb\"},\"inLanguage\":\"nb-NO\",\"potentialAction\":[{\"@type\":\"ReadAction\",\"target\":[\"https:\/\/staging.forenteforlag.no\/forlaget\/produkt\/fiskene-har-ingen-fotter-2\/\"]}]},{\"@type\":\"ImageObject\",\"inLanguage\":\"nb-NO\",\"@id\":\"https:\/\/staging.forenteforlag.no\/forlaget\/produkt\/fiskene-har-ingen-fotter-2\/#primaryimage\",\"url\":\"https:\/\/staging.forenteforlag.no\/forlaget\/wp-content\/uploads\/sites\/3\/2026\/02\/9788232801039.jpg\",\"contentUrl\":\"https:\/\/staging.forenteforlag.no\/forlaget\/wp-content\/uploads\/sites\/3\/2026\/02\/9788232801039.jpg\",\"width\":720,\"height\":1054},{\"@type\":\"BreadcrumbList\",\"@id\":\"https:\/\/staging.forenteforlag.no\/forlaget\/produkt\/fiskene-har-ingen-fotter-2\/#breadcrumb\",\"itemListElement\":[{\"@type\":\"ListItem\",\"position\":1,\"name\":\"Hjem\",\"item\":\"https:\/\/staging.forenteforlag.no\/forlaget\/\"},{\"@type\":\"ListItem\",\"position\":2,\"name\":\"Alle b\u00f8ker\",\"item\":\"https:\/\/staging.forenteforlag.no\/forlaget\/butikk\/\"},{\"@type\":\"ListItem\",\"position\":3,\"name\":\"Fiskene har ingen f\u00f8tter\"}]},{\"@type\":\"WebSite\",\"@id\":\"https:\/\/staging.forenteforlag.no\/forlaget\/#website\",\"url\":\"https:\/\/staging.forenteforlag.no\/forlaget\/\",\"name\":\"Forlaget Press\",\"description\":\"\",\"publisher\":{\"@id\":\"https:\/\/staging.forenteforlag.no\/forlaget\/#organization\"},\"potentialAction\":[{\"@type\":\"SearchAction\",\"target\":{\"@type\":\"EntryPoint\",\"urlTemplate\":\"https:\/\/staging.forenteforlag.no\/forlaget\/?s={search_term_string}\"},\"query-input\":{\"@type\":\"PropertyValueSpecification\",\"valueRequired\":true,\"valueName\":\"search_term_string\"}}],\"inLanguage\":\"nb-NO\"},{\"@type\":\"Organization\",\"@id\":\"https:\/\/staging.forenteforlag.no\/forlaget\/#organization\",\"name\":\"Forlaget Press\",\"url\":\"https:\/\/staging.forenteforlag.no\/forlaget\/\",\"logo\":{\"@type\":\"ImageObject\",\"inLanguage\":\"nb-NO\",\"@id\":\"https:\/\/staging.forenteforlag.no\/forlaget\/#\/schema\/logo\/image\/\",\"url\":\"https:\/\/staging.forenteforlag.no\/forlaget\/wp-content\/uploads\/sites\/3\/2024\/09\/Press_logo.svg\",\"contentUrl\":\"https:\/\/staging.forenteforlag.no\/forlaget\/wp-content\/uploads\/sites\/3\/2024\/09\/Press_logo.svg\",\"width\":100,\"height\":100,\"caption\":\"Forlaget Press\"},\"image\":{\"@id\":\"https:\/\/staging.forenteforlag.no\/forlaget\/#\/schema\/logo\/image\/\"},\"sameAs\":[\"https:\/\/www.facebook.com\/Forlagetpress\"]}]}<\/script>\n<!-- \/ Yoast SEO plugin. -->","yoast_head_json":{"title":"Fiskene har ingen f\u00f8tter - Forlaget Press","robots":{"index":"noindex","follow":"follow","max-snippet":"max-snippet:-1","max-image-preview":"max-image-preview:large","max-video-preview":"max-video-preview:-1"},"og_locale":"nb_NO","og_type":"article","og_title":"Fiskene har ingen f\u00f8tter - Forlaget Press","og_description":"De pleide \u00e5 kalle stedet for Helvete. De amerikanske soldatene hatet Keflavik og flybasen der, det var noe med de svarte lavaslettene overalt &#8211; det var som om Keflavik ikke egentlig eksisterte. Men likevel var det i Keflavik Ari vokste opp, ble voksen, og til slutt br\u00f8t opp fra alt og forsvant. N\u00e5 som faren [&hellip;]","og_url":"https:\/\/staging.forenteforlag.no\/forlaget\/produkt\/fiskene-har-ingen-fotter-2\/","og_site_name":"Forlaget Press","article_publisher":"https:\/\/www.facebook.com\/Forlagetpress","article_modified_time":"2026-03-04T08:36:16+00:00","og_image":[{"width":720,"height":1054,"url":"https:\/\/staging.forenteforlag.no\/forlaget\/wp-content\/uploads\/sites\/3\/2026\/02\/9788232801039.jpg","type":"image\/jpeg"}],"twitter_card":"summary_large_image","twitter_misc":{"Ansl. lesetid":"1 minutt"},"schema":{"@context":"https:\/\/schema.org","@graph":[{"@type":"WebPage","@id":"https:\/\/staging.forenteforlag.no\/forlaget\/produkt\/fiskene-har-ingen-fotter-2\/","url":"https:\/\/staging.forenteforlag.no\/forlaget\/produkt\/fiskene-har-ingen-fotter-2\/","name":"Fiskene har ingen f\u00f8tter - Forlaget Press","isPartOf":{"@id":"https:\/\/staging.forenteforlag.no\/forlaget\/#website"},"primaryImageOfPage":{"@id":"https:\/\/staging.forenteforlag.no\/forlaget\/produkt\/fiskene-har-ingen-fotter-2\/#primaryimage"},"image":{"@id":"https:\/\/staging.forenteforlag.no\/forlaget\/produkt\/fiskene-har-ingen-fotter-2\/#primaryimage"},"thumbnailUrl":"https:\/\/staging.forenteforlag.no\/forlaget\/wp-content\/uploads\/sites\/3\/2026\/02\/9788232801039.jpg","datePublished":"2016-09-06T00:00:00+00:00","dateModified":"2026-03-04T08:36:16+00:00","breadcrumb":{"@id":"https:\/\/staging.forenteforlag.no\/forlaget\/produkt\/fiskene-har-ingen-fotter-2\/#breadcrumb"},"inLanguage":"nb-NO","potentialAction":[{"@type":"ReadAction","target":["https:\/\/staging.forenteforlag.no\/forlaget\/produkt\/fiskene-har-ingen-fotter-2\/"]}]},{"@type":"ImageObject","inLanguage":"nb-NO","@id":"https:\/\/staging.forenteforlag.no\/forlaget\/produkt\/fiskene-har-ingen-fotter-2\/#primaryimage","url":"https:\/\/staging.forenteforlag.no\/forlaget\/wp-content\/uploads\/sites\/3\/2026\/02\/9788232801039.jpg","contentUrl":"https:\/\/staging.forenteforlag.no\/forlaget\/wp-content\/uploads\/sites\/3\/2026\/02\/9788232801039.jpg","width":720,"height":1054},{"@type":"BreadcrumbList","@id":"https:\/\/staging.forenteforlag.no\/forlaget\/produkt\/fiskene-har-ingen-fotter-2\/#breadcrumb","itemListElement":[{"@type":"ListItem","position":1,"name":"Hjem","item":"https:\/\/staging.forenteforlag.no\/forlaget\/"},{"@type":"ListItem","position":2,"name":"Alle b\u00f8ker","item":"https:\/\/staging.forenteforlag.no\/forlaget\/butikk\/"},{"@type":"ListItem","position":3,"name":"Fiskene har ingen f\u00f8tter"}]},{"@type":"WebSite","@id":"https:\/\/staging.forenteforlag.no\/forlaget\/#website","url":"https:\/\/staging.forenteforlag.no\/forlaget\/","name":"Forlaget Press","description":"","publisher":{"@id":"https:\/\/staging.forenteforlag.no\/forlaget\/#organization"},"potentialAction":[{"@type":"SearchAction","target":{"@type":"EntryPoint","urlTemplate":"https:\/\/staging.forenteforlag.no\/forlaget\/?s={search_term_string}"},"query-input":{"@type":"PropertyValueSpecification","valueRequired":true,"valueName":"search_term_string"}}],"inLanguage":"nb-NO"},{"@type":"Organization","@id":"https:\/\/staging.forenteforlag.no\/forlaget\/#organization","name":"Forlaget Press","url":"https:\/\/staging.forenteforlag.no\/forlaget\/","logo":{"@type":"ImageObject","inLanguage":"nb-NO","@id":"https:\/\/staging.forenteforlag.no\/forlaget\/#\/schema\/logo\/image\/","url":"https:\/\/staging.forenteforlag.no\/forlaget\/wp-content\/uploads\/sites\/3\/2024\/09\/Press_logo.svg","contentUrl":"https:\/\/staging.forenteforlag.no\/forlaget\/wp-content\/uploads\/sites\/3\/2024\/09\/Press_logo.svg","width":100,"height":100,"caption":"Forlaget Press"},"image":{"@id":"https:\/\/staging.forenteforlag.no\/forlaget\/#\/schema\/logo\/image\/"},"sameAs":["https:\/\/www.facebook.com\/Forlagetpress"]}]}},"_links":{"self":[{"href":"https:\/\/staging.forenteforlag.no\/forlaget\/wp-json\/wp\/v2\/product\/22386","targetHints":{"allow":["GET"]}}],"collection":[{"href":"https:\/\/staging.forenteforlag.no\/forlaget\/wp-json\/wp\/v2\/product"}],"about":[{"href":"https:\/\/staging.forenteforlag.no\/forlaget\/wp-json\/wp\/v2\/types\/product"}],"wp:featuredmedia":[{"embeddable":true,"href":"https:\/\/staging.forenteforlag.no\/forlaget\/wp-json\/wp\/v2\/media\/26257"}],"wp:attachment":[{"href":"https:\/\/staging.forenteforlag.no\/forlaget\/wp-json\/wp\/v2\/media?parent=22386"}],"wp:term":[{"taxonomy":"product_brand","embeddable":true,"href":"https:\/\/staging.forenteforlag.no\/forlaget\/wp-json\/wp\/v2\/product_brand?post=22386"},{"taxonomy":"product_cat","embeddable":true,"href":"https:\/\/staging.forenteforlag.no\/forlaget\/wp-json\/wp\/v2\/product_cat?post=22386"},{"taxonomy":"product_tag","embeddable":true,"href":"https:\/\/staging.forenteforlag.no\/forlaget\/wp-json\/wp\/v2\/product_tag?post=22386"}],"curies":[{"name":"wp","href":"https:\/\/api.w.org\/{rel}","templated":true}]}}