{"id":22371,"date":"2019-09-19T02:00:00","date_gmt":"2019-09-19T00:00:00","guid":{"rendered":"https:\/\/forlagetpress.forenteforlag.no\/produkt\/verdensteater\/"},"modified":"2026-03-04T09:44:56","modified_gmt":"2026-03-04T08:44:56","slug":"verdensteater","status":"publish","type":"product","link":"https:\/\/staging.forenteforlag.no\/forlaget\/produkt\/verdensteater\/","title":{"rendered":"Verdensteater"},"content":{"rendered":"<p>Thomas Reinertsen Berg er vinner av Brageprisen i kategorien sakprosa 2017 for Verdensteater! <\/p>\n<p>Hva er et kart? Hvordan har vi mennesker tegnet verden opp gjennom historien? Hva sier kartene om oss selv? Verdensteater er den f\u00f8rste norske boken om hele kartenes utrolige historie. Thomas Reinertsen Berg tar oss helt fra steinaldermenneskenes mystiske symboler frem til Google Earth i en fascinerende beretning om vitenskap og verdensbilder, om kunst og teknologi, om makt og ambisjoner, om praktiske behov og fjerne dr\u00f8mmer om det fremmede. <\/p>\n<p>Underveis treffer vi visjon\u00e6re geografer og heroiske oppdagelsesreisende sammen med karthistoriens ukjente helter. Som de to offiserene som i 1779 stilte opp apparatene sine utenfor festningen p\u00e5 Kongsvinger, og for alvor innledet den offisielle kartleggingen av det enorme og utilgjengelige landet Norge. Historien om Norge og nordomr\u00e5dene danner en r\u00f8d tr\u00e5d gjennom Verdensteater: Boken viser hvordan landet v\u00e5rt lenge var en del av kartets hvite felter, og skildrer den ukjente historien om hvordan Norge langsomt kom p\u00e5 kartet. Et fantastisk visuelt materiale lar oss fordype oss i den norske og internasjonale karthistorien med egne \u00f8yne.<\/p>\n","protected":false},"excerpt":{"rendered":"<p>Thomas Reinertsen Berg er vinner av Brageprisen i kategorien sakprosa 2017 for Verdensteater! Hva er et kart? Hvordan har vi mennesker tegnet verden opp gjennom historien? Hva sier kartene om oss selv? Verdensteater er den f\u00f8rste norske boken om hele kartenes utrolige historie. Thomas Reinertsen Berg tar oss helt fra steinaldermenneskenes mystiske symboler frem til [&hellip;]<\/p>\n","protected":false},"featured_media":26372,"template":"","meta":{"_acf_changed":false,"inline_featured_image":false},"product_brand":[],"product_cat":[1781],"product_tag":[362],"class_list":{"0":"post-22371","1":"product","2":"type-product","3":"status-publish","4":"has-post-thumbnail","6":"product_cat-rabattkodekampanje","7":"product_tag-faglitteratur","9":"first","10":"instock","11":"shipping-taxable","12":"purchasable","13":"product-type-simple"},"acf":{"anmeldelse":[{"tekst_anmeldelser":"\u00abVerdensteater kommer som manna fra himmelen. Kunnskapsrik og underholdende, med sans for fargerike anekdoter. B\u00f8r leses i husets beste lenestol.\u00bb","av_anmeldelser":"Ole Retsbo","terningkast":false,"kilde":"Politiken"},{"tekst_anmeldelser":"\u00abOverd\u00e5dig og fengslende\u2026 overalt lyser det av sm\u00e5 skatter av informasjon fra kartenes historie.\u00bb","av_anmeldelser":"Travis Elborough","terningkast":false,"kilde":"The Spectator"},{"tekst_anmeldelser":"\u00abEn praktfull bok. Leseren kan se fram til mange lykkelige timer med den i hendene.\u00bb","av_anmeldelser":"Lorraine Berry","terningkast":false,"kilde":"Washington Post"},{"tekst_anmeldelser":"En usedvanlig vakker bok [\u2026] grundig, original [\u2026] velskrevet og, ja, rett og slett vakker.\u00bb","av_anmeldelser":"En usedvanlig vakker bok [\u2026] grundig, original [\u2026] velskrevet og, ja, rett og slett vakker.\u00bb","terningkast":false,"kilde":"Aftenposten"},{"tekst_anmeldelser":"\u00ab\u2026 en lyst \u00e5 lese.\u00bb","av_anmeldelser":"Fredrik Wandrup","terningkast":false,"kilde":"Dagbladet"}]},"yoast_head":"<!-- This site is optimized with the Yoast SEO plugin v26.6 - https:\/\/yoast.com\/wordpress\/plugins\/seo\/ -->\n<title>Verdensteater - Forlaget Press<\/title>\n<meta name=\"robots\" content=\"noindex, follow, max-snippet:-1, max-image-preview:large, max-video-preview:-1\" \/>\n<meta property=\"og:locale\" content=\"nb_NO\" \/>\n<meta property=\"og:type\" content=\"article\" \/>\n<meta property=\"og:title\" content=\"Verdensteater - Forlaget Press\" \/>\n<meta property=\"og:description\" content=\"Thomas Reinertsen Berg er vinner av Brageprisen i kategorien sakprosa 2017 for Verdensteater! Hva er et kart? Hvordan har vi mennesker tegnet verden opp gjennom historien? Hva sier kartene om oss selv? Verdensteater er den f\u00f8rste norske boken om hele kartenes utrolige historie. Thomas Reinertsen Berg tar oss helt fra steinaldermenneskenes mystiske symboler frem til [&hellip;]\" \/>\n<meta property=\"og:url\" content=\"https:\/\/staging.forenteforlag.no\/forlaget\/produkt\/verdensteater\/\" \/>\n<meta property=\"og:site_name\" content=\"Forlaget Press\" \/>\n<meta property=\"article:publisher\" content=\"https:\/\/www.facebook.com\/Forlagetpress\" \/>\n<meta property=\"article:modified_time\" content=\"2026-03-04T08:44:56+00:00\" \/>\n<meta property=\"og:image\" content=\"https:\/\/staging.forenteforlag.no\/forlaget\/wp-content\/uploads\/sites\/3\/2026\/02\/9788232803118.jpg\" \/>\n\t<meta property=\"og:image:width\" content=\"720\" \/>\n\t<meta property=\"og:image:height\" content=\"997\" \/>\n\t<meta property=\"og:image:type\" content=\"image\/jpeg\" \/>\n<meta name=\"twitter:card\" content=\"summary_large_image\" \/>\n<meta name=\"twitter:label1\" content=\"Ansl. lesetid\" \/>\n\t<meta name=\"twitter:data1\" content=\"1 minutt\" \/>\n<script type=\"application\/ld+json\" class=\"yoast-schema-graph\">{\"@context\":\"https:\/\/schema.org\",\"@graph\":[{\"@type\":\"WebPage\",\"@id\":\"https:\/\/staging.forenteforlag.no\/forlaget\/produkt\/verdensteater\/\",\"url\":\"https:\/\/staging.forenteforlag.no\/forlaget\/produkt\/verdensteater\/\",\"name\":\"Verdensteater - Forlaget Press\",\"isPartOf\":{\"@id\":\"https:\/\/staging.forenteforlag.no\/forlaget\/#website\"},\"primaryImageOfPage\":{\"@id\":\"https:\/\/staging.forenteforlag.no\/forlaget\/produkt\/verdensteater\/#primaryimage\"},\"image\":{\"@id\":\"https:\/\/staging.forenteforlag.no\/forlaget\/produkt\/verdensteater\/#primaryimage\"},\"thumbnailUrl\":\"https:\/\/staging.forenteforlag.no\/forlaget\/wp-content\/uploads\/sites\/3\/2026\/02\/9788232803118.jpg\",\"datePublished\":\"2019-09-19T00:00:00+00:00\",\"dateModified\":\"2026-03-04T08:44:56+00:00\",\"breadcrumb\":{\"@id\":\"https:\/\/staging.forenteforlag.no\/forlaget\/produkt\/verdensteater\/#breadcrumb\"},\"inLanguage\":\"nb-NO\",\"potentialAction\":[{\"@type\":\"ReadAction\",\"target\":[\"https:\/\/staging.forenteforlag.no\/forlaget\/produkt\/verdensteater\/\"]}]},{\"@type\":\"ImageObject\",\"inLanguage\":\"nb-NO\",\"@id\":\"https:\/\/staging.forenteforlag.no\/forlaget\/produkt\/verdensteater\/#primaryimage\",\"url\":\"https:\/\/staging.forenteforlag.no\/forlaget\/wp-content\/uploads\/sites\/3\/2026\/02\/9788232803118.jpg\",\"contentUrl\":\"https:\/\/staging.forenteforlag.no\/forlaget\/wp-content\/uploads\/sites\/3\/2026\/02\/9788232803118.jpg\",\"width\":720,\"height\":997},{\"@type\":\"BreadcrumbList\",\"@id\":\"https:\/\/staging.forenteforlag.no\/forlaget\/produkt\/verdensteater\/#breadcrumb\",\"itemListElement\":[{\"@type\":\"ListItem\",\"position\":1,\"name\":\"Hjem\",\"item\":\"https:\/\/staging.forenteforlag.no\/forlaget\/\"},{\"@type\":\"ListItem\",\"position\":2,\"name\":\"Alle b\u00f8ker\",\"item\":\"https:\/\/staging.forenteforlag.no\/forlaget\/butikk\/\"},{\"@type\":\"ListItem\",\"position\":3,\"name\":\"Verdensteater\"}]},{\"@type\":\"WebSite\",\"@id\":\"https:\/\/staging.forenteforlag.no\/forlaget\/#website\",\"url\":\"https:\/\/staging.forenteforlag.no\/forlaget\/\",\"name\":\"Forlaget Press\",\"description\":\"\",\"publisher\":{\"@id\":\"https:\/\/staging.forenteforlag.no\/forlaget\/#organization\"},\"potentialAction\":[{\"@type\":\"SearchAction\",\"target\":{\"@type\":\"EntryPoint\",\"urlTemplate\":\"https:\/\/staging.forenteforlag.no\/forlaget\/?s={search_term_string}\"},\"query-input\":{\"@type\":\"PropertyValueSpecification\",\"valueRequired\":true,\"valueName\":\"search_term_string\"}}],\"inLanguage\":\"nb-NO\"},{\"@type\":\"Organization\",\"@id\":\"https:\/\/staging.forenteforlag.no\/forlaget\/#organization\",\"name\":\"Forlaget Press\",\"url\":\"https:\/\/staging.forenteforlag.no\/forlaget\/\",\"logo\":{\"@type\":\"ImageObject\",\"inLanguage\":\"nb-NO\",\"@id\":\"https:\/\/staging.forenteforlag.no\/forlaget\/#\/schema\/logo\/image\/\",\"url\":\"https:\/\/staging.forenteforlag.no\/forlaget\/wp-content\/uploads\/sites\/3\/2024\/09\/Press_logo.svg\",\"contentUrl\":\"https:\/\/staging.forenteforlag.no\/forlaget\/wp-content\/uploads\/sites\/3\/2024\/09\/Press_logo.svg\",\"width\":100,\"height\":100,\"caption\":\"Forlaget Press\"},\"image\":{\"@id\":\"https:\/\/staging.forenteforlag.no\/forlaget\/#\/schema\/logo\/image\/\"},\"sameAs\":[\"https:\/\/www.facebook.com\/Forlagetpress\"]}]}<\/script>\n<!-- \/ Yoast SEO plugin. -->","yoast_head_json":{"title":"Verdensteater - Forlaget Press","robots":{"index":"noindex","follow":"follow","max-snippet":"max-snippet:-1","max-image-preview":"max-image-preview:large","max-video-preview":"max-video-preview:-1"},"og_locale":"nb_NO","og_type":"article","og_title":"Verdensteater - Forlaget Press","og_description":"Thomas Reinertsen Berg er vinner av Brageprisen i kategorien sakprosa 2017 for Verdensteater! Hva er et kart? Hvordan har vi mennesker tegnet verden opp gjennom historien? Hva sier kartene om oss selv? Verdensteater er den f\u00f8rste norske boken om hele kartenes utrolige historie. Thomas Reinertsen Berg tar oss helt fra steinaldermenneskenes mystiske symboler frem til [&hellip;]","og_url":"https:\/\/staging.forenteforlag.no\/forlaget\/produkt\/verdensteater\/","og_site_name":"Forlaget Press","article_publisher":"https:\/\/www.facebook.com\/Forlagetpress","article_modified_time":"2026-03-04T08:44:56+00:00","og_image":[{"width":720,"height":997,"url":"https:\/\/staging.forenteforlag.no\/forlaget\/wp-content\/uploads\/sites\/3\/2026\/02\/9788232803118.jpg","type":"image\/jpeg"}],"twitter_card":"summary_large_image","twitter_misc":{"Ansl. lesetid":"1 minutt"},"schema":{"@context":"https:\/\/schema.org","@graph":[{"@type":"WebPage","@id":"https:\/\/staging.forenteforlag.no\/forlaget\/produkt\/verdensteater\/","url":"https:\/\/staging.forenteforlag.no\/forlaget\/produkt\/verdensteater\/","name":"Verdensteater - Forlaget Press","isPartOf":{"@id":"https:\/\/staging.forenteforlag.no\/forlaget\/#website"},"primaryImageOfPage":{"@id":"https:\/\/staging.forenteforlag.no\/forlaget\/produkt\/verdensteater\/#primaryimage"},"image":{"@id":"https:\/\/staging.forenteforlag.no\/forlaget\/produkt\/verdensteater\/#primaryimage"},"thumbnailUrl":"https:\/\/staging.forenteforlag.no\/forlaget\/wp-content\/uploads\/sites\/3\/2026\/02\/9788232803118.jpg","datePublished":"2019-09-19T00:00:00+00:00","dateModified":"2026-03-04T08:44:56+00:00","breadcrumb":{"@id":"https:\/\/staging.forenteforlag.no\/forlaget\/produkt\/verdensteater\/#breadcrumb"},"inLanguage":"nb-NO","potentialAction":[{"@type":"ReadAction","target":["https:\/\/staging.forenteforlag.no\/forlaget\/produkt\/verdensteater\/"]}]},{"@type":"ImageObject","inLanguage":"nb-NO","@id":"https:\/\/staging.forenteforlag.no\/forlaget\/produkt\/verdensteater\/#primaryimage","url":"https:\/\/staging.forenteforlag.no\/forlaget\/wp-content\/uploads\/sites\/3\/2026\/02\/9788232803118.jpg","contentUrl":"https:\/\/staging.forenteforlag.no\/forlaget\/wp-content\/uploads\/sites\/3\/2026\/02\/9788232803118.jpg","width":720,"height":997},{"@type":"BreadcrumbList","@id":"https:\/\/staging.forenteforlag.no\/forlaget\/produkt\/verdensteater\/#breadcrumb","itemListElement":[{"@type":"ListItem","position":1,"name":"Hjem","item":"https:\/\/staging.forenteforlag.no\/forlaget\/"},{"@type":"ListItem","position":2,"name":"Alle b\u00f8ker","item":"https:\/\/staging.forenteforlag.no\/forlaget\/butikk\/"},{"@type":"ListItem","position":3,"name":"Verdensteater"}]},{"@type":"WebSite","@id":"https:\/\/staging.forenteforlag.no\/forlaget\/#website","url":"https:\/\/staging.forenteforlag.no\/forlaget\/","name":"Forlaget Press","description":"","publisher":{"@id":"https:\/\/staging.forenteforlag.no\/forlaget\/#organization"},"potentialAction":[{"@type":"SearchAction","target":{"@type":"EntryPoint","urlTemplate":"https:\/\/staging.forenteforlag.no\/forlaget\/?s={search_term_string}"},"query-input":{"@type":"PropertyValueSpecification","valueRequired":true,"valueName":"search_term_string"}}],"inLanguage":"nb-NO"},{"@type":"Organization","@id":"https:\/\/staging.forenteforlag.no\/forlaget\/#organization","name":"Forlaget Press","url":"https:\/\/staging.forenteforlag.no\/forlaget\/","logo":{"@type":"ImageObject","inLanguage":"nb-NO","@id":"https:\/\/staging.forenteforlag.no\/forlaget\/#\/schema\/logo\/image\/","url":"https:\/\/staging.forenteforlag.no\/forlaget\/wp-content\/uploads\/sites\/3\/2024\/09\/Press_logo.svg","contentUrl":"https:\/\/staging.forenteforlag.no\/forlaget\/wp-content\/uploads\/sites\/3\/2024\/09\/Press_logo.svg","width":100,"height":100,"caption":"Forlaget Press"},"image":{"@id":"https:\/\/staging.forenteforlag.no\/forlaget\/#\/schema\/logo\/image\/"},"sameAs":["https:\/\/www.facebook.com\/Forlagetpress"]}]}},"_links":{"self":[{"href":"https:\/\/staging.forenteforlag.no\/forlaget\/wp-json\/wp\/v2\/product\/22371","targetHints":{"allow":["GET"]}}],"collection":[{"href":"https:\/\/staging.forenteforlag.no\/forlaget\/wp-json\/wp\/v2\/product"}],"about":[{"href":"https:\/\/staging.forenteforlag.no\/forlaget\/wp-json\/wp\/v2\/types\/product"}],"wp:featuredmedia":[{"embeddable":true,"href":"https:\/\/staging.forenteforlag.no\/forlaget\/wp-json\/wp\/v2\/media\/26372"}],"wp:attachment":[{"href":"https:\/\/staging.forenteforlag.no\/forlaget\/wp-json\/wp\/v2\/media?parent=22371"}],"wp:term":[{"taxonomy":"product_brand","embeddable":true,"href":"https:\/\/staging.forenteforlag.no\/forlaget\/wp-json\/wp\/v2\/product_brand?post=22371"},{"taxonomy":"product_cat","embeddable":true,"href":"https:\/\/staging.forenteforlag.no\/forlaget\/wp-json\/wp\/v2\/product_cat?post=22371"},{"taxonomy":"product_tag","embeddable":true,"href":"https:\/\/staging.forenteforlag.no\/forlaget\/wp-json\/wp\/v2\/product_tag?post=22371"}],"curies":[{"name":"wp","href":"https:\/\/api.w.org\/{rel}","templated":true}]}}