{"id":22357,"date":"2020-03-11T01:00:00","date_gmt":"2020-03-11T00:00:00","guid":{"rendered":"https:\/\/forlagetpress.forenteforlag.no\/produkt\/herr-nakanos-forretning-for-avlagte-gjenstander-3\/"},"modified":"2026-03-04T12:40:01","modified_gmt":"2026-03-04T11:40:01","slug":"herr-nakanos-forretning-for-avlagte-gjenstander-3","status":"publish","type":"product","link":"https:\/\/staging.forenteforlag.no\/forlaget\/produkt\/herr-nakanos-forretning-for-avlagte-gjenstander-3\/","title":{"rendered":"Herr Nakanos forretning for avlagte gjenstander"},"content":{"rendered":"<p>Bruktforretningen minner om alle andre bruktforretninger i de smale forstadsgatene i Tokyo: Alle tingene i hyllene har en historie, men ingen kjenner historien lenger. Det er p\u00e5 samme m\u00e5te med menneskene som kommer hit. Fortelleren Hitomi for eksempel, som hadde kommet til forretningen p\u00e5 jakt etter en jobb som ga henne akkurat nok inntekt til \u00e5 overleve uten \u00e5 m\u00e5tte jobbe for mye. Herr Nakano selv, brukthandleren med alle ekskonene og sin gudegitte evne til \u00e5 prute. Nakanos g\u00e5tefulle s\u00f8ster, kunstneren Masayo. Eller Takeo &#8211; den mutte og megetsigende hjelpemannen som Hitomi syns det er stadig vanskeligere ikke \u00e5 tenke p\u00e5.  <\/p>\n<p>I herr Nakanos forretning f\u00f8res gjenstander, mennesker og hendelser sammen p\u00e5 overraskende m\u00e5ter &#8211; som gir oss et nytt blikk p\u00e5 verden, kj\u00e6rligheten og livet. Eller som herr Nakano selv pleier \u00e5 si det, n\u00e5r han skal forklare hemmeligheten bak en god bruktforretning: \u00abFolk kj\u00f8per ting fordi de er ubrukelige.\u00bb<\/p>\n","protected":false},"excerpt":{"rendered":"<p>Bruktforretningen minner om alle andre bruktforretninger i de smale forstadsgatene i Tokyo: Alle tingene i hyllene har en historie, men ingen kjenner historien lenger. Det er p\u00e5 samme m\u00e5te med menneskene som kommer hit. Fortelleren Hitomi for eksempel, som hadde kommet til forretningen p\u00e5 jakt etter en jobb som ga henne akkurat nok inntekt til [&hellip;]<\/p>\n","protected":false},"featured_media":26401,"template":"","meta":{"_acf_changed":false,"inline_featured_image":false},"product_brand":[],"product_cat":[1781],"product_tag":[652,1095,642,370,529],"class_list":{"0":"post-22357","1":"product","2":"type-product","3":"status-publish","4":"has-post-thumbnail","6":"product_cat-rabattkodekampanje","7":"product_tag-butikker","8":"product_tag-grafiske-romaner","9":"product_tag-hverdagsliv","10":"product_tag-skjonnlitteratur","11":"product_tag-tokyo","13":"first","14":"instock","15":"shipping-taxable","16":"purchasable","17":"product-type-simple"},"acf":{"anmeldelse":[{"tekst_anmeldelser":"\u00abDet er en sla\u030aende varme i scenene. Teksten er som livsbejaende sirup, det snor seg sakte og det skjer ting hele tiden, men det blir aldri anmassende.\u00bb","av_anmeldelser":"Sindre Andersen","terningkast":false,"kilde":"Klassekampen"},{"tekst_anmeldelser":"\u00abSjarmerende utforskning av vennskap og kj\u00e6rlighet, forventning og framtid, med en sosialt kl\u00f8nete, ung japansk kvinne i hovedrollen.\u00bb","av_anmeldelser":"Gerd Elin Stava Sandve","terningkast":false,"kilde":"Dagsavisen"}]},"yoast_head":"<!-- This site is optimized with the Yoast SEO plugin v26.6 - https:\/\/yoast.com\/wordpress\/plugins\/seo\/ -->\n<title>Herr Nakanos forretning for avlagte gjenstander - Forlaget Press<\/title>\n<meta name=\"robots\" content=\"noindex, follow, max-snippet:-1, max-image-preview:large, max-video-preview:-1\" \/>\n<meta property=\"og:locale\" content=\"nb_NO\" \/>\n<meta property=\"og:type\" content=\"article\" \/>\n<meta property=\"og:title\" content=\"Herr Nakanos forretning for avlagte gjenstander - Forlaget Press\" \/>\n<meta property=\"og:description\" content=\"Bruktforretningen minner om alle andre bruktforretninger i de smale forstadsgatene i Tokyo: Alle tingene i hyllene har en historie, men ingen kjenner historien lenger. Det er p\u00e5 samme m\u00e5te med menneskene som kommer hit. Fortelleren Hitomi for eksempel, som hadde kommet til forretningen p\u00e5 jakt etter en jobb som ga henne akkurat nok inntekt til [&hellip;]\" \/>\n<meta property=\"og:url\" content=\"https:\/\/staging.forenteforlag.no\/forlaget\/produkt\/herr-nakanos-forretning-for-avlagte-gjenstander-3\/\" \/>\n<meta property=\"og:site_name\" content=\"Forlaget Press\" \/>\n<meta property=\"article:publisher\" content=\"https:\/\/www.facebook.com\/Forlagetpress\" \/>\n<meta property=\"article:modified_time\" content=\"2026-03-04T11:40:01+00:00\" \/>\n<meta property=\"og:image\" content=\"https:\/\/staging.forenteforlag.no\/forlaget\/wp-content\/uploads\/sites\/3\/2026\/02\/9788232803569.jpg\" \/>\n\t<meta property=\"og:image:width\" content=\"720\" \/>\n\t<meta property=\"og:image:height\" content=\"1074\" \/>\n\t<meta property=\"og:image:type\" content=\"image\/jpeg\" \/>\n<meta name=\"twitter:card\" content=\"summary_large_image\" \/>\n<meta name=\"twitter:label1\" content=\"Ansl. lesetid\" \/>\n\t<meta name=\"twitter:data1\" content=\"1 minutt\" \/>\n<script type=\"application\/ld+json\" class=\"yoast-schema-graph\">{\"@context\":\"https:\/\/schema.org\",\"@graph\":[{\"@type\":\"WebPage\",\"@id\":\"https:\/\/staging.forenteforlag.no\/forlaget\/produkt\/herr-nakanos-forretning-for-avlagte-gjenstander-3\/\",\"url\":\"https:\/\/staging.forenteforlag.no\/forlaget\/produkt\/herr-nakanos-forretning-for-avlagte-gjenstander-3\/\",\"name\":\"Herr Nakanos forretning for avlagte gjenstander - Forlaget Press\",\"isPartOf\":{\"@id\":\"https:\/\/staging.forenteforlag.no\/forlaget\/#website\"},\"primaryImageOfPage\":{\"@id\":\"https:\/\/staging.forenteforlag.no\/forlaget\/produkt\/herr-nakanos-forretning-for-avlagte-gjenstander-3\/#primaryimage\"},\"image\":{\"@id\":\"https:\/\/staging.forenteforlag.no\/forlaget\/produkt\/herr-nakanos-forretning-for-avlagte-gjenstander-3\/#primaryimage\"},\"thumbnailUrl\":\"https:\/\/staging.forenteforlag.no\/forlaget\/wp-content\/uploads\/sites\/3\/2026\/02\/9788232803569.jpg\",\"datePublished\":\"2020-03-11T00:00:00+00:00\",\"dateModified\":\"2026-03-04T11:40:01+00:00\",\"breadcrumb\":{\"@id\":\"https:\/\/staging.forenteforlag.no\/forlaget\/produkt\/herr-nakanos-forretning-for-avlagte-gjenstander-3\/#breadcrumb\"},\"inLanguage\":\"nb-NO\",\"potentialAction\":[{\"@type\":\"ReadAction\",\"target\":[\"https:\/\/staging.forenteforlag.no\/forlaget\/produkt\/herr-nakanos-forretning-for-avlagte-gjenstander-3\/\"]}]},{\"@type\":\"ImageObject\",\"inLanguage\":\"nb-NO\",\"@id\":\"https:\/\/staging.forenteforlag.no\/forlaget\/produkt\/herr-nakanos-forretning-for-avlagte-gjenstander-3\/#primaryimage\",\"url\":\"https:\/\/staging.forenteforlag.no\/forlaget\/wp-content\/uploads\/sites\/3\/2026\/02\/9788232803569.jpg\",\"contentUrl\":\"https:\/\/staging.forenteforlag.no\/forlaget\/wp-content\/uploads\/sites\/3\/2026\/02\/9788232803569.jpg\",\"width\":720,\"height\":1074},{\"@type\":\"BreadcrumbList\",\"@id\":\"https:\/\/staging.forenteforlag.no\/forlaget\/produkt\/herr-nakanos-forretning-for-avlagte-gjenstander-3\/#breadcrumb\",\"itemListElement\":[{\"@type\":\"ListItem\",\"position\":1,\"name\":\"Hjem\",\"item\":\"https:\/\/staging.forenteforlag.no\/forlaget\/\"},{\"@type\":\"ListItem\",\"position\":2,\"name\":\"Alle b\u00f8ker\",\"item\":\"https:\/\/staging.forenteforlag.no\/forlaget\/butikk\/\"},{\"@type\":\"ListItem\",\"position\":3,\"name\":\"Herr Nakanos forretning for avlagte gjenstander\"}]},{\"@type\":\"WebSite\",\"@id\":\"https:\/\/staging.forenteforlag.no\/forlaget\/#website\",\"url\":\"https:\/\/staging.forenteforlag.no\/forlaget\/\",\"name\":\"Forlaget Press\",\"description\":\"\",\"publisher\":{\"@id\":\"https:\/\/staging.forenteforlag.no\/forlaget\/#organization\"},\"potentialAction\":[{\"@type\":\"SearchAction\",\"target\":{\"@type\":\"EntryPoint\",\"urlTemplate\":\"https:\/\/staging.forenteforlag.no\/forlaget\/?s={search_term_string}\"},\"query-input\":{\"@type\":\"PropertyValueSpecification\",\"valueRequired\":true,\"valueName\":\"search_term_string\"}}],\"inLanguage\":\"nb-NO\"},{\"@type\":\"Organization\",\"@id\":\"https:\/\/staging.forenteforlag.no\/forlaget\/#organization\",\"name\":\"Forlaget Press\",\"url\":\"https:\/\/staging.forenteforlag.no\/forlaget\/\",\"logo\":{\"@type\":\"ImageObject\",\"inLanguage\":\"nb-NO\",\"@id\":\"https:\/\/staging.forenteforlag.no\/forlaget\/#\/schema\/logo\/image\/\",\"url\":\"https:\/\/staging.forenteforlag.no\/forlaget\/wp-content\/uploads\/sites\/3\/2024\/09\/Press_logo.svg\",\"contentUrl\":\"https:\/\/staging.forenteforlag.no\/forlaget\/wp-content\/uploads\/sites\/3\/2024\/09\/Press_logo.svg\",\"width\":100,\"height\":100,\"caption\":\"Forlaget Press\"},\"image\":{\"@id\":\"https:\/\/staging.forenteforlag.no\/forlaget\/#\/schema\/logo\/image\/\"},\"sameAs\":[\"https:\/\/www.facebook.com\/Forlagetpress\"]}]}<\/script>\n<!-- \/ Yoast SEO plugin. -->","yoast_head_json":{"title":"Herr Nakanos forretning for avlagte gjenstander - Forlaget Press","robots":{"index":"noindex","follow":"follow","max-snippet":"max-snippet:-1","max-image-preview":"max-image-preview:large","max-video-preview":"max-video-preview:-1"},"og_locale":"nb_NO","og_type":"article","og_title":"Herr Nakanos forretning for avlagte gjenstander - Forlaget Press","og_description":"Bruktforretningen minner om alle andre bruktforretninger i de smale forstadsgatene i Tokyo: Alle tingene i hyllene har en historie, men ingen kjenner historien lenger. Det er p\u00e5 samme m\u00e5te med menneskene som kommer hit. Fortelleren Hitomi for eksempel, som hadde kommet til forretningen p\u00e5 jakt etter en jobb som ga henne akkurat nok inntekt til [&hellip;]","og_url":"https:\/\/staging.forenteforlag.no\/forlaget\/produkt\/herr-nakanos-forretning-for-avlagte-gjenstander-3\/","og_site_name":"Forlaget Press","article_publisher":"https:\/\/www.facebook.com\/Forlagetpress","article_modified_time":"2026-03-04T11:40:01+00:00","og_image":[{"width":720,"height":1074,"url":"https:\/\/staging.forenteforlag.no\/forlaget\/wp-content\/uploads\/sites\/3\/2026\/02\/9788232803569.jpg","type":"image\/jpeg"}],"twitter_card":"summary_large_image","twitter_misc":{"Ansl. lesetid":"1 minutt"},"schema":{"@context":"https:\/\/schema.org","@graph":[{"@type":"WebPage","@id":"https:\/\/staging.forenteforlag.no\/forlaget\/produkt\/herr-nakanos-forretning-for-avlagte-gjenstander-3\/","url":"https:\/\/staging.forenteforlag.no\/forlaget\/produkt\/herr-nakanos-forretning-for-avlagte-gjenstander-3\/","name":"Herr Nakanos forretning for avlagte gjenstander - Forlaget Press","isPartOf":{"@id":"https:\/\/staging.forenteforlag.no\/forlaget\/#website"},"primaryImageOfPage":{"@id":"https:\/\/staging.forenteforlag.no\/forlaget\/produkt\/herr-nakanos-forretning-for-avlagte-gjenstander-3\/#primaryimage"},"image":{"@id":"https:\/\/staging.forenteforlag.no\/forlaget\/produkt\/herr-nakanos-forretning-for-avlagte-gjenstander-3\/#primaryimage"},"thumbnailUrl":"https:\/\/staging.forenteforlag.no\/forlaget\/wp-content\/uploads\/sites\/3\/2026\/02\/9788232803569.jpg","datePublished":"2020-03-11T00:00:00+00:00","dateModified":"2026-03-04T11:40:01+00:00","breadcrumb":{"@id":"https:\/\/staging.forenteforlag.no\/forlaget\/produkt\/herr-nakanos-forretning-for-avlagte-gjenstander-3\/#breadcrumb"},"inLanguage":"nb-NO","potentialAction":[{"@type":"ReadAction","target":["https:\/\/staging.forenteforlag.no\/forlaget\/produkt\/herr-nakanos-forretning-for-avlagte-gjenstander-3\/"]}]},{"@type":"ImageObject","inLanguage":"nb-NO","@id":"https:\/\/staging.forenteforlag.no\/forlaget\/produkt\/herr-nakanos-forretning-for-avlagte-gjenstander-3\/#primaryimage","url":"https:\/\/staging.forenteforlag.no\/forlaget\/wp-content\/uploads\/sites\/3\/2026\/02\/9788232803569.jpg","contentUrl":"https:\/\/staging.forenteforlag.no\/forlaget\/wp-content\/uploads\/sites\/3\/2026\/02\/9788232803569.jpg","width":720,"height":1074},{"@type":"BreadcrumbList","@id":"https:\/\/staging.forenteforlag.no\/forlaget\/produkt\/herr-nakanos-forretning-for-avlagte-gjenstander-3\/#breadcrumb","itemListElement":[{"@type":"ListItem","position":1,"name":"Hjem","item":"https:\/\/staging.forenteforlag.no\/forlaget\/"},{"@type":"ListItem","position":2,"name":"Alle b\u00f8ker","item":"https:\/\/staging.forenteforlag.no\/forlaget\/butikk\/"},{"@type":"ListItem","position":3,"name":"Herr Nakanos forretning for avlagte gjenstander"}]},{"@type":"WebSite","@id":"https:\/\/staging.forenteforlag.no\/forlaget\/#website","url":"https:\/\/staging.forenteforlag.no\/forlaget\/","name":"Forlaget Press","description":"","publisher":{"@id":"https:\/\/staging.forenteforlag.no\/forlaget\/#organization"},"potentialAction":[{"@type":"SearchAction","target":{"@type":"EntryPoint","urlTemplate":"https:\/\/staging.forenteforlag.no\/forlaget\/?s={search_term_string}"},"query-input":{"@type":"PropertyValueSpecification","valueRequired":true,"valueName":"search_term_string"}}],"inLanguage":"nb-NO"},{"@type":"Organization","@id":"https:\/\/staging.forenteforlag.no\/forlaget\/#organization","name":"Forlaget Press","url":"https:\/\/staging.forenteforlag.no\/forlaget\/","logo":{"@type":"ImageObject","inLanguage":"nb-NO","@id":"https:\/\/staging.forenteforlag.no\/forlaget\/#\/schema\/logo\/image\/","url":"https:\/\/staging.forenteforlag.no\/forlaget\/wp-content\/uploads\/sites\/3\/2024\/09\/Press_logo.svg","contentUrl":"https:\/\/staging.forenteforlag.no\/forlaget\/wp-content\/uploads\/sites\/3\/2024\/09\/Press_logo.svg","width":100,"height":100,"caption":"Forlaget Press"},"image":{"@id":"https:\/\/staging.forenteforlag.no\/forlaget\/#\/schema\/logo\/image\/"},"sameAs":["https:\/\/www.facebook.com\/Forlagetpress"]}]}},"_links":{"self":[{"href":"https:\/\/staging.forenteforlag.no\/forlaget\/wp-json\/wp\/v2\/product\/22357","targetHints":{"allow":["GET"]}}],"collection":[{"href":"https:\/\/staging.forenteforlag.no\/forlaget\/wp-json\/wp\/v2\/product"}],"about":[{"href":"https:\/\/staging.forenteforlag.no\/forlaget\/wp-json\/wp\/v2\/types\/product"}],"wp:featuredmedia":[{"embeddable":true,"href":"https:\/\/staging.forenteforlag.no\/forlaget\/wp-json\/wp\/v2\/media\/26401"}],"wp:attachment":[{"href":"https:\/\/staging.forenteforlag.no\/forlaget\/wp-json\/wp\/v2\/media?parent=22357"}],"wp:term":[{"taxonomy":"product_brand","embeddable":true,"href":"https:\/\/staging.forenteforlag.no\/forlaget\/wp-json\/wp\/v2\/product_brand?post=22357"},{"taxonomy":"product_cat","embeddable":true,"href":"https:\/\/staging.forenteforlag.no\/forlaget\/wp-json\/wp\/v2\/product_cat?post=22357"},{"taxonomy":"product_tag","embeddable":true,"href":"https:\/\/staging.forenteforlag.no\/forlaget\/wp-json\/wp\/v2\/product_tag?post=22357"}],"curies":[{"name":"wp","href":"https:\/\/api.w.org\/{rel}","templated":true}]}}