{"id":22356,"date":"2020-02-04T01:00:00","date_gmt":"2020-02-04T00:00:00","guid":{"rendered":"https:\/\/forlagetpress.forenteforlag.no\/produkt\/historien-om-asta-3\/"},"modified":"2026-03-03T18:45:40","modified_gmt":"2026-03-03T17:45:40","slug":"historien-om-asta-3","status":"publish","type":"product","link":"https:\/\/staging.forenteforlag.no\/forlaget\/produkt\/historien-om-asta-3\/","title":{"rendered":"Historien om \u00c1sta"},"content":{"rendered":"<p>Hvorfor skal det v\u00e6re n\u00f8dvendig \u00e5 falle ned fra en stige for \u00e5 skj\u00f8nne hva som er viktig i livet? Sigvaldi ligger p\u00e5 et fortau i Stavanger, han er en gammel mann. \u00abMin gode Gud, s\u00e5 urimelig jeg har v\u00e6rt i livet\u00bb, tenker Sigvaldi. Plutselig vil han fortelle om \u00c1sta, datteren. For det er s\u00e5 mye, s\u00e5 fryktelig&#8230; For \u00c1sta beveger livet seg mot katastrofen, igjen og igjen. Foreldrenes ekteskap tar slutt, de som elsker henne forlater henne &#8211; eller hun forlater dem. Veien bort fra Island f\u00f8rer til Wien, til kunststudier der, til poeten J\u00f3sef og kj\u00e6rligheten. <br \/>Hvordan overlever vi katastrofene, hvordan minnes vi dem? Og hvordan fortelle om et liv &#8211; n\u00e5r ingen lever bare i n\u00e5et, men alltid ogs\u00e5 i dr\u00f8mmen, minnet eller forventningen? Slik sp\u00f8r Sigvaldi, der han ligger p\u00e5 bakken i Stavanger. Slik sp\u00f8r \u00c1sta, n\u00e5r hun fors\u00f8ker \u00e5 skrive til ham som var hennes livs kj\u00e6rlighet. Og slik sp\u00f8r forfatteren &#8211; som har leid seg inn i et gammelt hus ved kysten som en annen idiot av en turist, for endelig \u00e5 fors\u00f8ke \u00e5 f\u00e5 denne virkeligheten til \u00e5 henge sammen. <br \/>Historien om \u00c1sta er en svimlende, leken, r\u00f8rende og mangesidig roman fra en av de st\u00f8rste fortellerne i dagens litteratur.<\/p>\n","protected":false},"excerpt":{"rendered":"<p>Hvorfor skal det v\u00e6re n\u00f8dvendig \u00e5 falle ned fra en stige for \u00e5 skj\u00f8nne hva som er viktig i livet? Sigvaldi ligger p\u00e5 et fortau i Stavanger, han er en gammel mann. \u00abMin gode Gud, s\u00e5 urimelig jeg har v\u00e6rt i livet\u00bb, tenker Sigvaldi. Plutselig vil han fortelle om \u00c1sta, datteren. For det er s\u00e5 [&hellip;]<\/p>\n","protected":false},"featured_media":26389,"template":"","meta":{"_acf_changed":false,"inline_featured_image":false},"product_brand":[],"product_cat":[1781],"product_tag":[370],"class_list":{"0":"post-22356","1":"product","2":"type-product","3":"status-publish","4":"has-post-thumbnail","6":"product_cat-rabattkodekampanje","7":"product_tag-skjonnlitteratur","9":"first","10":"instock","11":"shipping-taxable","12":"purchasable","13":"product-type-simple"},"acf":{"anmeldelse":[{"tekst_anmeldelser":"\u00abIngen over, ingen ved siden [...] gjennomgripende r\u00e5 og vakker, poetisk og erotisk, full av lidenskap, \u00f8mhet og desperat og umulig kj\u00e6rlighet. J\u00d3N KALMAN STEF\u00c1NSSON ER MIN YNDLINGSFORFATTER.\u00bb","av_anmeldelser":"Cathrine Kr\u00f8ger","terningkast":"<i class=\"fa-solid fa-dice-six\"><\/i>","kilde":"Dagbladet"},{"tekst_anmeldelser":"\u00ab'Historien om \u00c1sta' [er] en fantastisk bekreftelse p\u00e5 at J\u00f3n Kalman Stef\u00e1nsson h\u00f8rer hjemme i stjernesjiktet blant dagens forfattere - samme hvor man leter p\u00e5 Tellus.\u00bb","av_anmeldelser":"Tor Hammer\u00f8","terningkast":"<i class=\"fa-solid fa-dice-five\"><\/i>","kilde":"Nettavisen"},{"tekst_anmeldelser":"\u00abRein lesefryd. N\u00e5r J\u00f3n Kalman Stef\u00e1nsson slippes l\u00f8s, gir islandske liv opphav til en uendelighet av s\u00e6re og s\u00e5re, svette og svirefulle fortellinger, kj\u00e6rlighet og hat.\u00bb","av_anmeldelser":"Jan Askelund","terningkast":"<i class=\"fa-solid fa-dice-five\"><\/i>","kilde":"Stavanger Aftenblad"},{"tekst_anmeldelser":"\u00abLeseren kan gj\u00f8re seg klar for en sprudlende opplagt erkjennelsesreise. 'Historien om \u00c1sta' er en h\u00f8ystemt, lyrisk kj\u00e6rlighetshistorie.\u00bb","av_anmeldelser":"Sindre Hovdenakk","terningkast":"<i class=\"fa-solid fa-dice-five\"><\/i>","kilde":"VG"},{"tekst_anmeldelser":"\u00abLes denne boka, for du vil l\u00e6re mye om livet og kj\u00e6rligheten av den. \u00abHistorien om \u00c1sta\u00bb er en fantastisk roman, virkelig en bok det er \u00e5 lett \u00e5 bli \u00e1stfanginn av.\u00bb","av_anmeldelser":"M\u00edmir Kristj\u00e1nsson","terningkast":false,"kilde":"Klassekampen"},{"tekst_anmeldelser":"\u00ab'Historien om \u00c1sta' tar leseren til tider ved strupen ved insisterende, og overbevisende livsvisdom, og \u00e5pner andre ganger for lettet og m\u00f8rk latter.\u00bb","av_anmeldelser":"Bj\u00f8rn Gabrielsen","terningkast":false,"kilde":"Dagens N\u00e6ringsliv"},{"tekst_anmeldelser":"\u00ab'Historien om \u00c1sta' bekrefter inntrykket av en dikter med en helt utrolig evne til \u00e5 se grunnene og avgrunnene i mennesket. [...] igjen viser Stef\u00e1nsson den sjeldne evnen som skiller kunstneren fra hopen av skribenter, nemlig evnen til \u00e5 synliggj\u00f8re det magiske i en tvers igjennom hverdagslig tilv\u00e6relse.\u00bb","av_anmeldelser":"Fartein Horgar","terningkast":"<i class=\"fa-solid fa-dice-six\"><\/i>","kilde":"Adresseavisen"}]},"yoast_head":"<!-- This site is optimized with the Yoast SEO plugin v26.6 - https:\/\/yoast.com\/wordpress\/plugins\/seo\/ -->\n<title>Historien om \u00c1sta - Forlaget Press<\/title>\n<meta name=\"robots\" content=\"noindex, follow, max-snippet:-1, max-image-preview:large, max-video-preview:-1\" \/>\n<meta property=\"og:locale\" content=\"nb_NO\" \/>\n<meta property=\"og:type\" content=\"article\" \/>\n<meta property=\"og:title\" content=\"Historien om \u00c1sta - Forlaget Press\" \/>\n<meta property=\"og:description\" content=\"Hvorfor skal det v\u00e6re n\u00f8dvendig \u00e5 falle ned fra en stige for \u00e5 skj\u00f8nne hva som er viktig i livet? Sigvaldi ligger p\u00e5 et fortau i Stavanger, han er en gammel mann. \u00abMin gode Gud, s\u00e5 urimelig jeg har v\u00e6rt i livet\u00bb, tenker Sigvaldi. Plutselig vil han fortelle om \u00c1sta, datteren. For det er s\u00e5 [&hellip;]\" \/>\n<meta property=\"og:url\" content=\"https:\/\/staging.forenteforlag.no\/forlaget\/produkt\/historien-om-asta-3\/\" \/>\n<meta property=\"og:site_name\" content=\"Forlaget Press\" \/>\n<meta property=\"article:publisher\" content=\"https:\/\/www.facebook.com\/Forlagetpress\" \/>\n<meta property=\"article:modified_time\" content=\"2026-03-03T17:45:40+00:00\" \/>\n<meta property=\"og:image\" content=\"https:\/\/staging.forenteforlag.no\/forlaget\/wp-content\/uploads\/sites\/3\/2026\/02\/9788232803354.jpg\" \/>\n\t<meta property=\"og:image:width\" content=\"720\" \/>\n\t<meta property=\"og:image:height\" content=\"1082\" \/>\n\t<meta property=\"og:image:type\" content=\"image\/jpeg\" \/>\n<meta name=\"twitter:card\" content=\"summary_large_image\" \/>\n<meta name=\"twitter:label1\" content=\"Ansl. lesetid\" \/>\n\t<meta name=\"twitter:data1\" content=\"1 minutt\" \/>\n<script type=\"application\/ld+json\" class=\"yoast-schema-graph\">{\"@context\":\"https:\/\/schema.org\",\"@graph\":[{\"@type\":\"WebPage\",\"@id\":\"https:\/\/staging.forenteforlag.no\/forlaget\/produkt\/historien-om-asta-3\/\",\"url\":\"https:\/\/staging.forenteforlag.no\/forlaget\/produkt\/historien-om-asta-3\/\",\"name\":\"Historien om \u00c1sta - Forlaget Press\",\"isPartOf\":{\"@id\":\"https:\/\/staging.forenteforlag.no\/forlaget\/#website\"},\"primaryImageOfPage\":{\"@id\":\"https:\/\/staging.forenteforlag.no\/forlaget\/produkt\/historien-om-asta-3\/#primaryimage\"},\"image\":{\"@id\":\"https:\/\/staging.forenteforlag.no\/forlaget\/produkt\/historien-om-asta-3\/#primaryimage\"},\"thumbnailUrl\":\"https:\/\/staging.forenteforlag.no\/forlaget\/wp-content\/uploads\/sites\/3\/2026\/02\/9788232803354.jpg\",\"datePublished\":\"2020-02-04T00:00:00+00:00\",\"dateModified\":\"2026-03-03T17:45:40+00:00\",\"breadcrumb\":{\"@id\":\"https:\/\/staging.forenteforlag.no\/forlaget\/produkt\/historien-om-asta-3\/#breadcrumb\"},\"inLanguage\":\"nb-NO\",\"potentialAction\":[{\"@type\":\"ReadAction\",\"target\":[\"https:\/\/staging.forenteforlag.no\/forlaget\/produkt\/historien-om-asta-3\/\"]}]},{\"@type\":\"ImageObject\",\"inLanguage\":\"nb-NO\",\"@id\":\"https:\/\/staging.forenteforlag.no\/forlaget\/produkt\/historien-om-asta-3\/#primaryimage\",\"url\":\"https:\/\/staging.forenteforlag.no\/forlaget\/wp-content\/uploads\/sites\/3\/2026\/02\/9788232803354.jpg\",\"contentUrl\":\"https:\/\/staging.forenteforlag.no\/forlaget\/wp-content\/uploads\/sites\/3\/2026\/02\/9788232803354.jpg\",\"width\":720,\"height\":1082},{\"@type\":\"BreadcrumbList\",\"@id\":\"https:\/\/staging.forenteforlag.no\/forlaget\/produkt\/historien-om-asta-3\/#breadcrumb\",\"itemListElement\":[{\"@type\":\"ListItem\",\"position\":1,\"name\":\"Hjem\",\"item\":\"https:\/\/staging.forenteforlag.no\/forlaget\/\"},{\"@type\":\"ListItem\",\"position\":2,\"name\":\"Alle b\u00f8ker\",\"item\":\"https:\/\/staging.forenteforlag.no\/forlaget\/butikk\/\"},{\"@type\":\"ListItem\",\"position\":3,\"name\":\"Historien om \u00c1sta\"}]},{\"@type\":\"WebSite\",\"@id\":\"https:\/\/staging.forenteforlag.no\/forlaget\/#website\",\"url\":\"https:\/\/staging.forenteforlag.no\/forlaget\/\",\"name\":\"Forlaget Press\",\"description\":\"\",\"publisher\":{\"@id\":\"https:\/\/staging.forenteforlag.no\/forlaget\/#organization\"},\"potentialAction\":[{\"@type\":\"SearchAction\",\"target\":{\"@type\":\"EntryPoint\",\"urlTemplate\":\"https:\/\/staging.forenteforlag.no\/forlaget\/?s={search_term_string}\"},\"query-input\":{\"@type\":\"PropertyValueSpecification\",\"valueRequired\":true,\"valueName\":\"search_term_string\"}}],\"inLanguage\":\"nb-NO\"},{\"@type\":\"Organization\",\"@id\":\"https:\/\/staging.forenteforlag.no\/forlaget\/#organization\",\"name\":\"Forlaget Press\",\"url\":\"https:\/\/staging.forenteforlag.no\/forlaget\/\",\"logo\":{\"@type\":\"ImageObject\",\"inLanguage\":\"nb-NO\",\"@id\":\"https:\/\/staging.forenteforlag.no\/forlaget\/#\/schema\/logo\/image\/\",\"url\":\"https:\/\/staging.forenteforlag.no\/forlaget\/wp-content\/uploads\/sites\/3\/2024\/09\/Press_logo.svg\",\"contentUrl\":\"https:\/\/staging.forenteforlag.no\/forlaget\/wp-content\/uploads\/sites\/3\/2024\/09\/Press_logo.svg\",\"width\":100,\"height\":100,\"caption\":\"Forlaget Press\"},\"image\":{\"@id\":\"https:\/\/staging.forenteforlag.no\/forlaget\/#\/schema\/logo\/image\/\"},\"sameAs\":[\"https:\/\/www.facebook.com\/Forlagetpress\"]}]}<\/script>\n<!-- \/ Yoast SEO plugin. -->","yoast_head_json":{"title":"Historien om \u00c1sta - Forlaget Press","robots":{"index":"noindex","follow":"follow","max-snippet":"max-snippet:-1","max-image-preview":"max-image-preview:large","max-video-preview":"max-video-preview:-1"},"og_locale":"nb_NO","og_type":"article","og_title":"Historien om \u00c1sta - Forlaget Press","og_description":"Hvorfor skal det v\u00e6re n\u00f8dvendig \u00e5 falle ned fra en stige for \u00e5 skj\u00f8nne hva som er viktig i livet? Sigvaldi ligger p\u00e5 et fortau i Stavanger, han er en gammel mann. \u00abMin gode Gud, s\u00e5 urimelig jeg har v\u00e6rt i livet\u00bb, tenker Sigvaldi. Plutselig vil han fortelle om \u00c1sta, datteren. For det er s\u00e5 [&hellip;]","og_url":"https:\/\/staging.forenteforlag.no\/forlaget\/produkt\/historien-om-asta-3\/","og_site_name":"Forlaget Press","article_publisher":"https:\/\/www.facebook.com\/Forlagetpress","article_modified_time":"2026-03-03T17:45:40+00:00","og_image":[{"width":720,"height":1082,"url":"https:\/\/staging.forenteforlag.no\/forlaget\/wp-content\/uploads\/sites\/3\/2026\/02\/9788232803354.jpg","type":"image\/jpeg"}],"twitter_card":"summary_large_image","twitter_misc":{"Ansl. lesetid":"1 minutt"},"schema":{"@context":"https:\/\/schema.org","@graph":[{"@type":"WebPage","@id":"https:\/\/staging.forenteforlag.no\/forlaget\/produkt\/historien-om-asta-3\/","url":"https:\/\/staging.forenteforlag.no\/forlaget\/produkt\/historien-om-asta-3\/","name":"Historien om \u00c1sta - Forlaget Press","isPartOf":{"@id":"https:\/\/staging.forenteforlag.no\/forlaget\/#website"},"primaryImageOfPage":{"@id":"https:\/\/staging.forenteforlag.no\/forlaget\/produkt\/historien-om-asta-3\/#primaryimage"},"image":{"@id":"https:\/\/staging.forenteforlag.no\/forlaget\/produkt\/historien-om-asta-3\/#primaryimage"},"thumbnailUrl":"https:\/\/staging.forenteforlag.no\/forlaget\/wp-content\/uploads\/sites\/3\/2026\/02\/9788232803354.jpg","datePublished":"2020-02-04T00:00:00+00:00","dateModified":"2026-03-03T17:45:40+00:00","breadcrumb":{"@id":"https:\/\/staging.forenteforlag.no\/forlaget\/produkt\/historien-om-asta-3\/#breadcrumb"},"inLanguage":"nb-NO","potentialAction":[{"@type":"ReadAction","target":["https:\/\/staging.forenteforlag.no\/forlaget\/produkt\/historien-om-asta-3\/"]}]},{"@type":"ImageObject","inLanguage":"nb-NO","@id":"https:\/\/staging.forenteforlag.no\/forlaget\/produkt\/historien-om-asta-3\/#primaryimage","url":"https:\/\/staging.forenteforlag.no\/forlaget\/wp-content\/uploads\/sites\/3\/2026\/02\/9788232803354.jpg","contentUrl":"https:\/\/staging.forenteforlag.no\/forlaget\/wp-content\/uploads\/sites\/3\/2026\/02\/9788232803354.jpg","width":720,"height":1082},{"@type":"BreadcrumbList","@id":"https:\/\/staging.forenteforlag.no\/forlaget\/produkt\/historien-om-asta-3\/#breadcrumb","itemListElement":[{"@type":"ListItem","position":1,"name":"Hjem","item":"https:\/\/staging.forenteforlag.no\/forlaget\/"},{"@type":"ListItem","position":2,"name":"Alle b\u00f8ker","item":"https:\/\/staging.forenteforlag.no\/forlaget\/butikk\/"},{"@type":"ListItem","position":3,"name":"Historien om \u00c1sta"}]},{"@type":"WebSite","@id":"https:\/\/staging.forenteforlag.no\/forlaget\/#website","url":"https:\/\/staging.forenteforlag.no\/forlaget\/","name":"Forlaget Press","description":"","publisher":{"@id":"https:\/\/staging.forenteforlag.no\/forlaget\/#organization"},"potentialAction":[{"@type":"SearchAction","target":{"@type":"EntryPoint","urlTemplate":"https:\/\/staging.forenteforlag.no\/forlaget\/?s={search_term_string}"},"query-input":{"@type":"PropertyValueSpecification","valueRequired":true,"valueName":"search_term_string"}}],"inLanguage":"nb-NO"},{"@type":"Organization","@id":"https:\/\/staging.forenteforlag.no\/forlaget\/#organization","name":"Forlaget Press","url":"https:\/\/staging.forenteforlag.no\/forlaget\/","logo":{"@type":"ImageObject","inLanguage":"nb-NO","@id":"https:\/\/staging.forenteforlag.no\/forlaget\/#\/schema\/logo\/image\/","url":"https:\/\/staging.forenteforlag.no\/forlaget\/wp-content\/uploads\/sites\/3\/2024\/09\/Press_logo.svg","contentUrl":"https:\/\/staging.forenteforlag.no\/forlaget\/wp-content\/uploads\/sites\/3\/2024\/09\/Press_logo.svg","width":100,"height":100,"caption":"Forlaget Press"},"image":{"@id":"https:\/\/staging.forenteforlag.no\/forlaget\/#\/schema\/logo\/image\/"},"sameAs":["https:\/\/www.facebook.com\/Forlagetpress"]}]}},"_links":{"self":[{"href":"https:\/\/staging.forenteforlag.no\/forlaget\/wp-json\/wp\/v2\/product\/22356","targetHints":{"allow":["GET"]}}],"collection":[{"href":"https:\/\/staging.forenteforlag.no\/forlaget\/wp-json\/wp\/v2\/product"}],"about":[{"href":"https:\/\/staging.forenteforlag.no\/forlaget\/wp-json\/wp\/v2\/types\/product"}],"wp:featuredmedia":[{"embeddable":true,"href":"https:\/\/staging.forenteforlag.no\/forlaget\/wp-json\/wp\/v2\/media\/26389"}],"wp:attachment":[{"href":"https:\/\/staging.forenteforlag.no\/forlaget\/wp-json\/wp\/v2\/media?parent=22356"}],"wp:term":[{"taxonomy":"product_brand","embeddable":true,"href":"https:\/\/staging.forenteforlag.no\/forlaget\/wp-json\/wp\/v2\/product_brand?post=22356"},{"taxonomy":"product_cat","embeddable":true,"href":"https:\/\/staging.forenteforlag.no\/forlaget\/wp-json\/wp\/v2\/product_cat?post=22356"},{"taxonomy":"product_tag","embeddable":true,"href":"https:\/\/staging.forenteforlag.no\/forlaget\/wp-json\/wp\/v2\/product_tag?post=22356"}],"curies":[{"name":"wp","href":"https:\/\/api.w.org\/{rel}","templated":true}]}}