{"id":22354,"date":"2020-01-06T01:00:00","date_gmt":"2020-01-06T00:00:00","guid":{"rendered":"https:\/\/forlagetpress.forenteforlag.no\/produkt\/olive-igjen-3\/"},"modified":"2026-03-02T16:52:24","modified_gmt":"2026-03-02T15:52:24","slug":"olive-igjen-3","status":"publish","type":"product","link":"https:\/\/staging.forenteforlag.no\/forlaget\/produkt\/olive-igjen-3\/","title":{"rendered":"Olive, igjen"},"content":{"rendered":"<p>Hvordan lever man et \u00e6rlig liv? Jack Kennison sitter p\u00e5 bar, han er en gammel mann med en stor mage, han savner Olive Kitteridge. \u00abDet hadde v\u00e6rt hyggelig om du ble\u00bb, hadde han sagt. Men likevel hadde hun bare g\u00e5tt.  <\/p>\n<p>Det er ikke mange skikkelser i moderne litteratur som Olive Kitteridge: Den bryske, grovbygde, kantete, kloke mattel\u00e6rerinnen fra en sm\u00e5by i Maine. Elizabeth Strout fikk Pulitzerprisen for den f\u00f8rste boka om Olive. N\u00e5 er den gamle damen tilbake i en uavhengig romanfortsettelse. Hun har blitt pensjonist og enke, hun m\u00e5 finne ut av kj\u00e6rligheten p\u00e5 ny, forsone seg med kroppens forfall og hjemmehjelperen som dytter p\u00e5 putene hennes. Men fortsatt f\u00e5r vi gjennom Olive se menneskene rundt henne i sm\u00e5byen: deres tausheter og tilkortkommenhet, deres kj\u00e6rlighet og forvirring, deres \u00f8yeblikk av innsikt eller n\u00e5de. Hvorfor er det s\u00e5 vanskelig \u00e5 elske? Hvorfor klarer vi ikke \u00e5 ta vare p\u00e5 sannheten n\u00e5r vi m\u00f8ter den? Hvordan lever man et \u00e6rlig liv?<\/p>\n","protected":false},"excerpt":{"rendered":"<p>Hvordan lever man et \u00e6rlig liv? Jack Kennison sitter p\u00e5 bar, han er en gammel mann med en stor mage, han savner Olive Kitteridge. \u00abDet hadde v\u00e6rt hyggelig om du ble\u00bb, hadde han sagt. Men likevel hadde hun bare g\u00e5tt. Det er ikke mange skikkelser i moderne litteratur som Olive Kitteridge: Den bryske, grovbygde, kantete, [&hellip;]<\/p>\n","protected":false},"featured_media":26378,"template":"","meta":{"_acf_changed":false,"inline_featured_image":false},"product_brand":[],"product_cat":[1781],"product_tag":[370],"class_list":{"0":"post-22354","1":"product","2":"type-product","3":"status-publish","4":"has-post-thumbnail","6":"product_cat-rabattkodekampanje","7":"product_tag-skjonnlitteratur","9":"first","10":"instock","11":"sale","12":"shipping-taxable","13":"purchasable","14":"product-type-simple"},"acf":{"anmeldelse":[{"tekst_anmeldelser":"\u00abStrout viser frem sm\u00e5 \u00f8yeblikk av klarhet i menneskenes liv som l\u00f8fter den ordin\u00e6re tilv\u00e6relsen til store fortellinger.\u00bb","av_anmeldelser":"Ida V\u00e5gsether","terningkast":false,"kilde":"Morgenbladet"},{"tekst_anmeldelser":"\u00abFortelleteknikken er ikke bare stroutsk gjenkjennelig, den er mesterlig gjennomf\u00f8rt.[...] I sum er 'Olive, igjen' en formfullendt roman. I sin sk\u00e5nsomme avkledning av menneskers d\u00e5rskap er den ogs\u00e5 morsom.\u00bb","av_anmeldelser":"Jan Askelund","terningkast":"<i class=\"fa-solid fa-dice-five\"><\/i>","kilde":"Stavanger Aftenblad"},{"tekst_anmeldelser":"\u00abPokker til kvinnfolk, pokker til bok. Ho pr\u00f8ver \u00e5 dempe hurpefaktoren, heldigvis for dei n\u00e6raste. Ho lukkast berre s\u00e5nn passe, heldigvis for lesarane.\u00bb","av_anmeldelser":"Marta Norheim","terningkast":false,"kilde":"NRK"},{"tekst_anmeldelser":"\u00abOm du ikke har lest Elizabeth Strout f\u00f8r, har du en ny favoritt i vente i den uforlignelige Olive Kitteridge.\u00bb","av_anmeldelser":"Vidar Kvalshaug","terningkast":"<i class=\"fa-solid fa-dice-six\"><\/i>","kilde":"Bok365"},{"tekst_anmeldelser":"\u00abElizabeth Strout fikk meg til \u00e5 elske denne underlige kvinnen jeg aldri hadde m\u00f8tt f\u00f8r, og ikke visste noe om. For en fantastisk forfatter hun er.\u00bb","av_anmeldelser":"Zadie Smith","terningkast":false,"kilde":"Guardian"}]},"yoast_head":"<!-- This site is optimized with the Yoast SEO plugin v26.6 - https:\/\/yoast.com\/wordpress\/plugins\/seo\/ -->\n<title>Olive, igjen - Forlaget Press<\/title>\n<meta name=\"robots\" content=\"noindex, follow, max-snippet:-1, max-image-preview:large, max-video-preview:-1\" \/>\n<meta property=\"og:locale\" content=\"nb_NO\" \/>\n<meta property=\"og:type\" content=\"article\" \/>\n<meta property=\"og:title\" content=\"Olive, igjen - Forlaget Press\" \/>\n<meta property=\"og:description\" content=\"Hvordan lever man et \u00e6rlig liv? Jack Kennison sitter p\u00e5 bar, han er en gammel mann med en stor mage, han savner Olive Kitteridge. \u00abDet hadde v\u00e6rt hyggelig om du ble\u00bb, hadde han sagt. Men likevel hadde hun bare g\u00e5tt. Det er ikke mange skikkelser i moderne litteratur som Olive Kitteridge: Den bryske, grovbygde, kantete, [&hellip;]\" \/>\n<meta property=\"og:url\" content=\"https:\/\/staging.forenteforlag.no\/forlaget\/produkt\/olive-igjen-3\/\" \/>\n<meta property=\"og:site_name\" content=\"Forlaget Press\" \/>\n<meta property=\"article:publisher\" content=\"https:\/\/www.facebook.com\/Forlagetpress\" \/>\n<meta property=\"article:modified_time\" content=\"2026-03-02T15:52:24+00:00\" \/>\n<meta property=\"og:image\" content=\"https:\/\/staging.forenteforlag.no\/forlaget\/wp-content\/uploads\/sites\/3\/2026\/02\/9788232803194.jpg\" \/>\n\t<meta property=\"og:image:width\" content=\"720\" \/>\n\t<meta property=\"og:image:height\" content=\"1048\" \/>\n\t<meta property=\"og:image:type\" content=\"image\/jpeg\" \/>\n<meta name=\"twitter:card\" content=\"summary_large_image\" \/>\n<meta name=\"twitter:label1\" content=\"Ansl. lesetid\" \/>\n\t<meta name=\"twitter:data1\" content=\"1 minutt\" \/>\n<script type=\"application\/ld+json\" class=\"yoast-schema-graph\">{\"@context\":\"https:\/\/schema.org\",\"@graph\":[{\"@type\":\"WebPage\",\"@id\":\"https:\/\/staging.forenteforlag.no\/forlaget\/produkt\/olive-igjen-3\/\",\"url\":\"https:\/\/staging.forenteforlag.no\/forlaget\/produkt\/olive-igjen-3\/\",\"name\":\"Olive, igjen - Forlaget Press\",\"isPartOf\":{\"@id\":\"https:\/\/staging.forenteforlag.no\/forlaget\/#website\"},\"primaryImageOfPage\":{\"@id\":\"https:\/\/staging.forenteforlag.no\/forlaget\/produkt\/olive-igjen-3\/#primaryimage\"},\"image\":{\"@id\":\"https:\/\/staging.forenteforlag.no\/forlaget\/produkt\/olive-igjen-3\/#primaryimage\"},\"thumbnailUrl\":\"https:\/\/staging.forenteforlag.no\/forlaget\/wp-content\/uploads\/sites\/3\/2026\/02\/9788232803194.jpg\",\"datePublished\":\"2020-01-06T00:00:00+00:00\",\"dateModified\":\"2026-03-02T15:52:24+00:00\",\"breadcrumb\":{\"@id\":\"https:\/\/staging.forenteforlag.no\/forlaget\/produkt\/olive-igjen-3\/#breadcrumb\"},\"inLanguage\":\"nb-NO\",\"potentialAction\":[{\"@type\":\"ReadAction\",\"target\":[\"https:\/\/staging.forenteforlag.no\/forlaget\/produkt\/olive-igjen-3\/\"]}]},{\"@type\":\"ImageObject\",\"inLanguage\":\"nb-NO\",\"@id\":\"https:\/\/staging.forenteforlag.no\/forlaget\/produkt\/olive-igjen-3\/#primaryimage\",\"url\":\"https:\/\/staging.forenteforlag.no\/forlaget\/wp-content\/uploads\/sites\/3\/2026\/02\/9788232803194.jpg\",\"contentUrl\":\"https:\/\/staging.forenteforlag.no\/forlaget\/wp-content\/uploads\/sites\/3\/2026\/02\/9788232803194.jpg\",\"width\":720,\"height\":1048},{\"@type\":\"BreadcrumbList\",\"@id\":\"https:\/\/staging.forenteforlag.no\/forlaget\/produkt\/olive-igjen-3\/#breadcrumb\",\"itemListElement\":[{\"@type\":\"ListItem\",\"position\":1,\"name\":\"Hjem\",\"item\":\"https:\/\/staging.forenteforlag.no\/forlaget\/\"},{\"@type\":\"ListItem\",\"position\":2,\"name\":\"Alle b\u00f8ker\",\"item\":\"https:\/\/staging.forenteforlag.no\/forlaget\/butikk\/\"},{\"@type\":\"ListItem\",\"position\":3,\"name\":\"Olive, igjen\"}]},{\"@type\":\"WebSite\",\"@id\":\"https:\/\/staging.forenteforlag.no\/forlaget\/#website\",\"url\":\"https:\/\/staging.forenteforlag.no\/forlaget\/\",\"name\":\"Forlaget Press\",\"description\":\"\",\"publisher\":{\"@id\":\"https:\/\/staging.forenteforlag.no\/forlaget\/#organization\"},\"potentialAction\":[{\"@type\":\"SearchAction\",\"target\":{\"@type\":\"EntryPoint\",\"urlTemplate\":\"https:\/\/staging.forenteforlag.no\/forlaget\/?s={search_term_string}\"},\"query-input\":{\"@type\":\"PropertyValueSpecification\",\"valueRequired\":true,\"valueName\":\"search_term_string\"}}],\"inLanguage\":\"nb-NO\"},{\"@type\":\"Organization\",\"@id\":\"https:\/\/staging.forenteforlag.no\/forlaget\/#organization\",\"name\":\"Forlaget Press\",\"url\":\"https:\/\/staging.forenteforlag.no\/forlaget\/\",\"logo\":{\"@type\":\"ImageObject\",\"inLanguage\":\"nb-NO\",\"@id\":\"https:\/\/staging.forenteforlag.no\/forlaget\/#\/schema\/logo\/image\/\",\"url\":\"https:\/\/staging.forenteforlag.no\/forlaget\/wp-content\/uploads\/sites\/3\/2024\/09\/Press_logo.svg\",\"contentUrl\":\"https:\/\/staging.forenteforlag.no\/forlaget\/wp-content\/uploads\/sites\/3\/2024\/09\/Press_logo.svg\",\"width\":100,\"height\":100,\"caption\":\"Forlaget Press\"},\"image\":{\"@id\":\"https:\/\/staging.forenteforlag.no\/forlaget\/#\/schema\/logo\/image\/\"},\"sameAs\":[\"https:\/\/www.facebook.com\/Forlagetpress\"]}]}<\/script>\n<!-- \/ Yoast SEO plugin. -->","yoast_head_json":{"title":"Olive, igjen - Forlaget Press","robots":{"index":"noindex","follow":"follow","max-snippet":"max-snippet:-1","max-image-preview":"max-image-preview:large","max-video-preview":"max-video-preview:-1"},"og_locale":"nb_NO","og_type":"article","og_title":"Olive, igjen - Forlaget Press","og_description":"Hvordan lever man et \u00e6rlig liv? Jack Kennison sitter p\u00e5 bar, han er en gammel mann med en stor mage, han savner Olive Kitteridge. \u00abDet hadde v\u00e6rt hyggelig om du ble\u00bb, hadde han sagt. Men likevel hadde hun bare g\u00e5tt. Det er ikke mange skikkelser i moderne litteratur som Olive Kitteridge: Den bryske, grovbygde, kantete, [&hellip;]","og_url":"https:\/\/staging.forenteforlag.no\/forlaget\/produkt\/olive-igjen-3\/","og_site_name":"Forlaget Press","article_publisher":"https:\/\/www.facebook.com\/Forlagetpress","article_modified_time":"2026-03-02T15:52:24+00:00","og_image":[{"width":720,"height":1048,"url":"https:\/\/staging.forenteforlag.no\/forlaget\/wp-content\/uploads\/sites\/3\/2026\/02\/9788232803194.jpg","type":"image\/jpeg"}],"twitter_card":"summary_large_image","twitter_misc":{"Ansl. lesetid":"1 minutt"},"schema":{"@context":"https:\/\/schema.org","@graph":[{"@type":"WebPage","@id":"https:\/\/staging.forenteforlag.no\/forlaget\/produkt\/olive-igjen-3\/","url":"https:\/\/staging.forenteforlag.no\/forlaget\/produkt\/olive-igjen-3\/","name":"Olive, igjen - Forlaget Press","isPartOf":{"@id":"https:\/\/staging.forenteforlag.no\/forlaget\/#website"},"primaryImageOfPage":{"@id":"https:\/\/staging.forenteforlag.no\/forlaget\/produkt\/olive-igjen-3\/#primaryimage"},"image":{"@id":"https:\/\/staging.forenteforlag.no\/forlaget\/produkt\/olive-igjen-3\/#primaryimage"},"thumbnailUrl":"https:\/\/staging.forenteforlag.no\/forlaget\/wp-content\/uploads\/sites\/3\/2026\/02\/9788232803194.jpg","datePublished":"2020-01-06T00:00:00+00:00","dateModified":"2026-03-02T15:52:24+00:00","breadcrumb":{"@id":"https:\/\/staging.forenteforlag.no\/forlaget\/produkt\/olive-igjen-3\/#breadcrumb"},"inLanguage":"nb-NO","potentialAction":[{"@type":"ReadAction","target":["https:\/\/staging.forenteforlag.no\/forlaget\/produkt\/olive-igjen-3\/"]}]},{"@type":"ImageObject","inLanguage":"nb-NO","@id":"https:\/\/staging.forenteforlag.no\/forlaget\/produkt\/olive-igjen-3\/#primaryimage","url":"https:\/\/staging.forenteforlag.no\/forlaget\/wp-content\/uploads\/sites\/3\/2026\/02\/9788232803194.jpg","contentUrl":"https:\/\/staging.forenteforlag.no\/forlaget\/wp-content\/uploads\/sites\/3\/2026\/02\/9788232803194.jpg","width":720,"height":1048},{"@type":"BreadcrumbList","@id":"https:\/\/staging.forenteforlag.no\/forlaget\/produkt\/olive-igjen-3\/#breadcrumb","itemListElement":[{"@type":"ListItem","position":1,"name":"Hjem","item":"https:\/\/staging.forenteforlag.no\/forlaget\/"},{"@type":"ListItem","position":2,"name":"Alle b\u00f8ker","item":"https:\/\/staging.forenteforlag.no\/forlaget\/butikk\/"},{"@type":"ListItem","position":3,"name":"Olive, igjen"}]},{"@type":"WebSite","@id":"https:\/\/staging.forenteforlag.no\/forlaget\/#website","url":"https:\/\/staging.forenteforlag.no\/forlaget\/","name":"Forlaget Press","description":"","publisher":{"@id":"https:\/\/staging.forenteforlag.no\/forlaget\/#organization"},"potentialAction":[{"@type":"SearchAction","target":{"@type":"EntryPoint","urlTemplate":"https:\/\/staging.forenteforlag.no\/forlaget\/?s={search_term_string}"},"query-input":{"@type":"PropertyValueSpecification","valueRequired":true,"valueName":"search_term_string"}}],"inLanguage":"nb-NO"},{"@type":"Organization","@id":"https:\/\/staging.forenteforlag.no\/forlaget\/#organization","name":"Forlaget Press","url":"https:\/\/staging.forenteforlag.no\/forlaget\/","logo":{"@type":"ImageObject","inLanguage":"nb-NO","@id":"https:\/\/staging.forenteforlag.no\/forlaget\/#\/schema\/logo\/image\/","url":"https:\/\/staging.forenteforlag.no\/forlaget\/wp-content\/uploads\/sites\/3\/2024\/09\/Press_logo.svg","contentUrl":"https:\/\/staging.forenteforlag.no\/forlaget\/wp-content\/uploads\/sites\/3\/2024\/09\/Press_logo.svg","width":100,"height":100,"caption":"Forlaget Press"},"image":{"@id":"https:\/\/staging.forenteforlag.no\/forlaget\/#\/schema\/logo\/image\/"},"sameAs":["https:\/\/www.facebook.com\/Forlagetpress"]}]}},"_links":{"self":[{"href":"https:\/\/staging.forenteforlag.no\/forlaget\/wp-json\/wp\/v2\/product\/22354","targetHints":{"allow":["GET"]}}],"collection":[{"href":"https:\/\/staging.forenteforlag.no\/forlaget\/wp-json\/wp\/v2\/product"}],"about":[{"href":"https:\/\/staging.forenteforlag.no\/forlaget\/wp-json\/wp\/v2\/types\/product"}],"wp:featuredmedia":[{"embeddable":true,"href":"https:\/\/staging.forenteforlag.no\/forlaget\/wp-json\/wp\/v2\/media\/26378"}],"wp:attachment":[{"href":"https:\/\/staging.forenteforlag.no\/forlaget\/wp-json\/wp\/v2\/media?parent=22354"}],"wp:term":[{"taxonomy":"product_brand","embeddable":true,"href":"https:\/\/staging.forenteforlag.no\/forlaget\/wp-json\/wp\/v2\/product_brand?post=22354"},{"taxonomy":"product_cat","embeddable":true,"href":"https:\/\/staging.forenteforlag.no\/forlaget\/wp-json\/wp\/v2\/product_cat?post=22354"},{"taxonomy":"product_tag","embeddable":true,"href":"https:\/\/staging.forenteforlag.no\/forlaget\/wp-json\/wp\/v2\/product_tag?post=22354"}],"curies":[{"name":"wp","href":"https:\/\/api.w.org\/{rel}","templated":true}]}}