{"id":22350,"date":"2020-10-16T02:00:00","date_gmt":"2020-10-16T00:00:00","guid":{"rendered":"https:\/\/forlagetpress.forenteforlag.no\/produkt\/dyrenes-by\/"},"modified":"2026-03-04T12:38:37","modified_gmt":"2026-03-04T11:38:37","slug":"dyrenes-by","status":"publish","type":"product","link":"https:\/\/staging.forenteforlag.no\/forlaget\/produkt\/dyrenes-by\/","title":{"rendered":"Dyrenes by"},"content":{"rendered":"<p>Storbyen Oslo er bygget p\u00e5 ryggen til dyrene. Ingen annen by i Europa vokste fortere enn Kristiania i \u00e5rene rundt 1900. Veksten ble drevet fram av hestens muskelkrefter: P\u00e5 det meste var n\u00e6rmere ti tusen hester i Kristiania involvert i arbeidet med \u00e5 dytte og dra, trekke og transportere storbyens maskineri. I tillegg skulle de voksende befolkningsmassene forsynes med melk og kj\u00f8tt. Storfe ble drevet til byen fra alle kanter &#8211; og de industrielle slakteriene ble en del av bybildet. Samtidig fordrev storbyen dyrene. Ornitologer og dyrevernere bekymret seg s\u00e6rlig over alle fuglene som ble fanget og jaget, utbyttet og utryddet som f\u00f8lge av byveksten. <\/p>\n<p>Vi pleier \u00e5 forbinde modernisering med maskiner og industri, med motorer og elektriske lys. I Dyrenes by forteller etnologen Liv Emma Thorsen en ny og annerledes historie om fremveksten av det moderne Norge. De enorme forandringene i det norske samfunnet i ti\u00e5rene rundt 1900 var utenkelig uten dyrene. I dag snakker vi stadig mer om det tette og spenningsfylte forholdet mellom natur og kultur, dyr og mennesker. Liv Emma Thorsen viser hvordan disse spenningene l\u00e5 til grunn for moderniseringen fra begynnelsen av &#8211; og hvordan forholdet til dyrene har blitt fortrengt fra den tradisjonelle fortellingen om det moderne Norge. Dyrenes by er nyskapende historieskriving &#8211; og et viktig bidrag til forst\u00e5elsen av den livsformen som kalles moderniteten.<\/p>\n","protected":false},"excerpt":{"rendered":"<p>Storbyen Oslo er bygget p\u00e5 ryggen til dyrene. Ingen annen by i Europa vokste fortere enn Kristiania i \u00e5rene rundt 1900. Veksten ble drevet fram av hestens muskelkrefter: P\u00e5 det meste var n\u00e6rmere ti tusen hester i Kristiania involvert i arbeidet med \u00e5 dytte og dra, trekke og transportere storbyens maskineri. I tillegg skulle de [&hellip;]<\/p>\n","protected":false},"featured_media":26369,"template":"","meta":{"_acf_changed":false,"inline_featured_image":false},"product_brand":[],"product_cat":[1781],"product_tag":[453,399,538,362,361,525,377,921],"class_list":{"0":"post-22350","1":"product","2":"type-product","3":"status-publish","4":"has-post-thumbnail","6":"product_cat-rabattkodekampanje","7":"product_tag-1850-1899","8":"product_tag-1900-1945","9":"product_tag-dyrevern","10":"product_tag-faglitteratur","11":"product_tag-kulturhistorie","12":"product_tag-lokalhistorie","13":"product_tag-oslo","14":"product_tag-storbyer","16":"first","17":"instock","18":"shipping-taxable","19":"purchasable","20":"product-type-simple"},"acf":{"anmeldelse":[{"tekst_anmeldelser":"\u00abRik og egenartet [\u2026] alternativ urban historieskriving. Et begrep som hestekrefter blir aldri det samme etter dette. Bokens sjeldent mange megetsigende fotografier alene gj\u00f8r den vel verd \u00e5 bla i.\u00bb","av_anmeldelser":"K\u00e5re Bulie","terningkast":false,"kilde":"Klassekampen"},{"tekst_anmeldelser":"\u00abEn banebrytende kulturhistorisk studie av dyr i Kristiania. Thorsen skriver til tider sv\u00e6rt poetisk og maler frem bilder av lukter, syn og opplevelser. Mange flotte store bilder [\u2026] gj\u00f8r at boka ogs\u00e5 egner seg s\u00e6rdeles godt p\u00e5 stuebordet, der alle kan \u00e5pne den, lese en side eller to og beundre bildene, som skatter fra byarkivet.\u00bb","av_anmeldelser":"Anne Elisabeth Laksfoss Cardozo","terningkast":false,"kilde":"Historisk tidsskrift"},{"tekst_anmeldelser":"\u00abEn levende og detaljrik fremstilling b\u00e5de av hvordan dyrene preget bybildet, og av hvordan deres liv faktisk artet seg. [\u2026] Etnolog Liv Emma Thorsen maner frem et Oslo fullt av knegg, raut og kakling.\u00bb","av_anmeldelser":"Carina Elisabeth Beddari","terningkast":false,"kilde":"Morgenbladet"},{"tekst_anmeldelser":"\u00abDyrenes by er et forbilledlig eksempel p\u00e5 hvordan man kan skrive ikke-mennesker inn i historien. [\u2026] I samspill med et fantastisk fotomateriale skaper Thorsen en f\u00f8lelse av \u00e5 v\u00e6re til stede i Kristianias gater, og kjenne lukten av m\u00f8kk og st\u00f8v, og h\u00f8re lyden av hover, knirkende hjul og summende stemmer. [\u2026] Et viktig bidrag til norsk historie.\u00bb","av_anmeldelser":"Tone Duglitr\u00f8","terningkast":false,"kilde":"Tidsskrift for Kulturforskning"}]},"yoast_head":"<!-- This site is optimized with the Yoast SEO plugin v26.6 - https:\/\/yoast.com\/wordpress\/plugins\/seo\/ -->\n<title>Dyrenes by - Forlaget Press<\/title>\n<meta name=\"robots\" content=\"noindex, follow, max-snippet:-1, max-image-preview:large, max-video-preview:-1\" \/>\n<meta property=\"og:locale\" content=\"nb_NO\" \/>\n<meta property=\"og:type\" content=\"article\" \/>\n<meta property=\"og:title\" content=\"Dyrenes by - Forlaget Press\" \/>\n<meta property=\"og:description\" content=\"Storbyen Oslo er bygget p\u00e5 ryggen til dyrene. Ingen annen by i Europa vokste fortere enn Kristiania i \u00e5rene rundt 1900. Veksten ble drevet fram av hestens muskelkrefter: P\u00e5 det meste var n\u00e6rmere ti tusen hester i Kristiania involvert i arbeidet med \u00e5 dytte og dra, trekke og transportere storbyens maskineri. I tillegg skulle de [&hellip;]\" \/>\n<meta property=\"og:url\" content=\"https:\/\/staging.forenteforlag.no\/forlaget\/produkt\/dyrenes-by\/\" \/>\n<meta property=\"og:site_name\" content=\"Forlaget Press\" \/>\n<meta property=\"article:publisher\" content=\"https:\/\/www.facebook.com\/Forlagetpress\" \/>\n<meta property=\"article:modified_time\" content=\"2026-03-04T11:38:37+00:00\" \/>\n<meta property=\"og:image\" content=\"https:\/\/staging.forenteforlag.no\/forlaget\/wp-content\/uploads\/sites\/3\/2026\/02\/9788232803019.jpg\" \/>\n\t<meta property=\"og:image:width\" content=\"720\" \/>\n\t<meta property=\"og:image:height\" content=\"1015\" \/>\n\t<meta property=\"og:image:type\" content=\"image\/jpeg\" \/>\n<meta name=\"twitter:card\" content=\"summary_large_image\" \/>\n<meta name=\"twitter:label1\" content=\"Ansl. lesetid\" \/>\n\t<meta name=\"twitter:data1\" content=\"1 minutt\" \/>\n<script type=\"application\/ld+json\" class=\"yoast-schema-graph\">{\"@context\":\"https:\/\/schema.org\",\"@graph\":[{\"@type\":\"WebPage\",\"@id\":\"https:\/\/staging.forenteforlag.no\/forlaget\/produkt\/dyrenes-by\/\",\"url\":\"https:\/\/staging.forenteforlag.no\/forlaget\/produkt\/dyrenes-by\/\",\"name\":\"Dyrenes by - Forlaget Press\",\"isPartOf\":{\"@id\":\"https:\/\/staging.forenteforlag.no\/forlaget\/#website\"},\"primaryImageOfPage\":{\"@id\":\"https:\/\/staging.forenteforlag.no\/forlaget\/produkt\/dyrenes-by\/#primaryimage\"},\"image\":{\"@id\":\"https:\/\/staging.forenteforlag.no\/forlaget\/produkt\/dyrenes-by\/#primaryimage\"},\"thumbnailUrl\":\"https:\/\/staging.forenteforlag.no\/forlaget\/wp-content\/uploads\/sites\/3\/2026\/02\/9788232803019.jpg\",\"datePublished\":\"2020-10-16T00:00:00+00:00\",\"dateModified\":\"2026-03-04T11:38:37+00:00\",\"breadcrumb\":{\"@id\":\"https:\/\/staging.forenteforlag.no\/forlaget\/produkt\/dyrenes-by\/#breadcrumb\"},\"inLanguage\":\"nb-NO\",\"potentialAction\":[{\"@type\":\"ReadAction\",\"target\":[\"https:\/\/staging.forenteforlag.no\/forlaget\/produkt\/dyrenes-by\/\"]}]},{\"@type\":\"ImageObject\",\"inLanguage\":\"nb-NO\",\"@id\":\"https:\/\/staging.forenteforlag.no\/forlaget\/produkt\/dyrenes-by\/#primaryimage\",\"url\":\"https:\/\/staging.forenteforlag.no\/forlaget\/wp-content\/uploads\/sites\/3\/2026\/02\/9788232803019.jpg\",\"contentUrl\":\"https:\/\/staging.forenteforlag.no\/forlaget\/wp-content\/uploads\/sites\/3\/2026\/02\/9788232803019.jpg\",\"width\":720,\"height\":1015},{\"@type\":\"BreadcrumbList\",\"@id\":\"https:\/\/staging.forenteforlag.no\/forlaget\/produkt\/dyrenes-by\/#breadcrumb\",\"itemListElement\":[{\"@type\":\"ListItem\",\"position\":1,\"name\":\"Hjem\",\"item\":\"https:\/\/staging.forenteforlag.no\/forlaget\/\"},{\"@type\":\"ListItem\",\"position\":2,\"name\":\"Alle b\u00f8ker\",\"item\":\"https:\/\/staging.forenteforlag.no\/forlaget\/butikk\/\"},{\"@type\":\"ListItem\",\"position\":3,\"name\":\"Dyrenes by\"}]},{\"@type\":\"WebSite\",\"@id\":\"https:\/\/staging.forenteforlag.no\/forlaget\/#website\",\"url\":\"https:\/\/staging.forenteforlag.no\/forlaget\/\",\"name\":\"Forlaget Press\",\"description\":\"\",\"publisher\":{\"@id\":\"https:\/\/staging.forenteforlag.no\/forlaget\/#organization\"},\"potentialAction\":[{\"@type\":\"SearchAction\",\"target\":{\"@type\":\"EntryPoint\",\"urlTemplate\":\"https:\/\/staging.forenteforlag.no\/forlaget\/?s={search_term_string}\"},\"query-input\":{\"@type\":\"PropertyValueSpecification\",\"valueRequired\":true,\"valueName\":\"search_term_string\"}}],\"inLanguage\":\"nb-NO\"},{\"@type\":\"Organization\",\"@id\":\"https:\/\/staging.forenteforlag.no\/forlaget\/#organization\",\"name\":\"Forlaget Press\",\"url\":\"https:\/\/staging.forenteforlag.no\/forlaget\/\",\"logo\":{\"@type\":\"ImageObject\",\"inLanguage\":\"nb-NO\",\"@id\":\"https:\/\/staging.forenteforlag.no\/forlaget\/#\/schema\/logo\/image\/\",\"url\":\"https:\/\/staging.forenteforlag.no\/forlaget\/wp-content\/uploads\/sites\/3\/2024\/09\/Press_logo.svg\",\"contentUrl\":\"https:\/\/staging.forenteforlag.no\/forlaget\/wp-content\/uploads\/sites\/3\/2024\/09\/Press_logo.svg\",\"width\":100,\"height\":100,\"caption\":\"Forlaget Press\"},\"image\":{\"@id\":\"https:\/\/staging.forenteforlag.no\/forlaget\/#\/schema\/logo\/image\/\"},\"sameAs\":[\"https:\/\/www.facebook.com\/Forlagetpress\"]}]}<\/script>\n<!-- \/ Yoast SEO plugin. -->","yoast_head_json":{"title":"Dyrenes by - Forlaget Press","robots":{"index":"noindex","follow":"follow","max-snippet":"max-snippet:-1","max-image-preview":"max-image-preview:large","max-video-preview":"max-video-preview:-1"},"og_locale":"nb_NO","og_type":"article","og_title":"Dyrenes by - Forlaget Press","og_description":"Storbyen Oslo er bygget p\u00e5 ryggen til dyrene. Ingen annen by i Europa vokste fortere enn Kristiania i \u00e5rene rundt 1900. Veksten ble drevet fram av hestens muskelkrefter: P\u00e5 det meste var n\u00e6rmere ti tusen hester i Kristiania involvert i arbeidet med \u00e5 dytte og dra, trekke og transportere storbyens maskineri. I tillegg skulle de [&hellip;]","og_url":"https:\/\/staging.forenteforlag.no\/forlaget\/produkt\/dyrenes-by\/","og_site_name":"Forlaget Press","article_publisher":"https:\/\/www.facebook.com\/Forlagetpress","article_modified_time":"2026-03-04T11:38:37+00:00","og_image":[{"width":720,"height":1015,"url":"https:\/\/staging.forenteforlag.no\/forlaget\/wp-content\/uploads\/sites\/3\/2026\/02\/9788232803019.jpg","type":"image\/jpeg"}],"twitter_card":"summary_large_image","twitter_misc":{"Ansl. lesetid":"1 minutt"},"schema":{"@context":"https:\/\/schema.org","@graph":[{"@type":"WebPage","@id":"https:\/\/staging.forenteforlag.no\/forlaget\/produkt\/dyrenes-by\/","url":"https:\/\/staging.forenteforlag.no\/forlaget\/produkt\/dyrenes-by\/","name":"Dyrenes by - Forlaget Press","isPartOf":{"@id":"https:\/\/staging.forenteforlag.no\/forlaget\/#website"},"primaryImageOfPage":{"@id":"https:\/\/staging.forenteforlag.no\/forlaget\/produkt\/dyrenes-by\/#primaryimage"},"image":{"@id":"https:\/\/staging.forenteforlag.no\/forlaget\/produkt\/dyrenes-by\/#primaryimage"},"thumbnailUrl":"https:\/\/staging.forenteforlag.no\/forlaget\/wp-content\/uploads\/sites\/3\/2026\/02\/9788232803019.jpg","datePublished":"2020-10-16T00:00:00+00:00","dateModified":"2026-03-04T11:38:37+00:00","breadcrumb":{"@id":"https:\/\/staging.forenteforlag.no\/forlaget\/produkt\/dyrenes-by\/#breadcrumb"},"inLanguage":"nb-NO","potentialAction":[{"@type":"ReadAction","target":["https:\/\/staging.forenteforlag.no\/forlaget\/produkt\/dyrenes-by\/"]}]},{"@type":"ImageObject","inLanguage":"nb-NO","@id":"https:\/\/staging.forenteforlag.no\/forlaget\/produkt\/dyrenes-by\/#primaryimage","url":"https:\/\/staging.forenteforlag.no\/forlaget\/wp-content\/uploads\/sites\/3\/2026\/02\/9788232803019.jpg","contentUrl":"https:\/\/staging.forenteforlag.no\/forlaget\/wp-content\/uploads\/sites\/3\/2026\/02\/9788232803019.jpg","width":720,"height":1015},{"@type":"BreadcrumbList","@id":"https:\/\/staging.forenteforlag.no\/forlaget\/produkt\/dyrenes-by\/#breadcrumb","itemListElement":[{"@type":"ListItem","position":1,"name":"Hjem","item":"https:\/\/staging.forenteforlag.no\/forlaget\/"},{"@type":"ListItem","position":2,"name":"Alle b\u00f8ker","item":"https:\/\/staging.forenteforlag.no\/forlaget\/butikk\/"},{"@type":"ListItem","position":3,"name":"Dyrenes by"}]},{"@type":"WebSite","@id":"https:\/\/staging.forenteforlag.no\/forlaget\/#website","url":"https:\/\/staging.forenteforlag.no\/forlaget\/","name":"Forlaget Press","description":"","publisher":{"@id":"https:\/\/staging.forenteforlag.no\/forlaget\/#organization"},"potentialAction":[{"@type":"SearchAction","target":{"@type":"EntryPoint","urlTemplate":"https:\/\/staging.forenteforlag.no\/forlaget\/?s={search_term_string}"},"query-input":{"@type":"PropertyValueSpecification","valueRequired":true,"valueName":"search_term_string"}}],"inLanguage":"nb-NO"},{"@type":"Organization","@id":"https:\/\/staging.forenteforlag.no\/forlaget\/#organization","name":"Forlaget Press","url":"https:\/\/staging.forenteforlag.no\/forlaget\/","logo":{"@type":"ImageObject","inLanguage":"nb-NO","@id":"https:\/\/staging.forenteforlag.no\/forlaget\/#\/schema\/logo\/image\/","url":"https:\/\/staging.forenteforlag.no\/forlaget\/wp-content\/uploads\/sites\/3\/2024\/09\/Press_logo.svg","contentUrl":"https:\/\/staging.forenteforlag.no\/forlaget\/wp-content\/uploads\/sites\/3\/2024\/09\/Press_logo.svg","width":100,"height":100,"caption":"Forlaget Press"},"image":{"@id":"https:\/\/staging.forenteforlag.no\/forlaget\/#\/schema\/logo\/image\/"},"sameAs":["https:\/\/www.facebook.com\/Forlagetpress"]}]}},"_links":{"self":[{"href":"https:\/\/staging.forenteforlag.no\/forlaget\/wp-json\/wp\/v2\/product\/22350","targetHints":{"allow":["GET"]}}],"collection":[{"href":"https:\/\/staging.forenteforlag.no\/forlaget\/wp-json\/wp\/v2\/product"}],"about":[{"href":"https:\/\/staging.forenteforlag.no\/forlaget\/wp-json\/wp\/v2\/types\/product"}],"wp:featuredmedia":[{"embeddable":true,"href":"https:\/\/staging.forenteforlag.no\/forlaget\/wp-json\/wp\/v2\/media\/26369"}],"wp:attachment":[{"href":"https:\/\/staging.forenteforlag.no\/forlaget\/wp-json\/wp\/v2\/media?parent=22350"}],"wp:term":[{"taxonomy":"product_brand","embeddable":true,"href":"https:\/\/staging.forenteforlag.no\/forlaget\/wp-json\/wp\/v2\/product_brand?post=22350"},{"taxonomy":"product_cat","embeddable":true,"href":"https:\/\/staging.forenteforlag.no\/forlaget\/wp-json\/wp\/v2\/product_cat?post=22350"},{"taxonomy":"product_tag","embeddable":true,"href":"https:\/\/staging.forenteforlag.no\/forlaget\/wp-json\/wp\/v2\/product_tag?post=22350"}],"curies":[{"name":"wp","href":"https:\/\/api.w.org\/{rel}","templated":true}]}}