{"id":22343,"date":"2021-09-16T02:00:00","date_gmt":"2021-09-16T00:00:00","guid":{"rendered":"https:\/\/forlagetpress.forenteforlag.no\/produkt\/speilet-og-lyset-3\/"},"modified":"2026-03-04T13:52:43","modified_gmt":"2026-03-04T12:52:43","slug":"speilet-og-lyset-3","status":"publish","type":"product","link":"https:\/\/staging.forenteforlag.no\/forlaget\/produkt\/speilet-og-lyset-3\/","title":{"rendered":"Speilet og lyset"},"content":{"rendered":"<p>England, mai 1536. Thomas Cromwell spiser frokost med seierherrene etter henrettelsen av Anne Boleyn, og vet ikke at det bare er fire \u00e5r til en b\u00f8ddel skal bruke tre \u00f8ksehogg p\u00e5 \u00e5 skille hans eget hode fra kroppen.  <\/p>\n<p>I Speilet og lyset skildrer Mantel siste del av Thomas Cromwells karriere ved det engelske hoff, en periode som blant annet dekker tre ulike dronninger, en invasjon av Frankrike og stadige trusler om invasjon utenfra, en storstilt kampanje mot den katolske kirken og klostrenes rikdom, i tillegg til hendelsene som for\u00e5rsaker Cromwells fall. <\/p>\n<p>Med Speilet og lyset fullf\u00f8res fortellingen om en av de mest fascinerende og flertydige skikkelsene b\u00e5de i den engelske historien og i den moderne litteraturen: Thomas Cromwell, mannen fra ingensteds som klatret helt til topps &#8211; han som er b\u00e5de jeger og bytte, fattigmann og fyrste, fortid og fremtid i en og samme skikkelse.<\/p>\n","protected":false},"excerpt":{"rendered":"<p>England, mai 1536. Thomas Cromwell spiser frokost med seierherrene etter henrettelsen av Anne Boleyn, og vet ikke at det bare er fire \u00e5r til en b\u00f8ddel skal bruke tre \u00f8ksehogg p\u00e5 \u00e5 skille hans eget hode fra kroppen. I Speilet og lyset skildrer Mantel siste del av Thomas Cromwells karriere ved det engelske hoff, en [&hellip;]<\/p>\n","protected":false},"featured_media":26436,"template":"","meta":{"_acf_changed":false,"inline_featured_image":false},"product_brand":[],"product_cat":[1781],"product_tag":[625,414,1095,400,626,370],"class_list":{"0":"post-22343","1":"product","2":"type-product","3":"status-publish","4":"has-post-thumbnail","6":"product_cat-rabattkodekampanje","7":"product_tag-1500-tallet","8":"product_tag-england","9":"product_tag-grafiske-romaner","10":"product_tag-historisk-litteratur","11":"product_tag-historiske-personer","12":"product_tag-skjonnlitteratur","14":"first","15":"instock","16":"shipping-taxable","17":"purchasable","18":"product-type-simple"},"acf":{"anmeldelse":[{"tekst_anmeldelser":"\u00abVed siden av en imponerende innsikt i tiden og menneskene hun skriver om, har Mantel en helt s\u00e6regen m\u00e5te \u00e5 n\u00e6rme seg stoffet p\u00e5. Med en avslappet humoristisk og poetisk samtidighet maner hun fram lukter og lyder og landskap og farger fra denne ber\u00f8mte og beryktede tiden i britisk historie. Gjennom lange tankerekker og kjappe replikker baker hun inn viktige begivenheter i bisetninger, og kommer med skakke og humoristiske karakteristikker av kjente personer. [...] Ikke minst takket v\u00e6re den imponerende smidige oversettelsen til Hege Mehren.\u00bb","av_anmeldelser":"Cathrine Kr\u00f8ger","terningkast":"<i class=\"fa-solid fa-dice-five\"><\/i>","kilde":"Dagbladet"},{"tekst_anmeldelser":"\u00abMantel maner fram en hel verden. Hun tvinger aldri historien for at den skal passe inn i hennes fiksjon, men hun utfyller og supplerer det vi vet. Det er i disse rommene hun skaper stor litteratur.\u00bb","av_anmeldelser":"Tore Skeie","terningkast":false,"kilde":"Klassekampen"},{"tekst_anmeldelser":"\u00abSpeilet og lyset er minst like god som de f\u00f8rste to b\u00f8kene \u2013 og de vant begge Booker-prisen. Se for deg at den tredje Gudfaren-filmen var like god som de to f\u00f8rste: Slik er det her.\u00bb","av_anmeldelser":"Elizabeth Gilbert","terningkast":false,"kilde":"The Wall Street Journal"},{"tekst_anmeldelser":"\u00abNoen kan bare be Booker-dommerne ta fri resten av \u00e5ret \u2013 vinneren er allerede funnet.\u00bb","av_anmeldelser":"Stephanie Merritt","terningkast":false,"kilde":"The Guardian"},{"tekst_anmeldelser":"\u00abIf\u00f8lge historikere med Tudortida, alts\u00e5 Henry den \u00e5ttendes epoke, ligger b\u00f8kene tett opptil det historikere regner som korrekt, samtidig som den er en litter\u00e6r gjenfortelling som tar seg visse friheter. [...] Uansett er det Hilary Mantels skrivekunst som gj\u00f8r b\u00f8kene virkelig unike.\u00bb","av_anmeldelser":"Gerd Elin Stava Sandve","terningkast":false,"kilde":"Dagsavisen"},{"tekst_anmeldelser":"\u00abHer st\u00e5r vi overfor en bredt anlagt, historisk roman som imponerer b\u00e5de ved \u00e5 speile et nyansert menneskesinn og gjennom vidtfavnende kunnskap om det engelske samfunnet tidlig p\u00e5 1500-tallet. [D]en norske oversettelsen virker gjennomg\u00e5ende s\u00e5 stilsikker at lesingen av mastodontteksten Speilet og lyset jevnt over har v\u00e6rt en fest.\u00bb","av_anmeldelser":"Steinar Sivertsen","terningkast":"<i class=\"fa-solid fa-dice-five\"><\/i>","kilde":"Stavanger Aftenblad"},{"tekst_anmeldelser":"\u00abTrilogien til Hilary Mantel er storsl\u00e5tt litteratur: Han krev noko av lesaren, men gir tilbake ei klok, morosam, l\u00e6rd og l\u00e6rerik historie.\u00bb","av_anmeldelser":"Marta Norheim","terningkast":false,"kilde":"NRK"}]},"yoast_head":"<!-- This site is optimized with the Yoast SEO plugin v26.6 - https:\/\/yoast.com\/wordpress\/plugins\/seo\/ -->\n<title>Speilet og lyset - Forlaget Press<\/title>\n<meta name=\"robots\" content=\"noindex, follow, max-snippet:-1, max-image-preview:large, max-video-preview:-1\" \/>\n<meta property=\"og:locale\" content=\"nb_NO\" \/>\n<meta property=\"og:type\" content=\"article\" \/>\n<meta property=\"og:title\" content=\"Speilet og lyset - Forlaget Press\" \/>\n<meta property=\"og:description\" content=\"England, mai 1536. Thomas Cromwell spiser frokost med seierherrene etter henrettelsen av Anne Boleyn, og vet ikke at det bare er fire \u00e5r til en b\u00f8ddel skal bruke tre \u00f8ksehogg p\u00e5 \u00e5 skille hans eget hode fra kroppen. I Speilet og lyset skildrer Mantel siste del av Thomas Cromwells karriere ved det engelske hoff, en [&hellip;]\" \/>\n<meta property=\"og:url\" content=\"https:\/\/staging.forenteforlag.no\/forlaget\/produkt\/speilet-og-lyset-3\/\" \/>\n<meta property=\"og:site_name\" content=\"Forlaget Press\" \/>\n<meta property=\"article:publisher\" content=\"https:\/\/www.facebook.com\/Forlagetpress\" \/>\n<meta property=\"article:modified_time\" content=\"2026-03-04T12:52:43+00:00\" \/>\n<meta property=\"og:image\" content=\"https:\/\/staging.forenteforlag.no\/forlaget\/wp-content\/uploads\/sites\/3\/2026\/02\/9788232804023.jpg\" \/>\n\t<meta property=\"og:image:width\" content=\"720\" \/>\n\t<meta property=\"og:image:height\" content=\"1060\" \/>\n\t<meta property=\"og:image:type\" content=\"image\/jpeg\" \/>\n<meta name=\"twitter:card\" content=\"summary_large_image\" \/>\n<meta name=\"twitter:label1\" content=\"Ansl. lesetid\" \/>\n\t<meta name=\"twitter:data1\" content=\"1 minutt\" \/>\n<script type=\"application\/ld+json\" class=\"yoast-schema-graph\">{\"@context\":\"https:\/\/schema.org\",\"@graph\":[{\"@type\":\"WebPage\",\"@id\":\"https:\/\/staging.forenteforlag.no\/forlaget\/produkt\/speilet-og-lyset-3\/\",\"url\":\"https:\/\/staging.forenteforlag.no\/forlaget\/produkt\/speilet-og-lyset-3\/\",\"name\":\"Speilet og lyset - Forlaget Press\",\"isPartOf\":{\"@id\":\"https:\/\/staging.forenteforlag.no\/forlaget\/#website\"},\"primaryImageOfPage\":{\"@id\":\"https:\/\/staging.forenteforlag.no\/forlaget\/produkt\/speilet-og-lyset-3\/#primaryimage\"},\"image\":{\"@id\":\"https:\/\/staging.forenteforlag.no\/forlaget\/produkt\/speilet-og-lyset-3\/#primaryimage\"},\"thumbnailUrl\":\"https:\/\/staging.forenteforlag.no\/forlaget\/wp-content\/uploads\/sites\/3\/2026\/02\/9788232804023.jpg\",\"datePublished\":\"2021-09-16T00:00:00+00:00\",\"dateModified\":\"2026-03-04T12:52:43+00:00\",\"breadcrumb\":{\"@id\":\"https:\/\/staging.forenteforlag.no\/forlaget\/produkt\/speilet-og-lyset-3\/#breadcrumb\"},\"inLanguage\":\"nb-NO\",\"potentialAction\":[{\"@type\":\"ReadAction\",\"target\":[\"https:\/\/staging.forenteforlag.no\/forlaget\/produkt\/speilet-og-lyset-3\/\"]}]},{\"@type\":\"ImageObject\",\"inLanguage\":\"nb-NO\",\"@id\":\"https:\/\/staging.forenteforlag.no\/forlaget\/produkt\/speilet-og-lyset-3\/#primaryimage\",\"url\":\"https:\/\/staging.forenteforlag.no\/forlaget\/wp-content\/uploads\/sites\/3\/2026\/02\/9788232804023.jpg\",\"contentUrl\":\"https:\/\/staging.forenteforlag.no\/forlaget\/wp-content\/uploads\/sites\/3\/2026\/02\/9788232804023.jpg\",\"width\":720,\"height\":1060},{\"@type\":\"BreadcrumbList\",\"@id\":\"https:\/\/staging.forenteforlag.no\/forlaget\/produkt\/speilet-og-lyset-3\/#breadcrumb\",\"itemListElement\":[{\"@type\":\"ListItem\",\"position\":1,\"name\":\"Hjem\",\"item\":\"https:\/\/staging.forenteforlag.no\/forlaget\/\"},{\"@type\":\"ListItem\",\"position\":2,\"name\":\"Alle b\u00f8ker\",\"item\":\"https:\/\/staging.forenteforlag.no\/forlaget\/butikk\/\"},{\"@type\":\"ListItem\",\"position\":3,\"name\":\"Speilet og lyset\"}]},{\"@type\":\"WebSite\",\"@id\":\"https:\/\/staging.forenteforlag.no\/forlaget\/#website\",\"url\":\"https:\/\/staging.forenteforlag.no\/forlaget\/\",\"name\":\"Forlaget Press\",\"description\":\"\",\"publisher\":{\"@id\":\"https:\/\/staging.forenteforlag.no\/forlaget\/#organization\"},\"potentialAction\":[{\"@type\":\"SearchAction\",\"target\":{\"@type\":\"EntryPoint\",\"urlTemplate\":\"https:\/\/staging.forenteforlag.no\/forlaget\/?s={search_term_string}\"},\"query-input\":{\"@type\":\"PropertyValueSpecification\",\"valueRequired\":true,\"valueName\":\"search_term_string\"}}],\"inLanguage\":\"nb-NO\"},{\"@type\":\"Organization\",\"@id\":\"https:\/\/staging.forenteforlag.no\/forlaget\/#organization\",\"name\":\"Forlaget Press\",\"url\":\"https:\/\/staging.forenteforlag.no\/forlaget\/\",\"logo\":{\"@type\":\"ImageObject\",\"inLanguage\":\"nb-NO\",\"@id\":\"https:\/\/staging.forenteforlag.no\/forlaget\/#\/schema\/logo\/image\/\",\"url\":\"https:\/\/staging.forenteforlag.no\/forlaget\/wp-content\/uploads\/sites\/3\/2024\/09\/Press_logo.svg\",\"contentUrl\":\"https:\/\/staging.forenteforlag.no\/forlaget\/wp-content\/uploads\/sites\/3\/2024\/09\/Press_logo.svg\",\"width\":100,\"height\":100,\"caption\":\"Forlaget Press\"},\"image\":{\"@id\":\"https:\/\/staging.forenteforlag.no\/forlaget\/#\/schema\/logo\/image\/\"},\"sameAs\":[\"https:\/\/www.facebook.com\/Forlagetpress\"]}]}<\/script>\n<!-- \/ Yoast SEO plugin. -->","yoast_head_json":{"title":"Speilet og lyset - Forlaget Press","robots":{"index":"noindex","follow":"follow","max-snippet":"max-snippet:-1","max-image-preview":"max-image-preview:large","max-video-preview":"max-video-preview:-1"},"og_locale":"nb_NO","og_type":"article","og_title":"Speilet og lyset - Forlaget Press","og_description":"England, mai 1536. Thomas Cromwell spiser frokost med seierherrene etter henrettelsen av Anne Boleyn, og vet ikke at det bare er fire \u00e5r til en b\u00f8ddel skal bruke tre \u00f8ksehogg p\u00e5 \u00e5 skille hans eget hode fra kroppen. I Speilet og lyset skildrer Mantel siste del av Thomas Cromwells karriere ved det engelske hoff, en [&hellip;]","og_url":"https:\/\/staging.forenteforlag.no\/forlaget\/produkt\/speilet-og-lyset-3\/","og_site_name":"Forlaget Press","article_publisher":"https:\/\/www.facebook.com\/Forlagetpress","article_modified_time":"2026-03-04T12:52:43+00:00","og_image":[{"width":720,"height":1060,"url":"https:\/\/staging.forenteforlag.no\/forlaget\/wp-content\/uploads\/sites\/3\/2026\/02\/9788232804023.jpg","type":"image\/jpeg"}],"twitter_card":"summary_large_image","twitter_misc":{"Ansl. lesetid":"1 minutt"},"schema":{"@context":"https:\/\/schema.org","@graph":[{"@type":"WebPage","@id":"https:\/\/staging.forenteforlag.no\/forlaget\/produkt\/speilet-og-lyset-3\/","url":"https:\/\/staging.forenteforlag.no\/forlaget\/produkt\/speilet-og-lyset-3\/","name":"Speilet og lyset - Forlaget Press","isPartOf":{"@id":"https:\/\/staging.forenteforlag.no\/forlaget\/#website"},"primaryImageOfPage":{"@id":"https:\/\/staging.forenteforlag.no\/forlaget\/produkt\/speilet-og-lyset-3\/#primaryimage"},"image":{"@id":"https:\/\/staging.forenteforlag.no\/forlaget\/produkt\/speilet-og-lyset-3\/#primaryimage"},"thumbnailUrl":"https:\/\/staging.forenteforlag.no\/forlaget\/wp-content\/uploads\/sites\/3\/2026\/02\/9788232804023.jpg","datePublished":"2021-09-16T00:00:00+00:00","dateModified":"2026-03-04T12:52:43+00:00","breadcrumb":{"@id":"https:\/\/staging.forenteforlag.no\/forlaget\/produkt\/speilet-og-lyset-3\/#breadcrumb"},"inLanguage":"nb-NO","potentialAction":[{"@type":"ReadAction","target":["https:\/\/staging.forenteforlag.no\/forlaget\/produkt\/speilet-og-lyset-3\/"]}]},{"@type":"ImageObject","inLanguage":"nb-NO","@id":"https:\/\/staging.forenteforlag.no\/forlaget\/produkt\/speilet-og-lyset-3\/#primaryimage","url":"https:\/\/staging.forenteforlag.no\/forlaget\/wp-content\/uploads\/sites\/3\/2026\/02\/9788232804023.jpg","contentUrl":"https:\/\/staging.forenteforlag.no\/forlaget\/wp-content\/uploads\/sites\/3\/2026\/02\/9788232804023.jpg","width":720,"height":1060},{"@type":"BreadcrumbList","@id":"https:\/\/staging.forenteforlag.no\/forlaget\/produkt\/speilet-og-lyset-3\/#breadcrumb","itemListElement":[{"@type":"ListItem","position":1,"name":"Hjem","item":"https:\/\/staging.forenteforlag.no\/forlaget\/"},{"@type":"ListItem","position":2,"name":"Alle b\u00f8ker","item":"https:\/\/staging.forenteforlag.no\/forlaget\/butikk\/"},{"@type":"ListItem","position":3,"name":"Speilet og lyset"}]},{"@type":"WebSite","@id":"https:\/\/staging.forenteforlag.no\/forlaget\/#website","url":"https:\/\/staging.forenteforlag.no\/forlaget\/","name":"Forlaget Press","description":"","publisher":{"@id":"https:\/\/staging.forenteforlag.no\/forlaget\/#organization"},"potentialAction":[{"@type":"SearchAction","target":{"@type":"EntryPoint","urlTemplate":"https:\/\/staging.forenteforlag.no\/forlaget\/?s={search_term_string}"},"query-input":{"@type":"PropertyValueSpecification","valueRequired":true,"valueName":"search_term_string"}}],"inLanguage":"nb-NO"},{"@type":"Organization","@id":"https:\/\/staging.forenteforlag.no\/forlaget\/#organization","name":"Forlaget Press","url":"https:\/\/staging.forenteforlag.no\/forlaget\/","logo":{"@type":"ImageObject","inLanguage":"nb-NO","@id":"https:\/\/staging.forenteforlag.no\/forlaget\/#\/schema\/logo\/image\/","url":"https:\/\/staging.forenteforlag.no\/forlaget\/wp-content\/uploads\/sites\/3\/2024\/09\/Press_logo.svg","contentUrl":"https:\/\/staging.forenteforlag.no\/forlaget\/wp-content\/uploads\/sites\/3\/2024\/09\/Press_logo.svg","width":100,"height":100,"caption":"Forlaget Press"},"image":{"@id":"https:\/\/staging.forenteforlag.no\/forlaget\/#\/schema\/logo\/image\/"},"sameAs":["https:\/\/www.facebook.com\/Forlagetpress"]}]}},"_links":{"self":[{"href":"https:\/\/staging.forenteforlag.no\/forlaget\/wp-json\/wp\/v2\/product\/22343","targetHints":{"allow":["GET"]}}],"collection":[{"href":"https:\/\/staging.forenteforlag.no\/forlaget\/wp-json\/wp\/v2\/product"}],"about":[{"href":"https:\/\/staging.forenteforlag.no\/forlaget\/wp-json\/wp\/v2\/types\/product"}],"wp:featuredmedia":[{"embeddable":true,"href":"https:\/\/staging.forenteforlag.no\/forlaget\/wp-json\/wp\/v2\/media\/26436"}],"wp:attachment":[{"href":"https:\/\/staging.forenteforlag.no\/forlaget\/wp-json\/wp\/v2\/media?parent=22343"}],"wp:term":[{"taxonomy":"product_brand","embeddable":true,"href":"https:\/\/staging.forenteforlag.no\/forlaget\/wp-json\/wp\/v2\/product_brand?post=22343"},{"taxonomy":"product_cat","embeddable":true,"href":"https:\/\/staging.forenteforlag.no\/forlaget\/wp-json\/wp\/v2\/product_cat?post=22343"},{"taxonomy":"product_tag","embeddable":true,"href":"https:\/\/staging.forenteforlag.no\/forlaget\/wp-json\/wp\/v2\/product_tag?post=22343"}],"curies":[{"name":"wp","href":"https:\/\/api.w.org\/{rel}","templated":true}]}}