{"id":22339,"date":"2021-02-12T01:00:00","date_gmt":"2021-02-12T00:00:00","guid":{"rendered":"https:\/\/forlagetpress.forenteforlag.no\/produkt\/oppror-3\/"},"modified":"2026-03-03T18:46:15","modified_gmt":"2026-03-03T17:46:15","slug":"oppror-3","status":"publish","type":"product","link":"https:\/\/staging.forenteforlag.no\/forlaget\/produkt\/oppror-3\/","title":{"rendered":"Oppr\u00f8r"},"content":{"rendered":"<p>Det er sommeren 1549. Henrik 8. er d\u00f8d og England er p\u00e5 vei inn i kaos og dyp splittelse. Den radikale protestantismen skaper forvirring i det religi\u00f8se liv, landet befinner seg i en h\u00e5pl\u00f8s krig mot Skottland og \u00f8konomien er i ferd med \u00e5 kollapse. Til dette kommer sult og magre \u00e5r i landbruket, og en bondestand som har f\u00e5tt nok av utbytting og griske landeiere. I hele landet vokser et bondeoppr\u00f8r i styrke og omfang. Fribonden Robert Kett samler frustrerte b\u00f8nder omkring seg i tusentalls, i et oppr\u00f8r som skal bli et av de st\u00f8rste i landets historie. P\u00e5 en h\u00f8yde utenfor Norwich oppretter de en leir og tar over makten i Englands nest st\u00f8rste by.  <\/p>\n<p>Prinsesse Elizabeth, den avd\u00f8de kongens yngste datter, har gitt Matthew Shardlake i oppdrag \u00e5 etterforske mordet p\u00e5 en slektning i Norfolk. Etterforskningen bringer Shardlake fra London og til Norwich, og snart ogs\u00e5 inn i hjertet av bondeoppr\u00f8ret: Robert Ketts stadig voksende leir p\u00e5 Mousehold Heath. Her utfordrer oppr\u00f8rslederen den rojalistisk trofaste London-advokatens syn p\u00e5 rett og galt, lov og orden. Landet st\u00e5r p\u00e5 randen av borgerkrig, i London forbereder myndighetene seg p\u00e5 krig mot oppr\u00f8rerne &#8211; og Shardlakes strategiske evner og moralske kompass stilles p\u00e5 hittil ukjente pr\u00f8ver.<\/p>\n","protected":false},"excerpt":{"rendered":"<p>Det er sommeren 1549. Henrik 8. er d\u00f8d og England er p\u00e5 vei inn i kaos og dyp splittelse. Den radikale protestantismen skaper forvirring i det religi\u00f8se liv, landet befinner seg i en h\u00e5pl\u00f8s krig mot Skottland og \u00f8konomien er i ferd med \u00e5 kollapse. Til dette kommer sult og magre \u00e5r i landbruket, og [&hellip;]<\/p>\n","protected":false},"featured_media":26433,"template":"","meta":{"_acf_changed":false,"inline_featured_image":false},"product_brand":[],"product_cat":[1781],"product_tag":[370],"class_list":{"0":"post-22339","1":"product","2":"type-product","3":"status-publish","4":"has-post-thumbnail","6":"product_cat-rabattkodekampanje","7":"product_tag-skjonnlitteratur","9":"first","10":"instock","11":"shipping-taxable","12":"purchasable","13":"product-type-simple"},"acf":{"anmeldelse":[{"tekst_anmeldelser":"\u00abAmbisi\u00f8s historisk krim der storpolitikk og den lille manns skjebne smelter sammen p\u00e5 spennende vis.\u00bb","av_anmeldelser":"Sindre Hovdenakk","terningkast":false,"kilde":"VG"},{"tekst_anmeldelser":"\u00abIkke bare en god krim, det er ogs\u00e5 en historisk roman p\u00e5 sitt beste.\u00bb","av_anmeldelser":"Maria \u00c5rolilja R\u00f8","terningkast":"<i class=\"fa-solid fa-dice-six\"><\/i>","kilde":"Adresseavisen"},{"tekst_anmeldelser":"\u00abMidtvegs i den 750 sider lange boka spurte eg meg sj\u00f8lv om det vart for langt, for omstendeleg og med for mange sidespor. Svaret blei \u00abnei\u00bb. Historia treng rom for \u00e5 f\u00e5 fram utviklinga som skjer i og rundt personane. Sansom er ein av f\u00e5 forfattarar som kan fylle eit s\u00e5 stort rom.\u00bb","av_anmeldelser":"Marta Norheim","terningkast":false,"kilde":"NRK"},{"tekst_anmeldelser":"\u00abSansom er en eminent forteller og en god veiviser gjennom de moralske dilemmaene folk stilles overfor i s\u00e5 turbulente tider. Det er et stort lerret forfatteren spenner opp, men det er interessant og spennende til siste slutt, der ogs\u00e5 kriminalg\u00e5ten f\u00e5r sin oppklaring. [...] Oversetter Lars-Erik S\u00f8rbotten har gjort en formidabel jobb med \u00e5 videreformidle det hele p\u00e5 et sobert norsk.\u00bb","av_anmeldelser":"Marit Egaas","terningkast":"<i class=\"fa-solid fa-dice-five\"><\/i>","kilde":"Stavanger Aftenblad"}]},"yoast_head":"<!-- This site is optimized with the Yoast SEO plugin v26.6 - https:\/\/yoast.com\/wordpress\/plugins\/seo\/ -->\n<title>Oppr\u00f8r - Forlaget Press<\/title>\n<meta name=\"robots\" content=\"noindex, follow, max-snippet:-1, max-image-preview:large, max-video-preview:-1\" \/>\n<meta property=\"og:locale\" content=\"nb_NO\" \/>\n<meta property=\"og:type\" content=\"article\" \/>\n<meta property=\"og:title\" content=\"Oppr\u00f8r - Forlaget Press\" \/>\n<meta property=\"og:description\" content=\"Det er sommeren 1549. Henrik 8. er d\u00f8d og England er p\u00e5 vei inn i kaos og dyp splittelse. Den radikale protestantismen skaper forvirring i det religi\u00f8se liv, landet befinner seg i en h\u00e5pl\u00f8s krig mot Skottland og \u00f8konomien er i ferd med \u00e5 kollapse. Til dette kommer sult og magre \u00e5r i landbruket, og [&hellip;]\" \/>\n<meta property=\"og:url\" content=\"https:\/\/staging.forenteforlag.no\/forlaget\/produkt\/oppror-3\/\" \/>\n<meta property=\"og:site_name\" content=\"Forlaget Press\" \/>\n<meta property=\"article:publisher\" content=\"https:\/\/www.facebook.com\/Forlagetpress\" \/>\n<meta property=\"article:modified_time\" content=\"2026-03-03T17:46:15+00:00\" \/>\n<meta property=\"og:image\" content=\"https:\/\/staging.forenteforlag.no\/forlaget\/wp-content\/uploads\/sites\/3\/2026\/02\/9788232803989.jpg\" \/>\n\t<meta property=\"og:image:width\" content=\"720\" \/>\n\t<meta property=\"og:image:height\" content=\"1067\" \/>\n\t<meta property=\"og:image:type\" content=\"image\/jpeg\" \/>\n<meta name=\"twitter:card\" content=\"summary_large_image\" \/>\n<meta name=\"twitter:label1\" content=\"Ansl. lesetid\" \/>\n\t<meta name=\"twitter:data1\" content=\"1 minutt\" \/>\n<script type=\"application\/ld+json\" class=\"yoast-schema-graph\">{\"@context\":\"https:\/\/schema.org\",\"@graph\":[{\"@type\":\"WebPage\",\"@id\":\"https:\/\/staging.forenteforlag.no\/forlaget\/produkt\/oppror-3\/\",\"url\":\"https:\/\/staging.forenteforlag.no\/forlaget\/produkt\/oppror-3\/\",\"name\":\"Oppr\u00f8r - Forlaget Press\",\"isPartOf\":{\"@id\":\"https:\/\/staging.forenteforlag.no\/forlaget\/#website\"},\"primaryImageOfPage\":{\"@id\":\"https:\/\/staging.forenteforlag.no\/forlaget\/produkt\/oppror-3\/#primaryimage\"},\"image\":{\"@id\":\"https:\/\/staging.forenteforlag.no\/forlaget\/produkt\/oppror-3\/#primaryimage\"},\"thumbnailUrl\":\"https:\/\/staging.forenteforlag.no\/forlaget\/wp-content\/uploads\/sites\/3\/2026\/02\/9788232803989.jpg\",\"datePublished\":\"2021-02-12T00:00:00+00:00\",\"dateModified\":\"2026-03-03T17:46:15+00:00\",\"breadcrumb\":{\"@id\":\"https:\/\/staging.forenteforlag.no\/forlaget\/produkt\/oppror-3\/#breadcrumb\"},\"inLanguage\":\"nb-NO\",\"potentialAction\":[{\"@type\":\"ReadAction\",\"target\":[\"https:\/\/staging.forenteforlag.no\/forlaget\/produkt\/oppror-3\/\"]}]},{\"@type\":\"ImageObject\",\"inLanguage\":\"nb-NO\",\"@id\":\"https:\/\/staging.forenteforlag.no\/forlaget\/produkt\/oppror-3\/#primaryimage\",\"url\":\"https:\/\/staging.forenteforlag.no\/forlaget\/wp-content\/uploads\/sites\/3\/2026\/02\/9788232803989.jpg\",\"contentUrl\":\"https:\/\/staging.forenteforlag.no\/forlaget\/wp-content\/uploads\/sites\/3\/2026\/02\/9788232803989.jpg\",\"width\":720,\"height\":1067},{\"@type\":\"BreadcrumbList\",\"@id\":\"https:\/\/staging.forenteforlag.no\/forlaget\/produkt\/oppror-3\/#breadcrumb\",\"itemListElement\":[{\"@type\":\"ListItem\",\"position\":1,\"name\":\"Hjem\",\"item\":\"https:\/\/staging.forenteforlag.no\/forlaget\/\"},{\"@type\":\"ListItem\",\"position\":2,\"name\":\"Alle b\u00f8ker\",\"item\":\"https:\/\/staging.forenteforlag.no\/forlaget\/butikk\/\"},{\"@type\":\"ListItem\",\"position\":3,\"name\":\"Oppr\u00f8r\"}]},{\"@type\":\"WebSite\",\"@id\":\"https:\/\/staging.forenteforlag.no\/forlaget\/#website\",\"url\":\"https:\/\/staging.forenteforlag.no\/forlaget\/\",\"name\":\"Forlaget Press\",\"description\":\"\",\"publisher\":{\"@id\":\"https:\/\/staging.forenteforlag.no\/forlaget\/#organization\"},\"potentialAction\":[{\"@type\":\"SearchAction\",\"target\":{\"@type\":\"EntryPoint\",\"urlTemplate\":\"https:\/\/staging.forenteforlag.no\/forlaget\/?s={search_term_string}\"},\"query-input\":{\"@type\":\"PropertyValueSpecification\",\"valueRequired\":true,\"valueName\":\"search_term_string\"}}],\"inLanguage\":\"nb-NO\"},{\"@type\":\"Organization\",\"@id\":\"https:\/\/staging.forenteforlag.no\/forlaget\/#organization\",\"name\":\"Forlaget Press\",\"url\":\"https:\/\/staging.forenteforlag.no\/forlaget\/\",\"logo\":{\"@type\":\"ImageObject\",\"inLanguage\":\"nb-NO\",\"@id\":\"https:\/\/staging.forenteforlag.no\/forlaget\/#\/schema\/logo\/image\/\",\"url\":\"https:\/\/staging.forenteforlag.no\/forlaget\/wp-content\/uploads\/sites\/3\/2024\/09\/Press_logo.svg\",\"contentUrl\":\"https:\/\/staging.forenteforlag.no\/forlaget\/wp-content\/uploads\/sites\/3\/2024\/09\/Press_logo.svg\",\"width\":100,\"height\":100,\"caption\":\"Forlaget Press\"},\"image\":{\"@id\":\"https:\/\/staging.forenteforlag.no\/forlaget\/#\/schema\/logo\/image\/\"},\"sameAs\":[\"https:\/\/www.facebook.com\/Forlagetpress\"]}]}<\/script>\n<!-- \/ Yoast SEO plugin. -->","yoast_head_json":{"title":"Oppr\u00f8r - Forlaget Press","robots":{"index":"noindex","follow":"follow","max-snippet":"max-snippet:-1","max-image-preview":"max-image-preview:large","max-video-preview":"max-video-preview:-1"},"og_locale":"nb_NO","og_type":"article","og_title":"Oppr\u00f8r - Forlaget Press","og_description":"Det er sommeren 1549. Henrik 8. er d\u00f8d og England er p\u00e5 vei inn i kaos og dyp splittelse. Den radikale protestantismen skaper forvirring i det religi\u00f8se liv, landet befinner seg i en h\u00e5pl\u00f8s krig mot Skottland og \u00f8konomien er i ferd med \u00e5 kollapse. Til dette kommer sult og magre \u00e5r i landbruket, og [&hellip;]","og_url":"https:\/\/staging.forenteforlag.no\/forlaget\/produkt\/oppror-3\/","og_site_name":"Forlaget Press","article_publisher":"https:\/\/www.facebook.com\/Forlagetpress","article_modified_time":"2026-03-03T17:46:15+00:00","og_image":[{"width":720,"height":1067,"url":"https:\/\/staging.forenteforlag.no\/forlaget\/wp-content\/uploads\/sites\/3\/2026\/02\/9788232803989.jpg","type":"image\/jpeg"}],"twitter_card":"summary_large_image","twitter_misc":{"Ansl. lesetid":"1 minutt"},"schema":{"@context":"https:\/\/schema.org","@graph":[{"@type":"WebPage","@id":"https:\/\/staging.forenteforlag.no\/forlaget\/produkt\/oppror-3\/","url":"https:\/\/staging.forenteforlag.no\/forlaget\/produkt\/oppror-3\/","name":"Oppr\u00f8r - Forlaget Press","isPartOf":{"@id":"https:\/\/staging.forenteforlag.no\/forlaget\/#website"},"primaryImageOfPage":{"@id":"https:\/\/staging.forenteforlag.no\/forlaget\/produkt\/oppror-3\/#primaryimage"},"image":{"@id":"https:\/\/staging.forenteforlag.no\/forlaget\/produkt\/oppror-3\/#primaryimage"},"thumbnailUrl":"https:\/\/staging.forenteforlag.no\/forlaget\/wp-content\/uploads\/sites\/3\/2026\/02\/9788232803989.jpg","datePublished":"2021-02-12T00:00:00+00:00","dateModified":"2026-03-03T17:46:15+00:00","breadcrumb":{"@id":"https:\/\/staging.forenteforlag.no\/forlaget\/produkt\/oppror-3\/#breadcrumb"},"inLanguage":"nb-NO","potentialAction":[{"@type":"ReadAction","target":["https:\/\/staging.forenteforlag.no\/forlaget\/produkt\/oppror-3\/"]}]},{"@type":"ImageObject","inLanguage":"nb-NO","@id":"https:\/\/staging.forenteforlag.no\/forlaget\/produkt\/oppror-3\/#primaryimage","url":"https:\/\/staging.forenteforlag.no\/forlaget\/wp-content\/uploads\/sites\/3\/2026\/02\/9788232803989.jpg","contentUrl":"https:\/\/staging.forenteforlag.no\/forlaget\/wp-content\/uploads\/sites\/3\/2026\/02\/9788232803989.jpg","width":720,"height":1067},{"@type":"BreadcrumbList","@id":"https:\/\/staging.forenteforlag.no\/forlaget\/produkt\/oppror-3\/#breadcrumb","itemListElement":[{"@type":"ListItem","position":1,"name":"Hjem","item":"https:\/\/staging.forenteforlag.no\/forlaget\/"},{"@type":"ListItem","position":2,"name":"Alle b\u00f8ker","item":"https:\/\/staging.forenteforlag.no\/forlaget\/butikk\/"},{"@type":"ListItem","position":3,"name":"Oppr\u00f8r"}]},{"@type":"WebSite","@id":"https:\/\/staging.forenteforlag.no\/forlaget\/#website","url":"https:\/\/staging.forenteforlag.no\/forlaget\/","name":"Forlaget Press","description":"","publisher":{"@id":"https:\/\/staging.forenteforlag.no\/forlaget\/#organization"},"potentialAction":[{"@type":"SearchAction","target":{"@type":"EntryPoint","urlTemplate":"https:\/\/staging.forenteforlag.no\/forlaget\/?s={search_term_string}"},"query-input":{"@type":"PropertyValueSpecification","valueRequired":true,"valueName":"search_term_string"}}],"inLanguage":"nb-NO"},{"@type":"Organization","@id":"https:\/\/staging.forenteforlag.no\/forlaget\/#organization","name":"Forlaget Press","url":"https:\/\/staging.forenteforlag.no\/forlaget\/","logo":{"@type":"ImageObject","inLanguage":"nb-NO","@id":"https:\/\/staging.forenteforlag.no\/forlaget\/#\/schema\/logo\/image\/","url":"https:\/\/staging.forenteforlag.no\/forlaget\/wp-content\/uploads\/sites\/3\/2024\/09\/Press_logo.svg","contentUrl":"https:\/\/staging.forenteforlag.no\/forlaget\/wp-content\/uploads\/sites\/3\/2024\/09\/Press_logo.svg","width":100,"height":100,"caption":"Forlaget Press"},"image":{"@id":"https:\/\/staging.forenteforlag.no\/forlaget\/#\/schema\/logo\/image\/"},"sameAs":["https:\/\/www.facebook.com\/Forlagetpress"]}]}},"_links":{"self":[{"href":"https:\/\/staging.forenteforlag.no\/forlaget\/wp-json\/wp\/v2\/product\/22339","targetHints":{"allow":["GET"]}}],"collection":[{"href":"https:\/\/staging.forenteforlag.no\/forlaget\/wp-json\/wp\/v2\/product"}],"about":[{"href":"https:\/\/staging.forenteforlag.no\/forlaget\/wp-json\/wp\/v2\/types\/product"}],"wp:featuredmedia":[{"embeddable":true,"href":"https:\/\/staging.forenteforlag.no\/forlaget\/wp-json\/wp\/v2\/media\/26433"}],"wp:attachment":[{"href":"https:\/\/staging.forenteforlag.no\/forlaget\/wp-json\/wp\/v2\/media?parent=22339"}],"wp:term":[{"taxonomy":"product_brand","embeddable":true,"href":"https:\/\/staging.forenteforlag.no\/forlaget\/wp-json\/wp\/v2\/product_brand?post=22339"},{"taxonomy":"product_cat","embeddable":true,"href":"https:\/\/staging.forenteforlag.no\/forlaget\/wp-json\/wp\/v2\/product_cat?post=22339"},{"taxonomy":"product_tag","embeddable":true,"href":"https:\/\/staging.forenteforlag.no\/forlaget\/wp-json\/wp\/v2\/product_tag?post=22339"}],"curies":[{"name":"wp","href":"https:\/\/api.w.org\/{rel}","templated":true}]}}