{"id":22327,"date":"2021-02-12T01:00:00","date_gmt":"2021-02-12T00:00:00","guid":{"rendered":"https:\/\/forlagetpress.forenteforlag.no\/produkt\/risiko-3\/"},"modified":"2026-03-04T13:52:22","modified_gmt":"2026-03-04T12:52:22","slug":"risiko-3","status":"publish","type":"product","link":"https:\/\/staging.forenteforlag.no\/forlaget\/produkt\/risiko-3\/","title":{"rendered":"Risiko"},"content":{"rendered":"<p>Liv Eriksson er psykolog og har arbeidet i noen av verdens t\u00f8ffeste konfliktomr\u00e5der, men n\u00e5r kj\u00e6resten Olav faller i d\u00f8den mens de er p\u00e5 klatreferie i Thailand, bryter hun sammen og isolerer seg. P\u00e5 nettet ligger en film som viser fallet. Noen der ute vet hva som egentlig skjedde da han d\u00f8de. Olav var spesialetterforsker i \u00d8kokrim og hadde hemmeligheter som hverken hun eller hans kolleger visste om. Kjente hun ham egentlig? Jakten p\u00e5 sannheten tar henne p\u00e5 en reise, til M\u00fcnchen, Kypros, Beirut, som blir stadig farligere etter hvert som hun n\u00e6rmer seg avsl\u00f8ringen av en forbrytelse av spektakul\u00e6re dimensjoner. <\/p>\n<p>\u00abSven G. Simonsen er en erfaren skribent som leverer en veldreid r\u00f8verroman med stort tempo, interessante tema og en supert\u00f8ff kvinnelig helt.\u00bb Marit Egaas, Stavanger Aftenblad <\/p>\n<p>\u00abEn halsbrekkende actionthriller av beste merke\u00bb Krimforfatter Geir Tangen [Terningkast 5] <\/p>\n<p>\u00abTerningkast 5+\u00bb Jon Gangdal &#8211; forfatter og Everest-bestiger <\/p>\n<p>\u00abDet var ikke mulig \u00e5 f\u00e5 kontakt med meg den dagen jeg leste denne boken. &#8230; en bok som virkelig tar pusten fra deg\u00bb Tine sin blogg &#8211; Tine Sundal [Terningkast 6]  <\/p>\n<p>\u00abJeg lar meg underholde. Hele veien. Fra Gr\u00fcnerl\u00f8kka til Thailand, fra Kypros til Beirut, sammen med denne superkvinnen som f\u00e5r selv Lara Croft til \u00e5 fremst\u00e5 som en bleik amat\u00f8r\u00bb Bj\u00f8rnebok [Terningkast 5]<\/p>\n","protected":false},"excerpt":{"rendered":"<p>Liv Eriksson er psykolog og har arbeidet i noen av verdens t\u00f8ffeste konfliktomr\u00e5der, men n\u00e5r kj\u00e6resten Olav faller i d\u00f8den mens de er p\u00e5 klatreferie i Thailand, bryter hun sammen og isolerer seg. P\u00e5 nettet ligger en film som viser fallet. Noen der ute vet hva som egentlig skjedde da han d\u00f8de. Olav var spesialetterforsker [&hellip;]<\/p>\n","protected":false},"featured_media":26432,"template":"","meta":{"_acf_changed":false,"inline_featured_image":false},"product_brand":[],"product_cat":[1781],"product_tag":[1095,874,1732,370],"class_list":{"0":"post-22327","1":"product","2":"type-product","3":"status-publish","4":"has-post-thumbnail","6":"product_cat-rabattkodekampanje","7":"product_tag-grafiske-romaner","8":"product_tag-okonomisk-kriminalitet","9":"product_tag-psykologiske-thrillere","10":"product_tag-skjonnlitteratur","12":"first","13":"instock","14":"shipping-taxable","15":"purchasable","16":"product-type-simple"},"acf":{"anmeldelse":[{"tekst_anmeldelser":"\u00abI Risiko er klatringen befriende korrekt beskrevet, og akkurat s\u00e5 spennende og dirrende som sporten kan v\u00e6re p\u00e5 sitt beste \u2013 og som resten av fortellingen i boken.\u00bb","av_anmeldelser":"Jon Gangdal, forfatter og Everst-bestiger","terningkast":"<i class=\"fa-solid fa-dice-five\"><\/i>","kilde":"magasinet Klatring"},{"tekst_anmeldelser":"\u00abSven G. Simonsen er en erfaren skribent som leverer en veldreid r\u00f8verroman med stort tempo, interessante tema og en supert\u00f8ff kvinnelig helt.\u00bb","av_anmeldelser":"Marit Egaas","terningkast":false,"kilde":"Stavanger Aftenblad"}]},"yoast_head":"<!-- This site is optimized with the Yoast SEO plugin v26.6 - https:\/\/yoast.com\/wordpress\/plugins\/seo\/ -->\n<title>Risiko - Forlaget Press<\/title>\n<meta name=\"robots\" content=\"noindex, follow, max-snippet:-1, max-image-preview:large, max-video-preview:-1\" \/>\n<meta property=\"og:locale\" content=\"nb_NO\" \/>\n<meta property=\"og:type\" content=\"article\" \/>\n<meta property=\"og:title\" content=\"Risiko - Forlaget Press\" \/>\n<meta property=\"og:description\" content=\"Liv Eriksson er psykolog og har arbeidet i noen av verdens t\u00f8ffeste konfliktomr\u00e5der, men n\u00e5r kj\u00e6resten Olav faller i d\u00f8den mens de er p\u00e5 klatreferie i Thailand, bryter hun sammen og isolerer seg. P\u00e5 nettet ligger en film som viser fallet. Noen der ute vet hva som egentlig skjedde da han d\u00f8de. Olav var spesialetterforsker [&hellip;]\" \/>\n<meta property=\"og:url\" content=\"https:\/\/staging.forenteforlag.no\/forlaget\/produkt\/risiko-3\/\" \/>\n<meta property=\"og:site_name\" content=\"Forlaget Press\" \/>\n<meta property=\"article:publisher\" content=\"https:\/\/www.facebook.com\/Forlagetpress\" \/>\n<meta property=\"article:modified_time\" content=\"2026-03-04T12:52:22+00:00\" \/>\n<meta property=\"og:image\" content=\"https:\/\/staging.forenteforlag.no\/forlaget\/wp-content\/uploads\/sites\/3\/2026\/02\/9788232803972.jpg\" \/>\n\t<meta property=\"og:image:width\" content=\"720\" \/>\n\t<meta property=\"og:image:height\" content=\"1067\" \/>\n\t<meta property=\"og:image:type\" content=\"image\/jpeg\" \/>\n<meta name=\"twitter:card\" content=\"summary_large_image\" \/>\n<meta name=\"twitter:label1\" content=\"Ansl. lesetid\" \/>\n\t<meta name=\"twitter:data1\" content=\"1 minutt\" \/>\n<script type=\"application\/ld+json\" class=\"yoast-schema-graph\">{\"@context\":\"https:\/\/schema.org\",\"@graph\":[{\"@type\":\"WebPage\",\"@id\":\"https:\/\/staging.forenteforlag.no\/forlaget\/produkt\/risiko-3\/\",\"url\":\"https:\/\/staging.forenteforlag.no\/forlaget\/produkt\/risiko-3\/\",\"name\":\"Risiko - Forlaget Press\",\"isPartOf\":{\"@id\":\"https:\/\/staging.forenteforlag.no\/forlaget\/#website\"},\"primaryImageOfPage\":{\"@id\":\"https:\/\/staging.forenteforlag.no\/forlaget\/produkt\/risiko-3\/#primaryimage\"},\"image\":{\"@id\":\"https:\/\/staging.forenteforlag.no\/forlaget\/produkt\/risiko-3\/#primaryimage\"},\"thumbnailUrl\":\"https:\/\/staging.forenteforlag.no\/forlaget\/wp-content\/uploads\/sites\/3\/2026\/02\/9788232803972.jpg\",\"datePublished\":\"2021-02-12T00:00:00+00:00\",\"dateModified\":\"2026-03-04T12:52:22+00:00\",\"breadcrumb\":{\"@id\":\"https:\/\/staging.forenteforlag.no\/forlaget\/produkt\/risiko-3\/#breadcrumb\"},\"inLanguage\":\"nb-NO\",\"potentialAction\":[{\"@type\":\"ReadAction\",\"target\":[\"https:\/\/staging.forenteforlag.no\/forlaget\/produkt\/risiko-3\/\"]}]},{\"@type\":\"ImageObject\",\"inLanguage\":\"nb-NO\",\"@id\":\"https:\/\/staging.forenteforlag.no\/forlaget\/produkt\/risiko-3\/#primaryimage\",\"url\":\"https:\/\/staging.forenteforlag.no\/forlaget\/wp-content\/uploads\/sites\/3\/2026\/02\/9788232803972.jpg\",\"contentUrl\":\"https:\/\/staging.forenteforlag.no\/forlaget\/wp-content\/uploads\/sites\/3\/2026\/02\/9788232803972.jpg\",\"width\":720,\"height\":1067},{\"@type\":\"BreadcrumbList\",\"@id\":\"https:\/\/staging.forenteforlag.no\/forlaget\/produkt\/risiko-3\/#breadcrumb\",\"itemListElement\":[{\"@type\":\"ListItem\",\"position\":1,\"name\":\"Hjem\",\"item\":\"https:\/\/staging.forenteforlag.no\/forlaget\/\"},{\"@type\":\"ListItem\",\"position\":2,\"name\":\"Alle b\u00f8ker\",\"item\":\"https:\/\/staging.forenteforlag.no\/forlaget\/butikk\/\"},{\"@type\":\"ListItem\",\"position\":3,\"name\":\"Risiko\"}]},{\"@type\":\"WebSite\",\"@id\":\"https:\/\/staging.forenteforlag.no\/forlaget\/#website\",\"url\":\"https:\/\/staging.forenteforlag.no\/forlaget\/\",\"name\":\"Forlaget Press\",\"description\":\"\",\"publisher\":{\"@id\":\"https:\/\/staging.forenteforlag.no\/forlaget\/#organization\"},\"potentialAction\":[{\"@type\":\"SearchAction\",\"target\":{\"@type\":\"EntryPoint\",\"urlTemplate\":\"https:\/\/staging.forenteforlag.no\/forlaget\/?s={search_term_string}\"},\"query-input\":{\"@type\":\"PropertyValueSpecification\",\"valueRequired\":true,\"valueName\":\"search_term_string\"}}],\"inLanguage\":\"nb-NO\"},{\"@type\":\"Organization\",\"@id\":\"https:\/\/staging.forenteforlag.no\/forlaget\/#organization\",\"name\":\"Forlaget Press\",\"url\":\"https:\/\/staging.forenteforlag.no\/forlaget\/\",\"logo\":{\"@type\":\"ImageObject\",\"inLanguage\":\"nb-NO\",\"@id\":\"https:\/\/staging.forenteforlag.no\/forlaget\/#\/schema\/logo\/image\/\",\"url\":\"https:\/\/staging.forenteforlag.no\/forlaget\/wp-content\/uploads\/sites\/3\/2024\/09\/Press_logo.svg\",\"contentUrl\":\"https:\/\/staging.forenteforlag.no\/forlaget\/wp-content\/uploads\/sites\/3\/2024\/09\/Press_logo.svg\",\"width\":100,\"height\":100,\"caption\":\"Forlaget Press\"},\"image\":{\"@id\":\"https:\/\/staging.forenteforlag.no\/forlaget\/#\/schema\/logo\/image\/\"},\"sameAs\":[\"https:\/\/www.facebook.com\/Forlagetpress\"]}]}<\/script>\n<!-- \/ Yoast SEO plugin. -->","yoast_head_json":{"title":"Risiko - Forlaget Press","robots":{"index":"noindex","follow":"follow","max-snippet":"max-snippet:-1","max-image-preview":"max-image-preview:large","max-video-preview":"max-video-preview:-1"},"og_locale":"nb_NO","og_type":"article","og_title":"Risiko - Forlaget Press","og_description":"Liv Eriksson er psykolog og har arbeidet i noen av verdens t\u00f8ffeste konfliktomr\u00e5der, men n\u00e5r kj\u00e6resten Olav faller i d\u00f8den mens de er p\u00e5 klatreferie i Thailand, bryter hun sammen og isolerer seg. P\u00e5 nettet ligger en film som viser fallet. Noen der ute vet hva som egentlig skjedde da han d\u00f8de. Olav var spesialetterforsker [&hellip;]","og_url":"https:\/\/staging.forenteforlag.no\/forlaget\/produkt\/risiko-3\/","og_site_name":"Forlaget Press","article_publisher":"https:\/\/www.facebook.com\/Forlagetpress","article_modified_time":"2026-03-04T12:52:22+00:00","og_image":[{"width":720,"height":1067,"url":"https:\/\/staging.forenteforlag.no\/forlaget\/wp-content\/uploads\/sites\/3\/2026\/02\/9788232803972.jpg","type":"image\/jpeg"}],"twitter_card":"summary_large_image","twitter_misc":{"Ansl. lesetid":"1 minutt"},"schema":{"@context":"https:\/\/schema.org","@graph":[{"@type":"WebPage","@id":"https:\/\/staging.forenteforlag.no\/forlaget\/produkt\/risiko-3\/","url":"https:\/\/staging.forenteforlag.no\/forlaget\/produkt\/risiko-3\/","name":"Risiko - Forlaget Press","isPartOf":{"@id":"https:\/\/staging.forenteforlag.no\/forlaget\/#website"},"primaryImageOfPage":{"@id":"https:\/\/staging.forenteforlag.no\/forlaget\/produkt\/risiko-3\/#primaryimage"},"image":{"@id":"https:\/\/staging.forenteforlag.no\/forlaget\/produkt\/risiko-3\/#primaryimage"},"thumbnailUrl":"https:\/\/staging.forenteforlag.no\/forlaget\/wp-content\/uploads\/sites\/3\/2026\/02\/9788232803972.jpg","datePublished":"2021-02-12T00:00:00+00:00","dateModified":"2026-03-04T12:52:22+00:00","breadcrumb":{"@id":"https:\/\/staging.forenteforlag.no\/forlaget\/produkt\/risiko-3\/#breadcrumb"},"inLanguage":"nb-NO","potentialAction":[{"@type":"ReadAction","target":["https:\/\/staging.forenteforlag.no\/forlaget\/produkt\/risiko-3\/"]}]},{"@type":"ImageObject","inLanguage":"nb-NO","@id":"https:\/\/staging.forenteforlag.no\/forlaget\/produkt\/risiko-3\/#primaryimage","url":"https:\/\/staging.forenteforlag.no\/forlaget\/wp-content\/uploads\/sites\/3\/2026\/02\/9788232803972.jpg","contentUrl":"https:\/\/staging.forenteforlag.no\/forlaget\/wp-content\/uploads\/sites\/3\/2026\/02\/9788232803972.jpg","width":720,"height":1067},{"@type":"BreadcrumbList","@id":"https:\/\/staging.forenteforlag.no\/forlaget\/produkt\/risiko-3\/#breadcrumb","itemListElement":[{"@type":"ListItem","position":1,"name":"Hjem","item":"https:\/\/staging.forenteforlag.no\/forlaget\/"},{"@type":"ListItem","position":2,"name":"Alle b\u00f8ker","item":"https:\/\/staging.forenteforlag.no\/forlaget\/butikk\/"},{"@type":"ListItem","position":3,"name":"Risiko"}]},{"@type":"WebSite","@id":"https:\/\/staging.forenteforlag.no\/forlaget\/#website","url":"https:\/\/staging.forenteforlag.no\/forlaget\/","name":"Forlaget Press","description":"","publisher":{"@id":"https:\/\/staging.forenteforlag.no\/forlaget\/#organization"},"potentialAction":[{"@type":"SearchAction","target":{"@type":"EntryPoint","urlTemplate":"https:\/\/staging.forenteforlag.no\/forlaget\/?s={search_term_string}"},"query-input":{"@type":"PropertyValueSpecification","valueRequired":true,"valueName":"search_term_string"}}],"inLanguage":"nb-NO"},{"@type":"Organization","@id":"https:\/\/staging.forenteforlag.no\/forlaget\/#organization","name":"Forlaget Press","url":"https:\/\/staging.forenteforlag.no\/forlaget\/","logo":{"@type":"ImageObject","inLanguage":"nb-NO","@id":"https:\/\/staging.forenteforlag.no\/forlaget\/#\/schema\/logo\/image\/","url":"https:\/\/staging.forenteforlag.no\/forlaget\/wp-content\/uploads\/sites\/3\/2024\/09\/Press_logo.svg","contentUrl":"https:\/\/staging.forenteforlag.no\/forlaget\/wp-content\/uploads\/sites\/3\/2024\/09\/Press_logo.svg","width":100,"height":100,"caption":"Forlaget Press"},"image":{"@id":"https:\/\/staging.forenteforlag.no\/forlaget\/#\/schema\/logo\/image\/"},"sameAs":["https:\/\/www.facebook.com\/Forlagetpress"]}]}},"_links":{"self":[{"href":"https:\/\/staging.forenteforlag.no\/forlaget\/wp-json\/wp\/v2\/product\/22327","targetHints":{"allow":["GET"]}}],"collection":[{"href":"https:\/\/staging.forenteforlag.no\/forlaget\/wp-json\/wp\/v2\/product"}],"about":[{"href":"https:\/\/staging.forenteforlag.no\/forlaget\/wp-json\/wp\/v2\/types\/product"}],"wp:featuredmedia":[{"embeddable":true,"href":"https:\/\/staging.forenteforlag.no\/forlaget\/wp-json\/wp\/v2\/media\/26432"}],"wp:attachment":[{"href":"https:\/\/staging.forenteforlag.no\/forlaget\/wp-json\/wp\/v2\/media?parent=22327"}],"wp:term":[{"taxonomy":"product_brand","embeddable":true,"href":"https:\/\/staging.forenteforlag.no\/forlaget\/wp-json\/wp\/v2\/product_brand?post=22327"},{"taxonomy":"product_cat","embeddable":true,"href":"https:\/\/staging.forenteforlag.no\/forlaget\/wp-json\/wp\/v2\/product_cat?post=22327"},{"taxonomy":"product_tag","embeddable":true,"href":"https:\/\/staging.forenteforlag.no\/forlaget\/wp-json\/wp\/v2\/product_tag?post=22327"}],"curies":[{"name":"wp","href":"https:\/\/api.w.org\/{rel}","templated":true}]}}