{"id":22323,"date":"2021-02-19T01:00:00","date_gmt":"2021-02-19T00:00:00","guid":{"rendered":"https:\/\/forlagetpress.forenteforlag.no\/produkt\/sa-den-store-fuglen-ikke-tar-deg-2\/"},"modified":"2026-03-04T13:51:39","modified_gmt":"2026-03-04T12:51:39","slug":"sa-den-store-fuglen-ikke-tar-deg-2","status":"publish","type":"product","link":"https:\/\/staging.forenteforlag.no\/forlaget\/produkt\/sa-den-store-fuglen-ikke-tar-deg-2\/","title":{"rendered":"S\u00e5 den store fuglen ikke tar deg"},"content":{"rendered":"<p>I en fjern fremtid hvor menneskeheten st\u00e5r p\u00e5 randen av utryddelse, iverksettes et desperat, verdensomspennende prosjekt: For \u00e5 stimulere fremveksten av nye menneskeslag isoleres verdens befolkninger og forhindres i \u00e5 ha kontakt med hverandre. <\/p>\n<p>S\u00e5 den store fuglen ikke tar deg er en grensel\u00f8st ambisi\u00f8s og samtidig forbausende jordn\u00e6r roman der Hiromi Kawakami p\u00e5 sitt urokkelig stillfarne vis utfordrer ideen om en menneskehet i evig vekst. Ulike fortellerstemmer veves sammen og viser oss en uoversiktlig fremtid der menneskeheten m\u00e5 forsone seg med \u00e5 ikke lenger v\u00e6re naturens midtpunkt.<\/p>\n","protected":false},"excerpt":{"rendered":"<p>I en fjern fremtid hvor menneskeheten st\u00e5r p\u00e5 randen av utryddelse, iverksettes et desperat, verdensomspennende prosjekt: For \u00e5 stimulere fremveksten av nye menneskeslag isoleres verdens befolkninger og forhindres i \u00e5 ha kontakt med hverandre. S\u00e5 den store fuglen ikke tar deg er en grensel\u00f8st ambisi\u00f8s og samtidig forbausende jordn\u00e6r roman der Hiromi Kawakami p\u00e5 sitt [&hellip;]<\/p>\n","protected":false},"featured_media":26424,"template":"","meta":{"_acf_changed":false,"inline_featured_image":false},"product_brand":[],"product_cat":[1781],"product_tag":[1095,615,370],"class_list":{"0":"post-22323","1":"product","2":"type-product","3":"status-publish","4":"has-post-thumbnail","6":"product_cat-rabattkodekampanje","7":"product_tag-grafiske-romaner","8":"product_tag-science-fiction","9":"product_tag-skjonnlitteratur","11":"first","12":"instock","13":"shipping-taxable","14":"purchasable","15":"product-type-simple"},"acf":{"anmeldelse":[{"tekst_anmeldelser":"\u00abS\u00e5 den store fuglen ikke tar deg er en smart og kompleks fortelling, med mye t\u00f8rrvittig humor. Magne T\u00f8rrings norske oversettelse ser ut til \u00e5 yte originalen rettferdighet, med ulik tone tilpasset de ulike fortellerstemmene. Romanen vil garantert irritere lesere som syns den tar for lang tid til \u00e5 komme til poenget, og at den spriker i altfor mange retninger \u2013 men glede lesere som verdsetter originale sammenstillinger og uvante tanker desto mer.\u00bb","av_anmeldelser":"Gerd Elin Stava Sandve","terningkast":false,"kilde":"Dagsavisen"},{"tekst_anmeldelser":"\u00abSom Atwood kjennetegnes Kawakami av en sjelden evne til \u00e5 fantasere med biologi og gen-modifikasjon som grunnlag. Og fortellingen hun skaper, er intet mindre enn fantastisk, i enhver forstand av ordet.\u00bb","av_anmeldelser":"Ane Farseth\u00e5s","terningkast":false,"kilde":"Morgenbladet"},{"tekst_anmeldelser":"\u00abDet er lenge siden jeg har lest en s\u00e5 underlig bok som Kawakamis \u2013 men det er ogs\u00e5 lenge siden jeg har lest noe som til de grader f\u00e5r meg til \u00e5 tenke over hva som kjennetegner oss mennesker.\u00bb","av_anmeldelser":"Kjetil R\u00f8ed","terningkast":false,"kilde":"V\u00e5rt Land"}]},"yoast_head":"<!-- This site is optimized with the Yoast SEO plugin v26.6 - https:\/\/yoast.com\/wordpress\/plugins\/seo\/ -->\n<title>S\u00e5 den store fuglen ikke tar deg - Forlaget Press<\/title>\n<meta name=\"robots\" content=\"noindex, follow, max-snippet:-1, max-image-preview:large, max-video-preview:-1\" \/>\n<meta property=\"og:locale\" content=\"nb_NO\" \/>\n<meta property=\"og:type\" content=\"article\" \/>\n<meta property=\"og:title\" content=\"S\u00e5 den store fuglen ikke tar deg - Forlaget Press\" \/>\n<meta property=\"og:description\" content=\"I en fjern fremtid hvor menneskeheten st\u00e5r p\u00e5 randen av utryddelse, iverksettes et desperat, verdensomspennende prosjekt: For \u00e5 stimulere fremveksten av nye menneskeslag isoleres verdens befolkninger og forhindres i \u00e5 ha kontakt med hverandre. S\u00e5 den store fuglen ikke tar deg er en grensel\u00f8st ambisi\u00f8s og samtidig forbausende jordn\u00e6r roman der Hiromi Kawakami p\u00e5 sitt [&hellip;]\" \/>\n<meta property=\"og:url\" content=\"https:\/\/staging.forenteforlag.no\/forlaget\/produkt\/sa-den-store-fuglen-ikke-tar-deg-2\/\" \/>\n<meta property=\"og:site_name\" content=\"Forlaget Press\" \/>\n<meta property=\"article:publisher\" content=\"https:\/\/www.facebook.com\/Forlagetpress\" \/>\n<meta property=\"article:modified_time\" content=\"2026-03-04T12:51:39+00:00\" \/>\n<meta property=\"og:image\" content=\"https:\/\/staging.forenteforlag.no\/forlaget\/wp-content\/uploads\/sites\/3\/2026\/02\/9788232803897.jpg\" \/>\n\t<meta property=\"og:image:width\" content=\"720\" \/>\n\t<meta property=\"og:image:height\" content=\"1071\" \/>\n\t<meta property=\"og:image:type\" content=\"image\/jpeg\" \/>\n<meta name=\"twitter:card\" content=\"summary_large_image\" \/>\n<script type=\"application\/ld+json\" class=\"yoast-schema-graph\">{\"@context\":\"https:\/\/schema.org\",\"@graph\":[{\"@type\":\"WebPage\",\"@id\":\"https:\/\/staging.forenteforlag.no\/forlaget\/produkt\/sa-den-store-fuglen-ikke-tar-deg-2\/\",\"url\":\"https:\/\/staging.forenteforlag.no\/forlaget\/produkt\/sa-den-store-fuglen-ikke-tar-deg-2\/\",\"name\":\"S\u00e5 den store fuglen ikke tar deg - Forlaget Press\",\"isPartOf\":{\"@id\":\"https:\/\/staging.forenteforlag.no\/forlaget\/#website\"},\"primaryImageOfPage\":{\"@id\":\"https:\/\/staging.forenteforlag.no\/forlaget\/produkt\/sa-den-store-fuglen-ikke-tar-deg-2\/#primaryimage\"},\"image\":{\"@id\":\"https:\/\/staging.forenteforlag.no\/forlaget\/produkt\/sa-den-store-fuglen-ikke-tar-deg-2\/#primaryimage\"},\"thumbnailUrl\":\"https:\/\/staging.forenteforlag.no\/forlaget\/wp-content\/uploads\/sites\/3\/2026\/02\/9788232803897.jpg\",\"datePublished\":\"2021-02-19T00:00:00+00:00\",\"dateModified\":\"2026-03-04T12:51:39+00:00\",\"breadcrumb\":{\"@id\":\"https:\/\/staging.forenteforlag.no\/forlaget\/produkt\/sa-den-store-fuglen-ikke-tar-deg-2\/#breadcrumb\"},\"inLanguage\":\"nb-NO\",\"potentialAction\":[{\"@type\":\"ReadAction\",\"target\":[\"https:\/\/staging.forenteforlag.no\/forlaget\/produkt\/sa-den-store-fuglen-ikke-tar-deg-2\/\"]}]},{\"@type\":\"ImageObject\",\"inLanguage\":\"nb-NO\",\"@id\":\"https:\/\/staging.forenteforlag.no\/forlaget\/produkt\/sa-den-store-fuglen-ikke-tar-deg-2\/#primaryimage\",\"url\":\"https:\/\/staging.forenteforlag.no\/forlaget\/wp-content\/uploads\/sites\/3\/2026\/02\/9788232803897.jpg\",\"contentUrl\":\"https:\/\/staging.forenteforlag.no\/forlaget\/wp-content\/uploads\/sites\/3\/2026\/02\/9788232803897.jpg\",\"width\":720,\"height\":1071},{\"@type\":\"BreadcrumbList\",\"@id\":\"https:\/\/staging.forenteforlag.no\/forlaget\/produkt\/sa-den-store-fuglen-ikke-tar-deg-2\/#breadcrumb\",\"itemListElement\":[{\"@type\":\"ListItem\",\"position\":1,\"name\":\"Hjem\",\"item\":\"https:\/\/staging.forenteforlag.no\/forlaget\/\"},{\"@type\":\"ListItem\",\"position\":2,\"name\":\"Alle b\u00f8ker\",\"item\":\"https:\/\/staging.forenteforlag.no\/forlaget\/butikk\/\"},{\"@type\":\"ListItem\",\"position\":3,\"name\":\"S\u00e5 den store fuglen ikke tar deg\"}]},{\"@type\":\"WebSite\",\"@id\":\"https:\/\/staging.forenteforlag.no\/forlaget\/#website\",\"url\":\"https:\/\/staging.forenteforlag.no\/forlaget\/\",\"name\":\"Forlaget Press\",\"description\":\"\",\"publisher\":{\"@id\":\"https:\/\/staging.forenteforlag.no\/forlaget\/#organization\"},\"potentialAction\":[{\"@type\":\"SearchAction\",\"target\":{\"@type\":\"EntryPoint\",\"urlTemplate\":\"https:\/\/staging.forenteforlag.no\/forlaget\/?s={search_term_string}\"},\"query-input\":{\"@type\":\"PropertyValueSpecification\",\"valueRequired\":true,\"valueName\":\"search_term_string\"}}],\"inLanguage\":\"nb-NO\"},{\"@type\":\"Organization\",\"@id\":\"https:\/\/staging.forenteforlag.no\/forlaget\/#organization\",\"name\":\"Forlaget Press\",\"url\":\"https:\/\/staging.forenteforlag.no\/forlaget\/\",\"logo\":{\"@type\":\"ImageObject\",\"inLanguage\":\"nb-NO\",\"@id\":\"https:\/\/staging.forenteforlag.no\/forlaget\/#\/schema\/logo\/image\/\",\"url\":\"https:\/\/staging.forenteforlag.no\/forlaget\/wp-content\/uploads\/sites\/3\/2024\/09\/Press_logo.svg\",\"contentUrl\":\"https:\/\/staging.forenteforlag.no\/forlaget\/wp-content\/uploads\/sites\/3\/2024\/09\/Press_logo.svg\",\"width\":100,\"height\":100,\"caption\":\"Forlaget Press\"},\"image\":{\"@id\":\"https:\/\/staging.forenteforlag.no\/forlaget\/#\/schema\/logo\/image\/\"},\"sameAs\":[\"https:\/\/www.facebook.com\/Forlagetpress\"]}]}<\/script>\n<!-- \/ Yoast SEO plugin. -->","yoast_head_json":{"title":"S\u00e5 den store fuglen ikke tar deg - Forlaget Press","robots":{"index":"noindex","follow":"follow","max-snippet":"max-snippet:-1","max-image-preview":"max-image-preview:large","max-video-preview":"max-video-preview:-1"},"og_locale":"nb_NO","og_type":"article","og_title":"S\u00e5 den store fuglen ikke tar deg - Forlaget Press","og_description":"I en fjern fremtid hvor menneskeheten st\u00e5r p\u00e5 randen av utryddelse, iverksettes et desperat, verdensomspennende prosjekt: For \u00e5 stimulere fremveksten av nye menneskeslag isoleres verdens befolkninger og forhindres i \u00e5 ha kontakt med hverandre. S\u00e5 den store fuglen ikke tar deg er en grensel\u00f8st ambisi\u00f8s og samtidig forbausende jordn\u00e6r roman der Hiromi Kawakami p\u00e5 sitt [&hellip;]","og_url":"https:\/\/staging.forenteforlag.no\/forlaget\/produkt\/sa-den-store-fuglen-ikke-tar-deg-2\/","og_site_name":"Forlaget Press","article_publisher":"https:\/\/www.facebook.com\/Forlagetpress","article_modified_time":"2026-03-04T12:51:39+00:00","og_image":[{"width":720,"height":1071,"url":"https:\/\/staging.forenteforlag.no\/forlaget\/wp-content\/uploads\/sites\/3\/2026\/02\/9788232803897.jpg","type":"image\/jpeg"}],"twitter_card":"summary_large_image","schema":{"@context":"https:\/\/schema.org","@graph":[{"@type":"WebPage","@id":"https:\/\/staging.forenteforlag.no\/forlaget\/produkt\/sa-den-store-fuglen-ikke-tar-deg-2\/","url":"https:\/\/staging.forenteforlag.no\/forlaget\/produkt\/sa-den-store-fuglen-ikke-tar-deg-2\/","name":"S\u00e5 den store fuglen ikke tar deg - Forlaget Press","isPartOf":{"@id":"https:\/\/staging.forenteforlag.no\/forlaget\/#website"},"primaryImageOfPage":{"@id":"https:\/\/staging.forenteforlag.no\/forlaget\/produkt\/sa-den-store-fuglen-ikke-tar-deg-2\/#primaryimage"},"image":{"@id":"https:\/\/staging.forenteforlag.no\/forlaget\/produkt\/sa-den-store-fuglen-ikke-tar-deg-2\/#primaryimage"},"thumbnailUrl":"https:\/\/staging.forenteforlag.no\/forlaget\/wp-content\/uploads\/sites\/3\/2026\/02\/9788232803897.jpg","datePublished":"2021-02-19T00:00:00+00:00","dateModified":"2026-03-04T12:51:39+00:00","breadcrumb":{"@id":"https:\/\/staging.forenteforlag.no\/forlaget\/produkt\/sa-den-store-fuglen-ikke-tar-deg-2\/#breadcrumb"},"inLanguage":"nb-NO","potentialAction":[{"@type":"ReadAction","target":["https:\/\/staging.forenteforlag.no\/forlaget\/produkt\/sa-den-store-fuglen-ikke-tar-deg-2\/"]}]},{"@type":"ImageObject","inLanguage":"nb-NO","@id":"https:\/\/staging.forenteforlag.no\/forlaget\/produkt\/sa-den-store-fuglen-ikke-tar-deg-2\/#primaryimage","url":"https:\/\/staging.forenteforlag.no\/forlaget\/wp-content\/uploads\/sites\/3\/2026\/02\/9788232803897.jpg","contentUrl":"https:\/\/staging.forenteforlag.no\/forlaget\/wp-content\/uploads\/sites\/3\/2026\/02\/9788232803897.jpg","width":720,"height":1071},{"@type":"BreadcrumbList","@id":"https:\/\/staging.forenteforlag.no\/forlaget\/produkt\/sa-den-store-fuglen-ikke-tar-deg-2\/#breadcrumb","itemListElement":[{"@type":"ListItem","position":1,"name":"Hjem","item":"https:\/\/staging.forenteforlag.no\/forlaget\/"},{"@type":"ListItem","position":2,"name":"Alle b\u00f8ker","item":"https:\/\/staging.forenteforlag.no\/forlaget\/butikk\/"},{"@type":"ListItem","position":3,"name":"S\u00e5 den store fuglen ikke tar deg"}]},{"@type":"WebSite","@id":"https:\/\/staging.forenteforlag.no\/forlaget\/#website","url":"https:\/\/staging.forenteforlag.no\/forlaget\/","name":"Forlaget Press","description":"","publisher":{"@id":"https:\/\/staging.forenteforlag.no\/forlaget\/#organization"},"potentialAction":[{"@type":"SearchAction","target":{"@type":"EntryPoint","urlTemplate":"https:\/\/staging.forenteforlag.no\/forlaget\/?s={search_term_string}"},"query-input":{"@type":"PropertyValueSpecification","valueRequired":true,"valueName":"search_term_string"}}],"inLanguage":"nb-NO"},{"@type":"Organization","@id":"https:\/\/staging.forenteforlag.no\/forlaget\/#organization","name":"Forlaget Press","url":"https:\/\/staging.forenteforlag.no\/forlaget\/","logo":{"@type":"ImageObject","inLanguage":"nb-NO","@id":"https:\/\/staging.forenteforlag.no\/forlaget\/#\/schema\/logo\/image\/","url":"https:\/\/staging.forenteforlag.no\/forlaget\/wp-content\/uploads\/sites\/3\/2024\/09\/Press_logo.svg","contentUrl":"https:\/\/staging.forenteforlag.no\/forlaget\/wp-content\/uploads\/sites\/3\/2024\/09\/Press_logo.svg","width":100,"height":100,"caption":"Forlaget Press"},"image":{"@id":"https:\/\/staging.forenteforlag.no\/forlaget\/#\/schema\/logo\/image\/"},"sameAs":["https:\/\/www.facebook.com\/Forlagetpress"]}]}},"_links":{"self":[{"href":"https:\/\/staging.forenteforlag.no\/forlaget\/wp-json\/wp\/v2\/product\/22323","targetHints":{"allow":["GET"]}}],"collection":[{"href":"https:\/\/staging.forenteforlag.no\/forlaget\/wp-json\/wp\/v2\/product"}],"about":[{"href":"https:\/\/staging.forenteforlag.no\/forlaget\/wp-json\/wp\/v2\/types\/product"}],"wp:featuredmedia":[{"embeddable":true,"href":"https:\/\/staging.forenteforlag.no\/forlaget\/wp-json\/wp\/v2\/media\/26424"}],"wp:attachment":[{"href":"https:\/\/staging.forenteforlag.no\/forlaget\/wp-json\/wp\/v2\/media?parent=22323"}],"wp:term":[{"taxonomy":"product_brand","embeddable":true,"href":"https:\/\/staging.forenteforlag.no\/forlaget\/wp-json\/wp\/v2\/product_brand?post=22323"},{"taxonomy":"product_cat","embeddable":true,"href":"https:\/\/staging.forenteforlag.no\/forlaget\/wp-json\/wp\/v2\/product_cat?post=22323"},{"taxonomy":"product_tag","embeddable":true,"href":"https:\/\/staging.forenteforlag.no\/forlaget\/wp-json\/wp\/v2\/product_tag?post=22323"}],"curies":[{"name":"wp","href":"https:\/\/api.w.org\/{rel}","templated":true}]}}