{"id":22317,"date":"2022-10-12T02:00:00","date_gmt":"2022-10-12T00:00:00","guid":{"rendered":"https:\/\/forlagetpress.forenteforlag.no\/produkt\/store-kongensgade-23-2\/"},"modified":"2026-03-04T13:58:01","modified_gmt":"2026-03-04T12:58:01","slug":"store-kongensgade-23-2","status":"publish","type":"product","link":"https:\/\/staging.forenteforlag.no\/forlaget\/produkt\/store-kongensgade-23-2\/","title":{"rendered":"Store Kongensgade 23"},"content":{"rendered":"<p>\u00abEr det et eget \u00e5r eller sted i et menneskes liv som etter som tiden g\u00e5r, vil vise seg \u00e5 v\u00e6re det viktigste? Punktet der passerens spiss kan plasseres fordi alt f\u00f8r peker dr\u00f8mmeaktig inn mot det og alt etter viser tilbake til dette sentrumet som man ikke erkjenner betydningen av f\u00f8r langt senere?\u00bb  <\/p>\n<p>Slik begynner S\u00f8ren Ulrik Thomsens bok om det stedet i livet som har betydd mest for ham, nemlig Store Kongensgade 23. Han er 16 \u00e5r og flytter inn til sentrum av K\u00f8benhavn, han er fylt av dirrende forventninger og klar for alt som ligger foran ham. Samtidig er hans mor sterkt deprimert og har lange opphold p\u00e5 psykiatriske sykehus. I dette spennet mellom lykke og ulykke reflekterer dikteren om livet, om hvorfor man skriver, om frykten for alderdommen, om h\u00f8sten, n\u00e5r alt b\u00e5de blusser opp og d\u00f8r ut. Og om en leilighet i Store Kongensgade 23, hvor forfatteren bodde i kun ett \u00e5r, men som for ham, selv om det tilh\u00f8rer fortiden, likevel er det stedet som all fremtid vil str\u00e5le ut fra.<\/p>\n","protected":false},"excerpt":{"rendered":"<p>\u00abEr det et eget \u00e5r eller sted i et menneskes liv som etter som tiden g\u00e5r, vil vise seg \u00e5 v\u00e6re det viktigste? Punktet der passerens spiss kan plasseres fordi alt f\u00f8r peker dr\u00f8mmeaktig inn mot det og alt etter viser tilbake til dette sentrumet som man ikke erkjenner betydningen av f\u00f8r langt senere?\u00bb Slik [&hellip;]<\/p>\n","protected":false},"featured_media":26493,"template":"","meta":{"_acf_changed":false,"inline_featured_image":false},"product_brand":[],"product_cat":[1781],"product_tag":[378,362,1740,500,383,501],"class_list":{"0":"post-22317","1":"product","2":"type-product","3":"status-publish","4":"has-post-thumbnail","6":"product_cat-rabattkodekampanje","7":"product_tag-essay","8":"product_tag-faglitteratur","9":"product_tag-hverdagsbetraktninger","10":"product_tag-kobenhavn","11":"product_tag-personlige-beretninger","12":"product_tag-ungdomstid","14":"first","15":"instock","16":"shipping-taxable","17":"purchasable","18":"product-type-simple"},"acf":{"anmeldelse":[{"tekst_anmeldelser":"\u00abDet er til tider stor formulerings\u00adkunst. Thomsen skriver noen setninger, eller perioder, som er altfor lange til \u00e5 bli memorert. Men for noen tanke\u00adsprang!\u00bb","av_anmeldelser":"Ola Hegdal","terningkast":false,"kilde":"NRK"},{"tekst_anmeldelser":"\u00abDen danske forfatteren S\u00f8ren Ulrik Thomsen har skrevet en av h\u00f8stens vakreste b\u00f8ker. Garantert.\u00bb","av_anmeldelser":"Olav Egil Aune","terningkast":false,"kilde":"V\u00e5rt Land"},{"tekst_anmeldelser":"\u00abFabelaktig essay ... N\u00e5r ... S\u00f8ren Ulrik Thomsen skriver prosa, evner han \u00e5 formulere innsikter og erfaringer, s\u00e5 man nesten hopper i stolen og sier, ja, ja, s\u00e5nn var det, s\u00e5nn er det.\u00bb","av_anmeldelser":"","terningkast":"<i class=\"fa-solid fa-dice-six\"><\/i>","kilde":"Berlingske"}]},"yoast_head":"<!-- This site is optimized with the Yoast SEO plugin v26.6 - https:\/\/yoast.com\/wordpress\/plugins\/seo\/ -->\n<title>Store Kongensgade 23 - Forlaget Press<\/title>\n<meta name=\"robots\" content=\"noindex, follow, max-snippet:-1, max-image-preview:large, max-video-preview:-1\" \/>\n<meta property=\"og:locale\" content=\"nb_NO\" \/>\n<meta property=\"og:type\" content=\"article\" \/>\n<meta property=\"og:title\" content=\"Store Kongensgade 23 - Forlaget Press\" \/>\n<meta property=\"og:description\" content=\"\u00abEr det et eget \u00e5r eller sted i et menneskes liv som etter som tiden g\u00e5r, vil vise seg \u00e5 v\u00e6re det viktigste? Punktet der passerens spiss kan plasseres fordi alt f\u00f8r peker dr\u00f8mmeaktig inn mot det og alt etter viser tilbake til dette sentrumet som man ikke erkjenner betydningen av f\u00f8r langt senere?\u00bb Slik [&hellip;]\" \/>\n<meta property=\"og:url\" content=\"https:\/\/staging.forenteforlag.no\/forlaget\/produkt\/store-kongensgade-23-2\/\" \/>\n<meta property=\"og:site_name\" content=\"Forlaget Press\" \/>\n<meta property=\"article:publisher\" content=\"https:\/\/www.facebook.com\/Forlagetpress\" \/>\n<meta property=\"article:modified_time\" content=\"2026-03-04T12:58:01+00:00\" \/>\n<meta property=\"og:image\" content=\"https:\/\/staging.forenteforlag.no\/forlaget\/wp-content\/uploads\/sites\/3\/2026\/02\/9788232804986.jpg\" \/>\n\t<meta property=\"og:image:width\" content=\"720\" \/>\n\t<meta property=\"og:image:height\" content=\"1066\" \/>\n\t<meta property=\"og:image:type\" content=\"image\/jpeg\" \/>\n<meta name=\"twitter:card\" content=\"summary_large_image\" \/>\n<meta name=\"twitter:label1\" content=\"Ansl. lesetid\" \/>\n\t<meta name=\"twitter:data1\" content=\"1 minutt\" \/>\n<script type=\"application\/ld+json\" class=\"yoast-schema-graph\">{\"@context\":\"https:\/\/schema.org\",\"@graph\":[{\"@type\":\"WebPage\",\"@id\":\"https:\/\/staging.forenteforlag.no\/forlaget\/produkt\/store-kongensgade-23-2\/\",\"url\":\"https:\/\/staging.forenteforlag.no\/forlaget\/produkt\/store-kongensgade-23-2\/\",\"name\":\"Store Kongensgade 23 - Forlaget Press\",\"isPartOf\":{\"@id\":\"https:\/\/staging.forenteforlag.no\/forlaget\/#website\"},\"primaryImageOfPage\":{\"@id\":\"https:\/\/staging.forenteforlag.no\/forlaget\/produkt\/store-kongensgade-23-2\/#primaryimage\"},\"image\":{\"@id\":\"https:\/\/staging.forenteforlag.no\/forlaget\/produkt\/store-kongensgade-23-2\/#primaryimage\"},\"thumbnailUrl\":\"https:\/\/staging.forenteforlag.no\/forlaget\/wp-content\/uploads\/sites\/3\/2026\/02\/9788232804986.jpg\",\"datePublished\":\"2022-10-12T00:00:00+00:00\",\"dateModified\":\"2026-03-04T12:58:01+00:00\",\"breadcrumb\":{\"@id\":\"https:\/\/staging.forenteforlag.no\/forlaget\/produkt\/store-kongensgade-23-2\/#breadcrumb\"},\"inLanguage\":\"nb-NO\",\"potentialAction\":[{\"@type\":\"ReadAction\",\"target\":[\"https:\/\/staging.forenteforlag.no\/forlaget\/produkt\/store-kongensgade-23-2\/\"]}]},{\"@type\":\"ImageObject\",\"inLanguage\":\"nb-NO\",\"@id\":\"https:\/\/staging.forenteforlag.no\/forlaget\/produkt\/store-kongensgade-23-2\/#primaryimage\",\"url\":\"https:\/\/staging.forenteforlag.no\/forlaget\/wp-content\/uploads\/sites\/3\/2026\/02\/9788232804986.jpg\",\"contentUrl\":\"https:\/\/staging.forenteforlag.no\/forlaget\/wp-content\/uploads\/sites\/3\/2026\/02\/9788232804986.jpg\",\"width\":720,\"height\":1066},{\"@type\":\"BreadcrumbList\",\"@id\":\"https:\/\/staging.forenteforlag.no\/forlaget\/produkt\/store-kongensgade-23-2\/#breadcrumb\",\"itemListElement\":[{\"@type\":\"ListItem\",\"position\":1,\"name\":\"Hjem\",\"item\":\"https:\/\/staging.forenteforlag.no\/forlaget\/\"},{\"@type\":\"ListItem\",\"position\":2,\"name\":\"Alle b\u00f8ker\",\"item\":\"https:\/\/staging.forenteforlag.no\/forlaget\/butikk\/\"},{\"@type\":\"ListItem\",\"position\":3,\"name\":\"Store Kongensgade 23\"}]},{\"@type\":\"WebSite\",\"@id\":\"https:\/\/staging.forenteforlag.no\/forlaget\/#website\",\"url\":\"https:\/\/staging.forenteforlag.no\/forlaget\/\",\"name\":\"Forlaget Press\",\"description\":\"\",\"publisher\":{\"@id\":\"https:\/\/staging.forenteforlag.no\/forlaget\/#organization\"},\"potentialAction\":[{\"@type\":\"SearchAction\",\"target\":{\"@type\":\"EntryPoint\",\"urlTemplate\":\"https:\/\/staging.forenteforlag.no\/forlaget\/?s={search_term_string}\"},\"query-input\":{\"@type\":\"PropertyValueSpecification\",\"valueRequired\":true,\"valueName\":\"search_term_string\"}}],\"inLanguage\":\"nb-NO\"},{\"@type\":\"Organization\",\"@id\":\"https:\/\/staging.forenteforlag.no\/forlaget\/#organization\",\"name\":\"Forlaget Press\",\"url\":\"https:\/\/staging.forenteforlag.no\/forlaget\/\",\"logo\":{\"@type\":\"ImageObject\",\"inLanguage\":\"nb-NO\",\"@id\":\"https:\/\/staging.forenteforlag.no\/forlaget\/#\/schema\/logo\/image\/\",\"url\":\"https:\/\/staging.forenteforlag.no\/forlaget\/wp-content\/uploads\/sites\/3\/2024\/09\/Press_logo.svg\",\"contentUrl\":\"https:\/\/staging.forenteforlag.no\/forlaget\/wp-content\/uploads\/sites\/3\/2024\/09\/Press_logo.svg\",\"width\":100,\"height\":100,\"caption\":\"Forlaget Press\"},\"image\":{\"@id\":\"https:\/\/staging.forenteforlag.no\/forlaget\/#\/schema\/logo\/image\/\"},\"sameAs\":[\"https:\/\/www.facebook.com\/Forlagetpress\"]}]}<\/script>\n<!-- \/ Yoast SEO plugin. -->","yoast_head_json":{"title":"Store Kongensgade 23 - Forlaget Press","robots":{"index":"noindex","follow":"follow","max-snippet":"max-snippet:-1","max-image-preview":"max-image-preview:large","max-video-preview":"max-video-preview:-1"},"og_locale":"nb_NO","og_type":"article","og_title":"Store Kongensgade 23 - Forlaget Press","og_description":"\u00abEr det et eget \u00e5r eller sted i et menneskes liv som etter som tiden g\u00e5r, vil vise seg \u00e5 v\u00e6re det viktigste? Punktet der passerens spiss kan plasseres fordi alt f\u00f8r peker dr\u00f8mmeaktig inn mot det og alt etter viser tilbake til dette sentrumet som man ikke erkjenner betydningen av f\u00f8r langt senere?\u00bb Slik [&hellip;]","og_url":"https:\/\/staging.forenteforlag.no\/forlaget\/produkt\/store-kongensgade-23-2\/","og_site_name":"Forlaget Press","article_publisher":"https:\/\/www.facebook.com\/Forlagetpress","article_modified_time":"2026-03-04T12:58:01+00:00","og_image":[{"width":720,"height":1066,"url":"https:\/\/staging.forenteforlag.no\/forlaget\/wp-content\/uploads\/sites\/3\/2026\/02\/9788232804986.jpg","type":"image\/jpeg"}],"twitter_card":"summary_large_image","twitter_misc":{"Ansl. lesetid":"1 minutt"},"schema":{"@context":"https:\/\/schema.org","@graph":[{"@type":"WebPage","@id":"https:\/\/staging.forenteforlag.no\/forlaget\/produkt\/store-kongensgade-23-2\/","url":"https:\/\/staging.forenteforlag.no\/forlaget\/produkt\/store-kongensgade-23-2\/","name":"Store Kongensgade 23 - Forlaget Press","isPartOf":{"@id":"https:\/\/staging.forenteforlag.no\/forlaget\/#website"},"primaryImageOfPage":{"@id":"https:\/\/staging.forenteforlag.no\/forlaget\/produkt\/store-kongensgade-23-2\/#primaryimage"},"image":{"@id":"https:\/\/staging.forenteforlag.no\/forlaget\/produkt\/store-kongensgade-23-2\/#primaryimage"},"thumbnailUrl":"https:\/\/staging.forenteforlag.no\/forlaget\/wp-content\/uploads\/sites\/3\/2026\/02\/9788232804986.jpg","datePublished":"2022-10-12T00:00:00+00:00","dateModified":"2026-03-04T12:58:01+00:00","breadcrumb":{"@id":"https:\/\/staging.forenteforlag.no\/forlaget\/produkt\/store-kongensgade-23-2\/#breadcrumb"},"inLanguage":"nb-NO","potentialAction":[{"@type":"ReadAction","target":["https:\/\/staging.forenteforlag.no\/forlaget\/produkt\/store-kongensgade-23-2\/"]}]},{"@type":"ImageObject","inLanguage":"nb-NO","@id":"https:\/\/staging.forenteforlag.no\/forlaget\/produkt\/store-kongensgade-23-2\/#primaryimage","url":"https:\/\/staging.forenteforlag.no\/forlaget\/wp-content\/uploads\/sites\/3\/2026\/02\/9788232804986.jpg","contentUrl":"https:\/\/staging.forenteforlag.no\/forlaget\/wp-content\/uploads\/sites\/3\/2026\/02\/9788232804986.jpg","width":720,"height":1066},{"@type":"BreadcrumbList","@id":"https:\/\/staging.forenteforlag.no\/forlaget\/produkt\/store-kongensgade-23-2\/#breadcrumb","itemListElement":[{"@type":"ListItem","position":1,"name":"Hjem","item":"https:\/\/staging.forenteforlag.no\/forlaget\/"},{"@type":"ListItem","position":2,"name":"Alle b\u00f8ker","item":"https:\/\/staging.forenteforlag.no\/forlaget\/butikk\/"},{"@type":"ListItem","position":3,"name":"Store Kongensgade 23"}]},{"@type":"WebSite","@id":"https:\/\/staging.forenteforlag.no\/forlaget\/#website","url":"https:\/\/staging.forenteforlag.no\/forlaget\/","name":"Forlaget Press","description":"","publisher":{"@id":"https:\/\/staging.forenteforlag.no\/forlaget\/#organization"},"potentialAction":[{"@type":"SearchAction","target":{"@type":"EntryPoint","urlTemplate":"https:\/\/staging.forenteforlag.no\/forlaget\/?s={search_term_string}"},"query-input":{"@type":"PropertyValueSpecification","valueRequired":true,"valueName":"search_term_string"}}],"inLanguage":"nb-NO"},{"@type":"Organization","@id":"https:\/\/staging.forenteforlag.no\/forlaget\/#organization","name":"Forlaget Press","url":"https:\/\/staging.forenteforlag.no\/forlaget\/","logo":{"@type":"ImageObject","inLanguage":"nb-NO","@id":"https:\/\/staging.forenteforlag.no\/forlaget\/#\/schema\/logo\/image\/","url":"https:\/\/staging.forenteforlag.no\/forlaget\/wp-content\/uploads\/sites\/3\/2024\/09\/Press_logo.svg","contentUrl":"https:\/\/staging.forenteforlag.no\/forlaget\/wp-content\/uploads\/sites\/3\/2024\/09\/Press_logo.svg","width":100,"height":100,"caption":"Forlaget Press"},"image":{"@id":"https:\/\/staging.forenteforlag.no\/forlaget\/#\/schema\/logo\/image\/"},"sameAs":["https:\/\/www.facebook.com\/Forlagetpress"]}]}},"_links":{"self":[{"href":"https:\/\/staging.forenteforlag.no\/forlaget\/wp-json\/wp\/v2\/product\/22317","targetHints":{"allow":["GET"]}}],"collection":[{"href":"https:\/\/staging.forenteforlag.no\/forlaget\/wp-json\/wp\/v2\/product"}],"about":[{"href":"https:\/\/staging.forenteforlag.no\/forlaget\/wp-json\/wp\/v2\/types\/product"}],"wp:featuredmedia":[{"embeddable":true,"href":"https:\/\/staging.forenteforlag.no\/forlaget\/wp-json\/wp\/v2\/media\/26493"}],"wp:attachment":[{"href":"https:\/\/staging.forenteforlag.no\/forlaget\/wp-json\/wp\/v2\/media?parent=22317"}],"wp:term":[{"taxonomy":"product_brand","embeddable":true,"href":"https:\/\/staging.forenteforlag.no\/forlaget\/wp-json\/wp\/v2\/product_brand?post=22317"},{"taxonomy":"product_cat","embeddable":true,"href":"https:\/\/staging.forenteforlag.no\/forlaget\/wp-json\/wp\/v2\/product_cat?post=22317"},{"taxonomy":"product_tag","embeddable":true,"href":"https:\/\/staging.forenteforlag.no\/forlaget\/wp-json\/wp\/v2\/product_tag?post=22317"}],"curies":[{"name":"wp","href":"https:\/\/api.w.org\/{rel}","templated":true}]}}