{"id":22310,"date":"2022-05-03T02:00:00","date_gmt":"2022-05-03T00:00:00","guid":{"rendered":"https:\/\/forlagetpress.forenteforlag.no\/produkt\/et-sporsmal-om-dannelse-2\/"},"modified":"2026-03-03T18:46:45","modified_gmt":"2026-03-03T17:46:45","slug":"et-sporsmal-om-dannelse-2","status":"publish","type":"product","link":"https:\/\/staging.forenteforlag.no\/forlaget\/produkt\/et-sporsmal-om-dannelse-2\/","title":{"rendered":"Et sp\u00f8rsm\u00e5l om dannelse"},"content":{"rendered":"<p>New York, nytt\u00e5rsaften 1937. Katey Kontent, en 25 \u00e5r gammel sekret\u00e6r, og romvenninnen Evelyn Ross befinner seg p\u00e5 en jazzbar i Greenwich Village. De pr\u00f8ver \u00e5 f\u00e5 tre dollar til \u00e5 rekke s\u00e5 langt som mulig, da den fremgangsrike, verdensvante og sjarmerende bankmannen Tinker Grey kommer inn og setter seg ved nabobordet. Et tilfeldig m\u00f8te som viser seg \u00e5 bli et vendepunkt i livet for alle tre. <\/p>\n<p>Et sp\u00f8rsm\u00e5l om dannelse er et skarpt portrett av en ung kvinne i mellomkrigstidens New York, som plutselig blir kastet inn i overklassens sirkler. Med glitrende vidd forteller Amor Towles om hell og skjebnesvangre m\u00f8ter i en svunnen tid av glamour, drinker og omveltninger.<\/p>\n","protected":false},"excerpt":{"rendered":"<p>New York, nytt\u00e5rsaften 1937. Katey Kontent, en 25 \u00e5r gammel sekret\u00e6r, og romvenninnen Evelyn Ross befinner seg p\u00e5 en jazzbar i Greenwich Village. De pr\u00f8ver \u00e5 f\u00e5 tre dollar til \u00e5 rekke s\u00e5 langt som mulig, da den fremgangsrike, verdensvante og sjarmerende bankmannen Tinker Grey kommer inn og setter seg ved nabobordet. Et tilfeldig m\u00f8te [&hellip;]<\/p>\n","protected":false},"featured_media":26472,"template":"","meta":{"_acf_changed":false,"inline_featured_image":false},"product_brand":[],"product_cat":[1781],"product_tag":[370],"class_list":{"0":"post-22310","1":"product","2":"type-product","3":"status-publish","4":"has-post-thumbnail","6":"product_cat-rabattkodekampanje","7":"product_tag-skjonnlitteratur","9":"first","10":"instock","11":"shipping-taxable","12":"purchasable","13":"product-type-simple"},"acf":{"anmeldelse":[{"tekst_anmeldelser":"\u00abVittig, smidig skrevet, smekkfull av m\u00f8rke intriger, stilistiske detaljer og en heltinne \u00e0 la Katharine Hepburn.\u00bb","av_anmeldelser":"","terningkast":false,"kilde":"The Guardian"},{"tekst_anmeldelser":"\u00abMed dette skarpe tidsbildet av en roman gjenoppliver Towles et filmatisk sort-hvitt Manhattan ... hans karakterer er ungdommelige amerikanere i vanskelige tider, som pr\u00f8ver \u00e5 skape seg autentiske liv.\u00bb","av_anmeldelser":"","terningkast":false,"kilde":"The New York Times Book Review"},{"tekst_anmeldelser":"\u00abTowles skriver om komplekse forhold i en by som p\u00e5 samme tid er en smeltedigel og en elitistisk enklave - og gir oss en moderne heltinne som fryktl\u00f8s krever sin plass i den.\u00bb","av_anmeldelser":"Lisa Birnbach","terningkast":false,"kilde":"O, The Oprah Magazine"},{"tekst_anmeldelser":"\u00abTowles maner frem 30-tallets New York p\u00e5 en s\u00e5 fantastisk m\u00e5te at jeg lengter til et sted jeg aldri har v\u00e6rt.\u00bb","av_anmeldelser":"","terningkast":false,"kilde":"The Times"}]},"yoast_head":"<!-- This site is optimized with the Yoast SEO plugin v26.6 - https:\/\/yoast.com\/wordpress\/plugins\/seo\/ -->\n<title>Et sp\u00f8rsm\u00e5l om dannelse - Forlaget Press<\/title>\n<meta name=\"robots\" content=\"noindex, follow, max-snippet:-1, max-image-preview:large, max-video-preview:-1\" \/>\n<meta property=\"og:locale\" content=\"nb_NO\" \/>\n<meta property=\"og:type\" content=\"article\" \/>\n<meta property=\"og:title\" content=\"Et sp\u00f8rsm\u00e5l om dannelse - Forlaget Press\" \/>\n<meta property=\"og:description\" content=\"New York, nytt\u00e5rsaften 1937. Katey Kontent, en 25 \u00e5r gammel sekret\u00e6r, og romvenninnen Evelyn Ross befinner seg p\u00e5 en jazzbar i Greenwich Village. De pr\u00f8ver \u00e5 f\u00e5 tre dollar til \u00e5 rekke s\u00e5 langt som mulig, da den fremgangsrike, verdensvante og sjarmerende bankmannen Tinker Grey kommer inn og setter seg ved nabobordet. Et tilfeldig m\u00f8te [&hellip;]\" \/>\n<meta property=\"og:url\" content=\"https:\/\/staging.forenteforlag.no\/forlaget\/produkt\/et-sporsmal-om-dannelse-2\/\" \/>\n<meta property=\"og:site_name\" content=\"Forlaget Press\" \/>\n<meta property=\"article:publisher\" content=\"https:\/\/www.facebook.com\/Forlagetpress\" \/>\n<meta property=\"article:modified_time\" content=\"2026-03-03T17:46:45+00:00\" \/>\n<meta property=\"og:image\" content=\"https:\/\/staging.forenteforlag.no\/forlaget\/wp-content\/uploads\/sites\/3\/2026\/02\/9788232804719.jpg\" \/>\n\t<meta property=\"og:image:width\" content=\"720\" \/>\n\t<meta property=\"og:image:height\" content=\"1068\" \/>\n\t<meta property=\"og:image:type\" content=\"image\/jpeg\" \/>\n<meta name=\"twitter:card\" content=\"summary_large_image\" \/>\n<meta name=\"twitter:label1\" content=\"Ansl. lesetid\" \/>\n\t<meta name=\"twitter:data1\" content=\"1 minutt\" \/>\n<script type=\"application\/ld+json\" class=\"yoast-schema-graph\">{\"@context\":\"https:\/\/schema.org\",\"@graph\":[{\"@type\":\"WebPage\",\"@id\":\"https:\/\/staging.forenteforlag.no\/forlaget\/produkt\/et-sporsmal-om-dannelse-2\/\",\"url\":\"https:\/\/staging.forenteforlag.no\/forlaget\/produkt\/et-sporsmal-om-dannelse-2\/\",\"name\":\"Et sp\u00f8rsm\u00e5l om dannelse - Forlaget Press\",\"isPartOf\":{\"@id\":\"https:\/\/staging.forenteforlag.no\/forlaget\/#website\"},\"primaryImageOfPage\":{\"@id\":\"https:\/\/staging.forenteforlag.no\/forlaget\/produkt\/et-sporsmal-om-dannelse-2\/#primaryimage\"},\"image\":{\"@id\":\"https:\/\/staging.forenteforlag.no\/forlaget\/produkt\/et-sporsmal-om-dannelse-2\/#primaryimage\"},\"thumbnailUrl\":\"https:\/\/staging.forenteforlag.no\/forlaget\/wp-content\/uploads\/sites\/3\/2026\/02\/9788232804719.jpg\",\"datePublished\":\"2022-05-03T00:00:00+00:00\",\"dateModified\":\"2026-03-03T17:46:45+00:00\",\"breadcrumb\":{\"@id\":\"https:\/\/staging.forenteforlag.no\/forlaget\/produkt\/et-sporsmal-om-dannelse-2\/#breadcrumb\"},\"inLanguage\":\"nb-NO\",\"potentialAction\":[{\"@type\":\"ReadAction\",\"target\":[\"https:\/\/staging.forenteforlag.no\/forlaget\/produkt\/et-sporsmal-om-dannelse-2\/\"]}]},{\"@type\":\"ImageObject\",\"inLanguage\":\"nb-NO\",\"@id\":\"https:\/\/staging.forenteforlag.no\/forlaget\/produkt\/et-sporsmal-om-dannelse-2\/#primaryimage\",\"url\":\"https:\/\/staging.forenteforlag.no\/forlaget\/wp-content\/uploads\/sites\/3\/2026\/02\/9788232804719.jpg\",\"contentUrl\":\"https:\/\/staging.forenteforlag.no\/forlaget\/wp-content\/uploads\/sites\/3\/2026\/02\/9788232804719.jpg\",\"width\":720,\"height\":1068},{\"@type\":\"BreadcrumbList\",\"@id\":\"https:\/\/staging.forenteforlag.no\/forlaget\/produkt\/et-sporsmal-om-dannelse-2\/#breadcrumb\",\"itemListElement\":[{\"@type\":\"ListItem\",\"position\":1,\"name\":\"Hjem\",\"item\":\"https:\/\/staging.forenteforlag.no\/forlaget\/\"},{\"@type\":\"ListItem\",\"position\":2,\"name\":\"Alle b\u00f8ker\",\"item\":\"https:\/\/staging.forenteforlag.no\/forlaget\/butikk\/\"},{\"@type\":\"ListItem\",\"position\":3,\"name\":\"Et sp\u00f8rsm\u00e5l om dannelse\"}]},{\"@type\":\"WebSite\",\"@id\":\"https:\/\/staging.forenteforlag.no\/forlaget\/#website\",\"url\":\"https:\/\/staging.forenteforlag.no\/forlaget\/\",\"name\":\"Forlaget Press\",\"description\":\"\",\"publisher\":{\"@id\":\"https:\/\/staging.forenteforlag.no\/forlaget\/#organization\"},\"potentialAction\":[{\"@type\":\"SearchAction\",\"target\":{\"@type\":\"EntryPoint\",\"urlTemplate\":\"https:\/\/staging.forenteforlag.no\/forlaget\/?s={search_term_string}\"},\"query-input\":{\"@type\":\"PropertyValueSpecification\",\"valueRequired\":true,\"valueName\":\"search_term_string\"}}],\"inLanguage\":\"nb-NO\"},{\"@type\":\"Organization\",\"@id\":\"https:\/\/staging.forenteforlag.no\/forlaget\/#organization\",\"name\":\"Forlaget Press\",\"url\":\"https:\/\/staging.forenteforlag.no\/forlaget\/\",\"logo\":{\"@type\":\"ImageObject\",\"inLanguage\":\"nb-NO\",\"@id\":\"https:\/\/staging.forenteforlag.no\/forlaget\/#\/schema\/logo\/image\/\",\"url\":\"https:\/\/staging.forenteforlag.no\/forlaget\/wp-content\/uploads\/sites\/3\/2024\/09\/Press_logo.svg\",\"contentUrl\":\"https:\/\/staging.forenteforlag.no\/forlaget\/wp-content\/uploads\/sites\/3\/2024\/09\/Press_logo.svg\",\"width\":100,\"height\":100,\"caption\":\"Forlaget Press\"},\"image\":{\"@id\":\"https:\/\/staging.forenteforlag.no\/forlaget\/#\/schema\/logo\/image\/\"},\"sameAs\":[\"https:\/\/www.facebook.com\/Forlagetpress\"]}]}<\/script>\n<!-- \/ Yoast SEO plugin. -->","yoast_head_json":{"title":"Et sp\u00f8rsm\u00e5l om dannelse - Forlaget Press","robots":{"index":"noindex","follow":"follow","max-snippet":"max-snippet:-1","max-image-preview":"max-image-preview:large","max-video-preview":"max-video-preview:-1"},"og_locale":"nb_NO","og_type":"article","og_title":"Et sp\u00f8rsm\u00e5l om dannelse - Forlaget Press","og_description":"New York, nytt\u00e5rsaften 1937. Katey Kontent, en 25 \u00e5r gammel sekret\u00e6r, og romvenninnen Evelyn Ross befinner seg p\u00e5 en jazzbar i Greenwich Village. De pr\u00f8ver \u00e5 f\u00e5 tre dollar til \u00e5 rekke s\u00e5 langt som mulig, da den fremgangsrike, verdensvante og sjarmerende bankmannen Tinker Grey kommer inn og setter seg ved nabobordet. Et tilfeldig m\u00f8te [&hellip;]","og_url":"https:\/\/staging.forenteforlag.no\/forlaget\/produkt\/et-sporsmal-om-dannelse-2\/","og_site_name":"Forlaget Press","article_publisher":"https:\/\/www.facebook.com\/Forlagetpress","article_modified_time":"2026-03-03T17:46:45+00:00","og_image":[{"width":720,"height":1068,"url":"https:\/\/staging.forenteforlag.no\/forlaget\/wp-content\/uploads\/sites\/3\/2026\/02\/9788232804719.jpg","type":"image\/jpeg"}],"twitter_card":"summary_large_image","twitter_misc":{"Ansl. lesetid":"1 minutt"},"schema":{"@context":"https:\/\/schema.org","@graph":[{"@type":"WebPage","@id":"https:\/\/staging.forenteforlag.no\/forlaget\/produkt\/et-sporsmal-om-dannelse-2\/","url":"https:\/\/staging.forenteforlag.no\/forlaget\/produkt\/et-sporsmal-om-dannelse-2\/","name":"Et sp\u00f8rsm\u00e5l om dannelse - Forlaget Press","isPartOf":{"@id":"https:\/\/staging.forenteforlag.no\/forlaget\/#website"},"primaryImageOfPage":{"@id":"https:\/\/staging.forenteforlag.no\/forlaget\/produkt\/et-sporsmal-om-dannelse-2\/#primaryimage"},"image":{"@id":"https:\/\/staging.forenteforlag.no\/forlaget\/produkt\/et-sporsmal-om-dannelse-2\/#primaryimage"},"thumbnailUrl":"https:\/\/staging.forenteforlag.no\/forlaget\/wp-content\/uploads\/sites\/3\/2026\/02\/9788232804719.jpg","datePublished":"2022-05-03T00:00:00+00:00","dateModified":"2026-03-03T17:46:45+00:00","breadcrumb":{"@id":"https:\/\/staging.forenteforlag.no\/forlaget\/produkt\/et-sporsmal-om-dannelse-2\/#breadcrumb"},"inLanguage":"nb-NO","potentialAction":[{"@type":"ReadAction","target":["https:\/\/staging.forenteforlag.no\/forlaget\/produkt\/et-sporsmal-om-dannelse-2\/"]}]},{"@type":"ImageObject","inLanguage":"nb-NO","@id":"https:\/\/staging.forenteforlag.no\/forlaget\/produkt\/et-sporsmal-om-dannelse-2\/#primaryimage","url":"https:\/\/staging.forenteforlag.no\/forlaget\/wp-content\/uploads\/sites\/3\/2026\/02\/9788232804719.jpg","contentUrl":"https:\/\/staging.forenteforlag.no\/forlaget\/wp-content\/uploads\/sites\/3\/2026\/02\/9788232804719.jpg","width":720,"height":1068},{"@type":"BreadcrumbList","@id":"https:\/\/staging.forenteforlag.no\/forlaget\/produkt\/et-sporsmal-om-dannelse-2\/#breadcrumb","itemListElement":[{"@type":"ListItem","position":1,"name":"Hjem","item":"https:\/\/staging.forenteforlag.no\/forlaget\/"},{"@type":"ListItem","position":2,"name":"Alle b\u00f8ker","item":"https:\/\/staging.forenteforlag.no\/forlaget\/butikk\/"},{"@type":"ListItem","position":3,"name":"Et sp\u00f8rsm\u00e5l om dannelse"}]},{"@type":"WebSite","@id":"https:\/\/staging.forenteforlag.no\/forlaget\/#website","url":"https:\/\/staging.forenteforlag.no\/forlaget\/","name":"Forlaget Press","description":"","publisher":{"@id":"https:\/\/staging.forenteforlag.no\/forlaget\/#organization"},"potentialAction":[{"@type":"SearchAction","target":{"@type":"EntryPoint","urlTemplate":"https:\/\/staging.forenteforlag.no\/forlaget\/?s={search_term_string}"},"query-input":{"@type":"PropertyValueSpecification","valueRequired":true,"valueName":"search_term_string"}}],"inLanguage":"nb-NO"},{"@type":"Organization","@id":"https:\/\/staging.forenteforlag.no\/forlaget\/#organization","name":"Forlaget Press","url":"https:\/\/staging.forenteforlag.no\/forlaget\/","logo":{"@type":"ImageObject","inLanguage":"nb-NO","@id":"https:\/\/staging.forenteforlag.no\/forlaget\/#\/schema\/logo\/image\/","url":"https:\/\/staging.forenteforlag.no\/forlaget\/wp-content\/uploads\/sites\/3\/2024\/09\/Press_logo.svg","contentUrl":"https:\/\/staging.forenteforlag.no\/forlaget\/wp-content\/uploads\/sites\/3\/2024\/09\/Press_logo.svg","width":100,"height":100,"caption":"Forlaget Press"},"image":{"@id":"https:\/\/staging.forenteforlag.no\/forlaget\/#\/schema\/logo\/image\/"},"sameAs":["https:\/\/www.facebook.com\/Forlagetpress"]}]}},"_links":{"self":[{"href":"https:\/\/staging.forenteforlag.no\/forlaget\/wp-json\/wp\/v2\/product\/22310","targetHints":{"allow":["GET"]}}],"collection":[{"href":"https:\/\/staging.forenteforlag.no\/forlaget\/wp-json\/wp\/v2\/product"}],"about":[{"href":"https:\/\/staging.forenteforlag.no\/forlaget\/wp-json\/wp\/v2\/types\/product"}],"wp:featuredmedia":[{"embeddable":true,"href":"https:\/\/staging.forenteforlag.no\/forlaget\/wp-json\/wp\/v2\/media\/26472"}],"wp:attachment":[{"href":"https:\/\/staging.forenteforlag.no\/forlaget\/wp-json\/wp\/v2\/media?parent=22310"}],"wp:term":[{"taxonomy":"product_brand","embeddable":true,"href":"https:\/\/staging.forenteforlag.no\/forlaget\/wp-json\/wp\/v2\/product_brand?post=22310"},{"taxonomy":"product_cat","embeddable":true,"href":"https:\/\/staging.forenteforlag.no\/forlaget\/wp-json\/wp\/v2\/product_cat?post=22310"},{"taxonomy":"product_tag","embeddable":true,"href":"https:\/\/staging.forenteforlag.no\/forlaget\/wp-json\/wp\/v2\/product_tag?post=22310"}],"curies":[{"name":"wp","href":"https:\/\/api.w.org\/{rel}","templated":true}]}}