{"id":22303,"date":"2022-02-28T01:00:00","date_gmt":"2022-02-28T00:00:00","guid":{"rendered":"https:\/\/forlagetpress.forenteforlag.no\/produkt\/crux-2\/"},"modified":"2026-03-04T13:56:47","modified_gmt":"2026-03-04T12:56:47","slug":"crux-2","status":"publish","type":"product","link":"https:\/\/staging.forenteforlag.no\/forlaget\/produkt\/crux-2\/","title":{"rendered":"Crux"},"content":{"rendered":"<p>Nationaltheatret T-banestasjon: Norges nyutnevnte utviklingsminister blir alvorlig skadet i det som kan v\u00e6re et terrorangrep. <\/p>\n<p>Noen uker senere blir Liv Eriksson kalt inn til en konfidensiell samtale p\u00e5 politihuset. Hun f\u00e5r vite at Dawit, en ung venn og flyktning fra Eritrea, er blitt dratt inn i en kriminell gjeng. Da statsr\u00e5den ble fors\u00f8kt drept, befant Dawit seg like ved, sammen med den karismatiske gjenglederen Yonas. <\/p>\n<p>Angrepet p\u00e5 statsr\u00e5den er fremdeles et mysterium for etterforskerne. Ligger l\u00f8sningen i det media kaller &#8216;gjengsporet&#8217;? For Liv haster det med \u00e5 bevise Dawits uskyld, og redde ham ut av Yonas&#8217; grep. En mistanke f\u00e5r Liv til \u00e5 reise til Haiti for \u00e5 finne svar. For sent oppdager hun at hun samtidig river opp gamle s\u00e5r, og hun tvinges til \u00e5 mobilisere alt hun har av ressurser for \u00e5 redde seg selv og andre.<\/p>\n","protected":false},"excerpt":{"rendered":"<p>Nationaltheatret T-banestasjon: Norges nyutnevnte utviklingsminister blir alvorlig skadet i det som kan v\u00e6re et terrorangrep. Noen uker senere blir Liv Eriksson kalt inn til en konfidensiell samtale p\u00e5 politihuset. Hun f\u00e5r vite at Dawit, en ung venn og flyktning fra Eritrea, er blitt dratt inn i en kriminell gjeng. Da statsr\u00e5den ble fors\u00f8kt drept, befant [&hellip;]<\/p>\n","protected":false},"featured_media":26462,"template":"","meta":{"_acf_changed":false,"inline_featured_image":false},"product_brand":[],"product_cat":[1781],"product_tag":[1095,377,1732,370],"class_list":{"0":"post-22303","1":"product","2":"type-product","3":"status-publish","4":"has-post-thumbnail","6":"product_cat-rabattkodekampanje","7":"product_tag-grafiske-romaner","8":"product_tag-oslo","9":"product_tag-psykologiske-thrillere","10":"product_tag-skjonnlitteratur","12":"first","13":"instock","14":"shipping-taxable","15":"purchasable","16":"product-type-simple"},"acf":{"anmeldelse":[{"tekst_anmeldelser":"\u00abSimonsen har godt grep om stoffet sitt. \u00c6kksjn-scenene er mange, de drives friskt framover.\u00bb","av_anmeldelser":"Leif Ekle","terningkast":false,"kilde":"NRK"},{"tekst_anmeldelser":"\u00abHeftig adrenalinkick! Crux er befriende, frisk og spennende lesing fra begynnelse til slutt. [...] Vi trenger hardtsl\u00e5ende damer i norsk spenningslitteratur, og de blir ikke t\u00f8ffere enn Liv Eriksson. Og s\u00e5 trenger vi nye norske forfattere som v\u00e5ger \u00e5 l\u00f8fte det stemoderlig behandlede actionthrillerformatet til nye h\u00f8yder. Sven G. Simonsen gj\u00f8r akkurat det.\u00bb","av_anmeldelser":"Geir Tangen","terningkast":"<i class=\"fa-solid fa-dice-five\"><\/i>","kilde":"Bokbloggeir"},{"tekst_anmeldelser":"\u00abEn vesentlig \u00e5rsak til at Sven G. Simonsen med denne boken n\u00e5 befester sin posisjon som dreven kriminalforfatter, er ogs\u00e5 at han skriver s\u00e6rdeles godt.    Dialoger, milj\u00f8- og personskildringer er b\u00e5de n\u00f8kterne og levende p\u00e5 samme tid . og kjemisk frie for klisjeer og spekulative elementer. Det samme gjelder de actionpregede scenene som ruller like effektivt som p\u00e5 film.\u00bb","av_anmeldelser":"Jon Gangdal, forfatter og Everest-bestiger","terningkast":false,"kilde":"Klatring"},{"tekst_anmeldelser":"\u00abSimonsen forener actionthrillerens krav til spenning med seri\u00f8se dypdykk i blant annet bistandsarbeid og internasjonal kriminalitet. Det er et bra prosjekt.\u00bb","av_anmeldelser":"Ole Jacob Hoel","terningkast":false,"kilde":"Adresseavisen"},{"tekst_anmeldelser":"\u00abSven G. Simonsen fremst\u00e5r som en habil krimforfatter, og fortellingen vinner p\u00e5 forfatterens bakgrunn som journalist og bistandsarbeider.\u00bb","av_anmeldelser":"Bj\u00f8rn Johannessen","terningkast":false,"kilde":"Bistandsaktuelt"},{"tekst_anmeldelser":"\u00abFylt med spenning og action.\u00bb","av_anmeldelser":"Sven Gjerulsen","terningkast":false,"kilde":"Tvedestrandsposten"}]},"yoast_head":"<!-- This site is optimized with the Yoast SEO plugin v26.6 - https:\/\/yoast.com\/wordpress\/plugins\/seo\/ -->\n<title>Crux - Forlaget Press<\/title>\n<meta name=\"robots\" content=\"noindex, follow, max-snippet:-1, max-image-preview:large, max-video-preview:-1\" \/>\n<meta property=\"og:locale\" content=\"nb_NO\" \/>\n<meta property=\"og:type\" content=\"article\" \/>\n<meta property=\"og:title\" content=\"Crux - Forlaget Press\" \/>\n<meta property=\"og:description\" content=\"Nationaltheatret T-banestasjon: Norges nyutnevnte utviklingsminister blir alvorlig skadet i det som kan v\u00e6re et terrorangrep. Noen uker senere blir Liv Eriksson kalt inn til en konfidensiell samtale p\u00e5 politihuset. Hun f\u00e5r vite at Dawit, en ung venn og flyktning fra Eritrea, er blitt dratt inn i en kriminell gjeng. Da statsr\u00e5den ble fors\u00f8kt drept, befant [&hellip;]\" \/>\n<meta property=\"og:url\" content=\"https:\/\/staging.forenteforlag.no\/forlaget\/produkt\/crux-2\/\" \/>\n<meta property=\"og:site_name\" content=\"Forlaget Press\" \/>\n<meta property=\"article:publisher\" content=\"https:\/\/www.facebook.com\/Forlagetpress\" \/>\n<meta property=\"article:modified_time\" content=\"2026-03-04T12:56:47+00:00\" \/>\n<meta property=\"og:image\" content=\"https:\/\/staging.forenteforlag.no\/forlaget\/wp-content\/uploads\/sites\/3\/2026\/02\/9788232804597.jpg\" \/>\n\t<meta property=\"og:image:width\" content=\"720\" \/>\n\t<meta property=\"og:image:height\" content=\"1063\" \/>\n\t<meta property=\"og:image:type\" content=\"image\/jpeg\" \/>\n<meta name=\"twitter:card\" content=\"summary_large_image\" \/>\n<meta name=\"twitter:label1\" content=\"Ansl. lesetid\" \/>\n\t<meta name=\"twitter:data1\" content=\"1 minutt\" \/>\n<script type=\"application\/ld+json\" class=\"yoast-schema-graph\">{\"@context\":\"https:\/\/schema.org\",\"@graph\":[{\"@type\":\"WebPage\",\"@id\":\"https:\/\/staging.forenteforlag.no\/forlaget\/produkt\/crux-2\/\",\"url\":\"https:\/\/staging.forenteforlag.no\/forlaget\/produkt\/crux-2\/\",\"name\":\"Crux - Forlaget Press\",\"isPartOf\":{\"@id\":\"https:\/\/staging.forenteforlag.no\/forlaget\/#website\"},\"primaryImageOfPage\":{\"@id\":\"https:\/\/staging.forenteforlag.no\/forlaget\/produkt\/crux-2\/#primaryimage\"},\"image\":{\"@id\":\"https:\/\/staging.forenteforlag.no\/forlaget\/produkt\/crux-2\/#primaryimage\"},\"thumbnailUrl\":\"https:\/\/staging.forenteforlag.no\/forlaget\/wp-content\/uploads\/sites\/3\/2026\/02\/9788232804597.jpg\",\"datePublished\":\"2022-02-28T00:00:00+00:00\",\"dateModified\":\"2026-03-04T12:56:47+00:00\",\"breadcrumb\":{\"@id\":\"https:\/\/staging.forenteforlag.no\/forlaget\/produkt\/crux-2\/#breadcrumb\"},\"inLanguage\":\"nb-NO\",\"potentialAction\":[{\"@type\":\"ReadAction\",\"target\":[\"https:\/\/staging.forenteforlag.no\/forlaget\/produkt\/crux-2\/\"]}]},{\"@type\":\"ImageObject\",\"inLanguage\":\"nb-NO\",\"@id\":\"https:\/\/staging.forenteforlag.no\/forlaget\/produkt\/crux-2\/#primaryimage\",\"url\":\"https:\/\/staging.forenteforlag.no\/forlaget\/wp-content\/uploads\/sites\/3\/2026\/02\/9788232804597.jpg\",\"contentUrl\":\"https:\/\/staging.forenteforlag.no\/forlaget\/wp-content\/uploads\/sites\/3\/2026\/02\/9788232804597.jpg\",\"width\":720,\"height\":1063},{\"@type\":\"BreadcrumbList\",\"@id\":\"https:\/\/staging.forenteforlag.no\/forlaget\/produkt\/crux-2\/#breadcrumb\",\"itemListElement\":[{\"@type\":\"ListItem\",\"position\":1,\"name\":\"Hjem\",\"item\":\"https:\/\/staging.forenteforlag.no\/forlaget\/\"},{\"@type\":\"ListItem\",\"position\":2,\"name\":\"Alle b\u00f8ker\",\"item\":\"https:\/\/staging.forenteforlag.no\/forlaget\/butikk\/\"},{\"@type\":\"ListItem\",\"position\":3,\"name\":\"Crux\"}]},{\"@type\":\"WebSite\",\"@id\":\"https:\/\/staging.forenteforlag.no\/forlaget\/#website\",\"url\":\"https:\/\/staging.forenteforlag.no\/forlaget\/\",\"name\":\"Forlaget Press\",\"description\":\"\",\"publisher\":{\"@id\":\"https:\/\/staging.forenteforlag.no\/forlaget\/#organization\"},\"potentialAction\":[{\"@type\":\"SearchAction\",\"target\":{\"@type\":\"EntryPoint\",\"urlTemplate\":\"https:\/\/staging.forenteforlag.no\/forlaget\/?s={search_term_string}\"},\"query-input\":{\"@type\":\"PropertyValueSpecification\",\"valueRequired\":true,\"valueName\":\"search_term_string\"}}],\"inLanguage\":\"nb-NO\"},{\"@type\":\"Organization\",\"@id\":\"https:\/\/staging.forenteforlag.no\/forlaget\/#organization\",\"name\":\"Forlaget Press\",\"url\":\"https:\/\/staging.forenteforlag.no\/forlaget\/\",\"logo\":{\"@type\":\"ImageObject\",\"inLanguage\":\"nb-NO\",\"@id\":\"https:\/\/staging.forenteforlag.no\/forlaget\/#\/schema\/logo\/image\/\",\"url\":\"https:\/\/staging.forenteforlag.no\/forlaget\/wp-content\/uploads\/sites\/3\/2024\/09\/Press_logo.svg\",\"contentUrl\":\"https:\/\/staging.forenteforlag.no\/forlaget\/wp-content\/uploads\/sites\/3\/2024\/09\/Press_logo.svg\",\"width\":100,\"height\":100,\"caption\":\"Forlaget Press\"},\"image\":{\"@id\":\"https:\/\/staging.forenteforlag.no\/forlaget\/#\/schema\/logo\/image\/\"},\"sameAs\":[\"https:\/\/www.facebook.com\/Forlagetpress\"]}]}<\/script>\n<!-- \/ Yoast SEO plugin. -->","yoast_head_json":{"title":"Crux - Forlaget Press","robots":{"index":"noindex","follow":"follow","max-snippet":"max-snippet:-1","max-image-preview":"max-image-preview:large","max-video-preview":"max-video-preview:-1"},"og_locale":"nb_NO","og_type":"article","og_title":"Crux - Forlaget Press","og_description":"Nationaltheatret T-banestasjon: Norges nyutnevnte utviklingsminister blir alvorlig skadet i det som kan v\u00e6re et terrorangrep. Noen uker senere blir Liv Eriksson kalt inn til en konfidensiell samtale p\u00e5 politihuset. Hun f\u00e5r vite at Dawit, en ung venn og flyktning fra Eritrea, er blitt dratt inn i en kriminell gjeng. Da statsr\u00e5den ble fors\u00f8kt drept, befant [&hellip;]","og_url":"https:\/\/staging.forenteforlag.no\/forlaget\/produkt\/crux-2\/","og_site_name":"Forlaget Press","article_publisher":"https:\/\/www.facebook.com\/Forlagetpress","article_modified_time":"2026-03-04T12:56:47+00:00","og_image":[{"width":720,"height":1063,"url":"https:\/\/staging.forenteforlag.no\/forlaget\/wp-content\/uploads\/sites\/3\/2026\/02\/9788232804597.jpg","type":"image\/jpeg"}],"twitter_card":"summary_large_image","twitter_misc":{"Ansl. lesetid":"1 minutt"},"schema":{"@context":"https:\/\/schema.org","@graph":[{"@type":"WebPage","@id":"https:\/\/staging.forenteforlag.no\/forlaget\/produkt\/crux-2\/","url":"https:\/\/staging.forenteforlag.no\/forlaget\/produkt\/crux-2\/","name":"Crux - Forlaget Press","isPartOf":{"@id":"https:\/\/staging.forenteforlag.no\/forlaget\/#website"},"primaryImageOfPage":{"@id":"https:\/\/staging.forenteforlag.no\/forlaget\/produkt\/crux-2\/#primaryimage"},"image":{"@id":"https:\/\/staging.forenteforlag.no\/forlaget\/produkt\/crux-2\/#primaryimage"},"thumbnailUrl":"https:\/\/staging.forenteforlag.no\/forlaget\/wp-content\/uploads\/sites\/3\/2026\/02\/9788232804597.jpg","datePublished":"2022-02-28T00:00:00+00:00","dateModified":"2026-03-04T12:56:47+00:00","breadcrumb":{"@id":"https:\/\/staging.forenteforlag.no\/forlaget\/produkt\/crux-2\/#breadcrumb"},"inLanguage":"nb-NO","potentialAction":[{"@type":"ReadAction","target":["https:\/\/staging.forenteforlag.no\/forlaget\/produkt\/crux-2\/"]}]},{"@type":"ImageObject","inLanguage":"nb-NO","@id":"https:\/\/staging.forenteforlag.no\/forlaget\/produkt\/crux-2\/#primaryimage","url":"https:\/\/staging.forenteforlag.no\/forlaget\/wp-content\/uploads\/sites\/3\/2026\/02\/9788232804597.jpg","contentUrl":"https:\/\/staging.forenteforlag.no\/forlaget\/wp-content\/uploads\/sites\/3\/2026\/02\/9788232804597.jpg","width":720,"height":1063},{"@type":"BreadcrumbList","@id":"https:\/\/staging.forenteforlag.no\/forlaget\/produkt\/crux-2\/#breadcrumb","itemListElement":[{"@type":"ListItem","position":1,"name":"Hjem","item":"https:\/\/staging.forenteforlag.no\/forlaget\/"},{"@type":"ListItem","position":2,"name":"Alle b\u00f8ker","item":"https:\/\/staging.forenteforlag.no\/forlaget\/butikk\/"},{"@type":"ListItem","position":3,"name":"Crux"}]},{"@type":"WebSite","@id":"https:\/\/staging.forenteforlag.no\/forlaget\/#website","url":"https:\/\/staging.forenteforlag.no\/forlaget\/","name":"Forlaget Press","description":"","publisher":{"@id":"https:\/\/staging.forenteforlag.no\/forlaget\/#organization"},"potentialAction":[{"@type":"SearchAction","target":{"@type":"EntryPoint","urlTemplate":"https:\/\/staging.forenteforlag.no\/forlaget\/?s={search_term_string}"},"query-input":{"@type":"PropertyValueSpecification","valueRequired":true,"valueName":"search_term_string"}}],"inLanguage":"nb-NO"},{"@type":"Organization","@id":"https:\/\/staging.forenteforlag.no\/forlaget\/#organization","name":"Forlaget Press","url":"https:\/\/staging.forenteforlag.no\/forlaget\/","logo":{"@type":"ImageObject","inLanguage":"nb-NO","@id":"https:\/\/staging.forenteforlag.no\/forlaget\/#\/schema\/logo\/image\/","url":"https:\/\/staging.forenteforlag.no\/forlaget\/wp-content\/uploads\/sites\/3\/2024\/09\/Press_logo.svg","contentUrl":"https:\/\/staging.forenteforlag.no\/forlaget\/wp-content\/uploads\/sites\/3\/2024\/09\/Press_logo.svg","width":100,"height":100,"caption":"Forlaget Press"},"image":{"@id":"https:\/\/staging.forenteforlag.no\/forlaget\/#\/schema\/logo\/image\/"},"sameAs":["https:\/\/www.facebook.com\/Forlagetpress"]}]}},"_links":{"self":[{"href":"https:\/\/staging.forenteforlag.no\/forlaget\/wp-json\/wp\/v2\/product\/22303","targetHints":{"allow":["GET"]}}],"collection":[{"href":"https:\/\/staging.forenteforlag.no\/forlaget\/wp-json\/wp\/v2\/product"}],"about":[{"href":"https:\/\/staging.forenteforlag.no\/forlaget\/wp-json\/wp\/v2\/types\/product"}],"wp:featuredmedia":[{"embeddable":true,"href":"https:\/\/staging.forenteforlag.no\/forlaget\/wp-json\/wp\/v2\/media\/26462"}],"wp:attachment":[{"href":"https:\/\/staging.forenteforlag.no\/forlaget\/wp-json\/wp\/v2\/media?parent=22303"}],"wp:term":[{"taxonomy":"product_brand","embeddable":true,"href":"https:\/\/staging.forenteforlag.no\/forlaget\/wp-json\/wp\/v2\/product_brand?post=22303"},{"taxonomy":"product_cat","embeddable":true,"href":"https:\/\/staging.forenteforlag.no\/forlaget\/wp-json\/wp\/v2\/product_cat?post=22303"},{"taxonomy":"product_tag","embeddable":true,"href":"https:\/\/staging.forenteforlag.no\/forlaget\/wp-json\/wp\/v2\/product_tag?post=22303"}],"curies":[{"name":"wp","href":"https:\/\/api.w.org\/{rel}","templated":true}]}}