{"id":22299,"date":"2022-05-09T02:00:00","date_gmt":"2022-05-09T00:00:00","guid":{"rendered":"https:\/\/forlagetpress.forenteforlag.no\/produkt\/lincoln-highway-3\/"},"modified":"2026-03-02T16:58:16","modified_gmt":"2026-03-02T15:58:16","slug":"lincoln-highway-3","status":"publish","type":"product","link":"https:\/\/staging.forenteforlag.no\/forlaget\/produkt\/lincoln-highway-3\/","title":{"rendered":"Lincoln Highway"},"content":{"rendered":"<p>Ny bok fra forfatteren av En gentleman i Moskva! <\/p>\n<p>Juni 1954. Atten \u00e5r gamle Emmett Watson blir kj\u00f8rt hjem til Nebraska av bestyreren p\u00e5 straffeanstalten i Kansas hvor han har sonet femten m\u00e5neder for uaktsomt drap. Med en mor som forlot dem for mange \u00e5r siden, en far som nylig har d\u00f8dd, og familieg\u00e5rden lagt ut p\u00e5 tvangssalg, har Emmett en plan om \u00e5 hente sin \u00e5tte \u00e5r gamle bror og dra vestover for \u00e5 starte et nytt liv. Men etter at bestyreren kj\u00f8rer sin vei oppdager Emmett at to venner fra straffeanstalten hadde gjemt seg i bilens bagasjerom. Sammen har de to lagt en helt annen plan for Emmetts fremtid, en plan som vil ta dem p\u00e5 en skjebnesvanger reise i motsatt retning &#8211; til New York City.<\/p>\n","protected":false},"excerpt":{"rendered":"<p>Ny bok fra forfatteren av En gentleman i Moskva! Juni 1954. Atten \u00e5r gamle Emmett Watson blir kj\u00f8rt hjem til Nebraska av bestyreren p\u00e5 straffeanstalten i Kansas hvor han har sonet femten m\u00e5neder for uaktsomt drap. Med en mor som forlot dem for mange \u00e5r siden, en far som nylig har d\u00f8dd, og familieg\u00e5rden lagt [&hellip;]<\/p>\n","protected":false},"featured_media":26457,"template":"","meta":{"_acf_changed":false,"inline_featured_image":false},"product_brand":[],"product_cat":[1781],"product_tag":[370],"class_list":{"0":"post-22299","1":"product","2":"type-product","3":"status-publish","4":"has-post-thumbnail","6":"product_cat-rabattkodekampanje","7":"product_tag-skjonnlitteratur","9":"first","10":"instock","11":"shipping-taxable","12":"purchasable","13":"product-type-simple"},"acf":{"anmeldelse":[{"tekst_anmeldelser":"\u00abTowles besitter en Jan Kj\u00e6rstadsk evne til \u00e5 skape unike stemmer og pusle sammen historier med en haug av forskjellige biter. Eve-Marie Lund har gjort en bragd med \u00e5 oversette boka og beholde essensen i karakterene. (...) sjeldent medrivende lesing, og det fra begynnelse til slutt.\u00bb","av_anmeldelser":"Joakim Tj\u00f8stheim","terningkast":"<i class=\"fa-solid fa-dice-five\"><\/i>","kilde":"Dagbladet"},{"tekst_anmeldelser":"\u00abKlokt og enormt underholdende . gjennomsyret av lys, vidd og ungdommelighet.\u00bb","av_anmeldelser":"","terningkast":false,"kilde":"The New York Times Book Review"},{"tekst_anmeldelser":"\u00abPerfekt sommerlesing.\u00bb","av_anmeldelser":"Ole Jacob Hoel","terningkast":"<i class=\"fa-solid fa-dice-five\"><\/i>","kilde":"Adresseavisen"},{"tekst_anmeldelser":"\u00abLincoln Highway er en lang og svingete vei, men en vei som Towles. brokete gjeng navigerer med hjerne, hjerte og mot.\u00bb","av_anmeldelser":"Hamilton Cain","terningkast":false,"kilde":"Washington Post"},{"tekst_anmeldelser":"\u00abLa for all del Amor Towles ta deg med p\u00e5 denne road trip.en! \u00abLincoln Highway\u00bb bobler over av skarpe betraktninger og fortellerglede.\u00bb","av_anmeldelser":"Oda Faremo Lindholm","terningkast":"<i class=\"fa-solid fa-dice-six\"><\/i>","kilde":"VG"}]},"yoast_head":"<!-- This site is optimized with the Yoast SEO plugin v26.6 - https:\/\/yoast.com\/wordpress\/plugins\/seo\/ -->\n<title>Lincoln Highway - Forlaget Press<\/title>\n<meta name=\"robots\" content=\"noindex, follow, max-snippet:-1, max-image-preview:large, max-video-preview:-1\" \/>\n<meta property=\"og:locale\" content=\"nb_NO\" \/>\n<meta property=\"og:type\" content=\"article\" \/>\n<meta property=\"og:title\" content=\"Lincoln Highway - Forlaget Press\" \/>\n<meta property=\"og:description\" content=\"Ny bok fra forfatteren av En gentleman i Moskva! Juni 1954. Atten \u00e5r gamle Emmett Watson blir kj\u00f8rt hjem til Nebraska av bestyreren p\u00e5 straffeanstalten i Kansas hvor han har sonet femten m\u00e5neder for uaktsomt drap. Med en mor som forlot dem for mange \u00e5r siden, en far som nylig har d\u00f8dd, og familieg\u00e5rden lagt [&hellip;]\" \/>\n<meta property=\"og:url\" content=\"https:\/\/staging.forenteforlag.no\/forlaget\/produkt\/lincoln-highway-3\/\" \/>\n<meta property=\"og:site_name\" content=\"Forlaget Press\" \/>\n<meta property=\"article:publisher\" content=\"https:\/\/www.facebook.com\/Forlagetpress\" \/>\n<meta property=\"article:modified_time\" content=\"2026-03-02T15:58:16+00:00\" \/>\n<meta property=\"og:image\" content=\"https:\/\/staging.forenteforlag.no\/forlaget\/wp-content\/uploads\/sites\/3\/2026\/02\/9788232804474.jpg\" \/>\n\t<meta property=\"og:image:width\" content=\"720\" \/>\n\t<meta property=\"og:image:height\" content=\"1053\" \/>\n\t<meta property=\"og:image:type\" content=\"image\/jpeg\" \/>\n<meta name=\"twitter:card\" content=\"summary_large_image\" \/>\n<meta name=\"twitter:label1\" content=\"Ansl. lesetid\" \/>\n\t<meta name=\"twitter:data1\" content=\"1 minutt\" \/>\n<script type=\"application\/ld+json\" class=\"yoast-schema-graph\">{\"@context\":\"https:\/\/schema.org\",\"@graph\":[{\"@type\":\"WebPage\",\"@id\":\"https:\/\/staging.forenteforlag.no\/forlaget\/produkt\/lincoln-highway-3\/\",\"url\":\"https:\/\/staging.forenteforlag.no\/forlaget\/produkt\/lincoln-highway-3\/\",\"name\":\"Lincoln Highway - Forlaget Press\",\"isPartOf\":{\"@id\":\"https:\/\/staging.forenteforlag.no\/forlaget\/#website\"},\"primaryImageOfPage\":{\"@id\":\"https:\/\/staging.forenteforlag.no\/forlaget\/produkt\/lincoln-highway-3\/#primaryimage\"},\"image\":{\"@id\":\"https:\/\/staging.forenteforlag.no\/forlaget\/produkt\/lincoln-highway-3\/#primaryimage\"},\"thumbnailUrl\":\"https:\/\/staging.forenteforlag.no\/forlaget\/wp-content\/uploads\/sites\/3\/2026\/02\/9788232804474.jpg\",\"datePublished\":\"2022-05-09T00:00:00+00:00\",\"dateModified\":\"2026-03-02T15:58:16+00:00\",\"breadcrumb\":{\"@id\":\"https:\/\/staging.forenteforlag.no\/forlaget\/produkt\/lincoln-highway-3\/#breadcrumb\"},\"inLanguage\":\"nb-NO\",\"potentialAction\":[{\"@type\":\"ReadAction\",\"target\":[\"https:\/\/staging.forenteforlag.no\/forlaget\/produkt\/lincoln-highway-3\/\"]}]},{\"@type\":\"ImageObject\",\"inLanguage\":\"nb-NO\",\"@id\":\"https:\/\/staging.forenteforlag.no\/forlaget\/produkt\/lincoln-highway-3\/#primaryimage\",\"url\":\"https:\/\/staging.forenteforlag.no\/forlaget\/wp-content\/uploads\/sites\/3\/2026\/02\/9788232804474.jpg\",\"contentUrl\":\"https:\/\/staging.forenteforlag.no\/forlaget\/wp-content\/uploads\/sites\/3\/2026\/02\/9788232804474.jpg\",\"width\":720,\"height\":1053},{\"@type\":\"BreadcrumbList\",\"@id\":\"https:\/\/staging.forenteforlag.no\/forlaget\/produkt\/lincoln-highway-3\/#breadcrumb\",\"itemListElement\":[{\"@type\":\"ListItem\",\"position\":1,\"name\":\"Hjem\",\"item\":\"https:\/\/staging.forenteforlag.no\/forlaget\/\"},{\"@type\":\"ListItem\",\"position\":2,\"name\":\"Alle b\u00f8ker\",\"item\":\"https:\/\/staging.forenteforlag.no\/forlaget\/butikk\/\"},{\"@type\":\"ListItem\",\"position\":3,\"name\":\"Lincoln Highway\"}]},{\"@type\":\"WebSite\",\"@id\":\"https:\/\/staging.forenteforlag.no\/forlaget\/#website\",\"url\":\"https:\/\/staging.forenteforlag.no\/forlaget\/\",\"name\":\"Forlaget Press\",\"description\":\"\",\"publisher\":{\"@id\":\"https:\/\/staging.forenteforlag.no\/forlaget\/#organization\"},\"potentialAction\":[{\"@type\":\"SearchAction\",\"target\":{\"@type\":\"EntryPoint\",\"urlTemplate\":\"https:\/\/staging.forenteforlag.no\/forlaget\/?s={search_term_string}\"},\"query-input\":{\"@type\":\"PropertyValueSpecification\",\"valueRequired\":true,\"valueName\":\"search_term_string\"}}],\"inLanguage\":\"nb-NO\"},{\"@type\":\"Organization\",\"@id\":\"https:\/\/staging.forenteforlag.no\/forlaget\/#organization\",\"name\":\"Forlaget Press\",\"url\":\"https:\/\/staging.forenteforlag.no\/forlaget\/\",\"logo\":{\"@type\":\"ImageObject\",\"inLanguage\":\"nb-NO\",\"@id\":\"https:\/\/staging.forenteforlag.no\/forlaget\/#\/schema\/logo\/image\/\",\"url\":\"https:\/\/staging.forenteforlag.no\/forlaget\/wp-content\/uploads\/sites\/3\/2024\/09\/Press_logo.svg\",\"contentUrl\":\"https:\/\/staging.forenteforlag.no\/forlaget\/wp-content\/uploads\/sites\/3\/2024\/09\/Press_logo.svg\",\"width\":100,\"height\":100,\"caption\":\"Forlaget Press\"},\"image\":{\"@id\":\"https:\/\/staging.forenteforlag.no\/forlaget\/#\/schema\/logo\/image\/\"},\"sameAs\":[\"https:\/\/www.facebook.com\/Forlagetpress\"]}]}<\/script>\n<!-- \/ Yoast SEO plugin. -->","yoast_head_json":{"title":"Lincoln Highway - Forlaget Press","robots":{"index":"noindex","follow":"follow","max-snippet":"max-snippet:-1","max-image-preview":"max-image-preview:large","max-video-preview":"max-video-preview:-1"},"og_locale":"nb_NO","og_type":"article","og_title":"Lincoln Highway - Forlaget Press","og_description":"Ny bok fra forfatteren av En gentleman i Moskva! Juni 1954. Atten \u00e5r gamle Emmett Watson blir kj\u00f8rt hjem til Nebraska av bestyreren p\u00e5 straffeanstalten i Kansas hvor han har sonet femten m\u00e5neder for uaktsomt drap. Med en mor som forlot dem for mange \u00e5r siden, en far som nylig har d\u00f8dd, og familieg\u00e5rden lagt [&hellip;]","og_url":"https:\/\/staging.forenteforlag.no\/forlaget\/produkt\/lincoln-highway-3\/","og_site_name":"Forlaget Press","article_publisher":"https:\/\/www.facebook.com\/Forlagetpress","article_modified_time":"2026-03-02T15:58:16+00:00","og_image":[{"width":720,"height":1053,"url":"https:\/\/staging.forenteforlag.no\/forlaget\/wp-content\/uploads\/sites\/3\/2026\/02\/9788232804474.jpg","type":"image\/jpeg"}],"twitter_card":"summary_large_image","twitter_misc":{"Ansl. lesetid":"1 minutt"},"schema":{"@context":"https:\/\/schema.org","@graph":[{"@type":"WebPage","@id":"https:\/\/staging.forenteforlag.no\/forlaget\/produkt\/lincoln-highway-3\/","url":"https:\/\/staging.forenteforlag.no\/forlaget\/produkt\/lincoln-highway-3\/","name":"Lincoln Highway - Forlaget Press","isPartOf":{"@id":"https:\/\/staging.forenteforlag.no\/forlaget\/#website"},"primaryImageOfPage":{"@id":"https:\/\/staging.forenteforlag.no\/forlaget\/produkt\/lincoln-highway-3\/#primaryimage"},"image":{"@id":"https:\/\/staging.forenteforlag.no\/forlaget\/produkt\/lincoln-highway-3\/#primaryimage"},"thumbnailUrl":"https:\/\/staging.forenteforlag.no\/forlaget\/wp-content\/uploads\/sites\/3\/2026\/02\/9788232804474.jpg","datePublished":"2022-05-09T00:00:00+00:00","dateModified":"2026-03-02T15:58:16+00:00","breadcrumb":{"@id":"https:\/\/staging.forenteforlag.no\/forlaget\/produkt\/lincoln-highway-3\/#breadcrumb"},"inLanguage":"nb-NO","potentialAction":[{"@type":"ReadAction","target":["https:\/\/staging.forenteforlag.no\/forlaget\/produkt\/lincoln-highway-3\/"]}]},{"@type":"ImageObject","inLanguage":"nb-NO","@id":"https:\/\/staging.forenteforlag.no\/forlaget\/produkt\/lincoln-highway-3\/#primaryimage","url":"https:\/\/staging.forenteforlag.no\/forlaget\/wp-content\/uploads\/sites\/3\/2026\/02\/9788232804474.jpg","contentUrl":"https:\/\/staging.forenteforlag.no\/forlaget\/wp-content\/uploads\/sites\/3\/2026\/02\/9788232804474.jpg","width":720,"height":1053},{"@type":"BreadcrumbList","@id":"https:\/\/staging.forenteforlag.no\/forlaget\/produkt\/lincoln-highway-3\/#breadcrumb","itemListElement":[{"@type":"ListItem","position":1,"name":"Hjem","item":"https:\/\/staging.forenteforlag.no\/forlaget\/"},{"@type":"ListItem","position":2,"name":"Alle b\u00f8ker","item":"https:\/\/staging.forenteforlag.no\/forlaget\/butikk\/"},{"@type":"ListItem","position":3,"name":"Lincoln Highway"}]},{"@type":"WebSite","@id":"https:\/\/staging.forenteforlag.no\/forlaget\/#website","url":"https:\/\/staging.forenteforlag.no\/forlaget\/","name":"Forlaget Press","description":"","publisher":{"@id":"https:\/\/staging.forenteforlag.no\/forlaget\/#organization"},"potentialAction":[{"@type":"SearchAction","target":{"@type":"EntryPoint","urlTemplate":"https:\/\/staging.forenteforlag.no\/forlaget\/?s={search_term_string}"},"query-input":{"@type":"PropertyValueSpecification","valueRequired":true,"valueName":"search_term_string"}}],"inLanguage":"nb-NO"},{"@type":"Organization","@id":"https:\/\/staging.forenteforlag.no\/forlaget\/#organization","name":"Forlaget Press","url":"https:\/\/staging.forenteforlag.no\/forlaget\/","logo":{"@type":"ImageObject","inLanguage":"nb-NO","@id":"https:\/\/staging.forenteforlag.no\/forlaget\/#\/schema\/logo\/image\/","url":"https:\/\/staging.forenteforlag.no\/forlaget\/wp-content\/uploads\/sites\/3\/2024\/09\/Press_logo.svg","contentUrl":"https:\/\/staging.forenteforlag.no\/forlaget\/wp-content\/uploads\/sites\/3\/2024\/09\/Press_logo.svg","width":100,"height":100,"caption":"Forlaget Press"},"image":{"@id":"https:\/\/staging.forenteforlag.no\/forlaget\/#\/schema\/logo\/image\/"},"sameAs":["https:\/\/www.facebook.com\/Forlagetpress"]}]}},"_links":{"self":[{"href":"https:\/\/staging.forenteforlag.no\/forlaget\/wp-json\/wp\/v2\/product\/22299","targetHints":{"allow":["GET"]}}],"collection":[{"href":"https:\/\/staging.forenteforlag.no\/forlaget\/wp-json\/wp\/v2\/product"}],"about":[{"href":"https:\/\/staging.forenteforlag.no\/forlaget\/wp-json\/wp\/v2\/types\/product"}],"wp:featuredmedia":[{"embeddable":true,"href":"https:\/\/staging.forenteforlag.no\/forlaget\/wp-json\/wp\/v2\/media\/26457"}],"wp:attachment":[{"href":"https:\/\/staging.forenteforlag.no\/forlaget\/wp-json\/wp\/v2\/media?parent=22299"}],"wp:term":[{"taxonomy":"product_brand","embeddable":true,"href":"https:\/\/staging.forenteforlag.no\/forlaget\/wp-json\/wp\/v2\/product_brand?post=22299"},{"taxonomy":"product_cat","embeddable":true,"href":"https:\/\/staging.forenteforlag.no\/forlaget\/wp-json\/wp\/v2\/product_cat?post=22299"},{"taxonomy":"product_tag","embeddable":true,"href":"https:\/\/staging.forenteforlag.no\/forlaget\/wp-json\/wp\/v2\/product_tag?post=22299"}],"curies":[{"name":"wp","href":"https:\/\/api.w.org\/{rel}","templated":true}]}}