{"id":22284,"date":"2023-01-03T01:00:00","date_gmt":"2023-01-03T00:00:00","guid":{"rendered":"https:\/\/forlagetpress.forenteforlag.no\/produkt\/om-utregning-av-romfang-7\/"},"modified":"2026-03-03T18:47:15","modified_gmt":"2026-03-03T17:47:15","slug":"om-utregning-av-romfang-7","status":"publish","type":"product","link":"https:\/\/staging.forenteforlag.no\/forlaget\/produkt\/om-utregning-av-romfang-7\/","title":{"rendered":"Om utregning av romfang"},"content":{"rendered":"<p>Ute p\u00e5 en kort reise opplever Tara Selter plutselig at tiden er g\u00e5tt i stykker. Hun st\u00e5r fast i attende november og dagen gjentar seg om og om igjen. Hun reiser hjem til ektemannen Thomas, som ikke er fanget i tiden som henne. Hver morgen m\u00e5 hun forklare ham om sin virkelighet med vissheten om at neste dag vil forl\u00f8pe p\u00e5 samme m\u00e5te. Mens de pr\u00f8ver \u00e5 tilpasse seg den regnfulle novemberdagen, begynner de \u00e5 forst\u00e5 konsekvensene av tidens stillstand.   <\/p>\n<p>. <\/p>\n<p>Om utregning av romfang 1 er en stor litter\u00e6r begivenhet. Solvej Balle har brukt trettifem \u00e5r p\u00e5 dette prosjektet som skal best\u00e5 av sju b\u00f8ker. De tre f\u00f8rste b\u00f8kene er nominert til Nordisk r\u00e5ds litteraturpris og har f\u00e5tt en fabelaktig mottakelse i hjemlandet Danmark.  <\/p>\n<p>VINNER AV NORDISK R\u00c5DS LITTERATURPRIS 2022<\/p>\n","protected":false},"excerpt":{"rendered":"<p>Ute p\u00e5 en kort reise opplever Tara Selter plutselig at tiden er g\u00e5tt i stykker. Hun st\u00e5r fast i attende november og dagen gjentar seg om og om igjen. Hun reiser hjem til ektemannen Thomas, som ikke er fanget i tiden som henne. Hver morgen m\u00e5 hun forklare ham om sin virkelighet med vissheten om [&hellip;]<\/p>\n","protected":false},"featured_media":26518,"template":"","meta":{"_acf_changed":false,"inline_featured_image":false},"product_brand":[],"product_cat":[1781],"product_tag":[370],"class_list":{"0":"post-22284","1":"product","2":"type-product","3":"status-publish","4":"has-post-thumbnail","6":"product_cat-rabattkodekampanje","7":"product_tag-skjonnlitteratur","9":"first","10":"instock","11":"shipping-taxable","12":"purchasable","13":"product-type-simple"},"acf":{"anmeldelse":[{"tekst_anmeldelser":"\u00abLitter\u00e6rt ballespark! Hennes lyttende spr\u00e5k suger leseren inn i en varsomt sansende erkjennelsesskrift med hint av thrillerens ubehag og smygende klaustrofobi. [...] Sikkert er det at Balle skriver stor litteratur.\u00bb","av_anmeldelser":"Gabriel Michael Vosgraff Moro","terningkast":"<i class=\"fa-solid fa-dice-five\"><\/i>","kilde":"VG"},{"tekst_anmeldelser":"\u00abF\u00f8rste bok i Solvej Balles fors\u00f8k p\u00e5 \u00e5 fange og skildre ei radikal ombygging av tidskjensla er s\u00e5 vel oppslukande som smart utf\u00f8rt. Romanens svar p\u00e5 korleis ein skal f\u00e5 tidas defekt til \u00e5 forsvinne, ligg heilt ope. Det er ein cliffhanger betre enn nokon.\u00bb","av_anmeldelser":"Margunn Vikingstad","terningkast":"<i class=\"fa-solid fa-dice-five\"><\/i>","kilde":"Morgenbladet"},{"tekst_anmeldelser":"\u00abRomanen er fylt av et taktilt, konkret og treffende eksistensskapende univers, fanget i glitrende formuleringer.\u00bb","av_anmeldelser":"Astrid Fosvold","terningkast":false,"kilde":"V\u00e5rt Land"},{"tekst_anmeldelser":"\u00abNoe av det mest interessante jeg har lest p\u00e5 flere \u00e5r [...] Dette er litteratur p\u00e5 sitt beste, som gj\u00f8r verden litt ny og frisk. Som om du har f\u00e5tt skarpe briller og nytt h\u00f8reapparat. Og oppdager at den veldig vanlige hverdagen er ganske digg og helt spesiell, hvis du bare stopper opp og kobler deg p\u00e5.\u00bb","av_anmeldelser":"Mari Grydeland","terningkast":false,"kilde":"Aftenposten"},{"tekst_anmeldelser":"\u00abDet er neppe tvil om at Solvej Balle her bereder grunnen for et storverk som nok m\u00e5 betraktes som hennes andre hovedverk, ja kanskje selve hennes magnum opus.\u00bb","av_anmeldelser":"Sigmund Jensen","terningkast":"<i class=\"fa-solid fa-dice-five\"><\/i>","kilde":"Stavanger Aftenblad"},{"tekst_anmeldelser":"\u00abDet er ei utprega litter\u00e6r oppleving [...] Solvej Balle brukar spr\u00e5ket som lommelykt og gravereiskap, og vekselvis opplyser og undergrev fundamentet i den eksistensen vi kjenner som v\u00e5r.\u00bb","av_anmeldelser":"Eivind Myklebust","terningkast":false,"kilde":"Klassekampen"}]},"yoast_head":"<!-- This site is optimized with the Yoast SEO plugin v26.6 - https:\/\/yoast.com\/wordpress\/plugins\/seo\/ -->\n<title>Om utregning av romfang - Forlaget Press<\/title>\n<meta name=\"robots\" content=\"noindex, follow, max-snippet:-1, max-image-preview:large, max-video-preview:-1\" \/>\n<meta property=\"og:locale\" content=\"nb_NO\" \/>\n<meta property=\"og:type\" content=\"article\" \/>\n<meta property=\"og:title\" content=\"Om utregning av romfang - Forlaget Press\" \/>\n<meta property=\"og:description\" content=\"Ute p\u00e5 en kort reise opplever Tara Selter plutselig at tiden er g\u00e5tt i stykker. Hun st\u00e5r fast i attende november og dagen gjentar seg om og om igjen. Hun reiser hjem til ektemannen Thomas, som ikke er fanget i tiden som henne. Hver morgen m\u00e5 hun forklare ham om sin virkelighet med vissheten om [&hellip;]\" \/>\n<meta property=\"og:url\" content=\"https:\/\/staging.forenteforlag.no\/forlaget\/produkt\/om-utregning-av-romfang-7\/\" \/>\n<meta property=\"og:site_name\" content=\"Forlaget Press\" \/>\n<meta property=\"article:publisher\" content=\"https:\/\/www.facebook.com\/Forlagetpress\" \/>\n<meta property=\"article:modified_time\" content=\"2026-03-03T17:47:15+00:00\" \/>\n<meta property=\"og:image\" content=\"https:\/\/staging.forenteforlag.no\/forlaget\/wp-content\/uploads\/sites\/3\/2026\/02\/9788232805433.jpg\" \/>\n\t<meta property=\"og:image:width\" content=\"720\" \/>\n\t<meta property=\"og:image:height\" content=\"1063\" \/>\n\t<meta property=\"og:image:type\" content=\"image\/jpeg\" \/>\n<meta name=\"twitter:card\" content=\"summary_large_image\" \/>\n<meta name=\"twitter:label1\" content=\"Ansl. lesetid\" \/>\n\t<meta name=\"twitter:data1\" content=\"1 minutt\" \/>\n<script type=\"application\/ld+json\" class=\"yoast-schema-graph\">{\"@context\":\"https:\/\/schema.org\",\"@graph\":[{\"@type\":\"WebPage\",\"@id\":\"https:\/\/staging.forenteforlag.no\/forlaget\/produkt\/om-utregning-av-romfang-7\/\",\"url\":\"https:\/\/staging.forenteforlag.no\/forlaget\/produkt\/om-utregning-av-romfang-7\/\",\"name\":\"Om utregning av romfang - Forlaget Press\",\"isPartOf\":{\"@id\":\"https:\/\/staging.forenteforlag.no\/forlaget\/#website\"},\"primaryImageOfPage\":{\"@id\":\"https:\/\/staging.forenteforlag.no\/forlaget\/produkt\/om-utregning-av-romfang-7\/#primaryimage\"},\"image\":{\"@id\":\"https:\/\/staging.forenteforlag.no\/forlaget\/produkt\/om-utregning-av-romfang-7\/#primaryimage\"},\"thumbnailUrl\":\"https:\/\/staging.forenteforlag.no\/forlaget\/wp-content\/uploads\/sites\/3\/2026\/02\/9788232805433.jpg\",\"datePublished\":\"2023-01-03T00:00:00+00:00\",\"dateModified\":\"2026-03-03T17:47:15+00:00\",\"breadcrumb\":{\"@id\":\"https:\/\/staging.forenteforlag.no\/forlaget\/produkt\/om-utregning-av-romfang-7\/#breadcrumb\"},\"inLanguage\":\"nb-NO\",\"potentialAction\":[{\"@type\":\"ReadAction\",\"target\":[\"https:\/\/staging.forenteforlag.no\/forlaget\/produkt\/om-utregning-av-romfang-7\/\"]}]},{\"@type\":\"ImageObject\",\"inLanguage\":\"nb-NO\",\"@id\":\"https:\/\/staging.forenteforlag.no\/forlaget\/produkt\/om-utregning-av-romfang-7\/#primaryimage\",\"url\":\"https:\/\/staging.forenteforlag.no\/forlaget\/wp-content\/uploads\/sites\/3\/2026\/02\/9788232805433.jpg\",\"contentUrl\":\"https:\/\/staging.forenteforlag.no\/forlaget\/wp-content\/uploads\/sites\/3\/2026\/02\/9788232805433.jpg\",\"width\":720,\"height\":1063},{\"@type\":\"BreadcrumbList\",\"@id\":\"https:\/\/staging.forenteforlag.no\/forlaget\/produkt\/om-utregning-av-romfang-7\/#breadcrumb\",\"itemListElement\":[{\"@type\":\"ListItem\",\"position\":1,\"name\":\"Hjem\",\"item\":\"https:\/\/staging.forenteforlag.no\/forlaget\/\"},{\"@type\":\"ListItem\",\"position\":2,\"name\":\"Alle b\u00f8ker\",\"item\":\"https:\/\/staging.forenteforlag.no\/forlaget\/butikk\/\"},{\"@type\":\"ListItem\",\"position\":3,\"name\":\"Om utregning av romfang\"}]},{\"@type\":\"WebSite\",\"@id\":\"https:\/\/staging.forenteforlag.no\/forlaget\/#website\",\"url\":\"https:\/\/staging.forenteforlag.no\/forlaget\/\",\"name\":\"Forlaget Press\",\"description\":\"\",\"publisher\":{\"@id\":\"https:\/\/staging.forenteforlag.no\/forlaget\/#organization\"},\"potentialAction\":[{\"@type\":\"SearchAction\",\"target\":{\"@type\":\"EntryPoint\",\"urlTemplate\":\"https:\/\/staging.forenteforlag.no\/forlaget\/?s={search_term_string}\"},\"query-input\":{\"@type\":\"PropertyValueSpecification\",\"valueRequired\":true,\"valueName\":\"search_term_string\"}}],\"inLanguage\":\"nb-NO\"},{\"@type\":\"Organization\",\"@id\":\"https:\/\/staging.forenteforlag.no\/forlaget\/#organization\",\"name\":\"Forlaget Press\",\"url\":\"https:\/\/staging.forenteforlag.no\/forlaget\/\",\"logo\":{\"@type\":\"ImageObject\",\"inLanguage\":\"nb-NO\",\"@id\":\"https:\/\/staging.forenteforlag.no\/forlaget\/#\/schema\/logo\/image\/\",\"url\":\"https:\/\/staging.forenteforlag.no\/forlaget\/wp-content\/uploads\/sites\/3\/2024\/09\/Press_logo.svg\",\"contentUrl\":\"https:\/\/staging.forenteforlag.no\/forlaget\/wp-content\/uploads\/sites\/3\/2024\/09\/Press_logo.svg\",\"width\":100,\"height\":100,\"caption\":\"Forlaget Press\"},\"image\":{\"@id\":\"https:\/\/staging.forenteforlag.no\/forlaget\/#\/schema\/logo\/image\/\"},\"sameAs\":[\"https:\/\/www.facebook.com\/Forlagetpress\"]}]}<\/script>\n<!-- \/ Yoast SEO plugin. -->","yoast_head_json":{"title":"Om utregning av romfang - Forlaget Press","robots":{"index":"noindex","follow":"follow","max-snippet":"max-snippet:-1","max-image-preview":"max-image-preview:large","max-video-preview":"max-video-preview:-1"},"og_locale":"nb_NO","og_type":"article","og_title":"Om utregning av romfang - Forlaget Press","og_description":"Ute p\u00e5 en kort reise opplever Tara Selter plutselig at tiden er g\u00e5tt i stykker. Hun st\u00e5r fast i attende november og dagen gjentar seg om og om igjen. Hun reiser hjem til ektemannen Thomas, som ikke er fanget i tiden som henne. Hver morgen m\u00e5 hun forklare ham om sin virkelighet med vissheten om [&hellip;]","og_url":"https:\/\/staging.forenteforlag.no\/forlaget\/produkt\/om-utregning-av-romfang-7\/","og_site_name":"Forlaget Press","article_publisher":"https:\/\/www.facebook.com\/Forlagetpress","article_modified_time":"2026-03-03T17:47:15+00:00","og_image":[{"width":720,"height":1063,"url":"https:\/\/staging.forenteforlag.no\/forlaget\/wp-content\/uploads\/sites\/3\/2026\/02\/9788232805433.jpg","type":"image\/jpeg"}],"twitter_card":"summary_large_image","twitter_misc":{"Ansl. lesetid":"1 minutt"},"schema":{"@context":"https:\/\/schema.org","@graph":[{"@type":"WebPage","@id":"https:\/\/staging.forenteforlag.no\/forlaget\/produkt\/om-utregning-av-romfang-7\/","url":"https:\/\/staging.forenteforlag.no\/forlaget\/produkt\/om-utregning-av-romfang-7\/","name":"Om utregning av romfang - Forlaget Press","isPartOf":{"@id":"https:\/\/staging.forenteforlag.no\/forlaget\/#website"},"primaryImageOfPage":{"@id":"https:\/\/staging.forenteforlag.no\/forlaget\/produkt\/om-utregning-av-romfang-7\/#primaryimage"},"image":{"@id":"https:\/\/staging.forenteforlag.no\/forlaget\/produkt\/om-utregning-av-romfang-7\/#primaryimage"},"thumbnailUrl":"https:\/\/staging.forenteforlag.no\/forlaget\/wp-content\/uploads\/sites\/3\/2026\/02\/9788232805433.jpg","datePublished":"2023-01-03T00:00:00+00:00","dateModified":"2026-03-03T17:47:15+00:00","breadcrumb":{"@id":"https:\/\/staging.forenteforlag.no\/forlaget\/produkt\/om-utregning-av-romfang-7\/#breadcrumb"},"inLanguage":"nb-NO","potentialAction":[{"@type":"ReadAction","target":["https:\/\/staging.forenteforlag.no\/forlaget\/produkt\/om-utregning-av-romfang-7\/"]}]},{"@type":"ImageObject","inLanguage":"nb-NO","@id":"https:\/\/staging.forenteforlag.no\/forlaget\/produkt\/om-utregning-av-romfang-7\/#primaryimage","url":"https:\/\/staging.forenteforlag.no\/forlaget\/wp-content\/uploads\/sites\/3\/2026\/02\/9788232805433.jpg","contentUrl":"https:\/\/staging.forenteforlag.no\/forlaget\/wp-content\/uploads\/sites\/3\/2026\/02\/9788232805433.jpg","width":720,"height":1063},{"@type":"BreadcrumbList","@id":"https:\/\/staging.forenteforlag.no\/forlaget\/produkt\/om-utregning-av-romfang-7\/#breadcrumb","itemListElement":[{"@type":"ListItem","position":1,"name":"Hjem","item":"https:\/\/staging.forenteforlag.no\/forlaget\/"},{"@type":"ListItem","position":2,"name":"Alle b\u00f8ker","item":"https:\/\/staging.forenteforlag.no\/forlaget\/butikk\/"},{"@type":"ListItem","position":3,"name":"Om utregning av romfang"}]},{"@type":"WebSite","@id":"https:\/\/staging.forenteforlag.no\/forlaget\/#website","url":"https:\/\/staging.forenteforlag.no\/forlaget\/","name":"Forlaget Press","description":"","publisher":{"@id":"https:\/\/staging.forenteforlag.no\/forlaget\/#organization"},"potentialAction":[{"@type":"SearchAction","target":{"@type":"EntryPoint","urlTemplate":"https:\/\/staging.forenteforlag.no\/forlaget\/?s={search_term_string}"},"query-input":{"@type":"PropertyValueSpecification","valueRequired":true,"valueName":"search_term_string"}}],"inLanguage":"nb-NO"},{"@type":"Organization","@id":"https:\/\/staging.forenteforlag.no\/forlaget\/#organization","name":"Forlaget Press","url":"https:\/\/staging.forenteforlag.no\/forlaget\/","logo":{"@type":"ImageObject","inLanguage":"nb-NO","@id":"https:\/\/staging.forenteforlag.no\/forlaget\/#\/schema\/logo\/image\/","url":"https:\/\/staging.forenteforlag.no\/forlaget\/wp-content\/uploads\/sites\/3\/2024\/09\/Press_logo.svg","contentUrl":"https:\/\/staging.forenteforlag.no\/forlaget\/wp-content\/uploads\/sites\/3\/2024\/09\/Press_logo.svg","width":100,"height":100,"caption":"Forlaget Press"},"image":{"@id":"https:\/\/staging.forenteforlag.no\/forlaget\/#\/schema\/logo\/image\/"},"sameAs":["https:\/\/www.facebook.com\/Forlagetpress"]}]}},"_links":{"self":[{"href":"https:\/\/staging.forenteforlag.no\/forlaget\/wp-json\/wp\/v2\/product\/22284","targetHints":{"allow":["GET"]}}],"collection":[{"href":"https:\/\/staging.forenteforlag.no\/forlaget\/wp-json\/wp\/v2\/product"}],"about":[{"href":"https:\/\/staging.forenteforlag.no\/forlaget\/wp-json\/wp\/v2\/types\/product"}],"wp:featuredmedia":[{"embeddable":true,"href":"https:\/\/staging.forenteforlag.no\/forlaget\/wp-json\/wp\/v2\/media\/26518"}],"wp:attachment":[{"href":"https:\/\/staging.forenteforlag.no\/forlaget\/wp-json\/wp\/v2\/media?parent=22284"}],"wp:term":[{"taxonomy":"product_brand","embeddable":true,"href":"https:\/\/staging.forenteforlag.no\/forlaget\/wp-json\/wp\/v2\/product_brand?post=22284"},{"taxonomy":"product_cat","embeddable":true,"href":"https:\/\/staging.forenteforlag.no\/forlaget\/wp-json\/wp\/v2\/product_cat?post=22284"},{"taxonomy":"product_tag","embeddable":true,"href":"https:\/\/staging.forenteforlag.no\/forlaget\/wp-json\/wp\/v2\/product_tag?post=22284"}],"curies":[{"name":"wp","href":"https:\/\/api.w.org\/{rel}","templated":true}]}}