{"id":21071,"date":"2017-10-20T02:00:00","date_gmt":"2017-10-20T00:00:00","guid":{"rendered":"https:\/\/forlagetpress.forenteforlag.no\/produkt\/vekta-av-lunge-og-krakelyd-the-weight-of-a-lung-and-the-sound-of-crows\/"},"modified":"2026-03-04T12:33:38","modified_gmt":"2026-03-04T11:33:38","slug":"vekta-av-lunge-og-krakelyd-the-weight-of-a-lung-and-the-sound-of-crows","status":"publish","type":"product","link":"https:\/\/staging.forenteforlag.no\/forlaget\/produkt\/vekta-av-lunge-og-krakelyd-the-weight-of-a-lung-and-the-sound-of-crows\/","title":{"rendered":"Vekta av lunge og kr\u00e5kelyd = The weight of a lung and the sound of crows"},"content":{"rendered":"<p>Siden 1980-tallet har den ofte smertefulle menneskelige eksistensen v\u00e6rt drivkraften bak Bj\u00f8rlos kunst, og han selv har uttalt at livet er et sp\u00f8rsm\u00e5l om \u00e5 holde i live et &laquo;skrik innenfor oss selv&raquo;. <br \/>I flere \u00e5r har fotografen Markus Li Stensrud fulgt Per Inge Bj\u00f8rlo tett i sin kunstneriske prosess, og forbereder sitt m\u00f8te, sammen med Lena Cronqvist, med Edvard Munchs verk. <br \/>Munch-museet i Oslo best\u00e5r av malerier, grafikk, tegninger, skulpturer og en fullromsinstallasjon skapt av Bj\u00f8rlo, spesielt for anledningen, tematiserende menneskelig fortvilelse.  <br \/>Vekta av lunge og kr\u00e5kelyd er imidlertid ikke en katalog for utstillingen, det er noe mer sjeldent og fascinerende, en unik dokumentasjon av de nyeste verkene fra en av de ledende, moderne skandinaviske kunstnerne &#8211; introduserer p\u00e5 egen eksistensiell m\u00e5te en kunstbok som ingen andre.<\/p>\n","protected":false},"excerpt":{"rendered":"<p>Siden 1980-tallet har den ofte smertefulle menneskelige eksistensen v\u00e6rt drivkraften bak Bj\u00f8rlos kunst, og han selv har uttalt at livet er et sp\u00f8rsm\u00e5l om \u00e5 holde i live et &laquo;skrik innenfor oss selv&raquo;. I flere \u00e5r har fotografen Markus Li Stensrud fulgt Per Inge Bj\u00f8rlo tett i sin kunstneriske prosess, og forbereder sitt m\u00f8te, sammen [&hellip;]<\/p>\n","protected":false},"featured_media":26291,"template":"","meta":{"_acf_changed":false,"inline_featured_image":false},"product_brand":[],"product_cat":[1781],"product_tag":[459,496,362,439],"class_list":{"0":"post-21071","1":"product","2":"type-product","3":"status-publish","4":"has-post-thumbnail","6":"product_cat-rabattkodekampanje","7":"product_tag-bildende-kunst","8":"product_tag-billedkunstnere","9":"product_tag-faglitteratur","10":"product_tag-nord-norge","12":"first","13":"outofstock","14":"shipping-taxable","15":"purchasable","16":"product-type-simple"},"acf":{"anmeldelse":null},"yoast_head":"<!-- This site is optimized with the Yoast SEO plugin v26.6 - https:\/\/yoast.com\/wordpress\/plugins\/seo\/ -->\n<title>Vekta av lunge og kr\u00e5kelyd = The weight of a lung and the sound of crows - Forlaget Press<\/title>\n<meta name=\"robots\" content=\"noindex, follow, max-snippet:-1, max-image-preview:large, max-video-preview:-1\" \/>\n<meta property=\"og:locale\" content=\"nb_NO\" \/>\n<meta property=\"og:type\" content=\"article\" \/>\n<meta property=\"og:title\" content=\"Vekta av lunge og kr\u00e5kelyd = The weight of a lung and the sound of crows - Forlaget Press\" \/>\n<meta property=\"og:description\" content=\"Siden 1980-tallet har den ofte smertefulle menneskelige eksistensen v\u00e6rt drivkraften bak Bj\u00f8rlos kunst, og han selv har uttalt at livet er et sp\u00f8rsm\u00e5l om \u00e5 holde i live et &laquo;skrik innenfor oss selv&raquo;. I flere \u00e5r har fotografen Markus Li Stensrud fulgt Per Inge Bj\u00f8rlo tett i sin kunstneriske prosess, og forbereder sitt m\u00f8te, sammen [&hellip;]\" \/>\n<meta property=\"og:url\" content=\"https:\/\/staging.forenteforlag.no\/forlaget\/produkt\/vekta-av-lunge-og-krakelyd-the-weight-of-a-lung-and-the-sound-of-crows\/\" \/>\n<meta property=\"og:site_name\" content=\"Forlaget Press\" \/>\n<meta property=\"article:publisher\" content=\"https:\/\/www.facebook.com\/Forlagetpress\" \/>\n<meta property=\"article:modified_time\" content=\"2026-03-04T11:33:38+00:00\" \/>\n<meta property=\"og:image\" content=\"https:\/\/staging.forenteforlag.no\/forlaget\/wp-content\/uploads\/sites\/3\/2026\/02\/9788232801596.jpg\" \/>\n\t<meta property=\"og:image:width\" content=\"720\" \/>\n\t<meta property=\"og:image:height\" content=\"900\" \/>\n\t<meta property=\"og:image:type\" content=\"image\/jpeg\" \/>\n<meta name=\"twitter:card\" content=\"summary_large_image\" \/>\n<meta name=\"twitter:label1\" content=\"Ansl. lesetid\" \/>\n\t<meta name=\"twitter:data1\" content=\"1 minutt\" \/>\n<script type=\"application\/ld+json\" class=\"yoast-schema-graph\">{\"@context\":\"https:\/\/schema.org\",\"@graph\":[{\"@type\":\"WebPage\",\"@id\":\"https:\/\/staging.forenteforlag.no\/forlaget\/produkt\/vekta-av-lunge-og-krakelyd-the-weight-of-a-lung-and-the-sound-of-crows\/\",\"url\":\"https:\/\/staging.forenteforlag.no\/forlaget\/produkt\/vekta-av-lunge-og-krakelyd-the-weight-of-a-lung-and-the-sound-of-crows\/\",\"name\":\"Vekta av lunge og kr\u00e5kelyd = The weight of a lung and the sound of crows - Forlaget Press\",\"isPartOf\":{\"@id\":\"https:\/\/staging.forenteforlag.no\/forlaget\/#website\"},\"primaryImageOfPage\":{\"@id\":\"https:\/\/staging.forenteforlag.no\/forlaget\/produkt\/vekta-av-lunge-og-krakelyd-the-weight-of-a-lung-and-the-sound-of-crows\/#primaryimage\"},\"image\":{\"@id\":\"https:\/\/staging.forenteforlag.no\/forlaget\/produkt\/vekta-av-lunge-og-krakelyd-the-weight-of-a-lung-and-the-sound-of-crows\/#primaryimage\"},\"thumbnailUrl\":\"https:\/\/staging.forenteforlag.no\/forlaget\/wp-content\/uploads\/sites\/3\/2026\/02\/9788232801596.jpg\",\"datePublished\":\"2017-10-20T00:00:00+00:00\",\"dateModified\":\"2026-03-04T11:33:38+00:00\",\"breadcrumb\":{\"@id\":\"https:\/\/staging.forenteforlag.no\/forlaget\/produkt\/vekta-av-lunge-og-krakelyd-the-weight-of-a-lung-and-the-sound-of-crows\/#breadcrumb\"},\"inLanguage\":\"nb-NO\",\"potentialAction\":[{\"@type\":\"ReadAction\",\"target\":[\"https:\/\/staging.forenteforlag.no\/forlaget\/produkt\/vekta-av-lunge-og-krakelyd-the-weight-of-a-lung-and-the-sound-of-crows\/\"]}]},{\"@type\":\"ImageObject\",\"inLanguage\":\"nb-NO\",\"@id\":\"https:\/\/staging.forenteforlag.no\/forlaget\/produkt\/vekta-av-lunge-og-krakelyd-the-weight-of-a-lung-and-the-sound-of-crows\/#primaryimage\",\"url\":\"https:\/\/staging.forenteforlag.no\/forlaget\/wp-content\/uploads\/sites\/3\/2026\/02\/9788232801596.jpg\",\"contentUrl\":\"https:\/\/staging.forenteforlag.no\/forlaget\/wp-content\/uploads\/sites\/3\/2026\/02\/9788232801596.jpg\",\"width\":720,\"height\":900},{\"@type\":\"BreadcrumbList\",\"@id\":\"https:\/\/staging.forenteforlag.no\/forlaget\/produkt\/vekta-av-lunge-og-krakelyd-the-weight-of-a-lung-and-the-sound-of-crows\/#breadcrumb\",\"itemListElement\":[{\"@type\":\"ListItem\",\"position\":1,\"name\":\"Hjem\",\"item\":\"https:\/\/staging.forenteforlag.no\/forlaget\/\"},{\"@type\":\"ListItem\",\"position\":2,\"name\":\"Alle b\u00f8ker\",\"item\":\"https:\/\/staging.forenteforlag.no\/forlaget\/butikk\/\"},{\"@type\":\"ListItem\",\"position\":3,\"name\":\"Vekta av lunge og kr\u00e5kelyd = The weight of a lung and the sound of crows\"}]},{\"@type\":\"WebSite\",\"@id\":\"https:\/\/staging.forenteforlag.no\/forlaget\/#website\",\"url\":\"https:\/\/staging.forenteforlag.no\/forlaget\/\",\"name\":\"Forlaget Press\",\"description\":\"\",\"publisher\":{\"@id\":\"https:\/\/staging.forenteforlag.no\/forlaget\/#organization\"},\"potentialAction\":[{\"@type\":\"SearchAction\",\"target\":{\"@type\":\"EntryPoint\",\"urlTemplate\":\"https:\/\/staging.forenteforlag.no\/forlaget\/?s={search_term_string}\"},\"query-input\":{\"@type\":\"PropertyValueSpecification\",\"valueRequired\":true,\"valueName\":\"search_term_string\"}}],\"inLanguage\":\"nb-NO\"},{\"@type\":\"Organization\",\"@id\":\"https:\/\/staging.forenteforlag.no\/forlaget\/#organization\",\"name\":\"Forlaget Press\",\"url\":\"https:\/\/staging.forenteforlag.no\/forlaget\/\",\"logo\":{\"@type\":\"ImageObject\",\"inLanguage\":\"nb-NO\",\"@id\":\"https:\/\/staging.forenteforlag.no\/forlaget\/#\/schema\/logo\/image\/\",\"url\":\"https:\/\/staging.forenteforlag.no\/forlaget\/wp-content\/uploads\/sites\/3\/2024\/09\/Press_logo.svg\",\"contentUrl\":\"https:\/\/staging.forenteforlag.no\/forlaget\/wp-content\/uploads\/sites\/3\/2024\/09\/Press_logo.svg\",\"width\":100,\"height\":100,\"caption\":\"Forlaget Press\"},\"image\":{\"@id\":\"https:\/\/staging.forenteforlag.no\/forlaget\/#\/schema\/logo\/image\/\"},\"sameAs\":[\"https:\/\/www.facebook.com\/Forlagetpress\"]}]}<\/script>\n<!-- \/ Yoast SEO plugin. -->","yoast_head_json":{"title":"Vekta av lunge og kr\u00e5kelyd = The weight of a lung and the sound of crows - Forlaget Press","robots":{"index":"noindex","follow":"follow","max-snippet":"max-snippet:-1","max-image-preview":"max-image-preview:large","max-video-preview":"max-video-preview:-1"},"og_locale":"nb_NO","og_type":"article","og_title":"Vekta av lunge og kr\u00e5kelyd = The weight of a lung and the sound of crows - Forlaget Press","og_description":"Siden 1980-tallet har den ofte smertefulle menneskelige eksistensen v\u00e6rt drivkraften bak Bj\u00f8rlos kunst, og han selv har uttalt at livet er et sp\u00f8rsm\u00e5l om \u00e5 holde i live et &laquo;skrik innenfor oss selv&raquo;. I flere \u00e5r har fotografen Markus Li Stensrud fulgt Per Inge Bj\u00f8rlo tett i sin kunstneriske prosess, og forbereder sitt m\u00f8te, sammen [&hellip;]","og_url":"https:\/\/staging.forenteforlag.no\/forlaget\/produkt\/vekta-av-lunge-og-krakelyd-the-weight-of-a-lung-and-the-sound-of-crows\/","og_site_name":"Forlaget Press","article_publisher":"https:\/\/www.facebook.com\/Forlagetpress","article_modified_time":"2026-03-04T11:33:38+00:00","og_image":[{"width":720,"height":900,"url":"https:\/\/staging.forenteforlag.no\/forlaget\/wp-content\/uploads\/sites\/3\/2026\/02\/9788232801596.jpg","type":"image\/jpeg"}],"twitter_card":"summary_large_image","twitter_misc":{"Ansl. lesetid":"1 minutt"},"schema":{"@context":"https:\/\/schema.org","@graph":[{"@type":"WebPage","@id":"https:\/\/staging.forenteforlag.no\/forlaget\/produkt\/vekta-av-lunge-og-krakelyd-the-weight-of-a-lung-and-the-sound-of-crows\/","url":"https:\/\/staging.forenteforlag.no\/forlaget\/produkt\/vekta-av-lunge-og-krakelyd-the-weight-of-a-lung-and-the-sound-of-crows\/","name":"Vekta av lunge og kr\u00e5kelyd = The weight of a lung and the sound of crows - Forlaget Press","isPartOf":{"@id":"https:\/\/staging.forenteforlag.no\/forlaget\/#website"},"primaryImageOfPage":{"@id":"https:\/\/staging.forenteforlag.no\/forlaget\/produkt\/vekta-av-lunge-og-krakelyd-the-weight-of-a-lung-and-the-sound-of-crows\/#primaryimage"},"image":{"@id":"https:\/\/staging.forenteforlag.no\/forlaget\/produkt\/vekta-av-lunge-og-krakelyd-the-weight-of-a-lung-and-the-sound-of-crows\/#primaryimage"},"thumbnailUrl":"https:\/\/staging.forenteforlag.no\/forlaget\/wp-content\/uploads\/sites\/3\/2026\/02\/9788232801596.jpg","datePublished":"2017-10-20T00:00:00+00:00","dateModified":"2026-03-04T11:33:38+00:00","breadcrumb":{"@id":"https:\/\/staging.forenteforlag.no\/forlaget\/produkt\/vekta-av-lunge-og-krakelyd-the-weight-of-a-lung-and-the-sound-of-crows\/#breadcrumb"},"inLanguage":"nb-NO","potentialAction":[{"@type":"ReadAction","target":["https:\/\/staging.forenteforlag.no\/forlaget\/produkt\/vekta-av-lunge-og-krakelyd-the-weight-of-a-lung-and-the-sound-of-crows\/"]}]},{"@type":"ImageObject","inLanguage":"nb-NO","@id":"https:\/\/staging.forenteforlag.no\/forlaget\/produkt\/vekta-av-lunge-og-krakelyd-the-weight-of-a-lung-and-the-sound-of-crows\/#primaryimage","url":"https:\/\/staging.forenteforlag.no\/forlaget\/wp-content\/uploads\/sites\/3\/2026\/02\/9788232801596.jpg","contentUrl":"https:\/\/staging.forenteforlag.no\/forlaget\/wp-content\/uploads\/sites\/3\/2026\/02\/9788232801596.jpg","width":720,"height":900},{"@type":"BreadcrumbList","@id":"https:\/\/staging.forenteforlag.no\/forlaget\/produkt\/vekta-av-lunge-og-krakelyd-the-weight-of-a-lung-and-the-sound-of-crows\/#breadcrumb","itemListElement":[{"@type":"ListItem","position":1,"name":"Hjem","item":"https:\/\/staging.forenteforlag.no\/forlaget\/"},{"@type":"ListItem","position":2,"name":"Alle b\u00f8ker","item":"https:\/\/staging.forenteforlag.no\/forlaget\/butikk\/"},{"@type":"ListItem","position":3,"name":"Vekta av lunge og kr\u00e5kelyd = The weight of a lung and the sound of crows"}]},{"@type":"WebSite","@id":"https:\/\/staging.forenteforlag.no\/forlaget\/#website","url":"https:\/\/staging.forenteforlag.no\/forlaget\/","name":"Forlaget Press","description":"","publisher":{"@id":"https:\/\/staging.forenteforlag.no\/forlaget\/#organization"},"potentialAction":[{"@type":"SearchAction","target":{"@type":"EntryPoint","urlTemplate":"https:\/\/staging.forenteforlag.no\/forlaget\/?s={search_term_string}"},"query-input":{"@type":"PropertyValueSpecification","valueRequired":true,"valueName":"search_term_string"}}],"inLanguage":"nb-NO"},{"@type":"Organization","@id":"https:\/\/staging.forenteforlag.no\/forlaget\/#organization","name":"Forlaget Press","url":"https:\/\/staging.forenteforlag.no\/forlaget\/","logo":{"@type":"ImageObject","inLanguage":"nb-NO","@id":"https:\/\/staging.forenteforlag.no\/forlaget\/#\/schema\/logo\/image\/","url":"https:\/\/staging.forenteforlag.no\/forlaget\/wp-content\/uploads\/sites\/3\/2024\/09\/Press_logo.svg","contentUrl":"https:\/\/staging.forenteforlag.no\/forlaget\/wp-content\/uploads\/sites\/3\/2024\/09\/Press_logo.svg","width":100,"height":100,"caption":"Forlaget Press"},"image":{"@id":"https:\/\/staging.forenteforlag.no\/forlaget\/#\/schema\/logo\/image\/"},"sameAs":["https:\/\/www.facebook.com\/Forlagetpress"]}]}},"_links":{"self":[{"href":"https:\/\/staging.forenteforlag.no\/forlaget\/wp-json\/wp\/v2\/product\/21071","targetHints":{"allow":["GET"]}}],"collection":[{"href":"https:\/\/staging.forenteforlag.no\/forlaget\/wp-json\/wp\/v2\/product"}],"about":[{"href":"https:\/\/staging.forenteforlag.no\/forlaget\/wp-json\/wp\/v2\/types\/product"}],"wp:featuredmedia":[{"embeddable":true,"href":"https:\/\/staging.forenteforlag.no\/forlaget\/wp-json\/wp\/v2\/media\/26291"}],"wp:attachment":[{"href":"https:\/\/staging.forenteforlag.no\/forlaget\/wp-json\/wp\/v2\/media?parent=21071"}],"wp:term":[{"taxonomy":"product_brand","embeddable":true,"href":"https:\/\/staging.forenteforlag.no\/forlaget\/wp-json\/wp\/v2\/product_brand?post=21071"},{"taxonomy":"product_cat","embeddable":true,"href":"https:\/\/staging.forenteforlag.no\/forlaget\/wp-json\/wp\/v2\/product_cat?post=21071"},{"taxonomy":"product_tag","embeddable":true,"href":"https:\/\/staging.forenteforlag.no\/forlaget\/wp-json\/wp\/v2\/product_tag?post=21071"}],"curies":[{"name":"wp","href":"https:\/\/api.w.org\/{rel}","templated":true}]}}