{"id":21036,"date":"2016-09-16T02:00:00","date_gmt":"2016-09-16T00:00:00","guid":{"rendered":"https:\/\/forlagetpress.forenteforlag.no\/produkt\/omtrent-pa-storrelse-med-universet\/"},"modified":"2026-03-04T09:34:28","modified_gmt":"2026-03-04T08:34:28","slug":"omtrent-pa-storrelse-med-universet","status":"publish","type":"product","link":"https:\/\/staging.forenteforlag.no\/forlaget\/produkt\/omtrent-pa-storrelse-med-universet\/","title":{"rendered":"Omtrent p\u00e5 st\u00f8rrelse med universet"},"content":{"rendered":"<p>I Omtrent p\u00e5 st\u00f8rrelse med universet er vi tilbake i Stef\u00e1nssons sl\u00e5ende litter\u00e6re univers. Boken er en frittst\u00e5ende fortsettelse av fjor\u00e5rets roman Fiskene har ingen f\u00f8tter, og fullf\u00f8rer historien om en islandsk families liv gjennom de siste hundre \u00e5rene i Keflav\u00edk. <\/p>\n<p>Da Ari vender tilbake, m\u00e5 han konfrontere sin egen historie p\u00e5 Island: oppveksten i Keflav\u00edk, forholdet til foreldrene, ekteskapet som havarerte. Samtidig forteller romanen oss om forfedrene hans: besteforeldrene som bygger seg et liv i et fattig fiskev\u00e6r ved havet i mellomkrigs\u00e5rene, foreldrene som flytter til Keflav\u00edk, og milit\u00e6rbasen der i \u00e5rene etter krigen.  <\/p>\n<p>Romanen synliggj\u00f8r de enorme kontrastene som preger det siste hundre\u00e5rets historie p\u00e5 saga\u00f8ya, og tegner et levende og sammensatt bilde av framveksten av det moderne Island. Samtidig avdekker den tilv\u00e6relsens ekko og repetisjoner, og viser oss hvordan sorgen og h\u00e5pet fletter generasjonene sammen. Omtrent p\u00e5 st\u00f8rrelse med universet er en roman om kj\u00e6rlighet og d\u00f8d. Men det er ogs\u00e5 en roman om svik, om utroskap og umulige lengsler. <\/p>\n<p>J\u00f3n Kalman Stef\u00e1nsson har det siste ti\u00e5ret markert seg som en av Islands fremste moderne forfattere, og er h\u00f8yt elsket for sine intense og lysende vakre romaner. Trilogien om Gutten ble hans store gjennombrudd internasjonalt &#8211; oversatt til 25 spr\u00e5k, hyllet av kritikerne og en publikumssuksess b\u00e5de her i Norge og i Europa ellers.<\/p>\n","protected":false},"excerpt":{"rendered":"<p>I Omtrent p\u00e5 st\u00f8rrelse med universet er vi tilbake i Stef\u00e1nssons sl\u00e5ende litter\u00e6re univers. Boken er en frittst\u00e5ende fortsettelse av fjor\u00e5rets roman Fiskene har ingen f\u00f8tter, og fullf\u00f8rer historien om en islandsk families liv gjennom de siste hundre \u00e5rene i Keflav\u00edk. Da Ari vender tilbake, m\u00e5 han konfrontere sin egen historie p\u00e5 Island: oppveksten i [&hellip;]<\/p>\n","protected":false},"featured_media":26242,"template":"","meta":{"_acf_changed":false,"inline_featured_image":false},"product_brand":[],"product_cat":[1781],"product_tag":[370],"class_list":{"0":"post-21036","1":"product","2":"type-product","3":"status-publish","4":"has-post-thumbnail","6":"product_cat-rabattkodekampanje","7":"product_tag-skjonnlitteratur","9":"first","10":"instock","11":"shipping-taxable","12":"purchasable","13":"product-type-simple"},"acf":{"anmeldelse":null},"yoast_head":"<!-- This site is optimized with the Yoast SEO plugin v26.6 - https:\/\/yoast.com\/wordpress\/plugins\/seo\/ -->\n<title>Omtrent p\u00e5 st\u00f8rrelse med universet - Forlaget Press<\/title>\n<meta name=\"robots\" content=\"noindex, follow, max-snippet:-1, max-image-preview:large, max-video-preview:-1\" \/>\n<meta property=\"og:locale\" content=\"nb_NO\" \/>\n<meta property=\"og:type\" content=\"article\" \/>\n<meta property=\"og:title\" content=\"Omtrent p\u00e5 st\u00f8rrelse med universet - Forlaget Press\" \/>\n<meta property=\"og:description\" content=\"I Omtrent p\u00e5 st\u00f8rrelse med universet er vi tilbake i Stef\u00e1nssons sl\u00e5ende litter\u00e6re univers. Boken er en frittst\u00e5ende fortsettelse av fjor\u00e5rets roman Fiskene har ingen f\u00f8tter, og fullf\u00f8rer historien om en islandsk families liv gjennom de siste hundre \u00e5rene i Keflav\u00edk. Da Ari vender tilbake, m\u00e5 han konfrontere sin egen historie p\u00e5 Island: oppveksten i [&hellip;]\" \/>\n<meta property=\"og:url\" content=\"https:\/\/staging.forenteforlag.no\/forlaget\/produkt\/omtrent-pa-storrelse-med-universet\/\" \/>\n<meta property=\"og:site_name\" content=\"Forlaget Press\" \/>\n<meta property=\"article:publisher\" content=\"https:\/\/www.facebook.com\/Forlagetpress\" \/>\n<meta property=\"article:modified_time\" content=\"2026-03-04T08:34:28+00:00\" \/>\n<meta property=\"og:image\" content=\"https:\/\/staging.forenteforlag.no\/forlaget\/wp-content\/uploads\/sites\/3\/2026\/02\/9788232800803.jpg\" \/>\n\t<meta property=\"og:image:width\" content=\"720\" \/>\n\t<meta property=\"og:image:height\" content=\"1054\" \/>\n\t<meta property=\"og:image:type\" content=\"image\/jpeg\" \/>\n<meta name=\"twitter:card\" content=\"summary_large_image\" \/>\n<meta name=\"twitter:label1\" content=\"Ansl. lesetid\" \/>\n\t<meta name=\"twitter:data1\" content=\"1 minutt\" \/>\n<script type=\"application\/ld+json\" class=\"yoast-schema-graph\">{\"@context\":\"https:\/\/schema.org\",\"@graph\":[{\"@type\":\"WebPage\",\"@id\":\"https:\/\/staging.forenteforlag.no\/forlaget\/produkt\/omtrent-pa-storrelse-med-universet\/\",\"url\":\"https:\/\/staging.forenteforlag.no\/forlaget\/produkt\/omtrent-pa-storrelse-med-universet\/\",\"name\":\"Omtrent p\u00e5 st\u00f8rrelse med universet - Forlaget Press\",\"isPartOf\":{\"@id\":\"https:\/\/staging.forenteforlag.no\/forlaget\/#website\"},\"primaryImageOfPage\":{\"@id\":\"https:\/\/staging.forenteforlag.no\/forlaget\/produkt\/omtrent-pa-storrelse-med-universet\/#primaryimage\"},\"image\":{\"@id\":\"https:\/\/staging.forenteforlag.no\/forlaget\/produkt\/omtrent-pa-storrelse-med-universet\/#primaryimage\"},\"thumbnailUrl\":\"https:\/\/staging.forenteforlag.no\/forlaget\/wp-content\/uploads\/sites\/3\/2026\/02\/9788232800803.jpg\",\"datePublished\":\"2016-09-16T00:00:00+00:00\",\"dateModified\":\"2026-03-04T08:34:28+00:00\",\"breadcrumb\":{\"@id\":\"https:\/\/staging.forenteforlag.no\/forlaget\/produkt\/omtrent-pa-storrelse-med-universet\/#breadcrumb\"},\"inLanguage\":\"nb-NO\",\"potentialAction\":[{\"@type\":\"ReadAction\",\"target\":[\"https:\/\/staging.forenteforlag.no\/forlaget\/produkt\/omtrent-pa-storrelse-med-universet\/\"]}]},{\"@type\":\"ImageObject\",\"inLanguage\":\"nb-NO\",\"@id\":\"https:\/\/staging.forenteforlag.no\/forlaget\/produkt\/omtrent-pa-storrelse-med-universet\/#primaryimage\",\"url\":\"https:\/\/staging.forenteforlag.no\/forlaget\/wp-content\/uploads\/sites\/3\/2026\/02\/9788232800803.jpg\",\"contentUrl\":\"https:\/\/staging.forenteforlag.no\/forlaget\/wp-content\/uploads\/sites\/3\/2026\/02\/9788232800803.jpg\",\"width\":720,\"height\":1054},{\"@type\":\"BreadcrumbList\",\"@id\":\"https:\/\/staging.forenteforlag.no\/forlaget\/produkt\/omtrent-pa-storrelse-med-universet\/#breadcrumb\",\"itemListElement\":[{\"@type\":\"ListItem\",\"position\":1,\"name\":\"Hjem\",\"item\":\"https:\/\/staging.forenteforlag.no\/forlaget\/\"},{\"@type\":\"ListItem\",\"position\":2,\"name\":\"Alle b\u00f8ker\",\"item\":\"https:\/\/staging.forenteforlag.no\/forlaget\/butikk\/\"},{\"@type\":\"ListItem\",\"position\":3,\"name\":\"Omtrent p\u00e5 st\u00f8rrelse med universet\"}]},{\"@type\":\"WebSite\",\"@id\":\"https:\/\/staging.forenteforlag.no\/forlaget\/#website\",\"url\":\"https:\/\/staging.forenteforlag.no\/forlaget\/\",\"name\":\"Forlaget Press\",\"description\":\"\",\"publisher\":{\"@id\":\"https:\/\/staging.forenteforlag.no\/forlaget\/#organization\"},\"potentialAction\":[{\"@type\":\"SearchAction\",\"target\":{\"@type\":\"EntryPoint\",\"urlTemplate\":\"https:\/\/staging.forenteforlag.no\/forlaget\/?s={search_term_string}\"},\"query-input\":{\"@type\":\"PropertyValueSpecification\",\"valueRequired\":true,\"valueName\":\"search_term_string\"}}],\"inLanguage\":\"nb-NO\"},{\"@type\":\"Organization\",\"@id\":\"https:\/\/staging.forenteforlag.no\/forlaget\/#organization\",\"name\":\"Forlaget Press\",\"url\":\"https:\/\/staging.forenteforlag.no\/forlaget\/\",\"logo\":{\"@type\":\"ImageObject\",\"inLanguage\":\"nb-NO\",\"@id\":\"https:\/\/staging.forenteforlag.no\/forlaget\/#\/schema\/logo\/image\/\",\"url\":\"https:\/\/staging.forenteforlag.no\/forlaget\/wp-content\/uploads\/sites\/3\/2024\/09\/Press_logo.svg\",\"contentUrl\":\"https:\/\/staging.forenteforlag.no\/forlaget\/wp-content\/uploads\/sites\/3\/2024\/09\/Press_logo.svg\",\"width\":100,\"height\":100,\"caption\":\"Forlaget Press\"},\"image\":{\"@id\":\"https:\/\/staging.forenteforlag.no\/forlaget\/#\/schema\/logo\/image\/\"},\"sameAs\":[\"https:\/\/www.facebook.com\/Forlagetpress\"]}]}<\/script>\n<!-- \/ Yoast SEO plugin. -->","yoast_head_json":{"title":"Omtrent p\u00e5 st\u00f8rrelse med universet - Forlaget Press","robots":{"index":"noindex","follow":"follow","max-snippet":"max-snippet:-1","max-image-preview":"max-image-preview:large","max-video-preview":"max-video-preview:-1"},"og_locale":"nb_NO","og_type":"article","og_title":"Omtrent p\u00e5 st\u00f8rrelse med universet - Forlaget Press","og_description":"I Omtrent p\u00e5 st\u00f8rrelse med universet er vi tilbake i Stef\u00e1nssons sl\u00e5ende litter\u00e6re univers. Boken er en frittst\u00e5ende fortsettelse av fjor\u00e5rets roman Fiskene har ingen f\u00f8tter, og fullf\u00f8rer historien om en islandsk families liv gjennom de siste hundre \u00e5rene i Keflav\u00edk. Da Ari vender tilbake, m\u00e5 han konfrontere sin egen historie p\u00e5 Island: oppveksten i [&hellip;]","og_url":"https:\/\/staging.forenteforlag.no\/forlaget\/produkt\/omtrent-pa-storrelse-med-universet\/","og_site_name":"Forlaget Press","article_publisher":"https:\/\/www.facebook.com\/Forlagetpress","article_modified_time":"2026-03-04T08:34:28+00:00","og_image":[{"width":720,"height":1054,"url":"https:\/\/staging.forenteforlag.no\/forlaget\/wp-content\/uploads\/sites\/3\/2026\/02\/9788232800803.jpg","type":"image\/jpeg"}],"twitter_card":"summary_large_image","twitter_misc":{"Ansl. lesetid":"1 minutt"},"schema":{"@context":"https:\/\/schema.org","@graph":[{"@type":"WebPage","@id":"https:\/\/staging.forenteforlag.no\/forlaget\/produkt\/omtrent-pa-storrelse-med-universet\/","url":"https:\/\/staging.forenteforlag.no\/forlaget\/produkt\/omtrent-pa-storrelse-med-universet\/","name":"Omtrent p\u00e5 st\u00f8rrelse med universet - Forlaget Press","isPartOf":{"@id":"https:\/\/staging.forenteforlag.no\/forlaget\/#website"},"primaryImageOfPage":{"@id":"https:\/\/staging.forenteforlag.no\/forlaget\/produkt\/omtrent-pa-storrelse-med-universet\/#primaryimage"},"image":{"@id":"https:\/\/staging.forenteforlag.no\/forlaget\/produkt\/omtrent-pa-storrelse-med-universet\/#primaryimage"},"thumbnailUrl":"https:\/\/staging.forenteforlag.no\/forlaget\/wp-content\/uploads\/sites\/3\/2026\/02\/9788232800803.jpg","datePublished":"2016-09-16T00:00:00+00:00","dateModified":"2026-03-04T08:34:28+00:00","breadcrumb":{"@id":"https:\/\/staging.forenteforlag.no\/forlaget\/produkt\/omtrent-pa-storrelse-med-universet\/#breadcrumb"},"inLanguage":"nb-NO","potentialAction":[{"@type":"ReadAction","target":["https:\/\/staging.forenteforlag.no\/forlaget\/produkt\/omtrent-pa-storrelse-med-universet\/"]}]},{"@type":"ImageObject","inLanguage":"nb-NO","@id":"https:\/\/staging.forenteforlag.no\/forlaget\/produkt\/omtrent-pa-storrelse-med-universet\/#primaryimage","url":"https:\/\/staging.forenteforlag.no\/forlaget\/wp-content\/uploads\/sites\/3\/2026\/02\/9788232800803.jpg","contentUrl":"https:\/\/staging.forenteforlag.no\/forlaget\/wp-content\/uploads\/sites\/3\/2026\/02\/9788232800803.jpg","width":720,"height":1054},{"@type":"BreadcrumbList","@id":"https:\/\/staging.forenteforlag.no\/forlaget\/produkt\/omtrent-pa-storrelse-med-universet\/#breadcrumb","itemListElement":[{"@type":"ListItem","position":1,"name":"Hjem","item":"https:\/\/staging.forenteforlag.no\/forlaget\/"},{"@type":"ListItem","position":2,"name":"Alle b\u00f8ker","item":"https:\/\/staging.forenteforlag.no\/forlaget\/butikk\/"},{"@type":"ListItem","position":3,"name":"Omtrent p\u00e5 st\u00f8rrelse med universet"}]},{"@type":"WebSite","@id":"https:\/\/staging.forenteforlag.no\/forlaget\/#website","url":"https:\/\/staging.forenteforlag.no\/forlaget\/","name":"Forlaget Press","description":"","publisher":{"@id":"https:\/\/staging.forenteforlag.no\/forlaget\/#organization"},"potentialAction":[{"@type":"SearchAction","target":{"@type":"EntryPoint","urlTemplate":"https:\/\/staging.forenteforlag.no\/forlaget\/?s={search_term_string}"},"query-input":{"@type":"PropertyValueSpecification","valueRequired":true,"valueName":"search_term_string"}}],"inLanguage":"nb-NO"},{"@type":"Organization","@id":"https:\/\/staging.forenteforlag.no\/forlaget\/#organization","name":"Forlaget Press","url":"https:\/\/staging.forenteforlag.no\/forlaget\/","logo":{"@type":"ImageObject","inLanguage":"nb-NO","@id":"https:\/\/staging.forenteforlag.no\/forlaget\/#\/schema\/logo\/image\/","url":"https:\/\/staging.forenteforlag.no\/forlaget\/wp-content\/uploads\/sites\/3\/2024\/09\/Press_logo.svg","contentUrl":"https:\/\/staging.forenteforlag.no\/forlaget\/wp-content\/uploads\/sites\/3\/2024\/09\/Press_logo.svg","width":100,"height":100,"caption":"Forlaget Press"},"image":{"@id":"https:\/\/staging.forenteforlag.no\/forlaget\/#\/schema\/logo\/image\/"},"sameAs":["https:\/\/www.facebook.com\/Forlagetpress"]}]}},"_links":{"self":[{"href":"https:\/\/staging.forenteforlag.no\/forlaget\/wp-json\/wp\/v2\/product\/21036","targetHints":{"allow":["GET"]}}],"collection":[{"href":"https:\/\/staging.forenteforlag.no\/forlaget\/wp-json\/wp\/v2\/product"}],"about":[{"href":"https:\/\/staging.forenteforlag.no\/forlaget\/wp-json\/wp\/v2\/types\/product"}],"wp:featuredmedia":[{"embeddable":true,"href":"https:\/\/staging.forenteforlag.no\/forlaget\/wp-json\/wp\/v2\/media\/26242"}],"wp:attachment":[{"href":"https:\/\/staging.forenteforlag.no\/forlaget\/wp-json\/wp\/v2\/media?parent=21036"}],"wp:term":[{"taxonomy":"product_brand","embeddable":true,"href":"https:\/\/staging.forenteforlag.no\/forlaget\/wp-json\/wp\/v2\/product_brand?post=21036"},{"taxonomy":"product_cat","embeddable":true,"href":"https:\/\/staging.forenteforlag.no\/forlaget\/wp-json\/wp\/v2\/product_cat?post=21036"},{"taxonomy":"product_tag","embeddable":true,"href":"https:\/\/staging.forenteforlag.no\/forlaget\/wp-json\/wp\/v2\/product_tag?post=21036"}],"curies":[{"name":"wp","href":"https:\/\/api.w.org\/{rel}","templated":true}]}}