{"id":20972,"date":"2024-12-10T21:02:23","date_gmt":"2024-12-10T20:02:23","guid":{"rendered":"https:\/\/forlagetpress.forenteforlag.no\/produkt\/dommedagshvelvet\/"},"modified":"2026-03-04T12:36:10","modified_gmt":"2026-03-04T11:36:10","slug":"dommedagshvelvet","status":"publish","type":"product","link":"https:\/\/staging.forenteforlag.no\/forlaget\/produkt\/dommedagshvelvet\/","title":{"rendered":"Dommedagshvelvet"},"content":{"rendered":"<p>I slutten av oktober kommer en delegasjon fra Myanmar opp til Svalbard for \u00e5 deponere fr\u00f8 og korn fra en naturpark nord i landet. Kassen med genetisk materiale skal plasseres i et fr\u00f8lager som ligger i n\u00e6rheten av en gammel kullgruve langt inn i fjellsiden utenfor Longyearbyen.<\/p>\n<p>Men den norskburmesiske delegasjonen kommer ikke alene til Svalbard. Tre norske etterretningsoffiserer f\u00f8lger med p\u00e5 diskret avstand. Deres oppgave er \u00e5 finne ut hva som skjedde da den norske milj\u00f8vernministeren Ida Gjevik forsvant under et bes\u00f8k i Myanmar for et halvt \u00e5r siden. Gjevik er antatt drept, men liket ble ikke funnet.<\/p>\n<p>Politiavdelingen p\u00e5 Sysselmannskontoret, med Knut Fjeld i spissen, blir dratt inn i en virvel av intriger som fletter sammen lokale problemer med internasjonale forviklinger. Bare timer etter at delegasjonen har holdt en minneseremoni for den d\u00f8de Ida Gjevik, blir en person fra Longyearbyen drept inne i en ishule. Er motivet for mordet lokalt &#8211; eller har det sammenheng med den burmesiske delegasjonens bes\u00f8k?<\/p>\n","protected":false},"excerpt":{"rendered":"<p>I slutten av oktober kommer en delegasjon fra Myanmar opp til Svalbard for \u00e5 deponere fr\u00f8 og korn fra en naturpark nord i landet. Kassen med genetisk materiale skal plasseres i et fr\u00f8lager som ligger i n\u00e6rheten av en gammel kullgruve langt inn i fjellsiden utenfor Longyearbyen. Men den norskburmesiske delegasjonen kommer ikke alene til [&hellip;]<\/p>\n","protected":false},"featured_media":0,"template":"","meta":{"_acf_changed":false,"inline_featured_image":false},"product_brand":[],"product_cat":[1781],"product_tag":[391,1095,824,370],"class_list":{"0":"post-20972","1":"product","2":"type-product","3":"status-publish","5":"product_cat-rabattkodekampanje","6":"product_tag-diskriminering","7":"product_tag-grafiske-romaner","8":"product_tag-politi-og-detektiver","9":"product_tag-skjonnlitteratur","11":"first","12":"outofstock","13":"taxable","14":"shipping-taxable","15":"purchasable","16":"product-type-simple"},"acf":{"anmeldelse":null},"yoast_head":"<!-- This site is optimized with the Yoast SEO plugin v26.6 - https:\/\/yoast.com\/wordpress\/plugins\/seo\/ -->\n<title>Dommedagshvelvet - Forlaget Press<\/title>\n<meta name=\"robots\" content=\"noindex, follow, max-snippet:-1, max-image-preview:large, max-video-preview:-1\" \/>\n<meta property=\"og:locale\" content=\"nb_NO\" \/>\n<meta property=\"og:type\" content=\"article\" \/>\n<meta property=\"og:title\" content=\"Dommedagshvelvet - Forlaget Press\" \/>\n<meta property=\"og:description\" content=\"I slutten av oktober kommer en delegasjon fra Myanmar opp til Svalbard for \u00e5 deponere fr\u00f8 og korn fra en naturpark nord i landet. Kassen med genetisk materiale skal plasseres i et fr\u00f8lager som ligger i n\u00e6rheten av en gammel kullgruve langt inn i fjellsiden utenfor Longyearbyen. Men den norskburmesiske delegasjonen kommer ikke alene til [&hellip;]\" \/>\n<meta property=\"og:url\" content=\"https:\/\/staging.forenteforlag.no\/forlaget\/produkt\/dommedagshvelvet\/\" \/>\n<meta property=\"og:site_name\" content=\"Forlaget Press\" \/>\n<meta property=\"article:publisher\" content=\"https:\/\/www.facebook.com\/Forlagetpress\" \/>\n<meta property=\"article:modified_time\" content=\"2026-03-04T11:36:10+00:00\" \/>\n<meta property=\"og:image\" content=\"https:\/\/staging.forenteforlag.no\/forlaget\/wp-content\/uploads\/sites\/3\/2025\/02\/forlagetpress-scaled.jpg\" \/>\n\t<meta property=\"og:image:width\" content=\"1920\" \/>\n\t<meta property=\"og:image:height\" content=\"1280\" \/>\n\t<meta property=\"og:image:type\" content=\"image\/jpeg\" \/>\n<meta name=\"twitter:card\" content=\"summary_large_image\" \/>\n<meta name=\"twitter:label1\" content=\"Ansl. lesetid\" \/>\n\t<meta name=\"twitter:data1\" content=\"1 minutt\" \/>\n<script type=\"application\/ld+json\" class=\"yoast-schema-graph\">{\"@context\":\"https:\/\/schema.org\",\"@graph\":[{\"@type\":\"WebPage\",\"@id\":\"https:\/\/staging.forenteforlag.no\/forlaget\/produkt\/dommedagshvelvet\/\",\"url\":\"https:\/\/staging.forenteforlag.no\/forlaget\/produkt\/dommedagshvelvet\/\",\"name\":\"Dommedagshvelvet - Forlaget Press\",\"isPartOf\":{\"@id\":\"https:\/\/staging.forenteforlag.no\/forlaget\/#website\"},\"datePublished\":\"2024-12-10T20:02:23+00:00\",\"dateModified\":\"2026-03-04T11:36:10+00:00\",\"breadcrumb\":{\"@id\":\"https:\/\/staging.forenteforlag.no\/forlaget\/produkt\/dommedagshvelvet\/#breadcrumb\"},\"inLanguage\":\"nb-NO\",\"potentialAction\":[{\"@type\":\"ReadAction\",\"target\":[\"https:\/\/staging.forenteforlag.no\/forlaget\/produkt\/dommedagshvelvet\/\"]}]},{\"@type\":\"BreadcrumbList\",\"@id\":\"https:\/\/staging.forenteforlag.no\/forlaget\/produkt\/dommedagshvelvet\/#breadcrumb\",\"itemListElement\":[{\"@type\":\"ListItem\",\"position\":1,\"name\":\"Hjem\",\"item\":\"https:\/\/staging.forenteforlag.no\/forlaget\/\"},{\"@type\":\"ListItem\",\"position\":2,\"name\":\"Alle b\u00f8ker\",\"item\":\"https:\/\/staging.forenteforlag.no\/forlaget\/butikk\/\"},{\"@type\":\"ListItem\",\"position\":3,\"name\":\"Dommedagshvelvet\"}]},{\"@type\":\"WebSite\",\"@id\":\"https:\/\/staging.forenteforlag.no\/forlaget\/#website\",\"url\":\"https:\/\/staging.forenteforlag.no\/forlaget\/\",\"name\":\"Forlaget Press\",\"description\":\"\",\"publisher\":{\"@id\":\"https:\/\/staging.forenteforlag.no\/forlaget\/#organization\"},\"potentialAction\":[{\"@type\":\"SearchAction\",\"target\":{\"@type\":\"EntryPoint\",\"urlTemplate\":\"https:\/\/staging.forenteforlag.no\/forlaget\/?s={search_term_string}\"},\"query-input\":{\"@type\":\"PropertyValueSpecification\",\"valueRequired\":true,\"valueName\":\"search_term_string\"}}],\"inLanguage\":\"nb-NO\"},{\"@type\":\"Organization\",\"@id\":\"https:\/\/staging.forenteforlag.no\/forlaget\/#organization\",\"name\":\"Forlaget Press\",\"url\":\"https:\/\/staging.forenteforlag.no\/forlaget\/\",\"logo\":{\"@type\":\"ImageObject\",\"inLanguage\":\"nb-NO\",\"@id\":\"https:\/\/staging.forenteforlag.no\/forlaget\/#\/schema\/logo\/image\/\",\"url\":\"https:\/\/staging.forenteforlag.no\/forlaget\/wp-content\/uploads\/sites\/3\/2024\/09\/Press_logo.svg\",\"contentUrl\":\"https:\/\/staging.forenteforlag.no\/forlaget\/wp-content\/uploads\/sites\/3\/2024\/09\/Press_logo.svg\",\"width\":100,\"height\":100,\"caption\":\"Forlaget Press\"},\"image\":{\"@id\":\"https:\/\/staging.forenteforlag.no\/forlaget\/#\/schema\/logo\/image\/\"},\"sameAs\":[\"https:\/\/www.facebook.com\/Forlagetpress\"]}]}<\/script>\n<!-- \/ Yoast SEO plugin. -->","yoast_head_json":{"title":"Dommedagshvelvet - Forlaget Press","robots":{"index":"noindex","follow":"follow","max-snippet":"max-snippet:-1","max-image-preview":"max-image-preview:large","max-video-preview":"max-video-preview:-1"},"og_locale":"nb_NO","og_type":"article","og_title":"Dommedagshvelvet - Forlaget Press","og_description":"I slutten av oktober kommer en delegasjon fra Myanmar opp til Svalbard for \u00e5 deponere fr\u00f8 og korn fra en naturpark nord i landet. Kassen med genetisk materiale skal plasseres i et fr\u00f8lager som ligger i n\u00e6rheten av en gammel kullgruve langt inn i fjellsiden utenfor Longyearbyen. Men den norskburmesiske delegasjonen kommer ikke alene til [&hellip;]","og_url":"https:\/\/staging.forenteforlag.no\/forlaget\/produkt\/dommedagshvelvet\/","og_site_name":"Forlaget Press","article_publisher":"https:\/\/www.facebook.com\/Forlagetpress","article_modified_time":"2026-03-04T11:36:10+00:00","og_image":[{"width":1920,"height":1280,"url":"https:\/\/staging.forenteforlag.no\/forlaget\/wp-content\/uploads\/sites\/3\/2025\/02\/forlagetpress-scaled.jpg","type":"image\/jpeg"}],"twitter_card":"summary_large_image","twitter_misc":{"Ansl. lesetid":"1 minutt"},"schema":{"@context":"https:\/\/schema.org","@graph":[{"@type":"WebPage","@id":"https:\/\/staging.forenteforlag.no\/forlaget\/produkt\/dommedagshvelvet\/","url":"https:\/\/staging.forenteforlag.no\/forlaget\/produkt\/dommedagshvelvet\/","name":"Dommedagshvelvet - Forlaget Press","isPartOf":{"@id":"https:\/\/staging.forenteforlag.no\/forlaget\/#website"},"datePublished":"2024-12-10T20:02:23+00:00","dateModified":"2026-03-04T11:36:10+00:00","breadcrumb":{"@id":"https:\/\/staging.forenteforlag.no\/forlaget\/produkt\/dommedagshvelvet\/#breadcrumb"},"inLanguage":"nb-NO","potentialAction":[{"@type":"ReadAction","target":["https:\/\/staging.forenteforlag.no\/forlaget\/produkt\/dommedagshvelvet\/"]}]},{"@type":"BreadcrumbList","@id":"https:\/\/staging.forenteforlag.no\/forlaget\/produkt\/dommedagshvelvet\/#breadcrumb","itemListElement":[{"@type":"ListItem","position":1,"name":"Hjem","item":"https:\/\/staging.forenteforlag.no\/forlaget\/"},{"@type":"ListItem","position":2,"name":"Alle b\u00f8ker","item":"https:\/\/staging.forenteforlag.no\/forlaget\/butikk\/"},{"@type":"ListItem","position":3,"name":"Dommedagshvelvet"}]},{"@type":"WebSite","@id":"https:\/\/staging.forenteforlag.no\/forlaget\/#website","url":"https:\/\/staging.forenteforlag.no\/forlaget\/","name":"Forlaget Press","description":"","publisher":{"@id":"https:\/\/staging.forenteforlag.no\/forlaget\/#organization"},"potentialAction":[{"@type":"SearchAction","target":{"@type":"EntryPoint","urlTemplate":"https:\/\/staging.forenteforlag.no\/forlaget\/?s={search_term_string}"},"query-input":{"@type":"PropertyValueSpecification","valueRequired":true,"valueName":"search_term_string"}}],"inLanguage":"nb-NO"},{"@type":"Organization","@id":"https:\/\/staging.forenteforlag.no\/forlaget\/#organization","name":"Forlaget Press","url":"https:\/\/staging.forenteforlag.no\/forlaget\/","logo":{"@type":"ImageObject","inLanguage":"nb-NO","@id":"https:\/\/staging.forenteforlag.no\/forlaget\/#\/schema\/logo\/image\/","url":"https:\/\/staging.forenteforlag.no\/forlaget\/wp-content\/uploads\/sites\/3\/2024\/09\/Press_logo.svg","contentUrl":"https:\/\/staging.forenteforlag.no\/forlaget\/wp-content\/uploads\/sites\/3\/2024\/09\/Press_logo.svg","width":100,"height":100,"caption":"Forlaget Press"},"image":{"@id":"https:\/\/staging.forenteforlag.no\/forlaget\/#\/schema\/logo\/image\/"},"sameAs":["https:\/\/www.facebook.com\/Forlagetpress"]}]}},"_links":{"self":[{"href":"https:\/\/staging.forenteforlag.no\/forlaget\/wp-json\/wp\/v2\/product\/20972","targetHints":{"allow":["GET"]}}],"collection":[{"href":"https:\/\/staging.forenteforlag.no\/forlaget\/wp-json\/wp\/v2\/product"}],"about":[{"href":"https:\/\/staging.forenteforlag.no\/forlaget\/wp-json\/wp\/v2\/types\/product"}],"wp:attachment":[{"href":"https:\/\/staging.forenteforlag.no\/forlaget\/wp-json\/wp\/v2\/media?parent=20972"}],"wp:term":[{"taxonomy":"product_brand","embeddable":true,"href":"https:\/\/staging.forenteforlag.no\/forlaget\/wp-json\/wp\/v2\/product_brand?post=20972"},{"taxonomy":"product_cat","embeddable":true,"href":"https:\/\/staging.forenteforlag.no\/forlaget\/wp-json\/wp\/v2\/product_cat?post=20972"},{"taxonomy":"product_tag","embeddable":true,"href":"https:\/\/staging.forenteforlag.no\/forlaget\/wp-json\/wp\/v2\/product_tag?post=20972"}],"curies":[{"name":"wp","href":"https:\/\/api.w.org\/{rel}","templated":true}]}}