{"id":20971,"date":"2018-09-27T02:00:00","date_gmt":"2018-09-27T00:00:00","guid":{"rendered":"https:\/\/forlagetpress.forenteforlag.no\/produkt\/tilbake-til-lemberg-2\/"},"modified":"2026-03-04T09:41:09","modified_gmt":"2026-03-04T08:41:09","slug":"tilbake-til-lemberg-2","status":"publish","type":"product","link":"https:\/\/staging.forenteforlag.no\/forlaget\/produkt\/tilbake-til-lemberg-2\/","title":{"rendered":"Tilbake til Lemberg"},"content":{"rendered":"<p>Da den framst\u00e5ende menneskerettsjuristen Philippe Sands ble invitert til \u00e5 forelese i Lviv i Ukraina i 2010, ante han ikke at bes\u00f8ket ville bli begynnelsen p\u00e5 en lang reise inn i egen familiehistorie &#8211; og inn i de mest avgj\u00f8rende hendelsene i hele det 20. \u00e5rhundre. Sands var nysgjerrig p\u00e5 Lviv: en vakker, gammel by som pleide \u00e5 b\u00e6re navnet Lemberg, og som hadde v\u00e6rt et sentrum for den j\u00f8diske kulturen Europa. Her hadde bestefaren hans vokst opp &#8211; den elegante og tilkneppede L\u00e9on, han som alltid omga seg med s\u00e5 mye taushet, s\u00e5 mange sp\u00f8rsm\u00e5l.  <br \/>Det Sands ikke visste, var at Lemberg ogs\u00e5 hadde v\u00e6rt opphavsstedet til Rafael Lemkin og Hersch Lauterpach &#8211; to unge j\u00f8diske flykninger og jurister som under krigen arbeidet p\u00e5 spreng hver for seg for \u00e5 utvikle et lovapparat som kunne gj\u00f8re det mulig \u00e5 forf\u00f8lge og straffe nazismens overgripere. Under krigen var Lemberg ogs\u00e5 Hans Franks by: Nazismens viktigste jurist, en av det tredje rikets sjefstenkere, beryktet  under krigen for sitt ufattelig brutale styre i det okkuperte Polen og Ukraina.  <br \/>Sands jakt p\u00e5  sannheten om sin familie og byen som forsvant, sender ham halve jorden rundt, f\u00f8r tilfeldigheter og utrolige forbindelser f\u00f8rer ham tilbake til N\u00fcrnberg og rettsprosessen etter krigen &#8211; der Lemkins og Lauterpachts juridiske arbeid endelig skulle st\u00e5 sin pr\u00f8ve, og Hans Frank skulle f\u00e5 m\u00f8te sin skjebne. Tilbake til Lemberg er en uforglemmelig blanding av historisk detektivarbeid og personlig beretning &#8211; og en sterk meditasjon over hvordan minner, forbrytelser og skyld kan etterlate arr gjennom generasjoner.<\/p>\n","protected":false},"excerpt":{"rendered":"<p>Da den framst\u00e5ende menneskerettsjuristen Philippe Sands ble invitert til \u00e5 forelese i Lviv i Ukraina i 2010, ante han ikke at bes\u00f8ket ville bli begynnelsen p\u00e5 en lang reise inn i egen familiehistorie &#8211; og inn i de mest avgj\u00f8rende hendelsene i hele det 20. \u00e5rhundre. Sands var nysgjerrig p\u00e5 Lviv: en vakker, gammel by [&hellip;]<\/p>\n","protected":false},"featured_media":26320,"template":"","meta":{"_acf_changed":false,"inline_featured_image":false},"product_brand":[],"product_cat":[1781],"product_tag":[362],"class_list":{"0":"post-20971","1":"product","2":"type-product","3":"status-publish","4":"has-post-thumbnail","6":"product_cat-rabattkodekampanje","7":"product_tag-faglitteratur","9":"first","10":"outofstock","11":"shipping-taxable","12":"purchasable","13":"product-type-simple"},"acf":{"anmeldelse":null},"yoast_head":"<!-- This site is optimized with the Yoast SEO plugin v26.6 - https:\/\/yoast.com\/wordpress\/plugins\/seo\/ -->\n<title>Tilbake til Lemberg - Forlaget Press<\/title>\n<meta name=\"robots\" content=\"noindex, follow, max-snippet:-1, max-image-preview:large, max-video-preview:-1\" \/>\n<meta property=\"og:locale\" content=\"nb_NO\" \/>\n<meta property=\"og:type\" content=\"article\" \/>\n<meta property=\"og:title\" content=\"Tilbake til Lemberg - Forlaget Press\" \/>\n<meta property=\"og:description\" content=\"Da den framst\u00e5ende menneskerettsjuristen Philippe Sands ble invitert til \u00e5 forelese i Lviv i Ukraina i 2010, ante han ikke at bes\u00f8ket ville bli begynnelsen p\u00e5 en lang reise inn i egen familiehistorie &#8211; og inn i de mest avgj\u00f8rende hendelsene i hele det 20. \u00e5rhundre. Sands var nysgjerrig p\u00e5 Lviv: en vakker, gammel by [&hellip;]\" \/>\n<meta property=\"og:url\" content=\"https:\/\/staging.forenteforlag.no\/forlaget\/produkt\/tilbake-til-lemberg-2\/\" \/>\n<meta property=\"og:site_name\" content=\"Forlaget Press\" \/>\n<meta property=\"article:publisher\" content=\"https:\/\/www.facebook.com\/Forlagetpress\" \/>\n<meta property=\"article:modified_time\" content=\"2026-03-04T08:41:09+00:00\" \/>\n<meta property=\"og:image\" content=\"https:\/\/staging.forenteforlag.no\/forlaget\/wp-content\/uploads\/sites\/3\/2026\/02\/9788232802012.jpg\" \/>\n\t<meta property=\"og:image:width\" content=\"720\" \/>\n\t<meta property=\"og:image:height\" content=\"1056\" \/>\n\t<meta property=\"og:image:type\" content=\"image\/jpeg\" \/>\n<meta name=\"twitter:card\" content=\"summary_large_image\" \/>\n<meta name=\"twitter:label1\" content=\"Ansl. lesetid\" \/>\n\t<meta name=\"twitter:data1\" content=\"1 minutt\" \/>\n<script type=\"application\/ld+json\" class=\"yoast-schema-graph\">{\"@context\":\"https:\/\/schema.org\",\"@graph\":[{\"@type\":\"WebPage\",\"@id\":\"https:\/\/staging.forenteforlag.no\/forlaget\/produkt\/tilbake-til-lemberg-2\/\",\"url\":\"https:\/\/staging.forenteforlag.no\/forlaget\/produkt\/tilbake-til-lemberg-2\/\",\"name\":\"Tilbake til Lemberg - Forlaget Press\",\"isPartOf\":{\"@id\":\"https:\/\/staging.forenteforlag.no\/forlaget\/#website\"},\"primaryImageOfPage\":{\"@id\":\"https:\/\/staging.forenteforlag.no\/forlaget\/produkt\/tilbake-til-lemberg-2\/#primaryimage\"},\"image\":{\"@id\":\"https:\/\/staging.forenteforlag.no\/forlaget\/produkt\/tilbake-til-lemberg-2\/#primaryimage\"},\"thumbnailUrl\":\"https:\/\/staging.forenteforlag.no\/forlaget\/wp-content\/uploads\/sites\/3\/2026\/02\/9788232802012.jpg\",\"datePublished\":\"2018-09-27T00:00:00+00:00\",\"dateModified\":\"2026-03-04T08:41:09+00:00\",\"breadcrumb\":{\"@id\":\"https:\/\/staging.forenteforlag.no\/forlaget\/produkt\/tilbake-til-lemberg-2\/#breadcrumb\"},\"inLanguage\":\"nb-NO\",\"potentialAction\":[{\"@type\":\"ReadAction\",\"target\":[\"https:\/\/staging.forenteforlag.no\/forlaget\/produkt\/tilbake-til-lemberg-2\/\"]}]},{\"@type\":\"ImageObject\",\"inLanguage\":\"nb-NO\",\"@id\":\"https:\/\/staging.forenteforlag.no\/forlaget\/produkt\/tilbake-til-lemberg-2\/#primaryimage\",\"url\":\"https:\/\/staging.forenteforlag.no\/forlaget\/wp-content\/uploads\/sites\/3\/2026\/02\/9788232802012.jpg\",\"contentUrl\":\"https:\/\/staging.forenteforlag.no\/forlaget\/wp-content\/uploads\/sites\/3\/2026\/02\/9788232802012.jpg\",\"width\":720,\"height\":1056},{\"@type\":\"BreadcrumbList\",\"@id\":\"https:\/\/staging.forenteforlag.no\/forlaget\/produkt\/tilbake-til-lemberg-2\/#breadcrumb\",\"itemListElement\":[{\"@type\":\"ListItem\",\"position\":1,\"name\":\"Hjem\",\"item\":\"https:\/\/staging.forenteforlag.no\/forlaget\/\"},{\"@type\":\"ListItem\",\"position\":2,\"name\":\"Alle b\u00f8ker\",\"item\":\"https:\/\/staging.forenteforlag.no\/forlaget\/butikk\/\"},{\"@type\":\"ListItem\",\"position\":3,\"name\":\"Tilbake til Lemberg\"}]},{\"@type\":\"WebSite\",\"@id\":\"https:\/\/staging.forenteforlag.no\/forlaget\/#website\",\"url\":\"https:\/\/staging.forenteforlag.no\/forlaget\/\",\"name\":\"Forlaget Press\",\"description\":\"\",\"publisher\":{\"@id\":\"https:\/\/staging.forenteforlag.no\/forlaget\/#organization\"},\"potentialAction\":[{\"@type\":\"SearchAction\",\"target\":{\"@type\":\"EntryPoint\",\"urlTemplate\":\"https:\/\/staging.forenteforlag.no\/forlaget\/?s={search_term_string}\"},\"query-input\":{\"@type\":\"PropertyValueSpecification\",\"valueRequired\":true,\"valueName\":\"search_term_string\"}}],\"inLanguage\":\"nb-NO\"},{\"@type\":\"Organization\",\"@id\":\"https:\/\/staging.forenteforlag.no\/forlaget\/#organization\",\"name\":\"Forlaget Press\",\"url\":\"https:\/\/staging.forenteforlag.no\/forlaget\/\",\"logo\":{\"@type\":\"ImageObject\",\"inLanguage\":\"nb-NO\",\"@id\":\"https:\/\/staging.forenteforlag.no\/forlaget\/#\/schema\/logo\/image\/\",\"url\":\"https:\/\/staging.forenteforlag.no\/forlaget\/wp-content\/uploads\/sites\/3\/2024\/09\/Press_logo.svg\",\"contentUrl\":\"https:\/\/staging.forenteforlag.no\/forlaget\/wp-content\/uploads\/sites\/3\/2024\/09\/Press_logo.svg\",\"width\":100,\"height\":100,\"caption\":\"Forlaget Press\"},\"image\":{\"@id\":\"https:\/\/staging.forenteforlag.no\/forlaget\/#\/schema\/logo\/image\/\"},\"sameAs\":[\"https:\/\/www.facebook.com\/Forlagetpress\"]}]}<\/script>\n<!-- \/ Yoast SEO plugin. -->","yoast_head_json":{"title":"Tilbake til Lemberg - Forlaget Press","robots":{"index":"noindex","follow":"follow","max-snippet":"max-snippet:-1","max-image-preview":"max-image-preview:large","max-video-preview":"max-video-preview:-1"},"og_locale":"nb_NO","og_type":"article","og_title":"Tilbake til Lemberg - Forlaget Press","og_description":"Da den framst\u00e5ende menneskerettsjuristen Philippe Sands ble invitert til \u00e5 forelese i Lviv i Ukraina i 2010, ante han ikke at bes\u00f8ket ville bli begynnelsen p\u00e5 en lang reise inn i egen familiehistorie &#8211; og inn i de mest avgj\u00f8rende hendelsene i hele det 20. \u00e5rhundre. Sands var nysgjerrig p\u00e5 Lviv: en vakker, gammel by [&hellip;]","og_url":"https:\/\/staging.forenteforlag.no\/forlaget\/produkt\/tilbake-til-lemberg-2\/","og_site_name":"Forlaget Press","article_publisher":"https:\/\/www.facebook.com\/Forlagetpress","article_modified_time":"2026-03-04T08:41:09+00:00","og_image":[{"width":720,"height":1056,"url":"https:\/\/staging.forenteforlag.no\/forlaget\/wp-content\/uploads\/sites\/3\/2026\/02\/9788232802012.jpg","type":"image\/jpeg"}],"twitter_card":"summary_large_image","twitter_misc":{"Ansl. lesetid":"1 minutt"},"schema":{"@context":"https:\/\/schema.org","@graph":[{"@type":"WebPage","@id":"https:\/\/staging.forenteforlag.no\/forlaget\/produkt\/tilbake-til-lemberg-2\/","url":"https:\/\/staging.forenteforlag.no\/forlaget\/produkt\/tilbake-til-lemberg-2\/","name":"Tilbake til Lemberg - Forlaget Press","isPartOf":{"@id":"https:\/\/staging.forenteforlag.no\/forlaget\/#website"},"primaryImageOfPage":{"@id":"https:\/\/staging.forenteforlag.no\/forlaget\/produkt\/tilbake-til-lemberg-2\/#primaryimage"},"image":{"@id":"https:\/\/staging.forenteforlag.no\/forlaget\/produkt\/tilbake-til-lemberg-2\/#primaryimage"},"thumbnailUrl":"https:\/\/staging.forenteforlag.no\/forlaget\/wp-content\/uploads\/sites\/3\/2026\/02\/9788232802012.jpg","datePublished":"2018-09-27T00:00:00+00:00","dateModified":"2026-03-04T08:41:09+00:00","breadcrumb":{"@id":"https:\/\/staging.forenteforlag.no\/forlaget\/produkt\/tilbake-til-lemberg-2\/#breadcrumb"},"inLanguage":"nb-NO","potentialAction":[{"@type":"ReadAction","target":["https:\/\/staging.forenteforlag.no\/forlaget\/produkt\/tilbake-til-lemberg-2\/"]}]},{"@type":"ImageObject","inLanguage":"nb-NO","@id":"https:\/\/staging.forenteforlag.no\/forlaget\/produkt\/tilbake-til-lemberg-2\/#primaryimage","url":"https:\/\/staging.forenteforlag.no\/forlaget\/wp-content\/uploads\/sites\/3\/2026\/02\/9788232802012.jpg","contentUrl":"https:\/\/staging.forenteforlag.no\/forlaget\/wp-content\/uploads\/sites\/3\/2026\/02\/9788232802012.jpg","width":720,"height":1056},{"@type":"BreadcrumbList","@id":"https:\/\/staging.forenteforlag.no\/forlaget\/produkt\/tilbake-til-lemberg-2\/#breadcrumb","itemListElement":[{"@type":"ListItem","position":1,"name":"Hjem","item":"https:\/\/staging.forenteforlag.no\/forlaget\/"},{"@type":"ListItem","position":2,"name":"Alle b\u00f8ker","item":"https:\/\/staging.forenteforlag.no\/forlaget\/butikk\/"},{"@type":"ListItem","position":3,"name":"Tilbake til Lemberg"}]},{"@type":"WebSite","@id":"https:\/\/staging.forenteforlag.no\/forlaget\/#website","url":"https:\/\/staging.forenteforlag.no\/forlaget\/","name":"Forlaget Press","description":"","publisher":{"@id":"https:\/\/staging.forenteforlag.no\/forlaget\/#organization"},"potentialAction":[{"@type":"SearchAction","target":{"@type":"EntryPoint","urlTemplate":"https:\/\/staging.forenteforlag.no\/forlaget\/?s={search_term_string}"},"query-input":{"@type":"PropertyValueSpecification","valueRequired":true,"valueName":"search_term_string"}}],"inLanguage":"nb-NO"},{"@type":"Organization","@id":"https:\/\/staging.forenteforlag.no\/forlaget\/#organization","name":"Forlaget Press","url":"https:\/\/staging.forenteforlag.no\/forlaget\/","logo":{"@type":"ImageObject","inLanguage":"nb-NO","@id":"https:\/\/staging.forenteforlag.no\/forlaget\/#\/schema\/logo\/image\/","url":"https:\/\/staging.forenteforlag.no\/forlaget\/wp-content\/uploads\/sites\/3\/2024\/09\/Press_logo.svg","contentUrl":"https:\/\/staging.forenteforlag.no\/forlaget\/wp-content\/uploads\/sites\/3\/2024\/09\/Press_logo.svg","width":100,"height":100,"caption":"Forlaget Press"},"image":{"@id":"https:\/\/staging.forenteforlag.no\/forlaget\/#\/schema\/logo\/image\/"},"sameAs":["https:\/\/www.facebook.com\/Forlagetpress"]}]}},"_links":{"self":[{"href":"https:\/\/staging.forenteforlag.no\/forlaget\/wp-json\/wp\/v2\/product\/20971","targetHints":{"allow":["GET"]}}],"collection":[{"href":"https:\/\/staging.forenteforlag.no\/forlaget\/wp-json\/wp\/v2\/product"}],"about":[{"href":"https:\/\/staging.forenteforlag.no\/forlaget\/wp-json\/wp\/v2\/types\/product"}],"wp:featuredmedia":[{"embeddable":true,"href":"https:\/\/staging.forenteforlag.no\/forlaget\/wp-json\/wp\/v2\/media\/26320"}],"wp:attachment":[{"href":"https:\/\/staging.forenteforlag.no\/forlaget\/wp-json\/wp\/v2\/media?parent=20971"}],"wp:term":[{"taxonomy":"product_brand","embeddable":true,"href":"https:\/\/staging.forenteforlag.no\/forlaget\/wp-json\/wp\/v2\/product_brand?post=20971"},{"taxonomy":"product_cat","embeddable":true,"href":"https:\/\/staging.forenteforlag.no\/forlaget\/wp-json\/wp\/v2\/product_cat?post=20971"},{"taxonomy":"product_tag","embeddable":true,"href":"https:\/\/staging.forenteforlag.no\/forlaget\/wp-json\/wp\/v2\/product_tag?post=20971"}],"curies":[{"name":"wp","href":"https:\/\/api.w.org\/{rel}","templated":true}]}}