{"id":20789,"date":"2019-11-13T01:00:00","date_gmt":"2019-11-13T00:00:00","guid":{"rendered":"https:\/\/forlagetpress.forenteforlag.no\/produkt\/familiekokeboka\/"},"modified":"2026-03-04T12:38:15","modified_gmt":"2026-03-04T11:38:15","slug":"familiekokeboka","status":"publish","type":"product","link":"https:\/\/staging.forenteforlag.no\/forlaget\/produkt\/familiekokeboka\/","title":{"rendered":"Familiekokeboka"},"content":{"rendered":"<p>Av alle livets sm\u00e5 og store sp\u00f8rsm\u00e5l er det ett du garantert aldri blir ferdig med \u00e5 stille: Hva skal vi ha til middag i dag?  <\/p>\n<p>I 10 \u00e5r n\u00e5 har den moderne kokebokklassikeren Familiekokeboka fra Ole Martin Alfsen og Tom Victor Gausdal hjulpet nordmenn i alle aldre \u00e5 l\u00f8se middagsflokene sine &#8211;  med massevis av gode oppskrifter, r\u00e5d og tips, og topp fagkunnskap kombinert med en uj\u00e5lete tone. F\u00e5 andre kokeb\u00f8ker har f\u00e5tt samme status: Elsket av b\u00e5de lesere og kritikere, med n\u00e6rmere 150 000 solgte eksemplarer, og utropt til en av de beste og viktigste kokeb\u00f8kene i Norge i nyere tid.  <\/p>\n<p>N\u00e5 har mesterkokkene Gausdal og Alfsen g\u00e5tt sammen for \u00e5 gj\u00f8re Familiekokeboka enda st\u00f8rre, bedre og mer brukervennlig. Alle oppskrifter er gjennomg\u00e5tt og oppdatert &#8211; og over 200 nye oppskrifter er lagt til. En lang rekke nye hverdagsfavoritter har kommet inn,  og s\u00e6rlig kapitlene om fisk og sj\u00f8mat og om gr\u00f8nnsakstilbeh\u00f8r har blitt mye st\u00f8rre. I tillegg har boka har f\u00e5tt et helt nytt kapittel med vegetariske middagsalternativer. Resultatet er en ny og fristende &#8211; men likevel gjenkjennelig &#8211; utgave av en av de mest popul\u00e6re og nyttige kokeb\u00f8kene noensinne laget p\u00e5 norsk.  <\/p>\n<p>&#8211; Klassiker i ny, oppdatert og utvidet utgave <br \/>&#8211; Alt du trenger \u00e5 vite p\u00e5 hverdagskj\u00f8kkenet <br \/>&#8211; Over 200 nye oppskrifter <\/p>\n<p>\u00abDen beste og mest anvendelige kokeboken p\u00e5 mer enn ti \u00e5r, kanskje p\u00e5 en generasjon. Et moderne, oppeg\u00e5ende alternativ til standardb\u00f8ker som den rutete.\u00bb  <br \/>Yngve Ekern, Aftenposten<\/p>\n","protected":false},"excerpt":{"rendered":"<p>Av alle livets sm\u00e5 og store sp\u00f8rsm\u00e5l er det ett du garantert aldri blir ferdig med \u00e5 stille: Hva skal vi ha til middag i dag? I 10 \u00e5r n\u00e5 har den moderne kokebokklassikeren Familiekokeboka fra Ole Martin Alfsen og Tom Victor Gausdal hjulpet nordmenn i alle aldre \u00e5 l\u00f8se middagsflokene sine &#8211; med massevis [&hellip;]<\/p>\n","protected":false},"featured_media":26365,"template":"","meta":{"_acf_changed":false,"inline_featured_image":false},"product_brand":[],"product_cat":[1781],"product_tag":[362,464],"class_list":{"0":"post-20789","1":"product","2":"type-product","3":"status-publish","4":"has-post-thumbnail","6":"product_cat-rabattkodekampanje","7":"product_tag-faglitteratur","8":"product_tag-kokeboker","10":"first","11":"instock","12":"shipping-taxable","13":"purchasable","14":"product-type-simple"},"acf":{"anmeldelse":null},"yoast_head":"<!-- This site is optimized with the Yoast SEO plugin v26.6 - https:\/\/yoast.com\/wordpress\/plugins\/seo\/ -->\n<title>Familiekokeboka - Forlaget Press<\/title>\n<meta name=\"robots\" content=\"noindex, follow, max-snippet:-1, max-image-preview:large, max-video-preview:-1\" \/>\n<meta property=\"og:locale\" content=\"nb_NO\" \/>\n<meta property=\"og:type\" content=\"article\" \/>\n<meta property=\"og:title\" content=\"Familiekokeboka - Forlaget Press\" \/>\n<meta property=\"og:description\" content=\"Av alle livets sm\u00e5 og store sp\u00f8rsm\u00e5l er det ett du garantert aldri blir ferdig med \u00e5 stille: Hva skal vi ha til middag i dag? I 10 \u00e5r n\u00e5 har den moderne kokebokklassikeren Familiekokeboka fra Ole Martin Alfsen og Tom Victor Gausdal hjulpet nordmenn i alle aldre \u00e5 l\u00f8se middagsflokene sine &#8211; med massevis [&hellip;]\" \/>\n<meta property=\"og:url\" content=\"https:\/\/staging.forenteforlag.no\/forlaget\/produkt\/familiekokeboka\/\" \/>\n<meta property=\"og:site_name\" content=\"Forlaget Press\" \/>\n<meta property=\"article:publisher\" content=\"https:\/\/www.facebook.com\/Forlagetpress\" \/>\n<meta property=\"article:modified_time\" content=\"2026-03-04T11:38:15+00:00\" \/>\n<meta property=\"og:image\" content=\"https:\/\/staging.forenteforlag.no\/forlaget\/wp-content\/uploads\/sites\/3\/2026\/02\/9788232802968.jpg\" \/>\n\t<meta property=\"og:image:width\" content=\"720\" \/>\n\t<meta property=\"og:image:height\" content=\"993\" \/>\n\t<meta property=\"og:image:type\" content=\"image\/jpeg\" \/>\n<meta name=\"twitter:card\" content=\"summary_large_image\" \/>\n<meta name=\"twitter:label1\" content=\"Ansl. lesetid\" \/>\n\t<meta name=\"twitter:data1\" content=\"1 minutt\" \/>\n<script type=\"application\/ld+json\" class=\"yoast-schema-graph\">{\"@context\":\"https:\/\/schema.org\",\"@graph\":[{\"@type\":\"WebPage\",\"@id\":\"https:\/\/staging.forenteforlag.no\/forlaget\/produkt\/familiekokeboka\/\",\"url\":\"https:\/\/staging.forenteforlag.no\/forlaget\/produkt\/familiekokeboka\/\",\"name\":\"Familiekokeboka - Forlaget Press\",\"isPartOf\":{\"@id\":\"https:\/\/staging.forenteforlag.no\/forlaget\/#website\"},\"primaryImageOfPage\":{\"@id\":\"https:\/\/staging.forenteforlag.no\/forlaget\/produkt\/familiekokeboka\/#primaryimage\"},\"image\":{\"@id\":\"https:\/\/staging.forenteforlag.no\/forlaget\/produkt\/familiekokeboka\/#primaryimage\"},\"thumbnailUrl\":\"https:\/\/staging.forenteforlag.no\/forlaget\/wp-content\/uploads\/sites\/3\/2026\/02\/9788232802968.jpg\",\"datePublished\":\"2019-11-13T00:00:00+00:00\",\"dateModified\":\"2026-03-04T11:38:15+00:00\",\"breadcrumb\":{\"@id\":\"https:\/\/staging.forenteforlag.no\/forlaget\/produkt\/familiekokeboka\/#breadcrumb\"},\"inLanguage\":\"nb-NO\",\"potentialAction\":[{\"@type\":\"ReadAction\",\"target\":[\"https:\/\/staging.forenteforlag.no\/forlaget\/produkt\/familiekokeboka\/\"]}]},{\"@type\":\"ImageObject\",\"inLanguage\":\"nb-NO\",\"@id\":\"https:\/\/staging.forenteforlag.no\/forlaget\/produkt\/familiekokeboka\/#primaryimage\",\"url\":\"https:\/\/staging.forenteforlag.no\/forlaget\/wp-content\/uploads\/sites\/3\/2026\/02\/9788232802968.jpg\",\"contentUrl\":\"https:\/\/staging.forenteforlag.no\/forlaget\/wp-content\/uploads\/sites\/3\/2026\/02\/9788232802968.jpg\",\"width\":720,\"height\":993},{\"@type\":\"BreadcrumbList\",\"@id\":\"https:\/\/staging.forenteforlag.no\/forlaget\/produkt\/familiekokeboka\/#breadcrumb\",\"itemListElement\":[{\"@type\":\"ListItem\",\"position\":1,\"name\":\"Hjem\",\"item\":\"https:\/\/staging.forenteforlag.no\/forlaget\/\"},{\"@type\":\"ListItem\",\"position\":2,\"name\":\"Alle b\u00f8ker\",\"item\":\"https:\/\/staging.forenteforlag.no\/forlaget\/butikk\/\"},{\"@type\":\"ListItem\",\"position\":3,\"name\":\"Familiekokeboka\"}]},{\"@type\":\"WebSite\",\"@id\":\"https:\/\/staging.forenteforlag.no\/forlaget\/#website\",\"url\":\"https:\/\/staging.forenteforlag.no\/forlaget\/\",\"name\":\"Forlaget Press\",\"description\":\"\",\"publisher\":{\"@id\":\"https:\/\/staging.forenteforlag.no\/forlaget\/#organization\"},\"potentialAction\":[{\"@type\":\"SearchAction\",\"target\":{\"@type\":\"EntryPoint\",\"urlTemplate\":\"https:\/\/staging.forenteforlag.no\/forlaget\/?s={search_term_string}\"},\"query-input\":{\"@type\":\"PropertyValueSpecification\",\"valueRequired\":true,\"valueName\":\"search_term_string\"}}],\"inLanguage\":\"nb-NO\"},{\"@type\":\"Organization\",\"@id\":\"https:\/\/staging.forenteforlag.no\/forlaget\/#organization\",\"name\":\"Forlaget Press\",\"url\":\"https:\/\/staging.forenteforlag.no\/forlaget\/\",\"logo\":{\"@type\":\"ImageObject\",\"inLanguage\":\"nb-NO\",\"@id\":\"https:\/\/staging.forenteforlag.no\/forlaget\/#\/schema\/logo\/image\/\",\"url\":\"https:\/\/staging.forenteforlag.no\/forlaget\/wp-content\/uploads\/sites\/3\/2024\/09\/Press_logo.svg\",\"contentUrl\":\"https:\/\/staging.forenteforlag.no\/forlaget\/wp-content\/uploads\/sites\/3\/2024\/09\/Press_logo.svg\",\"width\":100,\"height\":100,\"caption\":\"Forlaget Press\"},\"image\":{\"@id\":\"https:\/\/staging.forenteforlag.no\/forlaget\/#\/schema\/logo\/image\/\"},\"sameAs\":[\"https:\/\/www.facebook.com\/Forlagetpress\"]}]}<\/script>\n<!-- \/ Yoast SEO plugin. -->","yoast_head_json":{"title":"Familiekokeboka - Forlaget Press","robots":{"index":"noindex","follow":"follow","max-snippet":"max-snippet:-1","max-image-preview":"max-image-preview:large","max-video-preview":"max-video-preview:-1"},"og_locale":"nb_NO","og_type":"article","og_title":"Familiekokeboka - Forlaget Press","og_description":"Av alle livets sm\u00e5 og store sp\u00f8rsm\u00e5l er det ett du garantert aldri blir ferdig med \u00e5 stille: Hva skal vi ha til middag i dag? I 10 \u00e5r n\u00e5 har den moderne kokebokklassikeren Familiekokeboka fra Ole Martin Alfsen og Tom Victor Gausdal hjulpet nordmenn i alle aldre \u00e5 l\u00f8se middagsflokene sine &#8211; med massevis [&hellip;]","og_url":"https:\/\/staging.forenteforlag.no\/forlaget\/produkt\/familiekokeboka\/","og_site_name":"Forlaget Press","article_publisher":"https:\/\/www.facebook.com\/Forlagetpress","article_modified_time":"2026-03-04T11:38:15+00:00","og_image":[{"width":720,"height":993,"url":"https:\/\/staging.forenteforlag.no\/forlaget\/wp-content\/uploads\/sites\/3\/2026\/02\/9788232802968.jpg","type":"image\/jpeg"}],"twitter_card":"summary_large_image","twitter_misc":{"Ansl. lesetid":"1 minutt"},"schema":{"@context":"https:\/\/schema.org","@graph":[{"@type":"WebPage","@id":"https:\/\/staging.forenteforlag.no\/forlaget\/produkt\/familiekokeboka\/","url":"https:\/\/staging.forenteforlag.no\/forlaget\/produkt\/familiekokeboka\/","name":"Familiekokeboka - Forlaget Press","isPartOf":{"@id":"https:\/\/staging.forenteforlag.no\/forlaget\/#website"},"primaryImageOfPage":{"@id":"https:\/\/staging.forenteforlag.no\/forlaget\/produkt\/familiekokeboka\/#primaryimage"},"image":{"@id":"https:\/\/staging.forenteforlag.no\/forlaget\/produkt\/familiekokeboka\/#primaryimage"},"thumbnailUrl":"https:\/\/staging.forenteforlag.no\/forlaget\/wp-content\/uploads\/sites\/3\/2026\/02\/9788232802968.jpg","datePublished":"2019-11-13T00:00:00+00:00","dateModified":"2026-03-04T11:38:15+00:00","breadcrumb":{"@id":"https:\/\/staging.forenteforlag.no\/forlaget\/produkt\/familiekokeboka\/#breadcrumb"},"inLanguage":"nb-NO","potentialAction":[{"@type":"ReadAction","target":["https:\/\/staging.forenteforlag.no\/forlaget\/produkt\/familiekokeboka\/"]}]},{"@type":"ImageObject","inLanguage":"nb-NO","@id":"https:\/\/staging.forenteforlag.no\/forlaget\/produkt\/familiekokeboka\/#primaryimage","url":"https:\/\/staging.forenteforlag.no\/forlaget\/wp-content\/uploads\/sites\/3\/2026\/02\/9788232802968.jpg","contentUrl":"https:\/\/staging.forenteforlag.no\/forlaget\/wp-content\/uploads\/sites\/3\/2026\/02\/9788232802968.jpg","width":720,"height":993},{"@type":"BreadcrumbList","@id":"https:\/\/staging.forenteforlag.no\/forlaget\/produkt\/familiekokeboka\/#breadcrumb","itemListElement":[{"@type":"ListItem","position":1,"name":"Hjem","item":"https:\/\/staging.forenteforlag.no\/forlaget\/"},{"@type":"ListItem","position":2,"name":"Alle b\u00f8ker","item":"https:\/\/staging.forenteforlag.no\/forlaget\/butikk\/"},{"@type":"ListItem","position":3,"name":"Familiekokeboka"}]},{"@type":"WebSite","@id":"https:\/\/staging.forenteforlag.no\/forlaget\/#website","url":"https:\/\/staging.forenteforlag.no\/forlaget\/","name":"Forlaget Press","description":"","publisher":{"@id":"https:\/\/staging.forenteforlag.no\/forlaget\/#organization"},"potentialAction":[{"@type":"SearchAction","target":{"@type":"EntryPoint","urlTemplate":"https:\/\/staging.forenteforlag.no\/forlaget\/?s={search_term_string}"},"query-input":{"@type":"PropertyValueSpecification","valueRequired":true,"valueName":"search_term_string"}}],"inLanguage":"nb-NO"},{"@type":"Organization","@id":"https:\/\/staging.forenteforlag.no\/forlaget\/#organization","name":"Forlaget Press","url":"https:\/\/staging.forenteforlag.no\/forlaget\/","logo":{"@type":"ImageObject","inLanguage":"nb-NO","@id":"https:\/\/staging.forenteforlag.no\/forlaget\/#\/schema\/logo\/image\/","url":"https:\/\/staging.forenteforlag.no\/forlaget\/wp-content\/uploads\/sites\/3\/2024\/09\/Press_logo.svg","contentUrl":"https:\/\/staging.forenteforlag.no\/forlaget\/wp-content\/uploads\/sites\/3\/2024\/09\/Press_logo.svg","width":100,"height":100,"caption":"Forlaget Press"},"image":{"@id":"https:\/\/staging.forenteforlag.no\/forlaget\/#\/schema\/logo\/image\/"},"sameAs":["https:\/\/www.facebook.com\/Forlagetpress"]}]}},"_links":{"self":[{"href":"https:\/\/staging.forenteforlag.no\/forlaget\/wp-json\/wp\/v2\/product\/20789","targetHints":{"allow":["GET"]}}],"collection":[{"href":"https:\/\/staging.forenteforlag.no\/forlaget\/wp-json\/wp\/v2\/product"}],"about":[{"href":"https:\/\/staging.forenteforlag.no\/forlaget\/wp-json\/wp\/v2\/types\/product"}],"wp:featuredmedia":[{"embeddable":true,"href":"https:\/\/staging.forenteforlag.no\/forlaget\/wp-json\/wp\/v2\/media\/26365"}],"wp:attachment":[{"href":"https:\/\/staging.forenteforlag.no\/forlaget\/wp-json\/wp\/v2\/media?parent=20789"}],"wp:term":[{"taxonomy":"product_brand","embeddable":true,"href":"https:\/\/staging.forenteforlag.no\/forlaget\/wp-json\/wp\/v2\/product_brand?post=20789"},{"taxonomy":"product_cat","embeddable":true,"href":"https:\/\/staging.forenteforlag.no\/forlaget\/wp-json\/wp\/v2\/product_cat?post=20789"},{"taxonomy":"product_tag","embeddable":true,"href":"https:\/\/staging.forenteforlag.no\/forlaget\/wp-json\/wp\/v2\/product_tag?post=20789"}],"curies":[{"name":"wp","href":"https:\/\/api.w.org\/{rel}","templated":true}]}}