{"id":20776,"date":"2019-05-06T02:00:00","date_gmt":"2019-05-06T00:00:00","guid":{"rendered":"https:\/\/forlagetpress.forenteforlag.no\/produkt\/okkupanter-2\/"},"modified":"2026-03-04T09:41:57","modified_gmt":"2026-03-04T08:41:57","slug":"okkupanter-2","status":"publish","type":"product","link":"https:\/\/staging.forenteforlag.no\/forlaget\/produkt\/okkupanter-2\/","title":{"rendered":"Okkupanter"},"content":{"rendered":"<p>I 2014 fikk historikeren Gudmund Moren bes\u00f8k av en venn fra Tyskland. Hun hadde med seg en eske med gamle papirer. Var det noe han kunne ha nytte av? Esken inneholdt det personlige arkivet etter foreldrene Trudel og Georg Bauer: Hundrevis av brev, dokumenter og bilder fra et langt liv sammen. De to hadde m\u00f8ttes i Norge under krigen, og giftet seg mens Georg Bauer satt i krigsfangenskap p\u00e5 Akershus festning. Hun var selvstendig yrkeskvinne fra Berlin, som hadde dratt til Norge i 1941 for \u00e5 jobbe i det tyske Rikskommisariatet. Han var jurist og sivil embetsmann i den tyske sikkerhetstjenesten i Norge &#8211; men ogs\u00e5 SS-medlem, og overbevist. Brevene gjorde det mulig \u00e5 f\u00f8lge Trudel og Georgs liv sammen, fra det romantiske m\u00f8tet under en p\u00e5skeferie i 1942, via ubekymrede dager i Oslo som del av det tyske okkupantmilj\u00f8et, fram til ydmykelsen og nederlaget v\u00e5ren 1945. Etterp\u00e5 fangenskap og internering &#8211; men ogs\u00e5 gifterm\u00e5l og barnef\u00f8dsel. Til sist hjemreise til det \u00f8delagte Tyskland, og kamp for \u00e5 overleve blant sult, kaos og fattigdom.<\/p>\n<p>P\u00e5 det meste befant det seg over 400 000 tyskere i Norge under andre verdenskrig. P\u00e5 tross av det enorme tyske n\u00e6rv\u00e6ret i Norge er det skrevet lite om disse okkupantenes erfaringer. S\u00e6rlig gjelder det gruppen som ekteparet tilh\u00f8rte: Sivile byr\u00e5krater og kontorister som var satt til \u00e5 administrere den nye norske regionen i Det tredje riket. De s\u00e5 p\u00e5 seg selv som pliktoppfyllende tjenestemenn og -kvinner i det tyske statsapparatet. Samtidig var de med p\u00e5 \u00e5 opprettholde et av de mest brutale regimene verdenshistorien har sett.<br \/>\nOkkupanter er en annerledes bok om andre verdenskrig, som p\u00e5 unikt vis tar oss med p\u00e5 innsiden av den tyske krigserfaringen. Samtidig er boken en utforskning av skyld og ansvar, soning og forsoning. Hvordan opplevde de selv nazistenes maktovertakelse, krigen og de dramatiske etterkrigs\u00e5rene? Hva tenkte de om systemet de hadde v\u00e6rt del av &#8211; og om sin om egen rolle i det tredje rikets grusomheter?<\/p>\n","protected":false},"excerpt":{"rendered":"<p>I 2014 fikk historikeren Gudmund Moren bes\u00f8k av en venn fra Tyskland. Hun hadde med seg en eske med gamle papirer. Var det noe han kunne ha nytte av? Esken inneholdt det personlige arkivet etter foreldrene Trudel og Georg Bauer: Hundrevis av brev, dokumenter og bilder fra et langt liv sammen. De to hadde m\u00f8ttes [&hellip;]<\/p>\n","protected":false},"featured_media":26327,"template":"","meta":{"_acf_changed":false,"inline_featured_image":false},"product_brand":[],"product_cat":[1781],"product_tag":[362],"class_list":{"0":"post-20776","1":"product","2":"type-product","3":"status-publish","4":"has-post-thumbnail","6":"product_cat-rabattkodekampanje","7":"product_tag-faglitteratur","9":"first","10":"outofstock","11":"shipping-taxable","12":"purchasable","13":"product-type-simple"},"acf":{"anmeldelse":null},"yoast_head":"<!-- This site is optimized with the Yoast SEO plugin v26.6 - https:\/\/yoast.com\/wordpress\/plugins\/seo\/ -->\n<title>Okkupanter - Forlaget Press<\/title>\n<meta name=\"robots\" content=\"noindex, follow, max-snippet:-1, max-image-preview:large, max-video-preview:-1\" \/>\n<meta property=\"og:locale\" content=\"nb_NO\" \/>\n<meta property=\"og:type\" content=\"article\" \/>\n<meta property=\"og:title\" content=\"Okkupanter - Forlaget Press\" \/>\n<meta property=\"og:description\" content=\"I 2014 fikk historikeren Gudmund Moren bes\u00f8k av en venn fra Tyskland. Hun hadde med seg en eske med gamle papirer. Var det noe han kunne ha nytte av? Esken inneholdt det personlige arkivet etter foreldrene Trudel og Georg Bauer: Hundrevis av brev, dokumenter og bilder fra et langt liv sammen. De to hadde m\u00f8ttes [&hellip;]\" \/>\n<meta property=\"og:url\" content=\"https:\/\/staging.forenteforlag.no\/forlaget\/produkt\/okkupanter-2\/\" \/>\n<meta property=\"og:site_name\" content=\"Forlaget Press\" \/>\n<meta property=\"article:publisher\" content=\"https:\/\/www.facebook.com\/Forlagetpress\" \/>\n<meta property=\"article:modified_time\" content=\"2026-03-04T08:41:57+00:00\" \/>\n<meta property=\"og:image\" content=\"https:\/\/staging.forenteforlag.no\/forlaget\/wp-content\/uploads\/sites\/3\/2026\/02\/9788232802098.jpg\" \/>\n\t<meta property=\"og:image:width\" content=\"720\" \/>\n\t<meta property=\"og:image:height\" content=\"1065\" \/>\n\t<meta property=\"og:image:type\" content=\"image\/jpeg\" \/>\n<meta name=\"twitter:card\" content=\"summary_large_image\" \/>\n<meta name=\"twitter:label1\" content=\"Ansl. lesetid\" \/>\n\t<meta name=\"twitter:data1\" content=\"2 minutter\" \/>\n<script type=\"application\/ld+json\" class=\"yoast-schema-graph\">{\"@context\":\"https:\/\/schema.org\",\"@graph\":[{\"@type\":\"WebPage\",\"@id\":\"https:\/\/staging.forenteforlag.no\/forlaget\/produkt\/okkupanter-2\/\",\"url\":\"https:\/\/staging.forenteforlag.no\/forlaget\/produkt\/okkupanter-2\/\",\"name\":\"Okkupanter - Forlaget Press\",\"isPartOf\":{\"@id\":\"https:\/\/staging.forenteforlag.no\/forlaget\/#website\"},\"primaryImageOfPage\":{\"@id\":\"https:\/\/staging.forenteforlag.no\/forlaget\/produkt\/okkupanter-2\/#primaryimage\"},\"image\":{\"@id\":\"https:\/\/staging.forenteforlag.no\/forlaget\/produkt\/okkupanter-2\/#primaryimage\"},\"thumbnailUrl\":\"https:\/\/staging.forenteforlag.no\/forlaget\/wp-content\/uploads\/sites\/3\/2026\/02\/9788232802098.jpg\",\"datePublished\":\"2019-05-06T00:00:00+00:00\",\"dateModified\":\"2026-03-04T08:41:57+00:00\",\"breadcrumb\":{\"@id\":\"https:\/\/staging.forenteforlag.no\/forlaget\/produkt\/okkupanter-2\/#breadcrumb\"},\"inLanguage\":\"nb-NO\",\"potentialAction\":[{\"@type\":\"ReadAction\",\"target\":[\"https:\/\/staging.forenteforlag.no\/forlaget\/produkt\/okkupanter-2\/\"]}]},{\"@type\":\"ImageObject\",\"inLanguage\":\"nb-NO\",\"@id\":\"https:\/\/staging.forenteforlag.no\/forlaget\/produkt\/okkupanter-2\/#primaryimage\",\"url\":\"https:\/\/staging.forenteforlag.no\/forlaget\/wp-content\/uploads\/sites\/3\/2026\/02\/9788232802098.jpg\",\"contentUrl\":\"https:\/\/staging.forenteforlag.no\/forlaget\/wp-content\/uploads\/sites\/3\/2026\/02\/9788232802098.jpg\",\"width\":720,\"height\":1065},{\"@type\":\"BreadcrumbList\",\"@id\":\"https:\/\/staging.forenteforlag.no\/forlaget\/produkt\/okkupanter-2\/#breadcrumb\",\"itemListElement\":[{\"@type\":\"ListItem\",\"position\":1,\"name\":\"Hjem\",\"item\":\"https:\/\/staging.forenteforlag.no\/forlaget\/\"},{\"@type\":\"ListItem\",\"position\":2,\"name\":\"Alle b\u00f8ker\",\"item\":\"https:\/\/staging.forenteforlag.no\/forlaget\/butikk\/\"},{\"@type\":\"ListItem\",\"position\":3,\"name\":\"Okkupanter\"}]},{\"@type\":\"WebSite\",\"@id\":\"https:\/\/staging.forenteforlag.no\/forlaget\/#website\",\"url\":\"https:\/\/staging.forenteforlag.no\/forlaget\/\",\"name\":\"Forlaget Press\",\"description\":\"\",\"publisher\":{\"@id\":\"https:\/\/staging.forenteforlag.no\/forlaget\/#organization\"},\"potentialAction\":[{\"@type\":\"SearchAction\",\"target\":{\"@type\":\"EntryPoint\",\"urlTemplate\":\"https:\/\/staging.forenteforlag.no\/forlaget\/?s={search_term_string}\"},\"query-input\":{\"@type\":\"PropertyValueSpecification\",\"valueRequired\":true,\"valueName\":\"search_term_string\"}}],\"inLanguage\":\"nb-NO\"},{\"@type\":\"Organization\",\"@id\":\"https:\/\/staging.forenteforlag.no\/forlaget\/#organization\",\"name\":\"Forlaget Press\",\"url\":\"https:\/\/staging.forenteforlag.no\/forlaget\/\",\"logo\":{\"@type\":\"ImageObject\",\"inLanguage\":\"nb-NO\",\"@id\":\"https:\/\/staging.forenteforlag.no\/forlaget\/#\/schema\/logo\/image\/\",\"url\":\"https:\/\/staging.forenteforlag.no\/forlaget\/wp-content\/uploads\/sites\/3\/2024\/09\/Press_logo.svg\",\"contentUrl\":\"https:\/\/staging.forenteforlag.no\/forlaget\/wp-content\/uploads\/sites\/3\/2024\/09\/Press_logo.svg\",\"width\":100,\"height\":100,\"caption\":\"Forlaget Press\"},\"image\":{\"@id\":\"https:\/\/staging.forenteforlag.no\/forlaget\/#\/schema\/logo\/image\/\"},\"sameAs\":[\"https:\/\/www.facebook.com\/Forlagetpress\"]}]}<\/script>\n<!-- \/ Yoast SEO plugin. -->","yoast_head_json":{"title":"Okkupanter - Forlaget Press","robots":{"index":"noindex","follow":"follow","max-snippet":"max-snippet:-1","max-image-preview":"max-image-preview:large","max-video-preview":"max-video-preview:-1"},"og_locale":"nb_NO","og_type":"article","og_title":"Okkupanter - Forlaget Press","og_description":"I 2014 fikk historikeren Gudmund Moren bes\u00f8k av en venn fra Tyskland. Hun hadde med seg en eske med gamle papirer. Var det noe han kunne ha nytte av? Esken inneholdt det personlige arkivet etter foreldrene Trudel og Georg Bauer: Hundrevis av brev, dokumenter og bilder fra et langt liv sammen. De to hadde m\u00f8ttes [&hellip;]","og_url":"https:\/\/staging.forenteforlag.no\/forlaget\/produkt\/okkupanter-2\/","og_site_name":"Forlaget Press","article_publisher":"https:\/\/www.facebook.com\/Forlagetpress","article_modified_time":"2026-03-04T08:41:57+00:00","og_image":[{"width":720,"height":1065,"url":"https:\/\/staging.forenteforlag.no\/forlaget\/wp-content\/uploads\/sites\/3\/2026\/02\/9788232802098.jpg","type":"image\/jpeg"}],"twitter_card":"summary_large_image","twitter_misc":{"Ansl. lesetid":"2 minutter"},"schema":{"@context":"https:\/\/schema.org","@graph":[{"@type":"WebPage","@id":"https:\/\/staging.forenteforlag.no\/forlaget\/produkt\/okkupanter-2\/","url":"https:\/\/staging.forenteforlag.no\/forlaget\/produkt\/okkupanter-2\/","name":"Okkupanter - Forlaget Press","isPartOf":{"@id":"https:\/\/staging.forenteforlag.no\/forlaget\/#website"},"primaryImageOfPage":{"@id":"https:\/\/staging.forenteforlag.no\/forlaget\/produkt\/okkupanter-2\/#primaryimage"},"image":{"@id":"https:\/\/staging.forenteforlag.no\/forlaget\/produkt\/okkupanter-2\/#primaryimage"},"thumbnailUrl":"https:\/\/staging.forenteforlag.no\/forlaget\/wp-content\/uploads\/sites\/3\/2026\/02\/9788232802098.jpg","datePublished":"2019-05-06T00:00:00+00:00","dateModified":"2026-03-04T08:41:57+00:00","breadcrumb":{"@id":"https:\/\/staging.forenteforlag.no\/forlaget\/produkt\/okkupanter-2\/#breadcrumb"},"inLanguage":"nb-NO","potentialAction":[{"@type":"ReadAction","target":["https:\/\/staging.forenteforlag.no\/forlaget\/produkt\/okkupanter-2\/"]}]},{"@type":"ImageObject","inLanguage":"nb-NO","@id":"https:\/\/staging.forenteforlag.no\/forlaget\/produkt\/okkupanter-2\/#primaryimage","url":"https:\/\/staging.forenteforlag.no\/forlaget\/wp-content\/uploads\/sites\/3\/2026\/02\/9788232802098.jpg","contentUrl":"https:\/\/staging.forenteforlag.no\/forlaget\/wp-content\/uploads\/sites\/3\/2026\/02\/9788232802098.jpg","width":720,"height":1065},{"@type":"BreadcrumbList","@id":"https:\/\/staging.forenteforlag.no\/forlaget\/produkt\/okkupanter-2\/#breadcrumb","itemListElement":[{"@type":"ListItem","position":1,"name":"Hjem","item":"https:\/\/staging.forenteforlag.no\/forlaget\/"},{"@type":"ListItem","position":2,"name":"Alle b\u00f8ker","item":"https:\/\/staging.forenteforlag.no\/forlaget\/butikk\/"},{"@type":"ListItem","position":3,"name":"Okkupanter"}]},{"@type":"WebSite","@id":"https:\/\/staging.forenteforlag.no\/forlaget\/#website","url":"https:\/\/staging.forenteforlag.no\/forlaget\/","name":"Forlaget Press","description":"","publisher":{"@id":"https:\/\/staging.forenteforlag.no\/forlaget\/#organization"},"potentialAction":[{"@type":"SearchAction","target":{"@type":"EntryPoint","urlTemplate":"https:\/\/staging.forenteforlag.no\/forlaget\/?s={search_term_string}"},"query-input":{"@type":"PropertyValueSpecification","valueRequired":true,"valueName":"search_term_string"}}],"inLanguage":"nb-NO"},{"@type":"Organization","@id":"https:\/\/staging.forenteforlag.no\/forlaget\/#organization","name":"Forlaget Press","url":"https:\/\/staging.forenteforlag.no\/forlaget\/","logo":{"@type":"ImageObject","inLanguage":"nb-NO","@id":"https:\/\/staging.forenteforlag.no\/forlaget\/#\/schema\/logo\/image\/","url":"https:\/\/staging.forenteforlag.no\/forlaget\/wp-content\/uploads\/sites\/3\/2024\/09\/Press_logo.svg","contentUrl":"https:\/\/staging.forenteforlag.no\/forlaget\/wp-content\/uploads\/sites\/3\/2024\/09\/Press_logo.svg","width":100,"height":100,"caption":"Forlaget Press"},"image":{"@id":"https:\/\/staging.forenteforlag.no\/forlaget\/#\/schema\/logo\/image\/"},"sameAs":["https:\/\/www.facebook.com\/Forlagetpress"]}]}},"_links":{"self":[{"href":"https:\/\/staging.forenteforlag.no\/forlaget\/wp-json\/wp\/v2\/product\/20776","targetHints":{"allow":["GET"]}}],"collection":[{"href":"https:\/\/staging.forenteforlag.no\/forlaget\/wp-json\/wp\/v2\/product"}],"about":[{"href":"https:\/\/staging.forenteforlag.no\/forlaget\/wp-json\/wp\/v2\/types\/product"}],"wp:featuredmedia":[{"embeddable":true,"href":"https:\/\/staging.forenteforlag.no\/forlaget\/wp-json\/wp\/v2\/media\/26327"}],"wp:attachment":[{"href":"https:\/\/staging.forenteforlag.no\/forlaget\/wp-json\/wp\/v2\/media?parent=20776"}],"wp:term":[{"taxonomy":"product_brand","embeddable":true,"href":"https:\/\/staging.forenteforlag.no\/forlaget\/wp-json\/wp\/v2\/product_brand?post=20776"},{"taxonomy":"product_cat","embeddable":true,"href":"https:\/\/staging.forenteforlag.no\/forlaget\/wp-json\/wp\/v2\/product_cat?post=20776"},{"taxonomy":"product_tag","embeddable":true,"href":"https:\/\/staging.forenteforlag.no\/forlaget\/wp-json\/wp\/v2\/product_tag?post=20776"}],"curies":[{"name":"wp","href":"https:\/\/api.w.org\/{rel}","templated":true}]}}