{"id":20758,"date":"2020-10-29T01:00:00","date_gmt":"2020-10-29T00:00:00","guid":{"rendered":"https:\/\/forlagetpress.forenteforlag.no\/produkt\/speilet-og-lyset\/"},"modified":"2026-03-04T12:39:25","modified_gmt":"2026-03-04T11:39:25","slug":"speilet-og-lyset","status":"publish","type":"product","link":"https:\/\/staging.forenteforlag.no\/forlaget\/produkt\/speilet-og-lyset\/","title":{"rendered":"Speilet og lyset"},"content":{"rendered":"<p>\u00abHvis man ikke kan snakke sant p\u00e5 en halshugging, n\u00e5r kan man det da?\u00bb Historien begynner i mai 1536: Anne Boleyn er d\u00f8d, halshugd, den franske b\u00f8ddelen han hadde leid var st\u00f8 p\u00e5 h\u00e5nda. Etterp\u00e5: frokost for Cromwell med seierherrene. Han er s\u00f8nn av en smed fra Putney, ogs\u00e5 dette blodbadet av en v\u00e5r overlevde han, ogs\u00e5 dette ble han sterkere av. Henrik 8. kan v\u00e6re lykkelig igjen, med sin tredje kone, Jane Seymour &#8211; gud vet hvor lenge det varer. Thomas Cromwell har ikke annet enn hodet sitt \u00e5 stole p\u00e5. Ingen rik familie, ingen privat arm\u00e9. Hjemme er det oppr\u00f8r, ute lurer forr\u00e6derne, over dem henger hele tiden trusselen om invasjon. Likevel ser Thomas et nytt konged\u00f8mme for seg. England ligger for hans f\u00f8tter, \u00e5pen for forandring. Men kan et land &#8211; eller en mann &#8211; bare kaste fortiden av seg, som en slange med sitt skinn? Og de d\u00f8de, n\u00e5r slutter de \u00e5 gravlegges? Den spanske ambassad\u00f8ren hadde sett p\u00e5 ham og spurt: Hva gj\u00f8r du n\u00e5r kongen vender seg mot deg, slik han gj\u00f8r mot alle som er n\u00e6r ham?<\/p>\n<p>Med sine to f\u00f8rste b\u00f8ker om Thomas Cromwell, Ulvetid og Falkejakt, har Hilary Mantel omskapt den historiske romanen. De har blitt to av de viktigste romanene i den engelskspr\u00e5klige litteraturen de siste ti\u00e5rene. Hver av romanene har solgt over fem millioner eksemplarer p\u00e5 verdensbasis, og er oversatt til 35 spr\u00e5k. Aldri f\u00f8r har en forfatter vunnet Booker-prisen to ganger for to romaner i samme serie. N\u00e5 kommer boka verden har ventet p\u00e5 i \u00e5tte \u00e5r &#8211; den siste i trilogien: Speilet og lyset. Med det fullf\u00f8res ogs\u00e5 fortellingen om en av de mest fascinerende og flertydige skikkelsene b\u00e5de i den engelske historien og i den moderne litteraturen: Thomas Cromwell, mannen fra ingensteds som klatret helt til topps &#8211; han som er b\u00e5de jeger og bytte, fattigmann og fyrste, fortid og framtid i en og samme skikkelse.<\/p>\n","protected":false},"excerpt":{"rendered":"<p>\u00abHvis man ikke kan snakke sant p\u00e5 en halshugging, n\u00e5r kan man det da?\u00bb Historien begynner i mai 1536: Anne Boleyn er d\u00f8d, halshugd, den franske b\u00f8ddelen han hadde leid var st\u00f8 p\u00e5 h\u00e5nda. Etterp\u00e5: frokost for Cromwell med seierherrene. Han er s\u00f8nn av en smed fra Putney, ogs\u00e5 dette blodbadet av en v\u00e5r overlevde [&hellip;]<\/p>\n","protected":false},"featured_media":26394,"template":"","meta":{"_acf_changed":false,"inline_featured_image":false},"product_brand":[],"product_cat":[1781],"product_tag":[625,414,1095,400,626,370],"class_list":{"0":"post-20758","1":"product","2":"type-product","3":"status-publish","4":"has-post-thumbnail","6":"product_cat-rabattkodekampanje","7":"product_tag-1500-tallet","8":"product_tag-england","9":"product_tag-grafiske-romaner","10":"product_tag-historisk-litteratur","11":"product_tag-historiske-personer","12":"product_tag-skjonnlitteratur","14":"first","15":"outofstock","16":"shipping-taxable","17":"purchasable","18":"product-type-simple"},"acf":{"anmeldelse":null},"yoast_head":"<!-- This site is optimized with the Yoast SEO plugin v26.6 - https:\/\/yoast.com\/wordpress\/plugins\/seo\/ -->\n<title>Speilet og lyset - Forlaget Press<\/title>\n<meta name=\"robots\" content=\"noindex, follow, max-snippet:-1, max-image-preview:large, max-video-preview:-1\" \/>\n<meta property=\"og:locale\" content=\"nb_NO\" \/>\n<meta property=\"og:type\" content=\"article\" \/>\n<meta property=\"og:title\" content=\"Speilet og lyset - Forlaget Press\" \/>\n<meta property=\"og:description\" content=\"\u00abHvis man ikke kan snakke sant p\u00e5 en halshugging, n\u00e5r kan man det da?\u00bb Historien begynner i mai 1536: Anne Boleyn er d\u00f8d, halshugd, den franske b\u00f8ddelen han hadde leid var st\u00f8 p\u00e5 h\u00e5nda. Etterp\u00e5: frokost for Cromwell med seierherrene. Han er s\u00f8nn av en smed fra Putney, ogs\u00e5 dette blodbadet av en v\u00e5r overlevde [&hellip;]\" \/>\n<meta property=\"og:url\" content=\"https:\/\/staging.forenteforlag.no\/forlaget\/produkt\/speilet-og-lyset\/\" \/>\n<meta property=\"og:site_name\" content=\"Forlaget Press\" \/>\n<meta property=\"article:publisher\" content=\"https:\/\/www.facebook.com\/Forlagetpress\" \/>\n<meta property=\"article:modified_time\" content=\"2026-03-04T11:39:25+00:00\" \/>\n<meta property=\"og:image\" content=\"https:\/\/staging.forenteforlag.no\/forlaget\/wp-content\/uploads\/sites\/3\/2026\/02\/9788232803477.jpg\" \/>\n\t<meta property=\"og:image:width\" content=\"720\" \/>\n\t<meta property=\"og:image:height\" content=\"1060\" \/>\n\t<meta property=\"og:image:type\" content=\"image\/jpeg\" \/>\n<meta name=\"twitter:card\" content=\"summary_large_image\" \/>\n<meta name=\"twitter:label1\" content=\"Ansl. lesetid\" \/>\n\t<meta name=\"twitter:data1\" content=\"2 minutter\" \/>\n<script type=\"application\/ld+json\" class=\"yoast-schema-graph\">{\"@context\":\"https:\/\/schema.org\",\"@graph\":[{\"@type\":\"WebPage\",\"@id\":\"https:\/\/staging.forenteforlag.no\/forlaget\/produkt\/speilet-og-lyset\/\",\"url\":\"https:\/\/staging.forenteforlag.no\/forlaget\/produkt\/speilet-og-lyset\/\",\"name\":\"Speilet og lyset - Forlaget Press\",\"isPartOf\":{\"@id\":\"https:\/\/staging.forenteforlag.no\/forlaget\/#website\"},\"primaryImageOfPage\":{\"@id\":\"https:\/\/staging.forenteforlag.no\/forlaget\/produkt\/speilet-og-lyset\/#primaryimage\"},\"image\":{\"@id\":\"https:\/\/staging.forenteforlag.no\/forlaget\/produkt\/speilet-og-lyset\/#primaryimage\"},\"thumbnailUrl\":\"https:\/\/staging.forenteforlag.no\/forlaget\/wp-content\/uploads\/sites\/3\/2026\/02\/9788232803477.jpg\",\"datePublished\":\"2020-10-29T00:00:00+00:00\",\"dateModified\":\"2026-03-04T11:39:25+00:00\",\"breadcrumb\":{\"@id\":\"https:\/\/staging.forenteforlag.no\/forlaget\/produkt\/speilet-og-lyset\/#breadcrumb\"},\"inLanguage\":\"nb-NO\",\"potentialAction\":[{\"@type\":\"ReadAction\",\"target\":[\"https:\/\/staging.forenteforlag.no\/forlaget\/produkt\/speilet-og-lyset\/\"]}]},{\"@type\":\"ImageObject\",\"inLanguage\":\"nb-NO\",\"@id\":\"https:\/\/staging.forenteforlag.no\/forlaget\/produkt\/speilet-og-lyset\/#primaryimage\",\"url\":\"https:\/\/staging.forenteforlag.no\/forlaget\/wp-content\/uploads\/sites\/3\/2026\/02\/9788232803477.jpg\",\"contentUrl\":\"https:\/\/staging.forenteforlag.no\/forlaget\/wp-content\/uploads\/sites\/3\/2026\/02\/9788232803477.jpg\",\"width\":720,\"height\":1060},{\"@type\":\"BreadcrumbList\",\"@id\":\"https:\/\/staging.forenteforlag.no\/forlaget\/produkt\/speilet-og-lyset\/#breadcrumb\",\"itemListElement\":[{\"@type\":\"ListItem\",\"position\":1,\"name\":\"Hjem\",\"item\":\"https:\/\/staging.forenteforlag.no\/forlaget\/\"},{\"@type\":\"ListItem\",\"position\":2,\"name\":\"Alle b\u00f8ker\",\"item\":\"https:\/\/staging.forenteforlag.no\/forlaget\/butikk\/\"},{\"@type\":\"ListItem\",\"position\":3,\"name\":\"Speilet og lyset\"}]},{\"@type\":\"WebSite\",\"@id\":\"https:\/\/staging.forenteforlag.no\/forlaget\/#website\",\"url\":\"https:\/\/staging.forenteforlag.no\/forlaget\/\",\"name\":\"Forlaget Press\",\"description\":\"\",\"publisher\":{\"@id\":\"https:\/\/staging.forenteforlag.no\/forlaget\/#organization\"},\"potentialAction\":[{\"@type\":\"SearchAction\",\"target\":{\"@type\":\"EntryPoint\",\"urlTemplate\":\"https:\/\/staging.forenteforlag.no\/forlaget\/?s={search_term_string}\"},\"query-input\":{\"@type\":\"PropertyValueSpecification\",\"valueRequired\":true,\"valueName\":\"search_term_string\"}}],\"inLanguage\":\"nb-NO\"},{\"@type\":\"Organization\",\"@id\":\"https:\/\/staging.forenteforlag.no\/forlaget\/#organization\",\"name\":\"Forlaget Press\",\"url\":\"https:\/\/staging.forenteforlag.no\/forlaget\/\",\"logo\":{\"@type\":\"ImageObject\",\"inLanguage\":\"nb-NO\",\"@id\":\"https:\/\/staging.forenteforlag.no\/forlaget\/#\/schema\/logo\/image\/\",\"url\":\"https:\/\/staging.forenteforlag.no\/forlaget\/wp-content\/uploads\/sites\/3\/2024\/09\/Press_logo.svg\",\"contentUrl\":\"https:\/\/staging.forenteforlag.no\/forlaget\/wp-content\/uploads\/sites\/3\/2024\/09\/Press_logo.svg\",\"width\":100,\"height\":100,\"caption\":\"Forlaget Press\"},\"image\":{\"@id\":\"https:\/\/staging.forenteforlag.no\/forlaget\/#\/schema\/logo\/image\/\"},\"sameAs\":[\"https:\/\/www.facebook.com\/Forlagetpress\"]}]}<\/script>\n<!-- \/ Yoast SEO plugin. -->","yoast_head_json":{"title":"Speilet og lyset - Forlaget Press","robots":{"index":"noindex","follow":"follow","max-snippet":"max-snippet:-1","max-image-preview":"max-image-preview:large","max-video-preview":"max-video-preview:-1"},"og_locale":"nb_NO","og_type":"article","og_title":"Speilet og lyset - Forlaget Press","og_description":"\u00abHvis man ikke kan snakke sant p\u00e5 en halshugging, n\u00e5r kan man det da?\u00bb Historien begynner i mai 1536: Anne Boleyn er d\u00f8d, halshugd, den franske b\u00f8ddelen han hadde leid var st\u00f8 p\u00e5 h\u00e5nda. Etterp\u00e5: frokost for Cromwell med seierherrene. Han er s\u00f8nn av en smed fra Putney, ogs\u00e5 dette blodbadet av en v\u00e5r overlevde [&hellip;]","og_url":"https:\/\/staging.forenteforlag.no\/forlaget\/produkt\/speilet-og-lyset\/","og_site_name":"Forlaget Press","article_publisher":"https:\/\/www.facebook.com\/Forlagetpress","article_modified_time":"2026-03-04T11:39:25+00:00","og_image":[{"width":720,"height":1060,"url":"https:\/\/staging.forenteforlag.no\/forlaget\/wp-content\/uploads\/sites\/3\/2026\/02\/9788232803477.jpg","type":"image\/jpeg"}],"twitter_card":"summary_large_image","twitter_misc":{"Ansl. lesetid":"2 minutter"},"schema":{"@context":"https:\/\/schema.org","@graph":[{"@type":"WebPage","@id":"https:\/\/staging.forenteforlag.no\/forlaget\/produkt\/speilet-og-lyset\/","url":"https:\/\/staging.forenteforlag.no\/forlaget\/produkt\/speilet-og-lyset\/","name":"Speilet og lyset - Forlaget Press","isPartOf":{"@id":"https:\/\/staging.forenteforlag.no\/forlaget\/#website"},"primaryImageOfPage":{"@id":"https:\/\/staging.forenteforlag.no\/forlaget\/produkt\/speilet-og-lyset\/#primaryimage"},"image":{"@id":"https:\/\/staging.forenteforlag.no\/forlaget\/produkt\/speilet-og-lyset\/#primaryimage"},"thumbnailUrl":"https:\/\/staging.forenteforlag.no\/forlaget\/wp-content\/uploads\/sites\/3\/2026\/02\/9788232803477.jpg","datePublished":"2020-10-29T00:00:00+00:00","dateModified":"2026-03-04T11:39:25+00:00","breadcrumb":{"@id":"https:\/\/staging.forenteforlag.no\/forlaget\/produkt\/speilet-og-lyset\/#breadcrumb"},"inLanguage":"nb-NO","potentialAction":[{"@type":"ReadAction","target":["https:\/\/staging.forenteforlag.no\/forlaget\/produkt\/speilet-og-lyset\/"]}]},{"@type":"ImageObject","inLanguage":"nb-NO","@id":"https:\/\/staging.forenteforlag.no\/forlaget\/produkt\/speilet-og-lyset\/#primaryimage","url":"https:\/\/staging.forenteforlag.no\/forlaget\/wp-content\/uploads\/sites\/3\/2026\/02\/9788232803477.jpg","contentUrl":"https:\/\/staging.forenteforlag.no\/forlaget\/wp-content\/uploads\/sites\/3\/2026\/02\/9788232803477.jpg","width":720,"height":1060},{"@type":"BreadcrumbList","@id":"https:\/\/staging.forenteforlag.no\/forlaget\/produkt\/speilet-og-lyset\/#breadcrumb","itemListElement":[{"@type":"ListItem","position":1,"name":"Hjem","item":"https:\/\/staging.forenteforlag.no\/forlaget\/"},{"@type":"ListItem","position":2,"name":"Alle b\u00f8ker","item":"https:\/\/staging.forenteforlag.no\/forlaget\/butikk\/"},{"@type":"ListItem","position":3,"name":"Speilet og lyset"}]},{"@type":"WebSite","@id":"https:\/\/staging.forenteforlag.no\/forlaget\/#website","url":"https:\/\/staging.forenteforlag.no\/forlaget\/","name":"Forlaget Press","description":"","publisher":{"@id":"https:\/\/staging.forenteforlag.no\/forlaget\/#organization"},"potentialAction":[{"@type":"SearchAction","target":{"@type":"EntryPoint","urlTemplate":"https:\/\/staging.forenteforlag.no\/forlaget\/?s={search_term_string}"},"query-input":{"@type":"PropertyValueSpecification","valueRequired":true,"valueName":"search_term_string"}}],"inLanguage":"nb-NO"},{"@type":"Organization","@id":"https:\/\/staging.forenteforlag.no\/forlaget\/#organization","name":"Forlaget Press","url":"https:\/\/staging.forenteforlag.no\/forlaget\/","logo":{"@type":"ImageObject","inLanguage":"nb-NO","@id":"https:\/\/staging.forenteforlag.no\/forlaget\/#\/schema\/logo\/image\/","url":"https:\/\/staging.forenteforlag.no\/forlaget\/wp-content\/uploads\/sites\/3\/2024\/09\/Press_logo.svg","contentUrl":"https:\/\/staging.forenteforlag.no\/forlaget\/wp-content\/uploads\/sites\/3\/2024\/09\/Press_logo.svg","width":100,"height":100,"caption":"Forlaget Press"},"image":{"@id":"https:\/\/staging.forenteforlag.no\/forlaget\/#\/schema\/logo\/image\/"},"sameAs":["https:\/\/www.facebook.com\/Forlagetpress"]}]}},"_links":{"self":[{"href":"https:\/\/staging.forenteforlag.no\/forlaget\/wp-json\/wp\/v2\/product\/20758","targetHints":{"allow":["GET"]}}],"collection":[{"href":"https:\/\/staging.forenteforlag.no\/forlaget\/wp-json\/wp\/v2\/product"}],"about":[{"href":"https:\/\/staging.forenteforlag.no\/forlaget\/wp-json\/wp\/v2\/types\/product"}],"wp:featuredmedia":[{"embeddable":true,"href":"https:\/\/staging.forenteforlag.no\/forlaget\/wp-json\/wp\/v2\/media\/26394"}],"wp:attachment":[{"href":"https:\/\/staging.forenteforlag.no\/forlaget\/wp-json\/wp\/v2\/media?parent=20758"}],"wp:term":[{"taxonomy":"product_brand","embeddable":true,"href":"https:\/\/staging.forenteforlag.no\/forlaget\/wp-json\/wp\/v2\/product_brand?post=20758"},{"taxonomy":"product_cat","embeddable":true,"href":"https:\/\/staging.forenteforlag.no\/forlaget\/wp-json\/wp\/v2\/product_cat?post=20758"},{"taxonomy":"product_tag","embeddable":true,"href":"https:\/\/staging.forenteforlag.no\/forlaget\/wp-json\/wp\/v2\/product_tag?post=20758"}],"curies":[{"name":"wp","href":"https:\/\/api.w.org\/{rel}","templated":true}]}}