{"id":20698,"date":"2019-04-25T02:00:00","date_gmt":"2019-04-25T00:00:00","guid":{"rendered":"https:\/\/forlagetpress.forenteforlag.no\/produkt\/faryab\/"},"modified":"2026-03-04T12:36:25","modified_gmt":"2026-03-04T11:36:25","slug":"faryab","status":"publish","type":"product","link":"https:\/\/staging.forenteforlag.no\/forlaget\/produkt\/faryab\/","title":{"rendered":"Faryab"},"content":{"rendered":"<p>HVA ST\u00c5R IGJEN ETTER NORGES KRIGSINNSATS I AFGHANISTAN? <\/p>\n<p>Norge har brukt over 20 milliarder kroner i Afghanistan. Mer enn 9000 norske soldater har tjenestegjort i landet. Fra 2005 til 2012 hadde Norge ansvaret for sikkerheten i Faryab &#8211; ogs\u00e5 kjent som \u00abden norske provinsen\u00bb. Krigsdeltakelsen i Afghanistan er unik i moderne norsk historie. I Faryab var nordmenn regelmessig i kamp for f\u00f8rste gang siden andre verdenskrig. <\/p>\n<p>Anders Hammer har siden 2006 fulgt konflikten i Afghanistan p\u00e5 n\u00e6rt hold, med \u00e5rlige opphold i Faryab. Denne boken skildrer hva som st\u00e5r igjen etter Norge i Afghanistan i dag. Seks norske soldater og et ukjent antall afghanske sivilpersoner, sikkerhetsstyrker, militssoldater og oppr\u00f8rere er blitt drept i Faryab. Mandatet for det norske oppdraget var \u00e5 bekjempe terrorisme og bidra til en stabil og demokratisk stat. I dag er Faryab en av de farligste provinsene i Afghanistan. <\/p>\n<p>Faryab &#8211; Arven etter Norge forteller hva som har skjedd etter at de norske soldatene trakk seg ut av provinsen i Nordvest-Afghanistan. Vi m\u00f8ter blant annet den brutale krigsherren Nizamuddin Qaisari som tok kontroll over deler av omr\u00e5det. Boken gir et unikt innblikk i maktkampen mellom lokale ledere, oppr\u00f8rere og regjeringen i Kabul &#8211; som finner sitt dramatiske h\u00f8ydepunkt da Nizamuddin i juli 2018 blir arrestert av regjeringsstyrkene og fengslet. Midt oppe i alt dette er det sivilbefolkningen som betaler prisen. Boken gir n\u00e6rg\u00e5ende skildringer av hvordan hverdagen er blitt for de menneskene som fors\u00f8ker \u00e5 leve s\u00e5 normalt som mulig under ekstreme forhold i Faryab. <\/p>\n<p>Anders Hammer (f. 1977) var bosatt i Afghanistan fra 2007 til 2013 og har siden fortsatt \u00e5 arbeide der som journalist. Hammer har regissert en rekke dokumentarer fra Afghanistan, Irak, Syria, Kenya og Norge, blant annet sju filmer for NRK Brennpunkt, og har skrevet b\u00f8kene Dr\u00f8mmekrigen og Heia Kabul! I 2016 utga han boken Krigen som aldri tar slutt, sammen med danske Carsten Jensen. Hammer er blant annet<\/p>\n","protected":false},"excerpt":{"rendered":"<p>HVA ST\u00c5R IGJEN ETTER NORGES KRIGSINNSATS I AFGHANISTAN? Norge har brukt over 20 milliarder kroner i Afghanistan. Mer enn 9000 norske soldater har tjenestegjort i landet. Fra 2005 til 2012 hadde Norge ansvaret for sikkerheten i Faryab &#8211; ogs\u00e5 kjent som \u00abden norske provinsen\u00bb. Krigsdeltakelsen i Afghanistan er unik i moderne norsk historie. I Faryab [&hellip;]<\/p>\n","protected":false},"featured_media":26333,"template":"","meta":{"_acf_changed":false,"inline_featured_image":false},"product_brand":[],"product_cat":[1781],"product_tag":[592,405,362,555],"class_list":{"0":"post-20698","1":"product","2":"type-product","3":"status-publish","4":"has-post-thumbnail","6":"product_cat-rabattkodekampanje","7":"product_tag-afghanistan","8":"product_tag-andre-verdenskrig","9":"product_tag-faglitteratur","10":"product_tag-internasjonal-politikk","12":"first","13":"outofstock","14":"shipping-taxable","15":"purchasable","16":"product-type-simple"},"acf":{"anmeldelse":null},"yoast_head":"<!-- This site is optimized with the Yoast SEO plugin v26.6 - https:\/\/yoast.com\/wordpress\/plugins\/seo\/ -->\n<title>Faryab - Forlaget Press<\/title>\n<meta name=\"robots\" content=\"noindex, follow, max-snippet:-1, max-image-preview:large, max-video-preview:-1\" \/>\n<meta property=\"og:locale\" content=\"nb_NO\" \/>\n<meta property=\"og:type\" content=\"article\" \/>\n<meta property=\"og:title\" content=\"Faryab - Forlaget Press\" \/>\n<meta property=\"og:description\" content=\"HVA ST\u00c5R IGJEN ETTER NORGES KRIGSINNSATS I AFGHANISTAN? Norge har brukt over 20 milliarder kroner i Afghanistan. Mer enn 9000 norske soldater har tjenestegjort i landet. Fra 2005 til 2012 hadde Norge ansvaret for sikkerheten i Faryab &#8211; ogs\u00e5 kjent som \u00abden norske provinsen\u00bb. Krigsdeltakelsen i Afghanistan er unik i moderne norsk historie. I Faryab [&hellip;]\" \/>\n<meta property=\"og:url\" content=\"https:\/\/staging.forenteforlag.no\/forlaget\/produkt\/faryab\/\" \/>\n<meta property=\"og:site_name\" content=\"Forlaget Press\" \/>\n<meta property=\"article:publisher\" content=\"https:\/\/www.facebook.com\/Forlagetpress\" \/>\n<meta property=\"article:modified_time\" content=\"2026-03-04T11:36:25+00:00\" \/>\n<meta property=\"og:image\" content=\"https:\/\/staging.forenteforlag.no\/forlaget\/wp-content\/uploads\/sites\/3\/2026\/02\/9788232802302.jpg\" \/>\n\t<meta property=\"og:image:width\" content=\"720\" \/>\n\t<meta property=\"og:image:height\" content=\"1057\" \/>\n\t<meta property=\"og:image:type\" content=\"image\/jpeg\" \/>\n<meta name=\"twitter:card\" content=\"summary_large_image\" \/>\n<meta name=\"twitter:label1\" content=\"Ansl. lesetid\" \/>\n\t<meta name=\"twitter:data1\" content=\"2 minutter\" \/>\n<script type=\"application\/ld+json\" class=\"yoast-schema-graph\">{\"@context\":\"https:\/\/schema.org\",\"@graph\":[{\"@type\":\"WebPage\",\"@id\":\"https:\/\/staging.forenteforlag.no\/forlaget\/produkt\/faryab\/\",\"url\":\"https:\/\/staging.forenteforlag.no\/forlaget\/produkt\/faryab\/\",\"name\":\"Faryab - Forlaget Press\",\"isPartOf\":{\"@id\":\"https:\/\/staging.forenteforlag.no\/forlaget\/#website\"},\"primaryImageOfPage\":{\"@id\":\"https:\/\/staging.forenteforlag.no\/forlaget\/produkt\/faryab\/#primaryimage\"},\"image\":{\"@id\":\"https:\/\/staging.forenteforlag.no\/forlaget\/produkt\/faryab\/#primaryimage\"},\"thumbnailUrl\":\"https:\/\/staging.forenteforlag.no\/forlaget\/wp-content\/uploads\/sites\/3\/2026\/02\/9788232802302.jpg\",\"datePublished\":\"2019-04-25T00:00:00+00:00\",\"dateModified\":\"2026-03-04T11:36:25+00:00\",\"breadcrumb\":{\"@id\":\"https:\/\/staging.forenteforlag.no\/forlaget\/produkt\/faryab\/#breadcrumb\"},\"inLanguage\":\"nb-NO\",\"potentialAction\":[{\"@type\":\"ReadAction\",\"target\":[\"https:\/\/staging.forenteforlag.no\/forlaget\/produkt\/faryab\/\"]}]},{\"@type\":\"ImageObject\",\"inLanguage\":\"nb-NO\",\"@id\":\"https:\/\/staging.forenteforlag.no\/forlaget\/produkt\/faryab\/#primaryimage\",\"url\":\"https:\/\/staging.forenteforlag.no\/forlaget\/wp-content\/uploads\/sites\/3\/2026\/02\/9788232802302.jpg\",\"contentUrl\":\"https:\/\/staging.forenteforlag.no\/forlaget\/wp-content\/uploads\/sites\/3\/2026\/02\/9788232802302.jpg\",\"width\":720,\"height\":1057},{\"@type\":\"BreadcrumbList\",\"@id\":\"https:\/\/staging.forenteforlag.no\/forlaget\/produkt\/faryab\/#breadcrumb\",\"itemListElement\":[{\"@type\":\"ListItem\",\"position\":1,\"name\":\"Hjem\",\"item\":\"https:\/\/staging.forenteforlag.no\/forlaget\/\"},{\"@type\":\"ListItem\",\"position\":2,\"name\":\"Alle b\u00f8ker\",\"item\":\"https:\/\/staging.forenteforlag.no\/forlaget\/butikk\/\"},{\"@type\":\"ListItem\",\"position\":3,\"name\":\"Faryab\"}]},{\"@type\":\"WebSite\",\"@id\":\"https:\/\/staging.forenteforlag.no\/forlaget\/#website\",\"url\":\"https:\/\/staging.forenteforlag.no\/forlaget\/\",\"name\":\"Forlaget Press\",\"description\":\"\",\"publisher\":{\"@id\":\"https:\/\/staging.forenteforlag.no\/forlaget\/#organization\"},\"potentialAction\":[{\"@type\":\"SearchAction\",\"target\":{\"@type\":\"EntryPoint\",\"urlTemplate\":\"https:\/\/staging.forenteforlag.no\/forlaget\/?s={search_term_string}\"},\"query-input\":{\"@type\":\"PropertyValueSpecification\",\"valueRequired\":true,\"valueName\":\"search_term_string\"}}],\"inLanguage\":\"nb-NO\"},{\"@type\":\"Organization\",\"@id\":\"https:\/\/staging.forenteforlag.no\/forlaget\/#organization\",\"name\":\"Forlaget Press\",\"url\":\"https:\/\/staging.forenteforlag.no\/forlaget\/\",\"logo\":{\"@type\":\"ImageObject\",\"inLanguage\":\"nb-NO\",\"@id\":\"https:\/\/staging.forenteforlag.no\/forlaget\/#\/schema\/logo\/image\/\",\"url\":\"https:\/\/staging.forenteforlag.no\/forlaget\/wp-content\/uploads\/sites\/3\/2024\/09\/Press_logo.svg\",\"contentUrl\":\"https:\/\/staging.forenteforlag.no\/forlaget\/wp-content\/uploads\/sites\/3\/2024\/09\/Press_logo.svg\",\"width\":100,\"height\":100,\"caption\":\"Forlaget Press\"},\"image\":{\"@id\":\"https:\/\/staging.forenteforlag.no\/forlaget\/#\/schema\/logo\/image\/\"},\"sameAs\":[\"https:\/\/www.facebook.com\/Forlagetpress\"]}]}<\/script>\n<!-- \/ Yoast SEO plugin. -->","yoast_head_json":{"title":"Faryab - Forlaget Press","robots":{"index":"noindex","follow":"follow","max-snippet":"max-snippet:-1","max-image-preview":"max-image-preview:large","max-video-preview":"max-video-preview:-1"},"og_locale":"nb_NO","og_type":"article","og_title":"Faryab - Forlaget Press","og_description":"HVA ST\u00c5R IGJEN ETTER NORGES KRIGSINNSATS I AFGHANISTAN? Norge har brukt over 20 milliarder kroner i Afghanistan. Mer enn 9000 norske soldater har tjenestegjort i landet. Fra 2005 til 2012 hadde Norge ansvaret for sikkerheten i Faryab &#8211; ogs\u00e5 kjent som \u00abden norske provinsen\u00bb. Krigsdeltakelsen i Afghanistan er unik i moderne norsk historie. I Faryab [&hellip;]","og_url":"https:\/\/staging.forenteforlag.no\/forlaget\/produkt\/faryab\/","og_site_name":"Forlaget Press","article_publisher":"https:\/\/www.facebook.com\/Forlagetpress","article_modified_time":"2026-03-04T11:36:25+00:00","og_image":[{"width":720,"height":1057,"url":"https:\/\/staging.forenteforlag.no\/forlaget\/wp-content\/uploads\/sites\/3\/2026\/02\/9788232802302.jpg","type":"image\/jpeg"}],"twitter_card":"summary_large_image","twitter_misc":{"Ansl. lesetid":"2 minutter"},"schema":{"@context":"https:\/\/schema.org","@graph":[{"@type":"WebPage","@id":"https:\/\/staging.forenteforlag.no\/forlaget\/produkt\/faryab\/","url":"https:\/\/staging.forenteforlag.no\/forlaget\/produkt\/faryab\/","name":"Faryab - Forlaget Press","isPartOf":{"@id":"https:\/\/staging.forenteforlag.no\/forlaget\/#website"},"primaryImageOfPage":{"@id":"https:\/\/staging.forenteforlag.no\/forlaget\/produkt\/faryab\/#primaryimage"},"image":{"@id":"https:\/\/staging.forenteforlag.no\/forlaget\/produkt\/faryab\/#primaryimage"},"thumbnailUrl":"https:\/\/staging.forenteforlag.no\/forlaget\/wp-content\/uploads\/sites\/3\/2026\/02\/9788232802302.jpg","datePublished":"2019-04-25T00:00:00+00:00","dateModified":"2026-03-04T11:36:25+00:00","breadcrumb":{"@id":"https:\/\/staging.forenteforlag.no\/forlaget\/produkt\/faryab\/#breadcrumb"},"inLanguage":"nb-NO","potentialAction":[{"@type":"ReadAction","target":["https:\/\/staging.forenteforlag.no\/forlaget\/produkt\/faryab\/"]}]},{"@type":"ImageObject","inLanguage":"nb-NO","@id":"https:\/\/staging.forenteforlag.no\/forlaget\/produkt\/faryab\/#primaryimage","url":"https:\/\/staging.forenteforlag.no\/forlaget\/wp-content\/uploads\/sites\/3\/2026\/02\/9788232802302.jpg","contentUrl":"https:\/\/staging.forenteforlag.no\/forlaget\/wp-content\/uploads\/sites\/3\/2026\/02\/9788232802302.jpg","width":720,"height":1057},{"@type":"BreadcrumbList","@id":"https:\/\/staging.forenteforlag.no\/forlaget\/produkt\/faryab\/#breadcrumb","itemListElement":[{"@type":"ListItem","position":1,"name":"Hjem","item":"https:\/\/staging.forenteforlag.no\/forlaget\/"},{"@type":"ListItem","position":2,"name":"Alle b\u00f8ker","item":"https:\/\/staging.forenteforlag.no\/forlaget\/butikk\/"},{"@type":"ListItem","position":3,"name":"Faryab"}]},{"@type":"WebSite","@id":"https:\/\/staging.forenteforlag.no\/forlaget\/#website","url":"https:\/\/staging.forenteforlag.no\/forlaget\/","name":"Forlaget Press","description":"","publisher":{"@id":"https:\/\/staging.forenteforlag.no\/forlaget\/#organization"},"potentialAction":[{"@type":"SearchAction","target":{"@type":"EntryPoint","urlTemplate":"https:\/\/staging.forenteforlag.no\/forlaget\/?s={search_term_string}"},"query-input":{"@type":"PropertyValueSpecification","valueRequired":true,"valueName":"search_term_string"}}],"inLanguage":"nb-NO"},{"@type":"Organization","@id":"https:\/\/staging.forenteforlag.no\/forlaget\/#organization","name":"Forlaget Press","url":"https:\/\/staging.forenteforlag.no\/forlaget\/","logo":{"@type":"ImageObject","inLanguage":"nb-NO","@id":"https:\/\/staging.forenteforlag.no\/forlaget\/#\/schema\/logo\/image\/","url":"https:\/\/staging.forenteforlag.no\/forlaget\/wp-content\/uploads\/sites\/3\/2024\/09\/Press_logo.svg","contentUrl":"https:\/\/staging.forenteforlag.no\/forlaget\/wp-content\/uploads\/sites\/3\/2024\/09\/Press_logo.svg","width":100,"height":100,"caption":"Forlaget Press"},"image":{"@id":"https:\/\/staging.forenteforlag.no\/forlaget\/#\/schema\/logo\/image\/"},"sameAs":["https:\/\/www.facebook.com\/Forlagetpress"]}]}},"_links":{"self":[{"href":"https:\/\/staging.forenteforlag.no\/forlaget\/wp-json\/wp\/v2\/product\/20698","targetHints":{"allow":["GET"]}}],"collection":[{"href":"https:\/\/staging.forenteforlag.no\/forlaget\/wp-json\/wp\/v2\/product"}],"about":[{"href":"https:\/\/staging.forenteforlag.no\/forlaget\/wp-json\/wp\/v2\/types\/product"}],"wp:featuredmedia":[{"embeddable":true,"href":"https:\/\/staging.forenteforlag.no\/forlaget\/wp-json\/wp\/v2\/media\/26333"}],"wp:attachment":[{"href":"https:\/\/staging.forenteforlag.no\/forlaget\/wp-json\/wp\/v2\/media?parent=20698"}],"wp:term":[{"taxonomy":"product_brand","embeddable":true,"href":"https:\/\/staging.forenteforlag.no\/forlaget\/wp-json\/wp\/v2\/product_brand?post=20698"},{"taxonomy":"product_cat","embeddable":true,"href":"https:\/\/staging.forenteforlag.no\/forlaget\/wp-json\/wp\/v2\/product_cat?post=20698"},{"taxonomy":"product_tag","embeddable":true,"href":"https:\/\/staging.forenteforlag.no\/forlaget\/wp-json\/wp\/v2\/product_tag?post=20698"}],"curies":[{"name":"wp","href":"https:\/\/api.w.org\/{rel}","templated":true}]}}