{"id":20618,"date":"2021-01-18T01:00:00","date_gmt":"2021-01-18T00:00:00","guid":{"rendered":"https:\/\/forlagetpress.forenteforlag.no\/produkt\/kjaerlighet-i-nodsfall-2\/"},"modified":"2026-03-04T12:39:33","modified_gmt":"2026-03-04T11:39:33","slug":"kjaerlighet-i-nodsfall-2","status":"publish","type":"product","link":"https:\/\/staging.forenteforlag.no\/forlaget\/produkt\/kjaerlighet-i-nodsfall-2\/","title":{"rendered":"Kj\u00e6rlighet i n\u00f8dsfall"},"content":{"rendered":"<p>Fem ulike kvinner pr\u00f8ver p\u00e5 det umulige &#8211; \u00e5 elske, v\u00e6re sterk og samtidig v\u00e6re tro mot seg selv. Paula, Judith, Brida, Malika og Jorinde var ten\u00e5ringer da Berlinmuren falt, da frihet erstattet grenser og restriksjoner. Men frihet bringer med seg et nytt press: presset av \u00e5 kunne velge. <br \/>En roman om morsrollen og barnl\u00f8shet, u\u00f8nskede svangerskap og sorg, skilsmisse og utroskap. Fem liv, fem kvinner &#8211; knyttet sammen av tilfeldigheter eller slektskap, ulike, men like i sin leting etter lykken. Men hva er igjen av disse fem kvinnene etter at de har oppfylt sine roller som koner, m\u00f8dre, venner, elskere, s\u00f8stre og d\u00f8tre? Forventer de for mye av livet? <br \/>Slagkraftig og aktuell, gripende og engasjerende. Kj\u00e6rlighet i n\u00f8dsfall g\u00e5r rett i strupen p\u00e5 hvordan det er \u00e5 v\u00e6re kvinne i det 21. \u00e5rhundre.<\/p>\n","protected":false},"excerpt":{"rendered":"<p>Fem ulike kvinner pr\u00f8ver p\u00e5 det umulige &#8211; \u00e5 elske, v\u00e6re sterk og samtidig v\u00e6re tro mot seg selv. Paula, Judith, Brida, Malika og Jorinde var ten\u00e5ringer da Berlinmuren falt, da frihet erstattet grenser og restriksjoner. Men frihet bringer med seg et nytt press: presset av \u00e5 kunne velge. En roman om morsrollen og barnl\u00f8shet, [&hellip;]<\/p>\n","protected":false},"featured_media":26395,"template":"","meta":{"_acf_changed":false,"inline_featured_image":false},"product_brand":[],"product_cat":[1781],"product_tag":[470,1095,510,380,370],"class_list":{"0":"post-20618","1":"product","2":"type-product","3":"status-publish","4":"has-post-thumbnail","6":"product_cat-rabattkodekampanje","7":"product_tag-ekteskap-og-parforhold","8":"product_tag-grafiske-romaner","9":"product_tag-kjaerlighet","10":"product_tag-kvinner","11":"product_tag-skjonnlitteratur","13":"first","14":"outofstock","15":"shipping-taxable","16":"purchasable","17":"product-type-simple"},"acf":{"anmeldelse":[{"tekst_anmeldelser":"Her er en forfatter som vet \u00e5 fortelle, hun tegner treffsikre kvinneportretter og skaper usedvanlig gode milj\u00f8skildringer. [...] Her er rett og slett mye snert. En liten bok dette, men den gir stor leseopplevelse.","av_anmeldelser":"Guri Hjeltnes","terningkast":"<i class=\"fa-solid fa-dice-five\"><\/i>","kilde":"VG"},{"tekst_anmeldelser":"Jeg har sjelden lest en s\u00e5 suggererende fortelling om hat og kj\u00e6rlighet, lidenskap og utroskap. [...] Vi vil ha mer av dette. Spesielt n\u00e5r vi har s\u00e5 dyktige oversettere som Ute Neumann.","av_anmeldelser":"Cathrine Kr\u00f8ger","terningkast":"<i class=\"fa-solid fa-dice-five\"><\/i>","kilde":"Dagbladet"},{"tekst_anmeldelser":"\u00abKj\u00e6rlighet i n\u00f8dsfall\u00bb minner meg om hva som er poenget med forfattere.","av_anmeldelser":"Knut Hoem","terningkast":false,"kilde":"NRK"}]},"yoast_head":"<!-- This site is optimized with the Yoast SEO plugin v26.6 - https:\/\/yoast.com\/wordpress\/plugins\/seo\/ -->\n<title>Kj\u00e6rlighet i n\u00f8dsfall - Forlaget Press<\/title>\n<meta name=\"robots\" content=\"noindex, follow, max-snippet:-1, max-image-preview:large, max-video-preview:-1\" \/>\n<meta property=\"og:locale\" content=\"nb_NO\" \/>\n<meta property=\"og:type\" content=\"article\" \/>\n<meta property=\"og:title\" content=\"Kj\u00e6rlighet i n\u00f8dsfall - Forlaget Press\" \/>\n<meta property=\"og:description\" content=\"Fem ulike kvinner pr\u00f8ver p\u00e5 det umulige &#8211; \u00e5 elske, v\u00e6re sterk og samtidig v\u00e6re tro mot seg selv. Paula, Judith, Brida, Malika og Jorinde var ten\u00e5ringer da Berlinmuren falt, da frihet erstattet grenser og restriksjoner. Men frihet bringer med seg et nytt press: presset av \u00e5 kunne velge. En roman om morsrollen og barnl\u00f8shet, [&hellip;]\" \/>\n<meta property=\"og:url\" content=\"https:\/\/staging.forenteforlag.no\/forlaget\/produkt\/kjaerlighet-i-nodsfall-2\/\" \/>\n<meta property=\"og:site_name\" content=\"Forlaget Press\" \/>\n<meta property=\"article:publisher\" content=\"https:\/\/www.facebook.com\/Forlagetpress\" \/>\n<meta property=\"article:modified_time\" content=\"2026-03-04T11:39:33+00:00\" \/>\n<meta property=\"og:image\" content=\"https:\/\/staging.forenteforlag.no\/forlaget\/wp-content\/uploads\/sites\/3\/2026\/02\/9788232803484.jpg\" \/>\n\t<meta property=\"og:image:width\" content=\"720\" \/>\n\t<meta property=\"og:image:height\" content=\"1060\" \/>\n\t<meta property=\"og:image:type\" content=\"image\/jpeg\" \/>\n<meta name=\"twitter:card\" content=\"summary_large_image\" \/>\n<meta name=\"twitter:label1\" content=\"Ansl. lesetid\" \/>\n\t<meta name=\"twitter:data1\" content=\"1 minutt\" \/>\n<script type=\"application\/ld+json\" class=\"yoast-schema-graph\">{\"@context\":\"https:\/\/schema.org\",\"@graph\":[{\"@type\":\"WebPage\",\"@id\":\"https:\/\/staging.forenteforlag.no\/forlaget\/produkt\/kjaerlighet-i-nodsfall-2\/\",\"url\":\"https:\/\/staging.forenteforlag.no\/forlaget\/produkt\/kjaerlighet-i-nodsfall-2\/\",\"name\":\"Kj\u00e6rlighet i n\u00f8dsfall - Forlaget Press\",\"isPartOf\":{\"@id\":\"https:\/\/staging.forenteforlag.no\/forlaget\/#website\"},\"primaryImageOfPage\":{\"@id\":\"https:\/\/staging.forenteforlag.no\/forlaget\/produkt\/kjaerlighet-i-nodsfall-2\/#primaryimage\"},\"image\":{\"@id\":\"https:\/\/staging.forenteforlag.no\/forlaget\/produkt\/kjaerlighet-i-nodsfall-2\/#primaryimage\"},\"thumbnailUrl\":\"https:\/\/staging.forenteforlag.no\/forlaget\/wp-content\/uploads\/sites\/3\/2026\/02\/9788232803484.jpg\",\"datePublished\":\"2021-01-18T00:00:00+00:00\",\"dateModified\":\"2026-03-04T11:39:33+00:00\",\"breadcrumb\":{\"@id\":\"https:\/\/staging.forenteforlag.no\/forlaget\/produkt\/kjaerlighet-i-nodsfall-2\/#breadcrumb\"},\"inLanguage\":\"nb-NO\",\"potentialAction\":[{\"@type\":\"ReadAction\",\"target\":[\"https:\/\/staging.forenteforlag.no\/forlaget\/produkt\/kjaerlighet-i-nodsfall-2\/\"]}]},{\"@type\":\"ImageObject\",\"inLanguage\":\"nb-NO\",\"@id\":\"https:\/\/staging.forenteforlag.no\/forlaget\/produkt\/kjaerlighet-i-nodsfall-2\/#primaryimage\",\"url\":\"https:\/\/staging.forenteforlag.no\/forlaget\/wp-content\/uploads\/sites\/3\/2026\/02\/9788232803484.jpg\",\"contentUrl\":\"https:\/\/staging.forenteforlag.no\/forlaget\/wp-content\/uploads\/sites\/3\/2026\/02\/9788232803484.jpg\",\"width\":720,\"height\":1060},{\"@type\":\"BreadcrumbList\",\"@id\":\"https:\/\/staging.forenteforlag.no\/forlaget\/produkt\/kjaerlighet-i-nodsfall-2\/#breadcrumb\",\"itemListElement\":[{\"@type\":\"ListItem\",\"position\":1,\"name\":\"Hjem\",\"item\":\"https:\/\/staging.forenteforlag.no\/forlaget\/\"},{\"@type\":\"ListItem\",\"position\":2,\"name\":\"Alle b\u00f8ker\",\"item\":\"https:\/\/staging.forenteforlag.no\/forlaget\/butikk\/\"},{\"@type\":\"ListItem\",\"position\":3,\"name\":\"Kj\u00e6rlighet i n\u00f8dsfall\"}]},{\"@type\":\"WebSite\",\"@id\":\"https:\/\/staging.forenteforlag.no\/forlaget\/#website\",\"url\":\"https:\/\/staging.forenteforlag.no\/forlaget\/\",\"name\":\"Forlaget Press\",\"description\":\"\",\"publisher\":{\"@id\":\"https:\/\/staging.forenteforlag.no\/forlaget\/#organization\"},\"potentialAction\":[{\"@type\":\"SearchAction\",\"target\":{\"@type\":\"EntryPoint\",\"urlTemplate\":\"https:\/\/staging.forenteforlag.no\/forlaget\/?s={search_term_string}\"},\"query-input\":{\"@type\":\"PropertyValueSpecification\",\"valueRequired\":true,\"valueName\":\"search_term_string\"}}],\"inLanguage\":\"nb-NO\"},{\"@type\":\"Organization\",\"@id\":\"https:\/\/staging.forenteforlag.no\/forlaget\/#organization\",\"name\":\"Forlaget Press\",\"url\":\"https:\/\/staging.forenteforlag.no\/forlaget\/\",\"logo\":{\"@type\":\"ImageObject\",\"inLanguage\":\"nb-NO\",\"@id\":\"https:\/\/staging.forenteforlag.no\/forlaget\/#\/schema\/logo\/image\/\",\"url\":\"https:\/\/staging.forenteforlag.no\/forlaget\/wp-content\/uploads\/sites\/3\/2024\/09\/Press_logo.svg\",\"contentUrl\":\"https:\/\/staging.forenteforlag.no\/forlaget\/wp-content\/uploads\/sites\/3\/2024\/09\/Press_logo.svg\",\"width\":100,\"height\":100,\"caption\":\"Forlaget Press\"},\"image\":{\"@id\":\"https:\/\/staging.forenteforlag.no\/forlaget\/#\/schema\/logo\/image\/\"},\"sameAs\":[\"https:\/\/www.facebook.com\/Forlagetpress\"]}]}<\/script>\n<!-- \/ Yoast SEO plugin. -->","yoast_head_json":{"title":"Kj\u00e6rlighet i n\u00f8dsfall - Forlaget Press","robots":{"index":"noindex","follow":"follow","max-snippet":"max-snippet:-1","max-image-preview":"max-image-preview:large","max-video-preview":"max-video-preview:-1"},"og_locale":"nb_NO","og_type":"article","og_title":"Kj\u00e6rlighet i n\u00f8dsfall - Forlaget Press","og_description":"Fem ulike kvinner pr\u00f8ver p\u00e5 det umulige &#8211; \u00e5 elske, v\u00e6re sterk og samtidig v\u00e6re tro mot seg selv. Paula, Judith, Brida, Malika og Jorinde var ten\u00e5ringer da Berlinmuren falt, da frihet erstattet grenser og restriksjoner. Men frihet bringer med seg et nytt press: presset av \u00e5 kunne velge. En roman om morsrollen og barnl\u00f8shet, [&hellip;]","og_url":"https:\/\/staging.forenteforlag.no\/forlaget\/produkt\/kjaerlighet-i-nodsfall-2\/","og_site_name":"Forlaget Press","article_publisher":"https:\/\/www.facebook.com\/Forlagetpress","article_modified_time":"2026-03-04T11:39:33+00:00","og_image":[{"width":720,"height":1060,"url":"https:\/\/staging.forenteforlag.no\/forlaget\/wp-content\/uploads\/sites\/3\/2026\/02\/9788232803484.jpg","type":"image\/jpeg"}],"twitter_card":"summary_large_image","twitter_misc":{"Ansl. lesetid":"1 minutt"},"schema":{"@context":"https:\/\/schema.org","@graph":[{"@type":"WebPage","@id":"https:\/\/staging.forenteforlag.no\/forlaget\/produkt\/kjaerlighet-i-nodsfall-2\/","url":"https:\/\/staging.forenteforlag.no\/forlaget\/produkt\/kjaerlighet-i-nodsfall-2\/","name":"Kj\u00e6rlighet i n\u00f8dsfall - Forlaget Press","isPartOf":{"@id":"https:\/\/staging.forenteforlag.no\/forlaget\/#website"},"primaryImageOfPage":{"@id":"https:\/\/staging.forenteforlag.no\/forlaget\/produkt\/kjaerlighet-i-nodsfall-2\/#primaryimage"},"image":{"@id":"https:\/\/staging.forenteforlag.no\/forlaget\/produkt\/kjaerlighet-i-nodsfall-2\/#primaryimage"},"thumbnailUrl":"https:\/\/staging.forenteforlag.no\/forlaget\/wp-content\/uploads\/sites\/3\/2026\/02\/9788232803484.jpg","datePublished":"2021-01-18T00:00:00+00:00","dateModified":"2026-03-04T11:39:33+00:00","breadcrumb":{"@id":"https:\/\/staging.forenteforlag.no\/forlaget\/produkt\/kjaerlighet-i-nodsfall-2\/#breadcrumb"},"inLanguage":"nb-NO","potentialAction":[{"@type":"ReadAction","target":["https:\/\/staging.forenteforlag.no\/forlaget\/produkt\/kjaerlighet-i-nodsfall-2\/"]}]},{"@type":"ImageObject","inLanguage":"nb-NO","@id":"https:\/\/staging.forenteforlag.no\/forlaget\/produkt\/kjaerlighet-i-nodsfall-2\/#primaryimage","url":"https:\/\/staging.forenteforlag.no\/forlaget\/wp-content\/uploads\/sites\/3\/2026\/02\/9788232803484.jpg","contentUrl":"https:\/\/staging.forenteforlag.no\/forlaget\/wp-content\/uploads\/sites\/3\/2026\/02\/9788232803484.jpg","width":720,"height":1060},{"@type":"BreadcrumbList","@id":"https:\/\/staging.forenteforlag.no\/forlaget\/produkt\/kjaerlighet-i-nodsfall-2\/#breadcrumb","itemListElement":[{"@type":"ListItem","position":1,"name":"Hjem","item":"https:\/\/staging.forenteforlag.no\/forlaget\/"},{"@type":"ListItem","position":2,"name":"Alle b\u00f8ker","item":"https:\/\/staging.forenteforlag.no\/forlaget\/butikk\/"},{"@type":"ListItem","position":3,"name":"Kj\u00e6rlighet i n\u00f8dsfall"}]},{"@type":"WebSite","@id":"https:\/\/staging.forenteforlag.no\/forlaget\/#website","url":"https:\/\/staging.forenteforlag.no\/forlaget\/","name":"Forlaget Press","description":"","publisher":{"@id":"https:\/\/staging.forenteforlag.no\/forlaget\/#organization"},"potentialAction":[{"@type":"SearchAction","target":{"@type":"EntryPoint","urlTemplate":"https:\/\/staging.forenteforlag.no\/forlaget\/?s={search_term_string}"},"query-input":{"@type":"PropertyValueSpecification","valueRequired":true,"valueName":"search_term_string"}}],"inLanguage":"nb-NO"},{"@type":"Organization","@id":"https:\/\/staging.forenteforlag.no\/forlaget\/#organization","name":"Forlaget Press","url":"https:\/\/staging.forenteforlag.no\/forlaget\/","logo":{"@type":"ImageObject","inLanguage":"nb-NO","@id":"https:\/\/staging.forenteforlag.no\/forlaget\/#\/schema\/logo\/image\/","url":"https:\/\/staging.forenteforlag.no\/forlaget\/wp-content\/uploads\/sites\/3\/2024\/09\/Press_logo.svg","contentUrl":"https:\/\/staging.forenteforlag.no\/forlaget\/wp-content\/uploads\/sites\/3\/2024\/09\/Press_logo.svg","width":100,"height":100,"caption":"Forlaget Press"},"image":{"@id":"https:\/\/staging.forenteforlag.no\/forlaget\/#\/schema\/logo\/image\/"},"sameAs":["https:\/\/www.facebook.com\/Forlagetpress"]}]}},"_links":{"self":[{"href":"https:\/\/staging.forenteforlag.no\/forlaget\/wp-json\/wp\/v2\/product\/20618","targetHints":{"allow":["GET"]}}],"collection":[{"href":"https:\/\/staging.forenteforlag.no\/forlaget\/wp-json\/wp\/v2\/product"}],"about":[{"href":"https:\/\/staging.forenteforlag.no\/forlaget\/wp-json\/wp\/v2\/types\/product"}],"wp:featuredmedia":[{"embeddable":true,"href":"https:\/\/staging.forenteforlag.no\/forlaget\/wp-json\/wp\/v2\/media\/26395"}],"wp:attachment":[{"href":"https:\/\/staging.forenteforlag.no\/forlaget\/wp-json\/wp\/v2\/media?parent=20618"}],"wp:term":[{"taxonomy":"product_brand","embeddable":true,"href":"https:\/\/staging.forenteforlag.no\/forlaget\/wp-json\/wp\/v2\/product_brand?post=20618"},{"taxonomy":"product_cat","embeddable":true,"href":"https:\/\/staging.forenteforlag.no\/forlaget\/wp-json\/wp\/v2\/product_cat?post=20618"},{"taxonomy":"product_tag","embeddable":true,"href":"https:\/\/staging.forenteforlag.no\/forlaget\/wp-json\/wp\/v2\/product_tag?post=20618"}],"curies":[{"name":"wp","href":"https:\/\/api.w.org\/{rel}","templated":true}]}}