{"id":20560,"date":"2020-02-24T01:00:00","date_gmt":"2020-02-24T00:00:00","guid":{"rendered":"https:\/\/forlagetpress.forenteforlag.no\/produkt\/hyllest-til-halvmorket\/"},"modified":"2026-03-04T09:45:14","modified_gmt":"2026-03-04T08:45:14","slug":"hyllest-til-halvmorket","status":"publish","type":"product","link":"https:\/\/staging.forenteforlag.no\/forlaget\/produkt\/hyllest-til-halvmorket\/","title":{"rendered":"Hyllest til halvm\u00f8rket"},"content":{"rendered":"<p>I Hyllest til halvm\u00f8rket (1933) vil Tanizaki unders\u00f8ke hva som er grunnlaget for den tradisjonelle japanske estetikken &#8211; hele den uts\u00f8kte, forfinede kulturen som var truet av moderniseringen og innflytelsen fra den vestlige verden. For \u00e5 finne svaret g\u00e5r forfatteren til den klassiske japanske arkitekturen og byggekunsten &#8211; men ogs\u00e5 til forskjellige og ofte overraskende kulturelle uttrykk som jadeskulpturer, matretter, toalettvaner, keramikk eller klestradisjoner &#8211; for \u00e5 utforske det genuint japanske. Resultatet er en klassisk beskrivelse av kollisjonen mellom det magiske halvm\u00f8rket i tradisjonelle japanske bygg og modernitetens kalde, hvite lys. Men ogs\u00e5 en enest\u00e5ende bok om japansk kultur som s\u00e5dan &#8211; en tekst for alle som er fascinert av det japanske, og som \u00f8nsker \u00e5 l\u00e6re og forst\u00e5 mer om landet som har gitt oss Kurosawa, Murakami, Mishima og Myazaki.<\/p>\n<p>Jun&#8217;ichir Tanizaki (1886-1965) var en av Japans st\u00f8rste forfattere i det 20. \u00e5rhundre. Her i Norge er han mest kjent for den besn\u00e6rende romanen S\u00f8strene Makioka (1943-1948), som sjarmerteb\u00e5de norske lesere og kritikere da den utkom f\u00f8rste gang p\u00e5 norsk p\u00e5 Forlaget Press i 2014. I romanen om Makioka-s\u00f8strene m\u00f8tte vi en tradisjonsrik aristokratisk familie som kjempet for \u00e5 tilpasse seg de store samfunnsomveltningene i Japan i \u00e5rene f\u00f8r andre verdenskrig. Det spenningsfylte forholdet mellom modernisering og tradisjon i Japan p\u00e5 1900-tallet &#8211; og mellom \u00d8st og Vest &#8211; var et hovedtema for hele Tanizakis forfatterskap. Indirekte er dette ogs\u00e5 temaet i teksten som regnes som forfatterens kanskje fremste mesterverk ved siden av S\u00f8strene Makioka: Det vakre og uutgrunnelige essayet Hyllest til halvm\u00f8rket &#8211; en unik utforsking av japansk estetikk, kultur og livsf\u00f8lelse.<\/p>\n","protected":false},"excerpt":{"rendered":"<p>I Hyllest til halvm\u00f8rket (1933) vil Tanizaki unders\u00f8ke hva som er grunnlaget for den tradisjonelle japanske estetikken &#8211; hele den uts\u00f8kte, forfinede kulturen som var truet av moderniseringen og innflytelsen fra den vestlige verden. For \u00e5 finne svaret g\u00e5r forfatteren til den klassiske japanske arkitekturen og byggekunsten &#8211; men ogs\u00e5 til forskjellige og ofte overraskende [&hellip;]<\/p>\n","protected":false},"featured_media":26376,"template":"","meta":{"_acf_changed":false,"inline_featured_image":false},"product_brand":[],"product_cat":[1781],"product_tag":[378,495,362,461],"class_list":{"0":"post-20560","1":"product","2":"type-product","3":"status-publish","4":"has-post-thumbnail","6":"product_cat-rabattkodekampanje","7":"product_tag-essay","8":"product_tag-estetikk","9":"product_tag-faglitteratur","10":"product_tag-japan","12":"first","13":"outofstock","14":"shipping-taxable","15":"purchasable","16":"product-type-simple"},"acf":{"anmeldelse":null},"yoast_head":"<!-- This site is optimized with the Yoast SEO plugin v26.6 - https:\/\/yoast.com\/wordpress\/plugins\/seo\/ -->\n<title>Hyllest til halvm\u00f8rket - Forlaget Press<\/title>\n<meta name=\"robots\" content=\"noindex, follow, max-snippet:-1, max-image-preview:large, max-video-preview:-1\" \/>\n<meta property=\"og:locale\" content=\"nb_NO\" \/>\n<meta property=\"og:type\" content=\"article\" \/>\n<meta property=\"og:title\" content=\"Hyllest til halvm\u00f8rket - Forlaget Press\" \/>\n<meta property=\"og:description\" content=\"I Hyllest til halvm\u00f8rket (1933) vil Tanizaki unders\u00f8ke hva som er grunnlaget for den tradisjonelle japanske estetikken &#8211; hele den uts\u00f8kte, forfinede kulturen som var truet av moderniseringen og innflytelsen fra den vestlige verden. For \u00e5 finne svaret g\u00e5r forfatteren til den klassiske japanske arkitekturen og byggekunsten &#8211; men ogs\u00e5 til forskjellige og ofte overraskende [&hellip;]\" \/>\n<meta property=\"og:url\" content=\"https:\/\/staging.forenteforlag.no\/forlaget\/produkt\/hyllest-til-halvmorket\/\" \/>\n<meta property=\"og:site_name\" content=\"Forlaget Press\" \/>\n<meta property=\"article:publisher\" content=\"https:\/\/www.facebook.com\/Forlagetpress\" \/>\n<meta property=\"article:modified_time\" content=\"2026-03-04T08:45:14+00:00\" \/>\n<meta property=\"og:image\" content=\"https:\/\/staging.forenteforlag.no\/forlaget\/wp-content\/uploads\/sites\/3\/2026\/02\/9788232803163.jpg\" \/>\n\t<meta property=\"og:image:width\" content=\"720\" \/>\n\t<meta property=\"og:image:height\" content=\"1111\" \/>\n\t<meta property=\"og:image:type\" content=\"image\/jpeg\" \/>\n<meta name=\"twitter:card\" content=\"summary_large_image\" \/>\n<meta name=\"twitter:label1\" content=\"Ansl. lesetid\" \/>\n\t<meta name=\"twitter:data1\" content=\"2 minutter\" \/>\n<script type=\"application\/ld+json\" class=\"yoast-schema-graph\">{\"@context\":\"https:\/\/schema.org\",\"@graph\":[{\"@type\":\"WebPage\",\"@id\":\"https:\/\/staging.forenteforlag.no\/forlaget\/produkt\/hyllest-til-halvmorket\/\",\"url\":\"https:\/\/staging.forenteforlag.no\/forlaget\/produkt\/hyllest-til-halvmorket\/\",\"name\":\"Hyllest til halvm\u00f8rket - Forlaget Press\",\"isPartOf\":{\"@id\":\"https:\/\/staging.forenteforlag.no\/forlaget\/#website\"},\"primaryImageOfPage\":{\"@id\":\"https:\/\/staging.forenteforlag.no\/forlaget\/produkt\/hyllest-til-halvmorket\/#primaryimage\"},\"image\":{\"@id\":\"https:\/\/staging.forenteforlag.no\/forlaget\/produkt\/hyllest-til-halvmorket\/#primaryimage\"},\"thumbnailUrl\":\"https:\/\/staging.forenteforlag.no\/forlaget\/wp-content\/uploads\/sites\/3\/2026\/02\/9788232803163.jpg\",\"datePublished\":\"2020-02-24T00:00:00+00:00\",\"dateModified\":\"2026-03-04T08:45:14+00:00\",\"breadcrumb\":{\"@id\":\"https:\/\/staging.forenteforlag.no\/forlaget\/produkt\/hyllest-til-halvmorket\/#breadcrumb\"},\"inLanguage\":\"nb-NO\",\"potentialAction\":[{\"@type\":\"ReadAction\",\"target\":[\"https:\/\/staging.forenteforlag.no\/forlaget\/produkt\/hyllest-til-halvmorket\/\"]}]},{\"@type\":\"ImageObject\",\"inLanguage\":\"nb-NO\",\"@id\":\"https:\/\/staging.forenteforlag.no\/forlaget\/produkt\/hyllest-til-halvmorket\/#primaryimage\",\"url\":\"https:\/\/staging.forenteforlag.no\/forlaget\/wp-content\/uploads\/sites\/3\/2026\/02\/9788232803163.jpg\",\"contentUrl\":\"https:\/\/staging.forenteforlag.no\/forlaget\/wp-content\/uploads\/sites\/3\/2026\/02\/9788232803163.jpg\",\"width\":720,\"height\":1111},{\"@type\":\"BreadcrumbList\",\"@id\":\"https:\/\/staging.forenteforlag.no\/forlaget\/produkt\/hyllest-til-halvmorket\/#breadcrumb\",\"itemListElement\":[{\"@type\":\"ListItem\",\"position\":1,\"name\":\"Hjem\",\"item\":\"https:\/\/staging.forenteforlag.no\/forlaget\/\"},{\"@type\":\"ListItem\",\"position\":2,\"name\":\"Alle b\u00f8ker\",\"item\":\"https:\/\/staging.forenteforlag.no\/forlaget\/butikk\/\"},{\"@type\":\"ListItem\",\"position\":3,\"name\":\"Hyllest til halvm\u00f8rket\"}]},{\"@type\":\"WebSite\",\"@id\":\"https:\/\/staging.forenteforlag.no\/forlaget\/#website\",\"url\":\"https:\/\/staging.forenteforlag.no\/forlaget\/\",\"name\":\"Forlaget Press\",\"description\":\"\",\"publisher\":{\"@id\":\"https:\/\/staging.forenteforlag.no\/forlaget\/#organization\"},\"potentialAction\":[{\"@type\":\"SearchAction\",\"target\":{\"@type\":\"EntryPoint\",\"urlTemplate\":\"https:\/\/staging.forenteforlag.no\/forlaget\/?s={search_term_string}\"},\"query-input\":{\"@type\":\"PropertyValueSpecification\",\"valueRequired\":true,\"valueName\":\"search_term_string\"}}],\"inLanguage\":\"nb-NO\"},{\"@type\":\"Organization\",\"@id\":\"https:\/\/staging.forenteforlag.no\/forlaget\/#organization\",\"name\":\"Forlaget Press\",\"url\":\"https:\/\/staging.forenteforlag.no\/forlaget\/\",\"logo\":{\"@type\":\"ImageObject\",\"inLanguage\":\"nb-NO\",\"@id\":\"https:\/\/staging.forenteforlag.no\/forlaget\/#\/schema\/logo\/image\/\",\"url\":\"https:\/\/staging.forenteforlag.no\/forlaget\/wp-content\/uploads\/sites\/3\/2024\/09\/Press_logo.svg\",\"contentUrl\":\"https:\/\/staging.forenteforlag.no\/forlaget\/wp-content\/uploads\/sites\/3\/2024\/09\/Press_logo.svg\",\"width\":100,\"height\":100,\"caption\":\"Forlaget Press\"},\"image\":{\"@id\":\"https:\/\/staging.forenteforlag.no\/forlaget\/#\/schema\/logo\/image\/\"},\"sameAs\":[\"https:\/\/www.facebook.com\/Forlagetpress\"]}]}<\/script>\n<!-- \/ Yoast SEO plugin. -->","yoast_head_json":{"title":"Hyllest til halvm\u00f8rket - Forlaget Press","robots":{"index":"noindex","follow":"follow","max-snippet":"max-snippet:-1","max-image-preview":"max-image-preview:large","max-video-preview":"max-video-preview:-1"},"og_locale":"nb_NO","og_type":"article","og_title":"Hyllest til halvm\u00f8rket - Forlaget Press","og_description":"I Hyllest til halvm\u00f8rket (1933) vil Tanizaki unders\u00f8ke hva som er grunnlaget for den tradisjonelle japanske estetikken &#8211; hele den uts\u00f8kte, forfinede kulturen som var truet av moderniseringen og innflytelsen fra den vestlige verden. For \u00e5 finne svaret g\u00e5r forfatteren til den klassiske japanske arkitekturen og byggekunsten &#8211; men ogs\u00e5 til forskjellige og ofte overraskende [&hellip;]","og_url":"https:\/\/staging.forenteforlag.no\/forlaget\/produkt\/hyllest-til-halvmorket\/","og_site_name":"Forlaget Press","article_publisher":"https:\/\/www.facebook.com\/Forlagetpress","article_modified_time":"2026-03-04T08:45:14+00:00","og_image":[{"width":720,"height":1111,"url":"https:\/\/staging.forenteforlag.no\/forlaget\/wp-content\/uploads\/sites\/3\/2026\/02\/9788232803163.jpg","type":"image\/jpeg"}],"twitter_card":"summary_large_image","twitter_misc":{"Ansl. lesetid":"2 minutter"},"schema":{"@context":"https:\/\/schema.org","@graph":[{"@type":"WebPage","@id":"https:\/\/staging.forenteforlag.no\/forlaget\/produkt\/hyllest-til-halvmorket\/","url":"https:\/\/staging.forenteforlag.no\/forlaget\/produkt\/hyllest-til-halvmorket\/","name":"Hyllest til halvm\u00f8rket - Forlaget Press","isPartOf":{"@id":"https:\/\/staging.forenteforlag.no\/forlaget\/#website"},"primaryImageOfPage":{"@id":"https:\/\/staging.forenteforlag.no\/forlaget\/produkt\/hyllest-til-halvmorket\/#primaryimage"},"image":{"@id":"https:\/\/staging.forenteforlag.no\/forlaget\/produkt\/hyllest-til-halvmorket\/#primaryimage"},"thumbnailUrl":"https:\/\/staging.forenteforlag.no\/forlaget\/wp-content\/uploads\/sites\/3\/2026\/02\/9788232803163.jpg","datePublished":"2020-02-24T00:00:00+00:00","dateModified":"2026-03-04T08:45:14+00:00","breadcrumb":{"@id":"https:\/\/staging.forenteforlag.no\/forlaget\/produkt\/hyllest-til-halvmorket\/#breadcrumb"},"inLanguage":"nb-NO","potentialAction":[{"@type":"ReadAction","target":["https:\/\/staging.forenteforlag.no\/forlaget\/produkt\/hyllest-til-halvmorket\/"]}]},{"@type":"ImageObject","inLanguage":"nb-NO","@id":"https:\/\/staging.forenteforlag.no\/forlaget\/produkt\/hyllest-til-halvmorket\/#primaryimage","url":"https:\/\/staging.forenteforlag.no\/forlaget\/wp-content\/uploads\/sites\/3\/2026\/02\/9788232803163.jpg","contentUrl":"https:\/\/staging.forenteforlag.no\/forlaget\/wp-content\/uploads\/sites\/3\/2026\/02\/9788232803163.jpg","width":720,"height":1111},{"@type":"BreadcrumbList","@id":"https:\/\/staging.forenteforlag.no\/forlaget\/produkt\/hyllest-til-halvmorket\/#breadcrumb","itemListElement":[{"@type":"ListItem","position":1,"name":"Hjem","item":"https:\/\/staging.forenteforlag.no\/forlaget\/"},{"@type":"ListItem","position":2,"name":"Alle b\u00f8ker","item":"https:\/\/staging.forenteforlag.no\/forlaget\/butikk\/"},{"@type":"ListItem","position":3,"name":"Hyllest til halvm\u00f8rket"}]},{"@type":"WebSite","@id":"https:\/\/staging.forenteforlag.no\/forlaget\/#website","url":"https:\/\/staging.forenteforlag.no\/forlaget\/","name":"Forlaget Press","description":"","publisher":{"@id":"https:\/\/staging.forenteforlag.no\/forlaget\/#organization"},"potentialAction":[{"@type":"SearchAction","target":{"@type":"EntryPoint","urlTemplate":"https:\/\/staging.forenteforlag.no\/forlaget\/?s={search_term_string}"},"query-input":{"@type":"PropertyValueSpecification","valueRequired":true,"valueName":"search_term_string"}}],"inLanguage":"nb-NO"},{"@type":"Organization","@id":"https:\/\/staging.forenteforlag.no\/forlaget\/#organization","name":"Forlaget Press","url":"https:\/\/staging.forenteforlag.no\/forlaget\/","logo":{"@type":"ImageObject","inLanguage":"nb-NO","@id":"https:\/\/staging.forenteforlag.no\/forlaget\/#\/schema\/logo\/image\/","url":"https:\/\/staging.forenteforlag.no\/forlaget\/wp-content\/uploads\/sites\/3\/2024\/09\/Press_logo.svg","contentUrl":"https:\/\/staging.forenteforlag.no\/forlaget\/wp-content\/uploads\/sites\/3\/2024\/09\/Press_logo.svg","width":100,"height":100,"caption":"Forlaget Press"},"image":{"@id":"https:\/\/staging.forenteforlag.no\/forlaget\/#\/schema\/logo\/image\/"},"sameAs":["https:\/\/www.facebook.com\/Forlagetpress"]}]}},"_links":{"self":[{"href":"https:\/\/staging.forenteforlag.no\/forlaget\/wp-json\/wp\/v2\/product\/20560","targetHints":{"allow":["GET"]}}],"collection":[{"href":"https:\/\/staging.forenteforlag.no\/forlaget\/wp-json\/wp\/v2\/product"}],"about":[{"href":"https:\/\/staging.forenteforlag.no\/forlaget\/wp-json\/wp\/v2\/types\/product"}],"wp:featuredmedia":[{"embeddable":true,"href":"https:\/\/staging.forenteforlag.no\/forlaget\/wp-json\/wp\/v2\/media\/26376"}],"wp:attachment":[{"href":"https:\/\/staging.forenteforlag.no\/forlaget\/wp-json\/wp\/v2\/media?parent=20560"}],"wp:term":[{"taxonomy":"product_brand","embeddable":true,"href":"https:\/\/staging.forenteforlag.no\/forlaget\/wp-json\/wp\/v2\/product_brand?post=20560"},{"taxonomy":"product_cat","embeddable":true,"href":"https:\/\/staging.forenteforlag.no\/forlaget\/wp-json\/wp\/v2\/product_cat?post=20560"},{"taxonomy":"product_tag","embeddable":true,"href":"https:\/\/staging.forenteforlag.no\/forlaget\/wp-json\/wp\/v2\/product_tag?post=20560"}],"curies":[{"name":"wp","href":"https:\/\/api.w.org\/{rel}","templated":true}]}}