{"id":20515,"date":"2023-01-10T01:00:00","date_gmt":"2023-01-10T00:00:00","guid":{"rendered":"https:\/\/forlagetpress.forenteforlag.no\/produkt\/nasjonale-turistveger-die-norwegishen-landschaftsrouten-norwegian-scenic-routes\/"},"modified":"2026-03-03T18:46:33","modified_gmt":"2026-03-03T17:46:33","slug":"nasjonale-turistveger-die-norwegishen-landschaftsrouten-norwegian-scenic-routes","status":"publish","type":"product","link":"https:\/\/staging.forenteforlag.no\/forlaget\/produkt\/nasjonale-turistveger-die-norwegishen-landschaftsrouten-norwegian-scenic-routes\/","title":{"rendered":"Nasjonale turistveger = Die Norwegishen Landschaftsrouten = Norwegian scenic routes"},"content":{"rendered":"<p>Ny og oppdatert utgave! <br \/>Nasjonale turistveger er 18 utvalgte strekninger gjennom det vakreste og mest varierte av norsk natur. Her g\u00e5r spektakul\u00e6re utsiktspunkter, nyskapende arkitektur, design og kunst sammen i en helt unik naturopplevelse. <\/p>\n<p>Boka byr p\u00e5 fotografier, montasjer og plantegninger fra et stort og variert knippe arkitekturinstallasjoner og kunstverk, i tillegg til kart og reisetips.  <br \/>Tekstene er p\u00e5 norsk, engelsk og tysk.<\/p>\n","protected":false},"excerpt":{"rendered":"<p>Ny og oppdatert utgave! Nasjonale turistveger er 18 utvalgte strekninger gjennom det vakreste og mest varierte av norsk natur. Her g\u00e5r spektakul\u00e6re utsiktspunkter, nyskapende arkitektur, design og kunst sammen i en helt unik naturopplevelse. Boka byr p\u00e5 fotografier, montasjer og plantegninger fra et stort og variert knippe arkitekturinstallasjoner og kunstverk, i tillegg til kart og [&hellip;]<\/p>\n","protected":false},"featured_media":26455,"template":"","meta":{"_acf_changed":false,"inline_featured_image":false},"product_brand":[],"product_cat":[1781],"product_tag":[438,445,901,362,443,439,1791,1537,796,444],"class_list":{"0":"post-20515","1":"product","2":"type-product","3":"status-publish","4":"has-post-thumbnail","6":"product_cat-rabattkodekampanje","7":"product_tag-arkitektur","8":"product_tag-bilturer","9":"product_tag-byguider","10":"product_tag-faglitteratur","11":"product_tag-naturskildringer","12":"product_tag-nord-norge","13":"product_tag-reise-og-turguider","14":"product_tag-reisehandboker","15":"product_tag-temareiseguider","16":"product_tag-veier","18":"first","19":"instock","20":"shipping-taxable","21":"purchasable","22":"product-type-simple"},"acf":{"anmeldelse":null},"yoast_head":"<!-- This site is optimized with the Yoast SEO plugin v26.6 - https:\/\/yoast.com\/wordpress\/plugins\/seo\/ -->\n<title>Nasjonale turistveger = Die Norwegishen Landschaftsrouten = Norwegian scenic routes - Forlaget Press<\/title>\n<meta name=\"robots\" content=\"noindex, follow, max-snippet:-1, max-image-preview:large, max-video-preview:-1\" \/>\n<meta property=\"og:locale\" content=\"nb_NO\" \/>\n<meta property=\"og:type\" content=\"article\" \/>\n<meta property=\"og:title\" content=\"Nasjonale turistveger = Die Norwegishen Landschaftsrouten = Norwegian scenic routes - Forlaget Press\" \/>\n<meta property=\"og:description\" content=\"Ny og oppdatert utgave! Nasjonale turistveger er 18 utvalgte strekninger gjennom det vakreste og mest varierte av norsk natur. Her g\u00e5r spektakul\u00e6re utsiktspunkter, nyskapende arkitektur, design og kunst sammen i en helt unik naturopplevelse. Boka byr p\u00e5 fotografier, montasjer og plantegninger fra et stort og variert knippe arkitekturinstallasjoner og kunstverk, i tillegg til kart og [&hellip;]\" \/>\n<meta property=\"og:url\" content=\"https:\/\/staging.forenteforlag.no\/forlaget\/produkt\/nasjonale-turistveger-die-norwegishen-landschaftsrouten-norwegian-scenic-routes\/\" \/>\n<meta property=\"og:site_name\" content=\"Forlaget Press\" \/>\n<meta property=\"article:publisher\" content=\"https:\/\/www.facebook.com\/Forlagetpress\" \/>\n<meta property=\"article:modified_time\" content=\"2026-03-03T17:46:33+00:00\" \/>\n<meta property=\"og:image\" content=\"https:\/\/staging.forenteforlag.no\/forlaget\/wp-content\/uploads\/sites\/3\/2026\/02\/9788232804450.jpg\" \/>\n\t<meta property=\"og:image:width\" content=\"720\" \/>\n\t<meta property=\"og:image:height\" content=\"570\" \/>\n\t<meta property=\"og:image:type\" content=\"image\/jpeg\" \/>\n<meta name=\"twitter:card\" content=\"summary_large_image\" \/>\n<script type=\"application\/ld+json\" class=\"yoast-schema-graph\">{\"@context\":\"https:\/\/schema.org\",\"@graph\":[{\"@type\":\"WebPage\",\"@id\":\"https:\/\/staging.forenteforlag.no\/forlaget\/produkt\/nasjonale-turistveger-die-norwegishen-landschaftsrouten-norwegian-scenic-routes\/\",\"url\":\"https:\/\/staging.forenteforlag.no\/forlaget\/produkt\/nasjonale-turistveger-die-norwegishen-landschaftsrouten-norwegian-scenic-routes\/\",\"name\":\"Nasjonale turistveger = Die Norwegishen Landschaftsrouten = Norwegian scenic routes - Forlaget Press\",\"isPartOf\":{\"@id\":\"https:\/\/staging.forenteforlag.no\/forlaget\/#website\"},\"primaryImageOfPage\":{\"@id\":\"https:\/\/staging.forenteforlag.no\/forlaget\/produkt\/nasjonale-turistveger-die-norwegishen-landschaftsrouten-norwegian-scenic-routes\/#primaryimage\"},\"image\":{\"@id\":\"https:\/\/staging.forenteforlag.no\/forlaget\/produkt\/nasjonale-turistveger-die-norwegishen-landschaftsrouten-norwegian-scenic-routes\/#primaryimage\"},\"thumbnailUrl\":\"https:\/\/staging.forenteforlag.no\/forlaget\/wp-content\/uploads\/sites\/3\/2026\/02\/9788232804450.jpg\",\"datePublished\":\"2023-01-10T00:00:00+00:00\",\"dateModified\":\"2026-03-03T17:46:33+00:00\",\"breadcrumb\":{\"@id\":\"https:\/\/staging.forenteforlag.no\/forlaget\/produkt\/nasjonale-turistveger-die-norwegishen-landschaftsrouten-norwegian-scenic-routes\/#breadcrumb\"},\"inLanguage\":\"nb-NO\",\"potentialAction\":[{\"@type\":\"ReadAction\",\"target\":[\"https:\/\/staging.forenteforlag.no\/forlaget\/produkt\/nasjonale-turistveger-die-norwegishen-landschaftsrouten-norwegian-scenic-routes\/\"]}]},{\"@type\":\"ImageObject\",\"inLanguage\":\"nb-NO\",\"@id\":\"https:\/\/staging.forenteforlag.no\/forlaget\/produkt\/nasjonale-turistveger-die-norwegishen-landschaftsrouten-norwegian-scenic-routes\/#primaryimage\",\"url\":\"https:\/\/staging.forenteforlag.no\/forlaget\/wp-content\/uploads\/sites\/3\/2026\/02\/9788232804450.jpg\",\"contentUrl\":\"https:\/\/staging.forenteforlag.no\/forlaget\/wp-content\/uploads\/sites\/3\/2026\/02\/9788232804450.jpg\",\"width\":720,\"height\":570},{\"@type\":\"BreadcrumbList\",\"@id\":\"https:\/\/staging.forenteforlag.no\/forlaget\/produkt\/nasjonale-turistveger-die-norwegishen-landschaftsrouten-norwegian-scenic-routes\/#breadcrumb\",\"itemListElement\":[{\"@type\":\"ListItem\",\"position\":1,\"name\":\"Hjem\",\"item\":\"https:\/\/staging.forenteforlag.no\/forlaget\/\"},{\"@type\":\"ListItem\",\"position\":2,\"name\":\"Alle b\u00f8ker\",\"item\":\"https:\/\/staging.forenteforlag.no\/forlaget\/butikk\/\"},{\"@type\":\"ListItem\",\"position\":3,\"name\":\"Nasjonale turistveger = Die Norwegishen Landschaftsrouten = Norwegian scenic routes\"}]},{\"@type\":\"WebSite\",\"@id\":\"https:\/\/staging.forenteforlag.no\/forlaget\/#website\",\"url\":\"https:\/\/staging.forenteforlag.no\/forlaget\/\",\"name\":\"Forlaget Press\",\"description\":\"\",\"publisher\":{\"@id\":\"https:\/\/staging.forenteforlag.no\/forlaget\/#organization\"},\"potentialAction\":[{\"@type\":\"SearchAction\",\"target\":{\"@type\":\"EntryPoint\",\"urlTemplate\":\"https:\/\/staging.forenteforlag.no\/forlaget\/?s={search_term_string}\"},\"query-input\":{\"@type\":\"PropertyValueSpecification\",\"valueRequired\":true,\"valueName\":\"search_term_string\"}}],\"inLanguage\":\"nb-NO\"},{\"@type\":\"Organization\",\"@id\":\"https:\/\/staging.forenteforlag.no\/forlaget\/#organization\",\"name\":\"Forlaget Press\",\"url\":\"https:\/\/staging.forenteforlag.no\/forlaget\/\",\"logo\":{\"@type\":\"ImageObject\",\"inLanguage\":\"nb-NO\",\"@id\":\"https:\/\/staging.forenteforlag.no\/forlaget\/#\/schema\/logo\/image\/\",\"url\":\"https:\/\/staging.forenteforlag.no\/forlaget\/wp-content\/uploads\/sites\/3\/2024\/09\/Press_logo.svg\",\"contentUrl\":\"https:\/\/staging.forenteforlag.no\/forlaget\/wp-content\/uploads\/sites\/3\/2024\/09\/Press_logo.svg\",\"width\":100,\"height\":100,\"caption\":\"Forlaget Press\"},\"image\":{\"@id\":\"https:\/\/staging.forenteforlag.no\/forlaget\/#\/schema\/logo\/image\/\"},\"sameAs\":[\"https:\/\/www.facebook.com\/Forlagetpress\"]}]}<\/script>\n<!-- \/ Yoast SEO plugin. -->","yoast_head_json":{"title":"Nasjonale turistveger = Die Norwegishen Landschaftsrouten = Norwegian scenic routes - Forlaget Press","robots":{"index":"noindex","follow":"follow","max-snippet":"max-snippet:-1","max-image-preview":"max-image-preview:large","max-video-preview":"max-video-preview:-1"},"og_locale":"nb_NO","og_type":"article","og_title":"Nasjonale turistveger = Die Norwegishen Landschaftsrouten = Norwegian scenic routes - Forlaget Press","og_description":"Ny og oppdatert utgave! Nasjonale turistveger er 18 utvalgte strekninger gjennom det vakreste og mest varierte av norsk natur. Her g\u00e5r spektakul\u00e6re utsiktspunkter, nyskapende arkitektur, design og kunst sammen i en helt unik naturopplevelse. Boka byr p\u00e5 fotografier, montasjer og plantegninger fra et stort og variert knippe arkitekturinstallasjoner og kunstverk, i tillegg til kart og [&hellip;]","og_url":"https:\/\/staging.forenteforlag.no\/forlaget\/produkt\/nasjonale-turistveger-die-norwegishen-landschaftsrouten-norwegian-scenic-routes\/","og_site_name":"Forlaget Press","article_publisher":"https:\/\/www.facebook.com\/Forlagetpress","article_modified_time":"2026-03-03T17:46:33+00:00","og_image":[{"width":720,"height":570,"url":"https:\/\/staging.forenteforlag.no\/forlaget\/wp-content\/uploads\/sites\/3\/2026\/02\/9788232804450.jpg","type":"image\/jpeg"}],"twitter_card":"summary_large_image","schema":{"@context":"https:\/\/schema.org","@graph":[{"@type":"WebPage","@id":"https:\/\/staging.forenteforlag.no\/forlaget\/produkt\/nasjonale-turistveger-die-norwegishen-landschaftsrouten-norwegian-scenic-routes\/","url":"https:\/\/staging.forenteforlag.no\/forlaget\/produkt\/nasjonale-turistveger-die-norwegishen-landschaftsrouten-norwegian-scenic-routes\/","name":"Nasjonale turistveger = Die Norwegishen Landschaftsrouten = Norwegian scenic routes - Forlaget Press","isPartOf":{"@id":"https:\/\/staging.forenteforlag.no\/forlaget\/#website"},"primaryImageOfPage":{"@id":"https:\/\/staging.forenteforlag.no\/forlaget\/produkt\/nasjonale-turistveger-die-norwegishen-landschaftsrouten-norwegian-scenic-routes\/#primaryimage"},"image":{"@id":"https:\/\/staging.forenteforlag.no\/forlaget\/produkt\/nasjonale-turistveger-die-norwegishen-landschaftsrouten-norwegian-scenic-routes\/#primaryimage"},"thumbnailUrl":"https:\/\/staging.forenteforlag.no\/forlaget\/wp-content\/uploads\/sites\/3\/2026\/02\/9788232804450.jpg","datePublished":"2023-01-10T00:00:00+00:00","dateModified":"2026-03-03T17:46:33+00:00","breadcrumb":{"@id":"https:\/\/staging.forenteforlag.no\/forlaget\/produkt\/nasjonale-turistveger-die-norwegishen-landschaftsrouten-norwegian-scenic-routes\/#breadcrumb"},"inLanguage":"nb-NO","potentialAction":[{"@type":"ReadAction","target":["https:\/\/staging.forenteforlag.no\/forlaget\/produkt\/nasjonale-turistveger-die-norwegishen-landschaftsrouten-norwegian-scenic-routes\/"]}]},{"@type":"ImageObject","inLanguage":"nb-NO","@id":"https:\/\/staging.forenteforlag.no\/forlaget\/produkt\/nasjonale-turistveger-die-norwegishen-landschaftsrouten-norwegian-scenic-routes\/#primaryimage","url":"https:\/\/staging.forenteforlag.no\/forlaget\/wp-content\/uploads\/sites\/3\/2026\/02\/9788232804450.jpg","contentUrl":"https:\/\/staging.forenteforlag.no\/forlaget\/wp-content\/uploads\/sites\/3\/2026\/02\/9788232804450.jpg","width":720,"height":570},{"@type":"BreadcrumbList","@id":"https:\/\/staging.forenteforlag.no\/forlaget\/produkt\/nasjonale-turistveger-die-norwegishen-landschaftsrouten-norwegian-scenic-routes\/#breadcrumb","itemListElement":[{"@type":"ListItem","position":1,"name":"Hjem","item":"https:\/\/staging.forenteforlag.no\/forlaget\/"},{"@type":"ListItem","position":2,"name":"Alle b\u00f8ker","item":"https:\/\/staging.forenteforlag.no\/forlaget\/butikk\/"},{"@type":"ListItem","position":3,"name":"Nasjonale turistveger = Die Norwegishen Landschaftsrouten = Norwegian scenic routes"}]},{"@type":"WebSite","@id":"https:\/\/staging.forenteforlag.no\/forlaget\/#website","url":"https:\/\/staging.forenteforlag.no\/forlaget\/","name":"Forlaget Press","description":"","publisher":{"@id":"https:\/\/staging.forenteforlag.no\/forlaget\/#organization"},"potentialAction":[{"@type":"SearchAction","target":{"@type":"EntryPoint","urlTemplate":"https:\/\/staging.forenteforlag.no\/forlaget\/?s={search_term_string}"},"query-input":{"@type":"PropertyValueSpecification","valueRequired":true,"valueName":"search_term_string"}}],"inLanguage":"nb-NO"},{"@type":"Organization","@id":"https:\/\/staging.forenteforlag.no\/forlaget\/#organization","name":"Forlaget Press","url":"https:\/\/staging.forenteforlag.no\/forlaget\/","logo":{"@type":"ImageObject","inLanguage":"nb-NO","@id":"https:\/\/staging.forenteforlag.no\/forlaget\/#\/schema\/logo\/image\/","url":"https:\/\/staging.forenteforlag.no\/forlaget\/wp-content\/uploads\/sites\/3\/2024\/09\/Press_logo.svg","contentUrl":"https:\/\/staging.forenteforlag.no\/forlaget\/wp-content\/uploads\/sites\/3\/2024\/09\/Press_logo.svg","width":100,"height":100,"caption":"Forlaget Press"},"image":{"@id":"https:\/\/staging.forenteforlag.no\/forlaget\/#\/schema\/logo\/image\/"},"sameAs":["https:\/\/www.facebook.com\/Forlagetpress"]}]}},"_links":{"self":[{"href":"https:\/\/staging.forenteforlag.no\/forlaget\/wp-json\/wp\/v2\/product\/20515","targetHints":{"allow":["GET"]}}],"collection":[{"href":"https:\/\/staging.forenteforlag.no\/forlaget\/wp-json\/wp\/v2\/product"}],"about":[{"href":"https:\/\/staging.forenteforlag.no\/forlaget\/wp-json\/wp\/v2\/types\/product"}],"wp:featuredmedia":[{"embeddable":true,"href":"https:\/\/staging.forenteforlag.no\/forlaget\/wp-json\/wp\/v2\/media\/26455"}],"wp:attachment":[{"href":"https:\/\/staging.forenteforlag.no\/forlaget\/wp-json\/wp\/v2\/media?parent=20515"}],"wp:term":[{"taxonomy":"product_brand","embeddable":true,"href":"https:\/\/staging.forenteforlag.no\/forlaget\/wp-json\/wp\/v2\/product_brand?post=20515"},{"taxonomy":"product_cat","embeddable":true,"href":"https:\/\/staging.forenteforlag.no\/forlaget\/wp-json\/wp\/v2\/product_cat?post=20515"},{"taxonomy":"product_tag","embeddable":true,"href":"https:\/\/staging.forenteforlag.no\/forlaget\/wp-json\/wp\/v2\/product_tag?post=20515"}],"curies":[{"name":"wp","href":"https:\/\/api.w.org\/{rel}","templated":true}]}}