{"id":20475,"date":"2025-03-14T15:37:06","date_gmt":"2025-03-14T14:37:06","guid":{"rendered":"https:\/\/forlagetpress.forenteforlag.no\/produkt\/reisende-til-ukjente-riker\/"},"modified":"2026-03-02T17:05:20","modified_gmt":"2026-03-02T16:05:20","slug":"reisende-til-ukjente-riker","status":"publish","type":"product","link":"https:\/\/staging.forenteforlag.no\/forlaget\/produkt\/reisende-til-ukjente-riker\/","title":{"rendered":"Reisende til ukjente riker"},"content":{"rendered":"<p>Demens er den nye folkesykdommen. Men \u00e9n gruppe er fortsatt i skyggene: de p\u00e5r\u00f8rende. Hvordan forandres deres liv n\u00e5r de n\u00e6rmeste forandres? Hvordan kan de p\u00e5 best mulig m\u00e5te m\u00f8te den syke, uten \u00e5 miste seg selv?Dasha Kiper er forsker og psykolog og har behandlet b\u00e5de demenspasienter og deres p\u00e5r\u00f8rende. Samtidig har hun selv v\u00e6rt p\u00e5r\u00f8rende for demenssyke. Med Reisende til ukjente riker har hun skrevet en utfordrende, vakker og l\u00e6rerik bok om demensens virkelighet \u2013 slik den arter seg b\u00e5de for den syke og dem som er rundt. Gjennom kombinasjonen av nevrologiske innsikter og en serie gnistrende velfortalte og gripende pasienthistorier utforsker Kiper de dypt menneskelige eksistensielle dilemmaene sykdommen skaper.Reisende til ukjente riker er en enest\u00e5ende bok om sykdom, omsorg og sinnets virkem\u00e5ter, og en veiviser for de p\u00e5r\u00f8rende inn i demensens ukjente rike.<\/p>\n","protected":false},"excerpt":{"rendered":"<p>Demens er den nye folkesykdommen. Men \u00e9n gruppe er fortsatt i skyggene: de p\u00e5r\u00f8rende. Hvordan forandres deres liv n\u00e5r de n\u00e6rmeste forandres? Hvordan kan de p\u00e5 best mulig m\u00e5te m\u00f8te den syke, uten \u00e5 miste seg selv?Dasha Kiper er forsker og psykolog og har behandlet b\u00e5de demenspasienter og deres p\u00e5r\u00f8rende. Samtidig har hun selv v\u00e6rt [&hellip;]<\/p>\n","protected":false},"featured_media":26555,"template":"","meta":{"_acf_changed":false,"inline_featured_image":false},"product_brand":[],"product_cat":[1781],"product_tag":[362],"class_list":{"0":"post-20475","1":"product","2":"type-product","3":"status-publish","4":"has-post-thumbnail","6":"product_cat-rabattkodekampanje","7":"product_tag-faglitteratur","9":"first","10":"instock","11":"shipping-taxable","12":"purchasable","13":"product-type-simple"},"acf":{"anmeldelse":[{"tekst_anmeldelser":"\u00abKiper skriver med en Oliver Sacks-lignende klarhet \u2026 En klok bok, og en som er foruroligende p\u00e5 best mulig m\u00e5te.\u00bb","av_anmeldelser":"Johanne Elstad Hansen","terningkast":false,"kilde":"New Scientist"},{"tekst_anmeldelser":"\u00ab[En av] \u00e5rets beste b\u00f8ker om demens ... bruker litteratur og kunst for \u00e5 forklare det vitenskapen og medisinen, i all sin laboratorieinnpakkede velmenthet, ikke kan gj\u00f8re fullt ut.\u00bb","av_anmeldelser":"Guardian","terningkast":false,"kilde":"The New York Times"},{"tekst_anmeldelser":"\u00ab\u2026 grundig og samvittighetsfull bok [\u2026] Reisende til ukjente riker er gjennomsyret av en tr\u00f8stende form for velmenthet \u2026\u00bb","av_anmeldelser":"Johanne Elstad Hansen","terningkast":false,"kilde":"Morgenbladet"},{"tekst_anmeldelser":"\u00abSkrevet med en eksepsjonell medf\u00f8lelse ... denne boken er um\u00e5telig verdifull.\u00bb","av_anmeldelser":"New Scientist","terningkast":false,"kilde":"Guardian"}]},"yoast_head":"<!-- This site is optimized with the Yoast SEO plugin v26.6 - https:\/\/yoast.com\/wordpress\/plugins\/seo\/ -->\n<title>Reisende til ukjente riker - Forlaget Press<\/title>\n<meta name=\"robots\" content=\"noindex, follow, max-snippet:-1, max-image-preview:large, max-video-preview:-1\" \/>\n<meta property=\"og:locale\" content=\"nb_NO\" \/>\n<meta property=\"og:type\" content=\"article\" \/>\n<meta property=\"og:title\" content=\"Reisende til ukjente riker - Forlaget Press\" \/>\n<meta property=\"og:description\" content=\"Demens er den nye folkesykdommen. Men \u00e9n gruppe er fortsatt i skyggene: de p\u00e5r\u00f8rende. Hvordan forandres deres liv n\u00e5r de n\u00e6rmeste forandres? Hvordan kan de p\u00e5 best mulig m\u00e5te m\u00f8te den syke, uten \u00e5 miste seg selv?Dasha Kiper er forsker og psykolog og har behandlet b\u00e5de demenspasienter og deres p\u00e5r\u00f8rende. Samtidig har hun selv v\u00e6rt [&hellip;]\" \/>\n<meta property=\"og:url\" content=\"https:\/\/staging.forenteforlag.no\/forlaget\/produkt\/reisende-til-ukjente-riker\/\" \/>\n<meta property=\"og:site_name\" content=\"Forlaget Press\" \/>\n<meta property=\"article:publisher\" content=\"https:\/\/www.facebook.com\/Forlagetpress\" \/>\n<meta property=\"article:modified_time\" content=\"2026-03-02T16:05:20+00:00\" \/>\n<meta property=\"og:image\" content=\"https:\/\/staging.forenteforlag.no\/forlaget\/wp-content\/uploads\/sites\/3\/2026\/02\/9788232806119.jpg\" \/>\n\t<meta property=\"og:image:width\" content=\"720\" \/>\n\t<meta property=\"og:image:height\" content=\"1053\" \/>\n\t<meta property=\"og:image:type\" content=\"image\/jpeg\" \/>\n<meta name=\"twitter:card\" content=\"summary_large_image\" \/>\n<meta name=\"twitter:label1\" content=\"Ansl. lesetid\" \/>\n\t<meta name=\"twitter:data1\" content=\"2 minutter\" \/>\n<script type=\"application\/ld+json\" class=\"yoast-schema-graph\">{\"@context\":\"https:\/\/schema.org\",\"@graph\":[{\"@type\":\"WebPage\",\"@id\":\"https:\/\/staging.forenteforlag.no\/forlaget\/produkt\/reisende-til-ukjente-riker\/\",\"url\":\"https:\/\/staging.forenteforlag.no\/forlaget\/produkt\/reisende-til-ukjente-riker\/\",\"name\":\"Reisende til ukjente riker - Forlaget Press\",\"isPartOf\":{\"@id\":\"https:\/\/staging.forenteforlag.no\/forlaget\/#website\"},\"primaryImageOfPage\":{\"@id\":\"https:\/\/staging.forenteforlag.no\/forlaget\/produkt\/reisende-til-ukjente-riker\/#primaryimage\"},\"image\":{\"@id\":\"https:\/\/staging.forenteforlag.no\/forlaget\/produkt\/reisende-til-ukjente-riker\/#primaryimage\"},\"thumbnailUrl\":\"https:\/\/staging.forenteforlag.no\/forlaget\/wp-content\/uploads\/sites\/3\/2026\/02\/9788232806119.jpg\",\"datePublished\":\"2025-03-14T14:37:06+00:00\",\"dateModified\":\"2026-03-02T16:05:20+00:00\",\"breadcrumb\":{\"@id\":\"https:\/\/staging.forenteforlag.no\/forlaget\/produkt\/reisende-til-ukjente-riker\/#breadcrumb\"},\"inLanguage\":\"nb-NO\",\"potentialAction\":[{\"@type\":\"ReadAction\",\"target\":[\"https:\/\/staging.forenteforlag.no\/forlaget\/produkt\/reisende-til-ukjente-riker\/\"]}]},{\"@type\":\"ImageObject\",\"inLanguage\":\"nb-NO\",\"@id\":\"https:\/\/staging.forenteforlag.no\/forlaget\/produkt\/reisende-til-ukjente-riker\/#primaryimage\",\"url\":\"https:\/\/staging.forenteforlag.no\/forlaget\/wp-content\/uploads\/sites\/3\/2026\/02\/9788232806119.jpg\",\"contentUrl\":\"https:\/\/staging.forenteforlag.no\/forlaget\/wp-content\/uploads\/sites\/3\/2026\/02\/9788232806119.jpg\",\"width\":720,\"height\":1053},{\"@type\":\"BreadcrumbList\",\"@id\":\"https:\/\/staging.forenteforlag.no\/forlaget\/produkt\/reisende-til-ukjente-riker\/#breadcrumb\",\"itemListElement\":[{\"@type\":\"ListItem\",\"position\":1,\"name\":\"Hjem\",\"item\":\"https:\/\/staging.forenteforlag.no\/forlaget\/\"},{\"@type\":\"ListItem\",\"position\":2,\"name\":\"Alle b\u00f8ker\",\"item\":\"https:\/\/staging.forenteforlag.no\/forlaget\/butikk\/\"},{\"@type\":\"ListItem\",\"position\":3,\"name\":\"Reisende til ukjente riker\"}]},{\"@type\":\"WebSite\",\"@id\":\"https:\/\/staging.forenteforlag.no\/forlaget\/#website\",\"url\":\"https:\/\/staging.forenteforlag.no\/forlaget\/\",\"name\":\"Forlaget Press\",\"description\":\"\",\"publisher\":{\"@id\":\"https:\/\/staging.forenteforlag.no\/forlaget\/#organization\"},\"potentialAction\":[{\"@type\":\"SearchAction\",\"target\":{\"@type\":\"EntryPoint\",\"urlTemplate\":\"https:\/\/staging.forenteforlag.no\/forlaget\/?s={search_term_string}\"},\"query-input\":{\"@type\":\"PropertyValueSpecification\",\"valueRequired\":true,\"valueName\":\"search_term_string\"}}],\"inLanguage\":\"nb-NO\"},{\"@type\":\"Organization\",\"@id\":\"https:\/\/staging.forenteforlag.no\/forlaget\/#organization\",\"name\":\"Forlaget Press\",\"url\":\"https:\/\/staging.forenteforlag.no\/forlaget\/\",\"logo\":{\"@type\":\"ImageObject\",\"inLanguage\":\"nb-NO\",\"@id\":\"https:\/\/staging.forenteforlag.no\/forlaget\/#\/schema\/logo\/image\/\",\"url\":\"https:\/\/staging.forenteforlag.no\/forlaget\/wp-content\/uploads\/sites\/3\/2024\/09\/Press_logo.svg\",\"contentUrl\":\"https:\/\/staging.forenteforlag.no\/forlaget\/wp-content\/uploads\/sites\/3\/2024\/09\/Press_logo.svg\",\"width\":100,\"height\":100,\"caption\":\"Forlaget Press\"},\"image\":{\"@id\":\"https:\/\/staging.forenteforlag.no\/forlaget\/#\/schema\/logo\/image\/\"},\"sameAs\":[\"https:\/\/www.facebook.com\/Forlagetpress\"]}]}<\/script>\n<!-- \/ Yoast SEO plugin. -->","yoast_head_json":{"title":"Reisende til ukjente riker - Forlaget Press","robots":{"index":"noindex","follow":"follow","max-snippet":"max-snippet:-1","max-image-preview":"max-image-preview:large","max-video-preview":"max-video-preview:-1"},"og_locale":"nb_NO","og_type":"article","og_title":"Reisende til ukjente riker - Forlaget Press","og_description":"Demens er den nye folkesykdommen. Men \u00e9n gruppe er fortsatt i skyggene: de p\u00e5r\u00f8rende. Hvordan forandres deres liv n\u00e5r de n\u00e6rmeste forandres? Hvordan kan de p\u00e5 best mulig m\u00e5te m\u00f8te den syke, uten \u00e5 miste seg selv?Dasha Kiper er forsker og psykolog og har behandlet b\u00e5de demenspasienter og deres p\u00e5r\u00f8rende. Samtidig har hun selv v\u00e6rt [&hellip;]","og_url":"https:\/\/staging.forenteforlag.no\/forlaget\/produkt\/reisende-til-ukjente-riker\/","og_site_name":"Forlaget Press","article_publisher":"https:\/\/www.facebook.com\/Forlagetpress","article_modified_time":"2026-03-02T16:05:20+00:00","og_image":[{"width":720,"height":1053,"url":"https:\/\/staging.forenteforlag.no\/forlaget\/wp-content\/uploads\/sites\/3\/2026\/02\/9788232806119.jpg","type":"image\/jpeg"}],"twitter_card":"summary_large_image","twitter_misc":{"Ansl. lesetid":"2 minutter"},"schema":{"@context":"https:\/\/schema.org","@graph":[{"@type":"WebPage","@id":"https:\/\/staging.forenteforlag.no\/forlaget\/produkt\/reisende-til-ukjente-riker\/","url":"https:\/\/staging.forenteforlag.no\/forlaget\/produkt\/reisende-til-ukjente-riker\/","name":"Reisende til ukjente riker - Forlaget Press","isPartOf":{"@id":"https:\/\/staging.forenteforlag.no\/forlaget\/#website"},"primaryImageOfPage":{"@id":"https:\/\/staging.forenteforlag.no\/forlaget\/produkt\/reisende-til-ukjente-riker\/#primaryimage"},"image":{"@id":"https:\/\/staging.forenteforlag.no\/forlaget\/produkt\/reisende-til-ukjente-riker\/#primaryimage"},"thumbnailUrl":"https:\/\/staging.forenteforlag.no\/forlaget\/wp-content\/uploads\/sites\/3\/2026\/02\/9788232806119.jpg","datePublished":"2025-03-14T14:37:06+00:00","dateModified":"2026-03-02T16:05:20+00:00","breadcrumb":{"@id":"https:\/\/staging.forenteforlag.no\/forlaget\/produkt\/reisende-til-ukjente-riker\/#breadcrumb"},"inLanguage":"nb-NO","potentialAction":[{"@type":"ReadAction","target":["https:\/\/staging.forenteforlag.no\/forlaget\/produkt\/reisende-til-ukjente-riker\/"]}]},{"@type":"ImageObject","inLanguage":"nb-NO","@id":"https:\/\/staging.forenteforlag.no\/forlaget\/produkt\/reisende-til-ukjente-riker\/#primaryimage","url":"https:\/\/staging.forenteforlag.no\/forlaget\/wp-content\/uploads\/sites\/3\/2026\/02\/9788232806119.jpg","contentUrl":"https:\/\/staging.forenteforlag.no\/forlaget\/wp-content\/uploads\/sites\/3\/2026\/02\/9788232806119.jpg","width":720,"height":1053},{"@type":"BreadcrumbList","@id":"https:\/\/staging.forenteforlag.no\/forlaget\/produkt\/reisende-til-ukjente-riker\/#breadcrumb","itemListElement":[{"@type":"ListItem","position":1,"name":"Hjem","item":"https:\/\/staging.forenteforlag.no\/forlaget\/"},{"@type":"ListItem","position":2,"name":"Alle b\u00f8ker","item":"https:\/\/staging.forenteforlag.no\/forlaget\/butikk\/"},{"@type":"ListItem","position":3,"name":"Reisende til ukjente riker"}]},{"@type":"WebSite","@id":"https:\/\/staging.forenteforlag.no\/forlaget\/#website","url":"https:\/\/staging.forenteforlag.no\/forlaget\/","name":"Forlaget Press","description":"","publisher":{"@id":"https:\/\/staging.forenteforlag.no\/forlaget\/#organization"},"potentialAction":[{"@type":"SearchAction","target":{"@type":"EntryPoint","urlTemplate":"https:\/\/staging.forenteforlag.no\/forlaget\/?s={search_term_string}"},"query-input":{"@type":"PropertyValueSpecification","valueRequired":true,"valueName":"search_term_string"}}],"inLanguage":"nb-NO"},{"@type":"Organization","@id":"https:\/\/staging.forenteforlag.no\/forlaget\/#organization","name":"Forlaget Press","url":"https:\/\/staging.forenteforlag.no\/forlaget\/","logo":{"@type":"ImageObject","inLanguage":"nb-NO","@id":"https:\/\/staging.forenteforlag.no\/forlaget\/#\/schema\/logo\/image\/","url":"https:\/\/staging.forenteforlag.no\/forlaget\/wp-content\/uploads\/sites\/3\/2024\/09\/Press_logo.svg","contentUrl":"https:\/\/staging.forenteforlag.no\/forlaget\/wp-content\/uploads\/sites\/3\/2024\/09\/Press_logo.svg","width":100,"height":100,"caption":"Forlaget Press"},"image":{"@id":"https:\/\/staging.forenteforlag.no\/forlaget\/#\/schema\/logo\/image\/"},"sameAs":["https:\/\/www.facebook.com\/Forlagetpress"]}]}},"_links":{"self":[{"href":"https:\/\/staging.forenteforlag.no\/forlaget\/wp-json\/wp\/v2\/product\/20475","targetHints":{"allow":["GET"]}}],"collection":[{"href":"https:\/\/staging.forenteforlag.no\/forlaget\/wp-json\/wp\/v2\/product"}],"about":[{"href":"https:\/\/staging.forenteforlag.no\/forlaget\/wp-json\/wp\/v2\/types\/product"}],"wp:featuredmedia":[{"embeddable":true,"href":"https:\/\/staging.forenteforlag.no\/forlaget\/wp-json\/wp\/v2\/media\/26555"}],"wp:attachment":[{"href":"https:\/\/staging.forenteforlag.no\/forlaget\/wp-json\/wp\/v2\/media?parent=20475"}],"wp:term":[{"taxonomy":"product_brand","embeddable":true,"href":"https:\/\/staging.forenteforlag.no\/forlaget\/wp-json\/wp\/v2\/product_brand?post=20475"},{"taxonomy":"product_cat","embeddable":true,"href":"https:\/\/staging.forenteforlag.no\/forlaget\/wp-json\/wp\/v2\/product_cat?post=20475"},{"taxonomy":"product_tag","embeddable":true,"href":"https:\/\/staging.forenteforlag.no\/forlaget\/wp-json\/wp\/v2\/product_tag?post=20475"}],"curies":[{"name":"wp","href":"https:\/\/api.w.org\/{rel}","templated":true}]}}