{"id":20440,"date":"2023-03-14T01:00:00","date_gmt":"2023-03-14T00:00:00","guid":{"rendered":"https:\/\/forlagetpress.forenteforlag.no\/produkt\/moria\/"},"modified":"2026-03-04T13:58:38","modified_gmt":"2026-03-04T12:58:38","slug":"moria","status":"publish","type":"product","link":"https:\/\/staging.forenteforlag.no\/forlaget\/produkt\/moria\/","title":{"rendered":"Moria"},"content":{"rendered":"<p>I 2015 kollapset flyktningapparatet i Europa. Moria, p\u00e5 den greske \u00f8ya Lesvos, ble raskt selve symbolet p\u00e5 krisen i den moderne europeiske flyktningpolitikken. P\u00e5 det meste har leiren, opprinnelig bygd for 3000, huset over 20.000 mennesker som har levd under katastrofale forhold, psykisk og fysisk. Siden er politikken blitt stadig strengere, leiren mer lukket &#8211; og fremtiden til menneskene som s\u00f8ker trygghet i Europa, mer usikker enn noen gang. Moria har v\u00e6rt mye i det norske nyhetsbildet gjennom \u00e5rene, men pressedekningen har v\u00e6rt fragmentert. Ved \u00e5 ta oss med innenfor gjerdene i leiren og vise hvordan hverdagen der har sett ut over tid, forteller Katrin Glatz Brubakk og Guro Kulset Meraker\u00e5s for f\u00f8rste gang hele historien om Moria. I en egen fotodel ser vi utvalgte \u00f8yeblikk gjennom fotograf Knut Brys blikk. . Boka lar oss m\u00f8te mennesker som psykolog Katrin Glatz Brubakk har blitt kjent med gjennom tolv opphold som frivillig og profesjonell hjelpearbeider, og vi f\u00f8lger deres kamp for \u00e5 holde ut livet i Moria. Samtidig tar forfatterne et skritt tilbake og l\u00f8fter psykologiske, politiske og historiske perspektiv som setter enkelthistoriene og leiren i en st\u00f8rre sammenheng. De dr\u00f8fter ogs\u00e5 hva situasjonen p\u00e5 Lesvos kan si oss om utviklingen av den internasjonale flyktningpolitikken i dag. . Moria. P\u00e5 innsiden av Europas st\u00f8rste flyktningleir er en usedvanlig rik og innsiktsfull fremstilling av et av de viktigste og mest dramatiske kapitlene i den europeiske samtidshistorien &#8211; og en kraftfull utfordring av norsk offentlighet.<\/p>\n<p>Ved \u00e5 kj\u00f8pe boka st\u00f8tter du Leger Uten Grenser. Forfatterne gir sine salgsinntekter uavkortet til organisasjonens humanit\u00e6re arbeid.<\/p>\n<p>Vinner av NTNUs litteraturpris 2024<\/p>\n","protected":false},"excerpt":{"rendered":"<p>I 2015 kollapset flyktningapparatet i Europa. Moria, p\u00e5 den greske \u00f8ya Lesvos, ble raskt selve symbolet p\u00e5 krisen i den moderne europeiske flyktningpolitikken. P\u00e5 det meste har leiren, opprinnelig bygd for 3000, huset over 20.000 mennesker som har levd under katastrofale forhold, psykisk og fysisk. Siden er politikken blitt stadig strengere, leiren mer lukket &#8211; [&hellip;]<\/p>\n","protected":false},"featured_media":26511,"template":"","meta":{"_acf_changed":false,"inline_featured_image":false},"product_brand":[],"product_cat":[1781],"product_tag":[362,584,559,656,522],"class_list":{"0":"post-20440","1":"product","2":"type-product","3":"status-publish","4":"has-post-thumbnail","6":"product_cat-rabattkodekampanje","7":"product_tag-faglitteratur","8":"product_tag-flyktninger","9":"product_tag-hellas","10":"product_tag-krisepsykiatri","11":"product_tag-traumer","13":"first","14":"instock","15":"shipping-taxable","16":"purchasable","17":"product-type-simple"},"acf":{"anmeldelse":[{"tekst_anmeldelser":"\u00abEn sterk bok og en sympatisk bok, et humanistisk prosjekt som henter frem igjen bevisstheten om alle flyktningene og migrantene som strandet i Hellas.\u00bb","av_anmeldelser":"Grethe Brochmann","terningkast":false,"kilde":"Morgenbladet"},{"tekst_anmeldelser":"\u00abRystende godt fra et ferieparadis i helvete. Saklig, usentimental, velskrevet og sv\u00e6rt kunnskapsrik formidling. [...] Likevel leser du med gr\u00e5ten i halsen.\u00bb","av_anmeldelser":"Fartein Horgar","terningkast":"<i class=\"fa-solid fa-dice-six\"><\/i>","kilde":"Adresseavisen"},{"tekst_anmeldelser":"\u00abI Transit Magasin bruker vi ikke terningkast, men om vi hadde gjort det ville vi m\u00e5ttet finne frem en ekstra prikk p\u00e5 terningen for denne boken. [...] Boken om Moria er kraftfull uten \u00e5 noen gang bli klisj\u00e9full. Dette er et sterkt blikk p\u00e5 en stygg virkelighet. Jeg h\u00e5per den blir en del av v\u00e5r felles historie om Europas kollektive svik.\u00bb","av_anmeldelser":"Kristina Quintano","terningkast":false,"kilde":"Transit Magasin"},{"tekst_anmeldelser":"\u00abM\u00f8tet med enkeltskjebner er sterk lesing og holder meg fanget gjennom hele boka. Samtidig tar forfatteren i hvert kapittel et skritt tilbake og l\u00f8fter psykologiske, politiske og historiske perspektiv som setter de enkelte historiene og leiren inn i en st\u00f8rre sammenheng. Det er en styrke. Det gj\u00f8r at vi f\u00e5r en fin balanse mellom personlige f\u00f8lelser og en mer analytisk holdning, og jeg l\u00e6rte mye om psykologi og europeisk samtidshistorie underveis.\u00bb","av_anmeldelser":"Andrew Kroglund","terningkast":false,"kilde":"V\u00e5rt Land"},{"tekst_anmeldelser":"\u00abEt vitnesbyrd av stor verdi. Boka er stramt bygget opp, godt skrevet og gir et unikt innblikk i de menneskelige konsekvensene av krig og politisk lammelse. Portretter av menneskene i leiren [...] blir st\u00e5ende igjen \u00e5 dirre i leseren.\u00bb","av_anmeldelser":"Line Madsen Simenstad","terningkast":false,"kilde":"Klassekampen"},{"tekst_anmeldelser":"\u00ab Innimellom har psykologen Brubakk lagt inn fleire faglege kapittel om kva ei flyktningkrise gjer med menneske \u2013b\u00e5de flyktningane sj\u00f8lve og oss som st\u00e5r utanfor og ser p\u00e5. Dette er noko av det mest verdifulle og tankevekkande i boka.\u00bb","av_anmeldelser":"Tom Hetland","terningkast":"<i class=\"fa-solid fa-dice-five\"><\/i>","kilde":"Stavanger Aftenblad"}]},"yoast_head":"<!-- This site is optimized with the Yoast SEO plugin v26.6 - https:\/\/yoast.com\/wordpress\/plugins\/seo\/ -->\n<title>Moria - Forlaget Press<\/title>\n<meta name=\"robots\" content=\"noindex, follow, max-snippet:-1, max-image-preview:large, max-video-preview:-1\" \/>\n<meta property=\"og:locale\" content=\"nb_NO\" \/>\n<meta property=\"og:type\" content=\"article\" \/>\n<meta property=\"og:title\" content=\"Moria - Forlaget Press\" \/>\n<meta property=\"og:description\" content=\"I 2015 kollapset flyktningapparatet i Europa. Moria, p\u00e5 den greske \u00f8ya Lesvos, ble raskt selve symbolet p\u00e5 krisen i den moderne europeiske flyktningpolitikken. P\u00e5 det meste har leiren, opprinnelig bygd for 3000, huset over 20.000 mennesker som har levd under katastrofale forhold, psykisk og fysisk. Siden er politikken blitt stadig strengere, leiren mer lukket &#8211; [&hellip;]\" \/>\n<meta property=\"og:url\" content=\"https:\/\/staging.forenteforlag.no\/forlaget\/produkt\/moria\/\" \/>\n<meta property=\"og:site_name\" content=\"Forlaget Press\" \/>\n<meta property=\"article:publisher\" content=\"https:\/\/www.facebook.com\/Forlagetpress\" \/>\n<meta property=\"article:modified_time\" content=\"2026-03-04T12:58:38+00:00\" \/>\n<meta property=\"og:image\" content=\"https:\/\/staging.forenteforlag.no\/forlaget\/wp-content\/uploads\/sites\/3\/2026\/02\/9788232805327.jpg\" \/>\n\t<meta property=\"og:image:width\" content=\"720\" \/>\n\t<meta property=\"og:image:height\" content=\"1009\" \/>\n\t<meta property=\"og:image:type\" content=\"image\/jpeg\" \/>\n<meta name=\"twitter:card\" content=\"summary_large_image\" \/>\n<meta name=\"twitter:label1\" content=\"Ansl. lesetid\" \/>\n\t<meta name=\"twitter:data1\" content=\"1 minutt\" \/>\n<script type=\"application\/ld+json\" class=\"yoast-schema-graph\">{\"@context\":\"https:\/\/schema.org\",\"@graph\":[{\"@type\":\"WebPage\",\"@id\":\"https:\/\/staging.forenteforlag.no\/forlaget\/produkt\/moria\/\",\"url\":\"https:\/\/staging.forenteforlag.no\/forlaget\/produkt\/moria\/\",\"name\":\"Moria - Forlaget Press\",\"isPartOf\":{\"@id\":\"https:\/\/staging.forenteforlag.no\/forlaget\/#website\"},\"primaryImageOfPage\":{\"@id\":\"https:\/\/staging.forenteforlag.no\/forlaget\/produkt\/moria\/#primaryimage\"},\"image\":{\"@id\":\"https:\/\/staging.forenteforlag.no\/forlaget\/produkt\/moria\/#primaryimage\"},\"thumbnailUrl\":\"https:\/\/staging.forenteforlag.no\/forlaget\/wp-content\/uploads\/sites\/3\/2026\/02\/9788232805327.jpg\",\"datePublished\":\"2023-03-14T00:00:00+00:00\",\"dateModified\":\"2026-03-04T12:58:38+00:00\",\"breadcrumb\":{\"@id\":\"https:\/\/staging.forenteforlag.no\/forlaget\/produkt\/moria\/#breadcrumb\"},\"inLanguage\":\"nb-NO\",\"potentialAction\":[{\"@type\":\"ReadAction\",\"target\":[\"https:\/\/staging.forenteforlag.no\/forlaget\/produkt\/moria\/\"]}]},{\"@type\":\"ImageObject\",\"inLanguage\":\"nb-NO\",\"@id\":\"https:\/\/staging.forenteforlag.no\/forlaget\/produkt\/moria\/#primaryimage\",\"url\":\"https:\/\/staging.forenteforlag.no\/forlaget\/wp-content\/uploads\/sites\/3\/2026\/02\/9788232805327.jpg\",\"contentUrl\":\"https:\/\/staging.forenteforlag.no\/forlaget\/wp-content\/uploads\/sites\/3\/2026\/02\/9788232805327.jpg\",\"width\":720,\"height\":1009},{\"@type\":\"BreadcrumbList\",\"@id\":\"https:\/\/staging.forenteforlag.no\/forlaget\/produkt\/moria\/#breadcrumb\",\"itemListElement\":[{\"@type\":\"ListItem\",\"position\":1,\"name\":\"Hjem\",\"item\":\"https:\/\/staging.forenteforlag.no\/forlaget\/\"},{\"@type\":\"ListItem\",\"position\":2,\"name\":\"Alle b\u00f8ker\",\"item\":\"https:\/\/staging.forenteforlag.no\/forlaget\/butikk\/\"},{\"@type\":\"ListItem\",\"position\":3,\"name\":\"Moria\"}]},{\"@type\":\"WebSite\",\"@id\":\"https:\/\/staging.forenteforlag.no\/forlaget\/#website\",\"url\":\"https:\/\/staging.forenteforlag.no\/forlaget\/\",\"name\":\"Forlaget Press\",\"description\":\"\",\"publisher\":{\"@id\":\"https:\/\/staging.forenteforlag.no\/forlaget\/#organization\"},\"potentialAction\":[{\"@type\":\"SearchAction\",\"target\":{\"@type\":\"EntryPoint\",\"urlTemplate\":\"https:\/\/staging.forenteforlag.no\/forlaget\/?s={search_term_string}\"},\"query-input\":{\"@type\":\"PropertyValueSpecification\",\"valueRequired\":true,\"valueName\":\"search_term_string\"}}],\"inLanguage\":\"nb-NO\"},{\"@type\":\"Organization\",\"@id\":\"https:\/\/staging.forenteforlag.no\/forlaget\/#organization\",\"name\":\"Forlaget Press\",\"url\":\"https:\/\/staging.forenteforlag.no\/forlaget\/\",\"logo\":{\"@type\":\"ImageObject\",\"inLanguage\":\"nb-NO\",\"@id\":\"https:\/\/staging.forenteforlag.no\/forlaget\/#\/schema\/logo\/image\/\",\"url\":\"https:\/\/staging.forenteforlag.no\/forlaget\/wp-content\/uploads\/sites\/3\/2024\/09\/Press_logo.svg\",\"contentUrl\":\"https:\/\/staging.forenteforlag.no\/forlaget\/wp-content\/uploads\/sites\/3\/2024\/09\/Press_logo.svg\",\"width\":100,\"height\":100,\"caption\":\"Forlaget Press\"},\"image\":{\"@id\":\"https:\/\/staging.forenteforlag.no\/forlaget\/#\/schema\/logo\/image\/\"},\"sameAs\":[\"https:\/\/www.facebook.com\/Forlagetpress\"]}]}<\/script>\n<!-- \/ Yoast SEO plugin. -->","yoast_head_json":{"title":"Moria - Forlaget Press","robots":{"index":"noindex","follow":"follow","max-snippet":"max-snippet:-1","max-image-preview":"max-image-preview:large","max-video-preview":"max-video-preview:-1"},"og_locale":"nb_NO","og_type":"article","og_title":"Moria - Forlaget Press","og_description":"I 2015 kollapset flyktningapparatet i Europa. Moria, p\u00e5 den greske \u00f8ya Lesvos, ble raskt selve symbolet p\u00e5 krisen i den moderne europeiske flyktningpolitikken. P\u00e5 det meste har leiren, opprinnelig bygd for 3000, huset over 20.000 mennesker som har levd under katastrofale forhold, psykisk og fysisk. Siden er politikken blitt stadig strengere, leiren mer lukket &#8211; [&hellip;]","og_url":"https:\/\/staging.forenteforlag.no\/forlaget\/produkt\/moria\/","og_site_name":"Forlaget Press","article_publisher":"https:\/\/www.facebook.com\/Forlagetpress","article_modified_time":"2026-03-04T12:58:38+00:00","og_image":[{"width":720,"height":1009,"url":"https:\/\/staging.forenteforlag.no\/forlaget\/wp-content\/uploads\/sites\/3\/2026\/02\/9788232805327.jpg","type":"image\/jpeg"}],"twitter_card":"summary_large_image","twitter_misc":{"Ansl. lesetid":"1 minutt"},"schema":{"@context":"https:\/\/schema.org","@graph":[{"@type":"WebPage","@id":"https:\/\/staging.forenteforlag.no\/forlaget\/produkt\/moria\/","url":"https:\/\/staging.forenteforlag.no\/forlaget\/produkt\/moria\/","name":"Moria - Forlaget Press","isPartOf":{"@id":"https:\/\/staging.forenteforlag.no\/forlaget\/#website"},"primaryImageOfPage":{"@id":"https:\/\/staging.forenteforlag.no\/forlaget\/produkt\/moria\/#primaryimage"},"image":{"@id":"https:\/\/staging.forenteforlag.no\/forlaget\/produkt\/moria\/#primaryimage"},"thumbnailUrl":"https:\/\/staging.forenteforlag.no\/forlaget\/wp-content\/uploads\/sites\/3\/2026\/02\/9788232805327.jpg","datePublished":"2023-03-14T00:00:00+00:00","dateModified":"2026-03-04T12:58:38+00:00","breadcrumb":{"@id":"https:\/\/staging.forenteforlag.no\/forlaget\/produkt\/moria\/#breadcrumb"},"inLanguage":"nb-NO","potentialAction":[{"@type":"ReadAction","target":["https:\/\/staging.forenteforlag.no\/forlaget\/produkt\/moria\/"]}]},{"@type":"ImageObject","inLanguage":"nb-NO","@id":"https:\/\/staging.forenteforlag.no\/forlaget\/produkt\/moria\/#primaryimage","url":"https:\/\/staging.forenteforlag.no\/forlaget\/wp-content\/uploads\/sites\/3\/2026\/02\/9788232805327.jpg","contentUrl":"https:\/\/staging.forenteforlag.no\/forlaget\/wp-content\/uploads\/sites\/3\/2026\/02\/9788232805327.jpg","width":720,"height":1009},{"@type":"BreadcrumbList","@id":"https:\/\/staging.forenteforlag.no\/forlaget\/produkt\/moria\/#breadcrumb","itemListElement":[{"@type":"ListItem","position":1,"name":"Hjem","item":"https:\/\/staging.forenteforlag.no\/forlaget\/"},{"@type":"ListItem","position":2,"name":"Alle b\u00f8ker","item":"https:\/\/staging.forenteforlag.no\/forlaget\/butikk\/"},{"@type":"ListItem","position":3,"name":"Moria"}]},{"@type":"WebSite","@id":"https:\/\/staging.forenteforlag.no\/forlaget\/#website","url":"https:\/\/staging.forenteforlag.no\/forlaget\/","name":"Forlaget Press","description":"","publisher":{"@id":"https:\/\/staging.forenteforlag.no\/forlaget\/#organization"},"potentialAction":[{"@type":"SearchAction","target":{"@type":"EntryPoint","urlTemplate":"https:\/\/staging.forenteforlag.no\/forlaget\/?s={search_term_string}"},"query-input":{"@type":"PropertyValueSpecification","valueRequired":true,"valueName":"search_term_string"}}],"inLanguage":"nb-NO"},{"@type":"Organization","@id":"https:\/\/staging.forenteforlag.no\/forlaget\/#organization","name":"Forlaget Press","url":"https:\/\/staging.forenteforlag.no\/forlaget\/","logo":{"@type":"ImageObject","inLanguage":"nb-NO","@id":"https:\/\/staging.forenteforlag.no\/forlaget\/#\/schema\/logo\/image\/","url":"https:\/\/staging.forenteforlag.no\/forlaget\/wp-content\/uploads\/sites\/3\/2024\/09\/Press_logo.svg","contentUrl":"https:\/\/staging.forenteforlag.no\/forlaget\/wp-content\/uploads\/sites\/3\/2024\/09\/Press_logo.svg","width":100,"height":100,"caption":"Forlaget Press"},"image":{"@id":"https:\/\/staging.forenteforlag.no\/forlaget\/#\/schema\/logo\/image\/"},"sameAs":["https:\/\/www.facebook.com\/Forlagetpress"]}]}},"_links":{"self":[{"href":"https:\/\/staging.forenteforlag.no\/forlaget\/wp-json\/wp\/v2\/product\/20440","targetHints":{"allow":["GET"]}}],"collection":[{"href":"https:\/\/staging.forenteforlag.no\/forlaget\/wp-json\/wp\/v2\/product"}],"about":[{"href":"https:\/\/staging.forenteforlag.no\/forlaget\/wp-json\/wp\/v2\/types\/product"}],"wp:featuredmedia":[{"embeddable":true,"href":"https:\/\/staging.forenteforlag.no\/forlaget\/wp-json\/wp\/v2\/media\/26511"}],"wp:attachment":[{"href":"https:\/\/staging.forenteforlag.no\/forlaget\/wp-json\/wp\/v2\/media?parent=20440"}],"wp:term":[{"taxonomy":"product_brand","embeddable":true,"href":"https:\/\/staging.forenteforlag.no\/forlaget\/wp-json\/wp\/v2\/product_brand?post=20440"},{"taxonomy":"product_cat","embeddable":true,"href":"https:\/\/staging.forenteforlag.no\/forlaget\/wp-json\/wp\/v2\/product_cat?post=20440"},{"taxonomy":"product_tag","embeddable":true,"href":"https:\/\/staging.forenteforlag.no\/forlaget\/wp-json\/wp\/v2\/product_tag?post=20440"}],"curies":[{"name":"wp","href":"https:\/\/api.w.org\/{rel}","templated":true}]}}