{"id":20413,"date":"2023-09-12T02:00:00","date_gmt":"2023-09-12T00:00:00","guid":{"rendered":"https:\/\/forlagetpress.forenteforlag.no\/produkt\/inn-i-kunsten\/"},"modified":"2026-03-04T13:59:46","modified_gmt":"2026-03-04T12:59:46","slug":"inn-i-kunsten","status":"publish","type":"product","link":"https:\/\/staging.forenteforlag.no\/forlaget\/produkt\/inn-i-kunsten\/","title":{"rendered":"Inn i kunsten"},"content":{"rendered":"<p>Utgangspunktet for denne boka er en brevkorrespondanse mellom Mathilde Fasting og Kjell Torriset, en dialog i brevs form som etter hvert vokste til et st\u00f8rre materiale. Det er med andre ord brevskrivernes nysgjerrighet til \u00e5 utforske kunsten som satte i gang prosjektet. Dette er derfor ikke en kunstbok som omtaler Torrisets kunst, men en personlig dialog om kunst og om v\u00e5r samtid og kunstforst\u00e5else, med utgangspunkt i Torrisets og Fastings samtaler og personlige betraktninger.&nbsp;<br \/>&nbsp;<br \/>Inn i kunsten er med andre ord verken en \u00abartist book\u00bb, kunstbok eller kunstkatalog etter normale begreper. I de fleste kunstb\u00f8ker vil man m\u00f8te en kunstner som lager kunsten, en forfatter eller kunsthistoriker som skriver om kunsten, og til sist en formgiver som setter det hele sammen mellom to permer. I dette prosjektet er alt dette n\u00e6rmest kastet rundt p\u00e5: her har en formmessig id\u00e9 like stor betydning for innholdet som en tegning eller et tekstlig motiv har det.&nbsp;&nbsp;<br \/>&nbsp;<br \/>Mathilde Fasting er id\u00e9historiker, og sentralt for Kjell Torriset st\u00e5r nettopp id\u00e9historie, kunsthistorie, arkitektur, mennesker, Europas museer, og ikke minst, litteratur. \u00c5 dykke inn i Kjell Torrisets kunst er synonymt med \u00e5 g\u00e5 inn i europeisk kultur fra mange ulike vinkler, i et fors\u00f8k p\u00e5 \u00e5 forst\u00e5 hvordan kunst oppst\u00e5r og bringes videre gjennom historien.&nbsp;&nbsp;<br \/>&nbsp;<br \/>Dette er en bok for alle som interesserer seg for kunst, og den kan ogs\u00e5 sies \u00e5 v\u00e6re et konkret svar p\u00e5 en oppfordring \u00c5smund Thorkildsen kom med i \u00e5pningstalen til utstillingen Second Nature i 1999, p\u00e5 Astrup Fearnley: \u00abJeg ville ikke ha noe imot en grundigere unders\u00f8kelse av Torrisets informasjonsgrunnlag og kulturelle interesser, for \u00e5 finne ut hvorfra de kommer, de elementene som bryter vannspeilet i hans billedflater\u00bb.&nbsp;<\/p>\n","protected":false},"excerpt":{"rendered":"<p>Utgangspunktet for denne boka er en brevkorrespondanse mellom Mathilde Fasting og Kjell Torriset, en dialog i brevs form som etter hvert vokste til et st\u00f8rre materiale. Det er med andre ord brevskrivernes nysgjerrighet til \u00e5 utforske kunsten som satte i gang prosjektet. Dette er derfor ikke en kunstbok som omtaler Torrisets kunst, men en personlig [&hellip;]<\/p>\n","protected":false},"featured_media":26534,"template":"","meta":{"_acf_changed":false,"inline_featured_image":false},"product_brand":[],"product_cat":[1781],"product_tag":[451,362,668,384],"class_list":{"0":"post-20413","1":"product","2":"type-product","3":"status-publish","4":"has-post-thumbnail","6":"product_cat-rabattkodekampanje","7":"product_tag-brevsamlinger","8":"product_tag-faglitteratur","9":"product_tag-idehistorie","10":"product_tag-malerkunst","12":"first","13":"instock","14":"shipping-taxable","15":"purchasable","16":"product-type-simple"},"acf":{"anmeldelse":null},"yoast_head":"<!-- This site is optimized with the Yoast SEO plugin v26.6 - https:\/\/yoast.com\/wordpress\/plugins\/seo\/ -->\n<title>Inn i kunsten - Forlaget Press<\/title>\n<meta name=\"robots\" content=\"noindex, follow, max-snippet:-1, max-image-preview:large, max-video-preview:-1\" \/>\n<meta property=\"og:locale\" content=\"nb_NO\" \/>\n<meta property=\"og:type\" content=\"article\" \/>\n<meta property=\"og:title\" content=\"Inn i kunsten - Forlaget Press\" \/>\n<meta property=\"og:description\" content=\"Utgangspunktet for denne boka er en brevkorrespondanse mellom Mathilde Fasting og Kjell Torriset, en dialog i brevs form som etter hvert vokste til et st\u00f8rre materiale. Det er med andre ord brevskrivernes nysgjerrighet til \u00e5 utforske kunsten som satte i gang prosjektet. Dette er derfor ikke en kunstbok som omtaler Torrisets kunst, men en personlig [&hellip;]\" \/>\n<meta property=\"og:url\" content=\"https:\/\/staging.forenteforlag.no\/forlaget\/produkt\/inn-i-kunsten\/\" \/>\n<meta property=\"og:site_name\" content=\"Forlaget Press\" \/>\n<meta property=\"article:publisher\" content=\"https:\/\/www.facebook.com\/Forlagetpress\" \/>\n<meta property=\"article:modified_time\" content=\"2026-03-04T12:59:46+00:00\" \/>\n<meta property=\"og:image\" content=\"https:\/\/staging.forenteforlag.no\/forlaget\/wp-content\/uploads\/sites\/3\/2026\/02\/9788232805792.jpg\" \/>\n\t<meta property=\"og:image:width\" content=\"720\" \/>\n\t<meta property=\"og:image:height\" content=\"913\" \/>\n\t<meta property=\"og:image:type\" content=\"image\/jpeg\" \/>\n<meta name=\"twitter:card\" content=\"summary_large_image\" \/>\n<meta name=\"twitter:label1\" content=\"Ansl. lesetid\" \/>\n\t<meta name=\"twitter:data1\" content=\"1 minutt\" \/>\n<script type=\"application\/ld+json\" class=\"yoast-schema-graph\">{\"@context\":\"https:\/\/schema.org\",\"@graph\":[{\"@type\":\"WebPage\",\"@id\":\"https:\/\/staging.forenteforlag.no\/forlaget\/produkt\/inn-i-kunsten\/\",\"url\":\"https:\/\/staging.forenteforlag.no\/forlaget\/produkt\/inn-i-kunsten\/\",\"name\":\"Inn i kunsten - Forlaget Press\",\"isPartOf\":{\"@id\":\"https:\/\/staging.forenteforlag.no\/forlaget\/#website\"},\"primaryImageOfPage\":{\"@id\":\"https:\/\/staging.forenteforlag.no\/forlaget\/produkt\/inn-i-kunsten\/#primaryimage\"},\"image\":{\"@id\":\"https:\/\/staging.forenteforlag.no\/forlaget\/produkt\/inn-i-kunsten\/#primaryimage\"},\"thumbnailUrl\":\"https:\/\/staging.forenteforlag.no\/forlaget\/wp-content\/uploads\/sites\/3\/2026\/02\/9788232805792.jpg\",\"datePublished\":\"2023-09-12T00:00:00+00:00\",\"dateModified\":\"2026-03-04T12:59:46+00:00\",\"breadcrumb\":{\"@id\":\"https:\/\/staging.forenteforlag.no\/forlaget\/produkt\/inn-i-kunsten\/#breadcrumb\"},\"inLanguage\":\"nb-NO\",\"potentialAction\":[{\"@type\":\"ReadAction\",\"target\":[\"https:\/\/staging.forenteforlag.no\/forlaget\/produkt\/inn-i-kunsten\/\"]}]},{\"@type\":\"ImageObject\",\"inLanguage\":\"nb-NO\",\"@id\":\"https:\/\/staging.forenteforlag.no\/forlaget\/produkt\/inn-i-kunsten\/#primaryimage\",\"url\":\"https:\/\/staging.forenteforlag.no\/forlaget\/wp-content\/uploads\/sites\/3\/2026\/02\/9788232805792.jpg\",\"contentUrl\":\"https:\/\/staging.forenteforlag.no\/forlaget\/wp-content\/uploads\/sites\/3\/2026\/02\/9788232805792.jpg\",\"width\":720,\"height\":913},{\"@type\":\"BreadcrumbList\",\"@id\":\"https:\/\/staging.forenteforlag.no\/forlaget\/produkt\/inn-i-kunsten\/#breadcrumb\",\"itemListElement\":[{\"@type\":\"ListItem\",\"position\":1,\"name\":\"Hjem\",\"item\":\"https:\/\/staging.forenteforlag.no\/forlaget\/\"},{\"@type\":\"ListItem\",\"position\":2,\"name\":\"Alle b\u00f8ker\",\"item\":\"https:\/\/staging.forenteforlag.no\/forlaget\/butikk\/\"},{\"@type\":\"ListItem\",\"position\":3,\"name\":\"Inn i kunsten\"}]},{\"@type\":\"WebSite\",\"@id\":\"https:\/\/staging.forenteforlag.no\/forlaget\/#website\",\"url\":\"https:\/\/staging.forenteforlag.no\/forlaget\/\",\"name\":\"Forlaget Press\",\"description\":\"\",\"publisher\":{\"@id\":\"https:\/\/staging.forenteforlag.no\/forlaget\/#organization\"},\"potentialAction\":[{\"@type\":\"SearchAction\",\"target\":{\"@type\":\"EntryPoint\",\"urlTemplate\":\"https:\/\/staging.forenteforlag.no\/forlaget\/?s={search_term_string}\"},\"query-input\":{\"@type\":\"PropertyValueSpecification\",\"valueRequired\":true,\"valueName\":\"search_term_string\"}}],\"inLanguage\":\"nb-NO\"},{\"@type\":\"Organization\",\"@id\":\"https:\/\/staging.forenteforlag.no\/forlaget\/#organization\",\"name\":\"Forlaget Press\",\"url\":\"https:\/\/staging.forenteforlag.no\/forlaget\/\",\"logo\":{\"@type\":\"ImageObject\",\"inLanguage\":\"nb-NO\",\"@id\":\"https:\/\/staging.forenteforlag.no\/forlaget\/#\/schema\/logo\/image\/\",\"url\":\"https:\/\/staging.forenteforlag.no\/forlaget\/wp-content\/uploads\/sites\/3\/2024\/09\/Press_logo.svg\",\"contentUrl\":\"https:\/\/staging.forenteforlag.no\/forlaget\/wp-content\/uploads\/sites\/3\/2024\/09\/Press_logo.svg\",\"width\":100,\"height\":100,\"caption\":\"Forlaget Press\"},\"image\":{\"@id\":\"https:\/\/staging.forenteforlag.no\/forlaget\/#\/schema\/logo\/image\/\"},\"sameAs\":[\"https:\/\/www.facebook.com\/Forlagetpress\"]}]}<\/script>\n<!-- \/ Yoast SEO plugin. -->","yoast_head_json":{"title":"Inn i kunsten - Forlaget Press","robots":{"index":"noindex","follow":"follow","max-snippet":"max-snippet:-1","max-image-preview":"max-image-preview:large","max-video-preview":"max-video-preview:-1"},"og_locale":"nb_NO","og_type":"article","og_title":"Inn i kunsten - Forlaget Press","og_description":"Utgangspunktet for denne boka er en brevkorrespondanse mellom Mathilde Fasting og Kjell Torriset, en dialog i brevs form som etter hvert vokste til et st\u00f8rre materiale. Det er med andre ord brevskrivernes nysgjerrighet til \u00e5 utforske kunsten som satte i gang prosjektet. Dette er derfor ikke en kunstbok som omtaler Torrisets kunst, men en personlig [&hellip;]","og_url":"https:\/\/staging.forenteforlag.no\/forlaget\/produkt\/inn-i-kunsten\/","og_site_name":"Forlaget Press","article_publisher":"https:\/\/www.facebook.com\/Forlagetpress","article_modified_time":"2026-03-04T12:59:46+00:00","og_image":[{"width":720,"height":913,"url":"https:\/\/staging.forenteforlag.no\/forlaget\/wp-content\/uploads\/sites\/3\/2026\/02\/9788232805792.jpg","type":"image\/jpeg"}],"twitter_card":"summary_large_image","twitter_misc":{"Ansl. lesetid":"1 minutt"},"schema":{"@context":"https:\/\/schema.org","@graph":[{"@type":"WebPage","@id":"https:\/\/staging.forenteforlag.no\/forlaget\/produkt\/inn-i-kunsten\/","url":"https:\/\/staging.forenteforlag.no\/forlaget\/produkt\/inn-i-kunsten\/","name":"Inn i kunsten - Forlaget Press","isPartOf":{"@id":"https:\/\/staging.forenteforlag.no\/forlaget\/#website"},"primaryImageOfPage":{"@id":"https:\/\/staging.forenteforlag.no\/forlaget\/produkt\/inn-i-kunsten\/#primaryimage"},"image":{"@id":"https:\/\/staging.forenteforlag.no\/forlaget\/produkt\/inn-i-kunsten\/#primaryimage"},"thumbnailUrl":"https:\/\/staging.forenteforlag.no\/forlaget\/wp-content\/uploads\/sites\/3\/2026\/02\/9788232805792.jpg","datePublished":"2023-09-12T00:00:00+00:00","dateModified":"2026-03-04T12:59:46+00:00","breadcrumb":{"@id":"https:\/\/staging.forenteforlag.no\/forlaget\/produkt\/inn-i-kunsten\/#breadcrumb"},"inLanguage":"nb-NO","potentialAction":[{"@type":"ReadAction","target":["https:\/\/staging.forenteforlag.no\/forlaget\/produkt\/inn-i-kunsten\/"]}]},{"@type":"ImageObject","inLanguage":"nb-NO","@id":"https:\/\/staging.forenteforlag.no\/forlaget\/produkt\/inn-i-kunsten\/#primaryimage","url":"https:\/\/staging.forenteforlag.no\/forlaget\/wp-content\/uploads\/sites\/3\/2026\/02\/9788232805792.jpg","contentUrl":"https:\/\/staging.forenteforlag.no\/forlaget\/wp-content\/uploads\/sites\/3\/2026\/02\/9788232805792.jpg","width":720,"height":913},{"@type":"BreadcrumbList","@id":"https:\/\/staging.forenteforlag.no\/forlaget\/produkt\/inn-i-kunsten\/#breadcrumb","itemListElement":[{"@type":"ListItem","position":1,"name":"Hjem","item":"https:\/\/staging.forenteforlag.no\/forlaget\/"},{"@type":"ListItem","position":2,"name":"Alle b\u00f8ker","item":"https:\/\/staging.forenteforlag.no\/forlaget\/butikk\/"},{"@type":"ListItem","position":3,"name":"Inn i kunsten"}]},{"@type":"WebSite","@id":"https:\/\/staging.forenteforlag.no\/forlaget\/#website","url":"https:\/\/staging.forenteforlag.no\/forlaget\/","name":"Forlaget Press","description":"","publisher":{"@id":"https:\/\/staging.forenteforlag.no\/forlaget\/#organization"},"potentialAction":[{"@type":"SearchAction","target":{"@type":"EntryPoint","urlTemplate":"https:\/\/staging.forenteforlag.no\/forlaget\/?s={search_term_string}"},"query-input":{"@type":"PropertyValueSpecification","valueRequired":true,"valueName":"search_term_string"}}],"inLanguage":"nb-NO"},{"@type":"Organization","@id":"https:\/\/staging.forenteforlag.no\/forlaget\/#organization","name":"Forlaget Press","url":"https:\/\/staging.forenteforlag.no\/forlaget\/","logo":{"@type":"ImageObject","inLanguage":"nb-NO","@id":"https:\/\/staging.forenteforlag.no\/forlaget\/#\/schema\/logo\/image\/","url":"https:\/\/staging.forenteforlag.no\/forlaget\/wp-content\/uploads\/sites\/3\/2024\/09\/Press_logo.svg","contentUrl":"https:\/\/staging.forenteforlag.no\/forlaget\/wp-content\/uploads\/sites\/3\/2024\/09\/Press_logo.svg","width":100,"height":100,"caption":"Forlaget Press"},"image":{"@id":"https:\/\/staging.forenteforlag.no\/forlaget\/#\/schema\/logo\/image\/"},"sameAs":["https:\/\/www.facebook.com\/Forlagetpress"]}]}},"_links":{"self":[{"href":"https:\/\/staging.forenteforlag.no\/forlaget\/wp-json\/wp\/v2\/product\/20413","targetHints":{"allow":["GET"]}}],"collection":[{"href":"https:\/\/staging.forenteforlag.no\/forlaget\/wp-json\/wp\/v2\/product"}],"about":[{"href":"https:\/\/staging.forenteforlag.no\/forlaget\/wp-json\/wp\/v2\/types\/product"}],"wp:featuredmedia":[{"embeddable":true,"href":"https:\/\/staging.forenteforlag.no\/forlaget\/wp-json\/wp\/v2\/media\/26534"}],"wp:attachment":[{"href":"https:\/\/staging.forenteforlag.no\/forlaget\/wp-json\/wp\/v2\/media?parent=20413"}],"wp:term":[{"taxonomy":"product_brand","embeddable":true,"href":"https:\/\/staging.forenteforlag.no\/forlaget\/wp-json\/wp\/v2\/product_brand?post=20413"},{"taxonomy":"product_cat","embeddable":true,"href":"https:\/\/staging.forenteforlag.no\/forlaget\/wp-json\/wp\/v2\/product_cat?post=20413"},{"taxonomy":"product_tag","embeddable":true,"href":"https:\/\/staging.forenteforlag.no\/forlaget\/wp-json\/wp\/v2\/product_tag?post=20413"}],"curies":[{"name":"wp","href":"https:\/\/api.w.org\/{rel}","templated":true}]}}