{"id":20379,"date":"2025-03-13T15:37:06","date_gmt":"2025-03-13T14:37:06","guid":{"rendered":"https:\/\/forlagetpress.forenteforlag.no\/produkt\/sammenvevde-liv-2\/"},"modified":"2026-03-03T18:47:38","modified_gmt":"2026-03-03T17:47:38","slug":"sammenvevde-liv-2","status":"publish","type":"product","link":"https:\/\/staging.forenteforlag.no\/forlaget\/produkt\/sammenvevde-liv-2\/","title":{"rendered":"Sammenvevde liv"},"content":{"rendered":"<p>Den briljante biologen Merlin Sheldrake viser oss i Sammenvevde liv verden fra soppens synsvinkel. Sheldrakes livlige og personlige utforskning tar oss fra gj\u00e6r til psykedeliske stoffer, via soppene som er de st\u00f8rste organismene p\u00e5 planeten, til de som knytter planter sammen i komplekse nettverk kjent som \u00abWood Wide Web\u00bb.<\/p>\n<p>Sopp setter sp\u00f8rsm\u00e5lstegn ved v\u00e5re begreper om individualitet og intelligens. De er metabolske mestere, jordskapere og n\u00f8kkelspillere i de fleste av livets prosesser. De kan f\u00e5 oss til \u00e5 endre mening, helbrede kroppene v\u00e5re og til og med hjelpe oss med \u00e5 utbedre milj\u00f8katastrofer. Ved \u00e5 unders\u00f8ke sopp p\u00e5 deres egne premisser, avsl\u00f8rer Sheldrake hvordan disse ekstraordin\u00e6re organismene &#8211; og v\u00e5rt forhold til dem &#8211; endrer v\u00e5r forst\u00e5else av hvordan livet fungerer.<\/p>\n","protected":false},"excerpt":{"rendered":"<p>Den briljante biologen Merlin Sheldrake viser oss i Sammenvevde liv verden fra soppens synsvinkel. Sheldrakes livlige og personlige utforskning tar oss fra gj\u00e6r til psykedeliske stoffer, via soppene som er de st\u00f8rste organismene p\u00e5 planeten, til de som knytter planter sammen i komplekse nettverk kjent som \u00abWood Wide Web\u00bb. Sopp setter sp\u00f8rsm\u00e5lstegn ved v\u00e5re begreper [&hellip;]<\/p>\n","protected":false},"featured_media":26542,"template":"","meta":{"_acf_changed":false,"inline_featured_image":false},"product_brand":[],"product_cat":[1781],"product_tag":[362],"class_list":{"0":"post-20379","1":"product","2":"type-product","3":"status-publish","4":"has-post-thumbnail","6":"product_cat-rabattkodekampanje","7":"product_tag-faglitteratur","9":"first","10":"instock","11":"shipping-taxable","12":"purchasable","13":"product-type-simple"},"acf":{"anmeldelse":[{"tekst_anmeldelser":"\u00abSammenvevde liv er en bok som vil utfordre deg. Den forrykker din opplevelse av individualitet og tid og bevissthet og evne til \u00e5 sanse, samtidig som den rolig og uten store fakter serverer de mest utrolige naturfaglige beretninger. Og det beste av alt: Sheldrake vet hva han snakker om.\u00bb","av_anmeldelser":"Anne Sverdrup-Thygeson","terningkast":false,"kilde":"Klassekampen"},{"tekst_anmeldelser":"\u00abEn \u00f8ye\u00e5pnende reise gjennom soppens verden \u2026 Blandingen av det komplekse og det jordn\u00e6re gj\u00f8r Sammenvevde liv til en sv\u00e6rt leseverdig bok.\u00bb","av_anmeldelser":"Varg Lukas Folkman","terningkast":false,"kilde":"Dagens N\u00e6ringsliv"},{"tekst_anmeldelser":"\u00abLeses som en oppdagelsesreise \u2026 fantastisk \u2026 forf\u00f8rende veves levd erfaring og vitenskapelig forskning sammen.\u00bb","av_anmeldelser":"Arne Dvergsdal","terningkast":"<i class=\"fa-solid fa-dice-six\"><\/i>","kilde":"Sunday Times"},{"tekst_anmeldelser":"\u00abSom forfatter tilh\u00f8rer Merlin Sheldrake den stadig st\u00f8rre kretsen av vitenskapsmenn- og kvinner som deler sine kunnskaper om pattedyr, fugler, bier og blekkspruter \u2013 ja, hele v\u00e5r vidunderlige verden. Med sine vakre spr\u00e5klige vendinger og filosofiske funderinger er Sheldrake en sann skrekkblandet fryd \u00e5 lese.\u00bb","av_anmeldelser":"Arne Dvergsdal","terningkast":"<i class=\"fa-solid fa-dice-six\"><\/i>","kilde":"Dagbladet"}]},"yoast_head":"<!-- This site is optimized with the Yoast SEO plugin v26.6 - https:\/\/yoast.com\/wordpress\/plugins\/seo\/ -->\n<title>Sammenvevde liv - Forlaget Press<\/title>\n<meta name=\"robots\" content=\"noindex, follow, max-snippet:-1, max-image-preview:large, max-video-preview:-1\" \/>\n<meta property=\"og:locale\" content=\"nb_NO\" \/>\n<meta property=\"og:type\" content=\"article\" \/>\n<meta property=\"og:title\" content=\"Sammenvevde liv - Forlaget Press\" \/>\n<meta property=\"og:description\" content=\"Den briljante biologen Merlin Sheldrake viser oss i Sammenvevde liv verden fra soppens synsvinkel. Sheldrakes livlige og personlige utforskning tar oss fra gj\u00e6r til psykedeliske stoffer, via soppene som er de st\u00f8rste organismene p\u00e5 planeten, til de som knytter planter sammen i komplekse nettverk kjent som \u00abWood Wide Web\u00bb. Sopp setter sp\u00f8rsm\u00e5lstegn ved v\u00e5re begreper [&hellip;]\" \/>\n<meta property=\"og:url\" content=\"https:\/\/staging.forenteforlag.no\/forlaget\/produkt\/sammenvevde-liv-2\/\" \/>\n<meta property=\"og:site_name\" content=\"Forlaget Press\" \/>\n<meta property=\"article:publisher\" content=\"https:\/\/www.facebook.com\/Forlagetpress\" \/>\n<meta property=\"article:modified_time\" content=\"2026-03-03T17:47:38+00:00\" \/>\n<meta property=\"og:image\" content=\"https:\/\/staging.forenteforlag.no\/forlaget\/wp-content\/uploads\/sites\/3\/2026\/02\/9788232805945.jpg\" \/>\n\t<meta property=\"og:image:width\" content=\"720\" \/>\n\t<meta property=\"og:image:height\" content=\"1067\" \/>\n\t<meta property=\"og:image:type\" content=\"image\/jpeg\" \/>\n<meta name=\"twitter:card\" content=\"summary_large_image\" \/>\n<meta name=\"twitter:label1\" content=\"Ansl. lesetid\" \/>\n\t<meta name=\"twitter:data1\" content=\"1 minutt\" \/>\n<script type=\"application\/ld+json\" class=\"yoast-schema-graph\">{\"@context\":\"https:\/\/schema.org\",\"@graph\":[{\"@type\":\"WebPage\",\"@id\":\"https:\/\/staging.forenteforlag.no\/forlaget\/produkt\/sammenvevde-liv-2\/\",\"url\":\"https:\/\/staging.forenteforlag.no\/forlaget\/produkt\/sammenvevde-liv-2\/\",\"name\":\"Sammenvevde liv - Forlaget Press\",\"isPartOf\":{\"@id\":\"https:\/\/staging.forenteforlag.no\/forlaget\/#website\"},\"primaryImageOfPage\":{\"@id\":\"https:\/\/staging.forenteforlag.no\/forlaget\/produkt\/sammenvevde-liv-2\/#primaryimage\"},\"image\":{\"@id\":\"https:\/\/staging.forenteforlag.no\/forlaget\/produkt\/sammenvevde-liv-2\/#primaryimage\"},\"thumbnailUrl\":\"https:\/\/staging.forenteforlag.no\/forlaget\/wp-content\/uploads\/sites\/3\/2026\/02\/9788232805945.jpg\",\"datePublished\":\"2025-03-13T14:37:06+00:00\",\"dateModified\":\"2026-03-03T17:47:38+00:00\",\"breadcrumb\":{\"@id\":\"https:\/\/staging.forenteforlag.no\/forlaget\/produkt\/sammenvevde-liv-2\/#breadcrumb\"},\"inLanguage\":\"nb-NO\",\"potentialAction\":[{\"@type\":\"ReadAction\",\"target\":[\"https:\/\/staging.forenteforlag.no\/forlaget\/produkt\/sammenvevde-liv-2\/\"]}]},{\"@type\":\"ImageObject\",\"inLanguage\":\"nb-NO\",\"@id\":\"https:\/\/staging.forenteforlag.no\/forlaget\/produkt\/sammenvevde-liv-2\/#primaryimage\",\"url\":\"https:\/\/staging.forenteforlag.no\/forlaget\/wp-content\/uploads\/sites\/3\/2026\/02\/9788232805945.jpg\",\"contentUrl\":\"https:\/\/staging.forenteforlag.no\/forlaget\/wp-content\/uploads\/sites\/3\/2026\/02\/9788232805945.jpg\",\"width\":720,\"height\":1067},{\"@type\":\"BreadcrumbList\",\"@id\":\"https:\/\/staging.forenteforlag.no\/forlaget\/produkt\/sammenvevde-liv-2\/#breadcrumb\",\"itemListElement\":[{\"@type\":\"ListItem\",\"position\":1,\"name\":\"Hjem\",\"item\":\"https:\/\/staging.forenteforlag.no\/forlaget\/\"},{\"@type\":\"ListItem\",\"position\":2,\"name\":\"Alle b\u00f8ker\",\"item\":\"https:\/\/staging.forenteforlag.no\/forlaget\/butikk\/\"},{\"@type\":\"ListItem\",\"position\":3,\"name\":\"Sammenvevde liv\"}]},{\"@type\":\"WebSite\",\"@id\":\"https:\/\/staging.forenteforlag.no\/forlaget\/#website\",\"url\":\"https:\/\/staging.forenteforlag.no\/forlaget\/\",\"name\":\"Forlaget Press\",\"description\":\"\",\"publisher\":{\"@id\":\"https:\/\/staging.forenteforlag.no\/forlaget\/#organization\"},\"potentialAction\":[{\"@type\":\"SearchAction\",\"target\":{\"@type\":\"EntryPoint\",\"urlTemplate\":\"https:\/\/staging.forenteforlag.no\/forlaget\/?s={search_term_string}\"},\"query-input\":{\"@type\":\"PropertyValueSpecification\",\"valueRequired\":true,\"valueName\":\"search_term_string\"}}],\"inLanguage\":\"nb-NO\"},{\"@type\":\"Organization\",\"@id\":\"https:\/\/staging.forenteforlag.no\/forlaget\/#organization\",\"name\":\"Forlaget Press\",\"url\":\"https:\/\/staging.forenteforlag.no\/forlaget\/\",\"logo\":{\"@type\":\"ImageObject\",\"inLanguage\":\"nb-NO\",\"@id\":\"https:\/\/staging.forenteforlag.no\/forlaget\/#\/schema\/logo\/image\/\",\"url\":\"https:\/\/staging.forenteforlag.no\/forlaget\/wp-content\/uploads\/sites\/3\/2024\/09\/Press_logo.svg\",\"contentUrl\":\"https:\/\/staging.forenteforlag.no\/forlaget\/wp-content\/uploads\/sites\/3\/2024\/09\/Press_logo.svg\",\"width\":100,\"height\":100,\"caption\":\"Forlaget Press\"},\"image\":{\"@id\":\"https:\/\/staging.forenteforlag.no\/forlaget\/#\/schema\/logo\/image\/\"},\"sameAs\":[\"https:\/\/www.facebook.com\/Forlagetpress\"]}]}<\/script>\n<!-- \/ Yoast SEO plugin. -->","yoast_head_json":{"title":"Sammenvevde liv - Forlaget Press","robots":{"index":"noindex","follow":"follow","max-snippet":"max-snippet:-1","max-image-preview":"max-image-preview:large","max-video-preview":"max-video-preview:-1"},"og_locale":"nb_NO","og_type":"article","og_title":"Sammenvevde liv - Forlaget Press","og_description":"Den briljante biologen Merlin Sheldrake viser oss i Sammenvevde liv verden fra soppens synsvinkel. Sheldrakes livlige og personlige utforskning tar oss fra gj\u00e6r til psykedeliske stoffer, via soppene som er de st\u00f8rste organismene p\u00e5 planeten, til de som knytter planter sammen i komplekse nettverk kjent som \u00abWood Wide Web\u00bb. Sopp setter sp\u00f8rsm\u00e5lstegn ved v\u00e5re begreper [&hellip;]","og_url":"https:\/\/staging.forenteforlag.no\/forlaget\/produkt\/sammenvevde-liv-2\/","og_site_name":"Forlaget Press","article_publisher":"https:\/\/www.facebook.com\/Forlagetpress","article_modified_time":"2026-03-03T17:47:38+00:00","og_image":[{"width":720,"height":1067,"url":"https:\/\/staging.forenteforlag.no\/forlaget\/wp-content\/uploads\/sites\/3\/2026\/02\/9788232805945.jpg","type":"image\/jpeg"}],"twitter_card":"summary_large_image","twitter_misc":{"Ansl. lesetid":"1 minutt"},"schema":{"@context":"https:\/\/schema.org","@graph":[{"@type":"WebPage","@id":"https:\/\/staging.forenteforlag.no\/forlaget\/produkt\/sammenvevde-liv-2\/","url":"https:\/\/staging.forenteforlag.no\/forlaget\/produkt\/sammenvevde-liv-2\/","name":"Sammenvevde liv - Forlaget Press","isPartOf":{"@id":"https:\/\/staging.forenteforlag.no\/forlaget\/#website"},"primaryImageOfPage":{"@id":"https:\/\/staging.forenteforlag.no\/forlaget\/produkt\/sammenvevde-liv-2\/#primaryimage"},"image":{"@id":"https:\/\/staging.forenteforlag.no\/forlaget\/produkt\/sammenvevde-liv-2\/#primaryimage"},"thumbnailUrl":"https:\/\/staging.forenteforlag.no\/forlaget\/wp-content\/uploads\/sites\/3\/2026\/02\/9788232805945.jpg","datePublished":"2025-03-13T14:37:06+00:00","dateModified":"2026-03-03T17:47:38+00:00","breadcrumb":{"@id":"https:\/\/staging.forenteforlag.no\/forlaget\/produkt\/sammenvevde-liv-2\/#breadcrumb"},"inLanguage":"nb-NO","potentialAction":[{"@type":"ReadAction","target":["https:\/\/staging.forenteforlag.no\/forlaget\/produkt\/sammenvevde-liv-2\/"]}]},{"@type":"ImageObject","inLanguage":"nb-NO","@id":"https:\/\/staging.forenteforlag.no\/forlaget\/produkt\/sammenvevde-liv-2\/#primaryimage","url":"https:\/\/staging.forenteforlag.no\/forlaget\/wp-content\/uploads\/sites\/3\/2026\/02\/9788232805945.jpg","contentUrl":"https:\/\/staging.forenteforlag.no\/forlaget\/wp-content\/uploads\/sites\/3\/2026\/02\/9788232805945.jpg","width":720,"height":1067},{"@type":"BreadcrumbList","@id":"https:\/\/staging.forenteforlag.no\/forlaget\/produkt\/sammenvevde-liv-2\/#breadcrumb","itemListElement":[{"@type":"ListItem","position":1,"name":"Hjem","item":"https:\/\/staging.forenteforlag.no\/forlaget\/"},{"@type":"ListItem","position":2,"name":"Alle b\u00f8ker","item":"https:\/\/staging.forenteforlag.no\/forlaget\/butikk\/"},{"@type":"ListItem","position":3,"name":"Sammenvevde liv"}]},{"@type":"WebSite","@id":"https:\/\/staging.forenteforlag.no\/forlaget\/#website","url":"https:\/\/staging.forenteforlag.no\/forlaget\/","name":"Forlaget Press","description":"","publisher":{"@id":"https:\/\/staging.forenteforlag.no\/forlaget\/#organization"},"potentialAction":[{"@type":"SearchAction","target":{"@type":"EntryPoint","urlTemplate":"https:\/\/staging.forenteforlag.no\/forlaget\/?s={search_term_string}"},"query-input":{"@type":"PropertyValueSpecification","valueRequired":true,"valueName":"search_term_string"}}],"inLanguage":"nb-NO"},{"@type":"Organization","@id":"https:\/\/staging.forenteforlag.no\/forlaget\/#organization","name":"Forlaget Press","url":"https:\/\/staging.forenteforlag.no\/forlaget\/","logo":{"@type":"ImageObject","inLanguage":"nb-NO","@id":"https:\/\/staging.forenteforlag.no\/forlaget\/#\/schema\/logo\/image\/","url":"https:\/\/staging.forenteforlag.no\/forlaget\/wp-content\/uploads\/sites\/3\/2024\/09\/Press_logo.svg","contentUrl":"https:\/\/staging.forenteforlag.no\/forlaget\/wp-content\/uploads\/sites\/3\/2024\/09\/Press_logo.svg","width":100,"height":100,"caption":"Forlaget Press"},"image":{"@id":"https:\/\/staging.forenteforlag.no\/forlaget\/#\/schema\/logo\/image\/"},"sameAs":["https:\/\/www.facebook.com\/Forlagetpress"]}]}},"_links":{"self":[{"href":"https:\/\/staging.forenteforlag.no\/forlaget\/wp-json\/wp\/v2\/product\/20379","targetHints":{"allow":["GET"]}}],"collection":[{"href":"https:\/\/staging.forenteforlag.no\/forlaget\/wp-json\/wp\/v2\/product"}],"about":[{"href":"https:\/\/staging.forenteforlag.no\/forlaget\/wp-json\/wp\/v2\/types\/product"}],"wp:featuredmedia":[{"embeddable":true,"href":"https:\/\/staging.forenteforlag.no\/forlaget\/wp-json\/wp\/v2\/media\/26542"}],"wp:attachment":[{"href":"https:\/\/staging.forenteforlag.no\/forlaget\/wp-json\/wp\/v2\/media?parent=20379"}],"wp:term":[{"taxonomy":"product_brand","embeddable":true,"href":"https:\/\/staging.forenteforlag.no\/forlaget\/wp-json\/wp\/v2\/product_brand?post=20379"},{"taxonomy":"product_cat","embeddable":true,"href":"https:\/\/staging.forenteforlag.no\/forlaget\/wp-json\/wp\/v2\/product_cat?post=20379"},{"taxonomy":"product_tag","embeddable":true,"href":"https:\/\/staging.forenteforlag.no\/forlaget\/wp-json\/wp\/v2\/product_tag?post=20379"}],"curies":[{"name":"wp","href":"https:\/\/api.w.org\/{rel}","templated":true}]}}