{"id":20343,"date":"2023-05-16T02:00:00","date_gmt":"2023-05-16T00:00:00","guid":{"rendered":"https:\/\/forlagetpress.forenteforlag.no\/produkt\/atlas-over-fjerne-oyer-2\/"},"modified":"2026-03-04T13:59:50","modified_gmt":"2026-03-04T12:59:50","slug":"atlas-over-fjerne-oyer-2","status":"publish","type":"product","link":"https:\/\/staging.forenteforlag.no\/forlaget\/produkt\/atlas-over-fjerne-oyer-2\/","title":{"rendered":"Atlas over fjerne \u00f8yer"},"content":{"rendered":"<p>Atlas over fjerne \u00f8yer er p\u00e5 mange m\u00e5ter den voksne Schalanskys hyllest til den imagin\u00e6re reise, til verdens sm\u00e5 og fjerne steder, til de isolerte \u00f8yer og sm\u00e5 kolonier, de som ikke teller eller synes p\u00e5 verdenskartets etablerte virkelighet. Gjennom 50 fjerne \u00f8ygrupper bringes vi tett p\u00e5 fantastiske fortellinger om slaver, sunkne skip og merkelige oppdagere. Boken er en hyllest til det eksotiske ved reisen, det som livn\u00e6rer seg av fantasien og det ukjente, som den helt n\u00f8dvendige forutsetning for enhver utfarts- og oppdagertrang. <\/p>\n<p>Ny og utvidet utgave. Inkluderer fem nye \u00f8yer.<\/p>\n","protected":false},"excerpt":{"rendered":"<p>Atlas over fjerne \u00f8yer er p\u00e5 mange m\u00e5ter den voksne Schalanskys hyllest til den imagin\u00e6re reise, til verdens sm\u00e5 og fjerne steder, til de isolerte \u00f8yer og sm\u00e5 kolonier, de som ikke teller eller synes p\u00e5 verdenskartets etablerte virkelighet. Gjennom 50 fjerne \u00f8ygrupper bringes vi tett p\u00e5 fantastiske fortellinger om slaver, sunkne skip og merkelige [&hellip;]<\/p>\n","protected":false},"featured_media":26535,"template":"","meta":{"_acf_changed":false,"inline_featured_image":false},"product_brand":[],"product_cat":[1781],"product_tag":[362,882],"class_list":{"0":"post-20343","1":"product","2":"type-product","3":"status-publish","4":"has-post-thumbnail","6":"product_cat-rabattkodekampanje","7":"product_tag-faglitteratur","8":"product_tag-geografi-og-reiser","10":"first","11":"instock","12":"shipping-taxable","13":"purchasable","14":"product-type-simple"},"acf":{"anmeldelse":[{"tekst_anmeldelser":"\u00abAtlas over fjerne \u00f8yer er en lyrisk reise verden rundt, og viser at papirboken kan gj\u00f8re ting ingen e-bok kan etterligne. Et obligatorisk bind i bokhyllen til alle dr\u00f8mmere.\u00bb","av_anmeldelser":"Bj\u00f8rn Gabrielsen","terningkast":false,"kilde":"Dagens N\u00e6ringsliv"},{"tekst_anmeldelser":"\u00abTil \u00e5 dr\u00f8mme seg bort med.\u00bb","av_anmeldelser":"Knut Olav \u00c5m\u00e5s","terningkast":false,"kilde":"Aftenposten"},{"tekst_anmeldelser":"\u00abOm du aldri har latt pekefingeren vandre over et kart og pr\u00f8vd forestille deg hvordan det ser ut akkurat der, vil du ikke forst\u00e5 hvor fantastisk denne lille utgivelsen er.\u00bb","av_anmeldelser":"Maria \u00c5rolilja R\u00f8","terningkast":false,"kilde":"Adresseavisen"},{"tekst_anmeldelser":"\u00abGjennom sitt gjennomtenkte typografblikk gj\u00f8r hun atlas om til kunst. Med en perfeksjonert penn blir det hele til litteratur.\u00bb","av_anmeldelser":"Torbj\u00f8rn Tumyr Nilsen","terningkast":false,"kilde":"Ny Tid"},{"tekst_anmeldelser":"\u00abEn fortryllende bok som er viet til kartenes fortellerkunst og atlasenes fiksjon. En bok som inviterer oss til \u00e5 reise med fingeren langs kartet og f\u00f8rer oss til verdens minste og fjerneste steder, til paradis og helvete. Uten tvil en av \u00e5rets vakreste b\u00f8ker.\u00bb","av_anmeldelser":"Marie-Therese Fojuth","terningkast":false,"kilde":"Stavanger Aftenblad"},{"tekst_anmeldelser":"\u00abJudith Schalansky \u00e5pner opp verden ved \u00e5 kartlegge \u00f8yenes historie. Hun er en fabelaktig armchair traveler, og det er lett \u00e5 tenke at hun har gjort ordene om Jules Verne til sitt ideal.\u00bb","av_anmeldelser":"Karin Haugen","terningkast":false,"kilde":"Klassekampen"}]},"yoast_head":"<!-- This site is optimized with the Yoast SEO plugin v26.6 - https:\/\/yoast.com\/wordpress\/plugins\/seo\/ -->\n<title>Atlas over fjerne \u00f8yer - Forlaget Press<\/title>\n<meta name=\"robots\" content=\"noindex, follow, max-snippet:-1, max-image-preview:large, max-video-preview:-1\" \/>\n<meta property=\"og:locale\" content=\"nb_NO\" \/>\n<meta property=\"og:type\" content=\"article\" \/>\n<meta property=\"og:title\" content=\"Atlas over fjerne \u00f8yer - Forlaget Press\" \/>\n<meta property=\"og:description\" content=\"Atlas over fjerne \u00f8yer er p\u00e5 mange m\u00e5ter den voksne Schalanskys hyllest til den imagin\u00e6re reise, til verdens sm\u00e5 og fjerne steder, til de isolerte \u00f8yer og sm\u00e5 kolonier, de som ikke teller eller synes p\u00e5 verdenskartets etablerte virkelighet. Gjennom 50 fjerne \u00f8ygrupper bringes vi tett p\u00e5 fantastiske fortellinger om slaver, sunkne skip og merkelige [&hellip;]\" \/>\n<meta property=\"og:url\" content=\"https:\/\/staging.forenteforlag.no\/forlaget\/produkt\/atlas-over-fjerne-oyer-2\/\" \/>\n<meta property=\"og:site_name\" content=\"Forlaget Press\" \/>\n<meta property=\"article:publisher\" content=\"https:\/\/www.facebook.com\/Forlagetpress\" \/>\n<meta property=\"article:modified_time\" content=\"2026-03-04T12:59:50+00:00\" \/>\n<meta property=\"og:image\" content=\"https:\/\/staging.forenteforlag.no\/forlaget\/wp-content\/uploads\/sites\/3\/2026\/02\/9788232805808.jpg\" \/>\n\t<meta property=\"og:image:width\" content=\"720\" \/>\n\t<meta property=\"og:image:height\" content=\"1011\" \/>\n\t<meta property=\"og:image:type\" content=\"image\/jpeg\" \/>\n<meta name=\"twitter:card\" content=\"summary_large_image\" \/>\n<script type=\"application\/ld+json\" class=\"yoast-schema-graph\">{\"@context\":\"https:\/\/schema.org\",\"@graph\":[{\"@type\":\"WebPage\",\"@id\":\"https:\/\/staging.forenteforlag.no\/forlaget\/produkt\/atlas-over-fjerne-oyer-2\/\",\"url\":\"https:\/\/staging.forenteforlag.no\/forlaget\/produkt\/atlas-over-fjerne-oyer-2\/\",\"name\":\"Atlas over fjerne \u00f8yer - Forlaget Press\",\"isPartOf\":{\"@id\":\"https:\/\/staging.forenteforlag.no\/forlaget\/#website\"},\"primaryImageOfPage\":{\"@id\":\"https:\/\/staging.forenteforlag.no\/forlaget\/produkt\/atlas-over-fjerne-oyer-2\/#primaryimage\"},\"image\":{\"@id\":\"https:\/\/staging.forenteforlag.no\/forlaget\/produkt\/atlas-over-fjerne-oyer-2\/#primaryimage\"},\"thumbnailUrl\":\"https:\/\/staging.forenteforlag.no\/forlaget\/wp-content\/uploads\/sites\/3\/2026\/02\/9788232805808.jpg\",\"datePublished\":\"2023-05-16T00:00:00+00:00\",\"dateModified\":\"2026-03-04T12:59:50+00:00\",\"breadcrumb\":{\"@id\":\"https:\/\/staging.forenteforlag.no\/forlaget\/produkt\/atlas-over-fjerne-oyer-2\/#breadcrumb\"},\"inLanguage\":\"nb-NO\",\"potentialAction\":[{\"@type\":\"ReadAction\",\"target\":[\"https:\/\/staging.forenteforlag.no\/forlaget\/produkt\/atlas-over-fjerne-oyer-2\/\"]}]},{\"@type\":\"ImageObject\",\"inLanguage\":\"nb-NO\",\"@id\":\"https:\/\/staging.forenteforlag.no\/forlaget\/produkt\/atlas-over-fjerne-oyer-2\/#primaryimage\",\"url\":\"https:\/\/staging.forenteforlag.no\/forlaget\/wp-content\/uploads\/sites\/3\/2026\/02\/9788232805808.jpg\",\"contentUrl\":\"https:\/\/staging.forenteforlag.no\/forlaget\/wp-content\/uploads\/sites\/3\/2026\/02\/9788232805808.jpg\",\"width\":720,\"height\":1011},{\"@type\":\"BreadcrumbList\",\"@id\":\"https:\/\/staging.forenteforlag.no\/forlaget\/produkt\/atlas-over-fjerne-oyer-2\/#breadcrumb\",\"itemListElement\":[{\"@type\":\"ListItem\",\"position\":1,\"name\":\"Hjem\",\"item\":\"https:\/\/staging.forenteforlag.no\/forlaget\/\"},{\"@type\":\"ListItem\",\"position\":2,\"name\":\"Alle b\u00f8ker\",\"item\":\"https:\/\/staging.forenteforlag.no\/forlaget\/butikk\/\"},{\"@type\":\"ListItem\",\"position\":3,\"name\":\"Atlas over fjerne \u00f8yer\"}]},{\"@type\":\"WebSite\",\"@id\":\"https:\/\/staging.forenteforlag.no\/forlaget\/#website\",\"url\":\"https:\/\/staging.forenteforlag.no\/forlaget\/\",\"name\":\"Forlaget Press\",\"description\":\"\",\"publisher\":{\"@id\":\"https:\/\/staging.forenteforlag.no\/forlaget\/#organization\"},\"potentialAction\":[{\"@type\":\"SearchAction\",\"target\":{\"@type\":\"EntryPoint\",\"urlTemplate\":\"https:\/\/staging.forenteforlag.no\/forlaget\/?s={search_term_string}\"},\"query-input\":{\"@type\":\"PropertyValueSpecification\",\"valueRequired\":true,\"valueName\":\"search_term_string\"}}],\"inLanguage\":\"nb-NO\"},{\"@type\":\"Organization\",\"@id\":\"https:\/\/staging.forenteforlag.no\/forlaget\/#organization\",\"name\":\"Forlaget Press\",\"url\":\"https:\/\/staging.forenteforlag.no\/forlaget\/\",\"logo\":{\"@type\":\"ImageObject\",\"inLanguage\":\"nb-NO\",\"@id\":\"https:\/\/staging.forenteforlag.no\/forlaget\/#\/schema\/logo\/image\/\",\"url\":\"https:\/\/staging.forenteforlag.no\/forlaget\/wp-content\/uploads\/sites\/3\/2024\/09\/Press_logo.svg\",\"contentUrl\":\"https:\/\/staging.forenteforlag.no\/forlaget\/wp-content\/uploads\/sites\/3\/2024\/09\/Press_logo.svg\",\"width\":100,\"height\":100,\"caption\":\"Forlaget Press\"},\"image\":{\"@id\":\"https:\/\/staging.forenteforlag.no\/forlaget\/#\/schema\/logo\/image\/\"},\"sameAs\":[\"https:\/\/www.facebook.com\/Forlagetpress\"]}]}<\/script>\n<!-- \/ Yoast SEO plugin. -->","yoast_head_json":{"title":"Atlas over fjerne \u00f8yer - Forlaget Press","robots":{"index":"noindex","follow":"follow","max-snippet":"max-snippet:-1","max-image-preview":"max-image-preview:large","max-video-preview":"max-video-preview:-1"},"og_locale":"nb_NO","og_type":"article","og_title":"Atlas over fjerne \u00f8yer - Forlaget Press","og_description":"Atlas over fjerne \u00f8yer er p\u00e5 mange m\u00e5ter den voksne Schalanskys hyllest til den imagin\u00e6re reise, til verdens sm\u00e5 og fjerne steder, til de isolerte \u00f8yer og sm\u00e5 kolonier, de som ikke teller eller synes p\u00e5 verdenskartets etablerte virkelighet. Gjennom 50 fjerne \u00f8ygrupper bringes vi tett p\u00e5 fantastiske fortellinger om slaver, sunkne skip og merkelige [&hellip;]","og_url":"https:\/\/staging.forenteforlag.no\/forlaget\/produkt\/atlas-over-fjerne-oyer-2\/","og_site_name":"Forlaget Press","article_publisher":"https:\/\/www.facebook.com\/Forlagetpress","article_modified_time":"2026-03-04T12:59:50+00:00","og_image":[{"width":720,"height":1011,"url":"https:\/\/staging.forenteforlag.no\/forlaget\/wp-content\/uploads\/sites\/3\/2026\/02\/9788232805808.jpg","type":"image\/jpeg"}],"twitter_card":"summary_large_image","schema":{"@context":"https:\/\/schema.org","@graph":[{"@type":"WebPage","@id":"https:\/\/staging.forenteforlag.no\/forlaget\/produkt\/atlas-over-fjerne-oyer-2\/","url":"https:\/\/staging.forenteforlag.no\/forlaget\/produkt\/atlas-over-fjerne-oyer-2\/","name":"Atlas over fjerne \u00f8yer - Forlaget Press","isPartOf":{"@id":"https:\/\/staging.forenteforlag.no\/forlaget\/#website"},"primaryImageOfPage":{"@id":"https:\/\/staging.forenteforlag.no\/forlaget\/produkt\/atlas-over-fjerne-oyer-2\/#primaryimage"},"image":{"@id":"https:\/\/staging.forenteforlag.no\/forlaget\/produkt\/atlas-over-fjerne-oyer-2\/#primaryimage"},"thumbnailUrl":"https:\/\/staging.forenteforlag.no\/forlaget\/wp-content\/uploads\/sites\/3\/2026\/02\/9788232805808.jpg","datePublished":"2023-05-16T00:00:00+00:00","dateModified":"2026-03-04T12:59:50+00:00","breadcrumb":{"@id":"https:\/\/staging.forenteforlag.no\/forlaget\/produkt\/atlas-over-fjerne-oyer-2\/#breadcrumb"},"inLanguage":"nb-NO","potentialAction":[{"@type":"ReadAction","target":["https:\/\/staging.forenteforlag.no\/forlaget\/produkt\/atlas-over-fjerne-oyer-2\/"]}]},{"@type":"ImageObject","inLanguage":"nb-NO","@id":"https:\/\/staging.forenteforlag.no\/forlaget\/produkt\/atlas-over-fjerne-oyer-2\/#primaryimage","url":"https:\/\/staging.forenteforlag.no\/forlaget\/wp-content\/uploads\/sites\/3\/2026\/02\/9788232805808.jpg","contentUrl":"https:\/\/staging.forenteforlag.no\/forlaget\/wp-content\/uploads\/sites\/3\/2026\/02\/9788232805808.jpg","width":720,"height":1011},{"@type":"BreadcrumbList","@id":"https:\/\/staging.forenteforlag.no\/forlaget\/produkt\/atlas-over-fjerne-oyer-2\/#breadcrumb","itemListElement":[{"@type":"ListItem","position":1,"name":"Hjem","item":"https:\/\/staging.forenteforlag.no\/forlaget\/"},{"@type":"ListItem","position":2,"name":"Alle b\u00f8ker","item":"https:\/\/staging.forenteforlag.no\/forlaget\/butikk\/"},{"@type":"ListItem","position":3,"name":"Atlas over fjerne \u00f8yer"}]},{"@type":"WebSite","@id":"https:\/\/staging.forenteforlag.no\/forlaget\/#website","url":"https:\/\/staging.forenteforlag.no\/forlaget\/","name":"Forlaget Press","description":"","publisher":{"@id":"https:\/\/staging.forenteforlag.no\/forlaget\/#organization"},"potentialAction":[{"@type":"SearchAction","target":{"@type":"EntryPoint","urlTemplate":"https:\/\/staging.forenteforlag.no\/forlaget\/?s={search_term_string}"},"query-input":{"@type":"PropertyValueSpecification","valueRequired":true,"valueName":"search_term_string"}}],"inLanguage":"nb-NO"},{"@type":"Organization","@id":"https:\/\/staging.forenteforlag.no\/forlaget\/#organization","name":"Forlaget Press","url":"https:\/\/staging.forenteforlag.no\/forlaget\/","logo":{"@type":"ImageObject","inLanguage":"nb-NO","@id":"https:\/\/staging.forenteforlag.no\/forlaget\/#\/schema\/logo\/image\/","url":"https:\/\/staging.forenteforlag.no\/forlaget\/wp-content\/uploads\/sites\/3\/2024\/09\/Press_logo.svg","contentUrl":"https:\/\/staging.forenteforlag.no\/forlaget\/wp-content\/uploads\/sites\/3\/2024\/09\/Press_logo.svg","width":100,"height":100,"caption":"Forlaget Press"},"image":{"@id":"https:\/\/staging.forenteforlag.no\/forlaget\/#\/schema\/logo\/image\/"},"sameAs":["https:\/\/www.facebook.com\/Forlagetpress"]}]}},"_links":{"self":[{"href":"https:\/\/staging.forenteforlag.no\/forlaget\/wp-json\/wp\/v2\/product\/20343","targetHints":{"allow":["GET"]}}],"collection":[{"href":"https:\/\/staging.forenteforlag.no\/forlaget\/wp-json\/wp\/v2\/product"}],"about":[{"href":"https:\/\/staging.forenteforlag.no\/forlaget\/wp-json\/wp\/v2\/types\/product"}],"wp:featuredmedia":[{"embeddable":true,"href":"https:\/\/staging.forenteforlag.no\/forlaget\/wp-json\/wp\/v2\/media\/26535"}],"wp:attachment":[{"href":"https:\/\/staging.forenteforlag.no\/forlaget\/wp-json\/wp\/v2\/media?parent=20343"}],"wp:term":[{"taxonomy":"product_brand","embeddable":true,"href":"https:\/\/staging.forenteforlag.no\/forlaget\/wp-json\/wp\/v2\/product_brand?post=20343"},{"taxonomy":"product_cat","embeddable":true,"href":"https:\/\/staging.forenteforlag.no\/forlaget\/wp-json\/wp\/v2\/product_cat?post=20343"},{"taxonomy":"product_tag","embeddable":true,"href":"https:\/\/staging.forenteforlag.no\/forlaget\/wp-json\/wp\/v2\/product_tag?post=20343"}],"curies":[{"name":"wp","href":"https:\/\/api.w.org\/{rel}","templated":true}]}}