{"id":20335,"date":"2023-08-29T02:00:00","date_gmt":"2023-08-29T00:00:00","guid":{"rendered":"https:\/\/forlagetpress.forenteforlag.no\/produkt\/utryddelsen-2\/"},"modified":"2026-03-04T13:58:20","modified_gmt":"2026-03-04T12:58:20","slug":"utryddelsen-2","status":"publish","type":"product","link":"https:\/\/staging.forenteforlag.no\/forlaget\/produkt\/utryddelsen-2\/","title":{"rendered":"Utryddelsen"},"content":{"rendered":"<p>Det var det f\u00f8rste norske oljeeventyret. I dag snakker ingen om det. I dr\u00f8ye hundre \u00e5r etter at Svend Foyn oppfant granatharpunen i 1863, var Norge p\u00e5driver, innovat\u00f8r og profit\u00f8r i den st\u00f8rste nedslaktingen av ville dyr verden noensinne har sett: Den globale industrielle hvalfangsten. Norge utviklet teknologi, \u00e5pnet nye fangstfelt og arbeidet internasjonalt for \u00e5 hindre regulering og begrensninger. Da hvalfangstens epoke var over, var nesten ingen igjen av hvalene som hadde fylt verdenshavene. I dypet r\u00e5det en ny stillhet. Langs strendene i S\u00f8rishavet l\u00e5 bare de r\u00e5tnende hvalskrottene igjen. Men de norske hvalfangstrederne hadde blitt rike.   <br \/>Vanlige norske arbeidere bemannet den norske hvalfangstindustriens hvalkokerier og hvalb\u00e5ter. For disse mennene var arbeidet slit, eventyr og mareritt. Etter dem finnes et stort materiale &#8211; fotografier, dagb\u00f8ker, brev &#8211; som forteller om arbeidernes erfaringer fra slaktesonene i S\u00f8rishavet. I Utryddelsen forteller Espen Ytreberg historien om den norske hvalfangsten fra arbeidernes perspektiv. Han tar oss med p\u00e5 fangsten, lar oss f\u00f8lge arbeidernes opplevelser, setter bildene og beretningene deres inn i en st\u00f8rre historisk sammenheng. Utryddelsen er et enest\u00e5ende stykke historieskriving om et avgj\u00f8rende kapittel i norsk historie &#8211; en bok som \u00e5pner den n\u00e6re norske fortiden opp for oss p\u00e5 helt nye m\u00e5ter.<\/p>\n","protected":false},"excerpt":{"rendered":"<p>Det var det f\u00f8rste norske oljeeventyret. I dag snakker ingen om det. I dr\u00f8ye hundre \u00e5r etter at Svend Foyn oppfant granatharpunen i 1863, var Norge p\u00e5driver, innovat\u00f8r og profit\u00f8r i den st\u00f8rste nedslaktingen av ville dyr verden noensinne har sett: Den globale industrielle hvalfangsten. Norge utviklet teknologi, \u00e5pnet nye fangstfelt og arbeidet internasjonalt for [&hellip;]<\/p>\n","protected":false},"featured_media":26500,"template":"","meta":{"_acf_changed":false,"inline_featured_image":false},"product_brand":[],"product_cat":[1781],"product_tag":[362,465,439,466],"class_list":{"0":"post-20335","1":"product","2":"type-product","3":"status-publish","4":"has-post-thumbnail","6":"product_cat-rabattkodekampanje","7":"product_tag-faglitteratur","8":"product_tag-hvalfangst","9":"product_tag-nord-norge","10":"product_tag-sjofartshistorie","12":"first","13":"instock","14":"shipping-taxable","15":"purchasable","16":"product-type-simple"},"acf":{"anmeldelse":[{"tekst_anmeldelser":"\u00abDet som gj\u00f8r boken s\u00e5 god og spennende, er forfatterens bruk av de underbetalte arbeidernes egne stemmer, om sine harde liv i form av brev, notater og bilder. De slitne som tr\u00e5kket i fett, som la seg i fett, som spiste fett, som ble gale av hjemlengsel, som hoppet p\u00e5 sj\u00f8en. Billedbruken er massiv og helt fantastisk, g\u00e5 inn i en bokhandler og bla litt; jeg vet du vil bli hekta!\u00bb","av_anmeldelser":"Stein Roll","terningkast":"<i class=\"fa-solid fa-dice-five\"><\/i>","kilde":"Adresseavisen"},{"tekst_anmeldelser":"\u00abEspen Ytreberg gir oss ambisi\u00f8se perspektiver, fantastiske bilder og et uhyre interessant tema. [...] Det er i de kilden\u00e6re og kreative analysene av hvordan hvalfangsten og -industrien helt konkret utspilte seg at boken er soleklart best. Her makter Ytreberg \u00e5 konfrontere oss med det enorme skjelettet i v\u00e5rt historiske skap.\u00bb","av_anmeldelser":"Bernhard Ellefsen","terningkast":false,"kilde":"Morgenbladet"},{"tekst_anmeldelser":"\u00abB\u00e5de kvaliteten p\u00e5 bildene og ikke minst Ytrebergs fascinerende og sv\u00e6rt velformulerte analyser gj\u00f8r boken til noe langt mer enn ren historiefortelling. I stedet for \u00e5 skrive et stykke n\u00e6ringshistorie, har han skapt en til tider poetisk-realistisk skildring av hva den lille nasjonen Norge gjorde med havets store dyr.\u00bb","av_anmeldelser":"Sven Egil Omdal","terningkast":"<i class=\"fa-solid fa-dice-six\"><\/i>","kilde":"Stavanger Aftenblad"},{"tekst_anmeldelser":"\u00abYtreberg har gjort en imponerende jobb med \u00e5 finne brev, dagb\u00f8ker og memoarer som til sammen gir et sterkt inntrykk av livet i S\u00f8rishavet. [...] Espen Ytreberg har reist et monument over sliterne. Det har de fortjent.\u00bb","av_anmeldelser":"Gunnar Kagge","terningkast":false,"kilde":"Aftenposten"},{"tekst_anmeldelser":"Boken om den industrielle hvalfangsten er rystende lesning og et etterlengtet innblikk i et glemt stykke norsk historie. [...] \u00abEspen Ytreberg formidler hvalfangstens historie p\u00e5 fortryllende vis. [...] I en tid hvor utryddelse av arter er blitt dagligdags, er Ytrebergs bok uvurderlig lesning for \u00e5 forst\u00e5 hvor galt det kan g\u00e5, s\u00e5 vel som et etterlengtet innblikk i et glemt stykke norsk historie.\u00bb","av_anmeldelser":"Varg Lukas Folkman","terningkast":false,"kilde":"Dagens N\u00e6ringsliv"},{"tekst_anmeldelser":"\u00abFremragende tolking av unike bilder gj\u00f8r Utryddelsen til et h\u00f8ydepunkt i \u00e5rets sakprosa. [...] Sjelden har jeg lest en bok som til de grader viser verdien av \u00e5 beherske et tverrfaglig felt som medier og kommunikasjon. Utryddelsen utgj\u00f8r ikke bare en usedvanlig god framstilling av den industrielle norske hvalfangstens historie. Boka fungerer ogs\u00e5 som en allegori, den gir et utvidet bilde av menneskets moderne jakt og matproduksjon, av rovdriften p\u00e5 naturen overhodet.\u00bb","av_anmeldelser":"Tom Egil Hverven","terningkast":false,"kilde":"Klassekampen"},{"tekst_anmeldelser":"\u00abEn fr\u00e5dende framstilling av en virksomhet som fortjener \u00e5 bli et nasjonalt traume. [...Espen Ytrebergs bok om den norske hvalfangstens brutale historie b\u00f8r vekke bred oppmerksomhet.\u00bb","av_anmeldelser":"Jon Rognlien","terningkast":"<i class=\"fa-solid fa-dice-five\"><\/i>","kilde":"Dagbladet"}]},"yoast_head":"<!-- This site is optimized with the Yoast SEO plugin v26.6 - https:\/\/yoast.com\/wordpress\/plugins\/seo\/ -->\n<title>Utryddelsen - Forlaget Press<\/title>\n<meta name=\"robots\" content=\"noindex, follow, max-snippet:-1, max-image-preview:large, max-video-preview:-1\" \/>\n<meta property=\"og:locale\" content=\"nb_NO\" \/>\n<meta property=\"og:type\" content=\"article\" \/>\n<meta property=\"og:title\" content=\"Utryddelsen - Forlaget Press\" \/>\n<meta property=\"og:description\" content=\"Det var det f\u00f8rste norske oljeeventyret. I dag snakker ingen om det. I dr\u00f8ye hundre \u00e5r etter at Svend Foyn oppfant granatharpunen i 1863, var Norge p\u00e5driver, innovat\u00f8r og profit\u00f8r i den st\u00f8rste nedslaktingen av ville dyr verden noensinne har sett: Den globale industrielle hvalfangsten. Norge utviklet teknologi, \u00e5pnet nye fangstfelt og arbeidet internasjonalt for [&hellip;]\" \/>\n<meta property=\"og:url\" content=\"https:\/\/staging.forenteforlag.no\/forlaget\/produkt\/utryddelsen-2\/\" \/>\n<meta property=\"og:site_name\" content=\"Forlaget Press\" \/>\n<meta property=\"article:publisher\" content=\"https:\/\/www.facebook.com\/Forlagetpress\" \/>\n<meta property=\"article:modified_time\" content=\"2026-03-04T12:58:20+00:00\" \/>\n<meta property=\"og:image\" content=\"https:\/\/staging.forenteforlag.no\/forlaget\/wp-content\/uploads\/sites\/3\/2026\/02\/9788232805136.jpg\" \/>\n\t<meta property=\"og:image:width\" content=\"720\" \/>\n\t<meta property=\"og:image:height\" content=\"1073\" \/>\n\t<meta property=\"og:image:type\" content=\"image\/jpeg\" \/>\n<meta name=\"twitter:card\" content=\"summary_large_image\" \/>\n<meta name=\"twitter:label1\" content=\"Ansl. lesetid\" \/>\n\t<meta name=\"twitter:data1\" content=\"1 minutt\" \/>\n<script type=\"application\/ld+json\" class=\"yoast-schema-graph\">{\"@context\":\"https:\/\/schema.org\",\"@graph\":[{\"@type\":\"WebPage\",\"@id\":\"https:\/\/staging.forenteforlag.no\/forlaget\/produkt\/utryddelsen-2\/\",\"url\":\"https:\/\/staging.forenteforlag.no\/forlaget\/produkt\/utryddelsen-2\/\",\"name\":\"Utryddelsen - Forlaget Press\",\"isPartOf\":{\"@id\":\"https:\/\/staging.forenteforlag.no\/forlaget\/#website\"},\"primaryImageOfPage\":{\"@id\":\"https:\/\/staging.forenteforlag.no\/forlaget\/produkt\/utryddelsen-2\/#primaryimage\"},\"image\":{\"@id\":\"https:\/\/staging.forenteforlag.no\/forlaget\/produkt\/utryddelsen-2\/#primaryimage\"},\"thumbnailUrl\":\"https:\/\/staging.forenteforlag.no\/forlaget\/wp-content\/uploads\/sites\/3\/2026\/02\/9788232805136.jpg\",\"datePublished\":\"2023-08-29T00:00:00+00:00\",\"dateModified\":\"2026-03-04T12:58:20+00:00\",\"breadcrumb\":{\"@id\":\"https:\/\/staging.forenteforlag.no\/forlaget\/produkt\/utryddelsen-2\/#breadcrumb\"},\"inLanguage\":\"nb-NO\",\"potentialAction\":[{\"@type\":\"ReadAction\",\"target\":[\"https:\/\/staging.forenteforlag.no\/forlaget\/produkt\/utryddelsen-2\/\"]}]},{\"@type\":\"ImageObject\",\"inLanguage\":\"nb-NO\",\"@id\":\"https:\/\/staging.forenteforlag.no\/forlaget\/produkt\/utryddelsen-2\/#primaryimage\",\"url\":\"https:\/\/staging.forenteforlag.no\/forlaget\/wp-content\/uploads\/sites\/3\/2026\/02\/9788232805136.jpg\",\"contentUrl\":\"https:\/\/staging.forenteforlag.no\/forlaget\/wp-content\/uploads\/sites\/3\/2026\/02\/9788232805136.jpg\",\"width\":720,\"height\":1073},{\"@type\":\"BreadcrumbList\",\"@id\":\"https:\/\/staging.forenteforlag.no\/forlaget\/produkt\/utryddelsen-2\/#breadcrumb\",\"itemListElement\":[{\"@type\":\"ListItem\",\"position\":1,\"name\":\"Hjem\",\"item\":\"https:\/\/staging.forenteforlag.no\/forlaget\/\"},{\"@type\":\"ListItem\",\"position\":2,\"name\":\"Alle b\u00f8ker\",\"item\":\"https:\/\/staging.forenteforlag.no\/forlaget\/butikk\/\"},{\"@type\":\"ListItem\",\"position\":3,\"name\":\"Utryddelsen\"}]},{\"@type\":\"WebSite\",\"@id\":\"https:\/\/staging.forenteforlag.no\/forlaget\/#website\",\"url\":\"https:\/\/staging.forenteforlag.no\/forlaget\/\",\"name\":\"Forlaget Press\",\"description\":\"\",\"publisher\":{\"@id\":\"https:\/\/staging.forenteforlag.no\/forlaget\/#organization\"},\"potentialAction\":[{\"@type\":\"SearchAction\",\"target\":{\"@type\":\"EntryPoint\",\"urlTemplate\":\"https:\/\/staging.forenteforlag.no\/forlaget\/?s={search_term_string}\"},\"query-input\":{\"@type\":\"PropertyValueSpecification\",\"valueRequired\":true,\"valueName\":\"search_term_string\"}}],\"inLanguage\":\"nb-NO\"},{\"@type\":\"Organization\",\"@id\":\"https:\/\/staging.forenteforlag.no\/forlaget\/#organization\",\"name\":\"Forlaget Press\",\"url\":\"https:\/\/staging.forenteforlag.no\/forlaget\/\",\"logo\":{\"@type\":\"ImageObject\",\"inLanguage\":\"nb-NO\",\"@id\":\"https:\/\/staging.forenteforlag.no\/forlaget\/#\/schema\/logo\/image\/\",\"url\":\"https:\/\/staging.forenteforlag.no\/forlaget\/wp-content\/uploads\/sites\/3\/2024\/09\/Press_logo.svg\",\"contentUrl\":\"https:\/\/staging.forenteforlag.no\/forlaget\/wp-content\/uploads\/sites\/3\/2024\/09\/Press_logo.svg\",\"width\":100,\"height\":100,\"caption\":\"Forlaget Press\"},\"image\":{\"@id\":\"https:\/\/staging.forenteforlag.no\/forlaget\/#\/schema\/logo\/image\/\"},\"sameAs\":[\"https:\/\/www.facebook.com\/Forlagetpress\"]}]}<\/script>\n<!-- \/ Yoast SEO plugin. -->","yoast_head_json":{"title":"Utryddelsen - Forlaget Press","robots":{"index":"noindex","follow":"follow","max-snippet":"max-snippet:-1","max-image-preview":"max-image-preview:large","max-video-preview":"max-video-preview:-1"},"og_locale":"nb_NO","og_type":"article","og_title":"Utryddelsen - Forlaget Press","og_description":"Det var det f\u00f8rste norske oljeeventyret. I dag snakker ingen om det. I dr\u00f8ye hundre \u00e5r etter at Svend Foyn oppfant granatharpunen i 1863, var Norge p\u00e5driver, innovat\u00f8r og profit\u00f8r i den st\u00f8rste nedslaktingen av ville dyr verden noensinne har sett: Den globale industrielle hvalfangsten. Norge utviklet teknologi, \u00e5pnet nye fangstfelt og arbeidet internasjonalt for [&hellip;]","og_url":"https:\/\/staging.forenteforlag.no\/forlaget\/produkt\/utryddelsen-2\/","og_site_name":"Forlaget Press","article_publisher":"https:\/\/www.facebook.com\/Forlagetpress","article_modified_time":"2026-03-04T12:58:20+00:00","og_image":[{"width":720,"height":1073,"url":"https:\/\/staging.forenteforlag.no\/forlaget\/wp-content\/uploads\/sites\/3\/2026\/02\/9788232805136.jpg","type":"image\/jpeg"}],"twitter_card":"summary_large_image","twitter_misc":{"Ansl. lesetid":"1 minutt"},"schema":{"@context":"https:\/\/schema.org","@graph":[{"@type":"WebPage","@id":"https:\/\/staging.forenteforlag.no\/forlaget\/produkt\/utryddelsen-2\/","url":"https:\/\/staging.forenteforlag.no\/forlaget\/produkt\/utryddelsen-2\/","name":"Utryddelsen - Forlaget Press","isPartOf":{"@id":"https:\/\/staging.forenteforlag.no\/forlaget\/#website"},"primaryImageOfPage":{"@id":"https:\/\/staging.forenteforlag.no\/forlaget\/produkt\/utryddelsen-2\/#primaryimage"},"image":{"@id":"https:\/\/staging.forenteforlag.no\/forlaget\/produkt\/utryddelsen-2\/#primaryimage"},"thumbnailUrl":"https:\/\/staging.forenteforlag.no\/forlaget\/wp-content\/uploads\/sites\/3\/2026\/02\/9788232805136.jpg","datePublished":"2023-08-29T00:00:00+00:00","dateModified":"2026-03-04T12:58:20+00:00","breadcrumb":{"@id":"https:\/\/staging.forenteforlag.no\/forlaget\/produkt\/utryddelsen-2\/#breadcrumb"},"inLanguage":"nb-NO","potentialAction":[{"@type":"ReadAction","target":["https:\/\/staging.forenteforlag.no\/forlaget\/produkt\/utryddelsen-2\/"]}]},{"@type":"ImageObject","inLanguage":"nb-NO","@id":"https:\/\/staging.forenteforlag.no\/forlaget\/produkt\/utryddelsen-2\/#primaryimage","url":"https:\/\/staging.forenteforlag.no\/forlaget\/wp-content\/uploads\/sites\/3\/2026\/02\/9788232805136.jpg","contentUrl":"https:\/\/staging.forenteforlag.no\/forlaget\/wp-content\/uploads\/sites\/3\/2026\/02\/9788232805136.jpg","width":720,"height":1073},{"@type":"BreadcrumbList","@id":"https:\/\/staging.forenteforlag.no\/forlaget\/produkt\/utryddelsen-2\/#breadcrumb","itemListElement":[{"@type":"ListItem","position":1,"name":"Hjem","item":"https:\/\/staging.forenteforlag.no\/forlaget\/"},{"@type":"ListItem","position":2,"name":"Alle b\u00f8ker","item":"https:\/\/staging.forenteforlag.no\/forlaget\/butikk\/"},{"@type":"ListItem","position":3,"name":"Utryddelsen"}]},{"@type":"WebSite","@id":"https:\/\/staging.forenteforlag.no\/forlaget\/#website","url":"https:\/\/staging.forenteforlag.no\/forlaget\/","name":"Forlaget Press","description":"","publisher":{"@id":"https:\/\/staging.forenteforlag.no\/forlaget\/#organization"},"potentialAction":[{"@type":"SearchAction","target":{"@type":"EntryPoint","urlTemplate":"https:\/\/staging.forenteforlag.no\/forlaget\/?s={search_term_string}"},"query-input":{"@type":"PropertyValueSpecification","valueRequired":true,"valueName":"search_term_string"}}],"inLanguage":"nb-NO"},{"@type":"Organization","@id":"https:\/\/staging.forenteforlag.no\/forlaget\/#organization","name":"Forlaget Press","url":"https:\/\/staging.forenteforlag.no\/forlaget\/","logo":{"@type":"ImageObject","inLanguage":"nb-NO","@id":"https:\/\/staging.forenteforlag.no\/forlaget\/#\/schema\/logo\/image\/","url":"https:\/\/staging.forenteforlag.no\/forlaget\/wp-content\/uploads\/sites\/3\/2024\/09\/Press_logo.svg","contentUrl":"https:\/\/staging.forenteforlag.no\/forlaget\/wp-content\/uploads\/sites\/3\/2024\/09\/Press_logo.svg","width":100,"height":100,"caption":"Forlaget Press"},"image":{"@id":"https:\/\/staging.forenteforlag.no\/forlaget\/#\/schema\/logo\/image\/"},"sameAs":["https:\/\/www.facebook.com\/Forlagetpress"]}]}},"_links":{"self":[{"href":"https:\/\/staging.forenteforlag.no\/forlaget\/wp-json\/wp\/v2\/product\/20335","targetHints":{"allow":["GET"]}}],"collection":[{"href":"https:\/\/staging.forenteforlag.no\/forlaget\/wp-json\/wp\/v2\/product"}],"about":[{"href":"https:\/\/staging.forenteforlag.no\/forlaget\/wp-json\/wp\/v2\/types\/product"}],"wp:featuredmedia":[{"embeddable":true,"href":"https:\/\/staging.forenteforlag.no\/forlaget\/wp-json\/wp\/v2\/media\/26500"}],"wp:attachment":[{"href":"https:\/\/staging.forenteforlag.no\/forlaget\/wp-json\/wp\/v2\/media?parent=20335"}],"wp:term":[{"taxonomy":"product_brand","embeddable":true,"href":"https:\/\/staging.forenteforlag.no\/forlaget\/wp-json\/wp\/v2\/product_brand?post=20335"},{"taxonomy":"product_cat","embeddable":true,"href":"https:\/\/staging.forenteforlag.no\/forlaget\/wp-json\/wp\/v2\/product_cat?post=20335"},{"taxonomy":"product_tag","embeddable":true,"href":"https:\/\/staging.forenteforlag.no\/forlaget\/wp-json\/wp\/v2\/product_tag?post=20335"}],"curies":[{"name":"wp","href":"https:\/\/api.w.org\/{rel}","templated":true}]}}