{"id":20331,"date":"2023-08-28T02:00:00","date_gmt":"2023-08-28T00:00:00","guid":{"rendered":"https:\/\/forlagetpress.forenteforlag.no\/produkt\/kollaboratorene-2\/"},"modified":"2026-03-04T13:58:29","modified_gmt":"2026-03-04T12:58:29","slug":"kollaboratorene-2","status":"publish","type":"product","link":"https:\/\/staging.forenteforlag.no\/forlaget\/produkt\/kollaboratorene-2\/","title":{"rendered":"Kollaborat\u00f8rene"},"content":{"rendered":"<p>Hva er en kollaborat\u00f8r? Hvem dras mot dobbeltspillet? Hva krever kollaborasjonen av svik, forstillelse, manipulasjon, selvbedrag? Og hva sier den om menneskene rundt &#8211; alle dem som m\u00f8ter overl\u00f8peren med tillit eller mistro, de som gj\u00f8r ham eller henne til helt eller skurk? Kollaborat\u00f8rene er en trippelbiografi om tre av andre verdenskrigs mest spektakul\u00e6re skjebner: Felix Kersten, den finsk-estiske levemannen som ble Himmlers personlige mass\u00f8r og n\u00e6re fortrolige. Kawahima Yoshiko, den mandsjuriske prinsessen som spionerte for Japan i Kina, og ble mytologisert som en blanding av Mata Hari og Jeanne d&#8217;Arc i den japanske propagandaen. Og Friedrich Weinreb, den nederlandske j\u00f8den som tjente store penger p\u00e5 \u00e5 tilby hjelp til desperate j\u00f8diske flyktninger &#8211; samtidig som han anga dem til det tyske politiet. Etter krigen ble han forsvart av sine tilhengere som \u00abNederlands Dreyfus\u00bb. <\/p>\n<p>Ian Buruma er kjent for norske lesere som forfatteren av \u00c5r null og Vekten av skyld &#8211; to klassikere i den internasjonale krigslitteraturen. I Kollaborat\u00f8rene vender Buruma tilbake til problemstillinger som har st\u00e5tt sentralt i forfatterskapet hans: skyld og ansvar, historie og minne, myte og sannhet. Samtidig tar han oss med inn i noen av krigens mest dramatiske og fascinerende fortellinger. Kollaborat\u00f8rene er et avsl\u00f8rende biografisk mesterstykke &#8211; og en meditasjon over krigens myter, gr\u00e5soner og skygger.<\/p>\n","protected":false},"excerpt":{"rendered":"<p>Hva er en kollaborat\u00f8r? Hvem dras mot dobbeltspillet? Hva krever kollaborasjonen av svik, forstillelse, manipulasjon, selvbedrag? Og hva sier den om menneskene rundt &#8211; alle dem som m\u00f8ter overl\u00f8peren med tillit eller mistro, de som gj\u00f8r ham eller henne til helt eller skurk? Kollaborat\u00f8rene er en trippelbiografi om tre av andre verdenskrigs mest spektakul\u00e6re skjebner: [&hellip;]<\/p>\n","protected":false},"featured_media":26509,"template":"","meta":{"_acf_changed":false,"inline_featured_image":false},"product_brand":[],"product_cat":[1781],"product_tag":[407,405,362,478],"class_list":{"0":"post-20331","1":"product","2":"type-product","3":"status-publish","4":"has-post-thumbnail","6":"product_cat-rabattkodekampanje","7":"product_tag-1939-1945","8":"product_tag-andre-verdenskrig","9":"product_tag-faglitteratur","10":"product_tag-landssvik","12":"first","13":"instock","14":"shipping-taxable","15":"purchasable","16":"product-type-simple"},"acf":{"anmeldelse":[{"tekst_anmeldelser":"\u00abLivshistoriene til de Kersten, Weinreb og Yoshiko er fascinerende lesning, det samme er Burumas fors\u00f8k p\u00e5 \u00e5 skille deres skr\u00f8ner fra hva som er sant.\u00bb","av_anmeldelser":"Espen S\u00f8bye","terningkast":false,"kilde":"Morgenbladet"}]},"yoast_head":"<!-- This site is optimized with the Yoast SEO plugin v26.6 - https:\/\/yoast.com\/wordpress\/plugins\/seo\/ -->\n<title>Kollaborat\u00f8rene - Forlaget Press<\/title>\n<meta name=\"robots\" content=\"noindex, follow, max-snippet:-1, max-image-preview:large, max-video-preview:-1\" \/>\n<meta property=\"og:locale\" content=\"nb_NO\" \/>\n<meta property=\"og:type\" content=\"article\" \/>\n<meta property=\"og:title\" content=\"Kollaborat\u00f8rene - Forlaget Press\" \/>\n<meta property=\"og:description\" content=\"Hva er en kollaborat\u00f8r? Hvem dras mot dobbeltspillet? Hva krever kollaborasjonen av svik, forstillelse, manipulasjon, selvbedrag? Og hva sier den om menneskene rundt &#8211; alle dem som m\u00f8ter overl\u00f8peren med tillit eller mistro, de som gj\u00f8r ham eller henne til helt eller skurk? Kollaborat\u00f8rene er en trippelbiografi om tre av andre verdenskrigs mest spektakul\u00e6re skjebner: [&hellip;]\" \/>\n<meta property=\"og:url\" content=\"https:\/\/staging.forenteforlag.no\/forlaget\/produkt\/kollaboratorene-2\/\" \/>\n<meta property=\"og:site_name\" content=\"Forlaget Press\" \/>\n<meta property=\"article:publisher\" content=\"https:\/\/www.facebook.com\/Forlagetpress\" \/>\n<meta property=\"article:modified_time\" content=\"2026-03-04T12:58:29+00:00\" \/>\n<meta property=\"og:image\" content=\"https:\/\/staging.forenteforlag.no\/forlaget\/wp-content\/uploads\/sites\/3\/2026\/02\/9788232805228.jpg\" \/>\n\t<meta property=\"og:image:width\" content=\"720\" \/>\n\t<meta property=\"og:image:height\" content=\"1065\" \/>\n\t<meta property=\"og:image:type\" content=\"image\/jpeg\" \/>\n<meta name=\"twitter:card\" content=\"summary_large_image\" \/>\n<meta name=\"twitter:label1\" content=\"Ansl. lesetid\" \/>\n\t<meta name=\"twitter:data1\" content=\"1 minutt\" \/>\n<script type=\"application\/ld+json\" class=\"yoast-schema-graph\">{\"@context\":\"https:\/\/schema.org\",\"@graph\":[{\"@type\":\"WebPage\",\"@id\":\"https:\/\/staging.forenteforlag.no\/forlaget\/produkt\/kollaboratorene-2\/\",\"url\":\"https:\/\/staging.forenteforlag.no\/forlaget\/produkt\/kollaboratorene-2\/\",\"name\":\"Kollaborat\u00f8rene - Forlaget Press\",\"isPartOf\":{\"@id\":\"https:\/\/staging.forenteforlag.no\/forlaget\/#website\"},\"primaryImageOfPage\":{\"@id\":\"https:\/\/staging.forenteforlag.no\/forlaget\/produkt\/kollaboratorene-2\/#primaryimage\"},\"image\":{\"@id\":\"https:\/\/staging.forenteforlag.no\/forlaget\/produkt\/kollaboratorene-2\/#primaryimage\"},\"thumbnailUrl\":\"https:\/\/staging.forenteforlag.no\/forlaget\/wp-content\/uploads\/sites\/3\/2026\/02\/9788232805228.jpg\",\"datePublished\":\"2023-08-28T00:00:00+00:00\",\"dateModified\":\"2026-03-04T12:58:29+00:00\",\"breadcrumb\":{\"@id\":\"https:\/\/staging.forenteforlag.no\/forlaget\/produkt\/kollaboratorene-2\/#breadcrumb\"},\"inLanguage\":\"nb-NO\",\"potentialAction\":[{\"@type\":\"ReadAction\",\"target\":[\"https:\/\/staging.forenteforlag.no\/forlaget\/produkt\/kollaboratorene-2\/\"]}]},{\"@type\":\"ImageObject\",\"inLanguage\":\"nb-NO\",\"@id\":\"https:\/\/staging.forenteforlag.no\/forlaget\/produkt\/kollaboratorene-2\/#primaryimage\",\"url\":\"https:\/\/staging.forenteforlag.no\/forlaget\/wp-content\/uploads\/sites\/3\/2026\/02\/9788232805228.jpg\",\"contentUrl\":\"https:\/\/staging.forenteforlag.no\/forlaget\/wp-content\/uploads\/sites\/3\/2026\/02\/9788232805228.jpg\",\"width\":720,\"height\":1065},{\"@type\":\"BreadcrumbList\",\"@id\":\"https:\/\/staging.forenteforlag.no\/forlaget\/produkt\/kollaboratorene-2\/#breadcrumb\",\"itemListElement\":[{\"@type\":\"ListItem\",\"position\":1,\"name\":\"Hjem\",\"item\":\"https:\/\/staging.forenteforlag.no\/forlaget\/\"},{\"@type\":\"ListItem\",\"position\":2,\"name\":\"Alle b\u00f8ker\",\"item\":\"https:\/\/staging.forenteforlag.no\/forlaget\/butikk\/\"},{\"@type\":\"ListItem\",\"position\":3,\"name\":\"Kollaborat\u00f8rene\"}]},{\"@type\":\"WebSite\",\"@id\":\"https:\/\/staging.forenteforlag.no\/forlaget\/#website\",\"url\":\"https:\/\/staging.forenteforlag.no\/forlaget\/\",\"name\":\"Forlaget Press\",\"description\":\"\",\"publisher\":{\"@id\":\"https:\/\/staging.forenteforlag.no\/forlaget\/#organization\"},\"potentialAction\":[{\"@type\":\"SearchAction\",\"target\":{\"@type\":\"EntryPoint\",\"urlTemplate\":\"https:\/\/staging.forenteforlag.no\/forlaget\/?s={search_term_string}\"},\"query-input\":{\"@type\":\"PropertyValueSpecification\",\"valueRequired\":true,\"valueName\":\"search_term_string\"}}],\"inLanguage\":\"nb-NO\"},{\"@type\":\"Organization\",\"@id\":\"https:\/\/staging.forenteforlag.no\/forlaget\/#organization\",\"name\":\"Forlaget Press\",\"url\":\"https:\/\/staging.forenteforlag.no\/forlaget\/\",\"logo\":{\"@type\":\"ImageObject\",\"inLanguage\":\"nb-NO\",\"@id\":\"https:\/\/staging.forenteforlag.no\/forlaget\/#\/schema\/logo\/image\/\",\"url\":\"https:\/\/staging.forenteforlag.no\/forlaget\/wp-content\/uploads\/sites\/3\/2024\/09\/Press_logo.svg\",\"contentUrl\":\"https:\/\/staging.forenteforlag.no\/forlaget\/wp-content\/uploads\/sites\/3\/2024\/09\/Press_logo.svg\",\"width\":100,\"height\":100,\"caption\":\"Forlaget Press\"},\"image\":{\"@id\":\"https:\/\/staging.forenteforlag.no\/forlaget\/#\/schema\/logo\/image\/\"},\"sameAs\":[\"https:\/\/www.facebook.com\/Forlagetpress\"]}]}<\/script>\n<!-- \/ Yoast SEO plugin. -->","yoast_head_json":{"title":"Kollaborat\u00f8rene - Forlaget Press","robots":{"index":"noindex","follow":"follow","max-snippet":"max-snippet:-1","max-image-preview":"max-image-preview:large","max-video-preview":"max-video-preview:-1"},"og_locale":"nb_NO","og_type":"article","og_title":"Kollaborat\u00f8rene - Forlaget Press","og_description":"Hva er en kollaborat\u00f8r? Hvem dras mot dobbeltspillet? Hva krever kollaborasjonen av svik, forstillelse, manipulasjon, selvbedrag? Og hva sier den om menneskene rundt &#8211; alle dem som m\u00f8ter overl\u00f8peren med tillit eller mistro, de som gj\u00f8r ham eller henne til helt eller skurk? Kollaborat\u00f8rene er en trippelbiografi om tre av andre verdenskrigs mest spektakul\u00e6re skjebner: [&hellip;]","og_url":"https:\/\/staging.forenteforlag.no\/forlaget\/produkt\/kollaboratorene-2\/","og_site_name":"Forlaget Press","article_publisher":"https:\/\/www.facebook.com\/Forlagetpress","article_modified_time":"2026-03-04T12:58:29+00:00","og_image":[{"width":720,"height":1065,"url":"https:\/\/staging.forenteforlag.no\/forlaget\/wp-content\/uploads\/sites\/3\/2026\/02\/9788232805228.jpg","type":"image\/jpeg"}],"twitter_card":"summary_large_image","twitter_misc":{"Ansl. lesetid":"1 minutt"},"schema":{"@context":"https:\/\/schema.org","@graph":[{"@type":"WebPage","@id":"https:\/\/staging.forenteforlag.no\/forlaget\/produkt\/kollaboratorene-2\/","url":"https:\/\/staging.forenteforlag.no\/forlaget\/produkt\/kollaboratorene-2\/","name":"Kollaborat\u00f8rene - Forlaget Press","isPartOf":{"@id":"https:\/\/staging.forenteforlag.no\/forlaget\/#website"},"primaryImageOfPage":{"@id":"https:\/\/staging.forenteforlag.no\/forlaget\/produkt\/kollaboratorene-2\/#primaryimage"},"image":{"@id":"https:\/\/staging.forenteforlag.no\/forlaget\/produkt\/kollaboratorene-2\/#primaryimage"},"thumbnailUrl":"https:\/\/staging.forenteforlag.no\/forlaget\/wp-content\/uploads\/sites\/3\/2026\/02\/9788232805228.jpg","datePublished":"2023-08-28T00:00:00+00:00","dateModified":"2026-03-04T12:58:29+00:00","breadcrumb":{"@id":"https:\/\/staging.forenteforlag.no\/forlaget\/produkt\/kollaboratorene-2\/#breadcrumb"},"inLanguage":"nb-NO","potentialAction":[{"@type":"ReadAction","target":["https:\/\/staging.forenteforlag.no\/forlaget\/produkt\/kollaboratorene-2\/"]}]},{"@type":"ImageObject","inLanguage":"nb-NO","@id":"https:\/\/staging.forenteforlag.no\/forlaget\/produkt\/kollaboratorene-2\/#primaryimage","url":"https:\/\/staging.forenteforlag.no\/forlaget\/wp-content\/uploads\/sites\/3\/2026\/02\/9788232805228.jpg","contentUrl":"https:\/\/staging.forenteforlag.no\/forlaget\/wp-content\/uploads\/sites\/3\/2026\/02\/9788232805228.jpg","width":720,"height":1065},{"@type":"BreadcrumbList","@id":"https:\/\/staging.forenteforlag.no\/forlaget\/produkt\/kollaboratorene-2\/#breadcrumb","itemListElement":[{"@type":"ListItem","position":1,"name":"Hjem","item":"https:\/\/staging.forenteforlag.no\/forlaget\/"},{"@type":"ListItem","position":2,"name":"Alle b\u00f8ker","item":"https:\/\/staging.forenteforlag.no\/forlaget\/butikk\/"},{"@type":"ListItem","position":3,"name":"Kollaborat\u00f8rene"}]},{"@type":"WebSite","@id":"https:\/\/staging.forenteforlag.no\/forlaget\/#website","url":"https:\/\/staging.forenteforlag.no\/forlaget\/","name":"Forlaget Press","description":"","publisher":{"@id":"https:\/\/staging.forenteforlag.no\/forlaget\/#organization"},"potentialAction":[{"@type":"SearchAction","target":{"@type":"EntryPoint","urlTemplate":"https:\/\/staging.forenteforlag.no\/forlaget\/?s={search_term_string}"},"query-input":{"@type":"PropertyValueSpecification","valueRequired":true,"valueName":"search_term_string"}}],"inLanguage":"nb-NO"},{"@type":"Organization","@id":"https:\/\/staging.forenteforlag.no\/forlaget\/#organization","name":"Forlaget Press","url":"https:\/\/staging.forenteforlag.no\/forlaget\/","logo":{"@type":"ImageObject","inLanguage":"nb-NO","@id":"https:\/\/staging.forenteforlag.no\/forlaget\/#\/schema\/logo\/image\/","url":"https:\/\/staging.forenteforlag.no\/forlaget\/wp-content\/uploads\/sites\/3\/2024\/09\/Press_logo.svg","contentUrl":"https:\/\/staging.forenteforlag.no\/forlaget\/wp-content\/uploads\/sites\/3\/2024\/09\/Press_logo.svg","width":100,"height":100,"caption":"Forlaget Press"},"image":{"@id":"https:\/\/staging.forenteforlag.no\/forlaget\/#\/schema\/logo\/image\/"},"sameAs":["https:\/\/www.facebook.com\/Forlagetpress"]}]}},"_links":{"self":[{"href":"https:\/\/staging.forenteforlag.no\/forlaget\/wp-json\/wp\/v2\/product\/20331","targetHints":{"allow":["GET"]}}],"collection":[{"href":"https:\/\/staging.forenteforlag.no\/forlaget\/wp-json\/wp\/v2\/product"}],"about":[{"href":"https:\/\/staging.forenteforlag.no\/forlaget\/wp-json\/wp\/v2\/types\/product"}],"wp:featuredmedia":[{"embeddable":true,"href":"https:\/\/staging.forenteforlag.no\/forlaget\/wp-json\/wp\/v2\/media\/26509"}],"wp:attachment":[{"href":"https:\/\/staging.forenteforlag.no\/forlaget\/wp-json\/wp\/v2\/media?parent=20331"}],"wp:term":[{"taxonomy":"product_brand","embeddable":true,"href":"https:\/\/staging.forenteforlag.no\/forlaget\/wp-json\/wp\/v2\/product_brand?post=20331"},{"taxonomy":"product_cat","embeddable":true,"href":"https:\/\/staging.forenteforlag.no\/forlaget\/wp-json\/wp\/v2\/product_cat?post=20331"},{"taxonomy":"product_tag","embeddable":true,"href":"https:\/\/staging.forenteforlag.no\/forlaget\/wp-json\/wp\/v2\/product_tag?post=20331"}],"curies":[{"name":"wp","href":"https:\/\/api.w.org\/{rel}","templated":true}]}}