{"id":20325,"date":"2023-08-16T02:00:00","date_gmt":"2023-08-16T00:00:00","guid":{"rendered":"https:\/\/forlagetpress.forenteforlag.no\/produkt\/skygger-av-liv-du-kunne-ha-levd-2\/"},"modified":"2026-03-04T13:59:14","modified_gmt":"2026-03-04T12:59:14","slug":"skygger-av-liv-du-kunne-ha-levd-2","status":"publish","type":"product","link":"https:\/\/staging.forenteforlag.no\/forlaget\/produkt\/skygger-av-liv-du-kunne-ha-levd-2\/","title":{"rendered":"Skygger av liv du kunne ha levd"},"content":{"rendered":"<p>\u00abHistorien om min egen barndom er en komplisert setning som jeg alltid pr\u00f8ver \u00e5 fullf\u00f8re, skrive ferdig og legge bak meg.\u00bb.  <\/p>\n<p>P\u00e5 landsbygda i England i etterkrigstiden vokser Hilary Mantel opp som \u00aben liten, blek pike etter Blackpool-feberen, men med hodet fullt av ridderdikt og selvsikkerheten som kommer av dyp innsikt i rytteri og sverdkunst\u00bb &#8211; overbevist om at alt hun m\u00e5tte \u00f8nske, er mulig \u00e5 oppn\u00e5. I stedet blir hun som nitten\u00e5ring rammet av en konstant smerte som f\u00f8rer til mange \u00e5r med feildiagnoser, destruktive medisiner og patroniserende psykiatri, og som ender med en operasjon som ikke l\u00f8ser problemene, men som derimot gj\u00f8r at hun aldri kan f\u00e5 barn. Omgitt av smerte og tristhet bestemmer hun seg for \u00e5 \u00abskrive seg levende\u00bb &#8211; den ene romanen etter den andre&#8230;  <\/p>\n<p>Skygger av liv du kunne ha levd er gir oss bakteppet for et enest\u00e5ende forfatterskap som varte i 35 \u00e5r, fra debutromanen Every Day is Mother&#8217;s Day i 1985 til utgivelsen av Speilet og lyset i 2020 &#8211; f\u00f8r forfatteren d\u00f8de bare 70 \u00e5r gammel h\u00f8sten 2022. Memoaren Skygger av liv du kunne ha levd er ogs\u00e5 en unik og viktig f\u00f8rsteh\u00e5ndsberetning om det \u00e5 leve med kvinnesykdommen endometriose, en sykdom som antas \u00e5 forekomme hos en av ti kvinner.  <\/p>\n<p>K\u00e5ret av New York Times som en av de 50 beste memoarene de siste 50 \u00e5r.<\/p>\n","protected":false},"excerpt":{"rendered":"<p>\u00abHistorien om min egen barndom er en komplisert setning som jeg alltid pr\u00f8ver \u00e5 fullf\u00f8re, skrive ferdig og legge bak meg.\u00bb. P\u00e5 landsbygda i England i etterkrigstiden vokser Hilary Mantel opp som \u00aben liten, blek pike etter Blackpool-feberen, men med hodet fullt av ridderdikt og selvsikkerheten som kommer av dyp innsikt i rytteri og sverdkunst\u00bb [&hellip;]<\/p>\n","protected":false},"featured_media":26521,"template":"","meta":{"_acf_changed":false,"inline_featured_image":false},"product_brand":[],"product_cat":[1781],"product_tag":[414,362,413,412,1740,383,411],"class_list":{"0":"post-20325","1":"product","2":"type-product","3":"status-publish","4":"has-post-thumbnail","6":"product_cat-rabattkodekampanje","7":"product_tag-england","8":"product_tag-faglitteratur","9":"product_tag-forfattere","10":"product_tag-gynekologi","11":"product_tag-hverdagsbetraktninger","12":"product_tag-personlige-beretninger","13":"product_tag-smerter","15":"first","16":"instock","17":"shipping-taxable","18":"purchasable","19":"product-type-simple"},"acf":{"anmeldelse":[{"tekst_anmeldelser":"\u00abSkarpt om s\u00e5r historie [...] Her finnes en overflod av skarpe observasjoner og formuleringer \u00e5 fryde seg over. Selv ondskapen tar hun brodden av med vittigheter.\u00bb","av_anmeldelser":"Inger Bentzrud","terningkast":"<i class=\"fa-solid fa-dice-five\"><\/i>","kilde":"Dagbladet"},{"tekst_anmeldelser":"Hilary Mantels blikk ligner ikke det vi andre vandrer rundt med. Hilary Mantels gl\u00f8dende sterke memoarer utkom f\u00f8r de litter\u00e6re verkene som for alvor gjorde henne ber\u00f8mt. De ser ut til \u00e5 ha f\u00e5tt noe til \u00e5 l\u00f8sne. [...] Teksten er oversatt med st\u00f8dig h\u00e5nd av Hege Mehren, som har valgt \u00e5 oversette Giving Up the Ghosts som Skygger av liv jeg kunne ha levd. Det er en god tittel som levner disse bemerkelsesverdige memoarene \u00e6re.","av_anmeldelser":"Janne Stigen Drangsholt","terningkast":false,"kilde":"Morgenbladet"},{"tekst_anmeldelser":"\u00abDet er en liten bragd \u00e5 fortelle en slik historie uten spor av selvmedlidenhet. S\u00e5rbarheten er der, men side om side med besk satire, analytisk skarpsyn og befriende komikk . som samlet gir en desto st\u00f8rre innsikt i Mantels integritet; her forst\u00e5tt som det du har , det du er , det som ble.\u00bb","av_anmeldelser":"Kaja Schjerven Mollerin","terningkast":false,"kilde":"Klassekampen"}]},"yoast_head":"<!-- This site is optimized with the Yoast SEO plugin v26.6 - https:\/\/yoast.com\/wordpress\/plugins\/seo\/ -->\n<title>Skygger av liv du kunne ha levd - Forlaget Press<\/title>\n<meta name=\"robots\" content=\"noindex, follow, max-snippet:-1, max-image-preview:large, max-video-preview:-1\" \/>\n<meta property=\"og:locale\" content=\"nb_NO\" \/>\n<meta property=\"og:type\" content=\"article\" \/>\n<meta property=\"og:title\" content=\"Skygger av liv du kunne ha levd - Forlaget Press\" \/>\n<meta property=\"og:description\" content=\"\u00abHistorien om min egen barndom er en komplisert setning som jeg alltid pr\u00f8ver \u00e5 fullf\u00f8re, skrive ferdig og legge bak meg.\u00bb. P\u00e5 landsbygda i England i etterkrigstiden vokser Hilary Mantel opp som \u00aben liten, blek pike etter Blackpool-feberen, men med hodet fullt av ridderdikt og selvsikkerheten som kommer av dyp innsikt i rytteri og sverdkunst\u00bb [&hellip;]\" \/>\n<meta property=\"og:url\" content=\"https:\/\/staging.forenteforlag.no\/forlaget\/produkt\/skygger-av-liv-du-kunne-ha-levd-2\/\" \/>\n<meta property=\"og:site_name\" content=\"Forlaget Press\" \/>\n<meta property=\"article:publisher\" content=\"https:\/\/www.facebook.com\/Forlagetpress\" \/>\n<meta property=\"article:modified_time\" content=\"2026-03-04T12:59:14+00:00\" \/>\n<meta property=\"og:image\" content=\"https:\/\/staging.forenteforlag.no\/forlaget\/wp-content\/uploads\/sites\/3\/2026\/02\/9788232805464.jpg\" \/>\n\t<meta property=\"og:image:width\" content=\"720\" \/>\n\t<meta property=\"og:image:height\" content=\"1113\" \/>\n\t<meta property=\"og:image:type\" content=\"image\/jpeg\" \/>\n<meta name=\"twitter:card\" content=\"summary_large_image\" \/>\n<meta name=\"twitter:label1\" content=\"Ansl. lesetid\" \/>\n\t<meta name=\"twitter:data1\" content=\"1 minutt\" \/>\n<script type=\"application\/ld+json\" class=\"yoast-schema-graph\">{\"@context\":\"https:\/\/schema.org\",\"@graph\":[{\"@type\":\"WebPage\",\"@id\":\"https:\/\/staging.forenteforlag.no\/forlaget\/produkt\/skygger-av-liv-du-kunne-ha-levd-2\/\",\"url\":\"https:\/\/staging.forenteforlag.no\/forlaget\/produkt\/skygger-av-liv-du-kunne-ha-levd-2\/\",\"name\":\"Skygger av liv du kunne ha levd - Forlaget Press\",\"isPartOf\":{\"@id\":\"https:\/\/staging.forenteforlag.no\/forlaget\/#website\"},\"primaryImageOfPage\":{\"@id\":\"https:\/\/staging.forenteforlag.no\/forlaget\/produkt\/skygger-av-liv-du-kunne-ha-levd-2\/#primaryimage\"},\"image\":{\"@id\":\"https:\/\/staging.forenteforlag.no\/forlaget\/produkt\/skygger-av-liv-du-kunne-ha-levd-2\/#primaryimage\"},\"thumbnailUrl\":\"https:\/\/staging.forenteforlag.no\/forlaget\/wp-content\/uploads\/sites\/3\/2026\/02\/9788232805464.jpg\",\"datePublished\":\"2023-08-16T00:00:00+00:00\",\"dateModified\":\"2026-03-04T12:59:14+00:00\",\"breadcrumb\":{\"@id\":\"https:\/\/staging.forenteforlag.no\/forlaget\/produkt\/skygger-av-liv-du-kunne-ha-levd-2\/#breadcrumb\"},\"inLanguage\":\"nb-NO\",\"potentialAction\":[{\"@type\":\"ReadAction\",\"target\":[\"https:\/\/staging.forenteforlag.no\/forlaget\/produkt\/skygger-av-liv-du-kunne-ha-levd-2\/\"]}]},{\"@type\":\"ImageObject\",\"inLanguage\":\"nb-NO\",\"@id\":\"https:\/\/staging.forenteforlag.no\/forlaget\/produkt\/skygger-av-liv-du-kunne-ha-levd-2\/#primaryimage\",\"url\":\"https:\/\/staging.forenteforlag.no\/forlaget\/wp-content\/uploads\/sites\/3\/2026\/02\/9788232805464.jpg\",\"contentUrl\":\"https:\/\/staging.forenteforlag.no\/forlaget\/wp-content\/uploads\/sites\/3\/2026\/02\/9788232805464.jpg\",\"width\":720,\"height\":1113},{\"@type\":\"BreadcrumbList\",\"@id\":\"https:\/\/staging.forenteforlag.no\/forlaget\/produkt\/skygger-av-liv-du-kunne-ha-levd-2\/#breadcrumb\",\"itemListElement\":[{\"@type\":\"ListItem\",\"position\":1,\"name\":\"Hjem\",\"item\":\"https:\/\/staging.forenteforlag.no\/forlaget\/\"},{\"@type\":\"ListItem\",\"position\":2,\"name\":\"Alle b\u00f8ker\",\"item\":\"https:\/\/staging.forenteforlag.no\/forlaget\/butikk\/\"},{\"@type\":\"ListItem\",\"position\":3,\"name\":\"Skygger av liv du kunne ha levd\"}]},{\"@type\":\"WebSite\",\"@id\":\"https:\/\/staging.forenteforlag.no\/forlaget\/#website\",\"url\":\"https:\/\/staging.forenteforlag.no\/forlaget\/\",\"name\":\"Forlaget Press\",\"description\":\"\",\"publisher\":{\"@id\":\"https:\/\/staging.forenteforlag.no\/forlaget\/#organization\"},\"potentialAction\":[{\"@type\":\"SearchAction\",\"target\":{\"@type\":\"EntryPoint\",\"urlTemplate\":\"https:\/\/staging.forenteforlag.no\/forlaget\/?s={search_term_string}\"},\"query-input\":{\"@type\":\"PropertyValueSpecification\",\"valueRequired\":true,\"valueName\":\"search_term_string\"}}],\"inLanguage\":\"nb-NO\"},{\"@type\":\"Organization\",\"@id\":\"https:\/\/staging.forenteforlag.no\/forlaget\/#organization\",\"name\":\"Forlaget Press\",\"url\":\"https:\/\/staging.forenteforlag.no\/forlaget\/\",\"logo\":{\"@type\":\"ImageObject\",\"inLanguage\":\"nb-NO\",\"@id\":\"https:\/\/staging.forenteforlag.no\/forlaget\/#\/schema\/logo\/image\/\",\"url\":\"https:\/\/staging.forenteforlag.no\/forlaget\/wp-content\/uploads\/sites\/3\/2024\/09\/Press_logo.svg\",\"contentUrl\":\"https:\/\/staging.forenteforlag.no\/forlaget\/wp-content\/uploads\/sites\/3\/2024\/09\/Press_logo.svg\",\"width\":100,\"height\":100,\"caption\":\"Forlaget Press\"},\"image\":{\"@id\":\"https:\/\/staging.forenteforlag.no\/forlaget\/#\/schema\/logo\/image\/\"},\"sameAs\":[\"https:\/\/www.facebook.com\/Forlagetpress\"]}]}<\/script>\n<!-- \/ Yoast SEO plugin. -->","yoast_head_json":{"title":"Skygger av liv du kunne ha levd - Forlaget Press","robots":{"index":"noindex","follow":"follow","max-snippet":"max-snippet:-1","max-image-preview":"max-image-preview:large","max-video-preview":"max-video-preview:-1"},"og_locale":"nb_NO","og_type":"article","og_title":"Skygger av liv du kunne ha levd - Forlaget Press","og_description":"\u00abHistorien om min egen barndom er en komplisert setning som jeg alltid pr\u00f8ver \u00e5 fullf\u00f8re, skrive ferdig og legge bak meg.\u00bb. P\u00e5 landsbygda i England i etterkrigstiden vokser Hilary Mantel opp som \u00aben liten, blek pike etter Blackpool-feberen, men med hodet fullt av ridderdikt og selvsikkerheten som kommer av dyp innsikt i rytteri og sverdkunst\u00bb [&hellip;]","og_url":"https:\/\/staging.forenteforlag.no\/forlaget\/produkt\/skygger-av-liv-du-kunne-ha-levd-2\/","og_site_name":"Forlaget Press","article_publisher":"https:\/\/www.facebook.com\/Forlagetpress","article_modified_time":"2026-03-04T12:59:14+00:00","og_image":[{"width":720,"height":1113,"url":"https:\/\/staging.forenteforlag.no\/forlaget\/wp-content\/uploads\/sites\/3\/2026\/02\/9788232805464.jpg","type":"image\/jpeg"}],"twitter_card":"summary_large_image","twitter_misc":{"Ansl. lesetid":"1 minutt"},"schema":{"@context":"https:\/\/schema.org","@graph":[{"@type":"WebPage","@id":"https:\/\/staging.forenteforlag.no\/forlaget\/produkt\/skygger-av-liv-du-kunne-ha-levd-2\/","url":"https:\/\/staging.forenteforlag.no\/forlaget\/produkt\/skygger-av-liv-du-kunne-ha-levd-2\/","name":"Skygger av liv du kunne ha levd - Forlaget Press","isPartOf":{"@id":"https:\/\/staging.forenteforlag.no\/forlaget\/#website"},"primaryImageOfPage":{"@id":"https:\/\/staging.forenteforlag.no\/forlaget\/produkt\/skygger-av-liv-du-kunne-ha-levd-2\/#primaryimage"},"image":{"@id":"https:\/\/staging.forenteforlag.no\/forlaget\/produkt\/skygger-av-liv-du-kunne-ha-levd-2\/#primaryimage"},"thumbnailUrl":"https:\/\/staging.forenteforlag.no\/forlaget\/wp-content\/uploads\/sites\/3\/2026\/02\/9788232805464.jpg","datePublished":"2023-08-16T00:00:00+00:00","dateModified":"2026-03-04T12:59:14+00:00","breadcrumb":{"@id":"https:\/\/staging.forenteforlag.no\/forlaget\/produkt\/skygger-av-liv-du-kunne-ha-levd-2\/#breadcrumb"},"inLanguage":"nb-NO","potentialAction":[{"@type":"ReadAction","target":["https:\/\/staging.forenteforlag.no\/forlaget\/produkt\/skygger-av-liv-du-kunne-ha-levd-2\/"]}]},{"@type":"ImageObject","inLanguage":"nb-NO","@id":"https:\/\/staging.forenteforlag.no\/forlaget\/produkt\/skygger-av-liv-du-kunne-ha-levd-2\/#primaryimage","url":"https:\/\/staging.forenteforlag.no\/forlaget\/wp-content\/uploads\/sites\/3\/2026\/02\/9788232805464.jpg","contentUrl":"https:\/\/staging.forenteforlag.no\/forlaget\/wp-content\/uploads\/sites\/3\/2026\/02\/9788232805464.jpg","width":720,"height":1113},{"@type":"BreadcrumbList","@id":"https:\/\/staging.forenteforlag.no\/forlaget\/produkt\/skygger-av-liv-du-kunne-ha-levd-2\/#breadcrumb","itemListElement":[{"@type":"ListItem","position":1,"name":"Hjem","item":"https:\/\/staging.forenteforlag.no\/forlaget\/"},{"@type":"ListItem","position":2,"name":"Alle b\u00f8ker","item":"https:\/\/staging.forenteforlag.no\/forlaget\/butikk\/"},{"@type":"ListItem","position":3,"name":"Skygger av liv du kunne ha levd"}]},{"@type":"WebSite","@id":"https:\/\/staging.forenteforlag.no\/forlaget\/#website","url":"https:\/\/staging.forenteforlag.no\/forlaget\/","name":"Forlaget Press","description":"","publisher":{"@id":"https:\/\/staging.forenteforlag.no\/forlaget\/#organization"},"potentialAction":[{"@type":"SearchAction","target":{"@type":"EntryPoint","urlTemplate":"https:\/\/staging.forenteforlag.no\/forlaget\/?s={search_term_string}"},"query-input":{"@type":"PropertyValueSpecification","valueRequired":true,"valueName":"search_term_string"}}],"inLanguage":"nb-NO"},{"@type":"Organization","@id":"https:\/\/staging.forenteforlag.no\/forlaget\/#organization","name":"Forlaget Press","url":"https:\/\/staging.forenteforlag.no\/forlaget\/","logo":{"@type":"ImageObject","inLanguage":"nb-NO","@id":"https:\/\/staging.forenteforlag.no\/forlaget\/#\/schema\/logo\/image\/","url":"https:\/\/staging.forenteforlag.no\/forlaget\/wp-content\/uploads\/sites\/3\/2024\/09\/Press_logo.svg","contentUrl":"https:\/\/staging.forenteforlag.no\/forlaget\/wp-content\/uploads\/sites\/3\/2024\/09\/Press_logo.svg","width":100,"height":100,"caption":"Forlaget Press"},"image":{"@id":"https:\/\/staging.forenteforlag.no\/forlaget\/#\/schema\/logo\/image\/"},"sameAs":["https:\/\/www.facebook.com\/Forlagetpress"]}]}},"_links":{"self":[{"href":"https:\/\/staging.forenteforlag.no\/forlaget\/wp-json\/wp\/v2\/product\/20325","targetHints":{"allow":["GET"]}}],"collection":[{"href":"https:\/\/staging.forenteforlag.no\/forlaget\/wp-json\/wp\/v2\/product"}],"about":[{"href":"https:\/\/staging.forenteforlag.no\/forlaget\/wp-json\/wp\/v2\/types\/product"}],"wp:featuredmedia":[{"embeddable":true,"href":"https:\/\/staging.forenteforlag.no\/forlaget\/wp-json\/wp\/v2\/media\/26521"}],"wp:attachment":[{"href":"https:\/\/staging.forenteforlag.no\/forlaget\/wp-json\/wp\/v2\/media?parent=20325"}],"wp:term":[{"taxonomy":"product_brand","embeddable":true,"href":"https:\/\/staging.forenteforlag.no\/forlaget\/wp-json\/wp\/v2\/product_brand?post=20325"},{"taxonomy":"product_cat","embeddable":true,"href":"https:\/\/staging.forenteforlag.no\/forlaget\/wp-json\/wp\/v2\/product_cat?post=20325"},{"taxonomy":"product_tag","embeddable":true,"href":"https:\/\/staging.forenteforlag.no\/forlaget\/wp-json\/wp\/v2\/product_tag?post=20325"}],"curies":[{"name":"wp","href":"https:\/\/api.w.org\/{rel}","templated":true}]}}