{"id":20315,"date":"2022-02-14T01:00:00","date_gmt":"2022-02-14T00:00:00","guid":{"rendered":"https:\/\/forlagetpress.forenteforlag.no\/produkt\/bombemafiaen-2\/"},"modified":"2026-03-04T13:56:37","modified_gmt":"2026-03-04T12:56:37","slug":"bombemafiaen-2","status":"publish","type":"product","link":"https:\/\/staging.forenteforlag.no\/forlaget\/produkt\/bombemafiaen-2\/","title":{"rendered":"Bombemafiaen"},"content":{"rendered":"<p>I \u00e5rene f\u00f8r andre verdenskrig, p\u00e5 en s\u00f8vnig flyv\u00e5penbase i Alabama, la en liten gruppe piloter frem en radikal id\u00e9. Hva om man gjorde bombing fra fly s\u00e5 n\u00f8yaktig at kriger utelukkende kunne utkjempes fra luften? Hva om man for all fremtid kunne unng\u00e5 brutale og kostbare bakkekriger? <\/p>\n<p>Bombemafiaen forteller historien om hva som skjedde da dr\u00f8mmen ble satt p\u00e5 pr\u00f8ve. Vi f\u00f8lger et tilbaketrukket nederlandsk geni og hans hjemmelagde datamaskin, Winstons Churchills sadistiske bestevenn, noen pyromanigale kjemikere ved Harvard og ikke minst generalene Hansell og LeMay. P\u00e5 Guam m\u00f8tes de endelig ansikt til ansikt, det ender med at en av dem blir sendt hjem, mens den andre blir ansvarlig for andre verdenskrigs lengste natt.   <\/p>\n<p>I denne fortellingen om innovasjon og besettelse stiller. Gladwell sp\u00f8rsm\u00e5let om hva som skjer n\u00e5r teknologi og de beste intensjoner kolliderer i krigens hete. Og hva som egentlig er prisen for fremskritt.<\/p>\n","protected":false},"excerpt":{"rendered":"<p>I \u00e5rene f\u00f8r andre verdenskrig, p\u00e5 en s\u00f8vnig flyv\u00e5penbase i Alabama, la en liten gruppe piloter frem en radikal id\u00e9. Hva om man gjorde bombing fra fly s\u00e5 n\u00f8yaktig at kriger utelukkende kunne utkjempes fra luften? Hva om man for all fremtid kunne unng\u00e5 brutale og kostbare bakkekriger? Bombemafiaen forteller historien om hva som skjedde [&hellip;]<\/p>\n","protected":false},"featured_media":26461,"template":"","meta":{"_acf_changed":false,"inline_featured_image":false},"product_brand":[],"product_cat":[1781],"product_tag":[407,405,1003,362,433,1752,434],"class_list":{"0":"post-20315","1":"product","2":"type-product","3":"status-publish","4":"has-post-thumbnail","6":"product_cat-rabattkodekampanje","7":"product_tag-1939-1945","8":"product_tag-andre-verdenskrig","9":"product_tag-atomvapen","10":"product_tag-faglitteratur","11":"product_tag-flyvapenet","12":"product_tag-medisinsk-teknologi","13":"product_tag-usa","15":"first","16":"instock","17":"shipping-taxable","18":"purchasable","19":"product-type-simple"},"acf":{"anmeldelse":[{"tekst_anmeldelser":"\u00abBemerkelsesverdig. . . et kunstverk . . . man legger denne boken fra seg og rister p\u00e5 hodet over d\u00e5rskapen og den menneskelige prisen for alt dette.\u00bb","av_anmeldelser":"","terningkast":false,"kilde":"Wall Street Journal"},{"tekst_anmeldelser":"\u00abGladwell er en rockestjerne innenfor sakprosa ... historiene er briljant fortalt, ideene avdekkes langsomt slik at leserne til slutt kommer til en konklusjon de ikke forventet.\u00bb","av_anmeldelser":"","terningkast":false,"kilde":"The Times"},{"tekst_anmeldelser":"\u00abFantastisk skrevet, mesterlig.\u00bb","av_anmeldelser":"","terningkast":false,"kilde":"Financial Times"},{"tekst_anmeldelser":"\u00ab[...] grundig researchet og mesterlig fortalt. Gladwell drar oss begeistret med fra den ene teknologiske duppeditten til den andre, fra den ene strategiske vurderingen til den neste, helt til du kommer rundt et hj\u00f8rne og stirrer rett inn i m\u00f8rkets hjerte, og du skj\u00f8nner hva det er du har v\u00e6rt med p\u00e5.\u00bb","av_anmeldelser":"Ola Hegdal","terningkast":false,"kilde":"NRK"}]},"yoast_head":"<!-- This site is optimized with the Yoast SEO plugin v26.6 - https:\/\/yoast.com\/wordpress\/plugins\/seo\/ -->\n<title>Bombemafiaen - Forlaget Press<\/title>\n<meta name=\"robots\" content=\"noindex, follow, max-snippet:-1, max-image-preview:large, max-video-preview:-1\" \/>\n<meta property=\"og:locale\" content=\"nb_NO\" \/>\n<meta property=\"og:type\" content=\"article\" \/>\n<meta property=\"og:title\" content=\"Bombemafiaen - Forlaget Press\" \/>\n<meta property=\"og:description\" content=\"I \u00e5rene f\u00f8r andre verdenskrig, p\u00e5 en s\u00f8vnig flyv\u00e5penbase i Alabama, la en liten gruppe piloter frem en radikal id\u00e9. Hva om man gjorde bombing fra fly s\u00e5 n\u00f8yaktig at kriger utelukkende kunne utkjempes fra luften? Hva om man for all fremtid kunne unng\u00e5 brutale og kostbare bakkekriger? Bombemafiaen forteller historien om hva som skjedde [&hellip;]\" \/>\n<meta property=\"og:url\" content=\"https:\/\/staging.forenteforlag.no\/forlaget\/produkt\/bombemafiaen-2\/\" \/>\n<meta property=\"og:site_name\" content=\"Forlaget Press\" \/>\n<meta property=\"article:publisher\" content=\"https:\/\/www.facebook.com\/Forlagetpress\" \/>\n<meta property=\"article:modified_time\" content=\"2026-03-04T12:56:37+00:00\" \/>\n<meta property=\"og:image\" content=\"https:\/\/staging.forenteforlag.no\/forlaget\/wp-content\/uploads\/sites\/3\/2026\/02\/9788232804573.jpg\" \/>\n\t<meta property=\"og:image:width\" content=\"720\" \/>\n\t<meta property=\"og:image:height\" content=\"1062\" \/>\n\t<meta property=\"og:image:type\" content=\"image\/jpeg\" \/>\n<meta name=\"twitter:card\" content=\"summary_large_image\" \/>\n<meta name=\"twitter:label1\" content=\"Ansl. lesetid\" \/>\n\t<meta name=\"twitter:data1\" content=\"1 minutt\" \/>\n<script type=\"application\/ld+json\" class=\"yoast-schema-graph\">{\"@context\":\"https:\/\/schema.org\",\"@graph\":[{\"@type\":\"WebPage\",\"@id\":\"https:\/\/staging.forenteforlag.no\/forlaget\/produkt\/bombemafiaen-2\/\",\"url\":\"https:\/\/staging.forenteforlag.no\/forlaget\/produkt\/bombemafiaen-2\/\",\"name\":\"Bombemafiaen - Forlaget Press\",\"isPartOf\":{\"@id\":\"https:\/\/staging.forenteforlag.no\/forlaget\/#website\"},\"primaryImageOfPage\":{\"@id\":\"https:\/\/staging.forenteforlag.no\/forlaget\/produkt\/bombemafiaen-2\/#primaryimage\"},\"image\":{\"@id\":\"https:\/\/staging.forenteforlag.no\/forlaget\/produkt\/bombemafiaen-2\/#primaryimage\"},\"thumbnailUrl\":\"https:\/\/staging.forenteforlag.no\/forlaget\/wp-content\/uploads\/sites\/3\/2026\/02\/9788232804573.jpg\",\"datePublished\":\"2022-02-14T00:00:00+00:00\",\"dateModified\":\"2026-03-04T12:56:37+00:00\",\"breadcrumb\":{\"@id\":\"https:\/\/staging.forenteforlag.no\/forlaget\/produkt\/bombemafiaen-2\/#breadcrumb\"},\"inLanguage\":\"nb-NO\",\"potentialAction\":[{\"@type\":\"ReadAction\",\"target\":[\"https:\/\/staging.forenteforlag.no\/forlaget\/produkt\/bombemafiaen-2\/\"]}]},{\"@type\":\"ImageObject\",\"inLanguage\":\"nb-NO\",\"@id\":\"https:\/\/staging.forenteforlag.no\/forlaget\/produkt\/bombemafiaen-2\/#primaryimage\",\"url\":\"https:\/\/staging.forenteforlag.no\/forlaget\/wp-content\/uploads\/sites\/3\/2026\/02\/9788232804573.jpg\",\"contentUrl\":\"https:\/\/staging.forenteforlag.no\/forlaget\/wp-content\/uploads\/sites\/3\/2026\/02\/9788232804573.jpg\",\"width\":720,\"height\":1062},{\"@type\":\"BreadcrumbList\",\"@id\":\"https:\/\/staging.forenteforlag.no\/forlaget\/produkt\/bombemafiaen-2\/#breadcrumb\",\"itemListElement\":[{\"@type\":\"ListItem\",\"position\":1,\"name\":\"Hjem\",\"item\":\"https:\/\/staging.forenteforlag.no\/forlaget\/\"},{\"@type\":\"ListItem\",\"position\":2,\"name\":\"Alle b\u00f8ker\",\"item\":\"https:\/\/staging.forenteforlag.no\/forlaget\/butikk\/\"},{\"@type\":\"ListItem\",\"position\":3,\"name\":\"Bombemafiaen\"}]},{\"@type\":\"WebSite\",\"@id\":\"https:\/\/staging.forenteforlag.no\/forlaget\/#website\",\"url\":\"https:\/\/staging.forenteforlag.no\/forlaget\/\",\"name\":\"Forlaget Press\",\"description\":\"\",\"publisher\":{\"@id\":\"https:\/\/staging.forenteforlag.no\/forlaget\/#organization\"},\"potentialAction\":[{\"@type\":\"SearchAction\",\"target\":{\"@type\":\"EntryPoint\",\"urlTemplate\":\"https:\/\/staging.forenteforlag.no\/forlaget\/?s={search_term_string}\"},\"query-input\":{\"@type\":\"PropertyValueSpecification\",\"valueRequired\":true,\"valueName\":\"search_term_string\"}}],\"inLanguage\":\"nb-NO\"},{\"@type\":\"Organization\",\"@id\":\"https:\/\/staging.forenteforlag.no\/forlaget\/#organization\",\"name\":\"Forlaget Press\",\"url\":\"https:\/\/staging.forenteforlag.no\/forlaget\/\",\"logo\":{\"@type\":\"ImageObject\",\"inLanguage\":\"nb-NO\",\"@id\":\"https:\/\/staging.forenteforlag.no\/forlaget\/#\/schema\/logo\/image\/\",\"url\":\"https:\/\/staging.forenteforlag.no\/forlaget\/wp-content\/uploads\/sites\/3\/2024\/09\/Press_logo.svg\",\"contentUrl\":\"https:\/\/staging.forenteforlag.no\/forlaget\/wp-content\/uploads\/sites\/3\/2024\/09\/Press_logo.svg\",\"width\":100,\"height\":100,\"caption\":\"Forlaget Press\"},\"image\":{\"@id\":\"https:\/\/staging.forenteforlag.no\/forlaget\/#\/schema\/logo\/image\/\"},\"sameAs\":[\"https:\/\/www.facebook.com\/Forlagetpress\"]}]}<\/script>\n<!-- \/ Yoast SEO plugin. -->","yoast_head_json":{"title":"Bombemafiaen - Forlaget Press","robots":{"index":"noindex","follow":"follow","max-snippet":"max-snippet:-1","max-image-preview":"max-image-preview:large","max-video-preview":"max-video-preview:-1"},"og_locale":"nb_NO","og_type":"article","og_title":"Bombemafiaen - Forlaget Press","og_description":"I \u00e5rene f\u00f8r andre verdenskrig, p\u00e5 en s\u00f8vnig flyv\u00e5penbase i Alabama, la en liten gruppe piloter frem en radikal id\u00e9. Hva om man gjorde bombing fra fly s\u00e5 n\u00f8yaktig at kriger utelukkende kunne utkjempes fra luften? Hva om man for all fremtid kunne unng\u00e5 brutale og kostbare bakkekriger? Bombemafiaen forteller historien om hva som skjedde [&hellip;]","og_url":"https:\/\/staging.forenteforlag.no\/forlaget\/produkt\/bombemafiaen-2\/","og_site_name":"Forlaget Press","article_publisher":"https:\/\/www.facebook.com\/Forlagetpress","article_modified_time":"2026-03-04T12:56:37+00:00","og_image":[{"width":720,"height":1062,"url":"https:\/\/staging.forenteforlag.no\/forlaget\/wp-content\/uploads\/sites\/3\/2026\/02\/9788232804573.jpg","type":"image\/jpeg"}],"twitter_card":"summary_large_image","twitter_misc":{"Ansl. lesetid":"1 minutt"},"schema":{"@context":"https:\/\/schema.org","@graph":[{"@type":"WebPage","@id":"https:\/\/staging.forenteforlag.no\/forlaget\/produkt\/bombemafiaen-2\/","url":"https:\/\/staging.forenteforlag.no\/forlaget\/produkt\/bombemafiaen-2\/","name":"Bombemafiaen - Forlaget Press","isPartOf":{"@id":"https:\/\/staging.forenteforlag.no\/forlaget\/#website"},"primaryImageOfPage":{"@id":"https:\/\/staging.forenteforlag.no\/forlaget\/produkt\/bombemafiaen-2\/#primaryimage"},"image":{"@id":"https:\/\/staging.forenteforlag.no\/forlaget\/produkt\/bombemafiaen-2\/#primaryimage"},"thumbnailUrl":"https:\/\/staging.forenteforlag.no\/forlaget\/wp-content\/uploads\/sites\/3\/2026\/02\/9788232804573.jpg","datePublished":"2022-02-14T00:00:00+00:00","dateModified":"2026-03-04T12:56:37+00:00","breadcrumb":{"@id":"https:\/\/staging.forenteforlag.no\/forlaget\/produkt\/bombemafiaen-2\/#breadcrumb"},"inLanguage":"nb-NO","potentialAction":[{"@type":"ReadAction","target":["https:\/\/staging.forenteforlag.no\/forlaget\/produkt\/bombemafiaen-2\/"]}]},{"@type":"ImageObject","inLanguage":"nb-NO","@id":"https:\/\/staging.forenteforlag.no\/forlaget\/produkt\/bombemafiaen-2\/#primaryimage","url":"https:\/\/staging.forenteforlag.no\/forlaget\/wp-content\/uploads\/sites\/3\/2026\/02\/9788232804573.jpg","contentUrl":"https:\/\/staging.forenteforlag.no\/forlaget\/wp-content\/uploads\/sites\/3\/2026\/02\/9788232804573.jpg","width":720,"height":1062},{"@type":"BreadcrumbList","@id":"https:\/\/staging.forenteforlag.no\/forlaget\/produkt\/bombemafiaen-2\/#breadcrumb","itemListElement":[{"@type":"ListItem","position":1,"name":"Hjem","item":"https:\/\/staging.forenteforlag.no\/forlaget\/"},{"@type":"ListItem","position":2,"name":"Alle b\u00f8ker","item":"https:\/\/staging.forenteforlag.no\/forlaget\/butikk\/"},{"@type":"ListItem","position":3,"name":"Bombemafiaen"}]},{"@type":"WebSite","@id":"https:\/\/staging.forenteforlag.no\/forlaget\/#website","url":"https:\/\/staging.forenteforlag.no\/forlaget\/","name":"Forlaget Press","description":"","publisher":{"@id":"https:\/\/staging.forenteforlag.no\/forlaget\/#organization"},"potentialAction":[{"@type":"SearchAction","target":{"@type":"EntryPoint","urlTemplate":"https:\/\/staging.forenteforlag.no\/forlaget\/?s={search_term_string}"},"query-input":{"@type":"PropertyValueSpecification","valueRequired":true,"valueName":"search_term_string"}}],"inLanguage":"nb-NO"},{"@type":"Organization","@id":"https:\/\/staging.forenteforlag.no\/forlaget\/#organization","name":"Forlaget Press","url":"https:\/\/staging.forenteforlag.no\/forlaget\/","logo":{"@type":"ImageObject","inLanguage":"nb-NO","@id":"https:\/\/staging.forenteforlag.no\/forlaget\/#\/schema\/logo\/image\/","url":"https:\/\/staging.forenteforlag.no\/forlaget\/wp-content\/uploads\/sites\/3\/2024\/09\/Press_logo.svg","contentUrl":"https:\/\/staging.forenteforlag.no\/forlaget\/wp-content\/uploads\/sites\/3\/2024\/09\/Press_logo.svg","width":100,"height":100,"caption":"Forlaget Press"},"image":{"@id":"https:\/\/staging.forenteforlag.no\/forlaget\/#\/schema\/logo\/image\/"},"sameAs":["https:\/\/www.facebook.com\/Forlagetpress"]}]}},"_links":{"self":[{"href":"https:\/\/staging.forenteforlag.no\/forlaget\/wp-json\/wp\/v2\/product\/20315","targetHints":{"allow":["GET"]}}],"collection":[{"href":"https:\/\/staging.forenteforlag.no\/forlaget\/wp-json\/wp\/v2\/product"}],"about":[{"href":"https:\/\/staging.forenteforlag.no\/forlaget\/wp-json\/wp\/v2\/types\/product"}],"wp:featuredmedia":[{"embeddable":true,"href":"https:\/\/staging.forenteforlag.no\/forlaget\/wp-json\/wp\/v2\/media\/26461"}],"wp:attachment":[{"href":"https:\/\/staging.forenteforlag.no\/forlaget\/wp-json\/wp\/v2\/media?parent=20315"}],"wp:term":[{"taxonomy":"product_brand","embeddable":true,"href":"https:\/\/staging.forenteforlag.no\/forlaget\/wp-json\/wp\/v2\/product_brand?post=20315"},{"taxonomy":"product_cat","embeddable":true,"href":"https:\/\/staging.forenteforlag.no\/forlaget\/wp-json\/wp\/v2\/product_cat?post=20315"},{"taxonomy":"product_tag","embeddable":true,"href":"https:\/\/staging.forenteforlag.no\/forlaget\/wp-json\/wp\/v2\/product_tag?post=20315"}],"curies":[{"name":"wp","href":"https:\/\/api.w.org\/{rel}","templated":true}]}}