{"id":20307,"date":"2022-04-22T02:00:00","date_gmt":"2022-04-22T00:00:00","guid":{"rendered":"https:\/\/forlagetpress.forenteforlag.no\/produkt\/den-tause-planeten-3\/"},"modified":"2026-03-04T13:56:09","modified_gmt":"2026-03-04T12:56:09","slug":"den-tause-planeten-3","status":"publish","type":"product","link":"https:\/\/staging.forenteforlag.no\/forlaget\/produkt\/den-tause-planeten-3\/","title":{"rendered":"Den tause planeten"},"content":{"rendered":"<p>Insekter er sm\u00e5, men deres betydning for alt liv p\u00e5 jorden er enorm. N\u00e5 blir det stadig f\u00e6rre av dem &#8211; siden 1970 kan vi ha mistet over 75 prosent av verdens insekter. For hvert \u00e5r har det blitt f\u00e6rre sommerfugler, f\u00e6rre humler &#8211; f\u00e6rre av nesten hele myriaden av sm\u00e5 kryp. Vi n\u00e6rmer oss en apokalypse. Hvis denne tilbakegangen fortsetter, vil det v\u00e6re skjebnesvangert for verden slik vi kjenner den.   <\/p>\n<p>Dave Goulson har v\u00e6rt fascinert av insekter hele livet, og er i dag en av verdens ledende forskere p\u00e5 feltet. I Den tause planeten formidler han all sin kunnskap og sitt lidenskapelige engasjement gjennom en kj\u00e6rlighetserkl\u00e6ring til naturen og insekter &#8211; i form av en bok som b\u00e5de er en alarmklokke og et manifest for et gr\u00f8nnere og mer insektvennlig samfunn. For selv om tiden er i ferd med \u00e5 l\u00f8pe fra oss, er det enn\u00e5 ikke for sent. De fleste artene er fremdeles ikke utryddet, og hvis vi gir dem litt bedre betingelser, kan bestandene vokse igjen. Vi m\u00e5 bare v\u00e6re oss \u00e5 leve som om vi er en del av naturen, ikke noe utenfor den. Og f\u00f8rste skritt p\u00e5 veien er \u00e5 begynne \u00e5 ta vare p\u00e5 insektene, disse sm\u00e5 skapningene som f\u00e5r verden til \u00e5 g\u00e5 rundt.<\/p>\n","protected":false},"excerpt":{"rendered":"<p>Insekter er sm\u00e5, men deres betydning for alt liv p\u00e5 jorden er enorm. N\u00e5 blir det stadig f\u00e6rre av dem &#8211; siden 1970 kan vi ha mistet over 75 prosent av verdens insekter. For hvert \u00e5r har det blitt f\u00e6rre sommerfugler, f\u00e6rre humler &#8211; f\u00e6rre av nesten hele myriaden av sm\u00e5 kryp. Vi n\u00e6rmer oss [&hellip;]<\/p>\n","protected":false},"featured_media":26456,"template":"","meta":{"_acf_changed":false,"inline_featured_image":false},"product_brand":[],"product_cat":[1781],"product_tag":[362,853,676,569,392],"class_list":{"0":"post-20307","1":"product","2":"type-product","3":"status-publish","4":"has-post-thumbnail","6":"product_cat-rabattkodekampanje","7":"product_tag-faglitteratur","8":"product_tag-insekter","9":"product_tag-klimaendringer","10":"product_tag-okologisk-balanse","11":"product_tag-samfunnsanalyse","13":"first","14":"instock","15":"shipping-taxable","16":"purchasable","17":"product-type-simple"},"acf":{"anmeldelse":[{"tekst_anmeldelser":"\u00abDet skal godt gj\u00f8res \u00e5 vekke lesernes engasjement for spyfluer og gj\u00f8dselgravere. Dave Goulson har gjort et ypperlig fors\u00f8k.\u00bb","av_anmeldelser":"Anna Serafima S. Kvam","terningkast":"<i class=\"fa-solid fa-dice-five\"><\/i>","kilde":"Stavanger Aftenblad"},{"tekst_anmeldelser":"\u00abHer ligger h\u00e5pet for v\u00e5r arme jord [...] Det er frydefullt \u00e5 lese hans smidige, lekende setninger med selvironisk islett, og professoren evner \u00e5 forene det lidenskapelige med det vitenskapelige. Boka er b\u00e5de fascinerende og frast\u00f8tende.\u00bb","av_anmeldelser":"Arne Dvergsdal","terningkast":"<i class=\"fa-solid fa-dice-six\"><\/i>","kilde":"Dagbladet"},{"tekst_anmeldelser":"\u00abHvis Den tause planeten inneholder et enkelt ubestridelig budskap, er det at naturen - insekter, blomster, planter, tr\u00e6r, fugler og pattedyr, inkludert v\u00e5r art - er ett helt og sammenhengende system [...] Denne kraftfulle boken forteller oss at vi m\u00e5 handle som om vi forst\u00e5r denne essensielle sannheten.\u00bb","av_anmeldelser":"Mark Cocker","terningkast":false,"kilde":"Financial Times"},{"tekst_anmeldelser":"\u00abDette er en viktig bok!\u00bb","av_anmeldelser":"Dag O. Hessen,  professor i biologi ved UiO og for","terningkast":false,"kilde":""},{"tekst_anmeldelser":"\u00abMin sp\u00e5dom er at denne boka kommer til \u00e5 bli st\u00e5ende. Den er viktig, velskrevet, godt komponert - og dramatisk. Goulson f\u00e5r frem alvoret i situasjonen og vi drives fremover, side for side.\u00bb","av_anmeldelser":"Andrew K. Kroglund","terningkast":false,"kilde":"V\u00e5rt Land"},{"tekst_anmeldelser":"\u00abGoulson er en rivende dyktig formidler av biologisk forskning, og gj\u00f8r en sv\u00e6rt god jobb med \u00e5 vise det s\u00e6regne ved insektene, samt myriadene av evolusjon\u00e6re nisjer de fyller. Spesielt underholdende er sm\u00e5 beskrivelser mellom hvert kapittel - av uhyggelige, fantastiske eller ekle insekter som i hvert fall undertegnede aldri hadde h\u00f8rt om f\u00f8r.\u00bb","av_anmeldelser":"Varg Lukas Folkman","terningkast":false,"kilde":"D2"},{"tekst_anmeldelser":"\u00ab[Er] dette bare trist lesning? Nei, slett ikke. Dels fordi den underliggende kj\u00e6rligheten til insektene skinner gjennom, og dels fordi boka ogs\u00e5 gir h\u00e5p, med sine mange forslag til hva enkeltpersoner og myndigheter kan gj\u00f8re. [...] Ogs\u00e5 Goulsons skrivestil letter lesningen. Han er tydelig, iblant krass, og kommer ofte med sm\u00e5 t\u00f8rrvittige innsmett. Hvert kapittel rundes dessuten av med et g\u00f8yalt eksempel fra insektverdenen.\u00bb","av_anmeldelser":"Anne Sverdrup-Thygeson","terningkast":false,"kilde":"Klassekampen"},{"tekst_anmeldelser":"\u00abIkke bare ekstremt l\u00e6rerik, men ogs\u00e5 s\u00e6rdeles underholdende: Goulsons slentrende tone og humoristiske sans gj\u00f8r at banebrytende forskning blir en ren glede \u00e5 lese. For alle som er interesserte i naturen, er dette essensiell lesning.\u00bb","av_anmeldelser":"","terningkast":false,"kilde":"Independent"}]},"yoast_head":"<!-- This site is optimized with the Yoast SEO plugin v26.6 - https:\/\/yoast.com\/wordpress\/plugins\/seo\/ -->\n<title>Den tause planeten - Forlaget Press<\/title>\n<meta name=\"robots\" content=\"noindex, follow, max-snippet:-1, max-image-preview:large, max-video-preview:-1\" \/>\n<meta property=\"og:locale\" content=\"nb_NO\" \/>\n<meta property=\"og:type\" content=\"article\" \/>\n<meta property=\"og:title\" content=\"Den tause planeten - Forlaget Press\" \/>\n<meta property=\"og:description\" content=\"Insekter er sm\u00e5, men deres betydning for alt liv p\u00e5 jorden er enorm. N\u00e5 blir det stadig f\u00e6rre av dem &#8211; siden 1970 kan vi ha mistet over 75 prosent av verdens insekter. For hvert \u00e5r har det blitt f\u00e6rre sommerfugler, f\u00e6rre humler &#8211; f\u00e6rre av nesten hele myriaden av sm\u00e5 kryp. Vi n\u00e6rmer oss [&hellip;]\" \/>\n<meta property=\"og:url\" content=\"https:\/\/staging.forenteforlag.no\/forlaget\/produkt\/den-tause-planeten-3\/\" \/>\n<meta property=\"og:site_name\" content=\"Forlaget Press\" \/>\n<meta property=\"article:publisher\" content=\"https:\/\/www.facebook.com\/Forlagetpress\" \/>\n<meta property=\"article:modified_time\" content=\"2026-03-04T12:56:09+00:00\" \/>\n<meta property=\"og:image\" content=\"https:\/\/staging.forenteforlag.no\/forlaget\/wp-content\/uploads\/sites\/3\/2026\/02\/9788232804467.jpg\" \/>\n\t<meta property=\"og:image:width\" content=\"720\" \/>\n\t<meta property=\"og:image:height\" content=\"1062\" \/>\n\t<meta property=\"og:image:type\" content=\"image\/jpeg\" \/>\n<meta name=\"twitter:card\" content=\"summary_large_image\" \/>\n<meta name=\"twitter:label1\" content=\"Ansl. lesetid\" \/>\n\t<meta name=\"twitter:data1\" content=\"1 minutt\" \/>\n<script type=\"application\/ld+json\" class=\"yoast-schema-graph\">{\"@context\":\"https:\/\/schema.org\",\"@graph\":[{\"@type\":\"WebPage\",\"@id\":\"https:\/\/staging.forenteforlag.no\/forlaget\/produkt\/den-tause-planeten-3\/\",\"url\":\"https:\/\/staging.forenteforlag.no\/forlaget\/produkt\/den-tause-planeten-3\/\",\"name\":\"Den tause planeten - Forlaget Press\",\"isPartOf\":{\"@id\":\"https:\/\/staging.forenteforlag.no\/forlaget\/#website\"},\"primaryImageOfPage\":{\"@id\":\"https:\/\/staging.forenteforlag.no\/forlaget\/produkt\/den-tause-planeten-3\/#primaryimage\"},\"image\":{\"@id\":\"https:\/\/staging.forenteforlag.no\/forlaget\/produkt\/den-tause-planeten-3\/#primaryimage\"},\"thumbnailUrl\":\"https:\/\/staging.forenteforlag.no\/forlaget\/wp-content\/uploads\/sites\/3\/2026\/02\/9788232804467.jpg\",\"datePublished\":\"2022-04-22T00:00:00+00:00\",\"dateModified\":\"2026-03-04T12:56:09+00:00\",\"breadcrumb\":{\"@id\":\"https:\/\/staging.forenteforlag.no\/forlaget\/produkt\/den-tause-planeten-3\/#breadcrumb\"},\"inLanguage\":\"nb-NO\",\"potentialAction\":[{\"@type\":\"ReadAction\",\"target\":[\"https:\/\/staging.forenteforlag.no\/forlaget\/produkt\/den-tause-planeten-3\/\"]}]},{\"@type\":\"ImageObject\",\"inLanguage\":\"nb-NO\",\"@id\":\"https:\/\/staging.forenteforlag.no\/forlaget\/produkt\/den-tause-planeten-3\/#primaryimage\",\"url\":\"https:\/\/staging.forenteforlag.no\/forlaget\/wp-content\/uploads\/sites\/3\/2026\/02\/9788232804467.jpg\",\"contentUrl\":\"https:\/\/staging.forenteforlag.no\/forlaget\/wp-content\/uploads\/sites\/3\/2026\/02\/9788232804467.jpg\",\"width\":720,\"height\":1062},{\"@type\":\"BreadcrumbList\",\"@id\":\"https:\/\/staging.forenteforlag.no\/forlaget\/produkt\/den-tause-planeten-3\/#breadcrumb\",\"itemListElement\":[{\"@type\":\"ListItem\",\"position\":1,\"name\":\"Hjem\",\"item\":\"https:\/\/staging.forenteforlag.no\/forlaget\/\"},{\"@type\":\"ListItem\",\"position\":2,\"name\":\"Alle b\u00f8ker\",\"item\":\"https:\/\/staging.forenteforlag.no\/forlaget\/butikk\/\"},{\"@type\":\"ListItem\",\"position\":3,\"name\":\"Den tause planeten\"}]},{\"@type\":\"WebSite\",\"@id\":\"https:\/\/staging.forenteforlag.no\/forlaget\/#website\",\"url\":\"https:\/\/staging.forenteforlag.no\/forlaget\/\",\"name\":\"Forlaget Press\",\"description\":\"\",\"publisher\":{\"@id\":\"https:\/\/staging.forenteforlag.no\/forlaget\/#organization\"},\"potentialAction\":[{\"@type\":\"SearchAction\",\"target\":{\"@type\":\"EntryPoint\",\"urlTemplate\":\"https:\/\/staging.forenteforlag.no\/forlaget\/?s={search_term_string}\"},\"query-input\":{\"@type\":\"PropertyValueSpecification\",\"valueRequired\":true,\"valueName\":\"search_term_string\"}}],\"inLanguage\":\"nb-NO\"},{\"@type\":\"Organization\",\"@id\":\"https:\/\/staging.forenteforlag.no\/forlaget\/#organization\",\"name\":\"Forlaget Press\",\"url\":\"https:\/\/staging.forenteforlag.no\/forlaget\/\",\"logo\":{\"@type\":\"ImageObject\",\"inLanguage\":\"nb-NO\",\"@id\":\"https:\/\/staging.forenteforlag.no\/forlaget\/#\/schema\/logo\/image\/\",\"url\":\"https:\/\/staging.forenteforlag.no\/forlaget\/wp-content\/uploads\/sites\/3\/2024\/09\/Press_logo.svg\",\"contentUrl\":\"https:\/\/staging.forenteforlag.no\/forlaget\/wp-content\/uploads\/sites\/3\/2024\/09\/Press_logo.svg\",\"width\":100,\"height\":100,\"caption\":\"Forlaget Press\"},\"image\":{\"@id\":\"https:\/\/staging.forenteforlag.no\/forlaget\/#\/schema\/logo\/image\/\"},\"sameAs\":[\"https:\/\/www.facebook.com\/Forlagetpress\"]}]}<\/script>\n<!-- \/ Yoast SEO plugin. -->","yoast_head_json":{"title":"Den tause planeten - Forlaget Press","robots":{"index":"noindex","follow":"follow","max-snippet":"max-snippet:-1","max-image-preview":"max-image-preview:large","max-video-preview":"max-video-preview:-1"},"og_locale":"nb_NO","og_type":"article","og_title":"Den tause planeten - Forlaget Press","og_description":"Insekter er sm\u00e5, men deres betydning for alt liv p\u00e5 jorden er enorm. N\u00e5 blir det stadig f\u00e6rre av dem &#8211; siden 1970 kan vi ha mistet over 75 prosent av verdens insekter. For hvert \u00e5r har det blitt f\u00e6rre sommerfugler, f\u00e6rre humler &#8211; f\u00e6rre av nesten hele myriaden av sm\u00e5 kryp. Vi n\u00e6rmer oss [&hellip;]","og_url":"https:\/\/staging.forenteforlag.no\/forlaget\/produkt\/den-tause-planeten-3\/","og_site_name":"Forlaget Press","article_publisher":"https:\/\/www.facebook.com\/Forlagetpress","article_modified_time":"2026-03-04T12:56:09+00:00","og_image":[{"width":720,"height":1062,"url":"https:\/\/staging.forenteforlag.no\/forlaget\/wp-content\/uploads\/sites\/3\/2026\/02\/9788232804467.jpg","type":"image\/jpeg"}],"twitter_card":"summary_large_image","twitter_misc":{"Ansl. lesetid":"1 minutt"},"schema":{"@context":"https:\/\/schema.org","@graph":[{"@type":"WebPage","@id":"https:\/\/staging.forenteforlag.no\/forlaget\/produkt\/den-tause-planeten-3\/","url":"https:\/\/staging.forenteforlag.no\/forlaget\/produkt\/den-tause-planeten-3\/","name":"Den tause planeten - Forlaget Press","isPartOf":{"@id":"https:\/\/staging.forenteforlag.no\/forlaget\/#website"},"primaryImageOfPage":{"@id":"https:\/\/staging.forenteforlag.no\/forlaget\/produkt\/den-tause-planeten-3\/#primaryimage"},"image":{"@id":"https:\/\/staging.forenteforlag.no\/forlaget\/produkt\/den-tause-planeten-3\/#primaryimage"},"thumbnailUrl":"https:\/\/staging.forenteforlag.no\/forlaget\/wp-content\/uploads\/sites\/3\/2026\/02\/9788232804467.jpg","datePublished":"2022-04-22T00:00:00+00:00","dateModified":"2026-03-04T12:56:09+00:00","breadcrumb":{"@id":"https:\/\/staging.forenteforlag.no\/forlaget\/produkt\/den-tause-planeten-3\/#breadcrumb"},"inLanguage":"nb-NO","potentialAction":[{"@type":"ReadAction","target":["https:\/\/staging.forenteforlag.no\/forlaget\/produkt\/den-tause-planeten-3\/"]}]},{"@type":"ImageObject","inLanguage":"nb-NO","@id":"https:\/\/staging.forenteforlag.no\/forlaget\/produkt\/den-tause-planeten-3\/#primaryimage","url":"https:\/\/staging.forenteforlag.no\/forlaget\/wp-content\/uploads\/sites\/3\/2026\/02\/9788232804467.jpg","contentUrl":"https:\/\/staging.forenteforlag.no\/forlaget\/wp-content\/uploads\/sites\/3\/2026\/02\/9788232804467.jpg","width":720,"height":1062},{"@type":"BreadcrumbList","@id":"https:\/\/staging.forenteforlag.no\/forlaget\/produkt\/den-tause-planeten-3\/#breadcrumb","itemListElement":[{"@type":"ListItem","position":1,"name":"Hjem","item":"https:\/\/staging.forenteforlag.no\/forlaget\/"},{"@type":"ListItem","position":2,"name":"Alle b\u00f8ker","item":"https:\/\/staging.forenteforlag.no\/forlaget\/butikk\/"},{"@type":"ListItem","position":3,"name":"Den tause planeten"}]},{"@type":"WebSite","@id":"https:\/\/staging.forenteforlag.no\/forlaget\/#website","url":"https:\/\/staging.forenteforlag.no\/forlaget\/","name":"Forlaget Press","description":"","publisher":{"@id":"https:\/\/staging.forenteforlag.no\/forlaget\/#organization"},"potentialAction":[{"@type":"SearchAction","target":{"@type":"EntryPoint","urlTemplate":"https:\/\/staging.forenteforlag.no\/forlaget\/?s={search_term_string}"},"query-input":{"@type":"PropertyValueSpecification","valueRequired":true,"valueName":"search_term_string"}}],"inLanguage":"nb-NO"},{"@type":"Organization","@id":"https:\/\/staging.forenteforlag.no\/forlaget\/#organization","name":"Forlaget Press","url":"https:\/\/staging.forenteforlag.no\/forlaget\/","logo":{"@type":"ImageObject","inLanguage":"nb-NO","@id":"https:\/\/staging.forenteforlag.no\/forlaget\/#\/schema\/logo\/image\/","url":"https:\/\/staging.forenteforlag.no\/forlaget\/wp-content\/uploads\/sites\/3\/2024\/09\/Press_logo.svg","contentUrl":"https:\/\/staging.forenteforlag.no\/forlaget\/wp-content\/uploads\/sites\/3\/2024\/09\/Press_logo.svg","width":100,"height":100,"caption":"Forlaget Press"},"image":{"@id":"https:\/\/staging.forenteforlag.no\/forlaget\/#\/schema\/logo\/image\/"},"sameAs":["https:\/\/www.facebook.com\/Forlagetpress"]}]}},"_links":{"self":[{"href":"https:\/\/staging.forenteforlag.no\/forlaget\/wp-json\/wp\/v2\/product\/20307","targetHints":{"allow":["GET"]}}],"collection":[{"href":"https:\/\/staging.forenteforlag.no\/forlaget\/wp-json\/wp\/v2\/product"}],"about":[{"href":"https:\/\/staging.forenteforlag.no\/forlaget\/wp-json\/wp\/v2\/types\/product"}],"wp:featuredmedia":[{"embeddable":true,"href":"https:\/\/staging.forenteforlag.no\/forlaget\/wp-json\/wp\/v2\/media\/26456"}],"wp:attachment":[{"href":"https:\/\/staging.forenteforlag.no\/forlaget\/wp-json\/wp\/v2\/media?parent=20307"}],"wp:term":[{"taxonomy":"product_brand","embeddable":true,"href":"https:\/\/staging.forenteforlag.no\/forlaget\/wp-json\/wp\/v2\/product_brand?post=20307"},{"taxonomy":"product_cat","embeddable":true,"href":"https:\/\/staging.forenteforlag.no\/forlaget\/wp-json\/wp\/v2\/product_cat?post=20307"},{"taxonomy":"product_tag","embeddable":true,"href":"https:\/\/staging.forenteforlag.no\/forlaget\/wp-json\/wp\/v2\/product_tag?post=20307"}],"curies":[{"name":"wp","href":"https:\/\/api.w.org\/{rel}","templated":true}]}}