{"id":20291,"date":"2021-10-22T02:00:00","date_gmt":"2021-10-22T00:00:00","guid":{"rendered":"https:\/\/forlagetpress.forenteforlag.no\/produkt\/til-verdens-ende-2\/"},"modified":"2026-03-04T13:50:32","modified_gmt":"2026-03-04T12:50:32","slug":"til-verdens-ende-2","status":"publish","type":"product","link":"https:\/\/staging.forenteforlag.no\/forlaget\/produkt\/til-verdens-ende-2\/","title":{"rendered":"Til verdens ende"},"content":{"rendered":"<p>Hun er engelsk, hun har giftet seg med en rik mann, hun har havnet ved verdens ende. En gang p\u00e5 1160-tallet skriver Germunda brev fra Norge til broren sin i Paris. Hun legger ved et isbj\u00f8rnskinn og en hvalrosstann, det er det aller fineste som er \u00e5 f\u00e5 tak i der hun bor. Bare \u00e9n ting vil hun ha i gjengjeld &#8211; det hun \u00f8nsker seg mer enn noe annet: Litt kanel og nellik for \u00e5 sette smak til den umulige maten hun f\u00e5r \u00e5 spise her oppe i is\u00f8det. <\/p>\n<p>Krydder er i utgangspunktet noe av det mest lokale som finnes. Likevel har disse sjeldne, forunderlige vekstene blitt verdenshistoriens mest utbredte handelsvarer: En kilde til globalisering og imperiebygging, kontakt og konflikt. Berg f\u00f8lger krydderets tr\u00e5der tilbake til jordas urhistorie og demonstrerer sammenhengen mellom krydderet og den vestlige kolonialiseringen av verden fra senmiddelalderen til i dag. Han viser hvordan krydderplantene har styrt handelsruter, kulturutvikling og \u00f8konomi, og forteller krydderets ukjente historie i dag, hvor plantene har blitt internasjonal jordbruksvare, l\u00f8srevet fra de unike opphavsstedene. <\/p>\n<p>Thomas Reinertsen Berg vant Brageprisen for sin debutbok Verdensteater. N\u00e5 er han tilbake med nok et blikk p\u00e5 verdenshistorien fra et annerledes, forbausende og fascinerende perspektiv.<\/p>\n","protected":false},"excerpt":{"rendered":"<p>Hun er engelsk, hun har giftet seg med en rik mann, hun har havnet ved verdens ende. En gang p\u00e5 1160-tallet skriver Germunda brev fra Norge til broren sin i Paris. Hun legger ved et isbj\u00f8rnskinn og en hvalrosstann, det er det aller fineste som er \u00e5 f\u00e5 tak i der hun bor. Bare \u00e9n [&hellip;]<\/p>\n","protected":false},"featured_media":26411,"template":"","meta":{"_acf_changed":false,"inline_featured_image":false},"product_brand":[],"product_cat":[1781],"product_tag":[362,630,361],"class_list":{"0":"post-20291","1":"product","2":"type-product","3":"status-publish","4":"has-post-thumbnail","6":"product_cat-rabattkodekampanje","7":"product_tag-faglitteratur","8":"product_tag-krydder","9":"product_tag-kulturhistorie","11":"first","12":"instock","13":"shipping-taxable","14":"purchasable","15":"product-type-simple"},"acf":{"anmeldelse":[{"tekst_anmeldelser":"\u00abOgs\u00e5 denne gang er han en mester i \u00e5 samle tr\u00e5der i et imponerende materiale og gj\u00f8re det til en fryd \u00e5 lese.\u00bb","av_anmeldelser":"Tore Linn\u00e9 Eriksen","terningkast":false,"kilde":"Klassekampen"},{"tekst_anmeldelser":"\u00abThomas Reinertsen Berg [...] driver fagformidling p\u00e5 sitt beste. [...] Med nellik og muskat, ingef\u00e6r og kardemomme, pepper og kanel skriver Berg en koloni- og handelshistorie p\u00e5 mest interessante vis.\u00bb","av_anmeldelser":"Henning H. W\u00e6rp","terningkast":false,"kilde":"Aftenposten"},{"tekst_anmeldelser":"\u00ab Duftene av krydder, matretter og stimulerende kremer, for ikke \u00e5 snakke om stanken av sj\u00f8slag og handelskonflikter, stiger opp fra sidene. Det er medrivende lesning.\u00bb","av_anmeldelser":"Marius Wulfsberg","terningkast":"<i class=\"fa-solid fa-dice-five\"><\/i>","kilde":"Dagbladet"}]},"yoast_head":"<!-- This site is optimized with the Yoast SEO plugin v26.6 - https:\/\/yoast.com\/wordpress\/plugins\/seo\/ -->\n<title>Til verdens ende - Forlaget Press<\/title>\n<meta name=\"robots\" content=\"noindex, follow, max-snippet:-1, max-image-preview:large, max-video-preview:-1\" \/>\n<meta property=\"og:locale\" content=\"nb_NO\" \/>\n<meta property=\"og:type\" content=\"article\" \/>\n<meta property=\"og:title\" content=\"Til verdens ende - Forlaget Press\" \/>\n<meta property=\"og:description\" content=\"Hun er engelsk, hun har giftet seg med en rik mann, hun har havnet ved verdens ende. En gang p\u00e5 1160-tallet skriver Germunda brev fra Norge til broren sin i Paris. Hun legger ved et isbj\u00f8rnskinn og en hvalrosstann, det er det aller fineste som er \u00e5 f\u00e5 tak i der hun bor. Bare \u00e9n [&hellip;]\" \/>\n<meta property=\"og:url\" content=\"https:\/\/staging.forenteforlag.no\/forlaget\/produkt\/til-verdens-ende-2\/\" \/>\n<meta property=\"og:site_name\" content=\"Forlaget Press\" \/>\n<meta property=\"article:publisher\" content=\"https:\/\/www.facebook.com\/Forlagetpress\" \/>\n<meta property=\"article:modified_time\" content=\"2026-03-04T12:50:32+00:00\" \/>\n<meta property=\"og:image\" content=\"https:\/\/staging.forenteforlag.no\/forlaget\/wp-content\/uploads\/sites\/3\/2026\/02\/9788232803736.jpg\" \/>\n\t<meta property=\"og:image:width\" content=\"720\" \/>\n\t<meta property=\"og:image:height\" content=\"1018\" \/>\n\t<meta property=\"og:image:type\" content=\"image\/jpeg\" \/>\n<meta name=\"twitter:card\" content=\"summary_large_image\" \/>\n<meta name=\"twitter:label1\" content=\"Ansl. lesetid\" \/>\n\t<meta name=\"twitter:data1\" content=\"1 minutt\" \/>\n<script type=\"application\/ld+json\" class=\"yoast-schema-graph\">{\"@context\":\"https:\/\/schema.org\",\"@graph\":[{\"@type\":\"WebPage\",\"@id\":\"https:\/\/staging.forenteforlag.no\/forlaget\/produkt\/til-verdens-ende-2\/\",\"url\":\"https:\/\/staging.forenteforlag.no\/forlaget\/produkt\/til-verdens-ende-2\/\",\"name\":\"Til verdens ende - Forlaget Press\",\"isPartOf\":{\"@id\":\"https:\/\/staging.forenteforlag.no\/forlaget\/#website\"},\"primaryImageOfPage\":{\"@id\":\"https:\/\/staging.forenteforlag.no\/forlaget\/produkt\/til-verdens-ende-2\/#primaryimage\"},\"image\":{\"@id\":\"https:\/\/staging.forenteforlag.no\/forlaget\/produkt\/til-verdens-ende-2\/#primaryimage\"},\"thumbnailUrl\":\"https:\/\/staging.forenteforlag.no\/forlaget\/wp-content\/uploads\/sites\/3\/2026\/02\/9788232803736.jpg\",\"datePublished\":\"2021-10-22T00:00:00+00:00\",\"dateModified\":\"2026-03-04T12:50:32+00:00\",\"breadcrumb\":{\"@id\":\"https:\/\/staging.forenteforlag.no\/forlaget\/produkt\/til-verdens-ende-2\/#breadcrumb\"},\"inLanguage\":\"nb-NO\",\"potentialAction\":[{\"@type\":\"ReadAction\",\"target\":[\"https:\/\/staging.forenteforlag.no\/forlaget\/produkt\/til-verdens-ende-2\/\"]}]},{\"@type\":\"ImageObject\",\"inLanguage\":\"nb-NO\",\"@id\":\"https:\/\/staging.forenteforlag.no\/forlaget\/produkt\/til-verdens-ende-2\/#primaryimage\",\"url\":\"https:\/\/staging.forenteforlag.no\/forlaget\/wp-content\/uploads\/sites\/3\/2026\/02\/9788232803736.jpg\",\"contentUrl\":\"https:\/\/staging.forenteforlag.no\/forlaget\/wp-content\/uploads\/sites\/3\/2026\/02\/9788232803736.jpg\",\"width\":720,\"height\":1018},{\"@type\":\"BreadcrumbList\",\"@id\":\"https:\/\/staging.forenteforlag.no\/forlaget\/produkt\/til-verdens-ende-2\/#breadcrumb\",\"itemListElement\":[{\"@type\":\"ListItem\",\"position\":1,\"name\":\"Hjem\",\"item\":\"https:\/\/staging.forenteforlag.no\/forlaget\/\"},{\"@type\":\"ListItem\",\"position\":2,\"name\":\"Alle b\u00f8ker\",\"item\":\"https:\/\/staging.forenteforlag.no\/forlaget\/butikk\/\"},{\"@type\":\"ListItem\",\"position\":3,\"name\":\"Til verdens ende\"}]},{\"@type\":\"WebSite\",\"@id\":\"https:\/\/staging.forenteforlag.no\/forlaget\/#website\",\"url\":\"https:\/\/staging.forenteforlag.no\/forlaget\/\",\"name\":\"Forlaget Press\",\"description\":\"\",\"publisher\":{\"@id\":\"https:\/\/staging.forenteforlag.no\/forlaget\/#organization\"},\"potentialAction\":[{\"@type\":\"SearchAction\",\"target\":{\"@type\":\"EntryPoint\",\"urlTemplate\":\"https:\/\/staging.forenteforlag.no\/forlaget\/?s={search_term_string}\"},\"query-input\":{\"@type\":\"PropertyValueSpecification\",\"valueRequired\":true,\"valueName\":\"search_term_string\"}}],\"inLanguage\":\"nb-NO\"},{\"@type\":\"Organization\",\"@id\":\"https:\/\/staging.forenteforlag.no\/forlaget\/#organization\",\"name\":\"Forlaget Press\",\"url\":\"https:\/\/staging.forenteforlag.no\/forlaget\/\",\"logo\":{\"@type\":\"ImageObject\",\"inLanguage\":\"nb-NO\",\"@id\":\"https:\/\/staging.forenteforlag.no\/forlaget\/#\/schema\/logo\/image\/\",\"url\":\"https:\/\/staging.forenteforlag.no\/forlaget\/wp-content\/uploads\/sites\/3\/2024\/09\/Press_logo.svg\",\"contentUrl\":\"https:\/\/staging.forenteforlag.no\/forlaget\/wp-content\/uploads\/sites\/3\/2024\/09\/Press_logo.svg\",\"width\":100,\"height\":100,\"caption\":\"Forlaget Press\"},\"image\":{\"@id\":\"https:\/\/staging.forenteforlag.no\/forlaget\/#\/schema\/logo\/image\/\"},\"sameAs\":[\"https:\/\/www.facebook.com\/Forlagetpress\"]}]}<\/script>\n<!-- \/ Yoast SEO plugin. -->","yoast_head_json":{"title":"Til verdens ende - Forlaget Press","robots":{"index":"noindex","follow":"follow","max-snippet":"max-snippet:-1","max-image-preview":"max-image-preview:large","max-video-preview":"max-video-preview:-1"},"og_locale":"nb_NO","og_type":"article","og_title":"Til verdens ende - Forlaget Press","og_description":"Hun er engelsk, hun har giftet seg med en rik mann, hun har havnet ved verdens ende. En gang p\u00e5 1160-tallet skriver Germunda brev fra Norge til broren sin i Paris. Hun legger ved et isbj\u00f8rnskinn og en hvalrosstann, det er det aller fineste som er \u00e5 f\u00e5 tak i der hun bor. Bare \u00e9n [&hellip;]","og_url":"https:\/\/staging.forenteforlag.no\/forlaget\/produkt\/til-verdens-ende-2\/","og_site_name":"Forlaget Press","article_publisher":"https:\/\/www.facebook.com\/Forlagetpress","article_modified_time":"2026-03-04T12:50:32+00:00","og_image":[{"width":720,"height":1018,"url":"https:\/\/staging.forenteforlag.no\/forlaget\/wp-content\/uploads\/sites\/3\/2026\/02\/9788232803736.jpg","type":"image\/jpeg"}],"twitter_card":"summary_large_image","twitter_misc":{"Ansl. lesetid":"1 minutt"},"schema":{"@context":"https:\/\/schema.org","@graph":[{"@type":"WebPage","@id":"https:\/\/staging.forenteforlag.no\/forlaget\/produkt\/til-verdens-ende-2\/","url":"https:\/\/staging.forenteforlag.no\/forlaget\/produkt\/til-verdens-ende-2\/","name":"Til verdens ende - Forlaget Press","isPartOf":{"@id":"https:\/\/staging.forenteforlag.no\/forlaget\/#website"},"primaryImageOfPage":{"@id":"https:\/\/staging.forenteforlag.no\/forlaget\/produkt\/til-verdens-ende-2\/#primaryimage"},"image":{"@id":"https:\/\/staging.forenteforlag.no\/forlaget\/produkt\/til-verdens-ende-2\/#primaryimage"},"thumbnailUrl":"https:\/\/staging.forenteforlag.no\/forlaget\/wp-content\/uploads\/sites\/3\/2026\/02\/9788232803736.jpg","datePublished":"2021-10-22T00:00:00+00:00","dateModified":"2026-03-04T12:50:32+00:00","breadcrumb":{"@id":"https:\/\/staging.forenteforlag.no\/forlaget\/produkt\/til-verdens-ende-2\/#breadcrumb"},"inLanguage":"nb-NO","potentialAction":[{"@type":"ReadAction","target":["https:\/\/staging.forenteforlag.no\/forlaget\/produkt\/til-verdens-ende-2\/"]}]},{"@type":"ImageObject","inLanguage":"nb-NO","@id":"https:\/\/staging.forenteforlag.no\/forlaget\/produkt\/til-verdens-ende-2\/#primaryimage","url":"https:\/\/staging.forenteforlag.no\/forlaget\/wp-content\/uploads\/sites\/3\/2026\/02\/9788232803736.jpg","contentUrl":"https:\/\/staging.forenteforlag.no\/forlaget\/wp-content\/uploads\/sites\/3\/2026\/02\/9788232803736.jpg","width":720,"height":1018},{"@type":"BreadcrumbList","@id":"https:\/\/staging.forenteforlag.no\/forlaget\/produkt\/til-verdens-ende-2\/#breadcrumb","itemListElement":[{"@type":"ListItem","position":1,"name":"Hjem","item":"https:\/\/staging.forenteforlag.no\/forlaget\/"},{"@type":"ListItem","position":2,"name":"Alle b\u00f8ker","item":"https:\/\/staging.forenteforlag.no\/forlaget\/butikk\/"},{"@type":"ListItem","position":3,"name":"Til verdens ende"}]},{"@type":"WebSite","@id":"https:\/\/staging.forenteforlag.no\/forlaget\/#website","url":"https:\/\/staging.forenteforlag.no\/forlaget\/","name":"Forlaget Press","description":"","publisher":{"@id":"https:\/\/staging.forenteforlag.no\/forlaget\/#organization"},"potentialAction":[{"@type":"SearchAction","target":{"@type":"EntryPoint","urlTemplate":"https:\/\/staging.forenteforlag.no\/forlaget\/?s={search_term_string}"},"query-input":{"@type":"PropertyValueSpecification","valueRequired":true,"valueName":"search_term_string"}}],"inLanguage":"nb-NO"},{"@type":"Organization","@id":"https:\/\/staging.forenteforlag.no\/forlaget\/#organization","name":"Forlaget Press","url":"https:\/\/staging.forenteforlag.no\/forlaget\/","logo":{"@type":"ImageObject","inLanguage":"nb-NO","@id":"https:\/\/staging.forenteforlag.no\/forlaget\/#\/schema\/logo\/image\/","url":"https:\/\/staging.forenteforlag.no\/forlaget\/wp-content\/uploads\/sites\/3\/2024\/09\/Press_logo.svg","contentUrl":"https:\/\/staging.forenteforlag.no\/forlaget\/wp-content\/uploads\/sites\/3\/2024\/09\/Press_logo.svg","width":100,"height":100,"caption":"Forlaget Press"},"image":{"@id":"https:\/\/staging.forenteforlag.no\/forlaget\/#\/schema\/logo\/image\/"},"sameAs":["https:\/\/www.facebook.com\/Forlagetpress"]}]}},"_links":{"self":[{"href":"https:\/\/staging.forenteforlag.no\/forlaget\/wp-json\/wp\/v2\/product\/20291","targetHints":{"allow":["GET"]}}],"collection":[{"href":"https:\/\/staging.forenteforlag.no\/forlaget\/wp-json\/wp\/v2\/product"}],"about":[{"href":"https:\/\/staging.forenteforlag.no\/forlaget\/wp-json\/wp\/v2\/types\/product"}],"wp:featuredmedia":[{"embeddable":true,"href":"https:\/\/staging.forenteforlag.no\/forlaget\/wp-json\/wp\/v2\/media\/26411"}],"wp:attachment":[{"href":"https:\/\/staging.forenteforlag.no\/forlaget\/wp-json\/wp\/v2\/media?parent=20291"}],"wp:term":[{"taxonomy":"product_brand","embeddable":true,"href":"https:\/\/staging.forenteforlag.no\/forlaget\/wp-json\/wp\/v2\/product_brand?post=20291"},{"taxonomy":"product_cat","embeddable":true,"href":"https:\/\/staging.forenteforlag.no\/forlaget\/wp-json\/wp\/v2\/product_cat?post=20291"},{"taxonomy":"product_tag","embeddable":true,"href":"https:\/\/staging.forenteforlag.no\/forlaget\/wp-json\/wp\/v2\/product_tag?post=20291"}],"curies":[{"name":"wp","href":"https:\/\/api.w.org\/{rel}","templated":true}]}}