{"id":20289,"date":"2021-08-13T02:00:00","date_gmt":"2021-08-13T00:00:00","guid":{"rendered":"https:\/\/forlagetpress.forenteforlag.no\/produkt\/livet-pa-landet-3\/"},"modified":"2026-03-02T16:55:08","modified_gmt":"2026-03-02T15:55:08","slug":"livet-pa-landet-3","status":"publish","type":"product","link":"https:\/\/staging.forenteforlag.no\/forlaget\/produkt\/livet-pa-landet-3\/","title":{"rendered":"Livet p\u00e5 landet"},"content":{"rendered":"<p>Livet p\u00e5 landet er historien om en arv: en arv som p\u00e5virker oss alle. <\/p>\n<p>Da James Rebanks vokste opp, var det farfaren som l\u00e6rte ham hvordan han skulle ta vare p\u00e5 land og dyr p\u00e5 gamlem\u00e5ten. Familieg\u00e5rden deres i Lake District var en del av et gammelt jordbrukslandskap, et lappeteppe av dyrket mark og enger, av beiter fylt med husdyr, og hekker som vrimlet av dyreliv. Men da James arvet g\u00e5rden, var omr\u00e5det knapt gjenkjennelig. <\/p>\n<p>Livet p\u00e5 landet forteller om hvordan landskap rundt om i verden har blitt brakt n\u00e6r kollaps, og hvordan den eldgamle rytmen av fellesskap, arbeid, v\u00e6r og vill natur har g\u00e5tt tapt. Og likevel er dette en historie om h\u00e5p: om hvordan en bonde, inspirert av fortiden, begynte \u00e5 berge et lite hj\u00f8rne av England som n\u00e5 var hans, og gjorde sitt beste for \u00e5 gjenopprette livet som hadde forsvunnet, for \u00e5 etterlate seg en arv for fremtiden.  <\/p>\n<p>K\u00e5ret til en av \u00c5rets beste b\u00f8ker 2020 i Telegraph, Financial Times, New Statesman, Independent, Observer og Daily Mail. <\/p>\n<p>\u00c5rets beste naturbok 2020 &#8211; The Sunday Times<\/p>\n","protected":false},"excerpt":{"rendered":"<p>Livet p\u00e5 landet er historien om en arv: en arv som p\u00e5virker oss alle. Da James Rebanks vokste opp, var det farfaren som l\u00e6rte ham hvordan han skulle ta vare p\u00e5 land og dyr p\u00e5 gamlem\u00e5ten. Familieg\u00e5rden deres i Lake District var en del av et gammelt jordbrukslandskap, et lappeteppe av dyrket mark og enger, [&hellip;]<\/p>\n","protected":false},"featured_media":26417,"template":"","meta":{"_acf_changed":false,"inline_featured_image":false},"product_brand":[],"product_cat":[1781],"product_tag":[362],"class_list":{"0":"post-20289","1":"product","2":"type-product","3":"status-publish","4":"has-post-thumbnail","6":"product_cat-rabattkodekampanje","7":"product_tag-faglitteratur","9":"first","10":"instock","11":"shipping-taxable","12":"purchasable","13":"product-type-simple"},"acf":{"anmeldelse":[{"tekst_anmeldelser":"\u00abRebanks har skrevet en vakker og poetisk bok, som er en fryd \u00e5 lese, der vi dukker ut og inn av hverdagslige problemstillinger og beskrivelser, til de store overordnede tankene. Det er et hardt liv, men beskrivelsen er lyrisk, til ettertanke og dette er et politisk potent verk. Det er formelig s\u00e5 jeg har storspovens intense kallelyd i \u00f8ret n\u00e5r jeg n\u00e5 legger boka fra meg.\u00bb","av_anmeldelser":"Andrew P. Kroglund","terningkast":false,"kilde":"V\u00e5rt Land"},{"tekst_anmeldelser":"\u00abJordbrukskrisa blir en kulturkrise i Rebanks' n\u00e6re, litter\u00e6re fortelling om jorda vi arver og forvalter.\u00bb","av_anmeldelser":"Karin Haugen, \u00c5rets beste b\u00f8ker","terningkast":false,"kilde":"Klassekampen"},{"tekst_anmeldelser":"\u00abJames Rebanks argumenterer overbevisende for et mer b\u00e6rekraftig landbruk.\u00bb","av_anmeldelser":"Carina Elisabeth Beddari","terningkast":false,"kilde":"Morgenbladet"},{"tekst_anmeldelser":"\u00abBiletet av bestefaren p\u00e5 traktoren brenn seg fast og dukkar opp for meg fleire gongar medan eg les, som eit visuelt uttrykk for det ideologiske utsynet i boka: Rebanks ser tilbake p\u00e5 tradisjonen med eitt godt auge, men kaster skarpe blikk inn i framtida med det andre.\u00bb","av_anmeldelser":"Eivind Myklebust","terningkast":false,"kilde":"Klassekampen"}]},"yoast_head":"<!-- This site is optimized with the Yoast SEO plugin v26.6 - https:\/\/yoast.com\/wordpress\/plugins\/seo\/ -->\n<title>Livet p\u00e5 landet - Forlaget Press<\/title>\n<meta name=\"robots\" content=\"noindex, follow, max-snippet:-1, max-image-preview:large, max-video-preview:-1\" \/>\n<meta property=\"og:locale\" content=\"nb_NO\" \/>\n<meta property=\"og:type\" content=\"article\" \/>\n<meta property=\"og:title\" content=\"Livet p\u00e5 landet - Forlaget Press\" \/>\n<meta property=\"og:description\" content=\"Livet p\u00e5 landet er historien om en arv: en arv som p\u00e5virker oss alle. Da James Rebanks vokste opp, var det farfaren som l\u00e6rte ham hvordan han skulle ta vare p\u00e5 land og dyr p\u00e5 gamlem\u00e5ten. Familieg\u00e5rden deres i Lake District var en del av et gammelt jordbrukslandskap, et lappeteppe av dyrket mark og enger, [&hellip;]\" \/>\n<meta property=\"og:url\" content=\"https:\/\/staging.forenteforlag.no\/forlaget\/produkt\/livet-pa-landet-3\/\" \/>\n<meta property=\"og:site_name\" content=\"Forlaget Press\" \/>\n<meta property=\"article:publisher\" content=\"https:\/\/www.facebook.com\/Forlagetpress\" \/>\n<meta property=\"article:modified_time\" content=\"2026-03-02T15:55:08+00:00\" \/>\n<meta property=\"og:image\" content=\"https:\/\/staging.forenteforlag.no\/forlaget\/wp-content\/uploads\/sites\/3\/2026\/02\/9788232803798.jpg\" \/>\n\t<meta property=\"og:image:width\" content=\"720\" \/>\n\t<meta property=\"og:image:height\" content=\"1062\" \/>\n\t<meta property=\"og:image:type\" content=\"image\/jpeg\" \/>\n<meta name=\"twitter:card\" content=\"summary_large_image\" \/>\n<meta name=\"twitter:label1\" content=\"Ansl. lesetid\" \/>\n\t<meta name=\"twitter:data1\" content=\"1 minutt\" \/>\n<script type=\"application\/ld+json\" class=\"yoast-schema-graph\">{\"@context\":\"https:\/\/schema.org\",\"@graph\":[{\"@type\":\"WebPage\",\"@id\":\"https:\/\/staging.forenteforlag.no\/forlaget\/produkt\/livet-pa-landet-3\/\",\"url\":\"https:\/\/staging.forenteforlag.no\/forlaget\/produkt\/livet-pa-landet-3\/\",\"name\":\"Livet p\u00e5 landet - Forlaget Press\",\"isPartOf\":{\"@id\":\"https:\/\/staging.forenteforlag.no\/forlaget\/#website\"},\"primaryImageOfPage\":{\"@id\":\"https:\/\/staging.forenteforlag.no\/forlaget\/produkt\/livet-pa-landet-3\/#primaryimage\"},\"image\":{\"@id\":\"https:\/\/staging.forenteforlag.no\/forlaget\/produkt\/livet-pa-landet-3\/#primaryimage\"},\"thumbnailUrl\":\"https:\/\/staging.forenteforlag.no\/forlaget\/wp-content\/uploads\/sites\/3\/2026\/02\/9788232803798.jpg\",\"datePublished\":\"2021-08-13T00:00:00+00:00\",\"dateModified\":\"2026-03-02T15:55:08+00:00\",\"breadcrumb\":{\"@id\":\"https:\/\/staging.forenteforlag.no\/forlaget\/produkt\/livet-pa-landet-3\/#breadcrumb\"},\"inLanguage\":\"nb-NO\",\"potentialAction\":[{\"@type\":\"ReadAction\",\"target\":[\"https:\/\/staging.forenteforlag.no\/forlaget\/produkt\/livet-pa-landet-3\/\"]}]},{\"@type\":\"ImageObject\",\"inLanguage\":\"nb-NO\",\"@id\":\"https:\/\/staging.forenteforlag.no\/forlaget\/produkt\/livet-pa-landet-3\/#primaryimage\",\"url\":\"https:\/\/staging.forenteforlag.no\/forlaget\/wp-content\/uploads\/sites\/3\/2026\/02\/9788232803798.jpg\",\"contentUrl\":\"https:\/\/staging.forenteforlag.no\/forlaget\/wp-content\/uploads\/sites\/3\/2026\/02\/9788232803798.jpg\",\"width\":720,\"height\":1062},{\"@type\":\"BreadcrumbList\",\"@id\":\"https:\/\/staging.forenteforlag.no\/forlaget\/produkt\/livet-pa-landet-3\/#breadcrumb\",\"itemListElement\":[{\"@type\":\"ListItem\",\"position\":1,\"name\":\"Hjem\",\"item\":\"https:\/\/staging.forenteforlag.no\/forlaget\/\"},{\"@type\":\"ListItem\",\"position\":2,\"name\":\"Alle b\u00f8ker\",\"item\":\"https:\/\/staging.forenteforlag.no\/forlaget\/butikk\/\"},{\"@type\":\"ListItem\",\"position\":3,\"name\":\"Livet p\u00e5 landet\"}]},{\"@type\":\"WebSite\",\"@id\":\"https:\/\/staging.forenteforlag.no\/forlaget\/#website\",\"url\":\"https:\/\/staging.forenteforlag.no\/forlaget\/\",\"name\":\"Forlaget Press\",\"description\":\"\",\"publisher\":{\"@id\":\"https:\/\/staging.forenteforlag.no\/forlaget\/#organization\"},\"potentialAction\":[{\"@type\":\"SearchAction\",\"target\":{\"@type\":\"EntryPoint\",\"urlTemplate\":\"https:\/\/staging.forenteforlag.no\/forlaget\/?s={search_term_string}\"},\"query-input\":{\"@type\":\"PropertyValueSpecification\",\"valueRequired\":true,\"valueName\":\"search_term_string\"}}],\"inLanguage\":\"nb-NO\"},{\"@type\":\"Organization\",\"@id\":\"https:\/\/staging.forenteforlag.no\/forlaget\/#organization\",\"name\":\"Forlaget Press\",\"url\":\"https:\/\/staging.forenteforlag.no\/forlaget\/\",\"logo\":{\"@type\":\"ImageObject\",\"inLanguage\":\"nb-NO\",\"@id\":\"https:\/\/staging.forenteforlag.no\/forlaget\/#\/schema\/logo\/image\/\",\"url\":\"https:\/\/staging.forenteforlag.no\/forlaget\/wp-content\/uploads\/sites\/3\/2024\/09\/Press_logo.svg\",\"contentUrl\":\"https:\/\/staging.forenteforlag.no\/forlaget\/wp-content\/uploads\/sites\/3\/2024\/09\/Press_logo.svg\",\"width\":100,\"height\":100,\"caption\":\"Forlaget Press\"},\"image\":{\"@id\":\"https:\/\/staging.forenteforlag.no\/forlaget\/#\/schema\/logo\/image\/\"},\"sameAs\":[\"https:\/\/www.facebook.com\/Forlagetpress\"]}]}<\/script>\n<!-- \/ Yoast SEO plugin. -->","yoast_head_json":{"title":"Livet p\u00e5 landet - Forlaget Press","robots":{"index":"noindex","follow":"follow","max-snippet":"max-snippet:-1","max-image-preview":"max-image-preview:large","max-video-preview":"max-video-preview:-1"},"og_locale":"nb_NO","og_type":"article","og_title":"Livet p\u00e5 landet - Forlaget Press","og_description":"Livet p\u00e5 landet er historien om en arv: en arv som p\u00e5virker oss alle. Da James Rebanks vokste opp, var det farfaren som l\u00e6rte ham hvordan han skulle ta vare p\u00e5 land og dyr p\u00e5 gamlem\u00e5ten. Familieg\u00e5rden deres i Lake District var en del av et gammelt jordbrukslandskap, et lappeteppe av dyrket mark og enger, [&hellip;]","og_url":"https:\/\/staging.forenteforlag.no\/forlaget\/produkt\/livet-pa-landet-3\/","og_site_name":"Forlaget Press","article_publisher":"https:\/\/www.facebook.com\/Forlagetpress","article_modified_time":"2026-03-02T15:55:08+00:00","og_image":[{"width":720,"height":1062,"url":"https:\/\/staging.forenteforlag.no\/forlaget\/wp-content\/uploads\/sites\/3\/2026\/02\/9788232803798.jpg","type":"image\/jpeg"}],"twitter_card":"summary_large_image","twitter_misc":{"Ansl. lesetid":"1 minutt"},"schema":{"@context":"https:\/\/schema.org","@graph":[{"@type":"WebPage","@id":"https:\/\/staging.forenteforlag.no\/forlaget\/produkt\/livet-pa-landet-3\/","url":"https:\/\/staging.forenteforlag.no\/forlaget\/produkt\/livet-pa-landet-3\/","name":"Livet p\u00e5 landet - Forlaget Press","isPartOf":{"@id":"https:\/\/staging.forenteforlag.no\/forlaget\/#website"},"primaryImageOfPage":{"@id":"https:\/\/staging.forenteforlag.no\/forlaget\/produkt\/livet-pa-landet-3\/#primaryimage"},"image":{"@id":"https:\/\/staging.forenteforlag.no\/forlaget\/produkt\/livet-pa-landet-3\/#primaryimage"},"thumbnailUrl":"https:\/\/staging.forenteforlag.no\/forlaget\/wp-content\/uploads\/sites\/3\/2026\/02\/9788232803798.jpg","datePublished":"2021-08-13T00:00:00+00:00","dateModified":"2026-03-02T15:55:08+00:00","breadcrumb":{"@id":"https:\/\/staging.forenteforlag.no\/forlaget\/produkt\/livet-pa-landet-3\/#breadcrumb"},"inLanguage":"nb-NO","potentialAction":[{"@type":"ReadAction","target":["https:\/\/staging.forenteforlag.no\/forlaget\/produkt\/livet-pa-landet-3\/"]}]},{"@type":"ImageObject","inLanguage":"nb-NO","@id":"https:\/\/staging.forenteforlag.no\/forlaget\/produkt\/livet-pa-landet-3\/#primaryimage","url":"https:\/\/staging.forenteforlag.no\/forlaget\/wp-content\/uploads\/sites\/3\/2026\/02\/9788232803798.jpg","contentUrl":"https:\/\/staging.forenteforlag.no\/forlaget\/wp-content\/uploads\/sites\/3\/2026\/02\/9788232803798.jpg","width":720,"height":1062},{"@type":"BreadcrumbList","@id":"https:\/\/staging.forenteforlag.no\/forlaget\/produkt\/livet-pa-landet-3\/#breadcrumb","itemListElement":[{"@type":"ListItem","position":1,"name":"Hjem","item":"https:\/\/staging.forenteforlag.no\/forlaget\/"},{"@type":"ListItem","position":2,"name":"Alle b\u00f8ker","item":"https:\/\/staging.forenteforlag.no\/forlaget\/butikk\/"},{"@type":"ListItem","position":3,"name":"Livet p\u00e5 landet"}]},{"@type":"WebSite","@id":"https:\/\/staging.forenteforlag.no\/forlaget\/#website","url":"https:\/\/staging.forenteforlag.no\/forlaget\/","name":"Forlaget Press","description":"","publisher":{"@id":"https:\/\/staging.forenteforlag.no\/forlaget\/#organization"},"potentialAction":[{"@type":"SearchAction","target":{"@type":"EntryPoint","urlTemplate":"https:\/\/staging.forenteforlag.no\/forlaget\/?s={search_term_string}"},"query-input":{"@type":"PropertyValueSpecification","valueRequired":true,"valueName":"search_term_string"}}],"inLanguage":"nb-NO"},{"@type":"Organization","@id":"https:\/\/staging.forenteforlag.no\/forlaget\/#organization","name":"Forlaget Press","url":"https:\/\/staging.forenteforlag.no\/forlaget\/","logo":{"@type":"ImageObject","inLanguage":"nb-NO","@id":"https:\/\/staging.forenteforlag.no\/forlaget\/#\/schema\/logo\/image\/","url":"https:\/\/staging.forenteforlag.no\/forlaget\/wp-content\/uploads\/sites\/3\/2024\/09\/Press_logo.svg","contentUrl":"https:\/\/staging.forenteforlag.no\/forlaget\/wp-content\/uploads\/sites\/3\/2024\/09\/Press_logo.svg","width":100,"height":100,"caption":"Forlaget Press"},"image":{"@id":"https:\/\/staging.forenteforlag.no\/forlaget\/#\/schema\/logo\/image\/"},"sameAs":["https:\/\/www.facebook.com\/Forlagetpress"]}]}},"_links":{"self":[{"href":"https:\/\/staging.forenteforlag.no\/forlaget\/wp-json\/wp\/v2\/product\/20289","targetHints":{"allow":["GET"]}}],"collection":[{"href":"https:\/\/staging.forenteforlag.no\/forlaget\/wp-json\/wp\/v2\/product"}],"about":[{"href":"https:\/\/staging.forenteforlag.no\/forlaget\/wp-json\/wp\/v2\/types\/product"}],"wp:featuredmedia":[{"embeddable":true,"href":"https:\/\/staging.forenteforlag.no\/forlaget\/wp-json\/wp\/v2\/media\/26417"}],"wp:attachment":[{"href":"https:\/\/staging.forenteforlag.no\/forlaget\/wp-json\/wp\/v2\/media?parent=20289"}],"wp:term":[{"taxonomy":"product_brand","embeddable":true,"href":"https:\/\/staging.forenteforlag.no\/forlaget\/wp-json\/wp\/v2\/product_brand?post=20289"},{"taxonomy":"product_cat","embeddable":true,"href":"https:\/\/staging.forenteforlag.no\/forlaget\/wp-json\/wp\/v2\/product_cat?post=20289"},{"taxonomy":"product_tag","embeddable":true,"href":"https:\/\/staging.forenteforlag.no\/forlaget\/wp-json\/wp\/v2\/product_tag?post=20289"}],"curies":[{"name":"wp","href":"https:\/\/api.w.org\/{rel}","templated":true}]}}