{"id":20287,"date":"2022-09-27T02:00:00","date_gmt":"2022-09-27T00:00:00","guid":{"rendered":"https:\/\/forlagetpress.forenteforlag.no\/produkt\/dodsmarkene-2\/"},"modified":"2026-03-04T13:58:16","modified_gmt":"2026-03-04T12:58:16","slug":"dodsmarkene-2","status":"publish","type":"product","link":"https:\/\/staging.forenteforlag.no\/forlaget\/produkt\/dodsmarkene-2\/","title":{"rendered":"D\u00f8dsmarkene"},"content":{"rendered":"<p>Forfatteren av den internasjonale bestselgeren Om Tyranni, gir oss i denne boken den definitive historien om Hitlers og Stalins massedrapspolitikk &#8211; som forklarer hvorfor Ukraina har v\u00e6rt i sentrum av vestlig historie det siste \u00e5rhundret.   <\/p>\n<p>\u00abD\u00f8dsmarkene\u00bb er betegnelsen p\u00e5 omr\u00e5det mellom Berlin og Moskva. Her, midt i Europa, midt i det 20. \u00e5rhundret, drepte nazistene og det sovjetiske regimet til sammen 14 millioner sivile. Etter andre verdenskrig ble historiene om disse massedrapene skjult bak jernteppet.  <\/p>\n<p>En av verdens ledende historikere, Timothy Snyder, viser p\u00e5 en ny og original m\u00e5te sammenhengen mellom Hitlers holocaust og Stalins terror. Gripende fortalt gjennom brev, dagb\u00f8ker og notater funnet p\u00e5 ofrene avdekkes glemte episoder fra regimenes massedrap.   <\/p>\n<p>Med et nytt etterord som tar for seg relevansen av disse hendelsene for det moderne demokratiets tilbakegang, er D\u00f8dsmarkene helt n\u00f8dvendig lesning for alle som \u00f8nsker \u00e5 forst\u00e5 den sentrale tragedien i moderne historie og dens betydning i dag.<\/p>\n","protected":false},"excerpt":{"rendered":"<p>Forfatteren av den internasjonale bestselgeren Om Tyranni, gir oss i denne boken den definitive historien om Hitlers og Stalins massedrapspolitikk &#8211; som forklarer hvorfor Ukraina har v\u00e6rt i sentrum av vestlig historie det siste \u00e5rhundret. \u00abD\u00f8dsmarkene\u00bb er betegnelsen p\u00e5 omr\u00e5det mellom Berlin og Moskva. Her, midt i Europa, midt i det 20. \u00e5rhundret, drepte nazistene [&hellip;]<\/p>\n","protected":false},"featured_media":26497,"template":"","meta":{"_acf_changed":false,"inline_featured_image":false},"product_brand":[],"product_cat":[1781],"product_tag":[407,405,482,362,481],"class_list":{"0":"post-20287","1":"product","2":"type-product","3":"status-publish","4":"has-post-thumbnail","6":"product_cat-rabattkodekampanje","7":"product_tag-1939-1945","8":"product_tag-andre-verdenskrig","9":"product_tag-europa","10":"product_tag-faglitteratur","11":"product_tag-krigsforbrytelser","13":"first","14":"instock","15":"shipping-taxable","16":"purchasable","17":"product-type-simple"},"acf":{"anmeldelse":[{"tekst_anmeldelser":"\u00abEn fantastisk og opprivende historie.\u00bb","av_anmeldelser":"","terningkast":false,"kilde":"Financial Times"},{"tekst_anmeldelser":"\u00abSnyder ... tvinger oss til \u00e5 se direkte p\u00e5 hele spekteret av \u00f8deleggelser beg\u00e5tt f\u00f8rst av Stalins regime og deretter av Hitlers rike .... En omfattende og veltalende beretning.\u00bb","av_anmeldelser":"","terningkast":false,"kilde":"New York Times Book Review"},{"tekst_anmeldelser":"\u00abEt magisterarbeid... Snyders beretning er engasjerende, encyklopedisk.\u00bb","av_anmeldelser":"","terningkast":false,"kilde":"Foreign Affairs"},{"tekst_anmeldelser":"\u00abEt suverent vitenskapelig arbeid, fullt av avsl\u00f8rende detaljer, smart kompilert ... og p\u00e5 steder vakkert skrevet ... Snyder yter rettferdighet til grusomheten til emnet sitt gjennom kraften i historiefortelling.\u00bb","av_anmeldelser":"","terningkast":false,"kilde":"The Sunday Times"},{"tekst_anmeldelser":"\u00abEn oppsiktsvekkende nytolkning av perioden ... en fantastisk bok.\u00bb","av_anmeldelser":"","terningkast":false,"kilde":"New Yorker"},{"tekst_anmeldelser":"\u00abGenuint knusende... Jeg har aldri sett en bok som den.\u00bb","av_anmeldelser":"","terningkast":false,"kilde":"New Republic"},{"tekst_anmeldelser":"\u00abD\u00f8dsmarkene er uten sammenligning den mest brutale, den dypest rystende og mest gripende framstilling jeg har lest av europeisk historie fra mellomkrigstid og Den andre verdenskrigen.\u00bb","av_anmeldelser":"Leif Ekle","terningkast":false,"kilde":"NRK"},{"tekst_anmeldelser":"\u00abGripende og omfattende .... Mr. Snyders bok er revisjonistisk historie av beste slag: i ledig, tett argumenterende prosa, med nitid bruk av statistikk, f\u00e5r han leseren til \u00e5 revurdere noen av de mest kjente episodene i Europas moderne historie.\u00bb","av_anmeldelser":"","terningkast":false,"kilde":"Economist"},{"tekst_anmeldelser":"","av_anmeldelser":"","terningkast":false,"kilde":""}]},"yoast_head":"<!-- This site is optimized with the Yoast SEO plugin v26.6 - https:\/\/yoast.com\/wordpress\/plugins\/seo\/ -->\n<title>D\u00f8dsmarkene - Forlaget Press<\/title>\n<meta name=\"robots\" content=\"noindex, follow, max-snippet:-1, max-image-preview:large, max-video-preview:-1\" \/>\n<meta property=\"og:locale\" content=\"nb_NO\" \/>\n<meta property=\"og:type\" content=\"article\" \/>\n<meta property=\"og:title\" content=\"D\u00f8dsmarkene - Forlaget Press\" \/>\n<meta property=\"og:description\" content=\"Forfatteren av den internasjonale bestselgeren Om Tyranni, gir oss i denne boken den definitive historien om Hitlers og Stalins massedrapspolitikk &#8211; som forklarer hvorfor Ukraina har v\u00e6rt i sentrum av vestlig historie det siste \u00e5rhundret. \u00abD\u00f8dsmarkene\u00bb er betegnelsen p\u00e5 omr\u00e5det mellom Berlin og Moskva. Her, midt i Europa, midt i det 20. \u00e5rhundret, drepte nazistene [&hellip;]\" \/>\n<meta property=\"og:url\" content=\"https:\/\/staging.forenteforlag.no\/forlaget\/produkt\/dodsmarkene-2\/\" \/>\n<meta property=\"og:site_name\" content=\"Forlaget Press\" \/>\n<meta property=\"article:publisher\" content=\"https:\/\/www.facebook.com\/Forlagetpress\" \/>\n<meta property=\"article:modified_time\" content=\"2026-03-04T12:58:16+00:00\" \/>\n<meta property=\"og:image\" content=\"https:\/\/staging.forenteforlag.no\/forlaget\/wp-content\/uploads\/sites\/3\/2026\/02\/9788232805105.jpg\" \/>\n\t<meta property=\"og:image:width\" content=\"720\" \/>\n\t<meta property=\"og:image:height\" content=\"1059\" \/>\n\t<meta property=\"og:image:type\" content=\"image\/jpeg\" \/>\n<meta name=\"twitter:card\" content=\"summary_large_image\" \/>\n<meta name=\"twitter:label1\" content=\"Ansl. lesetid\" \/>\n\t<meta name=\"twitter:data1\" content=\"1 minutt\" \/>\n<script type=\"application\/ld+json\" class=\"yoast-schema-graph\">{\"@context\":\"https:\/\/schema.org\",\"@graph\":[{\"@type\":\"WebPage\",\"@id\":\"https:\/\/staging.forenteforlag.no\/forlaget\/produkt\/dodsmarkene-2\/\",\"url\":\"https:\/\/staging.forenteforlag.no\/forlaget\/produkt\/dodsmarkene-2\/\",\"name\":\"D\u00f8dsmarkene - Forlaget Press\",\"isPartOf\":{\"@id\":\"https:\/\/staging.forenteforlag.no\/forlaget\/#website\"},\"primaryImageOfPage\":{\"@id\":\"https:\/\/staging.forenteforlag.no\/forlaget\/produkt\/dodsmarkene-2\/#primaryimage\"},\"image\":{\"@id\":\"https:\/\/staging.forenteforlag.no\/forlaget\/produkt\/dodsmarkene-2\/#primaryimage\"},\"thumbnailUrl\":\"https:\/\/staging.forenteforlag.no\/forlaget\/wp-content\/uploads\/sites\/3\/2026\/02\/9788232805105.jpg\",\"datePublished\":\"2022-09-27T00:00:00+00:00\",\"dateModified\":\"2026-03-04T12:58:16+00:00\",\"breadcrumb\":{\"@id\":\"https:\/\/staging.forenteforlag.no\/forlaget\/produkt\/dodsmarkene-2\/#breadcrumb\"},\"inLanguage\":\"nb-NO\",\"potentialAction\":[{\"@type\":\"ReadAction\",\"target\":[\"https:\/\/staging.forenteforlag.no\/forlaget\/produkt\/dodsmarkene-2\/\"]}]},{\"@type\":\"ImageObject\",\"inLanguage\":\"nb-NO\",\"@id\":\"https:\/\/staging.forenteforlag.no\/forlaget\/produkt\/dodsmarkene-2\/#primaryimage\",\"url\":\"https:\/\/staging.forenteforlag.no\/forlaget\/wp-content\/uploads\/sites\/3\/2026\/02\/9788232805105.jpg\",\"contentUrl\":\"https:\/\/staging.forenteforlag.no\/forlaget\/wp-content\/uploads\/sites\/3\/2026\/02\/9788232805105.jpg\",\"width\":720,\"height\":1059},{\"@type\":\"BreadcrumbList\",\"@id\":\"https:\/\/staging.forenteforlag.no\/forlaget\/produkt\/dodsmarkene-2\/#breadcrumb\",\"itemListElement\":[{\"@type\":\"ListItem\",\"position\":1,\"name\":\"Hjem\",\"item\":\"https:\/\/staging.forenteforlag.no\/forlaget\/\"},{\"@type\":\"ListItem\",\"position\":2,\"name\":\"Alle b\u00f8ker\",\"item\":\"https:\/\/staging.forenteforlag.no\/forlaget\/butikk\/\"},{\"@type\":\"ListItem\",\"position\":3,\"name\":\"D\u00f8dsmarkene\"}]},{\"@type\":\"WebSite\",\"@id\":\"https:\/\/staging.forenteforlag.no\/forlaget\/#website\",\"url\":\"https:\/\/staging.forenteforlag.no\/forlaget\/\",\"name\":\"Forlaget Press\",\"description\":\"\",\"publisher\":{\"@id\":\"https:\/\/staging.forenteforlag.no\/forlaget\/#organization\"},\"potentialAction\":[{\"@type\":\"SearchAction\",\"target\":{\"@type\":\"EntryPoint\",\"urlTemplate\":\"https:\/\/staging.forenteforlag.no\/forlaget\/?s={search_term_string}\"},\"query-input\":{\"@type\":\"PropertyValueSpecification\",\"valueRequired\":true,\"valueName\":\"search_term_string\"}}],\"inLanguage\":\"nb-NO\"},{\"@type\":\"Organization\",\"@id\":\"https:\/\/staging.forenteforlag.no\/forlaget\/#organization\",\"name\":\"Forlaget Press\",\"url\":\"https:\/\/staging.forenteforlag.no\/forlaget\/\",\"logo\":{\"@type\":\"ImageObject\",\"inLanguage\":\"nb-NO\",\"@id\":\"https:\/\/staging.forenteforlag.no\/forlaget\/#\/schema\/logo\/image\/\",\"url\":\"https:\/\/staging.forenteforlag.no\/forlaget\/wp-content\/uploads\/sites\/3\/2024\/09\/Press_logo.svg\",\"contentUrl\":\"https:\/\/staging.forenteforlag.no\/forlaget\/wp-content\/uploads\/sites\/3\/2024\/09\/Press_logo.svg\",\"width\":100,\"height\":100,\"caption\":\"Forlaget Press\"},\"image\":{\"@id\":\"https:\/\/staging.forenteforlag.no\/forlaget\/#\/schema\/logo\/image\/\"},\"sameAs\":[\"https:\/\/www.facebook.com\/Forlagetpress\"]}]}<\/script>\n<!-- \/ Yoast SEO plugin. -->","yoast_head_json":{"title":"D\u00f8dsmarkene - Forlaget Press","robots":{"index":"noindex","follow":"follow","max-snippet":"max-snippet:-1","max-image-preview":"max-image-preview:large","max-video-preview":"max-video-preview:-1"},"og_locale":"nb_NO","og_type":"article","og_title":"D\u00f8dsmarkene - Forlaget Press","og_description":"Forfatteren av den internasjonale bestselgeren Om Tyranni, gir oss i denne boken den definitive historien om Hitlers og Stalins massedrapspolitikk &#8211; som forklarer hvorfor Ukraina har v\u00e6rt i sentrum av vestlig historie det siste \u00e5rhundret. \u00abD\u00f8dsmarkene\u00bb er betegnelsen p\u00e5 omr\u00e5det mellom Berlin og Moskva. Her, midt i Europa, midt i det 20. \u00e5rhundret, drepte nazistene [&hellip;]","og_url":"https:\/\/staging.forenteforlag.no\/forlaget\/produkt\/dodsmarkene-2\/","og_site_name":"Forlaget Press","article_publisher":"https:\/\/www.facebook.com\/Forlagetpress","article_modified_time":"2026-03-04T12:58:16+00:00","og_image":[{"width":720,"height":1059,"url":"https:\/\/staging.forenteforlag.no\/forlaget\/wp-content\/uploads\/sites\/3\/2026\/02\/9788232805105.jpg","type":"image\/jpeg"}],"twitter_card":"summary_large_image","twitter_misc":{"Ansl. lesetid":"1 minutt"},"schema":{"@context":"https:\/\/schema.org","@graph":[{"@type":"WebPage","@id":"https:\/\/staging.forenteforlag.no\/forlaget\/produkt\/dodsmarkene-2\/","url":"https:\/\/staging.forenteforlag.no\/forlaget\/produkt\/dodsmarkene-2\/","name":"D\u00f8dsmarkene - Forlaget Press","isPartOf":{"@id":"https:\/\/staging.forenteforlag.no\/forlaget\/#website"},"primaryImageOfPage":{"@id":"https:\/\/staging.forenteforlag.no\/forlaget\/produkt\/dodsmarkene-2\/#primaryimage"},"image":{"@id":"https:\/\/staging.forenteforlag.no\/forlaget\/produkt\/dodsmarkene-2\/#primaryimage"},"thumbnailUrl":"https:\/\/staging.forenteforlag.no\/forlaget\/wp-content\/uploads\/sites\/3\/2026\/02\/9788232805105.jpg","datePublished":"2022-09-27T00:00:00+00:00","dateModified":"2026-03-04T12:58:16+00:00","breadcrumb":{"@id":"https:\/\/staging.forenteforlag.no\/forlaget\/produkt\/dodsmarkene-2\/#breadcrumb"},"inLanguage":"nb-NO","potentialAction":[{"@type":"ReadAction","target":["https:\/\/staging.forenteforlag.no\/forlaget\/produkt\/dodsmarkene-2\/"]}]},{"@type":"ImageObject","inLanguage":"nb-NO","@id":"https:\/\/staging.forenteforlag.no\/forlaget\/produkt\/dodsmarkene-2\/#primaryimage","url":"https:\/\/staging.forenteforlag.no\/forlaget\/wp-content\/uploads\/sites\/3\/2026\/02\/9788232805105.jpg","contentUrl":"https:\/\/staging.forenteforlag.no\/forlaget\/wp-content\/uploads\/sites\/3\/2026\/02\/9788232805105.jpg","width":720,"height":1059},{"@type":"BreadcrumbList","@id":"https:\/\/staging.forenteforlag.no\/forlaget\/produkt\/dodsmarkene-2\/#breadcrumb","itemListElement":[{"@type":"ListItem","position":1,"name":"Hjem","item":"https:\/\/staging.forenteforlag.no\/forlaget\/"},{"@type":"ListItem","position":2,"name":"Alle b\u00f8ker","item":"https:\/\/staging.forenteforlag.no\/forlaget\/butikk\/"},{"@type":"ListItem","position":3,"name":"D\u00f8dsmarkene"}]},{"@type":"WebSite","@id":"https:\/\/staging.forenteforlag.no\/forlaget\/#website","url":"https:\/\/staging.forenteforlag.no\/forlaget\/","name":"Forlaget Press","description":"","publisher":{"@id":"https:\/\/staging.forenteforlag.no\/forlaget\/#organization"},"potentialAction":[{"@type":"SearchAction","target":{"@type":"EntryPoint","urlTemplate":"https:\/\/staging.forenteforlag.no\/forlaget\/?s={search_term_string}"},"query-input":{"@type":"PropertyValueSpecification","valueRequired":true,"valueName":"search_term_string"}}],"inLanguage":"nb-NO"},{"@type":"Organization","@id":"https:\/\/staging.forenteforlag.no\/forlaget\/#organization","name":"Forlaget Press","url":"https:\/\/staging.forenteforlag.no\/forlaget\/","logo":{"@type":"ImageObject","inLanguage":"nb-NO","@id":"https:\/\/staging.forenteforlag.no\/forlaget\/#\/schema\/logo\/image\/","url":"https:\/\/staging.forenteforlag.no\/forlaget\/wp-content\/uploads\/sites\/3\/2024\/09\/Press_logo.svg","contentUrl":"https:\/\/staging.forenteforlag.no\/forlaget\/wp-content\/uploads\/sites\/3\/2024\/09\/Press_logo.svg","width":100,"height":100,"caption":"Forlaget Press"},"image":{"@id":"https:\/\/staging.forenteforlag.no\/forlaget\/#\/schema\/logo\/image\/"},"sameAs":["https:\/\/www.facebook.com\/Forlagetpress"]}]}},"_links":{"self":[{"href":"https:\/\/staging.forenteforlag.no\/forlaget\/wp-json\/wp\/v2\/product\/20287","targetHints":{"allow":["GET"]}}],"collection":[{"href":"https:\/\/staging.forenteforlag.no\/forlaget\/wp-json\/wp\/v2\/product"}],"about":[{"href":"https:\/\/staging.forenteforlag.no\/forlaget\/wp-json\/wp\/v2\/types\/product"}],"wp:featuredmedia":[{"embeddable":true,"href":"https:\/\/staging.forenteforlag.no\/forlaget\/wp-json\/wp\/v2\/media\/26497"}],"wp:attachment":[{"href":"https:\/\/staging.forenteforlag.no\/forlaget\/wp-json\/wp\/v2\/media?parent=20287"}],"wp:term":[{"taxonomy":"product_brand","embeddable":true,"href":"https:\/\/staging.forenteforlag.no\/forlaget\/wp-json\/wp\/v2\/product_brand?post=20287"},{"taxonomy":"product_cat","embeddable":true,"href":"https:\/\/staging.forenteforlag.no\/forlaget\/wp-json\/wp\/v2\/product_cat?post=20287"},{"taxonomy":"product_tag","embeddable":true,"href":"https:\/\/staging.forenteforlag.no\/forlaget\/wp-json\/wp\/v2\/product_tag?post=20287"}],"curies":[{"name":"wp","href":"https:\/\/api.w.org\/{rel}","templated":true}]}}